{"id":8808,"date":"2024-04-15T12:30:40","date_gmt":"2024-04-15T12:30:40","guid":{"rendered":"https:\/\/elfsight.com\/pl\/?page_id=8808"},"modified":"2024-12-25T10:58:46","modified_gmt":"2024-12-25T10:58:46","slug":"webnode","status":"publish","type":"page","link":"https:\/\/elfsight.com\/pl\/calculator-form-widget\/webnode\/","title":{"rendered":"Calculator &#8211; Webnode"},"content":{"rendered":"<div class=\"application-platform-content-item-description application-platform-content-item\" id=\"description\" data-nav-section=\"description\"><h2>Wstaw kalkulator do Webnode za pomoc\u0105 wid\u017cetu Elfsight<\/h2><p>Wid\u017cet kalkulatora daje Twoim odwiedzaj\u0105cym mo\u017cliwo\u015b\u0107 planowania koszt\u00f3w, tras podr\u00f3\u017cy, proporcji do gotowania i wielu innych rzeczy, w zale\u017cno\u015bci od Twojej bran\u017cy. Mo\u017cna doda\u0107 wymagane pola i dodatkowe opcje do tego osadzonego wid\u017cetu, aby u\u017cytkownicy mogli sprawdzi\u0107 swoje korzy\u015bci bez opuszczania strony. Logika warunkowa pozwala tworzy\u0107 uniwersalne wzorce dla ka\u017cdego scenariusza i ka\u017cdego klienta.<\/p><p>Zarz\u0105dzalne elementy, takie jak pola wyboru, suwaki i listy rozwijane, umo\u017cliwiaj\u0105 dodanie dowolnego wzorca budowania cen dla okre\u015blonych produkt\u00f3w. Na przyk\u0142ad mo\u017cesz obliczy\u0107 po\u017cyczki przy okre\u015blonym procencie na rozs\u0105dny okres czasu. Mo\u017cesz promowa\u0107 wynajem samochod\u00f3w z licznymi dodatkowymi opcjami do wyboru. Dodatkowo kalkulator jest w stanie zaplanowa\u0107 wymarzon\u0105 podr\u00f3\u017c, uwzgl\u0119dniaj\u0105c transfer, zakwaterowanie i najlepsze wycieczki.<\/p><p><b>Zapewnij swoim odwiedzaj\u0105cym idealne do\u015bwiadczenie kalkulacji, integruj\u0105c pot\u0119\u017cny wid\u017cet kalkulatora!<\/b><\/p><\/div><div class=\"application-platform-content-item-features application-platform-content-item\" id=\"features\" data-nav-section=\"features\"><h2>Sprawd\u017a list\u0119 najpot\u0119\u017cniejszych funkcji:<\/h2><ul><li>Narz\u0119dzie z prostym interfejsem, kt\u00f3re obs\u0142uguje dowolne operacje<\/li><li>Wiele opcji p\u00f3l obliczeniowych dla Twoich scenariuszy<\/li><li>Funkcja logiki warunkowej, kt\u00f3ra obejmuje nawet skomplikowane obliczenia<\/li><li>Dostosowywalne szablony do \u0142atwego rozpocz\u0119cia<\/li><li>Zintegrowane rozwi\u0105zanie, kt\u00f3re wspomaga podejmowanie decyzji<\/li><\/ul><p><a href=\"#demo\">Po prostu wypr\u00f3buj to demo, aby zrozumie\u0107 funkcjonalno\u015b\u0107 wid\u017cetu<\/a><\/p><\/div><div class=\"application-platform-content-item-installation application-platform-content-item\" id=\"installation\" data-nav-section=\"installation\"><h2>Jak mog\u0119 zainstalowa\u0107 kalkulator na mojej stronie Webnode?<\/h2><p>Po prostu wykonaj poni\u017csze wskaz\u00f3wki, aby aktywowa\u0107 wid\u017cet.<\/p><ol><li><b>U\u017cyj naszego darmowego edytora i rozpocznij budowanie swojego unikalnego pluginu.<\/b><br> Wybierz niestandardowy formularz i cechy wid\u017cetu, a nast\u0119pnie zapisz zmiany.<\/li><li><b>Odbierz unikalny kod, kt\u00f3ry pojawi si\u0119 w specjalnym formularzu na Elfsight Apps.<\/b><br> Po zako\u0144czeniu konfiguracji wid\u017cetu, skopiuj unikalny kod z okna, kt\u00f3re si\u0119 pojawi, i zachowaj go na przysz\u0142o\u015b\u0107.<\/li><li><b>Rozpocznij korzystanie z wid\u017cetu na swojej stronie Webnode.<\/b><br> Wklej skopiowany kod na swojej stronie internetowej i zapisz zmiany.<\/li><li><b>Instalacja zosta\u0142a pomy\u015blnie zako\u0144czona.<\/b><br> Odwied\u017a swoj\u0105 stron\u0119, aby sprawdzi\u0107, jak dzia\u0142a plugin.<\/li><\/ol><p>W przypadku pyta\u0144 lub trudno\u015bci, nie wahaj si\u0119 skontaktowa\u0107 z naszym zespo\u0142em wsparcia. Nasi konsultanci z ch\u0119ci\u0105 pomog\u0105 Ci rozwi\u0105za\u0107 wszelkie trudno\u015bci zwi\u0105zane z narz\u0119dziem.<\/p><\/div>","protected":false},"excerpt":{"rendered":"","protected":false},"author":9,"featured_media":0,"parent":8254,"menu_order":0,"comment_status":"closed","ping_status":"closed","template":"templates\/template-application-platform.php","meta":{"publish_to_discourse":"","publish_post_category":"","wpdc_auto_publish_overridden":"","wpdc_topic_tags":"","wpdc_pin_topic":"","wpdc_pin_until":"","discourse_post_id":"","discourse_permalink":"","wpdc_publishing_response":"","wpdc_publishing_error":"","footnotes":""},"class_list":["post-8808","page","type-page","status-publish","hentry"],"yoast_head":"<!-- This site is optimized with the Yoast SEO plugin v25.3.1 - https:\/\/yoast.com\/wordpress\/plugins\/seo\/ -->\n<title>DodajKalkulatorDoWebnode-Upro\u015b\u0107ObliczeniaNaStronach<\/title>\n<meta name=\"description\" content=\"Upro\u015b\u0107nawetskomplikowaneobliczeniabeznaszymresponsywnymKalkulatorem.KorzystajzwygodnedemoodElfsight,abystworzy\u0107pot\u0119\u017cnywidget.\" \/>\n<meta name=\"robots\" content=\"index, follow, max-snippet:-1, max-image-preview:large, max-video-preview:-1\" \/>\n<link rel=\"canonical\" href=\"https:\/\/elfsight.com\/pl\/calculator-form-widget\/webnode\/\" \/>\n<meta property=\"og:locale\" content=\"pl_PL\" \/>\n<meta property=\"og:type\" content=\"article\" \/>\n<meta property=\"og:title\" content=\"DodajKalkulatorDoWebnode-Upro\u015b\u0107ObliczeniaNaStronach\" \/>\n<meta property=\"og:description\" content=\"Upro\u015b\u0107nawetskomplikowaneobliczeniabeznaszymresponsywnymKalkulatorem.KorzystajzwygodnedemoodElfsight,abystworzy\u0107pot\u0119\u017cnywidget.\" \/>\n<meta property=\"og:url\" content=\"https:\/\/elfsight.com\/pl\/calculator-form-widget\/webnode\/\" \/>\n<meta property=\"og:site_name\" content=\"Elfsight PL\" \/>\n<meta property=\"article:modified_time\" content=\"2024-12-25T10:58:46+00:00\" \/>\n<meta name=\"twitter:card\" content=\"summary_large_image\" \/>\n<meta name=\"twitter:label1\" content=\"Szacowany czas czytania\" \/>\n\t<meta name=\"twitter:data1\" content=\"2 minuty\" \/>\n<!-- \/ Yoast SEO plugin. -->","yoast_head_json":{"title":"DodajKalkulatorDoWebnode-Upro\u015b\u0107ObliczeniaNaStronach","description":"Upro\u015b\u0107nawetskomplikowaneobliczeniabeznaszymresponsywnymKalkulatorem.KorzystajzwygodnedemoodElfsight,abystworzy\u0107pot\u0119\u017cnywidget.","robots":{"index":"index","follow":"follow","max-snippet":"max-snippet:-1","max-image-preview":"max-image-preview:large","max-video-preview":"max-video-preview:-1"},"canonical":"https:\/\/elfsight.com\/pl\/calculator-form-widget\/webnode\/","og_locale":"pl_PL","og_type":"article","og_title":"DodajKalkulatorDoWebnode-Upro\u015b\u0107ObliczeniaNaStronach","og_description":"Upro\u015b\u0107nawetskomplikowaneobliczeniabeznaszymresponsywnymKalkulatorem.KorzystajzwygodnedemoodElfsight,abystworzy\u0107pot\u0119\u017cnywidget.","og_url":"https:\/\/elfsight.com\/pl\/calculator-form-widget\/webnode\/","og_site_name":"Elfsight PL","article_modified_time":"2024-12-25T10:58:46+00:00","twitter_card":"summary_large_image","twitter_misc":{"Szacowany czas czytania":"2 minuty"},"schema":{"@context":"https:\/\/schema.org","@graph":[{"@type":"WebPage","@id":"https:\/\/elfsight.com\/pl\/calculator-form-widget\/webnode\/","url":"https:\/\/elfsight.com\/pl\/calculator-form-widget\/webnode\/","name":"DodajKalkulatorDoWebnode-Upro\u015b\u0107ObliczeniaNaStronach","isPartOf":{"@id":"https:\/\/elfsight.com\/pl\/#website"},"datePublished":"2024-04-15T12:30:40+00:00","dateModified":"2024-12-25T10:58:46+00:00","description":"Upro\u015b\u0107nawetskomplikowaneobliczeniabeznaszymresponsywnymKalkulatorem.KorzystajzwygodnedemoodElfsight,abystworzy\u0107pot\u0119\u017cnywidget.","breadcrumb":{"@id":"https:\/\/elfsight.com\/pl\/calculator-form-widget\/webnode\/#breadcrumb"},"inLanguage":"pl-PL","potentialAction":[{"@type":"ReadAction","target":["https:\/\/elfsight.com\/pl\/calculator-form-widget\/webnode\/"]}]},{"@type":"BreadcrumbList","@id":"https:\/\/elfsight.com\/pl\/calculator-form-widget\/webnode\/#breadcrumb","itemListElement":[{"@type":"ListItem","position":1,"name":"Home","item":"https:\/\/elfsight.com\/pl\/"},{"@type":"ListItem","position":2,"name":"Calculator","item":"https:\/\/elfsight.com\/pl\/calculator-form-widget\/"},{"@type":"ListItem","position":3,"name":"Calculator &#8211; Webnode"}]},{"@type":"WebSite","@id":"https:\/\/elfsight.com\/pl\/#website","url":"https:\/\/elfsight.com\/pl\/","name":"Elfsight PL","description":"Just another Elfsight Sites site","potentialAction":[{"@type":"SearchAction","target":{"@type":"EntryPoint","urlTemplate":"https:\/\/elfsight.com\/pl\/?s={search_term_string}"},"query-input":{"@type":"PropertyValueSpecification","valueRequired":true,"valueName":"search_term_string"}}],"inLanguage":"pl-PL"}]}},"meta_box":{"industry":"","seo_heading":"","heading":"","description":"","cta_heading":"","cta_description":"","application":"9524","h1":"Webnode Kalkulator Widget","h1_caption":"ZapewnijcustomowyKalkulatordlaTwoichgo\u015bci,ofiaruj\u0105cwygodnerozwi\u0105zania,dlanp\u00f3br,cen,zni\u017cekluboblicze\u0144ROI,dodojesztewTwoj\u0105stron\u0119Webnode.","application_category":[],"applications_title":"","applications_request_title":"","applications_request_button_text":"","hero_text":"","hero_video":"","hero_video_schema_markup":"","selling_points_title":"","selling_points_caption":"","selling_points":[],"selling_points_cta_text":"","features_title":"","features":"","ed_cta_examples_text":"","ed_cta_examples_hidden":"","ed_cta_demo_text":"","ed_cta_demo_hidden":"","why_caption":"","why_editor_title":"","why_editor_text":"","why_team_title":"","why_team_text":"","why_service_title":"","why_service_text":"","template_catalog_visible":"0","template_catalog_title":"","template_catalog_text":"","template_catalog_categories_visible":"","demo_title":"Stw\u00f3rzsw\u00f3jwidgetKalkulatora","demo_caption":"Skonfigurujsw\u00f3jKalkulatoraiDodajgoDoTwojejstronyWebnodezaDarmo!","default_faq_hidden":"","app_template_category":[],"platform":"138","template_public_id":"","codecanyon_url":"","codecanyon_item_id":"","codecanyon_price":"","pricing_caption":"","pricing_elfsight_apps_hide_column":"","pricing_elfsight_apps_url":"","pricing_codecanyon_price_caption":"","integration_category":[],"integration_request_title":"","integration_request_cta":"","integration_platform":"","integrations":[],"platform_category":[],"video_schema_markup":"","price":"od $ 0\/miesi\u0105c","trial":"","benefits":[{"text":"Bezp\u0142atnaservicainstalacji"},{"text":"Do\u015bwiadczonawsparcieklienta"},{"text":"14-dniowagarancjazwrotempieni\u0119dzy"},{"text":"Przysz\u0142eaktualizacjabezp\u0142atne"},{"text":""}],"button_url":"#demo","button_target_blank":"0","button_nofollow":"0","attributes":[{"name":"Instalacje","content":"50,000 - 100,000"},{"name":"Responsywny","content":"Tak"},{"name":"Kompatybilneprzegl\u0105darki","content":"Firefox, Safari, Opera, Chrome, Edge"}],"tags":[],"tags_disable_links":"0","hide_more_platforms":"","video_object":"","demo_hide_cta":"0","demo_hide_cloud_options":"0","pricing_title":"","pricing":[{"pricing_icon":"platform","pricing_title":"Elfsight Apps","pricing_title_caption":"Wersja wieloplatformowa","pricing_price":"od$0\/miesi\u0105c","pricing_price_caption":"Zacznijoddarmowego_planu","pricing_benefits":[{"text":"Nieograniczonedomeny"},{"text":"Premiumwsparcieklienta"},{"text":"Bezp\u0142atnapomocinstalacyjna"},{"text":"W pe\u0142ni dostosowywalny"}],"pricing_button_text":"Dodajdo strony","pricing_button_url":"#demo"}],"related_apps_title":"","related_apps_hidden":"0","author":"","image":[],"title":"","job":"","social_networks":[]},"_links":{"self":[{"href":"https:\/\/elfsight.com\/pl\/wp-json\/wp\/v2\/pages\/8808","targetHints":{"allow":["GET"]}}],"collection":[{"href":"https:\/\/elfsight.com\/pl\/wp-json\/wp\/v2\/pages"}],"about":[{"href":"https:\/\/elfsight.com\/pl\/wp-json\/wp\/v2\/types\/page"}],"author":[{"embeddable":true,"href":"https:\/\/elfsight.com\/pl\/wp-json\/wp\/v2\/users\/9"}],"replies":[{"embeddable":true,"href":"https:\/\/elfsight.com\/pl\/wp-json\/wp\/v2\/comments?post=8808"}],"version-history":[{"count":2,"href":"https:\/\/elfsight.com\/pl\/wp-json\/wp\/v2\/pages\/8808\/revisions"}],"predecessor-version":[{"id":9660,"href":"https:\/\/elfsight.com\/pl\/wp-json\/wp\/v2\/pages\/8808\/revisions\/9660"}],"up":[{"embeddable":true,"href":"https:\/\/elfsight.com\/pl\/wp-json\/wp\/v2\/pages\/8254"}],"wp:attachment":[{"href":"https:\/\/elfsight.com\/pl\/wp-json\/wp\/v2\/media?parent=8808"}],"curies":[{"name":"wp","href":"https:\/\/api.w.org\/{rel}","templated":true}]}}