{"id":8799,"date":"2024-09-30T18:27:29","date_gmt":"2024-09-30T18:27:29","guid":{"rendered":"https:\/\/elfsight.com\/pl\/?page_id=8799"},"modified":"2025-10-22T09:08:32","modified_gmt":"2025-10-22T09:08:32","slug":"shopify","status":"publish","type":"page","link":"https:\/\/elfsight.com\/pl\/appointment-booking-widget\/shopify\/","title":{"rendered":"Appointment Booking &#8211; Shopify"},"content":{"rendered":"<div class=\"application-platform-content-item-description application-platform-content-item\" id=\"description\" data-nav-section=\"description\"><h2>Umie\u015b\u0107 rezerwacj\u0119 spotkania w Shopify za pomoc\u0105 aplikacji Elfsight!<\/h2> <p>Aplikacja Rezerwacja spotkania jest do Twojej dyspozycji, aby pom\u00f3c potencjalnym klientom bezpieczne miejsca bezpo\u015brednio w Twojej witrynie Shopify, redukuj\u0105c prac\u0119 r\u0119czn\u0105 \u2013 tak\u0105 jak ci\u0105g\u0142e zarz\u0105dzanie wiadomo\u015bciami, po\u0142\u0105czeniami i e-mailami \u2013 od Ciebie. Pe\u0142ni funkcj\u0119 wirtualnego asystenta dzia\u0142aj\u0105cego 24 godziny na dob\u0119, 7 dni w tygodniu, kt\u00f3ry mo\u017ce r\u00f3wnie\u017c wysy\u0142a\u0107 automatyczne powiadomienia i synchronizowa\u0107 si\u0119 z aplikacjami innych firm, takimi jak Kalendarz Google.<\/p> <p>To w\u0142a\u015bciwy moment, aby dok\u0142adniej opisa\u0107 swoj\u0105 us\u0142ug\u0119 lub okazj\u0119, okre\u015bl czas trwania, podaj dane kontaktowe i doprecyzuj cen\u0119, aby u\u0142atwi\u0107 klientom podj\u0119cie decyzji. Co wi\u0119cej, spersonalizuj wygl\u0105d aplikacji, modyfikuj\u0105c niestandardowe elementy i funkcje bez konieczno\u015bci poszerzania wiedzy programistycznej ani zatrudniania programisty!<\/p> <p><b>Umo\u017cliw swojej firmie rozkwit i udost\u0119pnij j\u0105 wi\u0119kszej bazie klient\u00f3w z rezerwacj\u0105 spotka\u0144 online na Twojej stronie internetowej!<\/b><\/p> <\/div> <div class=\"application-platform-content-item-features application-platform-content-item\" id=\"features\" data-nav-section=\"features\"> <h2>Oto lista najpot\u0119\u017cniejsze funkcje:<\/h2> <ul><li>Dostarcz dok\u0142adne wyja\u015bnienie swojej us\u0142ugi \u2014 nazw\u0119, szczeg\u00f3\u0142y, zdj\u0119cie i czas trwania \u2014 oraz skonfiguruj ceny w r\u00f3\u017cnych walutach.<\/li><li>Wy\u015blij automatycznie alerty umo\u017cliwiaj\u0105ce sprawdzenie zarezerwowanych przedzia\u0142\u00f3w czasowych dla klient\u00f3w i dla Ciebie.<\/li><li>Po\u0142\u0105cz wid\u017cet z us\u0142ugami outsourcingowymi, takimi jak Kalendarz Google, aby zapewni\u0107 ci\u0105g\u0142e aktualizacje.<\/li><li>Wy\u015bwietlaj dane kontaktowe swojej firmy w ramach weryfikacji spo\u0142eczno\u015bciowej i pozw\u00f3l u\u017cytkownikom skontaktowa\u0107 si\u0119 z Tob\u0105 w nieoczekiwanych przypadkach wyst\u0105pienia.<\/li><li>Dostosowywanie bez kodu dzi\u0119ki zaawansowanym ustawieniom projektu: gotowe szablony, kolory, uk\u0142ady, czcionki, niestandardowy edytor CSS, niestandardowy edytor JS i nie tylko.<\/li><\/ul><p><a href=\"#demo\">Mo\u017cesz przekona\u0107 si\u0119, jaki widget jest wart wypr\u00f3bowania w wersji demonstracyjnej<\/a><\/p> <\/div> <div class=\"application-platform-content-item-installation application-platform-content-item\" id=\"installation\" data-nav-section=\"installation\"> <h2>Jak osadzi\u0107 rezerwacj\u0119 spotkania w mojej witrynie Shopify?<\/h2> <div class=\"video-container\">\n<iframe width=\"720\" height=\"405\" src=\"https:\/\/www.youtube.com\/embed\/bM2pKj8_SCs?si=8qFVB6cDS4bpFsvN\" frameborder=\"0\" allowfullscreen=\"\"><\/iframe>\n<\/div><p>Aby osadzi\u0107 rezerwacj\u0119 spotkania w swojej witrynie Shopify, wykonaj nast\u0119puj\u0105ce kroki:<\/p> <ol><li><b>Zatrudnij skorzystaj z naszego darmowego edytora i rozpocznij tworzenie niestandardowego wid\u017cetu LinkedIn Feed.<\/b><br> Wybierz po\u017c\u0105dany wygl\u0105d i aspekty narz\u0119dzia oraz zapisz poprawki.<\/li> <li><b>Otrzymaj indywidualny ods\u0142oni\u0119ty kod w oknie ElfSight Aplikacje.<\/b><br> Po zako\u0144czeniu konfiguracji osobistej wtyczki skopiuj indywidualny kod z wy\u015bwietlonego wyskakuj\u0105cego okienka i zachowaj go na kolejne okazje.<\/li> <li><b>Rozpocznij korzystanie z wtyczki narz\u0119dzie w Twojej witrynie Shopify.<\/b><br> Wklej zapisany wcze\u015bniej kod do swojej witryny i zapisz zmiany.<\/li> <li><b>Gotowe! Instalacja zosta\u0142a ca\u0142kowicie zako\u0144czona.<\/b><br> Przejd\u017a do swojej witryny, aby zobaczy\u0107 dzia\u0142anie wtyczki.<\/li><\/ol> <p>Je\u015bli masz jakie\u015b przeszkody, nie b\u00f3j si\u0119 skontaktowa\u0107 z nasz personel pomocniczy. Nasi pracownicy z przyjemno\u015bci\u0105 rozwi\u0105\u017c\u0105 wszystkie problemy, jakie mo\u017cesz mie\u0107 z produktem.<\/p> <\/div> ","protected":false},"excerpt":{"rendered":"","protected":false},"author":9,"featured_media":0,"parent":9514,"menu_order":0,"comment_status":"closed","ping_status":"closed","template":"templates\/template-application-platform.php","meta":{"publish_to_discourse":"","publish_post_category":"","wpdc_auto_publish_overridden":"","wpdc_topic_tags":"","wpdc_pin_topic":"","wpdc_pin_until":"","discourse_post_id":"","discourse_permalink":"","wpdc_publishing_response":"","wpdc_publishing_error":"","footnotes":""},"class_list":["post-8799","page","type-page","status-publish","hentry"],"yoast_head":"<!-- This site is optimized with the Yoast SEO plugin v25.3.1 - https:\/\/yoast.com\/wordpress\/plugins\/seo\/ -->\n<title>Aplikacja Shopify do rezerwacji spotka\u0144 \u2014 dodaj rezerwacj\u0119 do Shopify<\/title>\n<meta name=\"description\" content=\"Osad\u017a interaktywne ko\u0142owrotek w witrynie Shopify. Zobacz wszystkie funkcje modu\u0142u Shopify Spinning Wheel, kt\u00f3re mo\u017cesz doda\u0107 do witryny internetowej.\" \/>\n<meta name=\"robots\" content=\"index, follow, max-snippet:-1, max-image-preview:large, max-video-preview:-1\" \/>\n<link rel=\"canonical\" href=\"https:\/\/elfsight.com\/pl\/appointment-booking-widget\/shopify\/\" \/>\n<meta property=\"og:locale\" content=\"pl_PL\" \/>\n<meta property=\"og:type\" content=\"article\" \/>\n<meta property=\"og:title\" content=\"Aplikacja Shopify do rezerwacji spotka\u0144 \u2014 dodaj rezerwacj\u0119 do Shopify\" \/>\n<meta property=\"og:description\" content=\"Osad\u017a interaktywne ko\u0142owrotek w witrynie Shopify. Zobacz wszystkie funkcje modu\u0142u Shopify Spinning Wheel, kt\u00f3re mo\u017cesz doda\u0107 do witryny internetowej.\" \/>\n<meta property=\"og:url\" content=\"https:\/\/elfsight.com\/pl\/appointment-booking-widget\/shopify\/\" \/>\n<meta property=\"og:site_name\" content=\"Elfsight PL\" \/>\n<meta property=\"article:modified_time\" content=\"2025-10-22T09:08:32+00:00\" \/>\n<meta name=\"twitter:card\" content=\"summary_large_image\" \/>\n<meta name=\"twitter:label1\" content=\"Szacowany czas czytania\" \/>\n\t<meta name=\"twitter:data1\" content=\"3 minuty\" \/>\n<!-- \/ Yoast SEO plugin. -->","yoast_head_json":{"title":"Aplikacja Shopify do rezerwacji spotka\u0144 \u2014 dodaj rezerwacj\u0119 do Shopify","description":"Osad\u017a interaktywne ko\u0142owrotek w witrynie Shopify. Zobacz wszystkie funkcje modu\u0142u Shopify Spinning Wheel, kt\u00f3re mo\u017cesz doda\u0107 do witryny internetowej.","robots":{"index":"index","follow":"follow","max-snippet":"max-snippet:-1","max-image-preview":"max-image-preview:large","max-video-preview":"max-video-preview:-1"},"canonical":"https:\/\/elfsight.com\/pl\/appointment-booking-widget\/shopify\/","og_locale":"pl_PL","og_type":"article","og_title":"Aplikacja Shopify do rezerwacji spotka\u0144 \u2014 dodaj rezerwacj\u0119 do Shopify","og_description":"Osad\u017a interaktywne ko\u0142owrotek w witrynie Shopify. Zobacz wszystkie funkcje modu\u0142u Shopify Spinning Wheel, kt\u00f3re mo\u017cesz doda\u0107 do witryny internetowej.","og_url":"https:\/\/elfsight.com\/pl\/appointment-booking-widget\/shopify\/","og_site_name":"Elfsight PL","article_modified_time":"2025-10-22T09:08:32+00:00","twitter_card":"summary_large_image","twitter_misc":{"Szacowany czas czytania":"3 minuty"},"schema":{"@context":"https:\/\/schema.org","@graph":[{"@type":"WebPage","@id":"https:\/\/elfsight.com\/pl\/appointment-booking-widget\/shopify\/","url":"https:\/\/elfsight.com\/pl\/appointment-booking-widget\/shopify\/","name":"Aplikacja Shopify do rezerwacji spotka\u0144 \u2014 dodaj rezerwacj\u0119 do Shopify","isPartOf":{"@id":"https:\/\/elfsight.com\/pl\/#website"},"datePublished":"2024-09-30T18:27:29+00:00","dateModified":"2025-10-22T09:08:32+00:00","description":"Osad\u017a interaktywne ko\u0142owrotek w witrynie Shopify. Zobacz wszystkie funkcje modu\u0142u Shopify Spinning Wheel, kt\u00f3re mo\u017cesz doda\u0107 do witryny internetowej.","breadcrumb":{"@id":"https:\/\/elfsight.com\/pl\/appointment-booking-widget\/shopify\/#breadcrumb"},"inLanguage":"pl-PL","potentialAction":[{"@type":"ReadAction","target":["https:\/\/elfsight.com\/pl\/appointment-booking-widget\/shopify\/"]}]},{"@type":"BreadcrumbList","@id":"https:\/\/elfsight.com\/pl\/appointment-booking-widget\/shopify\/#breadcrumb","itemListElement":[{"@type":"ListItem","position":1,"name":"Home","item":"https:\/\/elfsight.com\/pl\/"},{"@type":"ListItem","position":2,"name":"Appointment Booking","item":"https:\/\/elfsight.com\/pl\/appointment-booking-widget\/"},{"@type":"ListItem","position":3,"name":"Appointment Booking &#8211; Shopify"}]},{"@type":"WebSite","@id":"https:\/\/elfsight.com\/pl\/#website","url":"https:\/\/elfsight.com\/pl\/","name":"Elfsight PL","description":"Just another Elfsight Sites site","potentialAction":[{"@type":"SearchAction","target":{"@type":"EntryPoint","urlTemplate":"https:\/\/elfsight.com\/pl\/?s={search_term_string}"},"query-input":{"@type":"PropertyValueSpecification","valueRequired":true,"valueName":"search_term_string"}}],"inLanguage":"pl-PL"}]}},"meta_box":{"industry":"","seo_heading":"","heading":"","description":"","cta_heading":"","cta_description":"","application":"9513","h1":"Aplikacja Shopify do rezerwacji spotka\u0144","h1_caption":"Pozw\u00f3l u\u017cytkownikom \u0142atwo planowa\u0107 spotkania bezpo\u015brednio z witryny Shopify, zwi\u0119kszaj\u0105c wygod\u0119 i usprawniaj\u0105c proces rezerwacji.","application_category":[],"applications_title":"","applications_request_title":"","applications_request_button_text":"","hero_text":"","hero_video":"","hero_video_schema_markup":"","selling_points_title":"","selling_points_caption":"","selling_points":[],"selling_points_cta_text":"","features_title":"","features":"","ed_cta_examples_text":"","ed_cta_examples_hidden":"","ed_cta_demo_text":"","ed_cta_demo_hidden":"","why_caption":"","why_editor_title":"","why_editor_text":"","why_team_title":"","why_team_text":"","why_service_title":"","why_service_text":"","template_catalog_visible":"0","template_catalog_title":"","template_catalog_text":"","template_catalog_categories_visible":"","demo_title":"Utw\u00f3rz aplikacj\u0119 do rezerwacji spotka\u0144","demo_caption":"Skonfiguruj rezerwacj\u0119 spotkania i dodaj j\u0105 do swojej witryny Shopify za darmo!","default_faq_hidden":"","app_template_category":[],"platform":"7580","template_public_id":"","codecanyon_url":"","codecanyon_item_id":"","codecanyon_price":"","pricing_caption":"","pricing_elfsight_apps_hide_column":"","pricing_elfsight_apps_url":"","pricing_codecanyon_price_caption":"","integration_category":[],"integration_request_title":"","integration_request_cta":"","integration_platform":"","integrations":[],"platform_category":[],"video_schema_markup":"","price":"od 0 USD \/ miesi\u0105c","trial":"","benefits":[{"text":"Bezp\u0142atna pomoc w monta\u017cu"},{"text":"Skuteczna obs\u0142uga klienta"},{"text":"14-dniowa gwarancja zwrotu pieni\u0119dzy"},{"text":"Przysz\u0142e bezp\u0142atne ulepszenia"}],"button_url":"#demo","button_target_blank":"0","button_nofollow":"0","attributes":[{"name":"Instaluje","content":"1,000 - 5,000"},{"name":"Czu\u0142y","content":"Tak"},{"name":"Kompatybilne przegl\u0105darki","content":"Firefox, Safari, Opera, Chrome, Edge"}],"tags":[],"tags_disable_links":"0","hide_more_platforms":"0","video_object":"","demo_hide_cta":"0","demo_hide_cloud_options":"0","pricing_title":"","pricing":[{"pricing_icon":"platform","pricing_title":"Elfsight Apps","pricing_title_caption":"Oprogramowanie wieloplatformowe, kt\u00f3re dzia\u0142a na dowolnej stronie internetowej","pricing_price":"Od 0 USD \/ miesi\u0105c","pricing_price_caption":"Zacznij od bezp\u0142atnego planu","pricing_benefits":[{"text":"Nielimitowane strony internetowe"},{"text":"Ca\u0142odobowe wsparcie firmy i dobrze udokumentowane"},{"text":"Bezp\u0142atna us\u0142uga monta\u017cu"},{"text":"Elastyczny projekt"}],"pricing_button_text":"Dodaj do witryny","pricing_button_url":"#demo"}],"related_apps_title":"","related_apps_hidden":"0","author":"","image":[],"title":"","job":"","social_networks":[]},"_links":{"self":[{"href":"https:\/\/elfsight.com\/pl\/wp-json\/wp\/v2\/pages\/8799","targetHints":{"allow":["GET"]}}],"collection":[{"href":"https:\/\/elfsight.com\/pl\/wp-json\/wp\/v2\/pages"}],"about":[{"href":"https:\/\/elfsight.com\/pl\/wp-json\/wp\/v2\/types\/page"}],"author":[{"embeddable":true,"href":"https:\/\/elfsight.com\/pl\/wp-json\/wp\/v2\/users\/9"}],"replies":[{"embeddable":true,"href":"https:\/\/elfsight.com\/pl\/wp-json\/wp\/v2\/comments?post=8799"}],"version-history":[{"count":2,"href":"https:\/\/elfsight.com\/pl\/wp-json\/wp\/v2\/pages\/8799\/revisions"}],"predecessor-version":[{"id":10778,"href":"https:\/\/elfsight.com\/pl\/wp-json\/wp\/v2\/pages\/8799\/revisions\/10778"}],"up":[{"embeddable":true,"href":"https:\/\/elfsight.com\/pl\/wp-json\/wp\/v2\/pages\/9514"}],"wp:attachment":[{"href":"https:\/\/elfsight.com\/pl\/wp-json\/wp\/v2\/media?parent=8799"}],"curies":[{"name":"wp","href":"https:\/\/api.w.org\/{rel}","templated":true}]}}