{"id":879,"date":"2020-12-15T09:49:39","date_gmt":"2020-12-15T09:49:39","guid":{"rendered":"https:\/\/elfsight.com\/pl\/?page_id=879"},"modified":"2020-12-15T15:07:11","modified_gmt":"2020-12-15T15:07:11","slug":"examples","status":"publish","type":"page","link":"https:\/\/elfsight.com\/pl\/whatsapp-chat-widget\/examples\/","title":{"rendered":"Whatsapp Chat &#8211; Examples"},"content":{"rendered":"\n<div class=\"application-examples-item application-examples-item-loading\">\n                            <div class=\"col-row\">\n                                <div class=\"col-6 col-m-8 col-s-12\"><h3 class=\"application-examples-item-title\">Powszechny Live Chat<\/h3><div class=\"application-examples-item-description\">To najcz\u0119stszy przyk\u0142ad komunikatora WhatsApp na stronie internetowej. Wybrana jest opcja Floating bubble, a czat pozostaje umiarkowany, ale zawsze widoczny dla u\u017cytkownik\u00f3w. Rozpoznawalna ikona czatu jest u\u017cywana w dymku czatu, a okno czatu ma w\u0142asne kolory WhatsApp.<\/div><\/div>\n                <\/div>\n\n                <div class=\"application-examples-item-iframe-container browser-frame\">\n                    <div class=\"application-examples-item-iframe-wrapper\">\n                        <iframe class=\"application-examples-item-iframe application-examples-item-iframe-fixed-height\" data-src=\"https:\/\/elfsight.com\/examples?widget_id=6c2beadb-7bc4-495b-b941-8a6ae9e952d4&padding=28px+40px+40px\" width=\"100%\" height=\"500\" allow=\"autoplay; fullscreen\"><\/iframe>\n                    <\/div>\n\n                    <div class=\"application-examples-item-loader\"><\/div>\n                <\/div>\n            <\/div>\n\n<div class=\"application-examples-item application-examples-item-loading\">\n                            <div class=\"col-row\">\n                                <div class=\"col-6 col-m-8 col-s-12\"><h3 class=\"application-examples-item-title\">Czat Pomocy<\/h3><div class=\"application-examples-item-description\">W tym przyk\u0142adzie obraz nag\u0142\u00f3wka przedstawia zdj\u0119cie specjalisty Obs\u0142ugi klienta, a podpis s\u0142u\u017cy do okre\u015blenia czasu odpowiedzi. Dzi\u0119ki temu u\u017cytkownicy maj\u0105 pewno\u015b\u0107, \u017ce b\u0119d\u0105 rozmawia\u0107 z prawdziw\u0105 osob\u0105. Ten typ widgetu to jest dobry wariant organizowania pomocy technicznej.<\/div><\/div>\n                <\/div>\n\n                <div class=\"application-examples-item-iframe-container browser-frame\">\n                    <div class=\"application-examples-item-iframe-wrapper\">\n                        <iframe class=\"application-examples-item-iframe application-examples-item-iframe-fixed-height\" data-src=\"https:\/\/elfsight.com\/examples?widget_id=d552e1e4-18ec-42b3-a2d7-f1356ae5c6b9&padding=28px+40px+40px\" width=\"100%\" height=\"500px\" allow=\"autoplay; fullscreen\"><\/iframe>\n                    <\/div>\n\n                    <div class=\"application-examples-item-loader\"><\/div>\n                <\/div>\n            <\/div>\n\n<div class=\"application-examples-item application-examples-item-loading\">\n                            <div class=\"col-row\">\n                                <div class=\"col-6 col-m-8 col-s-12\"><h3 class=\"application-examples-item-title\">Czat Sprzeda\u017cy<\/h3><div class=\"application-examples-item-description\">Wiele dostosowa\u0144 interfejsu sprawi\u0142o, \u017ce to okno czatu wygl\u0105da\u0142o wyj\u0105tkowo i jasno. Mo\u017cesz zobaczy\u0107, \u017ce nag\u0142\u00f3wek by\u0142 przemalowany w czarny, a przycisk Rozpocznij czat zmieni\u0142 kolor na czerwony a r\u00f3wnie\u017c swoj\u0105 oryginaln\u0105 etykiet\u0119. W nag\u0142\u00f3wku jest zdj\u0119cie mened\u017cera, jego imi\u0119 oraz stanowisko. W ten spos\u00f3b mo\u017cesz u\u017cy\u0107 czatu WhatsApp, aby przyci\u0105gn\u0105\u0107 now\u0105 sprzeda\u017c.<\/div><\/div>\n                <\/div>\n\n                <div class=\"application-examples-item-iframe-container browser-frame\">\n                    <div class=\"application-examples-item-iframe-wrapper\">\n                        <iframe class=\"application-examples-item-iframe application-examples-item-iframe-fixed-height\" data-src=\"https:\/\/elfsight.com\/examples?widget_id=dc969a39-c0ce-409e-bb7e-c07bcb6daba8&padding=28px+40px+40px\" width=\"100%\" height=\"500px\" allow=\"autoplay; fullscreen\"><\/iframe>\n                    <\/div>\n\n                    <div class=\"application-examples-item-loader\"><\/div>\n                <\/div>\n            <\/div>\n\n<div class=\"application-examples-item application-examples-item-loading\">\n                            <div class=\"col-row\">\n                                <div class=\"col-6 col-m-8 col-s-12\"><h3 class=\"application-examples-item-title\">Chat Rezerwacji<\/h3><div class=\"application-examples-item-description\">Ten czat pomaga klientom w rezerwacji, a wiadomo\u015b\u0107 powitalna oferuje pomoc w znalezieniu wariant\u00f3w, zach\u0119caj\u0105c klient\u00f3w do rozpocz\u0119cia czatu. Nag\u0142\u00f3wek i dymek czatu s\u0105 pomalowane na ciemnoniebiesko, aby przypomnie\u0107 o popularnym serwisie rezerwacji. Przyciski Rozpocznij czat maj\u0105 oryginalny zielony kolor i pokazuj\u0105 ikon\u0119 WhatsApp.<\/div><\/div>\n                <\/div>\n\n                <div class=\"application-examples-item-iframe-container browser-frame\">\n                    <div class=\"application-examples-item-iframe-wrapper\">\n                        <iframe class=\"application-examples-item-iframe application-examples-item-iframe-fixed-height\" data-src=\"https:\/\/elfsight.com\/examples?widget_id=85b497fa-f91f-4389-8c49-12b4af248ea2&padding=28px+40px+40px\" width=\"100%\" height=\"500px\" allow=\"autoplay; fullscreen\"><\/iframe>\n                    <\/div>\n\n                    <div class=\"application-examples-item-loader\"><\/div>\n                <\/div>\n            <\/div>\n\n<div class=\"application-cta-create\">\n                    <div class=\"application-cta-create-bg\">\n                        <div class=\"application-cta-create-bg-left\"><\/div>\n\n                        <div class=\"application-cta-create-bg-right\">\n                            <img decoding=\"async\" src=\"https:\/\/elfsight.com\/pl\/wp-content\/themes\/elfsight\/frontend\/assets\/img\/application-cta-create.jpg\" alt=\"Zacznij od stworzenia swojego wid\u017cetu\">\n                        <\/div>\n                    <\/div>\n\n                    <div class=\"application-cta-create-content inner\">\n                        <div class=\"application-cta-create-content-inner\">\n                            <div class=\"application-cta-create-content-icon\">\n                                <svg viewBox=\"0 0 25 25\" width=\"100%\" height=\"100%\">\n                                    <use xlink:href=\"#icon-settings\"><\/use>\n                                <\/svg>\n                            <\/div>\n\n                            <div class=\"application-cta-create-content-title\">Zacznij od stworzenia swojego wid\u017cetu<\/div>\n\n                            <div class=\"application-cta-create-content-text\">Szybko. \u0141atwo. Bez kodowania.<\/div>\n\n                            <a class=\"application-cta-create-content-button button-48 button-has-right-icon button-black button\" href=\"\">\n                                <span class=\"button-label\">Utw\u00f3rz wid\u017cet<\/span>\n\n                                <svg class=\"button-icon\">\n                                    <use xlink:href=\"#icon-arrow-link\"><\/use>\n                                <\/svg>\n                            <\/a>\n                        <\/div>\n                    <\/div>\n                <\/div>\n\n<div class=\"application-examples-item application-examples-item-loading\">\n                            <div class=\"col-row\">\n                                <div class=\"col-6 col-m-8 col-s-12\"><h3 class=\"application-examples-item-title\">Chat Feedbacku<\/h3><div class=\"application-examples-item-description\">Tutaj mo\u017cesz zobaczy\u0107 formularz opinii jako p\u0142ywaj\u0105cy b\u0105belek. Jest zawsze pod r\u0119k\u0105, aby dzieli\u0107 si\u0119 przemy\u015bleniami klient\u00f3w. Dymek ma niestandardowy tekst i wy\u015bwietla plakietk\u0119 powiadamiaj\u0105c\u0105 o nowej wiadomo\u015bci. Klikni\u0119cie dymka otworzy okno czatu ze zdj\u0119ciem mened\u017cera i jego nazwiskiem. Zdj\u0119cie mo\u017cna wybra\u0107 z naszej galerii, je\u015bli nie znajdziesz swojego.<\/div><\/div>\n                <\/div>\n\n                <div class=\"application-examples-item-iframe-container browser-frame\">\n                    <div class=\"application-examples-item-iframe-wrapper\">\n                        <iframe class=\"application-examples-item-iframe application-examples-item-iframe-fixed-height\" data-src=\"https:\/\/elfsight.com\/examples?widget_id=5bb95932-3fe8-4562-8773-ec5a510657b2&padding=28px+40px+40px\" width=\"100%\" height=\"500px\" allow=\"autoplay; fullscreen\"><\/iframe>\n                    <\/div>\n\n                    <div class=\"application-examples-item-loader\"><\/div>\n                <\/div>\n            <\/div>\n\n<div class=\"application-examples-item application-examples-item-loading\">\n                            <div class=\"col-row\">\n                                <div class=\"col-6 col-m-8 col-s-12\"><h3 class=\"application-examples-item-title\">Czat Wprowadzania U\u017cytkownik\u00f3w<\/h3><div class=\"application-examples-item-description\">Aby powiedzie\u0107 klientom wi\u0119cej o swoich produktach lub us\u0142ugach, mo\u017cesz skorzysta\u0107 z dyskretnego czatu w swojej witrynie. Dymek czatu wy\u015bwietla tylko ikon\u0119, bez tekstu i ma plakietk\u0119 powiadomienia o nowej wiadomo\u015bci. Wybrano nowy zestaw kolor\u00f3w czatu: nag\u0142\u00f3wek jest jasnofioletowy, a przycisk Rozpocznij czat wraz z dymkiem czatu s\u0105 jasnofioletowe.<\/div><\/div>\n                <\/div>\n\n                <div class=\"application-examples-item-iframe-container browser-frame\">\n                    <div class=\"application-examples-item-iframe-wrapper\">\n                        <iframe class=\"application-examples-item-iframe application-examples-item-iframe-fixed-height\" data-src=\"https:\/\/elfsight.com\/examples?widget_id=c742f8c4-8e05-4aab-a298-782401a7e5a5&padding=28px+40px+40px\" width=\"100%\" height=\"500px\" allow=\"autoplay; fullscreen\"><\/iframe>\n                    <\/div>\n\n                    <div class=\"application-examples-item-loader\"><\/div>\n                <\/div>\n            <\/div>\n\n<div class=\"application-examples-item application-examples-item-loading\">\n                            <div class=\"col-row\">\n                                <div class=\"col-6 col-m-8 col-s-12\"><h3 class=\"application-examples-item-title\">Czat Konsultacji<\/h3><div class=\"application-examples-item-description\">Oto jest dobry spos\u00f3b, aby skonsultowa\u0107 klient\u00f3w w sprawie swoich ofert. P\u0142ywaj\u0105cy b\u0105belek mo\u017cna wyr\u00f3wna\u0107 do lewej lub prawej stronie, lub do \u015brodka. Nag\u0142\u00f3wek okna czatu i dymek czatu maj\u0105 ten samy kolor. Nag\u0142\u00f3wek zawiera zdj\u0119cie i imi\u0119 osoby na czacie, a wiadomo\u015b\u0107 powitalna ma pom\u00f3c odwiedzaj\u0105cym rozpocz\u0105\u0107 rozmow\u0119.<\/div><\/div>\n                <\/div>\n\n                <div class=\"application-examples-item-iframe-container browser-frame\">\n                    <div class=\"application-examples-item-iframe-wrapper\">\n                        <iframe class=\"application-examples-item-iframe application-examples-item-iframe-fixed-height\" data-src=\"https:\/\/elfsight.com\/examples?widget_id=dbdbfcb2-b059-461b-8843-0ebd1ac7ee76&padding=28px+40px+40px\" width=\"100%\" height=\"500px\" allow=\"autoplay; fullscreen\"><\/iframe>\n                    <\/div>\n\n                    <div class=\"application-examples-item-loader\"><\/div>\n                <\/div>\n            <\/div>\n\n<!--[application_example title=\"Wbudowany przycisk czatu\" description=\"W tym przyk\u0142adzie b\u0105belek czatu jest osadzony w strefie zawarto\u015bci witryny internetowej jako rozwijana ikona. Pokazuje ikon\u0119 WhatsApp z niestandardowym tekstem. Dymek czatu otwiera si\u0119 po klikni\u0119ciu, aby wy\u015bwietli\u0107 zdj\u0119cie i imi\u0119 osoby na czacie w nag\u0142\u00f3wku oraz wiadomo\u015b\u0107 powitaln\u0105 na czacie.\" padding=\"400px 0 100px\" link=\"https:\/\/elfsight.com\/examples?widget_id=ba1e6acd-8743-47d5-89ac-9caccdce2b72\"]\n\n[application_example title=\"Wbudowane okno czatu\" description=\"Mo\u017cesz osadzi\u0107 otwarte okno czatu na dowolnej stronie swojej witryny, dok\u0142adnie tam, gdzie wydaje si\u0119 to najbardziej potrzebne. U\u017cytkownicy zobacz\u0105 okno czatu z wiadomo\u015bci\u0105 powitaln\u0105 zapraszaj\u0105c\u0105 do rozpocz\u0119cia rozmowy. W tym przyk\u0142adzie widget zachowuje oryginalne kolory, a nag\u0142\u00f3wek zawiera zdj\u0119cie i imi\u0119 osoby na czacie.\" padding=\"28px 40px 40px\" height=\"500px\" link=\"https:\/\/elfsight.com\/examples?widget_id=68ec2618-6963-4685-a32a-2c34c1956ab4\"]-->\n","protected":false},"excerpt":{"rendered":"","protected":false},"author":13,"featured_media":0,"parent":857,"menu_order":0,"comment_status":"closed","ping_status":"closed","template":"templates\/template-application-examples.php","meta":{"publish_to_discourse":"","publish_post_category":"","wpdc_auto_publish_overridden":"","wpdc_topic_tags":"","wpdc_pin_topic":"","wpdc_pin_until":"","discourse_post_id":"","discourse_permalink":"","wpdc_publishing_response":"","wpdc_publishing_error":"","footnotes":""},"class_list":["post-879","page","type-page","status-publish","hentry"],"yoast_head":"<!-- This site is optimized with the Yoast SEO plugin v25.3.1 - https:\/\/yoast.com\/wordpress\/plugins\/seo\/ -->\n<title>Najlepsze przyk\u0142ady czatu Whatsapp na stronie internetowej (prezentacja)<\/title>\n<meta name=\"description\" content=\"TOP 7 Whatsapp przyk\u0142ad\u00f3w live czatu: Og\u00f3lny, rezerwacja, wsparcie, przycisk\/okno czatu, itp. Prosty widget Whatsapp dla strony internetowej.\" \/>\n<meta name=\"robots\" content=\"index, follow, max-snippet:-1, max-image-preview:large, max-video-preview:-1\" \/>\n<link rel=\"canonical\" href=\"https:\/\/elfsight.com\/pl\/whatsapp-chat-widget\/examples\/\" \/>\n<meta property=\"og:locale\" content=\"pl_PL\" \/>\n<meta property=\"og:type\" content=\"article\" \/>\n<meta property=\"og:title\" content=\"Najlepsze przyk\u0142ady czatu Whatsapp na stronie internetowej (prezentacja)\" \/>\n<meta property=\"og:description\" content=\"TOP 7 Whatsapp przyk\u0142ad\u00f3w live czatu: Og\u00f3lny, rezerwacja, wsparcie, przycisk\/okno czatu, itp. Prosty widget Whatsapp dla strony internetowej.\" \/>\n<meta property=\"og:url\" content=\"https:\/\/elfsight.com\/pl\/whatsapp-chat-widget\/examples\/\" \/>\n<meta property=\"og:site_name\" content=\"Elfsight PL\" \/>\n<meta property=\"article:modified_time\" content=\"2020-12-15T15:07:11+00:00\" \/>\n<meta name=\"twitter:card\" content=\"summary_large_image\" \/>\n<meta name=\"twitter:label1\" content=\"Szacowany czas czytania\" \/>\n\t<meta name=\"twitter:data1\" content=\"3 minuty\" \/>\n<!-- \/ Yoast SEO plugin. -->","yoast_head_json":{"title":"Najlepsze przyk\u0142ady czatu Whatsapp na stronie internetowej (prezentacja)","description":"TOP 7 Whatsapp przyk\u0142ad\u00f3w live czatu: Og\u00f3lny, rezerwacja, wsparcie, przycisk\/okno czatu, itp. Prosty widget Whatsapp dla strony internetowej.","robots":{"index":"index","follow":"follow","max-snippet":"max-snippet:-1","max-image-preview":"max-image-preview:large","max-video-preview":"max-video-preview:-1"},"canonical":"https:\/\/elfsight.com\/pl\/whatsapp-chat-widget\/examples\/","og_locale":"pl_PL","og_type":"article","og_title":"Najlepsze przyk\u0142ady czatu Whatsapp na stronie internetowej (prezentacja)","og_description":"TOP 7 Whatsapp przyk\u0142ad\u00f3w live czatu: Og\u00f3lny, rezerwacja, wsparcie, przycisk\/okno czatu, itp. Prosty widget Whatsapp dla strony internetowej.","og_url":"https:\/\/elfsight.com\/pl\/whatsapp-chat-widget\/examples\/","og_site_name":"Elfsight PL","article_modified_time":"2020-12-15T15:07:11+00:00","twitter_card":"summary_large_image","twitter_misc":{"Szacowany czas czytania":"3 minuty"},"schema":{"@context":"https:\/\/schema.org","@graph":[{"@type":"WebPage","@id":"https:\/\/elfsight.com\/pl\/whatsapp-chat-widget\/examples\/","url":"https:\/\/elfsight.com\/pl\/whatsapp-chat-widget\/examples\/","name":"Najlepsze przyk\u0142ady czatu Whatsapp na stronie internetowej (prezentacja)","isPartOf":{"@id":"https:\/\/elfsight.com\/pl\/#website"},"datePublished":"2020-12-15T09:49:39+00:00","dateModified":"2020-12-15T15:07:11+00:00","description":"TOP 7 Whatsapp przyk\u0142ad\u00f3w live czatu: Og\u00f3lny, rezerwacja, wsparcie, przycisk\/okno czatu, itp. Prosty widget Whatsapp dla strony internetowej.","breadcrumb":{"@id":"https:\/\/elfsight.com\/pl\/whatsapp-chat-widget\/examples\/#breadcrumb"},"inLanguage":"pl-PL","potentialAction":[{"@type":"ReadAction","target":["https:\/\/elfsight.com\/pl\/whatsapp-chat-widget\/examples\/"]}]},{"@type":"BreadcrumbList","@id":"https:\/\/elfsight.com\/pl\/whatsapp-chat-widget\/examples\/#breadcrumb","itemListElement":[{"@type":"ListItem","position":1,"name":"Home","item":"https:\/\/elfsight.com\/pl\/"},{"@type":"ListItem","position":2,"name":"WhatsApp Chat","item":"https:\/\/elfsight.com\/pl\/whatsapp-chat-widget\/"},{"@type":"ListItem","position":3,"name":"Whatsapp Chat &#8211; Examples"}]},{"@type":"WebSite","@id":"https:\/\/elfsight.com\/pl\/#website","url":"https:\/\/elfsight.com\/pl\/","name":"Elfsight PL","description":"Just another Elfsight Sites site","potentialAction":[{"@type":"SearchAction","target":{"@type":"EntryPoint","urlTemplate":"https:\/\/elfsight.com\/pl\/?s={search_term_string}"},"query-input":{"@type":"PropertyValueSpecification","valueRequired":true,"valueName":"search_term_string"}}],"inLanguage":"pl-PL"}]}},"meta_box":{"industry":"","seo_heading":"","heading":"","description":"","cta_heading":"","cta_description":"","application":"856","h1":"","h1_caption":"","application_category":[],"applications_title":"","applications_request_title":"","applications_request_button_text":"","hero_text":"","hero_video":"","hero_video_schema_markup":"","selling_points_title":"","selling_points_caption":"","selling_points":[],"selling_points_cta_text":"","features_title":"","features":"","ed_cta_examples_text":"","ed_cta_examples_hidden":"","ed_cta_demo_text":"","ed_cta_demo_hidden":"","why_caption":"","why_editor_title":"","why_editor_text":"","why_team_title":"","why_team_text":"","why_service_title":"","why_service_text":"","template_catalog_visible":"","template_catalog_title":"","template_catalog_text":"","template_catalog_categories_visible":"","demo_title":"","demo_caption":"","default_faq_hidden":"","app_template_category":[],"platform":"","template_public_id":"","codecanyon_url":"","codecanyon_item_id":"","codecanyon_price":"","pricing_caption":"","pricing_elfsight_apps_hide_column":"","pricing_elfsight_apps_url":"","pricing_codecanyon_price_caption":"","integration_category":[],"integration_request_title":"","integration_request_cta":"","integration_platform":"","integrations":[],"platform_category":[],"video_schema_markup":"","price":"","trial":"","benefits":[],"button_url":"","button_target_blank":"","button_nofollow":"","attributes":[],"tags":[],"tags_disable_links":"","hide_more_platforms":"","video_object":"","demo_hide_cta":"","demo_hide_cloud_options":"","pricing_title":"","pricing":[],"related_apps_title":"","related_apps_hidden":"","author":"","image":[],"title":"","job":"","social_networks":[]},"_links":{"self":[{"href":"https:\/\/elfsight.com\/pl\/wp-json\/wp\/v2\/pages\/879","targetHints":{"allow":["GET"]}}],"collection":[{"href":"https:\/\/elfsight.com\/pl\/wp-json\/wp\/v2\/pages"}],"about":[{"href":"https:\/\/elfsight.com\/pl\/wp-json\/wp\/v2\/types\/page"}],"author":[{"embeddable":true,"href":"https:\/\/elfsight.com\/pl\/wp-json\/wp\/v2\/users\/13"}],"replies":[{"embeddable":true,"href":"https:\/\/elfsight.com\/pl\/wp-json\/wp\/v2\/comments?post=879"}],"version-history":[{"count":8,"href":"https:\/\/elfsight.com\/pl\/wp-json\/wp\/v2\/pages\/879\/revisions"}],"predecessor-version":[{"id":887,"href":"https:\/\/elfsight.com\/pl\/wp-json\/wp\/v2\/pages\/879\/revisions\/887"}],"up":[{"embeddable":true,"href":"https:\/\/elfsight.com\/pl\/wp-json\/wp\/v2\/pages\/857"}],"wp:attachment":[{"href":"https:\/\/elfsight.com\/pl\/wp-json\/wp\/v2\/media?parent=879"}],"curies":[{"name":"wp","href":"https:\/\/api.w.org\/{rel}","templated":true}]}}