{"id":8789,"date":"2024-09-30T18:27:29","date_gmt":"2024-09-30T18:27:29","guid":{"rendered":"https:\/\/elfsight.com\/pl\/?page_id=8789"},"modified":"2025-10-22T09:20:19","modified_gmt":"2025-10-22T09:20:19","slug":"wix","status":"publish","type":"page","link":"https:\/\/elfsight.com\/pl\/appointment-booking-widget\/wix\/","title":{"rendered":"appointment booking &#8211; wix"},"content":{"rendered":"<div class=\"application-platform-content-item-description application-platform-content-item\" id=\"description\" data-nav-section=\"description\"><h2>Osad\u017a rezerwacj\u0119 spotkania na Wix za pomoc\u0105 aplikacji Elfsight!<\/h2> <p>Aplikacja rezerwacji spotkania jest dost\u0119pna, aby pom\u00f3c potencjalnym klientom zabezpieczy\u0107 czas miejsca bezpo\u015brednio na Twojej stronie Wix, odci\u0105\u017caj\u0105c Ci\u0119 od r\u0119cznego wysi\u0142ku \u2013 takiego jak ci\u0105g\u0142e zarz\u0105dzanie wiadomo\u015bciami, po\u0142\u0105czeniami i e-mailami \u2013 od Ciebie. Dzia\u0142a jako wirtualna recepcjonistka pracuj\u0105ca 24 godziny na dob\u0119, 7 dni w tygodniu, kt\u00f3ra wysy\u0142a automatyczne potwierdzenia i mo\u017ce by\u0107 synchronizowana z aplikacjami outsourcingowymi, takimi jak Kalendarz Google.<\/p> <p>Nadszed\u0142 moment, aby zaoferowa\u0107 wi\u0119cej informacji na temat Twojej us\u0142ugi lub wydarzenia, okre\u015bli\u0107 czas trwania , ujawnij dane kontaktowe i wyja\u015bnij ceny, aby upro\u015bci\u0107 klientom podejmowanie decyzji. Co wi\u0119cej, dostosuj wygl\u0105d aplikacji, dostosowuj\u0105c niestandardowe elementy i funkcje bez konieczno\u015bci doskonalenia wiedzy programistycznej lub zatrudniania wykwalifikowanego programisty!<\/p> <p><b>Rozwi\u0144 sw\u00f3j biznes i sta\u0144 si\u0119 dost\u0119pny dla ka\u017cdego potencjalnego klienta, oferuj\u0105c rezerwacja spotka\u0144 online na Twojej stronie internetowej!<\/b><\/p> <\/div> <div class=\"application-platform-content-item-features application-platform-content-item\" id=\"features\" data-nav-section=\"features\"> <h2>Podstawowe funkcje widgetu obejmuj\u0105:<\/h2> <ul><li>Oferuj przejrzysty opis swojej us\u0142ugi \u2014 nazwa, szczeg\u00f3\u0142y, zdj\u0119cie i czas trwania \u2014 oraz skonfiguruj ceny w r\u00f3\u017cnych walutach.<\/li><li>Wysy\u0142aj automatyczne alerty, aby zweryfikowa\u0107 zarezerwowane miejsca dla klient\u00f3w i siebie.<\/li><li> Po\u0142\u0105cz wid\u017cet z aplikacjami outsourcingowymi, takimi jak Kalendarz Google, aby zawsze by\u0107 na bie\u017c\u0105co.<\/li><li>Zaprezentuj dane kontaktowe swojej firmy jako dow\u00f3d spo\u0142eczno\u015bciowy i pozw\u00f3l u\u017cytkownikom skontaktowa\u0107 si\u0119 w przypadku nieprzewidzianych zdarze\u0144.<\/li><li>Zaawansowane dostosowywanie bez konieczno\u015bci kodowania: gotowe szablony, kolory, wiele uk\u0142ad\u00f3w projekt\u00f3w uk\u0142ad\u00f3w, czcionki, niestandardowy edytor CSS, niestandardowy edytor JS itp.<\/li><\/ul><p><a href=\"# demo\">Mo\u017cesz poczu\u0107, czy wid\u017cet jest dla Ciebie, wypr\u00f3bowuj\u0105c wersj\u0119 demonstracyjn\u0105<\/a><\/p> <\/div> <div class=\"application-platform-content-item-installation application-platform-content-item\" id=\"installation\" data-nav-section=\"installation\"> <h2>Jak mog\u0119 osadzi\u0107 Rezerwacj\u0119 Wizyty na mojej stronie Wix ?<\/h2> <div class=\"video-container\">\n<iframe width=\"720\" height=\"405\" src=\"https:\/\/www.youtube.com\/embed\/yj4U52MpyvM?si=OeRLNC99KG4U-RBM\" frameborder=\"0\" allowfullscreen=\"\"><\/iframe>\n<\/div><p>Aby osadzi\u0107 Rezerwacj\u0119 Wizyty na swojej stronie Wix, post\u0119puj zgodnie z poni\u017cszymi wskaz\u00f3wkami:<\/p> <ol><li><b>Wykonaj nasz darmowy konfigurator i zacznij tworzy\u0107 niestandardow\u0105 wtyczk\u0119 LinkedIn Feed. <\/b><br> Okre\u015bl po\u017c\u0105dany wygl\u0105d i cechy narz\u0119dzia oraz zapisz zmiany.<\/li> <li><b>Skopiuj osobisty kod pojawiaj\u0105cy si\u0119 w oknie aplikacji Elfsight.<\/b><br> Po zako\u0144czeniu generowania osobistej wtyczki skopiuj ekskluzywny kod z wy\u015bwietlonego wyskakuj\u0105cego okienka i zachowaj go do wykorzystania w przysz\u0142o\u015bci.<\/li> <li><b>Zacznij u\u017cywa\u0107 wid\u017cetu na swojej stronie Wix.<\/b><br> Zintegruj ostatnio skopiowany kod ze swoj\u0105 witryn\u0105 i zapisz zmiany.<\/li> <li><b>Instalacja zosta\u0142a pomy\u015blnie zako\u0144czona.<\/b><br> Przejd\u017a do swojej witryny i zobacz, jak dzia\u0142a widget.<\/li><\/ol> <p>Je\u015bli napotkasz jakie\u015b problemy, skontaktuj si\u0119 z naszym dzia\u0142em obs\u0142ugi klienta. Nasi specjali\u015bci z przyjemno\u015bci\u0105 odpowiedz\u0105 na wszystkie pytania dotycz\u0105ce tego narz\u0119dzia.<\/p> <\/div> ","protected":false},"excerpt":{"rendered":"","protected":false},"author":9,"featured_media":0,"parent":9514,"menu_order":0,"comment_status":"closed","ping_status":"closed","template":"templates\/template-application-platform.php","meta":{"publish_to_discourse":"","publish_post_category":"","wpdc_auto_publish_overridden":"","wpdc_topic_tags":"","wpdc_pin_topic":"","wpdc_pin_until":"","discourse_post_id":"","discourse_permalink":"","wpdc_publishing_response":"","wpdc_publishing_error":"","footnotes":""},"class_list":["post-8789","page","type-page","status-publish","hentry"],"yoast_head":"<!-- This site is optimized with the Yoast SEO plugin v25.3.1 - https:\/\/yoast.com\/wordpress\/plugins\/seo\/ -->\n<title>Aplikacja z kalendarzem rezerwacji wizyt Wix<\/title>\n<meta name=\"description\" content=\"Umie\u015b\u0107 interaktywny ko\u0142owrotek na stronie Wix. Zobacz wszystkie funkcje wtyczki Wix Spinning Wheel, kt\u00f3re mo\u017cesz doda\u0107 do strony internetowej.\" \/>\n<meta name=\"robots\" content=\"index, follow, max-snippet:-1, max-image-preview:large, max-video-preview:-1\" \/>\n<link rel=\"canonical\" href=\"https:\/\/elfsight.com\/pl\/appointment-booking-widget\/wix\/\" \/>\n<meta property=\"og:locale\" content=\"pl_PL\" \/>\n<meta property=\"og:type\" content=\"article\" \/>\n<meta property=\"og:title\" content=\"Aplikacja z kalendarzem rezerwacji wizyt Wix\" \/>\n<meta property=\"og:description\" content=\"Umie\u015b\u0107 interaktywny ko\u0142owrotek na stronie Wix. Zobacz wszystkie funkcje wtyczki Wix Spinning Wheel, kt\u00f3re mo\u017cesz doda\u0107 do strony internetowej.\" \/>\n<meta property=\"og:url\" content=\"https:\/\/elfsight.com\/pl\/appointment-booking-widget\/wix\/\" \/>\n<meta property=\"og:site_name\" content=\"Elfsight PL\" \/>\n<meta property=\"article:modified_time\" content=\"2025-10-22T09:20:19+00:00\" \/>\n<meta name=\"twitter:card\" content=\"summary_large_image\" \/>\n<meta name=\"twitter:label1\" content=\"Szacowany czas czytania\" \/>\n\t<meta name=\"twitter:data1\" content=\"3 minuty\" \/>\n<!-- \/ Yoast SEO plugin. -->","yoast_head_json":{"title":"Aplikacja z kalendarzem rezerwacji wizyt Wix","description":"Umie\u015b\u0107 interaktywny ko\u0142owrotek na stronie Wix. Zobacz wszystkie funkcje wtyczki Wix Spinning Wheel, kt\u00f3re mo\u017cesz doda\u0107 do strony internetowej.","robots":{"index":"index","follow":"follow","max-snippet":"max-snippet:-1","max-image-preview":"max-image-preview:large","max-video-preview":"max-video-preview:-1"},"canonical":"https:\/\/elfsight.com\/pl\/appointment-booking-widget\/wix\/","og_locale":"pl_PL","og_type":"article","og_title":"Aplikacja z kalendarzem rezerwacji wizyt Wix","og_description":"Umie\u015b\u0107 interaktywny ko\u0142owrotek na stronie Wix. Zobacz wszystkie funkcje wtyczki Wix Spinning Wheel, kt\u00f3re mo\u017cesz doda\u0107 do strony internetowej.","og_url":"https:\/\/elfsight.com\/pl\/appointment-booking-widget\/wix\/","og_site_name":"Elfsight PL","article_modified_time":"2025-10-22T09:20:19+00:00","twitter_card":"summary_large_image","twitter_misc":{"Szacowany czas czytania":"3 minuty"},"schema":{"@context":"https:\/\/schema.org","@graph":[{"@type":"WebPage","@id":"https:\/\/elfsight.com\/pl\/appointment-booking-widget\/wix\/","url":"https:\/\/elfsight.com\/pl\/appointment-booking-widget\/wix\/","name":"Aplikacja z kalendarzem rezerwacji wizyt Wix","isPartOf":{"@id":"https:\/\/elfsight.com\/pl\/#website"},"datePublished":"2024-09-30T18:27:29+00:00","dateModified":"2025-10-22T09:20:19+00:00","description":"Umie\u015b\u0107 interaktywny ko\u0142owrotek na stronie Wix. Zobacz wszystkie funkcje wtyczki Wix Spinning Wheel, kt\u00f3re mo\u017cesz doda\u0107 do strony internetowej.","breadcrumb":{"@id":"https:\/\/elfsight.com\/pl\/appointment-booking-widget\/wix\/#breadcrumb"},"inLanguage":"pl-PL","potentialAction":[{"@type":"ReadAction","target":["https:\/\/elfsight.com\/pl\/appointment-booking-widget\/wix\/"]}]},{"@type":"BreadcrumbList","@id":"https:\/\/elfsight.com\/pl\/appointment-booking-widget\/wix\/#breadcrumb","itemListElement":[{"@type":"ListItem","position":1,"name":"Home","item":"https:\/\/elfsight.com\/pl\/"},{"@type":"ListItem","position":2,"name":"Appointment Booking","item":"https:\/\/elfsight.com\/pl\/appointment-booking-widget\/"},{"@type":"ListItem","position":3,"name":"appointment booking &#8211; wix"}]},{"@type":"WebSite","@id":"https:\/\/elfsight.com\/pl\/#website","url":"https:\/\/elfsight.com\/pl\/","name":"Elfsight PL","description":"Just another Elfsight Sites site","potentialAction":[{"@type":"SearchAction","target":{"@type":"EntryPoint","urlTemplate":"https:\/\/elfsight.com\/pl\/?s={search_term_string}"},"query-input":{"@type":"PropertyValueSpecification","valueRequired":true,"valueName":"search_term_string"}}],"inLanguage":"pl-PL"}]}},"meta_box":{"industry":"","seo_heading":"","heading":"","description":"","cta_heading":"","cta_description":"","application":"9513","h1":"Aplikacja do rezerwacji wizyt Wix","h1_caption":"Pozw\u00f3l u\u017cytkownikom \u0142atwo planowa\u0107 spotkania bezpo\u015brednio z Twojej witryny Wix, zwi\u0119kszaj\u0105c wygod\u0119 i usprawniaj\u0105c proces rezerwacji.","application_category":[],"applications_title":"","applications_request_title":"","applications_request_button_text":"","hero_text":"","hero_video":"","hero_video_schema_markup":"","selling_points_title":"","selling_points_caption":"","selling_points":[],"selling_points_cta_text":"","features_title":"","features":"","ed_cta_examples_text":"","ed_cta_examples_hidden":"","ed_cta_demo_text":"","ed_cta_demo_hidden":"","why_caption":"","why_editor_title":"","why_editor_text":"","why_team_title":"","why_team_text":"","why_service_title":"","why_service_text":"","template_catalog_visible":"0","template_catalog_title":"","template_catalog_text":"","template_catalog_categories_visible":"","demo_title":"Utw\u00f3rz aplikacj\u0119 do rezerwacji spotka\u0144","demo_caption":"Skonfiguruj swoj\u0105 Rezerwacj\u0119 Wizyty i dodaj j\u0105 do swojej witryny Wix za darmo!","default_faq_hidden":"","app_template_category":[],"platform":"30","template_public_id":"","codecanyon_url":"","codecanyon_item_id":"","codecanyon_price":"","pricing_caption":"","pricing_elfsight_apps_hide_column":"","pricing_elfsight_apps_url":"","pricing_codecanyon_price_caption":"","integration_category":[],"integration_request_title":"","integration_request_cta":"","integration_platform":"","integrations":[],"platform_category":[],"video_schema_markup":"","price":"od 0 USD \/ miesi\u0105c","trial":"","benefits":[{"text":"Bezp\u0142atna us\u0142uga monta\u017cu"},{"text":"Do\u015bwiadczona obs\u0142uga klienta"},{"text":"14-dniowa gwarancja zwrotu pieni\u0119dzy"},{"text":"Ci\u0105g\u0142e aktualizacje"}],"button_url":"#demo","button_target_blank":"0","button_nofollow":"0","attributes":[{"name":"Instaluje","content":"1,000 - 5,000"},{"name":"Czu\u0142y","content":"Tak"},{"name":"Kompatybilne przegl\u0105darki","content":"Firefox, Safari, Opera, Chrome, Edge"}],"tags":[],"tags_disable_links":"0","hide_more_platforms":"0","video_object":"","demo_hide_cta":"0","demo_hide_cloud_options":"0","pricing_title":"","pricing":[{"pricing_icon":"platform","pricing_title":"Elfsight Apps","pricing_title_caption":"Wersja wieloplatformowa, kt\u00f3ra pasuje do ka\u017cdej witryny","pricing_price":"Od 0 USD \/ miesi\u0105c","pricing_price_caption":"Zacznij od bezp\u0142atnego planu","pricing_benefits":[{"text":"Nielimitowane strony internetowe"},{"text":"Szybka pomoc firmy i dobrze udokumentowana"},{"text":"Bezp\u0142atna pomoc w monta\u017cu"},{"text":"Elastyczny projekt"}],"pricing_button_text":"Dodaj do witryny","pricing_button_url":"#demo"}],"related_apps_title":"","related_apps_hidden":"0","author":"","image":[],"title":"","job":"","social_networks":[]},"_links":{"self":[{"href":"https:\/\/elfsight.com\/pl\/wp-json\/wp\/v2\/pages\/8789","targetHints":{"allow":["GET"]}}],"collection":[{"href":"https:\/\/elfsight.com\/pl\/wp-json\/wp\/v2\/pages"}],"about":[{"href":"https:\/\/elfsight.com\/pl\/wp-json\/wp\/v2\/types\/page"}],"author":[{"embeddable":true,"href":"https:\/\/elfsight.com\/pl\/wp-json\/wp\/v2\/users\/9"}],"replies":[{"embeddable":true,"href":"https:\/\/elfsight.com\/pl\/wp-json\/wp\/v2\/comments?post=8789"}],"version-history":[{"count":2,"href":"https:\/\/elfsight.com\/pl\/wp-json\/wp\/v2\/pages\/8789\/revisions"}],"predecessor-version":[{"id":10780,"href":"https:\/\/elfsight.com\/pl\/wp-json\/wp\/v2\/pages\/8789\/revisions\/10780"}],"up":[{"embeddable":true,"href":"https:\/\/elfsight.com\/pl\/wp-json\/wp\/v2\/pages\/9514"}],"wp:attachment":[{"href":"https:\/\/elfsight.com\/pl\/wp-json\/wp\/v2\/media?parent=8789"}],"curies":[{"name":"wp","href":"https:\/\/api.w.org\/{rel}","templated":true}]}}