{"id":8784,"date":"2024-09-30T18:27:29","date_gmt":"2024-09-30T18:27:29","guid":{"rendered":"https:\/\/elfsight.com\/pl\/?page_id=8784"},"modified":"2025-12-01T11:05:42","modified_gmt":"2025-12-01T11:05:42","slug":"html","status":"publish","type":"page","link":"https:\/\/elfsight.com\/pl\/website-translator-widget\/html\/","title":{"rendered":"website translator &#8211; html"},"content":{"rendered":"<div class=\"application-platform-content-item-description application-platform-content-item\" id=\"description\" data-nav-section=\"description\"> <h2>Osad\u017a T\u0142umacz witryn internetowych w formacie HTML za pomoc\u0105 wid\u017cetu Elfsight<\/h2> <p>\u015awietny spos\u00f3b na zwi\u0119kszenie obecno\u015bci Twojej firmy w Internecie i przyci\u0105gni\u0119cie globalnego odbiorc\u00f3w osadza nasz wid\u017cet T\u0142umacza stron internetowych dla HTML. Dzi\u0119ki p\u0142ynnemu t\u0142umaczeniu tre\u015bci Twojej witryny, ten widget gwarantuje, \u017ce Tw\u00f3j przekaz dotrze do klient\u00f3w z r\u00f3\u017cnych spo\u0142eczno\u015bci j\u0119zykowych, pomagaj\u0105c prze\u0142ama\u0107 bariery j\u0119zykowe i zwi\u0119kszy\u0107 zasi\u0119g Twojej firmy. <\/p><p>Nasz t\u0142umacz stron internetowych oferuje natychmiastowe, automatyczne t\u0142umaczenie stron internetowych wspomagane przez Google AI, obs\u0142uguj\u0105ce ponad 130 j\u0119zyk\u00f3w. Mo\u017ce zapami\u0119ta\u0107 ustawienia j\u0119zykowe odwiedzaj\u0105cych, zapewniaj\u0105c indywidualne do\u015bwiadczenie przegl\u0105dania, kt\u00f3re utrzymuje ich w zaanga\u017cowaniu. Z \u0142atwo\u015bci\u0105 zglobalizuj swoj\u0105 witryn\u0119 HTML i nawi\u0105\u017c kontakt z r\u00f3\u017cnorodnymi odbiorcami dzi\u0119ki zaawansowanej technologii t\u0142umacze\u0144. <\/p><p><b>Oferuj swoje towary i us\u0142ugi na ca\u0142ym \u015bwiecie dzi\u0119ki przyjaznemu dla u\u017cytkownika widgetowi zmiany j\u0119zyka! <\/b><\/p><\/div> <div class=\"application-platform-content-item-features application-platform-content-item\" id=\"features\" data-nav-section=\"features\"> <h2>Oto lista najwa\u017cniejszych funkcji: <\/h2><ul><li>natychmiastowe automatyczne t\u0142umaczenie strony internetowej<\/li> <li>T\u0142umaczenie wspomagane sztuczn\u0105 inteligencj\u0105 Google<\/li><li>Obs\u0142uga ponad 130 j\u0119zyk\u00f3w<\/li><li>Utrzymanie u\u017cytkownika ustawienia<\/li><li>Wiele predefiniowanych styl\u00f3w wid\u017cet\u00f3w<\/li><\/ul><p><a href=\"#demo\">W wersji demonstracyjnej mo\u017cesz przetestowa\u0107 pe\u0142ne mo\u017cliwo\u015bci wid\u017cetu <\/a><\/p><\/div> <div class=\"application-platform-content-item-installation application-platform-content-item\" id=\"installation\" data-nav-section=\"installation\"> <h2>Jak mog\u0119 zintegrowa\u0107 T\u0142umacza witryn z moimi stronami HTML? <\/h2><div class=\"video-container\">\n<iframe width=\"720\" height=\"405\" src=\"https:\/\/www.youtube.com\/embed\/CKjm68exgCE?si=biZykN-lKJPMmCOK\" frameborder=\"0\" allowfullscreen=\"\"><\/iframe>\n<\/div><p>Wystarczy wykona\u0107 poni\u017csze wskaz\u00f3wki, aby aktywowa\u0107 wtyczk\u0119. <\/p><ol><li><b>Otw\u00f3rz nasze bezp\u0142atne demo i zacznij tworzy\u0107 swoj\u0105 unikaln\u0105 wtyczk\u0119. <\/b><br>Okre\u015bl preferowane cechy konstrukcyjne i funkcjonalne narz\u0119dzia oraz zapisz poprawki. <\/li> <li><b>Skopiuj kod osobisty wy\u015bwietlony w oknie aplikacji Elfsight. <\/b><br>Po zako\u0144czeniu konfiguracji narz\u0119dzia skopiuj indywidualny kod z wy\u015bwietlonego pola i zapisz go na dalsze potrzeby. <\/li> <li><b>Rozpocznij korzystanie z wid\u017cetu na stronie g\u0142\u00f3wnej HTML. <\/b><br>Zintegruj zapisany ostatnio kod ze swoj\u0105 stron\u0105 g\u0142\u00f3wn\u0105 i zapisz zmiany. <\/li> <li><b>Gotowe! Osadzanie zosta\u0142o pomy\u015blnie wykonane. <\/b><br>Wejd\u017a na swoj\u0105 witryn\u0119 i sprawd\u017a, jak dzia\u0142a narz\u0119dzie. <\/li><\/ol><p>Je\u015bli napotkasz jakiekolwiek problemy, nie wahaj si\u0119 zwr\u00f3ci\u0107 do naszego zespo\u0142u obs\u0142ugi klienta. Nasi ludzie z przyjemno\u015bci\u0105 pomog\u0105 Ci we wszystkich problemach, jakie mo\u017cesz mie\u0107 z widgetem. <\/p><\/div>","protected":false},"excerpt":{"rendered":"","protected":false},"author":9,"featured_media":0,"parent":8190,"menu_order":0,"comment_status":"closed","ping_status":"closed","template":"templates\/template-application-platform.php","meta":{"publish_to_discourse":"","publish_post_category":"","wpdc_auto_publish_overridden":"","wpdc_topic_tags":"","wpdc_pin_topic":"","wpdc_pin_until":"","discourse_post_id":"","discourse_permalink":"","wpdc_publishing_response":"","wpdc_publishing_error":"","footnotes":""},"class_list":["post-8784","page","type-page","status-publish","hentry"],"yoast_head":"<!-- This site is optimized with the Yoast SEO plugin v25.3.1 - https:\/\/yoast.com\/wordpress\/plugins\/seo\/ -->\n<title>Widget T\u0142umacza Witryny - Dodaj P\u0142ynny T\u0142umacz do HTML<\/title>\n<meta name=\"description\" content=\"Dodaj kalendarz rezerwacji Wix bez kodowania, aby udost\u0119pni\u0107 swoim klientom miejsca. Usprawnij planowanie dzi\u0119ki harmonogramowi spotka\u0144 Wix.\" \/>\n<meta name=\"robots\" content=\"index, follow, max-snippet:-1, max-image-preview:large, max-video-preview:-1\" \/>\n<link rel=\"canonical\" href=\"https:\/\/elfsight.com\/pl\/website-translator-widget\/html\/\" \/>\n<meta property=\"og:locale\" content=\"pl_PL\" \/>\n<meta property=\"og:type\" content=\"article\" \/>\n<meta property=\"og:title\" content=\"Widget T\u0142umacza Witryny - Dodaj P\u0142ynny T\u0142umacz do HTML\" \/>\n<meta property=\"og:description\" content=\"Dodaj kalendarz rezerwacji Wix bez kodowania, aby udost\u0119pni\u0107 swoim klientom miejsca. Usprawnij planowanie dzi\u0119ki harmonogramowi spotka\u0144 Wix.\" \/>\n<meta property=\"og:url\" content=\"https:\/\/elfsight.com\/pl\/website-translator-widget\/html\/\" \/>\n<meta property=\"og:site_name\" content=\"Elfsight PL\" \/>\n<meta property=\"article:modified_time\" content=\"2025-12-01T11:05:42+00:00\" \/>\n<meta name=\"twitter:card\" content=\"summary_large_image\" \/>\n<meta name=\"twitter:label1\" content=\"Szacowany czas czytania\" \/>\n\t<meta name=\"twitter:data1\" content=\"2 minuty\" \/>\n<!-- \/ Yoast SEO plugin. -->","yoast_head_json":{"title":"Widget T\u0142umacza Witryny - Dodaj P\u0142ynny T\u0142umacz do HTML","description":"Dodaj kalendarz rezerwacji Wix bez kodowania, aby udost\u0119pni\u0107 swoim klientom miejsca. Usprawnij planowanie dzi\u0119ki harmonogramowi spotka\u0144 Wix.","robots":{"index":"index","follow":"follow","max-snippet":"max-snippet:-1","max-image-preview":"max-image-preview:large","max-video-preview":"max-video-preview:-1"},"canonical":"https:\/\/elfsight.com\/pl\/website-translator-widget\/html\/","og_locale":"pl_PL","og_type":"article","og_title":"Widget T\u0142umacza Witryny - Dodaj P\u0142ynny T\u0142umacz do HTML","og_description":"Dodaj kalendarz rezerwacji Wix bez kodowania, aby udost\u0119pni\u0107 swoim klientom miejsca. Usprawnij planowanie dzi\u0119ki harmonogramowi spotka\u0144 Wix.","og_url":"https:\/\/elfsight.com\/pl\/website-translator-widget\/html\/","og_site_name":"Elfsight PL","article_modified_time":"2025-12-01T11:05:42+00:00","twitter_card":"summary_large_image","twitter_misc":{"Szacowany czas czytania":"2 minuty"},"schema":{"@context":"https:\/\/schema.org","@graph":[{"@type":"WebPage","@id":"https:\/\/elfsight.com\/pl\/website-translator-widget\/html\/","url":"https:\/\/elfsight.com\/pl\/website-translator-widget\/html\/","name":"Widget T\u0142umacza Witryny - Dodaj P\u0142ynny T\u0142umacz do HTML","isPartOf":{"@id":"https:\/\/elfsight.com\/pl\/#website"},"datePublished":"2024-09-30T18:27:29+00:00","dateModified":"2025-12-01T11:05:42+00:00","description":"Dodaj kalendarz rezerwacji Wix bez kodowania, aby udost\u0119pni\u0107 swoim klientom miejsca. Usprawnij planowanie dzi\u0119ki harmonogramowi spotka\u0144 Wix.","breadcrumb":{"@id":"https:\/\/elfsight.com\/pl\/website-translator-widget\/html\/#breadcrumb"},"inLanguage":"pl-PL","potentialAction":[{"@type":"ReadAction","target":["https:\/\/elfsight.com\/pl\/website-translator-widget\/html\/"]}]},{"@type":"BreadcrumbList","@id":"https:\/\/elfsight.com\/pl\/website-translator-widget\/html\/#breadcrumb","itemListElement":[{"@type":"ListItem","position":1,"name":"Home","item":"https:\/\/elfsight.com\/pl\/"},{"@type":"ListItem","position":2,"name":"Website Translator","item":"https:\/\/elfsight.com\/pl\/website-translator-widget\/"},{"@type":"ListItem","position":3,"name":"website translator &#8211; html"}]},{"@type":"WebSite","@id":"https:\/\/elfsight.com\/pl\/#website","url":"https:\/\/elfsight.com\/pl\/","name":"Elfsight PL","description":"Just another Elfsight Sites site","potentialAction":[{"@type":"SearchAction","target":{"@type":"EntryPoint","urlTemplate":"https:\/\/elfsight.com\/pl\/?s={search_term_string}"},"query-input":{"@type":"PropertyValueSpecification","valueRequired":true,"valueName":"search_term_string"}}],"inLanguage":"pl-PL"}]}},"meta_box":{"industry":"","seo_heading":"","heading":"","description":"","cta_heading":"","cta_description":"","application":"8185","h1":"Wid\u017cet T\u0142umacza stron internetowych HTML","h1_caption":"Automatycznie t\u0142umacz zawarto\u015b\u0107 swojej witryny na wiele j\u0119zyk\u00f3w, dzi\u0119ki czemu b\u0119dzie ona dost\u0119pna dla odbiorc\u00f3w na ca\u0142ym \u015bwiecie w Twojej witrynie HTML bez wysi\u0142ku.","application_category":[],"applications_title":"","applications_request_title":"","applications_request_button_text":"","hero_text":"","hero_video":"","hero_video_schema_markup":"","selling_points_title":"","selling_points_caption":"","selling_points":[],"selling_points_cta_text":"","features_title":"","features":"","ed_cta_examples_text":"","ed_cta_examples_hidden":"","ed_cta_demo_text":"","ed_cta_demo_hidden":"","why_caption":"","why_editor_title":"","why_editor_text":"","why_team_title":"","why_team_text":"","why_service_title":"","why_service_text":"","template_catalog_visible":"0","template_catalog_title":"","template_catalog_text":"","template_catalog_categories_visible":"","demo_title":"Utw\u00f3rz wid\u017cet T\u0142umacza stron internetowych","demo_caption":"Skonfiguruj t\u0142umacza stron internetowych i dodaj go do swojej witryny HTML za darmo!","default_faq_hidden":"","app_template_category":[],"platform":"50","template_public_id":"","codecanyon_url":"","codecanyon_item_id":"","codecanyon_price":"","pricing_caption":"","pricing_elfsight_apps_hide_column":"","pricing_elfsight_apps_url":"","pricing_codecanyon_price_caption":"","integration_category":[],"integration_request_title":"","integration_request_cta":"","integration_platform":"","integrations":[],"platform_category":[],"video_schema_markup":"","price":"od 0 USD \/ miesi\u0105c","trial":"","benefits":[{"text":"Bezp\u0142atna pomoc w instalacji"},{"text":"Wsparcie premium"},{"text":"14-dniowa gwarancja zwrotu pieni\u0119dzy"},{"text":"Bie\u017c\u0105ce aktualizacje"}],"button_url":"#demo","button_target_blank":"0","button_nofollow":"0","attributes":[{"name":"Zainstalowa\u0107","content":"50,000 - 100,000"},{"name":"Czu\u0142y","content":"Tak"},{"name":"Kompatybilne przegl\u0105darki","content":"Firefox, Safari, Opera, Chrome, Edge"}],"tags":[],"tags_disable_links":"0","hide_more_platforms":"0","video_object":"","demo_hide_cta":"0","demo_hide_cloud_options":"0","pricing_title":"","pricing":[{"pricing_icon":"platform","pricing_title":"Elfsight Apps","pricing_title_caption":"Wieloplatformowe rozwi\u0105zanie cyfrowe","pricing_price":"od 0 USD \/ miesi\u0105c","pricing_price_caption":"zacznij od darmowego planu","pricing_benefits":[{"text":"Nielimitowane domeny"},{"text":"Ca\u0142odobowe wsparcie firmy i dobrze udokumentowane"},{"text":"Bezp\u0142atna pomoc w monta\u017cu"},{"text":"W pe\u0142ni konfigurowalny"}],"pricing_button_text":"Dodaj do witryny","pricing_button_url":"#demo"}],"related_apps_title":"","related_apps_hidden":"0","author":"","image":[],"title":"","job":"","social_networks":[]},"_links":{"self":[{"href":"https:\/\/elfsight.com\/pl\/wp-json\/wp\/v2\/pages\/8784","targetHints":{"allow":["GET"]}}],"collection":[{"href":"https:\/\/elfsight.com\/pl\/wp-json\/wp\/v2\/pages"}],"about":[{"href":"https:\/\/elfsight.com\/pl\/wp-json\/wp\/v2\/types\/page"}],"author":[{"embeddable":true,"href":"https:\/\/elfsight.com\/pl\/wp-json\/wp\/v2\/users\/9"}],"replies":[{"embeddable":true,"href":"https:\/\/elfsight.com\/pl\/wp-json\/wp\/v2\/comments?post=8784"}],"version-history":[{"count":2,"href":"https:\/\/elfsight.com\/pl\/wp-json\/wp\/v2\/pages\/8784\/revisions"}],"predecessor-version":[{"id":10811,"href":"https:\/\/elfsight.com\/pl\/wp-json\/wp\/v2\/pages\/8784\/revisions\/10811"}],"up":[{"embeddable":true,"href":"https:\/\/elfsight.com\/pl\/wp-json\/wp\/v2\/pages\/8190"}],"wp:attachment":[{"href":"https:\/\/elfsight.com\/pl\/wp-json\/wp\/v2\/media?parent=8784"}],"curies":[{"name":"wp","href":"https:\/\/api.w.org\/{rel}","templated":true}]}}