{"id":8782,"date":"2024-09-30T18:27:29","date_gmt":"2024-09-30T18:27:29","guid":{"rendered":"https:\/\/elfsight.com\/pl\/?page_id=8782"},"modified":"2024-12-17T13:11:12","modified_gmt":"2024-12-17T13:11:12","slug":"html","status":"publish","type":"page","link":"https:\/\/elfsight.com\/pl\/appointment-booking-widget\/html\/","title":{"rendered":"appointment booking &#8211; html"},"content":{"rendered":"<div class=\"application-platform-content-item-description application-platform-content-item\" id=\"description\" data-nav-section=\"description\"><h2>Osad\u017a rezerwacj\u0119 spotkania w formacie HTML za pomoc\u0105 wid\u017cetu Elfsight!<\/h2> <p>Widget Rezerwacja spotkania jest dost\u0119pny, aby pom\u00f3c potencjalnym klientom w rezerwacji miejsca bezpo\u015brednio w Twojej witrynie HTML, minimalizuj\u0105c prac\u0119 r\u0119czn\u0105 \u2014 na przyk\u0142ad sta\u0142\u0105 dost\u0119pno\u015b\u0107 przez ca\u0142y czas, aby unikn\u0105\u0107 przegapienia wiadomo\u015bci, po\u0142\u0105cze\u0144 i e-maili \u2014 od Ciebie. To tak, jakby mie\u0107 wirtualnego asystenta pracuj\u0105cego 24 godziny na dob\u0119, 7 dni w tygodniu, kt\u00f3ry wysy\u0142a automatyczne powiadomienia i mo\u017cna go po\u0142\u0105czy\u0107 z zewn\u0119trznymi integracjami, takimi jak Kalendarz Google.<\/p> <p>Teraz jest moment, aby dok\u0142adniej opisa\u0107 swoj\u0105 us\u0142ug\u0119 lub wydarzenie, okre\u015bli\u0107 godzin\u0119 ramk\u0119, ujawnij dane kontaktowe i ustal ceny, aby u\u0142atwi\u0107 klientom proces decyzyjny. Co wi\u0119cej, mo\u017cesz wybra\u0107 estetyk\u0119 wizualn\u0105 wid\u017cetu, modyfikuj\u0105c niestandardowe elementy i funkcje, bez konieczno\u015bci doskonalenia umiej\u0119tno\u015bci kodowania lub zatrudniania programisty!<\/p> <p><b>Pozw\u00f3l swojej firmie rozwija\u0107 si\u0119 i sta\u0107 si\u0119 dost\u0119pn\u0105 dla wi\u0119kszej liczby os\u00f3b odbiorc\u00f3w z rezerwacj\u0105 spotka\u0144 online na Twojej stronie internetowej!<\/b><\/p> <\/div> <div class=\"application-platform-content-item-features application-platform-content-item\" id=\"features\" data-nav-section=\"features\"> <h2>Widget zawiera praktyczne i szybkie funkcje, zobacz niekt\u00f3re z nich:<\/h2> <ul><li>Zaoferuj dok\u0142adny przegl\u0105d swojej us\u0142ugi \u2014 nazw\u0119, szczeg\u00f3\u0142y, zdj\u0119cie i czas trwania \u2014 oraz ustal ceny w r\u00f3\u017cnych walutach.<\/li><li>Wy\u015blij automatyczne powiadomienia w celu potwierdzenia zaplanowanych termin\u00f3w dla klient\u00f3w i dla Ciebie.<\/li><li>Zsynchronizuj wid\u017cet z integracjami outsourcingowymi, takimi jak Kalendarz Google, aby zapewni\u0107 aktualizacje w czasie rzeczywistym.<\/li><li>Zaprezentuj informacje kontaktowe swojej firmy jako dow\u00f3d spo\u0142eczny i umo\u017cliwia u\u017cytkownikom skontaktowanie si\u0119 w przypadku nieoczekiwanego okoliczno\u015bci.<\/li><li>Dostosowywanie bez kodu dzi\u0119ki zaawansowanym ustawieniom projektu: gotowe szablony, kolory, wiele uk\u0142ad\u00f3w projekt\u00f3w uk\u0142ad\u00f3w, czcionki, niestandardowy edytor CSS, niestandardowy edytor JS i nie tylko.<\/li><\/ul><p><a href=\"#demo\">Po prostu wypr\u00f3buj t\u0119 wersj\u0119 demonstracyjn\u0105, aby zobaczy\u0107, ile wart jest wid\u017cet<\/a><\/p> <\/div> <div class=\"application-platform-content-item-installation application-platform-content-item\" id=\"installation\" data-nav-section=\"installation\"> <h2>Jak osadzi\u0107 rezerwacj\u0119 spotkania w mojej witrynie HTML?<\/h2> <p>Aby osadzi\u0107 rezerwacj\u0119 spotkania w swojej witrynie HTML, wykonaj nast\u0119puj\u0105ce czynno\u015bci:<\/p> <ol><li><b>Uruchom nasze darmowy konfigurator i zacznij budowa\u0107 swoj\u0105 spersonalizowan\u0105 wtyczk\u0119 LinkedIn Feed.<\/b><br> Okre\u015bl wybrany uk\u0142ad i charakterystyk\u0119 narz\u0119dzia oraz zastosuj poprawki.<\/li> <li><b>Zdob\u0105d\u017a sw\u00f3j osobisty kod pojawiaj\u0105cy si\u0119 w okno na Elfsight Aplikacje.<\/b><br> Po utworzeniu osobistego wid\u017cetu skopiuj ekskluzywny kod z wy\u015bwietlonego wyskakuj\u0105cego okienka i zapisz go do wykorzystania w przysz\u0142o\u015bci.<\/li> <li><b>Rozpocznij korzystanie z wtyczki na swojej stronie HTML.<\/b><br> Umie\u015b\u0107 skopiowany wcze\u015bniej kod na swojej stronie i zapisz ulepszenia.<\/li> <li><b>Gotowe! Integracja zosta\u0142a ca\u0142kowicie zako\u0144czona.<\/b><br> Odwied\u017a swoj\u0105 witryn\u0119, aby sprawdzi\u0107 dzia\u0142anie wid\u017cetu.<\/li><\/ol> <p>W przypadku jakichkolwiek trudno\u015bci skontaktuj si\u0119 z naszym dzia\u0142em obs\u0142ugi klienta . Nasi ludzie ch\u0119tnie odpowiedz\u0105 na wszystkie pytania dotycz\u0105ce tego narz\u0119dzia.<\/p> <\/div> ","protected":false},"excerpt":{"rendered":"","protected":false},"author":9,"featured_media":0,"parent":9514,"menu_order":0,"comment_status":"closed","ping_status":"closed","template":"templates\/template-application-platform.php","meta":{"publish_to_discourse":"","publish_post_category":"","wpdc_auto_publish_overridden":"","wpdc_topic_tags":"","wpdc_pin_topic":"","wpdc_pin_until":"","discourse_post_id":"","discourse_permalink":"","wpdc_publishing_response":"","wpdc_publishing_error":"","footnotes":""},"class_list":["post-8782","page","type-page","status-publish","hentry"],"yoast_head":"<!-- This site is optimized with the Yoast SEO plugin v25.3.1 - https:\/\/yoast.com\/wordpress\/plugins\/seo\/ -->\n<title>Wid\u017cet rezerwacji dla witryny HTML \u2014 osadzaj kalendarz spotka\u0144 w formacie HTML<\/title>\n<meta name=\"description\" content=\"Poznaj nasz\u0105 now\u0105 generacj\u0119 wtyczek i wid\u017cet\u00f3w HTML. Zobacz wszystkie funkcje wtyczki HTML Spinning Wheel, kt\u00f3r\u0105 mo\u017cesz doda\u0107 do strony internetowej.\" \/>\n<meta name=\"robots\" content=\"index, follow, max-snippet:-1, max-image-preview:large, max-video-preview:-1\" \/>\n<link rel=\"canonical\" href=\"https:\/\/elfsight.com\/pl\/appointment-booking-widget\/html\/\" \/>\n<meta property=\"og:locale\" content=\"pl_PL\" \/>\n<meta property=\"og:type\" content=\"article\" \/>\n<meta property=\"og:title\" content=\"Wid\u017cet rezerwacji dla witryny HTML \u2014 osadzaj kalendarz spotka\u0144 w formacie HTML\" \/>\n<meta property=\"og:description\" content=\"Poznaj nasz\u0105 now\u0105 generacj\u0119 wtyczek i wid\u017cet\u00f3w HTML. Zobacz wszystkie funkcje wtyczki HTML Spinning Wheel, kt\u00f3r\u0105 mo\u017cesz doda\u0107 do strony internetowej.\" \/>\n<meta property=\"og:url\" content=\"https:\/\/elfsight.com\/pl\/appointment-booking-widget\/html\/\" \/>\n<meta property=\"og:site_name\" content=\"Elfsight PL\" \/>\n<meta property=\"article:modified_time\" content=\"2024-12-17T13:11:12+00:00\" \/>\n<meta name=\"twitter:card\" content=\"summary_large_image\" \/>\n<meta name=\"twitter:label1\" content=\"Szacowany czas czytania\" \/>\n\t<meta name=\"twitter:data1\" content=\"2 minuty\" \/>\n<!-- \/ Yoast SEO plugin. -->","yoast_head_json":{"title":"Wid\u017cet rezerwacji dla witryny HTML \u2014 osadzaj kalendarz spotka\u0144 w formacie HTML","description":"Poznaj nasz\u0105 now\u0105 generacj\u0119 wtyczek i wid\u017cet\u00f3w HTML. Zobacz wszystkie funkcje wtyczki HTML Spinning Wheel, kt\u00f3r\u0105 mo\u017cesz doda\u0107 do strony internetowej.","robots":{"index":"index","follow":"follow","max-snippet":"max-snippet:-1","max-image-preview":"max-image-preview:large","max-video-preview":"max-video-preview:-1"},"canonical":"https:\/\/elfsight.com\/pl\/appointment-booking-widget\/html\/","og_locale":"pl_PL","og_type":"article","og_title":"Wid\u017cet rezerwacji dla witryny HTML \u2014 osadzaj kalendarz spotka\u0144 w formacie HTML","og_description":"Poznaj nasz\u0105 now\u0105 generacj\u0119 wtyczek i wid\u017cet\u00f3w HTML. Zobacz wszystkie funkcje wtyczki HTML Spinning Wheel, kt\u00f3r\u0105 mo\u017cesz doda\u0107 do strony internetowej.","og_url":"https:\/\/elfsight.com\/pl\/appointment-booking-widget\/html\/","og_site_name":"Elfsight PL","article_modified_time":"2024-12-17T13:11:12+00:00","twitter_card":"summary_large_image","twitter_misc":{"Szacowany czas czytania":"2 minuty"},"schema":{"@context":"https:\/\/schema.org","@graph":[{"@type":"WebPage","@id":"https:\/\/elfsight.com\/pl\/appointment-booking-widget\/html\/","url":"https:\/\/elfsight.com\/pl\/appointment-booking-widget\/html\/","name":"Wid\u017cet rezerwacji dla witryny HTML \u2014 osadzaj kalendarz spotka\u0144 w formacie HTML","isPartOf":{"@id":"https:\/\/elfsight.com\/pl\/#website"},"datePublished":"2024-09-30T18:27:29+00:00","dateModified":"2024-12-17T13:11:12+00:00","description":"Poznaj nasz\u0105 now\u0105 generacj\u0119 wtyczek i wid\u017cet\u00f3w HTML. Zobacz wszystkie funkcje wtyczki HTML Spinning Wheel, kt\u00f3r\u0105 mo\u017cesz doda\u0107 do strony internetowej.","breadcrumb":{"@id":"https:\/\/elfsight.com\/pl\/appointment-booking-widget\/html\/#breadcrumb"},"inLanguage":"pl-PL","potentialAction":[{"@type":"ReadAction","target":["https:\/\/elfsight.com\/pl\/appointment-booking-widget\/html\/"]}]},{"@type":"BreadcrumbList","@id":"https:\/\/elfsight.com\/pl\/appointment-booking-widget\/html\/#breadcrumb","itemListElement":[{"@type":"ListItem","position":1,"name":"Home","item":"https:\/\/elfsight.com\/pl\/"},{"@type":"ListItem","position":2,"name":"Appointment Booking","item":"https:\/\/elfsight.com\/pl\/appointment-booking-widget\/"},{"@type":"ListItem","position":3,"name":"appointment booking &#8211; html"}]},{"@type":"WebSite","@id":"https:\/\/elfsight.com\/pl\/#website","url":"https:\/\/elfsight.com\/pl\/","name":"Elfsight PL","description":"Just another Elfsight Sites site","potentialAction":[{"@type":"SearchAction","target":{"@type":"EntryPoint","urlTemplate":"https:\/\/elfsight.com\/pl\/?s={search_term_string}"},"query-input":{"@type":"PropertyValueSpecification","valueRequired":true,"valueName":"search_term_string"}}],"inLanguage":"pl-PL"}]}},"meta_box":{"industry":"","seo_heading":"","heading":"","description":"","cta_heading":"","cta_description":"","application":"9513","h1":"Kalendarz spotka\u0144 HTML","h1_caption":"Pozw\u00f3l u\u017cytkownikom \u0142atwo planowa\u0107 spotkania bezpo\u015brednio z Twojej witryny HTML, zwi\u0119kszaj\u0105c wygod\u0119 i usprawniaj\u0105c proces rezerwacji.","application_category":[],"applications_title":"","applications_request_title":"","applications_request_button_text":"","hero_text":"","hero_video":"","hero_video_schema_markup":"","selling_points_title":"","selling_points_caption":"","selling_points":[],"selling_points_cta_text":"","features_title":"","features":"","ed_cta_examples_text":"","ed_cta_examples_hidden":"","ed_cta_demo_text":"","ed_cta_demo_hidden":"","why_caption":"","why_editor_title":"","why_editor_text":"","why_team_title":"","why_team_text":"","why_service_title":"","why_service_text":"","template_catalog_visible":"","template_catalog_title":"","template_catalog_text":"","template_catalog_categories_visible":"","demo_title":"Utw\u00f3rz wid\u017cet Rezerwacja spotkania","demo_caption":"Skonfiguruj swoj\u0105 Rezerwacj\u0119 Wizyty i dodaj j\u0105 do swojej witryny HTML za darmo!","default_faq_hidden":"","app_template_category":[],"platform":"50","template_public_id":"","codecanyon_url":"","codecanyon_item_id":"","codecanyon_price":"","pricing_caption":"","pricing_elfsight_apps_hide_column":"","pricing_elfsight_apps_url":"","pricing_codecanyon_price_caption":"","integration_category":[],"integration_request_title":"","integration_request_cta":"","integration_platform":"","integrations":[],"platform_category":[],"video_schema_markup":"","price":"od 0 USD \/ miesi\u0105c","trial":"","benefits":[{"text":"Bezp\u0142atna us\u0142uga monta\u017cu"},{"text":"Do\u015bwiadczona obs\u0142uga klienta"},{"text":"14-dniowa gwarancja zwrotu pieni\u0119dzy"},{"text":"Ci\u0105g\u0142y rozw\u00f3j"}],"button_url":"#demo","button_target_blank":"","button_nofollow":"","attributes":[{"name":"Instaluje","content":"1,000 - 5,000"},{"name":"Czu\u0142y","content":"Tak"},{"name":"Kompatybilne przegl\u0105darki","content":"Firefox, Safari, Opera, Chrome, Edge"}],"tags":[],"tags_disable_links":"","hide_more_platforms":"","video_object":"","demo_hide_cta":"","demo_hide_cloud_options":"","pricing_title":"","pricing":[{"pricing_icon":"platform","pricing_title":"Elfsight Apps","pricing_title_caption":"Oprogramowanie niezale\u017cne od platformy, kt\u00f3re pasuje do ka\u017cdej witryny internetowej","pricing_price":"Od 0 USD \/ miesi\u0105c","pricing_price_caption":"Zacznij od bezp\u0142atnego planu","pricing_benefits":[{"text":"Nielimitowane strony internetowe"},{"text":"Wsparcie firmy premium"},{"text":"Bezp\u0142atna pomoc w instalacji"},{"text":"100% konfigurowalny"}],"pricing_button_text":"Dodaj do witryny","pricing_button_url":"#demo"}],"related_apps_title":"","related_apps_hidden":"","author":"","image":[],"title":"","job":"","social_networks":[]},"_links":{"self":[{"href":"https:\/\/elfsight.com\/pl\/wp-json\/wp\/v2\/pages\/8782","targetHints":{"allow":["GET"]}}],"collection":[{"href":"https:\/\/elfsight.com\/pl\/wp-json\/wp\/v2\/pages"}],"about":[{"href":"https:\/\/elfsight.com\/pl\/wp-json\/wp\/v2\/types\/page"}],"author":[{"embeddable":true,"href":"https:\/\/elfsight.com\/pl\/wp-json\/wp\/v2\/users\/9"}],"replies":[{"embeddable":true,"href":"https:\/\/elfsight.com\/pl\/wp-json\/wp\/v2\/comments?post=8782"}],"version-history":[{"count":1,"href":"https:\/\/elfsight.com\/pl\/wp-json\/wp\/v2\/pages\/8782\/revisions"}],"predecessor-version":[{"id":8786,"href":"https:\/\/elfsight.com\/pl\/wp-json\/wp\/v2\/pages\/8782\/revisions\/8786"}],"up":[{"embeddable":true,"href":"https:\/\/elfsight.com\/pl\/wp-json\/wp\/v2\/pages\/9514"}],"wp:attachment":[{"href":"https:\/\/elfsight.com\/pl\/wp-json\/wp\/v2\/media?parent=8782"}],"curies":[{"name":"wp","href":"https:\/\/api.w.org\/{rel}","templated":true}]}}