{"id":8781,"date":"2024-09-30T18:27:29","date_gmt":"2024-09-30T18:27:29","guid":{"rendered":"https:\/\/elfsight.com\/pl\/?page_id=8781"},"modified":"2025-10-27T12:25:50","modified_gmt":"2025-10-27T12:25:50","slug":"wordpress","status":"publish","type":"page","link":"https:\/\/elfsight.com\/pl\/website-translator-widget\/wordpress\/","title":{"rendered":"Website Translator &#8211; WordPress"},"content":{"rendered":"<div class=\"application-platform-content-item-description application-platform-content-item\" id=\"description\" data-nav-section=\"description\"> <h2>Osad\u017a T\u0142umacz witryn internetowych w WordPress za pomoc\u0105 wtyczki Elfsight<\/h2> <p>\u015awietny spos\u00f3b na zwi\u0119kszenie wydajno\u015bci Twojej firmy w Internecie i dotarcie do mi\u0119dzynarodowego publiczno\u015b\u0107 dodaje nasz wid\u017cet T\u0142umacz stron internetowych dla WordPress. Dzi\u0119ki p\u0142ynnemu t\u0142umaczeniu tre\u015bci Twojej witryny, ten widget sprawi, \u017ce Tw\u00f3j przekaz b\u0119dzie atrakcyjny dla odwiedzaj\u0105cych z r\u00f3\u017cnych spo\u0142eczno\u015bci j\u0119zykowych, pomagaj\u0105c prze\u0142ama\u0107 bariery j\u0119zykowe i zwi\u0119kszy\u0107 zasi\u0119g rynkowy. <\/p><p>Nasz t\u0142umacz stron internetowych oferuje natychmiastowe automatyczne t\u0142umaczenie stron internetowych, wspomagane przez Google AI, obs\u0142uguj\u0105ce ponad 130 j\u0119zyk\u00f3w. Zapami\u0119tuje wyb\u00f3r j\u0119zyka u\u017cytkownika, umo\u017cliwiaj\u0105c spersonalizowane przegl\u0105danie, kt\u00f3re utrzymuje zaanga\u017cowanie u\u017cytkownik\u00f3w. Bezproblemowo globalizuj swoj\u0105 witryn\u0119 WordPress i \u0142\u0105cz si\u0119 z r\u00f3\u017cnorodnymi odbiorcami dzi\u0119ki najnowocze\u015bniejszemu rozwi\u0105zaniu do t\u0142umacze\u0144. <\/p><p><b>Promuj swoje produkty i us\u0142ugi na ca\u0142ym \u015bwiecie za pomoc\u0105 prostego wid\u017cetu zmiany j\u0119zyka! <\/b><\/p><\/div> <div class=\"application-platform-content-item-features application-platform-content-item\" id=\"features\" data-nav-section=\"features\"> <h2>Widget zawiera przydatne i szybkie funkcje, oto niekt\u00f3re z nich: <\/h2><ul><li>Natychmiastowa zautomatyzowana strona internetowa t\u0142umaczenie<\/li><li>T\u0142umaczenie oparte na sztucznej inteligencji Google<\/li><li>Obs\u0142uga ponad 130 j\u0119zyk\u00f3w<\/li><li>Zapisywanie ustawie\u0144 u\u017cytkownika<\/li><li>Wiele styl\u00f3w wid\u017cet\u00f3w szablon\u00f3w<\/li> <\/ul><p><a href=\"#demo\">Wypr\u00f3buj wszystkie opcje dostosowywania w pe\u0142nej wersji demonstracyjnej<\/a><\/p><\/div> <div class=\"application-platform-content-item-installation application-platform-content-item\" id=\"installation\" data-nav-section=\"installation\"> <h2>Jak czy mog\u0119 osadzi\u0107 T\u0142umacza witryn na moich stronach WordPress? <\/h2><div class=\"video-container\">\n<iframe width=\"720\" height=\"405\" src=\"https:\/\/www.youtube.com\/embed\/yIlHr2375_4?si=bPWq6DEAEiG576g1\" frameborder=\"0\" allowfullscreen=\"\"><\/iframe>\n<\/div><p>Wystarczy zastosowa\u0107 si\u0119 do poni\u017cszych instrukcji, aby doda\u0107 wtyczk\u0119. <\/p><ol><li><b>Otw\u00f3rz nasze bezp\u0142atne demo i zacznij tworzy\u0107 w\u0142asny widget. <\/b><br>Znajd\u017a wybrany projekt i funkcje narz\u0119dzia i zastosuj poprawki. <\/li> <li><b>Skopiuj sw\u00f3j osobisty kod, kt\u00f3ry pojawi si\u0119 w oknie aplikacji Elfsight. <\/b><br>Po zako\u0144czeniu generowania osobistego wid\u017cetu skopiuj kod osobisty w pojawiaj\u0105cym si\u0119 wyskakuj\u0105cym okienku i zapisz go do wykorzystania w przysz\u0142o\u015bci. <\/li> <li><b>Rozpocznij korzystanie z widgetu na stronie internetowej WordPress. <\/b><br>Zintegruj zapisany wcze\u015bniej kod ze swoj\u0105 witryn\u0105 i zapisz zmiany. <\/li> <li><b>Gotowe! Osadzanie zosta\u0142o ca\u0142kowicie zako\u0144czone. <\/b><br>Odwied\u017a swoj\u0105 stron\u0119 internetow\u0105, aby zapozna\u0107 si\u0119 z dzia\u0142aniem narz\u0119dzia. <\/li><\/ol><p>W przypadku jakichkolwiek problem\u00f3w prosimy zwr\u00f3ci\u0107 si\u0119 do naszego personelu pomocy technicznej. Nasi konsultanci pragn\u0105 rozwi\u0105za\u0107 wszystkie problemy, jakie mo\u017cesz mie\u0107 z produktem. <\/p><\/div>","protected":false},"excerpt":{"rendered":"","protected":false},"author":9,"featured_media":0,"parent":8190,"menu_order":0,"comment_status":"closed","ping_status":"closed","template":"templates\/template-application-platform.php","meta":{"publish_to_discourse":"","publish_post_category":"","wpdc_auto_publish_overridden":"","wpdc_topic_tags":"","wpdc_pin_topic":"","wpdc_pin_until":"","discourse_post_id":"","discourse_permalink":"","wpdc_publishing_response":"","wpdc_publishing_error":"","footnotes":""},"class_list":["post-8781","page","type-page","status-publish","hentry"],"yoast_head":"<!-- This site is optimized with the Yoast SEO plugin v25.3.1 - https:\/\/yoast.com\/wordpress\/plugins\/seo\/ -->\n<title>Widget T\u0142umacza Witryny - Osad\u017a Szybki T\u0142umacz na WordPress<\/title>\n<meta name=\"description\" content=\"Dodaj wid\u017cet Rezerwacja spotkania do strony HTML i pozw\u00f3l klientom rezerwowa\u0107 terminy za pomoc\u0105 kilku klikni\u0119\u0107!\" \/>\n<meta name=\"robots\" content=\"index, follow, max-snippet:-1, max-image-preview:large, max-video-preview:-1\" \/>\n<link rel=\"canonical\" href=\"https:\/\/elfsight.com\/pl\/website-translator-widget\/wordpress\/\" \/>\n<meta property=\"og:locale\" content=\"pl_PL\" \/>\n<meta property=\"og:type\" content=\"article\" \/>\n<meta property=\"og:title\" content=\"Widget T\u0142umacza Witryny - Osad\u017a Szybki T\u0142umacz na WordPress\" \/>\n<meta property=\"og:description\" content=\"Dodaj wid\u017cet Rezerwacja spotkania do strony HTML i pozw\u00f3l klientom rezerwowa\u0107 terminy za pomoc\u0105 kilku klikni\u0119\u0107!\" \/>\n<meta property=\"og:url\" content=\"https:\/\/elfsight.com\/pl\/website-translator-widget\/wordpress\/\" \/>\n<meta property=\"og:site_name\" content=\"Elfsight PL\" \/>\n<meta property=\"article:modified_time\" content=\"2025-10-27T12:25:50+00:00\" \/>\n<meta name=\"twitter:card\" content=\"summary_large_image\" \/>\n<meta name=\"twitter:label1\" content=\"Szacowany czas czytania\" \/>\n\t<meta name=\"twitter:data1\" content=\"2 minuty\" \/>\n<!-- \/ Yoast SEO plugin. -->","yoast_head_json":{"title":"Widget T\u0142umacza Witryny - Osad\u017a Szybki T\u0142umacz na WordPress","description":"Dodaj wid\u017cet Rezerwacja spotkania do strony HTML i pozw\u00f3l klientom rezerwowa\u0107 terminy za pomoc\u0105 kilku klikni\u0119\u0107!","robots":{"index":"index","follow":"follow","max-snippet":"max-snippet:-1","max-image-preview":"max-image-preview:large","max-video-preview":"max-video-preview:-1"},"canonical":"https:\/\/elfsight.com\/pl\/website-translator-widget\/wordpress\/","og_locale":"pl_PL","og_type":"article","og_title":"Widget T\u0142umacza Witryny - Osad\u017a Szybki T\u0142umacz na WordPress","og_description":"Dodaj wid\u017cet Rezerwacja spotkania do strony HTML i pozw\u00f3l klientom rezerwowa\u0107 terminy za pomoc\u0105 kilku klikni\u0119\u0107!","og_url":"https:\/\/elfsight.com\/pl\/website-translator-widget\/wordpress\/","og_site_name":"Elfsight PL","article_modified_time":"2025-10-27T12:25:50+00:00","twitter_card":"summary_large_image","twitter_misc":{"Szacowany czas czytania":"2 minuty"},"schema":{"@context":"https:\/\/schema.org","@graph":[{"@type":"WebPage","@id":"https:\/\/elfsight.com\/pl\/website-translator-widget\/wordpress\/","url":"https:\/\/elfsight.com\/pl\/website-translator-widget\/wordpress\/","name":"Widget T\u0142umacza Witryny - Osad\u017a Szybki T\u0142umacz na WordPress","isPartOf":{"@id":"https:\/\/elfsight.com\/pl\/#website"},"datePublished":"2024-09-30T18:27:29+00:00","dateModified":"2025-10-27T12:25:50+00:00","description":"Dodaj wid\u017cet Rezerwacja spotkania do strony HTML i pozw\u00f3l klientom rezerwowa\u0107 terminy za pomoc\u0105 kilku klikni\u0119\u0107!","breadcrumb":{"@id":"https:\/\/elfsight.com\/pl\/website-translator-widget\/wordpress\/#breadcrumb"},"inLanguage":"pl-PL","potentialAction":[{"@type":"ReadAction","target":["https:\/\/elfsight.com\/pl\/website-translator-widget\/wordpress\/"]}]},{"@type":"BreadcrumbList","@id":"https:\/\/elfsight.com\/pl\/website-translator-widget\/wordpress\/#breadcrumb","itemListElement":[{"@type":"ListItem","position":1,"name":"Home","item":"https:\/\/elfsight.com\/pl\/"},{"@type":"ListItem","position":2,"name":"Website Translator","item":"https:\/\/elfsight.com\/pl\/website-translator-widget\/"},{"@type":"ListItem","position":3,"name":"Website Translator &#8211; WordPress"}]},{"@type":"WebSite","@id":"https:\/\/elfsight.com\/pl\/#website","url":"https:\/\/elfsight.com\/pl\/","name":"Elfsight PL","description":"Just another Elfsight Sites site","potentialAction":[{"@type":"SearchAction","target":{"@type":"EntryPoint","urlTemplate":"https:\/\/elfsight.com\/pl\/?s={search_term_string}"},"query-input":{"@type":"PropertyValueSpecification","valueRequired":true,"valueName":"search_term_string"}}],"inLanguage":"pl-PL"}]}},"meta_box":{"industry":"","seo_heading":"","heading":"","description":"","cta_heading":"","cta_description":"","application":"8185","h1":"Wtyczka WordPress do t\u0142umaczenia stron internetowych","h1_caption":"Automatycznie t\u0142umacz zawarto\u015b\u0107 swojej witryny na wiele j\u0119zyk\u00f3w, dzi\u0119ki czemu b\u0119dzie ona bez problemu dost\u0119pna dla odbiorc\u00f3w na ca\u0142ym \u015bwiecie w witrynie WordPress.","application_category":[],"applications_title":"","applications_request_title":"","applications_request_button_text":"","hero_text":"","hero_video":"","hero_video_schema_markup":"","selling_points_title":"","selling_points_caption":"","selling_points":[],"selling_points_cta_text":"","features_title":"","features":"","ed_cta_examples_text":"","ed_cta_examples_hidden":"","ed_cta_demo_text":"","ed_cta_demo_hidden":"","why_caption":"","why_editor_title":"","why_editor_text":"","why_team_title":"","why_team_text":"","why_service_title":"","why_service_text":"","template_catalog_visible":"0","template_catalog_title":"","template_catalog_text":"","template_catalog_categories_visible":"","demo_title":"Utw\u00f3rz wtyczk\u0119 T\u0142umacza witryn internetowych","demo_caption":"Skonfiguruj t\u0142umacza stron internetowych i dodaj go do swojej witryny WordPress za darmo!","default_faq_hidden":"","app_template_category":[],"platform":"31","template_public_id":"","codecanyon_url":"","codecanyon_item_id":"","codecanyon_price":"","pricing_caption":"","pricing_elfsight_apps_hide_column":"","pricing_elfsight_apps_url":"","pricing_codecanyon_price_caption":"","integration_category":[],"integration_request_title":"","integration_request_cta":"","integration_platform":"","integrations":[],"platform_category":[],"video_schema_markup":"","price":"od 0 USD \/ miesi\u0105c","trial":"","benefits":[{"text":"Bezp\u0142atna pomoc w monta\u017cu"},{"text":"Profesjonalna obs\u0142uga klienta"},{"text":"14-dniowa gwarancja zwrotu pieni\u0119dzy"},{"text":"Do\u017cywotnie aktualizacje"}],"button_url":"#demo","button_target_blank":"0","button_nofollow":"0","attributes":[{"name":"Zainstalowa\u0107","content":"50,000 - 100,000"},{"name":"Czu\u0142y","content":"Tak"},{"name":"Kompatybilne przegl\u0105darki","content":"Firefox, Safari, Opera, Chrome, Edge"}],"tags":[],"tags_disable_links":"0","hide_more_platforms":"0","video_object":"","demo_hide_cta":"0","demo_hide_cloud_options":"0","pricing_title":"","pricing":[{"pricing_icon":"platform","pricing_title":"Elfsight Apps","pricing_title_caption":"Oprogramowanie wieloplatformowe","pricing_price":"od 0 USD \/ miesi\u0105c","pricing_price_caption":"zacznij od darmowego planu","pricing_benefits":[{"text":"Nielimitowane strony internetowe"},{"text":"Szybka i terminowa pomoc oraz dobrze udokumentowana"},{"text":"Bezp\u0142atna pomoc przy instalacji"},{"text":"100% konfigurowalny"}],"pricing_button_text":"Dodaj do witryny","pricing_button_url":"#demo"}],"related_apps_title":"","related_apps_hidden":"0","author":"","image":[],"title":"","job":"","social_networks":[]},"_links":{"self":[{"href":"https:\/\/elfsight.com\/pl\/wp-json\/wp\/v2\/pages\/8781","targetHints":{"allow":["GET"]}}],"collection":[{"href":"https:\/\/elfsight.com\/pl\/wp-json\/wp\/v2\/pages"}],"about":[{"href":"https:\/\/elfsight.com\/pl\/wp-json\/wp\/v2\/types\/page"}],"author":[{"embeddable":true,"href":"https:\/\/elfsight.com\/pl\/wp-json\/wp\/v2\/users\/9"}],"replies":[{"embeddable":true,"href":"https:\/\/elfsight.com\/pl\/wp-json\/wp\/v2\/comments?post=8781"}],"version-history":[{"count":2,"href":"https:\/\/elfsight.com\/pl\/wp-json\/wp\/v2\/pages\/8781\/revisions"}],"predecessor-version":[{"id":10786,"href":"https:\/\/elfsight.com\/pl\/wp-json\/wp\/v2\/pages\/8781\/revisions\/10786"}],"up":[{"embeddable":true,"href":"https:\/\/elfsight.com\/pl\/wp-json\/wp\/v2\/pages\/8190"}],"wp:attachment":[{"href":"https:\/\/elfsight.com\/pl\/wp-json\/wp\/v2\/media?parent=8781"}],"curies":[{"name":"wp","href":"https:\/\/api.w.org\/{rel}","templated":true}]}}