{"id":8775,"date":"2024-09-30T18:27:29","date_gmt":"2024-09-30T18:27:29","guid":{"rendered":"https:\/\/elfsight.com\/pl\/?page_id=8775"},"modified":"2025-10-22T08:38:56","modified_gmt":"2025-10-22T08:38:56","slug":"wordpress","status":"publish","type":"page","link":"https:\/\/elfsight.com\/pl\/appointment-booking-widget\/wordpress\/","title":{"rendered":"Appointment Booking &#8211; WordPress"},"content":{"rendered":"<div class=\"application-platform-content-item-description application-platform-content-item\" id=\"description\" data-nav-section=\"description\"><h2>Osad\u017a rezerwacj\u0119 spotkania w WordPress za pomoc\u0105 wtyczki Elfsight!<\/h2> <p>Wtyczka Rezerwacja spotkania jest do Twojej dyspozycji, aby pom\u00f3c potencjalnym klientom w wygodnym zabezpieczaniu miejsc w witrynie WordPress, minimalizuj\u0105c wysi\u0142ek r\u0119czny \u2013 taki jak ci\u0105g\u0142e zarz\u0105dzanie wiadomo\u015bciami, po\u0142\u0105czeniami i e-mailami \u2013 od Ciebie. Dzia\u0142a jako dedykowany asystent pracuj\u0105cy 24 godziny na dob\u0119, 7 dni w tygodniu, wysy\u0142aj\u0105cy automatyczne powiadomienia i mo\u017cna go po\u0142\u0105czy\u0107 z aplikacjami outsourcingowymi, takimi jak Kalendarz Google.<\/p> <p>To idealny moment, aby dok\u0142adniej opisa\u0107 swoj\u0105 us\u0142ug\u0119 lub okazj\u0119, okre\u015bli\u0107 czas trwania , podaj dane kontaktowe i ustal ceny, aby usprawni\u0107 proces podejmowania decyzji przez klient\u00f3w. Co wi\u0119cej, mo\u017cesz wybra\u0107 wygl\u0105d wtyczki, modyfikuj\u0105c niestandardowe elementy i funkcje, bez konieczno\u015bci doskonalenia wiedzy programistycznej lub zatrudniania wykwalifikowanego programisty!<\/p> <p><b>Niech Tw\u00f3j biznes rozkwitnie i stanie si\u0119 dost\u0119pny dla szerszego grona odbiorc\u00f3w baz\u0119 klient\u00f3w poprzez rezerwacj\u0119 spotka\u0144 online na Twojej stronie internetowej!<\/b><\/p> <\/div> <div class=\"application-platform-content-item-features application-platform-content-item\" id=\"features\" data-nav-section=\"features\"> <h2>To s\u0105 tylko kilka cennych funkcji wid\u017cetu:<\/h2> <ul><li>Przedstaw kompleksowy przegl\u0105d swojej us\u0142ugi \u2014 nazw\u0119, szczeg\u00f3\u0142y, zdj\u0119cie i czas trwania \u2014 oraz ustal ceny w r\u00f3\u017cnych walutach.<\/li><li>Wy\u015blij automatyczne alerty w celu sprawdzenia zaplanowanych przedzia\u0142\u00f3w czasowych dla klient\u00f3w i dla Ciebie.<\/li><li>Zsynchronizuj wid\u017cet z integracjami outsourcingowymi, takimi jak Kalendarz Google, aby zapewni\u0107 ci\u0105g\u0142\u0105 aktualno\u015b\u0107.<\/li><li>Prezentuj informacje kontaktowe swojej firmy w mediach spo\u0142eczno\u015bciowych walidacj\u0119 i umo\u017cliwi\u0107 u\u017cytkownikom skontaktowanie si\u0119 w przypadku nieoczekiwanego scenariusze.<\/li><li>\u0141atwe opcje dostosowywania bez konieczno\u015bci pisania kodu: gotowe do u\u017cycia szablony, kolory, dost\u0119pne uk\u0142ady, czcionki, niestandardowy edytor CSS, niestandardowy edytor JS i wiele wi\u0119cej.<\/li><\/ul><p><a href=\"#demo\">Poznaj wszystkie ustawienia w pe\u0142ni funkcjonalnej wersji demonstracyjnej<\/a><\/p> <\/div> <div class=\"application-platform-content-item-installation application-platform-content-item\" id=\"installation\" data-nav-section=\"installation\"> <h2>Jak mog\u0119 osadzi\u0107 rezerwacj\u0119 spotkania na mojej stronie WordPress?<\/h2><div class=\"video-container\">\n<iframe width=\"720\" height=\"405\" src=\"https:\/\/www.youtube.com\/embed\/1qZPggNBo7c?si=0ARCD5SZ9dwd2fnC\" frameborder=\"0\" allowfullscreen=\"\"><\/iframe>\n<\/div> <p>Je\u015bli chcesz doda\u0107 rezerwacj\u0119 spotkania do swojej witryny WordPress, wykonaj nast\u0119puj\u0105ce czynno\u015bci:<\/p> <ol><li><b>Otw\u00f3rz nasz darmowy edytor i zacznij tworzy\u0107 w\u0142asny wid\u017cet LinkedIn Feed.<\/b><br> Okre\u015bl preferowany uk\u0142ad i opcje wid\u017cetu oraz zapisz zmiany.<\/li> <li><b>Skopiuj sw\u00f3j osobisty kod ujawnione w pude\u0142ku na Elfsight Aplikacje.<\/b><br> Po zako\u0144czeniu tworzenia wid\u017cetu skopiuj osobisty kod z wy\u015bwietlonego wyskakuj\u0105cego okienka i zachowaj go do dalszego wykorzystania.<\/li> <li><b>Rozpocznij korzystanie z narz\u0119dzia na swoim WordPressie stronie internetowej.<\/b><br> Wprowad\u017a kod skopiowany niedawno na swojej stronie internetowej i zapisz zmiany.<\/li> <li><b>Konfiguracja zosta\u0142a przeprowadzona pomy\u015blnie.<\/b><br> Przejd\u017a do swojej witryny, aby sprawd\u017a dzia\u0142anie wid\u017cetu.<\/li><\/ol> <p>Je\u015bli masz do czynienia z jakimkolwiek trudno\u015bci, nie wahaj si\u0119 zwr\u00f3ci\u0107 o pomoc do naszego personelu pomocniczego. Nasi ludzie z przyjemno\u015bci\u0105 pomog\u0105 Ci we wszystkich trudno\u015bciach, jakie mo\u017cesz mie\u0107 z produktem.<\/p> <\/div> ","protected":false},"excerpt":{"rendered":"","protected":false},"author":9,"featured_media":0,"parent":9514,"menu_order":0,"comment_status":"closed","ping_status":"closed","template":"templates\/template-application-platform.php","meta":{"publish_to_discourse":"","publish_post_category":"","wpdc_auto_publish_overridden":"","wpdc_topic_tags":"","wpdc_pin_topic":"","wpdc_pin_until":"","discourse_post_id":"","discourse_permalink":"","wpdc_publishing_response":"","wpdc_publishing_error":"","footnotes":""},"class_list":["post-8775","page","type-page","status-publish","hentry"],"yoast_head":"<!-- This site is optimized with the Yoast SEO plugin v25.3.1 - https:\/\/yoast.com\/wordpress\/plugins\/seo\/ -->\n<title>Wtyczka WordPress do rezerwacji wizyt<\/title>\n<meta name=\"description\" content=\"Umie\u015b\u0107 interaktywny ko\u0142owrotek na stronie WordPress. Zobacz wszystkie funkcje wtyczki WordPress Spinning Wheel, kt\u00f3re mo\u017cesz doda\u0107 do witryny.\" \/>\n<meta name=\"robots\" content=\"index, follow, max-snippet:-1, max-image-preview:large, max-video-preview:-1\" \/>\n<link rel=\"canonical\" href=\"https:\/\/elfsight.com\/pl\/appointment-booking-widget\/wordpress\/\" \/>\n<meta property=\"og:locale\" content=\"pl_PL\" \/>\n<meta property=\"og:type\" content=\"article\" \/>\n<meta property=\"og:title\" content=\"Wtyczka WordPress do rezerwacji wizyt\" \/>\n<meta property=\"og:description\" content=\"Umie\u015b\u0107 interaktywny ko\u0142owrotek na stronie WordPress. Zobacz wszystkie funkcje wtyczki WordPress Spinning Wheel, kt\u00f3re mo\u017cesz doda\u0107 do witryny.\" \/>\n<meta property=\"og:url\" content=\"https:\/\/elfsight.com\/pl\/appointment-booking-widget\/wordpress\/\" \/>\n<meta property=\"og:site_name\" content=\"Elfsight PL\" \/>\n<meta property=\"article:modified_time\" content=\"2025-10-22T08:38:56+00:00\" \/>\n<meta name=\"twitter:card\" content=\"summary_large_image\" \/>\n<meta name=\"twitter:label1\" content=\"Szacowany czas czytania\" \/>\n\t<meta name=\"twitter:data1\" content=\"3 minuty\" \/>\n<!-- \/ Yoast SEO plugin. -->","yoast_head_json":{"title":"Wtyczka WordPress do rezerwacji wizyt","description":"Umie\u015b\u0107 interaktywny ko\u0142owrotek na stronie WordPress. Zobacz wszystkie funkcje wtyczki WordPress Spinning Wheel, kt\u00f3re mo\u017cesz doda\u0107 do witryny.","robots":{"index":"index","follow":"follow","max-snippet":"max-snippet:-1","max-image-preview":"max-image-preview:large","max-video-preview":"max-video-preview:-1"},"canonical":"https:\/\/elfsight.com\/pl\/appointment-booking-widget\/wordpress\/","og_locale":"pl_PL","og_type":"article","og_title":"Wtyczka WordPress do rezerwacji wizyt","og_description":"Umie\u015b\u0107 interaktywny ko\u0142owrotek na stronie WordPress. Zobacz wszystkie funkcje wtyczki WordPress Spinning Wheel, kt\u00f3re mo\u017cesz doda\u0107 do witryny.","og_url":"https:\/\/elfsight.com\/pl\/appointment-booking-widget\/wordpress\/","og_site_name":"Elfsight PL","article_modified_time":"2025-10-22T08:38:56+00:00","twitter_card":"summary_large_image","twitter_misc":{"Szacowany czas czytania":"3 minuty"},"schema":{"@context":"https:\/\/schema.org","@graph":[{"@type":"WebPage","@id":"https:\/\/elfsight.com\/pl\/appointment-booking-widget\/wordpress\/","url":"https:\/\/elfsight.com\/pl\/appointment-booking-widget\/wordpress\/","name":"Wtyczka WordPress do rezerwacji wizyt","isPartOf":{"@id":"https:\/\/elfsight.com\/pl\/#website"},"datePublished":"2024-09-30T18:27:29+00:00","dateModified":"2025-10-22T08:38:56+00:00","description":"Umie\u015b\u0107 interaktywny ko\u0142owrotek na stronie WordPress. Zobacz wszystkie funkcje wtyczki WordPress Spinning Wheel, kt\u00f3re mo\u017cesz doda\u0107 do witryny.","breadcrumb":{"@id":"https:\/\/elfsight.com\/pl\/appointment-booking-widget\/wordpress\/#breadcrumb"},"inLanguage":"pl-PL","potentialAction":[{"@type":"ReadAction","target":["https:\/\/elfsight.com\/pl\/appointment-booking-widget\/wordpress\/"]}]},{"@type":"BreadcrumbList","@id":"https:\/\/elfsight.com\/pl\/appointment-booking-widget\/wordpress\/#breadcrumb","itemListElement":[{"@type":"ListItem","position":1,"name":"Home","item":"https:\/\/elfsight.com\/pl\/"},{"@type":"ListItem","position":2,"name":"Appointment Booking","item":"https:\/\/elfsight.com\/pl\/appointment-booking-widget\/"},{"@type":"ListItem","position":3,"name":"Appointment Booking &#8211; WordPress"}]},{"@type":"WebSite","@id":"https:\/\/elfsight.com\/pl\/#website","url":"https:\/\/elfsight.com\/pl\/","name":"Elfsight PL","description":"Just another Elfsight Sites site","potentialAction":[{"@type":"SearchAction","target":{"@type":"EntryPoint","urlTemplate":"https:\/\/elfsight.com\/pl\/?s={search_term_string}"},"query-input":{"@type":"PropertyValueSpecification","valueRequired":true,"valueName":"search_term_string"}}],"inLanguage":"pl-PL"}]}},"meta_box":{"industry":"","seo_heading":"","heading":"","description":"","cta_heading":"","cta_description":"","application":"9513","h1":"Wtyczka WordPress do rezerwacji wizyt","h1_caption":"Pozw\u00f3l u\u017cytkownikom \u0142atwo planowa\u0107 spotkania bezpo\u015brednio z witryny WordPress, zwi\u0119kszaj\u0105c wygod\u0119 i usprawniaj\u0105c proces rezerwacji.","application_category":[],"applications_title":"","applications_request_title":"","applications_request_button_text":"","hero_text":"","hero_video":"","hero_video_schema_markup":"","selling_points_title":"","selling_points_caption":"","selling_points":[],"selling_points_cta_text":"","features_title":"","features":"","ed_cta_examples_text":"","ed_cta_examples_hidden":"","ed_cta_demo_text":"","ed_cta_demo_hidden":"","why_caption":"","why_editor_title":"","why_editor_text":"","why_team_title":"","why_team_text":"","why_service_title":"","why_service_text":"","template_catalog_visible":"0","template_catalog_title":"","template_catalog_text":"","template_catalog_categories_visible":"","demo_title":"Utw\u00f3rz wtyczk\u0119 do rezerwacji spotka\u0144","demo_caption":"Skonfiguruj swoj\u0105 Rezerwacj\u0119 Wizyty i dodaj j\u0105 do swojej witryny WordPress za darmo!","default_faq_hidden":"","app_template_category":[],"platform":"31","template_public_id":"","codecanyon_url":"","codecanyon_item_id":"","codecanyon_price":"","pricing_caption":"","pricing_elfsight_apps_hide_column":"","pricing_elfsight_apps_url":"","pricing_codecanyon_price_caption":"","integration_category":[],"integration_request_title":"","integration_request_cta":"","integration_platform":"","integrations":[],"platform_category":[],"video_schema_markup":"","price":"od 0 USD \/ miesi\u0105c","trial":"","benefits":[{"text":"Bezp\u0142atna pomoc w instalacji"},{"text":"Wyj\u0105tkowe wsparcie"},{"text":"14-dniowa gwarancja zwrotu pieni\u0119dzy"},{"text":"Ci\u0105g\u0142y rozw\u00f3j"}],"button_url":"#demo","button_target_blank":"0","button_nofollow":"0","attributes":[{"name":"Instaluje","content":"1,000 - 5,000"},{"name":"Czu\u0142y","content":"Tak"},{"name":"Kompatybilne przegl\u0105darki","content":"Firefox, Safari, Opera, Chrome, Edge"}],"tags":[],"tags_disable_links":"0","hide_more_platforms":"0","video_object":"","demo_hide_cta":"0","demo_hide_cloud_options":"0","pricing_title":"","pricing":[{"pricing_icon":"platform","pricing_title":"Elfsight Apps","pricing_title_caption":"Wersja niezale\u017cna od platformy, kt\u00f3ra pasuje do ka\u017cdej witryny internetowej","pricing_price":"Od 0 USD \/ miesi\u0105c","pricing_price_caption":"Zacznij od bezp\u0142atnego planu","pricing_benefits":[{"text":"Nielimitowane strony internetowe"},{"text":"Ca\u0142odobowe i terminowe wsparcie oraz dobrze udokumentowane"},{"text":"Bezp\u0142atna pomoc przy instalacji"},{"text":"W pe\u0142ni konfigurowalny"}],"pricing_button_text":"Dodaj do witryny","pricing_button_url":"#demo"}],"related_apps_title":"","related_apps_hidden":"0","author":"","image":[],"title":"","job":"","social_networks":[]},"_links":{"self":[{"href":"https:\/\/elfsight.com\/pl\/wp-json\/wp\/v2\/pages\/8775","targetHints":{"allow":["GET"]}}],"collection":[{"href":"https:\/\/elfsight.com\/pl\/wp-json\/wp\/v2\/pages"}],"about":[{"href":"https:\/\/elfsight.com\/pl\/wp-json\/wp\/v2\/types\/page"}],"author":[{"embeddable":true,"href":"https:\/\/elfsight.com\/pl\/wp-json\/wp\/v2\/users\/9"}],"replies":[{"embeddable":true,"href":"https:\/\/elfsight.com\/pl\/wp-json\/wp\/v2\/comments?post=8775"}],"version-history":[{"count":2,"href":"https:\/\/elfsight.com\/pl\/wp-json\/wp\/v2\/pages\/8775\/revisions"}],"predecessor-version":[{"id":10776,"href":"https:\/\/elfsight.com\/pl\/wp-json\/wp\/v2\/pages\/8775\/revisions\/10776"}],"up":[{"embeddable":true,"href":"https:\/\/elfsight.com\/pl\/wp-json\/wp\/v2\/pages\/9514"}],"wp:attachment":[{"href":"https:\/\/elfsight.com\/pl\/wp-json\/wp\/v2\/media?parent=8775"}],"curies":[{"name":"wp","href":"https:\/\/api.w.org\/{rel}","templated":true}]}}