{"id":8768,"date":"2024-09-30T18:27:29","date_gmt":"2024-09-30T18:27:29","guid":{"rendered":"https:\/\/elfsight.com\/pl\/?page_id=8768"},"modified":"2024-12-17T13:10:52","modified_gmt":"2024-12-17T13:10:52","slug":"webflow","status":"publish","type":"page","link":"https:\/\/elfsight.com\/pl\/appointment-booking-widget\/webflow\/","title":{"rendered":"Appointment Booking &#8211; Webflow"},"content":{"rendered":"<div class=\"application-platform-content-item-description application-platform-content-item\" id=\"description\" data-nav-section=\"description\"><h2>Osad\u017a rezerwacj\u0119 spotkania w Webflow za pomoc\u0105 wid\u017cetu Elfsight!<\/h2> <p>Widget Rezerwacja spotkania jest do Twojej dyspozycji, aby pom\u00f3c potencjalnym klientom w wygodnym rezerwowaniu miejsc w witrynie Webflow, minimalizuj\u0105c wysi\u0142ek r\u0119czny \u2013 taki jak ci\u0105g\u0142e zarz\u0105dzanie wiadomo\u015bciami, po\u0142\u0105czeniami i e-mailami \u2013 ze strony u\u017cytkownika. Pe\u0142ni funkcj\u0119 dedykowanej recepcjonistki pracuj\u0105cej 24 godziny na dob\u0119, 7 dni w tygodniu, zdolnej r\u00f3wnie\u017c do wysy\u0142ania automatycznych powiadomie\u0144 i \u0142\u0105czenia si\u0119 z aplikacjami outsourcingowymi, takimi jak Kalendarz Google.<\/p> <p>Teraz jest idealny czas, aby powiedzie\u0107 wi\u0119cej o swojej us\u0142udze lub wydarzeniu, okre\u015bli\u0107 czas trwania, udost\u0119pnij dane kontaktowe i ustal ceny, aby u\u0142atwi\u0107 klientom proces decyzyjny. Co wi\u0119cej, dostosuj estetyk\u0119 wizualn\u0105 wid\u017cetu, dostosowuj\u0105c niestandardowe elementy i funkcje bez konieczno\u015bci doskonalenia wiedzy programistycznej lub zatrudniania wykwalifikowanego programisty!<\/p> <p><b>Umo\u017cliwij rozkwit swojej firmie i sta\u0144 si\u0119 dost\u0119pny dla szerokiego grona odbiorc\u00f3w szersz\u0105 klientel\u0119, oferuj\u0105c rezerwacj\u0119 spotka\u0144 online na swojej stronie internetowej!<\/b><\/p> <\/div> <div class=\"application-platform-content-item-features application-platform-content-item\" id=\"features\" data-nav-section=\"features\"> <h2>Oferujemy cenne i szybkie funkcje, zobacz niekt\u00f3re z nich:<\/h2> <ul><li>Dostarcz kompleksowy przegl\u0105d swojej us\u0142ugi \u2014 nazw\u0119, szczeg\u00f3\u0142y, zdj\u0119cie i czas trwania \u2014 oraz ustal ceny w r\u00f3\u017cnych walutach. <\/li><li>Wysy\u0142aj automatyczne powiadomienia, aby zweryfikowa\u0107 zarezerwowane spotkania do klient\u00f3w i siebie.<\/li><li>Synchronizuj wid\u017cet z aplikacjami innych firm, takimi jak Kalendarz Google, aby zapewni\u0107 aktualizacje w czasie rzeczywistym.<\/li><li> li&gt;<li>Udost\u0119pnij informacje kontaktowe swojej firmy, aby zwi\u0119kszy\u0107 wiarygodno\u015b\u0107 i umo\u017cliwi\u0107 u\u017cytkownikom skontaktujemy si\u0119 z Tob\u0105 w przypadku nieprzewidzianych sytuacji.<\/li><li>Zaawansowana personalizacja bez konieczno\u015bci kodowania: gotowe szablony, kolory, uk\u0142ady, czcionki, niestandardowy edytor CSS, niestandardowy edytor JS itp.<\/li> <\/ul><p><a href=\"#demo\">Wystarczy wypr\u00f3bowa\u0107 t\u0119 wersj\u0119 demonstracyjn\u0105, aby uzyska\u0107 pe\u0142ny obraz<\/a><\/p> <\/div> <div class=\"application-platform-content-item-installation application-platform-content-item\" id=\"installation\" data-nav-section=\"installation\"> <h2>Jak osadzi\u0107 rezerwacj\u0119 spotkania w mojej witrynie Webflow?<\/h2> <p>Je\u015bli chcesz osadzi\u0107 rezerwacj\u0119 spotkania w swojej witrynie Webflow, wykonaj nast\u0119puj\u0105ce kroki:<\/p> <ol><li><b>Zarz\u0105dzaj naszym bezp\u0142atnym konfiguratorem i zacznij tworzy\u0107 niestandardowy wid\u017cet LinkedIn Feed.<\/b><br> Wybierz preferowany interfejs i funkcjonalno\u015b\u0107 wtyczki oraz zapisz zmiany.<\/li> <li><b>Skopiuj wy\u015bwietlony kod osobisty w polu aplikacji Elfsight.<\/b><br> Po zako\u0144czeniu konfigurowania osobistego wid\u017cetu skopiuj indywidualny kod z wy\u015bwietlonego pola i zapisz go do dalszego wykorzystania.<\/li> <li><b> Zacznij korzysta\u0107 z narz\u0119dzia w swojej witrynie Webflow.<\/b><br> Zaimplementuj kod, kt\u00f3ry wcze\u015bniej zapisa\u0142e\u015b w swojej witrynie i zastosuj poprawki.<\/li> <li><b>Konfiguracja zosta\u0142a w pe\u0142ni wykonana.<\/b><br> b&gt;<br> Wejd\u017a na swoj\u0105 stron\u0119 i zobacz prace wtyczka.<\/li><\/ol> <p>W przypadku pyta\u0144 lub kolizji z jakimikolwiek trudno\u015bciami nie b\u00f3j si\u0119 napisa\u0107 do naszego zespo\u0142u obs\u0142ugi klienta. Nasi ludzie pragn\u0105 rozwi\u0105za\u0107 wszystkie problemy, jakie mo\u017cesz mie\u0107 z tym narz\u0119dziem.<\/p> <\/div> ","protected":false},"excerpt":{"rendered":"","protected":false},"author":9,"featured_media":0,"parent":9514,"menu_order":0,"comment_status":"closed","ping_status":"closed","template":"templates\/template-application-platform.php","meta":{"publish_to_discourse":"","publish_post_category":"","wpdc_auto_publish_overridden":"","wpdc_topic_tags":"","wpdc_pin_topic":"","wpdc_pin_until":"","discourse_post_id":"","discourse_permalink":"","wpdc_publishing_response":"","wpdc_publishing_error":"","footnotes":""},"class_list":["post-8768","page","type-page","status-publish","hentry"],"yoast_head":"<!-- This site is optimized with the Yoast SEO plugin v25.3.1 - https:\/\/yoast.com\/wordpress\/plugins\/seo\/ -->\n<title>Widget Rezerwacja spotka\u0144 \u2014 Umie\u015b\u0107 system rezerwacji w Webflow<\/title>\n<meta name=\"description\" content=\"Umie\u015b\u0107 interaktywny ko\u0142owrotek w witrynie Webflow. Zobacz wszystkie funkcje integracji Webflow Spinning Wheel, kt\u00f3re mo\u017cesz doda\u0107 do witryny internetowej.\" \/>\n<meta name=\"robots\" content=\"index, follow, max-snippet:-1, max-image-preview:large, max-video-preview:-1\" \/>\n<link rel=\"canonical\" href=\"https:\/\/elfsight.com\/pl\/appointment-booking-widget\/webflow\/\" \/>\n<meta property=\"og:locale\" content=\"pl_PL\" \/>\n<meta property=\"og:type\" content=\"article\" \/>\n<meta property=\"og:title\" content=\"Widget Rezerwacja spotka\u0144 \u2014 Umie\u015b\u0107 system rezerwacji w Webflow\" \/>\n<meta property=\"og:description\" content=\"Umie\u015b\u0107 interaktywny ko\u0142owrotek w witrynie Webflow. Zobacz wszystkie funkcje integracji Webflow Spinning Wheel, kt\u00f3re mo\u017cesz doda\u0107 do witryny internetowej.\" \/>\n<meta property=\"og:url\" content=\"https:\/\/elfsight.com\/pl\/appointment-booking-widget\/webflow\/\" \/>\n<meta property=\"og:site_name\" content=\"Elfsight PL\" \/>\n<meta property=\"article:modified_time\" content=\"2024-12-17T13:10:52+00:00\" \/>\n<meta name=\"twitter:card\" content=\"summary_large_image\" \/>\n<meta name=\"twitter:label1\" content=\"Szacowany czas czytania\" \/>\n\t<meta name=\"twitter:data1\" content=\"2 minuty\" \/>\n<!-- \/ Yoast SEO plugin. -->","yoast_head_json":{"title":"Widget Rezerwacja spotka\u0144 \u2014 Umie\u015b\u0107 system rezerwacji w Webflow","description":"Umie\u015b\u0107 interaktywny ko\u0142owrotek w witrynie Webflow. Zobacz wszystkie funkcje integracji Webflow Spinning Wheel, kt\u00f3re mo\u017cesz doda\u0107 do witryny internetowej.","robots":{"index":"index","follow":"follow","max-snippet":"max-snippet:-1","max-image-preview":"max-image-preview:large","max-video-preview":"max-video-preview:-1"},"canonical":"https:\/\/elfsight.com\/pl\/appointment-booking-widget\/webflow\/","og_locale":"pl_PL","og_type":"article","og_title":"Widget Rezerwacja spotka\u0144 \u2014 Umie\u015b\u0107 system rezerwacji w Webflow","og_description":"Umie\u015b\u0107 interaktywny ko\u0142owrotek w witrynie Webflow. Zobacz wszystkie funkcje integracji Webflow Spinning Wheel, kt\u00f3re mo\u017cesz doda\u0107 do witryny internetowej.","og_url":"https:\/\/elfsight.com\/pl\/appointment-booking-widget\/webflow\/","og_site_name":"Elfsight PL","article_modified_time":"2024-12-17T13:10:52+00:00","twitter_card":"summary_large_image","twitter_misc":{"Szacowany czas czytania":"2 minuty"},"schema":{"@context":"https:\/\/schema.org","@graph":[{"@type":"WebPage","@id":"https:\/\/elfsight.com\/pl\/appointment-booking-widget\/webflow\/","url":"https:\/\/elfsight.com\/pl\/appointment-booking-widget\/webflow\/","name":"Widget Rezerwacja spotka\u0144 \u2014 Umie\u015b\u0107 system rezerwacji w Webflow","isPartOf":{"@id":"https:\/\/elfsight.com\/pl\/#website"},"datePublished":"2024-09-30T18:27:29+00:00","dateModified":"2024-12-17T13:10:52+00:00","description":"Umie\u015b\u0107 interaktywny ko\u0142owrotek w witrynie Webflow. Zobacz wszystkie funkcje integracji Webflow Spinning Wheel, kt\u00f3re mo\u017cesz doda\u0107 do witryny internetowej.","breadcrumb":{"@id":"https:\/\/elfsight.com\/pl\/appointment-booking-widget\/webflow\/#breadcrumb"},"inLanguage":"pl-PL","potentialAction":[{"@type":"ReadAction","target":["https:\/\/elfsight.com\/pl\/appointment-booking-widget\/webflow\/"]}]},{"@type":"BreadcrumbList","@id":"https:\/\/elfsight.com\/pl\/appointment-booking-widget\/webflow\/#breadcrumb","itemListElement":[{"@type":"ListItem","position":1,"name":"Home","item":"https:\/\/elfsight.com\/pl\/"},{"@type":"ListItem","position":2,"name":"Appointment Booking","item":"https:\/\/elfsight.com\/pl\/appointment-booking-widget\/"},{"@type":"ListItem","position":3,"name":"Appointment Booking &#8211; Webflow"}]},{"@type":"WebSite","@id":"https:\/\/elfsight.com\/pl\/#website","url":"https:\/\/elfsight.com\/pl\/","name":"Elfsight PL","description":"Just another Elfsight Sites site","potentialAction":[{"@type":"SearchAction","target":{"@type":"EntryPoint","urlTemplate":"https:\/\/elfsight.com\/pl\/?s={search_term_string}"},"query-input":{"@type":"PropertyValueSpecification","valueRequired":true,"valueName":"search_term_string"}}],"inLanguage":"pl-PL"}]}},"meta_box":{"industry":"","seo_heading":"","heading":"","description":"","cta_heading":"","cta_description":"","application":"9513","h1":"Wid\u017cet rezerwacji spotka\u0144 Webflow","h1_caption":"Pozw\u00f3l u\u017cytkownikom \u0142atwo planowa\u0107 spotkania bezpo\u015brednio z witryny Webflow, zwi\u0119kszaj\u0105c wygod\u0119 i usprawniaj\u0105c proces rezerwacji.","application_category":[],"applications_title":"","applications_request_title":"","applications_request_button_text":"","hero_text":"","hero_video":"","hero_video_schema_markup":"","selling_points_title":"","selling_points_caption":"","selling_points":[],"selling_points_cta_text":"","features_title":"","features":"","ed_cta_examples_text":"","ed_cta_examples_hidden":"","ed_cta_demo_text":"","ed_cta_demo_hidden":"","why_caption":"","why_editor_title":"","why_editor_text":"","why_team_title":"","why_team_text":"","why_service_title":"","why_service_text":"","template_catalog_visible":"","template_catalog_title":"","template_catalog_text":"","template_catalog_categories_visible":"","demo_title":"Utw\u00f3rz wid\u017cet Rezerwacja spotkania","demo_caption":"Skonfiguruj rezerwacj\u0119 spotkania i dodaj j\u0105 do swojej witryny Webflow za darmo!","default_faq_hidden":"","app_template_category":[],"platform":"127","template_public_id":"","codecanyon_url":"","codecanyon_item_id":"","codecanyon_price":"","pricing_caption":"","pricing_elfsight_apps_hide_column":"","pricing_elfsight_apps_url":"","pricing_codecanyon_price_caption":"","integration_category":[],"integration_request_title":"","integration_request_cta":"","integration_platform":"","integrations":[],"platform_category":[],"video_schema_markup":"","price":"od 0 USD \/ miesi\u0105c","trial":"","benefits":[{"text":"Bezp\u0142atna pomoc w instalacji"},{"text":"Kompetentna obs\u0142uga klienta"},{"text":"14-dniowa gwarancja zwrotu pieni\u0119dzy"},{"text":"Stale aktualizowana"}],"button_url":"#demo","button_target_blank":"","button_nofollow":"","attributes":[{"name":"Instaluje","content":"1,000 - 5,000"},{"name":"Czu\u0142y","content":"Tak"},{"name":"Kompatybilne przegl\u0105darki","content":"Firefox, Safari, Opera, Chrome, Edge"}],"tags":[],"tags_disable_links":"","hide_more_platforms":"","video_object":"","demo_hide_cta":"","demo_hide_cloud_options":"","pricing_title":"","pricing":[{"pricing_icon":"platform","pricing_title":"Elfsight Apps","pricing_title_caption":"Oprogramowanie wieloplatformowe, kt\u00f3re dzia\u0142a na dowolnej stronie internetowej","pricing_price":"Od 0 USD \/ miesi\u0105c","pricing_price_caption":"Zacznij od bezp\u0142atnego planu","pricing_benefits":[{"text":"Nielimitowane strony internetowe"},{"text":"Profesjonalne wsparcie firmy"},{"text":"Bezp\u0142atna pomoc w instalacji"},{"text":"100% konfigurowalny"}],"pricing_button_text":"Dodaj do witryny","pricing_button_url":"#demo"}],"related_apps_title":"","related_apps_hidden":"","author":"","image":[],"title":"","job":"","social_networks":[]},"_links":{"self":[{"href":"https:\/\/elfsight.com\/pl\/wp-json\/wp\/v2\/pages\/8768","targetHints":{"allow":["GET"]}}],"collection":[{"href":"https:\/\/elfsight.com\/pl\/wp-json\/wp\/v2\/pages"}],"about":[{"href":"https:\/\/elfsight.com\/pl\/wp-json\/wp\/v2\/types\/page"}],"author":[{"embeddable":true,"href":"https:\/\/elfsight.com\/pl\/wp-json\/wp\/v2\/users\/9"}],"replies":[{"embeddable":true,"href":"https:\/\/elfsight.com\/pl\/wp-json\/wp\/v2\/comments?post=8768"}],"version-history":[{"count":1,"href":"https:\/\/elfsight.com\/pl\/wp-json\/wp\/v2\/pages\/8768\/revisions"}],"predecessor-version":[{"id":8772,"href":"https:\/\/elfsight.com\/pl\/wp-json\/wp\/v2\/pages\/8768\/revisions\/8772"}],"up":[{"embeddable":true,"href":"https:\/\/elfsight.com\/pl\/wp-json\/wp\/v2\/pages\/9514"}],"wp:attachment":[{"href":"https:\/\/elfsight.com\/pl\/wp-json\/wp\/v2\/media?parent=8768"}],"curies":[{"name":"wp","href":"https:\/\/api.w.org\/{rel}","templated":true}]}}