{"id":8767,"date":"2024-09-30T18:27:29","date_gmt":"2024-09-30T18:27:29","guid":{"rendered":"https:\/\/elfsight.com\/pl\/?page_id=8767"},"modified":"2024-12-17T13:10:52","modified_gmt":"2024-12-17T13:10:52","slug":"elementor","status":"publish","type":"page","link":"https:\/\/elfsight.com\/pl\/website-translator-widget\/elementor\/","title":{"rendered":"Website Translator &#8211; Elementor"},"content":{"rendered":"<div class=\"application-platform-content-item-description application-platform-content-item\" id=\"description\" data-nav-section=\"description\"> <h2>Osad\u017a T\u0142umacz witryn internetowych w Elementorze za pomoc\u0105 wtyczki Elfsight<\/h2> <p>Dobry spos\u00f3b na popraw\u0119 wydajno\u015bci Twojej firmy w Internecie i przyci\u0105gni\u0119cie mi\u0119dzynarodowego odbiorcy korzystaj\u0105 z naszego wid\u017cetu T\u0142umacz stron internetowych dla Elementora. Dzi\u0119ki p\u0142ynnemu t\u0142umaczeniu tre\u015bci Twojej witryny, ten widget gwarantuje, \u017ce Tw\u00f3j przekaz b\u0119dzie atrakcyjny dla u\u017cytkownik\u00f3w z r\u00f3\u017cnych spo\u0142eczno\u015bci j\u0119zykowych, pomagaj\u0105c pokona\u0107 bariery j\u0119zykowe i zwi\u0119kszy\u0107 zasi\u0119g rynkowy. <\/p><p>Nasz t\u0142umacz stron internetowych zapewnia natychmiastowe, automatyczne t\u0142umaczenie stron internetowych obs\u0142ugiwane przez Google AI, obs\u0142uguj\u0105ce ponad 130 j\u0119zyk\u00f3w. Zapami\u0119tuje preferencje j\u0119zykowe odwiedzaj\u0105cych, zapewniaj\u0105c indywidualne do\u015bwiadczenie przegl\u0105dania, kt\u00f3re utrzymuje ich w zaanga\u017cowaniu. Z \u0142atwo\u015bci\u0105 zglobalizuj swoj\u0105 witryn\u0119 Elementor i nawi\u0105\u017c kontakt z r\u00f3\u017cnorodnymi odbiorcami dzi\u0119ki najnowocze\u015bniejszej technologii t\u0142umacze\u0144. <\/p><p><b>Oferuj swoje produkty i us\u0142ugi na ca\u0142ym \u015bwiecie dzi\u0119ki widgetowi zmiany j\u0119zyka zorientowanemu na klienta! <\/b><\/p><\/div> <div class=\"application-platform-content-item-features application-platform-content-item\" id=\"features\" data-nav-section=\"features\"> <h2>Poni\u017cej znajduj\u0105 si\u0119 najwa\u017cniejsze funkcje wid\u017cetu: <\/h2><ul><li>natychmiastowe automatyczne t\u0142umaczenie strony internetowej<\/li><li>T\u0142umaczenie oparte na sztucznej inteligencji Google<\/li><li>Obs\u0142uga ponad 130 j\u0119zyk\u00f3w<\/li><li>Zapami\u0119tywanie preferencji go\u015bci<\/li><li>Wiele wst\u0119pnie zaprojektowanych styl\u00f3w wid\u017cet\u00f3w<\/li><\/ul><p><a href=\"#demo\">Mo\u017cesz dowiedzie\u0107 si\u0119, kt\u00f3ry widget warto wypr\u00f3bowa\u0107 w wersji demonstracyjnej<\/a><\/p><\/div> <div class=\"application-platform-content-item-installation application-platform-content-item\" id=\"installation\" data-nav-section=\"installation\"> <h2>Jak osadzi\u0107 witryn\u0119 internetow\u0105 T\u0142umacz na moje strony Elementora? <\/h2><p>Wystarczy wykona\u0107 kilka krok\u00f3w przedstawionych poni\u017cej, aby osadzi\u0107 wid\u017cet. <\/p><ol><li><b>Wykonaj nasz darmowy konfigurator i zacznij budowa\u0107 w\u0142asn\u0105 wtyczk\u0119. <\/b><br>Okre\u015bl odpowiedni interfejs i funkcjonalno\u015b\u0107 wid\u017cetu i zapisz zmiany. <\/li> <li><b>Zdob\u0105d\u017a kod osobisty pokazany w specjalnym formularzu w aplikacjach Elfsight. <\/b><br>Gdy tylko konfiguracja Twojej osobistej wtyczki zostanie zako\u0144czona, skopiuj osobisty kod w wy\u015bwietlonym oknie i zapisz go na przysz\u0142o\u015b\u0107. <\/li> <li><b>Rozpocznij korzystanie z narz\u0119dzia na stronie internetowej Elementora. <\/b><br>Zaimplementuj kod, kt\u00f3ry niedawno skopiowa\u0142e\u015b na swoj\u0105 stron\u0119 internetow\u0105 i zastosuj ulepszenia. <\/li> <li><b>Gotowe! Osadzanie zosta\u0142o pomy\u015blnie wykonane. <\/b><br>Wejd\u017a na swoj\u0105 stron\u0119 i sprawd\u017a dzia\u0142anie wtyczki. <\/li><\/ol><p>W przypadku pyta\u0144 lub natrafienia na przeszkody nie wahaj si\u0119 zwr\u00f3ci\u0107 do naszego zespo\u0142u obs\u0142ugi klienta. Nasi specjali\u015bci ch\u0119tnie odpowiedz\u0105 na wszystkie pytania dotycz\u0105ce wtyczki. <\/p><\/div>","protected":false},"excerpt":{"rendered":"","protected":false},"author":9,"featured_media":0,"parent":8190,"menu_order":0,"comment_status":"closed","ping_status":"closed","template":"templates\/template-application-platform.php","meta":{"publish_to_discourse":"","publish_post_category":"","wpdc_auto_publish_overridden":"","wpdc_topic_tags":"","wpdc_pin_topic":"","wpdc_pin_until":"","discourse_post_id":"","discourse_permalink":"","wpdc_publishing_response":"","wpdc_publishing_error":"","footnotes":""},"class_list":["post-8767","page","type-page","status-publish","hentry"],"yoast_head":"<!-- This site is optimized with the Yoast SEO plugin v25.3.1 - https:\/\/yoast.com\/wordpress\/plugins\/seo\/ -->\n<title>Wid\u017cet t\u0142umacza witryn internetowych \u2014 osadzaj t\u0142umacza bez kodu na Elementorze<\/title>\n<meta name=\"description\" content=\"Dodaj kalendarz rezerwacji Webflow bez kodowania i pozw\u00f3l klientom rezerwowa\u0107 miejsca. Usprawnij planowanie dzi\u0119ki rezerwacji spotka\u0144 Webflow.\" \/>\n<meta name=\"robots\" content=\"index, follow, max-snippet:-1, max-image-preview:large, max-video-preview:-1\" \/>\n<link rel=\"canonical\" href=\"https:\/\/elfsight.com\/pl\/website-translator-widget\/elementor\/\" \/>\n<meta property=\"og:locale\" content=\"pl_PL\" \/>\n<meta property=\"og:type\" content=\"article\" \/>\n<meta property=\"og:title\" content=\"Wid\u017cet t\u0142umacza witryn internetowych \u2014 osadzaj t\u0142umacza bez kodu na Elementorze\" \/>\n<meta property=\"og:description\" content=\"Dodaj kalendarz rezerwacji Webflow bez kodowania i pozw\u00f3l klientom rezerwowa\u0107 miejsca. Usprawnij planowanie dzi\u0119ki rezerwacji spotka\u0144 Webflow.\" \/>\n<meta property=\"og:url\" content=\"https:\/\/elfsight.com\/pl\/website-translator-widget\/elementor\/\" \/>\n<meta property=\"og:site_name\" content=\"Elfsight PL\" \/>\n<meta property=\"article:modified_time\" content=\"2024-12-17T13:10:52+00:00\" \/>\n<meta name=\"twitter:card\" content=\"summary_large_image\" \/>\n<meta name=\"twitter:label1\" content=\"Szacowany czas czytania\" \/>\n\t<meta name=\"twitter:data1\" content=\"2 minuty\" \/>\n<!-- \/ Yoast SEO plugin. -->","yoast_head_json":{"title":"Wid\u017cet t\u0142umacza witryn internetowych \u2014 osadzaj t\u0142umacza bez kodu na Elementorze","description":"Dodaj kalendarz rezerwacji Webflow bez kodowania i pozw\u00f3l klientom rezerwowa\u0107 miejsca. Usprawnij planowanie dzi\u0119ki rezerwacji spotka\u0144 Webflow.","robots":{"index":"index","follow":"follow","max-snippet":"max-snippet:-1","max-image-preview":"max-image-preview:large","max-video-preview":"max-video-preview:-1"},"canonical":"https:\/\/elfsight.com\/pl\/website-translator-widget\/elementor\/","og_locale":"pl_PL","og_type":"article","og_title":"Wid\u017cet t\u0142umacza witryn internetowych \u2014 osadzaj t\u0142umacza bez kodu na Elementorze","og_description":"Dodaj kalendarz rezerwacji Webflow bez kodowania i pozw\u00f3l klientom rezerwowa\u0107 miejsca. Usprawnij planowanie dzi\u0119ki rezerwacji spotka\u0144 Webflow.","og_url":"https:\/\/elfsight.com\/pl\/website-translator-widget\/elementor\/","og_site_name":"Elfsight PL","article_modified_time":"2024-12-17T13:10:52+00:00","twitter_card":"summary_large_image","twitter_misc":{"Szacowany czas czytania":"2 minuty"},"schema":{"@context":"https:\/\/schema.org","@graph":[{"@type":"WebPage","@id":"https:\/\/elfsight.com\/pl\/website-translator-widget\/elementor\/","url":"https:\/\/elfsight.com\/pl\/website-translator-widget\/elementor\/","name":"Wid\u017cet t\u0142umacza witryn internetowych \u2014 osadzaj t\u0142umacza bez kodu na Elementorze","isPartOf":{"@id":"https:\/\/elfsight.com\/pl\/#website"},"datePublished":"2024-09-30T18:27:29+00:00","dateModified":"2024-12-17T13:10:52+00:00","description":"Dodaj kalendarz rezerwacji Webflow bez kodowania i pozw\u00f3l klientom rezerwowa\u0107 miejsca. Usprawnij planowanie dzi\u0119ki rezerwacji spotka\u0144 Webflow.","breadcrumb":{"@id":"https:\/\/elfsight.com\/pl\/website-translator-widget\/elementor\/#breadcrumb"},"inLanguage":"pl-PL","potentialAction":[{"@type":"ReadAction","target":["https:\/\/elfsight.com\/pl\/website-translator-widget\/elementor\/"]}]},{"@type":"BreadcrumbList","@id":"https:\/\/elfsight.com\/pl\/website-translator-widget\/elementor\/#breadcrumb","itemListElement":[{"@type":"ListItem","position":1,"name":"Home","item":"https:\/\/elfsight.com\/pl\/"},{"@type":"ListItem","position":2,"name":"Website Translator","item":"https:\/\/elfsight.com\/pl\/website-translator-widget\/"},{"@type":"ListItem","position":3,"name":"Website Translator &#8211; Elementor"}]},{"@type":"WebSite","@id":"https:\/\/elfsight.com\/pl\/#website","url":"https:\/\/elfsight.com\/pl\/","name":"Elfsight PL","description":"Just another Elfsight Sites site","potentialAction":[{"@type":"SearchAction","target":{"@type":"EntryPoint","urlTemplate":"https:\/\/elfsight.com\/pl\/?s={search_term_string}"},"query-input":{"@type":"PropertyValueSpecification","valueRequired":true,"valueName":"search_term_string"}}],"inLanguage":"pl-PL"}]}},"meta_box":{"industry":"","seo_heading":"","heading":"","description":"","cta_heading":"","cta_description":"","application":"8185","h1":"Wid\u017cet T\u0142umacza stron internetowych Elementor","h1_caption":"Automatycznie t\u0142umacz zawarto\u015b\u0107 swojej witryny na wiele j\u0119zyk\u00f3w, dzi\u0119ki czemu b\u0119dzie ona dost\u0119pna dla odbiorc\u00f3w na ca\u0142ym \u015bwiecie w witrynie Elementor bez wysi\u0142ku.","application_category":[],"applications_title":"","applications_request_title":"","applications_request_button_text":"","hero_text":"","hero_video":"","hero_video_schema_markup":"","selling_points_title":"","selling_points_caption":"","selling_points":[],"selling_points_cta_text":"","features_title":"","features":"","ed_cta_examples_text":"","ed_cta_examples_hidden":"","ed_cta_demo_text":"","ed_cta_demo_hidden":"","why_caption":"","why_editor_title":"","why_editor_text":"","why_team_title":"","why_team_text":"","why_service_title":"","why_service_text":"","template_catalog_visible":"","template_catalog_title":"","template_catalog_text":"","template_catalog_categories_visible":"","demo_title":"Utw\u00f3rz wid\u017cet T\u0142umacza stron internetowych","demo_caption":"Skonfiguruj t\u0142umacza stron internetowych i dodaj go do swojej witryny Elementor za darmo!","default_faq_hidden":"","app_template_category":[],"platform":"268","template_public_id":"","codecanyon_url":"","codecanyon_item_id":"","codecanyon_price":"","pricing_caption":"","pricing_elfsight_apps_hide_column":"","pricing_elfsight_apps_url":"","pricing_codecanyon_price_caption":"","integration_category":[],"integration_request_title":"","integration_request_cta":"","integration_platform":"","integrations":[],"platform_category":[],"video_schema_markup":"","price":"od 0 USD \/ miesi\u0105c","trial":"","benefits":[{"text":"Bezp\u0142atna pomoc w monta\u017cu"},{"text":"Profesjonalna obs\u0142uga klienta"},{"text":"14-dniowa gwarancja zwrotu pieni\u0119dzy"},{"text":"Przysz\u0142e bezp\u0142atne aktualizacje"}],"button_url":"#demo","button_target_blank":"","button_nofollow":"","attributes":[{"name":"Zainstalowa\u0107","content":"50,000 - 100,000"},{"name":"Czu\u0142y","content":"Tak"},{"name":"Kompatybilne przegl\u0105darki","content":"Firefox, Safari, Opera, Chrome, Edge"}],"tags":[],"tags_disable_links":"","hide_more_platforms":"","video_object":"","demo_hide_cta":"","demo_hide_cloud_options":"","pricing_title":"","pricing":[{"pricing_icon":"platform","pricing_title":"Elfsight Apps","pricing_title_caption":"Rozwi\u0105zanie niezale\u017cne od platformy","pricing_price":"od 0 USD \/ miesi\u0105c","pricing_price_caption":"zacznij od darmowego planu","pricing_benefits":[{"text":"Nielimitowane strony internetowe"},{"text":"Ca\u0142odobowa obs\u0142uga klienta, dobrze udokumentowana"},{"text":"Bezp\u0142atna pomoc w instalacji"},{"text":"100% konfigurowalny"}],"pricing_button_text":"Dodaj do witryny","pricing_button_url":"#demo"}],"related_apps_title":"","related_apps_hidden":"","author":"","image":[],"title":"","job":"","social_networks":[]},"_links":{"self":[{"href":"https:\/\/elfsight.com\/pl\/wp-json\/wp\/v2\/pages\/8767","targetHints":{"allow":["GET"]}}],"collection":[{"href":"https:\/\/elfsight.com\/pl\/wp-json\/wp\/v2\/pages"}],"about":[{"href":"https:\/\/elfsight.com\/pl\/wp-json\/wp\/v2\/types\/page"}],"author":[{"embeddable":true,"href":"https:\/\/elfsight.com\/pl\/wp-json\/wp\/v2\/users\/9"}],"replies":[{"embeddable":true,"href":"https:\/\/elfsight.com\/pl\/wp-json\/wp\/v2\/comments?post=8767"}],"version-history":[{"count":1,"href":"https:\/\/elfsight.com\/pl\/wp-json\/wp\/v2\/pages\/8767\/revisions"}],"predecessor-version":[{"id":8771,"href":"https:\/\/elfsight.com\/pl\/wp-json\/wp\/v2\/pages\/8767\/revisions\/8771"}],"up":[{"embeddable":true,"href":"https:\/\/elfsight.com\/pl\/wp-json\/wp\/v2\/pages\/8190"}],"wp:attachment":[{"href":"https:\/\/elfsight.com\/pl\/wp-json\/wp\/v2\/media?parent=8767"}],"curies":[{"name":"wp","href":"https:\/\/api.w.org\/{rel}","templated":true}]}}