{"id":8765,"date":"2024-09-30T18:27:29","date_gmt":"2024-09-30T18:27:29","guid":{"rendered":"https:\/\/elfsight.com\/pl\/?page_id=8765"},"modified":"2024-12-17T13:10:52","modified_gmt":"2024-12-17T13:10:52","slug":"elementor","status":"publish","type":"page","link":"https:\/\/elfsight.com\/pl\/appointment-booking-widget\/elementor\/","title":{"rendered":"Appointment Booking &#8211; Elementor"},"content":{"rendered":"<div class=\"application-platform-content-item-description application-platform-content-item\" id=\"description\" data-nav-section=\"description\"><h2>Osad\u017a rezerwacj\u0119 spotkania na Elementorze za pomoc\u0105 wid\u017cetu Elfsight!<\/h2> <p>Widget Rezerwacja spotkania jest dost\u0119pny, aby pom\u00f3c potencjalnym klientom zabezpieczy\u0107 miejsca bezpo\u015brednio w witrynie Elementor, minimalizuj\u0105c wysi\u0142ek r\u0119czny \u2014 taki jak ci\u0105g\u0142e monitorowanie wiadomo\u015bci, po\u0142\u0105cze\u0144 i e-maili \u2014 od Ciebie. Pomy\u015bl o tym, jak o dedykowanej recepcjonistce, kt\u00f3ra jest w gotowo\u015bci przez ca\u0142\u0105 dob\u0119, kt\u00f3ra wysy\u0142a automatyczne powiadomienia i kt\u00f3r\u0105 mo\u017cna po\u0142\u0105czy\u0107 z aplikacjami outsourcingowymi, takimi jak Kalendarz Google.<\/p> <p>To idealna okazja, aby dok\u0142adniej opisa\u0107 swoj\u0105 us\u0142ug\u0119 lub okazj\u0119, zdefiniowa\u0107 czas trwania, podaj dane kontaktowe i ustal cen\u0119, aby usprawni\u0107 proces decyzyjny klient\u00f3w. Dodatkowo mo\u017cesz wybra\u0107 wygl\u0105d wid\u017cetu, modyfikuj\u0105c niestandardowe elementy i funkcje, bez konieczno\u015bci opanowania umiej\u0119tno\u015bci programowania lub rekrutacji programisty!<\/p> <p><b>Zwi\u0119ksz widoczno\u015b\u0107 swojej firmy i sta\u0144 si\u0119 dost\u0119pny dla szerszej bazy klient\u00f3w poprzez rezerwacj\u0119 spotka\u0144 online na Twojej stronie internetowej!<\/b><\/p> <\/div> <div class=\"application-platform-content-item-features application-platform-content-item\" id=\"features\" data-nav-section=\"features\"> <h2>Przejrzyj list\u0119 najpot\u0119\u017cniejsze funkcje:<\/h2> <ul><li>Oferuj dok\u0142adne wyja\u015bnienie swojej us\u0142ugi \u2013 nazw\u0119, szczeg\u00f3\u0142y, zdj\u0119cie i czas trwania \u2013 oraz ustal ceny w r\u00f3\u017cnych walutach.<\/li><li>Wysy\u0142aj automatyczne powiadomienia aby potwierdzi\u0107 zarezerwowane miejsca klientom i sobie.<\/li><li>Zsynchronizuj wid\u017cet z us\u0142ugami outsourcingowymi, takimi jak Kalendarz Google, aby zachowa\u0107 ci\u0105g\u0142e aktualizacje.<\/li><li>Wy\u015bwietlaj dane kontaktowe swojej firmy w ramach weryfikacji spo\u0142eczno\u015bciowej i w\u0142\u0105cz u\u017cytkownicy, z kt\u00f3rymi mog\u0105 si\u0119 skontaktowa\u0107 w przypadku nieoczekiwanego zdarzenia sytuacjach.<\/li><li>Dostosowywanie bez kodu dzi\u0119ki zaawansowanym ustawieniom projektu: wst\u0119pnie zaprojektowane szablony, kolory, stylowe uk\u0142ady, czcionki, niestandardowy edytor CSS, niestandardowy edytor JS itp.<\/li><\/ul><p><a href=\"#demo\">Mo\u017cesz sprawdzi\u0107, jak dzia\u0142a widget, wypr\u00f3bowuj\u0105c wersj\u0119 demonstracyjn\u0105<\/a><\/p> <\/div> <div class=\"application-platform-content-item-installation application-platform-content-item\" id=\"installation\" data-nav-section=\"installation\"> <h2>Jak doda\u0107 rezerwacj\u0119 spotkania do mojej witryny Elementor?<\/h2> <p>Aby osadzi\u0107 rezerwacj\u0119 spotkania na swojej stronie internetowej Elementor, wykonaj poni\u017csze kroki:<\/p> <ol><li><b> Uruchom nasze bezp\u0142atne demo i zacznij tworzy\u0107 unikaln\u0105 wtyczk\u0119 LinkedIn Feed.<\/b><br> Okre\u015bl niestandardowy uk\u0142ad i funkcjonalno\u015b\u0107 wid\u017cetu oraz zapisz zmiany.<\/li> <li><b>Uzyskaj unikalny kod pojawiaj\u0105cy si\u0119 w specjalna forma na ElfSight Aplikacje.<\/b><br> Po zako\u0144czeniu dostosowywania Twojego osobistego narz\u0119dzia skopiuj ekskluzywny kod z wy\u015bwietlonego okna i zachowaj go do p\u00f3\u017aniejszego wykorzystania.<\/li> <li><b>Wprowad\u017a opcj\u0119 korzystania z wid\u017cetu w swoj\u0105 witryn\u0119 Elementor.<\/b><br> Umie\u015b\u0107 skopiowany ostatnio kod w swojej witrynie i zapisz zmiany.<\/li> <li><b>Gotowe! Osadzanie zosta\u0142o zako\u0144czone.<\/b><br> Przejd\u017a do swojej witryny, aby sprawdzi\u0107 dzia\u0142anie wid\u017cetu.<\/li><\/ol> <p>Je\u015bli wyst\u0105pi\u0105 jakie\u015b problemy, nie wahaj si\u0119 i z\u0142\u00f3\u017c wniosek o nasz\u0105 pomoc personel pomocniczy. Nasi konsultanci ch\u0119tnie odpowiedz\u0105 na wszystkie pytania dotycz\u0105ce wid\u017cetu.<\/p> <\/div> ","protected":false},"excerpt":{"rendered":"","protected":false},"author":9,"featured_media":0,"parent":9514,"menu_order":0,"comment_status":"closed","ping_status":"closed","template":"templates\/template-application-platform.php","meta":{"publish_to_discourse":"","publish_post_category":"","wpdc_auto_publish_overridden":"","wpdc_topic_tags":"","wpdc_pin_topic":"","wpdc_pin_until":"","discourse_post_id":"","discourse_permalink":"","wpdc_publishing_response":"","wpdc_publishing_error":"","footnotes":""},"class_list":["post-8765","page","type-page","status-publish","hentry"],"yoast_head":"<!-- This site is optimized with the Yoast SEO plugin v25.3.1 - https:\/\/yoast.com\/wordpress\/plugins\/seo\/ -->\n<title>Wtyczka Elementor Booking \u2014 Dodaj rezerwacj\u0119 spotkania na Elementorze<\/title>\n<meta name=\"description\" content=\"Umie\u015b\u0107 interaktywny ko\u0142owrotek na stronie Elementora. Zobacz wszystkie funkcje wtyczki Elementor Spinning Wheel, kt\u00f3re mo\u017cesz doda\u0107 do strony internetowej.\" \/>\n<meta name=\"robots\" content=\"index, follow, max-snippet:-1, max-image-preview:large, max-video-preview:-1\" \/>\n<link rel=\"canonical\" href=\"https:\/\/elfsight.com\/pl\/appointment-booking-widget\/elementor\/\" \/>\n<meta property=\"og:locale\" content=\"pl_PL\" \/>\n<meta property=\"og:type\" content=\"article\" \/>\n<meta property=\"og:title\" content=\"Wtyczka Elementor Booking \u2014 Dodaj rezerwacj\u0119 spotkania na Elementorze\" \/>\n<meta property=\"og:description\" content=\"Umie\u015b\u0107 interaktywny ko\u0142owrotek na stronie Elementora. Zobacz wszystkie funkcje wtyczki Elementor Spinning Wheel, kt\u00f3re mo\u017cesz doda\u0107 do strony internetowej.\" \/>\n<meta property=\"og:url\" content=\"https:\/\/elfsight.com\/pl\/appointment-booking-widget\/elementor\/\" \/>\n<meta property=\"og:site_name\" content=\"Elfsight PL\" \/>\n<meta property=\"article:modified_time\" content=\"2024-12-17T13:10:52+00:00\" \/>\n<meta name=\"twitter:card\" content=\"summary_large_image\" \/>\n<meta name=\"twitter:label1\" content=\"Szacowany czas czytania\" \/>\n\t<meta name=\"twitter:data1\" content=\"2 minuty\" \/>\n<!-- \/ Yoast SEO plugin. -->","yoast_head_json":{"title":"Wtyczka Elementor Booking \u2014 Dodaj rezerwacj\u0119 spotkania na Elementorze","description":"Umie\u015b\u0107 interaktywny ko\u0142owrotek na stronie Elementora. Zobacz wszystkie funkcje wtyczki Elementor Spinning Wheel, kt\u00f3re mo\u017cesz doda\u0107 do strony internetowej.","robots":{"index":"index","follow":"follow","max-snippet":"max-snippet:-1","max-image-preview":"max-image-preview:large","max-video-preview":"max-video-preview:-1"},"canonical":"https:\/\/elfsight.com\/pl\/appointment-booking-widget\/elementor\/","og_locale":"pl_PL","og_type":"article","og_title":"Wtyczka Elementor Booking \u2014 Dodaj rezerwacj\u0119 spotkania na Elementorze","og_description":"Umie\u015b\u0107 interaktywny ko\u0142owrotek na stronie Elementora. Zobacz wszystkie funkcje wtyczki Elementor Spinning Wheel, kt\u00f3re mo\u017cesz doda\u0107 do strony internetowej.","og_url":"https:\/\/elfsight.com\/pl\/appointment-booking-widget\/elementor\/","og_site_name":"Elfsight PL","article_modified_time":"2024-12-17T13:10:52+00:00","twitter_card":"summary_large_image","twitter_misc":{"Szacowany czas czytania":"2 minuty"},"schema":{"@context":"https:\/\/schema.org","@graph":[{"@type":"WebPage","@id":"https:\/\/elfsight.com\/pl\/appointment-booking-widget\/elementor\/","url":"https:\/\/elfsight.com\/pl\/appointment-booking-widget\/elementor\/","name":"Wtyczka Elementor Booking \u2014 Dodaj rezerwacj\u0119 spotkania na Elementorze","isPartOf":{"@id":"https:\/\/elfsight.com\/pl\/#website"},"datePublished":"2024-09-30T18:27:29+00:00","dateModified":"2024-12-17T13:10:52+00:00","description":"Umie\u015b\u0107 interaktywny ko\u0142owrotek na stronie Elementora. Zobacz wszystkie funkcje wtyczki Elementor Spinning Wheel, kt\u00f3re mo\u017cesz doda\u0107 do strony internetowej.","breadcrumb":{"@id":"https:\/\/elfsight.com\/pl\/appointment-booking-widget\/elementor\/#breadcrumb"},"inLanguage":"pl-PL","potentialAction":[{"@type":"ReadAction","target":["https:\/\/elfsight.com\/pl\/appointment-booking-widget\/elementor\/"]}]},{"@type":"BreadcrumbList","@id":"https:\/\/elfsight.com\/pl\/appointment-booking-widget\/elementor\/#breadcrumb","itemListElement":[{"@type":"ListItem","position":1,"name":"Home","item":"https:\/\/elfsight.com\/pl\/"},{"@type":"ListItem","position":2,"name":"Appointment Booking","item":"https:\/\/elfsight.com\/pl\/appointment-booking-widget\/"},{"@type":"ListItem","position":3,"name":"Appointment Booking &#8211; Elementor"}]},{"@type":"WebSite","@id":"https:\/\/elfsight.com\/pl\/#website","url":"https:\/\/elfsight.com\/pl\/","name":"Elfsight PL","description":"Just another Elfsight Sites site","potentialAction":[{"@type":"SearchAction","target":{"@type":"EntryPoint","urlTemplate":"https:\/\/elfsight.com\/pl\/?s={search_term_string}"},"query-input":{"@type":"PropertyValueSpecification","valueRequired":true,"valueName":"search_term_string"}}],"inLanguage":"pl-PL"}]}},"meta_box":{"industry":"","seo_heading":"","heading":"","description":"","cta_heading":"","cta_description":"","application":"9513","h1":"Wtyczka Elementor do rezerwacji wizyt","h1_caption":"Pozw\u00f3l u\u017cytkownikom \u0142atwo planowa\u0107 spotkania bezpo\u015brednio ze strony Elementor, zwi\u0119kszaj\u0105c wygod\u0119 i usprawniaj\u0105c proces rezerwacji.","application_category":[],"applications_title":"","applications_request_title":"","applications_request_button_text":"","hero_text":"","hero_video":"","hero_video_schema_markup":"","selling_points_title":"","selling_points_caption":"","selling_points":[],"selling_points_cta_text":"","features_title":"","features":"","ed_cta_examples_text":"","ed_cta_examples_hidden":"","ed_cta_demo_text":"","ed_cta_demo_hidden":"","why_caption":"","why_editor_title":"","why_editor_text":"","why_team_title":"","why_team_text":"","why_service_title":"","why_service_text":"","template_catalog_visible":"","template_catalog_title":"","template_catalog_text":"","template_catalog_categories_visible":"","demo_title":"Utw\u00f3rz wid\u017cet Rezerwacja spotkania","demo_caption":"Skonfiguruj rezerwacj\u0119 spotkania i dodaj j\u0105 do swojej witryny Elementor za darmo!","default_faq_hidden":"","app_template_category":[],"platform":"268","template_public_id":"","codecanyon_url":"","codecanyon_item_id":"","codecanyon_price":"","pricing_caption":"","pricing_elfsight_apps_hide_column":"","pricing_elfsight_apps_url":"","pricing_codecanyon_price_caption":"","integration_category":[],"integration_request_title":"","integration_request_cta":"","integration_platform":"","integrations":[],"platform_category":[],"video_schema_markup":"","price":"od 0 USD \/ miesi\u0105c","trial":"","benefits":[{"text":"Bezp\u0142atna us\u0142uga monta\u017cu"},{"text":"Wyj\u0105tkowe wsparcie"},{"text":"14-dniowa gwarancja zwrotu pieni\u0119dzy"},{"text":"Regularne bezp\u0142atne aktualizacje"}],"button_url":"#demo","button_target_blank":"","button_nofollow":"","attributes":[{"name":"Instaluje","content":"1,000 - 5,000"},{"name":"Czu\u0142y","content":"Tak"},{"name":"Kompatybilne przegl\u0105darki","content":"Firefox, Safari, Opera, Chrome, Edge"}],"tags":[],"tags_disable_links":"","hide_more_platforms":"","video_object":"","demo_hide_cta":"","demo_hide_cloud_options":"","pricing_title":"","pricing":[{"pricing_icon":"platform","pricing_title":"Elfsight Apps","pricing_title_caption":"Oprogramowanie niezale\u017cne od platformy, kt\u00f3re dzia\u0142a na ka\u017cdej stronie internetowej","pricing_price":"Od 0 USD \/ miesi\u0105c","pricing_price_caption":"Zacznij od bezp\u0142atnego planu","pricing_benefits":[{"text":"Nielimitowane strony internetowe"},{"text":"Wsparcie premium i dobrze udokumentowane"},{"text":"Bezp\u0142atne wsparcie przy monta\u017cu"},{"text":"Elastyczny projekt"}],"pricing_button_text":"Dodaj do witryny","pricing_button_url":"#demo"}],"related_apps_title":"","related_apps_hidden":"","author":"","image":[],"title":"","job":"","social_networks":[]},"_links":{"self":[{"href":"https:\/\/elfsight.com\/pl\/wp-json\/wp\/v2\/pages\/8765","targetHints":{"allow":["GET"]}}],"collection":[{"href":"https:\/\/elfsight.com\/pl\/wp-json\/wp\/v2\/pages"}],"about":[{"href":"https:\/\/elfsight.com\/pl\/wp-json\/wp\/v2\/types\/page"}],"author":[{"embeddable":true,"href":"https:\/\/elfsight.com\/pl\/wp-json\/wp\/v2\/users\/9"}],"replies":[{"embeddable":true,"href":"https:\/\/elfsight.com\/pl\/wp-json\/wp\/v2\/comments?post=8765"}],"version-history":[{"count":1,"href":"https:\/\/elfsight.com\/pl\/wp-json\/wp\/v2\/pages\/8765\/revisions"}],"predecessor-version":[{"id":8769,"href":"https:\/\/elfsight.com\/pl\/wp-json\/wp\/v2\/pages\/8765\/revisions\/8769"}],"up":[{"embeddable":true,"href":"https:\/\/elfsight.com\/pl\/wp-json\/wp\/v2\/pages\/9514"}],"wp:attachment":[{"href":"https:\/\/elfsight.com\/pl\/wp-json\/wp\/v2\/media?parent=8765"}],"curies":[{"name":"wp","href":"https:\/\/api.w.org\/{rel}","templated":true}]}}