{"id":8757,"date":"2024-09-30T18:27:29","date_gmt":"2024-09-30T18:27:29","guid":{"rendered":"https:\/\/elfsight.com\/pl\/?page_id=8757"},"modified":"2024-12-17T13:10:42","modified_gmt":"2024-12-17T13:10:42","slug":"iframe","status":"publish","type":"page","link":"https:\/\/elfsight.com\/pl\/website-translator-widget\/iframe\/","title":{"rendered":"Website Translator &#8211; iFrame"},"content":{"rendered":"<div class=\"application-platform-content-item-description application-platform-content-item\" id=\"description\" data-nav-section=\"description\"> <h2>Osad\u017a T\u0142umacz witryn internetowych w ramce iFrame za pomoc\u0105 wtyczki Elfsight<\/h2> <p>Dobry spos\u00f3b na zwi\u0119kszenie obecno\u015bci Twojej firmy w Internecie i dotarcie do globalnego publiczno\u015b\u0107 dodaje nasz wid\u017cet T\u0142umacza stron internetowych dla iFrame. Dzi\u0119ki p\u0142ynnemu t\u0142umaczeniu tre\u015bci Twojej witryny, ten widget gwarantuje, \u017ce Tw\u00f3j przekaz dotrze do klient\u00f3w z r\u00f3\u017cnych \u015brodowisk j\u0119zykowych, pomagaj\u0105c prze\u0142ama\u0107 bariery j\u0119zykowe i zwi\u0119kszy\u0107 zasi\u0119g Twojej firmy. <\/p><p>Nasz t\u0142umacz stron internetowych oferuje natychmiastowe automatyczne t\u0142umaczenie stron internetowych obs\u0142ugiwane przez Google AI, obs\u0142uguj\u0105ce ponad 130 j\u0119zyk\u00f3w. Zapami\u0119tuje preferencje j\u0119zykowe odwiedzaj\u0105cych, zapewniaj\u0105c indywidualne do\u015bwiadczenie przegl\u0105dania, kt\u00f3re utrzymuje ich w zaanga\u017cowaniu. Bezproblemowo globalizuj swoj\u0105 witryn\u0119 iFrame i nawi\u0105zuj kontakt z r\u00f3\u017cnymi odbiorcami dzi\u0119ki zaawansowanej technologii t\u0142umacze\u0144. <\/p><p><b>Oferuj swoje produkty i us\u0142ugi na ca\u0142ym \u015bwiecie dzi\u0119ki widgetowi zmiany j\u0119zyka zorientowanemu na klienta! <\/b><\/p><\/div> <div class=\"application-platform-content-item-features application-platform-content-item\" id=\"features\" data-nav-section=\"features\"> <h2>Przeanalizuj list\u0119 najwa\u017cniejszych funkcji: <\/h2><ul><li>Natychmiastowe automatyczne t\u0142umaczenie strony internetowej<\/li> <li>T\u0142umaczenie oparte na sztucznej inteligencji Google<\/li><li>Obs\u0142uga ponad 130 j\u0119zyk\u00f3w<\/li><li>Zapami\u0119tywanie go\u015bcia preferencje<\/li><li>Wiele wst\u0119pnie zaprojektowanych styl\u00f3w wid\u017cet\u00f3w<\/li><\/ul><p><a href=\"#demo\">Mo\u017cesz przetestowa\u0107 mo\u017cliwo\u015bci wid\u017cetu za pomoc\u0105 wersji demonstracyjnej<\/a><\/p><\/div> <div class=\"application-platform-content-item-installation application-platform-content-item\" id=\"installation\" data-nav-section=\"installation\"> <h2>Jak zintegrowa\u0107 T\u0142umacz witryn internetowych z moj\u0105 platform\u0105 iFrame? <\/h2><p>Wystarczy wykona\u0107 poni\u017csze wskaz\u00f3wki, aby rozpocz\u0105\u0107 prac\u0119 z wid\u017cetem. <\/p><ol><li><b>Skorzystaj z naszej bezp\u0142atnej wersji demonstracyjnej i zacznij tworzy\u0107 sw\u00f3j unikalny widget. <\/b><br>Znajd\u017a wybrany uk\u0142ad i funkcjonalno\u015b\u0107 wtyczki i zapisz poprawki. <\/li> <li><b>Uzyskaj unikalny kod widoczny w polu aplikacji Elfsight. <\/b><br>Gdy tylko konfiguracja Twojego osobistego widgetu zostanie zako\u0144czona, skopiuj kod osobisty z wy\u015bwietlonego pola i zachowaj go do p\u00f3\u017aniejszego wykorzystania. <\/li> <li><b>Rozpocznij korzystanie z narz\u0119dzia na stronie iFrame. <\/b><br>Zaimplementuj zapisany wcze\u015bniej kod na swojej stronie g\u0142\u00f3wnej i zastosuj zmiany. <\/li> <li><b>Instalacja zosta\u0142a pomy\u015blnie zako\u0144czona. <\/b><br>Odwied\u017a swoj\u0105 stron\u0119 internetow\u0105, aby zobaczy\u0107 dzia\u0142anie narz\u0119dzia. <\/li><\/ol><p>Je\u015bli napotkasz jakiekolwiek trudno\u015bci, nie wahaj si\u0119 napisa\u0107 do naszego personelu obs\u0142ugi klienta. Nasi ludzie z przyjemno\u015bci\u0105 odpowiedz\u0105 na wszystkie pytania, jakie mo\u017cesz mie\u0107 w zwi\u0105zku z tym narz\u0119dziem. <\/p><\/div>","protected":false},"excerpt":{"rendered":"","protected":false},"author":9,"featured_media":0,"parent":8190,"menu_order":0,"comment_status":"closed","ping_status":"closed","template":"templates\/template-application-platform.php","meta":{"publish_to_discourse":"","publish_post_category":"","wpdc_auto_publish_overridden":"","wpdc_topic_tags":"","wpdc_pin_topic":"","wpdc_pin_until":"","discourse_post_id":"","discourse_permalink":"","wpdc_publishing_response":"","wpdc_publishing_error":"","footnotes":""},"class_list":["post-8757","page","type-page","status-publish","hentry"],"yoast_head":"<!-- This site is optimized with the Yoast SEO plugin v25.3.1 - https:\/\/yoast.com\/wordpress\/plugins\/seo\/ -->\n<title>Widget T\u0142umacza stron internetowych - Osad\u017a prze\u0142\u0105cznik j\u0119zyka w iFrame<\/title>\n<meta name=\"description\" content=\"Dodaj niewymagaj\u0105c\u0105 kodowania aplikacj\u0119 do rezerwacji spotka\u0144 do witryny Google Sites i pozw\u00f3l klientom rezerwowa\u0107 terminy za pomoc\u0105 kilku klikni\u0119\u0107!\" \/>\n<meta name=\"robots\" content=\"index, follow, max-snippet:-1, max-image-preview:large, max-video-preview:-1\" \/>\n<link rel=\"canonical\" href=\"https:\/\/elfsight.com\/pl\/website-translator-widget\/iframe\/\" \/>\n<meta property=\"og:locale\" content=\"pl_PL\" \/>\n<meta property=\"og:type\" content=\"article\" \/>\n<meta property=\"og:title\" content=\"Widget T\u0142umacza stron internetowych - Osad\u017a prze\u0142\u0105cznik j\u0119zyka w iFrame\" \/>\n<meta property=\"og:description\" content=\"Dodaj niewymagaj\u0105c\u0105 kodowania aplikacj\u0119 do rezerwacji spotka\u0144 do witryny Google Sites i pozw\u00f3l klientom rezerwowa\u0107 terminy za pomoc\u0105 kilku klikni\u0119\u0107!\" \/>\n<meta property=\"og:url\" content=\"https:\/\/elfsight.com\/pl\/website-translator-widget\/iframe\/\" \/>\n<meta property=\"og:site_name\" content=\"Elfsight PL\" \/>\n<meta property=\"article:modified_time\" content=\"2024-12-17T13:10:42+00:00\" \/>\n<meta name=\"twitter:card\" content=\"summary_large_image\" \/>\n<meta name=\"twitter:label1\" content=\"Szacowany czas czytania\" \/>\n\t<meta name=\"twitter:data1\" content=\"2 minuty\" \/>\n<!-- \/ Yoast SEO plugin. -->","yoast_head_json":{"title":"Widget T\u0142umacza stron internetowych - Osad\u017a prze\u0142\u0105cznik j\u0119zyka w iFrame","description":"Dodaj niewymagaj\u0105c\u0105 kodowania aplikacj\u0119 do rezerwacji spotka\u0144 do witryny Google Sites i pozw\u00f3l klientom rezerwowa\u0107 terminy za pomoc\u0105 kilku klikni\u0119\u0107!","robots":{"index":"index","follow":"follow","max-snippet":"max-snippet:-1","max-image-preview":"max-image-preview:large","max-video-preview":"max-video-preview:-1"},"canonical":"https:\/\/elfsight.com\/pl\/website-translator-widget\/iframe\/","og_locale":"pl_PL","og_type":"article","og_title":"Widget T\u0142umacza stron internetowych - Osad\u017a prze\u0142\u0105cznik j\u0119zyka w iFrame","og_description":"Dodaj niewymagaj\u0105c\u0105 kodowania aplikacj\u0119 do rezerwacji spotka\u0144 do witryny Google Sites i pozw\u00f3l klientom rezerwowa\u0107 terminy za pomoc\u0105 kilku klikni\u0119\u0107!","og_url":"https:\/\/elfsight.com\/pl\/website-translator-widget\/iframe\/","og_site_name":"Elfsight PL","article_modified_time":"2024-12-17T13:10:42+00:00","twitter_card":"summary_large_image","twitter_misc":{"Szacowany czas czytania":"2 minuty"},"schema":{"@context":"https:\/\/schema.org","@graph":[{"@type":"WebPage","@id":"https:\/\/elfsight.com\/pl\/website-translator-widget\/iframe\/","url":"https:\/\/elfsight.com\/pl\/website-translator-widget\/iframe\/","name":"Widget T\u0142umacza stron internetowych - Osad\u017a prze\u0142\u0105cznik j\u0119zyka w iFrame","isPartOf":{"@id":"https:\/\/elfsight.com\/pl\/#website"},"datePublished":"2024-09-30T18:27:29+00:00","dateModified":"2024-12-17T13:10:42+00:00","description":"Dodaj niewymagaj\u0105c\u0105 kodowania aplikacj\u0119 do rezerwacji spotka\u0144 do witryny Google Sites i pozw\u00f3l klientom rezerwowa\u0107 terminy za pomoc\u0105 kilku klikni\u0119\u0107!","breadcrumb":{"@id":"https:\/\/elfsight.com\/pl\/website-translator-widget\/iframe\/#breadcrumb"},"inLanguage":"pl-PL","potentialAction":[{"@type":"ReadAction","target":["https:\/\/elfsight.com\/pl\/website-translator-widget\/iframe\/"]}]},{"@type":"BreadcrumbList","@id":"https:\/\/elfsight.com\/pl\/website-translator-widget\/iframe\/#breadcrumb","itemListElement":[{"@type":"ListItem","position":1,"name":"Home","item":"https:\/\/elfsight.com\/pl\/"},{"@type":"ListItem","position":2,"name":"Website Translator","item":"https:\/\/elfsight.com\/pl\/website-translator-widget\/"},{"@type":"ListItem","position":3,"name":"Website Translator &#8211; iFrame"}]},{"@type":"WebSite","@id":"https:\/\/elfsight.com\/pl\/#website","url":"https:\/\/elfsight.com\/pl\/","name":"Elfsight PL","description":"Just another Elfsight Sites site","potentialAction":[{"@type":"SearchAction","target":{"@type":"EntryPoint","urlTemplate":"https:\/\/elfsight.com\/pl\/?s={search_term_string}"},"query-input":{"@type":"PropertyValueSpecification","valueRequired":true,"valueName":"search_term_string"}}],"inLanguage":"pl-PL"}]}},"meta_box":{"industry":"","seo_heading":"","heading":"","description":"","cta_heading":"","cta_description":"","application":"8185","h1":"Wid\u017cet T\u0142umacza stron internetowych iFrame","h1_caption":"Automatycznie t\u0142umacz zawarto\u015b\u0107 swojej witryny na wiele j\u0119zyk\u00f3w, dzi\u0119ki czemu b\u0119dzie ona bezproblemowo dost\u0119pna dla odbiorc\u00f3w na ca\u0142ym \u015bwiecie w witrynie iFrame.","application_category":[],"applications_title":"","applications_request_title":"","applications_request_button_text":"","hero_text":"","hero_video":"","hero_video_schema_markup":"","selling_points_title":"","selling_points_caption":"","selling_points":[],"selling_points_cta_text":"","features_title":"","features":"","ed_cta_examples_text":"","ed_cta_examples_hidden":"","ed_cta_demo_text":"","ed_cta_demo_hidden":"","why_caption":"","why_editor_title":"","why_editor_text":"","why_team_title":"","why_team_text":"","why_service_title":"","why_service_text":"","template_catalog_visible":"","template_catalog_title":"","template_catalog_text":"","template_catalog_categories_visible":"","demo_title":"Utw\u00f3rz wid\u017cet T\u0142umacza stron internetowych","demo_caption":"Skonfiguruj t\u0142umacza stron internetowych i dodaj go do swojej witryny iFrame za darmo!","default_faq_hidden":"","app_template_category":[],"platform":"187","template_public_id":"","codecanyon_url":"","codecanyon_item_id":"","codecanyon_price":"","pricing_caption":"","pricing_elfsight_apps_hide_column":"","pricing_elfsight_apps_url":"","pricing_codecanyon_price_caption":"","integration_category":[],"integration_request_title":"","integration_request_cta":"","integration_platform":"","integrations":[],"platform_category":[],"video_schema_markup":"","price":"od 0 USD \/ miesi\u0105c","trial":"","benefits":[{"text":"Bezp\u0142atna us\u0142uga monta\u017cu"},{"text":"Kompetentna obs\u0142uga klienta"},{"text":"14-dniowa gwarancja zwrotu pieni\u0119dzy"},{"text":"Stale aktualizowana"}],"button_url":"#demo","button_target_blank":"","button_nofollow":"","attributes":[{"name":"Zainstalowa\u0107","content":"50,000 - 100,000"},{"name":"Czu\u0142y","content":"Tak"},{"name":"Kompatybilne przegl\u0105darki","content":"Firefox, Safari, Opera, Chrome, Edge"}],"tags":[],"tags_disable_links":"","hide_more_platforms":"","video_object":"","demo_hide_cta":"","demo_hide_cloud_options":"","pricing_title":"","pricing":[{"pricing_icon":"platform","pricing_title":"Elfsight Apps","pricing_title_caption":"Wersja niezale\u017cna od platformy","pricing_price":"od 0 USD \/ miesi\u0105c","pricing_price_caption":"zacznij od darmowego planu","pricing_benefits":[{"text":"Nielimitowane strony internetowe"},{"text":"Szybka pomoc firmy i dobrze udokumentowana"},{"text":"Bezp\u0142atna pomoc w instalacji"},{"text":"Elastyczny projekt"}],"pricing_button_text":"Dodaj do witryny","pricing_button_url":"#demo"}],"related_apps_title":"","related_apps_hidden":"","author":"","image":[],"title":"","job":"","social_networks":[]},"_links":{"self":[{"href":"https:\/\/elfsight.com\/pl\/wp-json\/wp\/v2\/pages\/8757","targetHints":{"allow":["GET"]}}],"collection":[{"href":"https:\/\/elfsight.com\/pl\/wp-json\/wp\/v2\/pages"}],"about":[{"href":"https:\/\/elfsight.com\/pl\/wp-json\/wp\/v2\/types\/page"}],"author":[{"embeddable":true,"href":"https:\/\/elfsight.com\/pl\/wp-json\/wp\/v2\/users\/9"}],"replies":[{"embeddable":true,"href":"https:\/\/elfsight.com\/pl\/wp-json\/wp\/v2\/comments?post=8757"}],"version-history":[{"count":1,"href":"https:\/\/elfsight.com\/pl\/wp-json\/wp\/v2\/pages\/8757\/revisions"}],"predecessor-version":[{"id":8761,"href":"https:\/\/elfsight.com\/pl\/wp-json\/wp\/v2\/pages\/8757\/revisions\/8761"}],"up":[{"embeddable":true,"href":"https:\/\/elfsight.com\/pl\/wp-json\/wp\/v2\/pages\/8190"}],"wp:attachment":[{"href":"https:\/\/elfsight.com\/pl\/wp-json\/wp\/v2\/media?parent=8757"}],"curies":[{"name":"wp","href":"https:\/\/api.w.org\/{rel}","templated":true}]}}