{"id":8752,"date":"2024-09-30T18:27:29","date_gmt":"2024-09-30T18:27:29","guid":{"rendered":"https:\/\/elfsight.com\/pl\/?page_id=8752"},"modified":"2024-12-17T13:10:32","modified_gmt":"2024-12-17T13:10:32","slug":"iframe","status":"publish","type":"page","link":"https:\/\/elfsight.com\/pl\/spinning-wheel-widget\/iframe\/","title":{"rendered":"Spinning Wheel &#8211; iFrame"},"content":{"rendered":"<div class=\"application-platform-content-item-description application-platform-content-item\" id=\"description\" data-nav-section=\"description\"><h2>Umie\u015b\u0107 ko\u0142owrotek z wid\u017cetem Elfsight<\/h2> <p>Dodaj anga\u017cuj\u0105cy i interaktywny ko\u0142owrotek do swojej witryny! Spersonalizuj nawet 10 nagr\u00f3d, dodaj\u0105c unikaln\u0105 tre\u015b\u0107, obrazy, ekskluzywne kody promocyjne i wezwania do dzia\u0142ania. Zbieraj e-maile, zanim u\u017cytkownicy zakr\u0119c\u0105 si\u0119, wysy\u0142aj automatyczne powiadomienia do zwyci\u0119zc\u00f3w, otrzymuj aktualizacje w czasie rzeczywistym i zarz\u0105dzaj prawdopodobie\u0144stwem wygranej dla ka\u017cdej nagrody. Zwi\u0119ksz widoczno\u015b\u0107 dzi\u0119ki inteligentnym wyzwalaczom i kierowaniu na konkretne urz\u0105dzenie. Wid\u017cet obs\u0142uguje ponad 70 j\u0119zyk\u00f3w i jest w pe\u0142ni responsywny. Mo\u017cesz tak\u017ce modyfikowa\u0107 jego wygl\u0105d i zachowanie za pomoc\u0105 niestandardowego CSS i JavaScript.<\/p> <p><b>Zwi\u0119ksz zaanga\u017cowanie u\u017cytkownik\u00f3w i zwi\u0119ksz liczb\u0119 konwersji, oferuj\u0105c atrakcyjne nagrody odwiedzaj\u0105cym Twoj\u0105 witryn\u0119!<\/b><\/p> [\/application_platform_content_item ] <div class=\"application-platform-content-item-features application-platform-content-item\" id=\"features\" data-nav-section=\"features\"><\/div> <h2>G\u0142\u00f3wne cechy Widgetu Spinning Wheel dla iFrame<\/h2> <p>Poni\u017cej znajduje si\u0119 szczeg\u00f3\u0142owy przegl\u0105d Funkcje wid\u017cetu Spinning Wheel zaprojektowane specjalnie dla iFrame. Opcje te s\u0105 dost\u0119pne w edytorze i pomagaj\u0105 skonfigurowa\u0107 wid\u017cet zgodnie z Twoimi konkretnymi wymaganiami.<\/p> <ul> <li>Dodaj a\u017c do 10 unikalnych nagr\u00f3d do interaktywnego ko\u0142owrotka.<\/li> <li>Tre\u015b\u0107 niestandardowa dla ka\u017cdej nagrody.<\/li> <li>Ka\u017cda nagroda mo\u017ce mie\u0107 sw\u00f3j w\u0142asny, ekskluzywny kod promocyjny.<\/li> <li>Dedykowany przycisk akcji dla ka\u017cdej nagrody.<\/li> <li>Opcja zbierania e-maili u\u017cytkownik\u00f3w przed obron\u0105 ko\u0142o.<\/li> <\/ul> <p>Ten wid\u017cet jest idealny dla u\u017cytkownik\u00f3w iFrame, kt\u00f3rzy chc\u0105 doda\u0107 interaktywne elementy do swojej witryny.<\/p> <p><a href=\"#demo\">Poznaj wszystkie dodatkowe funkcje w wersji demonstracyjnej<\/a><\/p> <\/div> <div class=\"application-platform-content-item-installation application-platform-content-item\" id=\"installation\" data-nav-section=\"installation\"> <h2>Jak osadzi\u0107 ko\u0142owrotek w mojej witrynie iFrame?<\/h2> <p>Aby zainstalowa\u0107 wid\u017cet na swojej witrynie internetowej opartej na iFrame, wykonaj nast\u0119puj\u0105ce kroki:<\/p> <ul> <li><b>Utw\u00f3rz w\u0142asny wid\u017cet Spinning Wheel<\/b><br> Skorzystaj z naszej bezp\u0142atnej wersji demonstracyjnej, aby zaprojektowa\u0107 wid\u017cet z preferowanym styl i funkcjonalno\u015b\u0107.<\/li> <li><b>Skopiuj unikalny kod, aby zintegrowa\u0107 wid\u017cet<\/b><br> Po skonfigurowaniu wid\u017cetu otrzymasz unikalny kod z wyskakuj\u0105cego okienka w aplikacjach Elfsight. Zapisz ten kod do wykorzystania w przysz\u0142o\u015bci.<\/li> <li><b>Dodaj wid\u017cet Spinning Wheel do swojej witryny iFrame<\/b><br> Przejd\u017a do sekcji, w kt\u00f3rej chcesz umie\u015bci\u0107 wid\u017cet, wklej skopiowany kod, i zastosuj zmiany.<\/li> <li><b>widget zosta\u0142 pomy\u015blnie osadzony!<\/b><br> Odwied\u017a swoj\u0105 witryn\u0119 obs\u0142uguj\u0105c\u0105 ramk\u0119 iFrame, aby zobaczy\u0107 wid\u017cet w dzia\u0142aniu.<\/li> <\/ul> <p> Je\u017celi potrzebujesz pomocy lub masz jakie\u015b pytania, \u015bmia\u0142o dzwo\u0144 do naszego zespo\u0142u wsparcia. Zawsze s\u0142u\u017cymy pomoc\u0105, zw\u0142aszcza u\u017cytkownikom iFrame.<\/p> <div class=\"faq\" data-component=\"FAQ\"> <div class=\"faq-item\">\r\n\t\t\t\t\t<div class=\"faq-item-question\">\r\n\t\t\t\t\t\t<h3 class=\"faq-item-question-text\">Jak mog\u0119 doda\u0107 Spinning Wheel do mojej witryny iFrame bez do\u015bwiadczenia w programowaniu?<\/h3>\r\n\r\n\t\t\t\t\t\t<div class=\"faq-item-question-icon\"><\/div>\r\n\t\t\t\t\t<\/div>\r\n\r\n\t\t\t\t\t<div class=\"faq-item-answer\">\r\n\t\t\t\t\t\t<div class=\"faq-item-answer-text\"> <p>Elfsight oferuje platform\u0119 SaaS kt\u00f3ra pozwala utworzy\u0107 wid\u017cet Spinning Wheel bez konieczno\u015bci posiadania umiej\u0119tno\u015bci kodowania. U\u017cyj edytora online, aby skonfigurowa\u0107 sw\u00f3j widget. Wybierz szablon, dostosuj ustawienia, dodaj tre\u015b\u0107 i dostosuj uk\u0142ad i kolory. Po zako\u0144czeniu zapisz wid\u017cet i skopiuj kod instalacyjny, aby osadzi\u0107 go na swojej stronie iFrame. Aby uzyska\u0107 dost\u0119p do us\u0142ugi, nie jest wymagana \u017cadna subskrypcja ani karta kredytowa. Je\u015bli napotkasz jakiekolwiek problemy, nasz zesp\u00f3\u0142 pomocy technicznej jest zawsze do Twojej dyspozycji.<\/p> <\/div>\r\n\t\t\t\t\t<\/div>\r\n\t\t\t\t<\/div> <\/div> <\/div> ","protected":false},"excerpt":{"rendered":"","protected":false},"author":9,"featured_media":0,"parent":8192,"menu_order":0,"comment_status":"closed","ping_status":"closed","template":"templates\/template-application-platform.php","meta":{"publish_to_discourse":"","publish_post_category":"","wpdc_auto_publish_overridden":"","wpdc_topic_tags":"","wpdc_pin_topic":"","wpdc_pin_until":"","discourse_post_id":"","discourse_permalink":"","wpdc_publishing_response":"","wpdc_publishing_error":"","footnotes":""},"class_list":["post-8752","page","type-page","status-publish","hentry"],"yoast_head":"<!-- This site is optimized with the Yoast SEO plugin v25.3.1 - https:\/\/yoast.com\/wordpress\/plugins\/seo\/ -->\n<title>Widget Spinning Wheel - Umie\u015b\u0107 Luck Spin na stronie internetowej [BEZP\u0141ATNIE]<\/title>\n<meta name=\"description\" content=\"Dodaj p\u0142ynny wid\u017cet T\u0142umacza stron internetowych do swojej witryny iFrame. Skorzystaj z szybkiej wersji demonstracyjnej Elfsight, aby \u0142atwo stworzy\u0107 swoje unikalne rozwi\u0105zanie.\" \/>\n<meta name=\"robots\" content=\"index, follow, max-snippet:-1, max-image-preview:large, max-video-preview:-1\" \/>\n<link rel=\"canonical\" href=\"https:\/\/elfsight.com\/pl\/spinning-wheel-widget\/iframe\/\" \/>\n<meta property=\"og:locale\" content=\"pl_PL\" \/>\n<meta property=\"og:type\" content=\"article\" \/>\n<meta property=\"og:title\" content=\"Widget Spinning Wheel - Umie\u015b\u0107 Luck Spin na stronie internetowej [BEZP\u0141ATNIE]\" \/>\n<meta property=\"og:description\" content=\"Dodaj p\u0142ynny wid\u017cet T\u0142umacza stron internetowych do swojej witryny iFrame. Skorzystaj z szybkiej wersji demonstracyjnej Elfsight, aby \u0142atwo stworzy\u0107 swoje unikalne rozwi\u0105zanie.\" \/>\n<meta property=\"og:url\" content=\"https:\/\/elfsight.com\/pl\/spinning-wheel-widget\/iframe\/\" \/>\n<meta property=\"og:site_name\" content=\"Elfsight PL\" \/>\n<meta property=\"article:modified_time\" content=\"2024-12-17T13:10:32+00:00\" \/>\n<meta name=\"twitter:card\" content=\"summary_large_image\" \/>\n<meta name=\"twitter:label1\" content=\"Szacowany czas czytania\" \/>\n\t<meta name=\"twitter:data1\" content=\"3 minuty\" \/>\n<!-- \/ Yoast SEO plugin. -->","yoast_head_json":{"title":"Widget Spinning Wheel - Umie\u015b\u0107 Luck Spin na stronie internetowej [BEZP\u0141ATNIE]","description":"Dodaj p\u0142ynny wid\u017cet T\u0142umacza stron internetowych do swojej witryny iFrame. Skorzystaj z szybkiej wersji demonstracyjnej Elfsight, aby \u0142atwo stworzy\u0107 swoje unikalne rozwi\u0105zanie.","robots":{"index":"index","follow":"follow","max-snippet":"max-snippet:-1","max-image-preview":"max-image-preview:large","max-video-preview":"max-video-preview:-1"},"canonical":"https:\/\/elfsight.com\/pl\/spinning-wheel-widget\/iframe\/","og_locale":"pl_PL","og_type":"article","og_title":"Widget Spinning Wheel - Umie\u015b\u0107 Luck Spin na stronie internetowej [BEZP\u0141ATNIE]","og_description":"Dodaj p\u0142ynny wid\u017cet T\u0142umacza stron internetowych do swojej witryny iFrame. Skorzystaj z szybkiej wersji demonstracyjnej Elfsight, aby \u0142atwo stworzy\u0107 swoje unikalne rozwi\u0105zanie.","og_url":"https:\/\/elfsight.com\/pl\/spinning-wheel-widget\/iframe\/","og_site_name":"Elfsight PL","article_modified_time":"2024-12-17T13:10:32+00:00","twitter_card":"summary_large_image","twitter_misc":{"Szacowany czas czytania":"3 minuty"},"schema":{"@context":"https:\/\/schema.org","@graph":[{"@type":"WebPage","@id":"https:\/\/elfsight.com\/pl\/spinning-wheel-widget\/iframe\/","url":"https:\/\/elfsight.com\/pl\/spinning-wheel-widget\/iframe\/","name":"Widget Spinning Wheel - Umie\u015b\u0107 Luck Spin na stronie internetowej [BEZP\u0141ATNIE]","isPartOf":{"@id":"https:\/\/elfsight.com\/pl\/#website"},"datePublished":"2024-09-30T18:27:29+00:00","dateModified":"2024-12-17T13:10:32+00:00","description":"Dodaj p\u0142ynny wid\u017cet T\u0142umacza stron internetowych do swojej witryny iFrame. Skorzystaj z szybkiej wersji demonstracyjnej Elfsight, aby \u0142atwo stworzy\u0107 swoje unikalne rozwi\u0105zanie.","breadcrumb":{"@id":"https:\/\/elfsight.com\/pl\/spinning-wheel-widget\/iframe\/#breadcrumb"},"inLanguage":"pl-PL","potentialAction":[{"@type":"ReadAction","target":["https:\/\/elfsight.com\/pl\/spinning-wheel-widget\/iframe\/"]}]},{"@type":"BreadcrumbList","@id":"https:\/\/elfsight.com\/pl\/spinning-wheel-widget\/iframe\/#breadcrumb","itemListElement":[{"@type":"ListItem","position":1,"name":"Home","item":"https:\/\/elfsight.com\/pl\/"},{"@type":"ListItem","position":2,"name":"Spinning Wheel","item":"https:\/\/elfsight.com\/pl\/spinning-wheel-widget\/"},{"@type":"ListItem","position":3,"name":"Spinning Wheel &#8211; iFrame"}]},{"@type":"WebSite","@id":"https:\/\/elfsight.com\/pl\/#website","url":"https:\/\/elfsight.com\/pl\/","name":"Elfsight PL","description":"Just another Elfsight Sites site","potentialAction":[{"@type":"SearchAction","target":{"@type":"EntryPoint","urlTemplate":"https:\/\/elfsight.com\/pl\/?s={search_term_string}"},"query-input":{"@type":"PropertyValueSpecification","valueRequired":true,"valueName":"search_term_string"}}],"inLanguage":"pl-PL"}]}},"meta_box":{"industry":"","seo_heading":"","heading":"","description":"","cta_heading":"","cta_description":"","application":"8187","h1":"Widget Spinning Wheel dla iFrame","h1_caption":"Zwi\u0119ksz zaanga\u017cowanie i liczb\u0119 konwersji dzi\u0119ki zabawnemu ko\u0142owrotkowi dla iFrame, kt\u00f3re oferuje odwiedzaj\u0105cym szans\u0119 na wygranie zni\u017cek, nagr\u00f3d lub innych zach\u0119t.","application_category":[],"applications_title":"","applications_request_title":"","applications_request_button_text":"","hero_text":"","hero_video":"","hero_video_schema_markup":"","selling_points_title":"","selling_points_caption":"","selling_points":[],"selling_points_cta_text":"","features_title":"","features":"","ed_cta_examples_text":"","ed_cta_examples_hidden":"","ed_cta_demo_text":"","ed_cta_demo_hidden":"","why_caption":"","why_editor_title":"","why_editor_text":"","why_team_title":"","why_team_text":"","why_service_title":"","why_service_text":"","template_catalog_visible":"","template_catalog_title":"","template_catalog_text":"","template_catalog_categories_visible":"","demo_title":"Utw\u00f3rz wid\u017cet Spinning Wheel","demo_caption":"Skonfiguruj ko\u0142owrotek i dodaj go za darmo do swojej witryny iFrame!","default_faq_hidden":"","app_template_category":[],"platform":"187","template_public_id":"","codecanyon_url":"","codecanyon_item_id":"","codecanyon_price":"","pricing_caption":"","pricing_elfsight_apps_hide_column":"","pricing_elfsight_apps_url":"","pricing_codecanyon_price_caption":"","integration_category":[],"integration_request_title":"","integration_request_cta":"","integration_platform":"","integrations":[],"platform_category":[],"video_schema_markup":"","price":"od 0 USD \/ miesi\u0105c","trial":"","benefits":[{"text":"Bezp\u0142atna pomoc w monta\u017cu"},{"text":"Wsparcie premium"},{"text":"14-dniowa gwarancja zwrotu pieni\u0119dzy"},{"text":"Ci\u0105g\u0142e bezp\u0142atne ulepszenia"}],"button_url":"","button_target_blank":"","button_nofollow":"","attributes":[{"name":"Instaluje","content":"1,000 - 5,000"},{"name":"Czu\u0142y","content":"Tak"},{"name":"Kompatybilne przegl\u0105darki","content":"IE11, Firefox, Safari, Opera, Chrome, Edge"}],"tags":[],"tags_disable_links":"","hide_more_platforms":"","video_object":"","demo_hide_cta":"","demo_hide_cloud_options":"","pricing_title":"","pricing":[{"pricing_icon":"platform","pricing_title":"Elfsight Apps","pricing_title_caption":"Rozwi\u0105zanie niezale\u017cne od platformy, kt\u00f3re dzia\u0142a na ka\u017cdej stronie internetowej","pricing_price":"od 0 USD \/ miesi\u0105c","pricing_price_caption":"zacznij od bezp\u0142atnego planu","pricing_benefits":[{"text":"Nielimitowane domeny"},{"text":"Wsparcie premium"},{"text":"Bezp\u0142atna pomoc w instalacji"},{"text":"Specjalna cena za wiele aplikacji"}],"pricing_button_text":"Dodaj do witryny","pricing_button_url":"#demo"}],"related_apps_title":"","related_apps_hidden":"","author":"","image":[],"title":"","job":"","social_networks":[]},"_links":{"self":[{"href":"https:\/\/elfsight.com\/pl\/wp-json\/wp\/v2\/pages\/8752","targetHints":{"allow":["GET"]}}],"collection":[{"href":"https:\/\/elfsight.com\/pl\/wp-json\/wp\/v2\/pages"}],"about":[{"href":"https:\/\/elfsight.com\/pl\/wp-json\/wp\/v2\/types\/page"}],"author":[{"embeddable":true,"href":"https:\/\/elfsight.com\/pl\/wp-json\/wp\/v2\/users\/9"}],"replies":[{"embeddable":true,"href":"https:\/\/elfsight.com\/pl\/wp-json\/wp\/v2\/comments?post=8752"}],"version-history":[{"count":1,"href":"https:\/\/elfsight.com\/pl\/wp-json\/wp\/v2\/pages\/8752\/revisions"}],"predecessor-version":[{"id":8756,"href":"https:\/\/elfsight.com\/pl\/wp-json\/wp\/v2\/pages\/8752\/revisions\/8756"}],"up":[{"embeddable":true,"href":"https:\/\/elfsight.com\/pl\/wp-json\/wp\/v2\/pages\/8192"}],"wp:attachment":[{"href":"https:\/\/elfsight.com\/pl\/wp-json\/wp\/v2\/media?parent=8752"}],"curies":[{"name":"wp","href":"https:\/\/api.w.org\/{rel}","templated":true}]}}