{"id":8750,"date":"2024-09-30T18:27:29","date_gmt":"2024-09-30T18:27:29","guid":{"rendered":"https:\/\/elfsight.com\/pl\/?page_id=8750"},"modified":"2024-12-17T13:10:32","modified_gmt":"2024-12-17T13:10:32","slug":"joomla","status":"publish","type":"page","link":"https:\/\/elfsight.com\/pl\/website-translator-widget\/joomla\/","title":{"rendered":"website translator &#8211; joomla"},"content":{"rendered":"<div class=\"application-platform-content-item-description application-platform-content-item\" id=\"description\" data-nav-section=\"description\"> <h2>Osad\u017a T\u0142umacz witryn internetowych w Joomla za pomoc\u0105 wtyczki Elfsight<\/h2> <p>\u015awietny spos\u00f3b na zwi\u0119kszenie obecno\u015bci Twojej firmy w Internecie i dotarcie do globalnego publiczno\u015b\u0107 dodaje nasz wid\u017cet T\u0142umacza stron internetowych dla Joomla. Dzi\u0119ki p\u0142ynnemu t\u0142umaczeniu tre\u015bci Twojej witryny, ten widget gwarantuje, \u017ce Tw\u00f3j przekaz dotrze do u\u017cytkownik\u00f3w z r\u00f3\u017cnych spo\u0142eczno\u015bci j\u0119zykowych, pomagaj\u0105c pokona\u0107 bariery j\u0119zykowe i zwi\u0119kszy\u0107 zasi\u0119g Twojej firmy. <\/p><p>Nasz t\u0142umacz stron internetowych zapewnia natychmiastowe, automatyczne t\u0142umaczenie stron internetowych obs\u0142ugiwane przez Google AI, obs\u0142uguj\u0105ce ponad 130 j\u0119zyk\u00f3w. Mo\u017ce zapami\u0119tywa\u0107 wyb\u00f3r j\u0119zyka odwiedzaj\u0105cego, zapewniaj\u0105c spersonalizowane przegl\u0105danie, kt\u00f3re utrzymuje zaanga\u017cowanie u\u017cytkownik\u00f3w. Bezproblemowo globalizuj swoj\u0105 witryn\u0119 Joomla i \u0142\u0105cz si\u0119 z r\u00f3\u017cnorodnymi odbiorcami dzi\u0119ki najnowocze\u015bniejszej technologii t\u0142umacze\u0144. <\/p><p><b>Oferuj swoje produkty i us\u0142ugi na ca\u0142ym \u015bwiecie dzi\u0119ki prostemu wid\u017cetowi do zmiany j\u0119zyka! <\/b><\/p><\/div> <div class=\"application-platform-content-item-features application-platform-content-item\" id=\"features\" data-nav-section=\"features\"> <h2>Poznaj list\u0119 najbardziej przydatnych funkcji: <\/h2><ul><li>Natychmiastowe automatyczne t\u0142umaczenie strony internetowej<\/b><\/p><\/div> li&gt;<li>T\u0142umaczenie wspomagane sztuczn\u0105 inteligencj\u0105 Google<\/li><li>Obs\u0142uga ponad 130 j\u0119zyk\u00f3w<\/li><li>Zapisywanie go\u015bcia preferencje<\/li><li>Wiele styl\u00f3w wid\u017cet\u00f3w szablon\u00f3w<\/li><\/ul><p><a href=\"#demo\">Wystarczy wypr\u00f3bowa\u0107 t\u0119 wersj\u0119 demonstracyjn\u0105, aby zobaczy\u0107, ile wart jest wid\u017cet<\/a><\/p>[\/application_platform_content_item] <div class=\"application-platform-content-item-installation application-platform-content-item\" id=\"installation\" data-nav-section=\"installation\"> <h2>Jak osadzi\u0107 T\u0142umacz stron internetowych na mojej platformie Joomla? <\/h2><p>Wystarczy spe\u0142ni\u0107 poni\u017csze wytyczne, aby zintegrowa\u0107 widget. <\/p><ol><li><b>Otw\u00f3rz nasz darmowy edytor i zacznij tworzy\u0107 spersonalizowany widget. <\/b><br>Okre\u015bl niestandardowy projekt i parametry wid\u017cetu i zapisz zmiany. <\/li> <li><b>Skopiuj kod osobisty wy\u015bwietlony w polu aplikacji Elfsight. <\/b><br>Po zako\u0144czeniu tworzenia narz\u0119dzia skopiuj indywidualny kod z wy\u015bwietlonego pola i zachowaj go do dalszego wykorzystania. <\/li> <li><b>Wpisz opcj\u0119 korzystania z wid\u017cetu na stronie g\u0142\u00f3wnej Joomla. <\/b><br>Osad\u017a skopiowany wcze\u015bniej kod na swojej stronie g\u0142\u00f3wnej i zastosuj modyfikacje. <\/li> <li><b>Gotowe! Konfiguracja zosta\u0142a pomy\u015blnie przeprowadzona. <\/b><br>Przejd\u017a na swoj\u0105 stron\u0119, aby sprawdzi\u0107 dzia\u0142anie wid\u017cetu. <\/li><\/ol><p>W przypadku napotkania zapyta\u0144 lub napotkania pewnych trudno\u015bci prosimy o kontakt z naszym zespo\u0142em obs\u0142ugi klienta. Nasi specjali\u015bci ch\u0119tnie rozwi\u0105\u017c\u0105 wszystkie problemy, jakie mo\u017cesz mie\u0107 z widgetem. <\/p><\/div>","protected":false},"excerpt":{"rendered":"li&gt;T\u0142umaczenie wspomagane sztuczn\u0105 inteligencj\u0105 GoogleObs\u0142uga ponad 130 j\u0119zyk\u00f3wZapisywanie go\u015bcia preferencjeWiele styl\u00f3w wid\u017cet\u00f3w szablon\u00f3wWystarczy wypr\u00f3bowa\u0107 t\u0119 wersj\u0119 demonstracyjn\u0105, aby zobaczy\u0107, ile wart jest wid\u017cet[\/application_platform_content_item]","protected":false},"author":9,"featured_media":0,"parent":8190,"menu_order":0,"comment_status":"closed","ping_status":"closed","template":"templates\/template-application-platform.php","meta":{"publish_to_discourse":"","publish_post_category":"","wpdc_auto_publish_overridden":"","wpdc_topic_tags":"","wpdc_pin_topic":"","wpdc_pin_until":"","discourse_post_id":"","discourse_permalink":"","wpdc_publishing_response":"","wpdc_publishing_error":"","footnotes":""},"class_list":["post-8750","page","type-page","status-publish","hentry"],"yoast_head":"<!-- This site is optimized with the Yoast SEO plugin v25.3.1 - https:\/\/yoast.com\/wordpress\/plugins\/seo\/ -->\n<title>Widget T\u0142umacza J\u0119zyka - Umie\u015b\u0107 T\u0142umacz Tekstu na Joomla<\/title>\n<meta name=\"description\" content=\"Dodaj niekoduj\u0105c\u0105 aplikacj\u0119 do rezerwacji spotka\u0144 do witryny iFrame i pozw\u00f3l klientom rezerwowa\u0107 miejsca za pomoc\u0105 kilku klikni\u0119\u0107!\" \/>\n<meta name=\"robots\" content=\"index, follow, max-snippet:-1, max-image-preview:large, max-video-preview:-1\" \/>\n<link rel=\"canonical\" href=\"https:\/\/elfsight.com\/pl\/website-translator-widget\/joomla\/\" \/>\n<meta property=\"og:locale\" content=\"pl_PL\" \/>\n<meta property=\"og:type\" content=\"article\" \/>\n<meta property=\"og:title\" content=\"Widget T\u0142umacza J\u0119zyka - Umie\u015b\u0107 T\u0142umacz Tekstu na Joomla\" \/>\n<meta property=\"og:description\" content=\"Dodaj niekoduj\u0105c\u0105 aplikacj\u0119 do rezerwacji spotka\u0144 do witryny iFrame i pozw\u00f3l klientom rezerwowa\u0107 miejsca za pomoc\u0105 kilku klikni\u0119\u0107!\" \/>\n<meta property=\"og:url\" content=\"https:\/\/elfsight.com\/pl\/website-translator-widget\/joomla\/\" \/>\n<meta property=\"og:site_name\" content=\"Elfsight PL\" \/>\n<meta property=\"article:modified_time\" content=\"2024-12-17T13:10:32+00:00\" \/>\n<meta name=\"twitter:card\" content=\"summary_large_image\" \/>\n<meta name=\"twitter:label1\" content=\"Szacowany czas czytania\" \/>\n\t<meta name=\"twitter:data1\" content=\"2 minuty\" \/>\n<!-- \/ Yoast SEO plugin. -->","yoast_head_json":{"title":"Widget T\u0142umacza J\u0119zyka - Umie\u015b\u0107 T\u0142umacz Tekstu na Joomla","description":"Dodaj niekoduj\u0105c\u0105 aplikacj\u0119 do rezerwacji spotka\u0144 do witryny iFrame i pozw\u00f3l klientom rezerwowa\u0107 miejsca za pomoc\u0105 kilku klikni\u0119\u0107!","robots":{"index":"index","follow":"follow","max-snippet":"max-snippet:-1","max-image-preview":"max-image-preview:large","max-video-preview":"max-video-preview:-1"},"canonical":"https:\/\/elfsight.com\/pl\/website-translator-widget\/joomla\/","og_locale":"pl_PL","og_type":"article","og_title":"Widget T\u0142umacza J\u0119zyka - Umie\u015b\u0107 T\u0142umacz Tekstu na Joomla","og_description":"Dodaj niekoduj\u0105c\u0105 aplikacj\u0119 do rezerwacji spotka\u0144 do witryny iFrame i pozw\u00f3l klientom rezerwowa\u0107 miejsca za pomoc\u0105 kilku klikni\u0119\u0107!","og_url":"https:\/\/elfsight.com\/pl\/website-translator-widget\/joomla\/","og_site_name":"Elfsight PL","article_modified_time":"2024-12-17T13:10:32+00:00","twitter_card":"summary_large_image","twitter_misc":{"Szacowany czas czytania":"2 minuty"},"schema":{"@context":"https:\/\/schema.org","@graph":[{"@type":"WebPage","@id":"https:\/\/elfsight.com\/pl\/website-translator-widget\/joomla\/","url":"https:\/\/elfsight.com\/pl\/website-translator-widget\/joomla\/","name":"Widget T\u0142umacza J\u0119zyka - Umie\u015b\u0107 T\u0142umacz Tekstu na Joomla","isPartOf":{"@id":"https:\/\/elfsight.com\/pl\/#website"},"datePublished":"2024-09-30T18:27:29+00:00","dateModified":"2024-12-17T13:10:32+00:00","description":"Dodaj niekoduj\u0105c\u0105 aplikacj\u0119 do rezerwacji spotka\u0144 do witryny iFrame i pozw\u00f3l klientom rezerwowa\u0107 miejsca za pomoc\u0105 kilku klikni\u0119\u0107!","breadcrumb":{"@id":"https:\/\/elfsight.com\/pl\/website-translator-widget\/joomla\/#breadcrumb"},"inLanguage":"pl-PL","potentialAction":[{"@type":"ReadAction","target":["https:\/\/elfsight.com\/pl\/website-translator-widget\/joomla\/"]}]},{"@type":"BreadcrumbList","@id":"https:\/\/elfsight.com\/pl\/website-translator-widget\/joomla\/#breadcrumb","itemListElement":[{"@type":"ListItem","position":1,"name":"Home","item":"https:\/\/elfsight.com\/pl\/"},{"@type":"ListItem","position":2,"name":"Website Translator","item":"https:\/\/elfsight.com\/pl\/website-translator-widget\/"},{"@type":"ListItem","position":3,"name":"website translator &#8211; joomla"}]},{"@type":"WebSite","@id":"https:\/\/elfsight.com\/pl\/#website","url":"https:\/\/elfsight.com\/pl\/","name":"Elfsight PL","description":"Just another Elfsight Sites site","potentialAction":[{"@type":"SearchAction","target":{"@type":"EntryPoint","urlTemplate":"https:\/\/elfsight.com\/pl\/?s={search_term_string}"},"query-input":{"@type":"PropertyValueSpecification","valueRequired":true,"valueName":"search_term_string"}}],"inLanguage":"pl-PL"}]}},"meta_box":{"industry":"","seo_heading":"","heading":"","description":"","cta_heading":"","cta_description":"","application":"8185","h1":"Rozszerzenie Joomla Website Translator","h1_caption":"Automatycznie t\u0142umacz zawarto\u015b\u0107 swojej witryny na wiele j\u0119zyk\u00f3w, dzi\u0119ki czemu b\u0119dzie ona dost\u0119pna dla odbiorc\u00f3w na ca\u0142ym \u015bwiecie w Twojej witrynie Joomla bez wysi\u0142ku.","application_category":[],"applications_title":"","applications_request_title":"","applications_request_button_text":"","hero_text":"","hero_video":"","hero_video_schema_markup":"","selling_points_title":"","selling_points_caption":"","selling_points":[],"selling_points_cta_text":"","features_title":"","features":"","ed_cta_examples_text":"","ed_cta_examples_hidden":"","ed_cta_demo_text":"","ed_cta_demo_hidden":"","why_caption":"","why_editor_title":"","why_editor_text":"","why_team_title":"","why_team_text":"","why_service_title":"","why_service_text":"","template_catalog_visible":"","template_catalog_title":"","template_catalog_text":"","template_catalog_categories_visible":"","demo_title":"Utw\u00f3rz wtyczk\u0119 T\u0142umacza witryn internetowych","demo_caption":"Skonfiguruj t\u0142umacza stron internetowych i dodaj go do swojej witryny Joomla za darmo!","default_faq_hidden":"","app_template_category":[],"platform":"53","template_public_id":"","codecanyon_url":"","codecanyon_item_id":"","codecanyon_price":"","pricing_caption":"","pricing_elfsight_apps_hide_column":"","pricing_elfsight_apps_url":"","pricing_codecanyon_price_caption":"","integration_category":[],"integration_request_title":"","integration_request_cta":"","integration_platform":"","integrations":[],"platform_category":[],"video_schema_markup":"","price":"od 0 USD \/ miesi\u0105c","trial":"","benefits":[{"text":"Bezp\u0142atna pomoc w monta\u017cu"},{"text":"Profesjonalna obs\u0142uga klienta"},{"text":"14-dniowa gwarancja zwrotu pieni\u0119dzy"},{"text":"Ci\u0105g\u0142e bezp\u0142atne aktualizacje"}],"button_url":"#demo","button_target_blank":"","button_nofollow":"","attributes":[{"name":"Zainstalowa\u0107","content":"50,000 - 100,000"},{"name":"Czu\u0142y","content":"Tak"},{"name":"Kompatybilne przegl\u0105darki","content":"Firefox, Safari, Opera, Chrome, Edge"}],"tags":[],"tags_disable_links":"","hide_more_platforms":"","video_object":"","demo_hide_cta":"","demo_hide_cloud_options":"","pricing_title":"","pricing":[{"pricing_icon":"platform","pricing_title":"Elfsight Apps","pricing_title_caption":"Oprogramowanie wieloplatformowe, kt\u00f3re dzia\u0142a na dowolnej witrynie","pricing_price":"od 0 USD \/ miesi\u0105c","pricing_price_caption":"zacznij od darmowego planu","pricing_benefits":[{"text":"Nielimitowane domeny"},{"text":"Dedykowane wsparcie i dobrze udokumentowane"},{"text":"Bezp\u0142atna pomoc przy instalacji"},{"text":"W pe\u0142ni konfigurowalny"}],"pricing_button_text":"Dodaj do witryny","pricing_button_url":"#demo"}],"related_apps_title":"","related_apps_hidden":"","author":"","image":[],"title":"","job":"","social_networks":[]},"_links":{"self":[{"href":"https:\/\/elfsight.com\/pl\/wp-json\/wp\/v2\/pages\/8750","targetHints":{"allow":["GET"]}}],"collection":[{"href":"https:\/\/elfsight.com\/pl\/wp-json\/wp\/v2\/pages"}],"about":[{"href":"https:\/\/elfsight.com\/pl\/wp-json\/wp\/v2\/types\/page"}],"author":[{"embeddable":true,"href":"https:\/\/elfsight.com\/pl\/wp-json\/wp\/v2\/users\/9"}],"replies":[{"embeddable":true,"href":"https:\/\/elfsight.com\/pl\/wp-json\/wp\/v2\/comments?post=8750"}],"version-history":[{"count":1,"href":"https:\/\/elfsight.com\/pl\/wp-json\/wp\/v2\/pages\/8750\/revisions"}],"predecessor-version":[{"id":8754,"href":"https:\/\/elfsight.com\/pl\/wp-json\/wp\/v2\/pages\/8750\/revisions\/8754"}],"up":[{"embeddable":true,"href":"https:\/\/elfsight.com\/pl\/wp-json\/wp\/v2\/pages\/8190"}],"wp:attachment":[{"href":"https:\/\/elfsight.com\/pl\/wp-json\/wp\/v2\/media?parent=8750"}],"curies":[{"name":"wp","href":"https:\/\/api.w.org\/{rel}","templated":true}]}}