{"id":8749,"date":"2024-09-30T18:27:29","date_gmt":"2024-09-30T18:27:29","guid":{"rendered":"https:\/\/elfsight.com\/pl\/?page_id=8749"},"modified":"2025-06-25T16:45:40","modified_gmt":"2025-06-25T16:45:40","slug":"joomla","status":"publish","type":"page","link":"https:\/\/elfsight.com\/pl\/spinning-wheel-widget\/joomla\/","title":{"rendered":"spinning wheel &#8211; joomla"},"content":{"rendered":"<div class=\"application-platform-content-item-description application-platform-content-item\" id=\"description\" data-nav-section=\"description\">\n<h2>Osad\u017a ko\u0142owrotek z rozszerzeniem Elfsight<\/h2>\n<p>Zintegruj wci\u0105gaj\u0105cy i interaktywny ko\u0142owrotek ze swoj\u0105 witryn\u0105! Spersonalizuj nawet 10 nagr\u00f3d za pomoc\u0105 dostosowanej tre\u015bci, obraz\u00f3w, ekskluzywnych kod\u00f3w promocyjnych i wezwa\u0144 do dzia\u0142ania. Zbieraj e-maile, zanim u\u017cytkownicy zakr\u0119c\u0105 si\u0119, wysy\u0142aj automatyczne powiadomienia do zwyci\u0119zc\u00f3w, otrzymuj aktualizacje w czasie rzeczywistym i kontroluj szanse na wygran\u0105 dla ka\u017cdej nagrody. Optymalizuj widoczno\u015b\u0107 dzi\u0119ki inteligentnym wyzwalaczom i celowaniu na konkretne urz\u0105dzenie. Rozszerzenie obs\u0142uguje ponad 70 j\u0119zyk\u00f3w i jest w pe\u0142ni responsywne. Mo\u017cesz tak\u017ce dostosowa\u0107 jego wygl\u0105d i funkcjonalno\u015b\u0107, korzystaj\u0105c z niestandardowego CSS i JavaScript.<\/p>\n<p><b>Zwi\u0119ksz zaanga\u017cowanie u\u017cytkownik\u00f3w i zwi\u0119ksz konwersje, oferuj\u0105c atrakcyjne nagrody odwiedzaj\u0105cym Twoj\u0105 witryn\u0119!<\/b><\/p>\n<\/div>\n\n<div class=\"application-platform-content-item-features application-platform-content-item\" id=\"features\" data-nav-section=\"features\">\n<h2>G\u0142\u00f3wne cechy rozszerzenia Spinning Wheel dla Joomla<\/h2>\n<p>Poni\u017cej znajduje si\u0119 szczeg\u00f3\u0142owy przegl\u0105d funkcji rozszerzenia Spinning Wheel specjalnie dostosowanych dla Joomla. Opcje te s\u0105 dost\u0119pne w edytorze i pomog\u0105 Ci skonfigurowa\u0107 rozszerzenie zgodnie z Twoimi wymaganiami.<\/p>\n<ul>\n    <li>Dodaj a\u017c do 10 unikalnych nagr\u00f3d do interaktywnego ko\u0142owrotka.<\/li>\n    <li>Niestandardowa zawarto\u015b\u0107 dla ka\u017cd\u0105 nagrod\u0119.<\/li>\n    <li>Ka\u017cda nagroda mo\u017ce mie\u0107 sw\u00f3j w\u0142asny, ekskluzywny kod promocyjny.<\/li>\n    <li>Dedykowany przycisk akcji dla ka\u017cdej nagrody.<\/li>\n    <li>Opcja zbierania e-maili u\u017cytkownik\u00f3w przed obr\u00f3ceniem ko\u0142o.<\/li>\n<\/ul>\n<p>To rozszerzenie jest idealne dla u\u017cytkownik\u00f3w Joomla, kt\u00f3rzy chc\u0105 doda\u0107 interaktywne elementy do swojej witryny.<\/p>\n<p><a href=\"#demo\">Sprawd\u017a wszystkie dodatkowe funkcje w wersji demonstracyjnej<\/a><\/p>\n<\/div>\n\n<div class=\"application-platform-content-item-installation application-platform-content-item\" id=\"installation\" data-nav-section=\"installation\">\n<h2>Jak osadzi\u0107 Spinning Wheel w mojej witrynie Joomla?<\/h2>\n<p>Aby zainstalowa\u0107 na swojej stronie Joomla, wykonaj nast\u0119puj\u0105ce kroki:<\/p>\n<ul>\n    <li><b>Utw\u00f3rz w\u0142asne rozszerzenie Spinning Wheel<\/b><br> Skorzystaj z naszej bezp\u0142atnej wersji demonstracyjnej, aby zaprojektowa\u0107 rozszerzenie o preferowanym wygl\u0105dzie i funkcje.<\/li>\n    <li><b>Skopiuj unikalny kod, aby zintegrowa\u0107 rozszerzenie<\/b><br> Po skonfigurowaniu rozszerzenia otrzymasz osobisty kod z wyskakuj\u0105cego okienka w aplikacjach Elfsight. Zapisz ten kod do wykorzystania w przysz\u0142o\u015bci.<\/li>\n    <li><b>Dodaj rozszerzenie Spinning Wheel do swojej witryny Joomla<\/b><br> Przejd\u017a do sekcji, w kt\u00f3rej chcesz umie\u015bci\u0107 rozszerzenie, wklej skopiowany kod, i zapisz zmiany.<\/li>\n    <li><b>Rozszerzenie zosta\u0142o pomy\u015blnie osadzone!<\/b><br> Odwied\u017a swoj\u0105 witryn\u0119 opart\u0105 na Joomla, aby zobaczy\u0107 rozszerzenie na \u017cywo.<\/li>\n<\/ul>\n<p>Je\u015bli potrzebujesz pomocy lub masz jakie\u015b pytania, skontaktuj si\u0119 z naszym zespo\u0142em pomocy. Zawsze s\u0142u\u017cymy pomoc\u0105, szczeg\u00f3lnie u\u017cytkownikom Joomla.<\/p>\n<div class=\"faq\" data-component=\"FAQ\">\n    <div class=\"faq-item\">\r\n\t\t\t\t\t<div class=\"faq-item-question\">\r\n\t\t\t\t\t\t<h3 class=\"faq-item-question-text\">Jak mog\u0119 doda\u0107 Spinning Wheel do mojej witryny Joomla bez do\u015bwiadczenia w programowaniu?<\/h3>\r\n\r\n\t\t\t\t\t\t<div class=\"faq-item-question-icon\"><\/div>\r\n\t\t\t\t\t<\/div>\r\n\r\n\t\t\t\t\t<div class=\"faq-item-answer\">\r\n\t\t\t\t\t\t<div class=\"faq-item-answer-text\">\n    <p>Elfsight oferuje platform\u0119 SaaS kt\u00f3ra pozwala na utworzenie rozszerzenia Spinning Wheel bez umiej\u0119tno\u015bci kodowania. U\u017cyj edytora online, aby skonfigurowa\u0107 rozszerzenie. Wybierz szablon, dostosuj ustawienia, dodaj tre\u015b\u0107 i dostosuj uk\u0142ad i kolory. Po zako\u0144czeniu zapisz rozszerzenie i skopiuj kod instalacyjny, aby osadzi\u0107 je na swojej stronie Joomla. Aby korzysta\u0107 z us\u0142ugi, nie jest wymagana p\u0142atna subskrypcja ani karta kredytowa. Je\u015bli napotkasz jakiekolwiek problemy, nasz zesp\u00f3\u0142 pomocy technicznej jest gotowy, aby Ci pom\u00f3c.<\/p>\n    <\/div>\r\n\t\t\t\t\t<\/div>\r\n\t\t\t\t<\/div>\n<\/div>\n<\/div>","protected":false},"excerpt":{"rendered":"","protected":false},"author":9,"featured_media":0,"parent":8192,"menu_order":0,"comment_status":"closed","ping_status":"closed","template":"templates\/template-application-platform.php","meta":{"publish_to_discourse":"","publish_post_category":"","wpdc_auto_publish_overridden":"","wpdc_topic_tags":"","wpdc_pin_topic":"","wpdc_pin_until":"","discourse_post_id":"","discourse_permalink":"","wpdc_publishing_response":"","wpdc_publishing_error":"","footnotes":""},"class_list":["post-8749","page","type-page","status-publish","hentry"],"yoast_head":"<!-- This site is optimized with the Yoast SEO plugin v25.3.1 - https:\/\/yoast.com\/wordpress\/plugins\/seo\/ -->\n<title>Widget Spinning Wheel - Umie\u015b\u0107 Luck Spin na stronie internetowej [BEZP\u0141ATNIE]<\/title>\n<meta name=\"description\" content=\"Dodaj p\u0142ynny wid\u017cet T\u0142umacza stron internetowych do swojej witryny Joomla. Obejrzyj szybk\u0105 wersj\u0119 demonstracyjn\u0105 Elfsight, aby bez wysi\u0142ku stworzy\u0107 swoje osobiste rozwi\u0105zanie.\" \/>\n<meta name=\"robots\" content=\"index, follow, max-snippet:-1, max-image-preview:large, max-video-preview:-1\" \/>\n<link rel=\"canonical\" href=\"https:\/\/elfsight.com\/pl\/spinning-wheel-widget\/joomla\/\" \/>\n<meta property=\"og:locale\" content=\"pl_PL\" \/>\n<meta property=\"og:type\" content=\"article\" \/>\n<meta property=\"og:title\" content=\"Widget Spinning Wheel - Umie\u015b\u0107 Luck Spin na stronie internetowej [BEZP\u0141ATNIE]\" \/>\n<meta property=\"og:description\" content=\"Dodaj p\u0142ynny wid\u017cet T\u0142umacza stron internetowych do swojej witryny Joomla. Obejrzyj szybk\u0105 wersj\u0119 demonstracyjn\u0105 Elfsight, aby bez wysi\u0142ku stworzy\u0107 swoje osobiste rozwi\u0105zanie.\" \/>\n<meta property=\"og:url\" content=\"https:\/\/elfsight.com\/pl\/spinning-wheel-widget\/joomla\/\" \/>\n<meta property=\"og:site_name\" content=\"Elfsight PL\" \/>\n<meta property=\"article:modified_time\" content=\"2025-06-25T16:45:40+00:00\" \/>\n<meta name=\"twitter:card\" content=\"summary_large_image\" \/>\n<meta name=\"twitter:label1\" content=\"Szacowany czas czytania\" \/>\n\t<meta name=\"twitter:data1\" content=\"3 minuty\" \/>\n<!-- \/ Yoast SEO plugin. -->","yoast_head_json":{"title":"Widget Spinning Wheel - Umie\u015b\u0107 Luck Spin na stronie internetowej [BEZP\u0141ATNIE]","description":"Dodaj p\u0142ynny wid\u017cet T\u0142umacza stron internetowych do swojej witryny Joomla. Obejrzyj szybk\u0105 wersj\u0119 demonstracyjn\u0105 Elfsight, aby bez wysi\u0142ku stworzy\u0107 swoje osobiste rozwi\u0105zanie.","robots":{"index":"index","follow":"follow","max-snippet":"max-snippet:-1","max-image-preview":"max-image-preview:large","max-video-preview":"max-video-preview:-1"},"canonical":"https:\/\/elfsight.com\/pl\/spinning-wheel-widget\/joomla\/","og_locale":"pl_PL","og_type":"article","og_title":"Widget Spinning Wheel - Umie\u015b\u0107 Luck Spin na stronie internetowej [BEZP\u0141ATNIE]","og_description":"Dodaj p\u0142ynny wid\u017cet T\u0142umacza stron internetowych do swojej witryny Joomla. Obejrzyj szybk\u0105 wersj\u0119 demonstracyjn\u0105 Elfsight, aby bez wysi\u0142ku stworzy\u0107 swoje osobiste rozwi\u0105zanie.","og_url":"https:\/\/elfsight.com\/pl\/spinning-wheel-widget\/joomla\/","og_site_name":"Elfsight PL","article_modified_time":"2025-06-25T16:45:40+00:00","twitter_card":"summary_large_image","twitter_misc":{"Szacowany czas czytania":"3 minuty"},"schema":{"@context":"https:\/\/schema.org","@graph":[{"@type":"WebPage","@id":"https:\/\/elfsight.com\/pl\/spinning-wheel-widget\/joomla\/","url":"https:\/\/elfsight.com\/pl\/spinning-wheel-widget\/joomla\/","name":"Widget Spinning Wheel - Umie\u015b\u0107 Luck Spin na stronie internetowej [BEZP\u0141ATNIE]","isPartOf":{"@id":"https:\/\/elfsight.com\/pl\/#website"},"datePublished":"2024-09-30T18:27:29+00:00","dateModified":"2025-06-25T16:45:40+00:00","description":"Dodaj p\u0142ynny wid\u017cet T\u0142umacza stron internetowych do swojej witryny Joomla. Obejrzyj szybk\u0105 wersj\u0119 demonstracyjn\u0105 Elfsight, aby bez wysi\u0142ku stworzy\u0107 swoje osobiste rozwi\u0105zanie.","breadcrumb":{"@id":"https:\/\/elfsight.com\/pl\/spinning-wheel-widget\/joomla\/#breadcrumb"},"inLanguage":"pl-PL","potentialAction":[{"@type":"ReadAction","target":["https:\/\/elfsight.com\/pl\/spinning-wheel-widget\/joomla\/"]}]},{"@type":"BreadcrumbList","@id":"https:\/\/elfsight.com\/pl\/spinning-wheel-widget\/joomla\/#breadcrumb","itemListElement":[{"@type":"ListItem","position":1,"name":"Home","item":"https:\/\/elfsight.com\/pl\/"},{"@type":"ListItem","position":2,"name":"Spinning Wheel","item":"https:\/\/elfsight.com\/pl\/spinning-wheel-widget\/"},{"@type":"ListItem","position":3,"name":"spinning wheel &#8211; joomla"}]},{"@type":"WebSite","@id":"https:\/\/elfsight.com\/pl\/#website","url":"https:\/\/elfsight.com\/pl\/","name":"Elfsight PL","description":"Just another Elfsight Sites site","potentialAction":[{"@type":"SearchAction","target":{"@type":"EntryPoint","urlTemplate":"https:\/\/elfsight.com\/pl\/?s={search_term_string}"},"query-input":{"@type":"PropertyValueSpecification","valueRequired":true,"valueName":"search_term_string"}}],"inLanguage":"pl-PL"}]}},"meta_box":{"industry":"","seo_heading":"","heading":"","description":"","cta_heading":"","cta_description":"","application":"8187","h1":"Rozszerzenie Spinning Wheel dla Joomla","h1_caption":"Zwi\u0119ksz zaanga\u017cowanie i konwersj\u0119 dzi\u0119ki zabawnemu Spinning Wheel dla Joomla, kt\u00f3ry oferuje odwiedzaj\u0105cym szans\u0119 na wygranie zni\u017cek, nagr\u00f3d lub innych zach\u0119t.","application_category":[],"applications_title":"","applications_request_title":"","applications_request_button_text":"","hero_text":"","hero_video":"","hero_video_schema_markup":"","selling_points_title":"","selling_points_caption":"","selling_points":[],"selling_points_cta_text":"","features_title":"","features":"","ed_cta_examples_text":"","ed_cta_examples_hidden":"","ed_cta_demo_text":"","ed_cta_demo_hidden":"","why_caption":"","why_editor_title":"","why_editor_text":"","why_team_title":"","why_team_text":"","why_service_title":"","why_service_text":"","template_catalog_visible":"0","template_catalog_title":"","template_catalog_text":"","template_catalog_categories_visible":"","demo_title":"Utw\u00f3rz wtyczk\u0119 Spinning Wheel","demo_caption":"Skonfiguruj ko\u0142owrotek i dodaj go do swojej witryny Joomla za darmo!","default_faq_hidden":"","app_template_category":[],"platform":"53","template_public_id":"","codecanyon_url":"","codecanyon_item_id":"","codecanyon_price":"","pricing_caption":"","pricing_elfsight_apps_hide_column":"","pricing_elfsight_apps_url":"","pricing_codecanyon_price_caption":"","integration_category":[],"integration_request_title":"","integration_request_cta":"","integration_platform":"","integrations":[],"platform_category":[],"video_schema_markup":"","price":"od 0 USD \/ miesi\u0105c","trial":"","benefits":[{"text":"Bezp\u0142atna pomoc w instalacji"},{"text":"Wsparcie premium"},{"text":"14-dniowa gwarancja zwrotu pieni\u0119dzy"},{"text":"Ci\u0105g\u0142e bezp\u0142atne ulepszenia"}],"button_url":"#demo","button_target_blank":"0","button_nofollow":"0","attributes":[{"name":"Instaluje","content":"1,000 - 5,000"},{"name":"Czu\u0142y","content":"Tak"},{"name":"Kompatybilne przegl\u0105darki","content":"IE11, Firefox, Safari, Opera, Chrome, Edge"}],"tags":[],"tags_disable_links":"0","hide_more_platforms":"0","video_object":"","demo_hide_cta":"0","demo_hide_cloud_options":"0","pricing_title":"","pricing":[{"pricing_icon":"platform","pricing_title":"Elfsight Apps","pricing_title_caption":"Rozwi\u0105zanie niezale\u017cne od platformy, kt\u00f3re dzia\u0142a na ka\u017cdej stronie internetowej","pricing_price":"od 0 USD \/ miesi\u0105c","pricing_price_caption":"zacznij od bezp\u0142atnego planu","pricing_benefits":[{"text":"Nielimitowane domeny"},{"text":"Wsparcie premium"},{"text":"Bezp\u0142atna pomoc w instalacji"},{"text":"Specjalna cena za wiele aplikacji"}],"pricing_button_text":"Dodaj do witryny","pricing_button_url":"#demo"}],"related_apps_title":"","related_apps_hidden":"0","author":"","image":[],"title":"","job":"","social_networks":[]},"_links":{"self":[{"href":"https:\/\/elfsight.com\/pl\/wp-json\/wp\/v2\/pages\/8749","targetHints":{"allow":["GET"]}}],"collection":[{"href":"https:\/\/elfsight.com\/pl\/wp-json\/wp\/v2\/pages"}],"about":[{"href":"https:\/\/elfsight.com\/pl\/wp-json\/wp\/v2\/types\/page"}],"author":[{"embeddable":true,"href":"https:\/\/elfsight.com\/pl\/wp-json\/wp\/v2\/users\/9"}],"replies":[{"embeddable":true,"href":"https:\/\/elfsight.com\/pl\/wp-json\/wp\/v2\/comments?post=8749"}],"version-history":[{"count":2,"href":"https:\/\/elfsight.com\/pl\/wp-json\/wp\/v2\/pages\/8749\/revisions"}],"predecessor-version":[{"id":10528,"href":"https:\/\/elfsight.com\/pl\/wp-json\/wp\/v2\/pages\/8749\/revisions\/10528"}],"up":[{"embeddable":true,"href":"https:\/\/elfsight.com\/pl\/wp-json\/wp\/v2\/pages\/8192"}],"wp:attachment":[{"href":"https:\/\/elfsight.com\/pl\/wp-json\/wp\/v2\/media?parent=8749"}],"curies":[{"name":"wp","href":"https:\/\/api.w.org\/{rel}","templated":true}]}}