{"id":8744,"date":"2024-09-30T18:27:29","date_gmt":"2024-09-30T18:27:29","guid":{"rendered":"https:\/\/elfsight.com\/pl\/?page_id=8744"},"modified":"2024-12-17T13:10:22","modified_gmt":"2024-12-17T13:10:22","slug":"joomla","status":"publish","type":"page","link":"https:\/\/elfsight.com\/pl\/appointment-booking-widget\/joomla\/","title":{"rendered":"appointment booking &#8211; joomla"},"content":{"rendered":"<div class=\"application-platform-content-item-description application-platform-content-item\" id=\"description\" data-nav-section=\"description\"><h2>Osad\u017a rezerwacj\u0119 spotkania w Joomla za pomoc\u0105 rozszerzenia Elfsight!<\/h2> <p>Rozszerzenie Rezerwacja spotkania jest do Twojej dyspozycji, aby pom\u00f3c potencjalnym klientom rezerwuj przedzia\u0142y czasowe w wygodny spos\u00f3b na swojej stronie Joomla, redukuj\u0105c prac\u0119 r\u0119czn\u0105 \u2013 tak\u0105 jak ci\u0105g\u0142e monitorowanie wiadomo\u015bci, po\u0142\u0105cze\u0144 i e-maili \u2013 od Ciebie. Dzia\u0142a jako wirtualna recepcjonistka pracuj\u0105ca 24 godziny na dob\u0119, 7 dni w tygodniu, kt\u00f3ra wysy\u0142a automatyczne powiadomienia i mo\u017ce by\u0107 po\u0142\u0105czona z aplikacjami innych firm, takimi jak Kalendarz Google.<\/p> <p>Teraz jest moment, aby zag\u0142\u0119bi\u0107 si\u0119 w us\u0142ug\u0119 lub wydarzenie, okre\u015bli\u0107 czas trwania, ujawnij dane kontaktowe i ustal ceny, aby u\u0142atwi\u0107 klientom podejmowanie \u015bwiadomych decyzji. Co wi\u0119cej, spersonalizuj estetyk\u0119 wizualn\u0105 rozszerzenia, modyfikuj\u0105c niestandardowe elementy i funkcje, bez konieczno\u015bci doskonalenia umiej\u0119tno\u015bci programowania lub rekrutacji programisty!<\/p> <p><b>Umo\u017cliw swojej firmie rozw\u00f3j i dost\u0119pno\u015b\u0107 dla ka\u017cdego potencjalny patron z rezerwacj\u0105 wizyt online na Twojej stronie!<\/b><\/p> <\/div> <div class=\"application-platform-content-item-features application-platform-content-item\" id=\"features\" data-nav-section=\"features\"> <h2>Oferujemy wygodne i \u0142atwe funkcje, oto niekt\u00f3re z nich:<\/h2> <ul><li>Zaproponuj dok\u0142adny opis swojej us\u0142ugi \u2014 nazw\u0119, szczeg\u00f3\u0142y, zdj\u0119cie i czas trwania \u2014 oraz skonfiguruj ceny w r\u00f3\u017cnych walutach.<\/li><li>Wysy\u0142aj automatyczne alerty, aby zweryfikowa\u0107 zaplanowane terminy do klient\u00f3w i siebie.<\/li><li>Zsynchronizuj wid\u017cet z us\u0142ugami innych firm, takimi jak Kalendarz Google, aby zapewni\u0107 trafno\u015b\u0107 w czasie rzeczywistym.<\/li><li>Udost\u0119pnij swoje biznesowe dane kontaktowe jako potwierdzenie spo\u0142eczne i umo\u017cliwiaj\u0105 u\u017cytkownikom skontaktowanie si\u0119 w wydarzeniu nieprzewidzianych scenariuszy.<\/li><li>\u0141atwe opcje dostosowywania bez konieczno\u015bci pisania kodu: gotowe szablony, kolory, projekty uk\u0142ad\u00f3w, czcionki, niestandardowy edytor CSS, niestandardowy edytor JS itp.<\/li><\/ul><p><a href=\"#demo\">Po prostu wypr\u00f3buj t\u0119 wersj\u0119 demonstracyjn\u0105, aby uzyska\u0107 pe\u0142ny obraz<\/a><\/p> <\/div> <div class=\"application-platform-content-item-installation application-platform-content-item\" id=\"installation\" data-nav-section=\"installation\"> <h2>Jak doda\u0107 rezerwacj\u0119 spotkania do mojej witryny Joomla?<\/h2> <p>Je\u015bli chcesz osadzi\u0107 rezerwacj\u0119 spotkania na swojej stronie Joomla, wykonaj poni\u017csze czynno\u015bci:<\/p> <ol><li><b>Otw\u00f3rz nasze bezp\u0142atne demo i zacznij tworzy\u0107 spersonalizowany wid\u017cet LinkedIn Feed.<\/b><br> Okre\u015bl preferowan\u0105 form\u0119 i funkcjonalno\u015b\u0107 wid\u017cetu oraz zastosuj modyfikacje.<\/li> <li> <b>Odbierz ujawniony sw\u00f3j osobisty kod w specjalnym formularzu w aplikacjach Elfsight.<\/b><br> Zaraz po zako\u0144czeniu konfiguracji narz\u0119dzia skopiuj kod osobisty z wy\u015bwietlonego okna i zachowaj go do dalszego wykorzystania.<\/li> <li><b>Rozpocznij korzystanie z narz\u0119dzia na swojej stronie Joomla.<\/b><br> Umie\u015b\u0107 ostatnio skopiowany kod na swojej stronie i zastosuj modyfikacje.<\/li> <li><b>Instalacja zosta\u0142a w pe\u0142ni przeprowadzona. <\/b><br> Przejd\u017a do swojej witryny i zobacz, jak dzia\u0142a widget dzia\u0142a.<\/li><\/ol> <p>Je\u015bli napotkasz jakie\u015b problemy, zwr\u00f3\u0107 si\u0119 do naszego personelu pomocy technicznej. Nasi konsultanci ch\u0119tnie odpowiedz\u0105 na wszystkie pytania dotycz\u0105ce narz\u0119dzia.<\/p> <\/div> ","protected":false},"excerpt":{"rendered":"","protected":false},"author":9,"featured_media":0,"parent":9514,"menu_order":0,"comment_status":"closed","ping_status":"closed","template":"templates\/template-application-platform.php","meta":{"publish_to_discourse":"","publish_post_category":"","wpdc_auto_publish_overridden":"","wpdc_topic_tags":"","wpdc_pin_topic":"","wpdc_pin_until":"","discourse_post_id":"","discourse_permalink":"","wpdc_publishing_response":"","wpdc_publishing_error":"","footnotes":""},"class_list":["post-8744","page","type-page","status-publish","hentry"],"yoast_head":"<!-- This site is optimized with the Yoast SEO plugin v25.3.1 - https:\/\/yoast.com\/wordpress\/plugins\/seo\/ -->\n<title>Widget Rezerwacja spotka\u0144 \u2014 Umie\u015b\u0107 rezerwacj\u0119 na stronie Joomla<\/title>\n<meta name=\"description\" content=\"Umie\u015b\u0107 interaktywny ko\u0142owrotek na stronie Joomla. Zobacz wszystkie funkcje rozszerzenia Joomla Spinning Wheel, kt\u00f3re mo\u017cesz doda\u0107 do strony internetowej.\" \/>\n<meta name=\"robots\" content=\"index, follow, max-snippet:-1, max-image-preview:large, max-video-preview:-1\" \/>\n<link rel=\"canonical\" href=\"https:\/\/elfsight.com\/pl\/appointment-booking-widget\/joomla\/\" \/>\n<meta property=\"og:locale\" content=\"pl_PL\" \/>\n<meta property=\"og:type\" content=\"article\" \/>\n<meta property=\"og:title\" content=\"Widget Rezerwacja spotka\u0144 \u2014 Umie\u015b\u0107 rezerwacj\u0119 na stronie Joomla\" \/>\n<meta property=\"og:description\" content=\"Umie\u015b\u0107 interaktywny ko\u0142owrotek na stronie Joomla. Zobacz wszystkie funkcje rozszerzenia Joomla Spinning Wheel, kt\u00f3re mo\u017cesz doda\u0107 do strony internetowej.\" \/>\n<meta property=\"og:url\" content=\"https:\/\/elfsight.com\/pl\/appointment-booking-widget\/joomla\/\" \/>\n<meta property=\"og:site_name\" content=\"Elfsight PL\" \/>\n<meta property=\"article:modified_time\" content=\"2024-12-17T13:10:22+00:00\" \/>\n<meta name=\"twitter:card\" content=\"summary_large_image\" \/>\n<meta name=\"twitter:label1\" content=\"Szacowany czas czytania\" \/>\n\t<meta name=\"twitter:data1\" content=\"2 minuty\" \/>\n<!-- \/ Yoast SEO plugin. -->","yoast_head_json":{"title":"Widget Rezerwacja spotka\u0144 \u2014 Umie\u015b\u0107 rezerwacj\u0119 na stronie Joomla","description":"Umie\u015b\u0107 interaktywny ko\u0142owrotek na stronie Joomla. Zobacz wszystkie funkcje rozszerzenia Joomla Spinning Wheel, kt\u00f3re mo\u017cesz doda\u0107 do strony internetowej.","robots":{"index":"index","follow":"follow","max-snippet":"max-snippet:-1","max-image-preview":"max-image-preview:large","max-video-preview":"max-video-preview:-1"},"canonical":"https:\/\/elfsight.com\/pl\/appointment-booking-widget\/joomla\/","og_locale":"pl_PL","og_type":"article","og_title":"Widget Rezerwacja spotka\u0144 \u2014 Umie\u015b\u0107 rezerwacj\u0119 na stronie Joomla","og_description":"Umie\u015b\u0107 interaktywny ko\u0142owrotek na stronie Joomla. Zobacz wszystkie funkcje rozszerzenia Joomla Spinning Wheel, kt\u00f3re mo\u017cesz doda\u0107 do strony internetowej.","og_url":"https:\/\/elfsight.com\/pl\/appointment-booking-widget\/joomla\/","og_site_name":"Elfsight PL","article_modified_time":"2024-12-17T13:10:22+00:00","twitter_card":"summary_large_image","twitter_misc":{"Szacowany czas czytania":"2 minuty"},"schema":{"@context":"https:\/\/schema.org","@graph":[{"@type":"WebPage","@id":"https:\/\/elfsight.com\/pl\/appointment-booking-widget\/joomla\/","url":"https:\/\/elfsight.com\/pl\/appointment-booking-widget\/joomla\/","name":"Widget Rezerwacja spotka\u0144 \u2014 Umie\u015b\u0107 rezerwacj\u0119 na stronie Joomla","isPartOf":{"@id":"https:\/\/elfsight.com\/pl\/#website"},"datePublished":"2024-09-30T18:27:29+00:00","dateModified":"2024-12-17T13:10:22+00:00","description":"Umie\u015b\u0107 interaktywny ko\u0142owrotek na stronie Joomla. Zobacz wszystkie funkcje rozszerzenia Joomla Spinning Wheel, kt\u00f3re mo\u017cesz doda\u0107 do strony internetowej.","breadcrumb":{"@id":"https:\/\/elfsight.com\/pl\/appointment-booking-widget\/joomla\/#breadcrumb"},"inLanguage":"pl-PL","potentialAction":[{"@type":"ReadAction","target":["https:\/\/elfsight.com\/pl\/appointment-booking-widget\/joomla\/"]}]},{"@type":"BreadcrumbList","@id":"https:\/\/elfsight.com\/pl\/appointment-booking-widget\/joomla\/#breadcrumb","itemListElement":[{"@type":"ListItem","position":1,"name":"Home","item":"https:\/\/elfsight.com\/pl\/"},{"@type":"ListItem","position":2,"name":"Appointment Booking","item":"https:\/\/elfsight.com\/pl\/appointment-booking-widget\/"},{"@type":"ListItem","position":3,"name":"appointment booking &#8211; joomla"}]},{"@type":"WebSite","@id":"https:\/\/elfsight.com\/pl\/#website","url":"https:\/\/elfsight.com\/pl\/","name":"Elfsight PL","description":"Just another Elfsight Sites site","potentialAction":[{"@type":"SearchAction","target":{"@type":"EntryPoint","urlTemplate":"https:\/\/elfsight.com\/pl\/?s={search_term_string}"},"query-input":{"@type":"PropertyValueSpecification","valueRequired":true,"valueName":"search_term_string"}}],"inLanguage":"pl-PL"}]}},"meta_box":{"industry":"","seo_heading":"","heading":"","description":"","cta_heading":"","cta_description":"","application":"9513","h1":"Rozszerzenie Joomla do rezerwacji spotka\u0144","h1_caption":"Pozw\u00f3l u\u017cytkownikom \u0142atwo planowa\u0107 spotkania bezpo\u015brednio z witryny Joomla, zwi\u0119kszaj\u0105c wygod\u0119 i usprawniaj\u0105c proces rezerwacji.","application_category":[],"applications_title":"","applications_request_title":"","applications_request_button_text":"","hero_text":"","hero_video":"","hero_video_schema_markup":"","selling_points_title":"","selling_points_caption":"","selling_points":[],"selling_points_cta_text":"","features_title":"","features":"","ed_cta_examples_text":"","ed_cta_examples_hidden":"","ed_cta_demo_text":"","ed_cta_demo_hidden":"","why_caption":"","why_editor_title":"","why_editor_text":"","why_team_title":"","why_team_text":"","why_service_title":"","why_service_text":"","template_catalog_visible":"","template_catalog_title":"","template_catalog_text":"","template_catalog_categories_visible":"","demo_title":"Utw\u00f3rz wtyczk\u0119 do rezerwacji spotka\u0144","demo_caption":"Skonfiguruj rezerwacj\u0119 spotkania i dodaj j\u0105 do swojej witryny Joomla za darmo!","default_faq_hidden":"","app_template_category":[],"platform":"53","template_public_id":"","codecanyon_url":"","codecanyon_item_id":"","codecanyon_price":"","pricing_caption":"","pricing_elfsight_apps_hide_column":"","pricing_elfsight_apps_url":"","pricing_codecanyon_price_caption":"","integration_category":[],"integration_request_title":"","integration_request_cta":"","integration_platform":"","integrations":[],"platform_category":[],"video_schema_markup":"","price":"od 0 USD \/ miesi\u0105c","trial":"","benefits":[{"text":"Bezp\u0142atna us\u0142uga monta\u017cu"},{"text":"Wsparcie premium"},{"text":"14-dniowa gwarancja zwrotu pieni\u0119dzy"},{"text":"Ci\u0105g\u0142y rozw\u00f3j"}],"button_url":"#demo","button_target_blank":"","button_nofollow":"","attributes":[{"name":"Instaluje","content":"1,000 - 5,000"},{"name":"Czu\u0142y","content":"Tak"},{"name":"Kompatybilne przegl\u0105darki","content":"Firefox, Safari, Opera, Chrome, Edge"}],"tags":[],"tags_disable_links":"","hide_more_platforms":"","video_object":"","demo_hide_cta":"","demo_hide_cloud_options":"","pricing_title":"","pricing":[{"pricing_icon":"platform","pricing_title":"Elfsight Apps","pricing_title_caption":"Wersja wieloplatformowa, kt\u00f3ra dzia\u0142a na ka\u017cdej stronie internetowej","pricing_price":"Od 0 USD \/ miesi\u0105c","pricing_price_caption":"Zacznij od bezp\u0142atnego planu","pricing_benefits":[{"text":"Nielimitowane strony internetowe"},{"text":"Ca\u0142odobowe i terminowe wsparcie"},{"text":"Bezp\u0142atna pomoc w instalacji"},{"text":"Elastyczny projekt"}],"pricing_button_text":"Dodaj do witryny","pricing_button_url":"#demo"}],"related_apps_title":"","related_apps_hidden":"","author":"","image":[],"title":"","job":"","social_networks":[]},"_links":{"self":[{"href":"https:\/\/elfsight.com\/pl\/wp-json\/wp\/v2\/pages\/8744","targetHints":{"allow":["GET"]}}],"collection":[{"href":"https:\/\/elfsight.com\/pl\/wp-json\/wp\/v2\/pages"}],"about":[{"href":"https:\/\/elfsight.com\/pl\/wp-json\/wp\/v2\/types\/page"}],"author":[{"embeddable":true,"href":"https:\/\/elfsight.com\/pl\/wp-json\/wp\/v2\/users\/9"}],"replies":[{"embeddable":true,"href":"https:\/\/elfsight.com\/pl\/wp-json\/wp\/v2\/comments?post=8744"}],"version-history":[{"count":1,"href":"https:\/\/elfsight.com\/pl\/wp-json\/wp\/v2\/pages\/8744\/revisions"}],"predecessor-version":[{"id":8748,"href":"https:\/\/elfsight.com\/pl\/wp-json\/wp\/v2\/pages\/8744\/revisions\/8748"}],"up":[{"embeddable":true,"href":"https:\/\/elfsight.com\/pl\/wp-json\/wp\/v2\/pages\/9514"}],"wp:attachment":[{"href":"https:\/\/elfsight.com\/pl\/wp-json\/wp\/v2\/media?parent=8744"}],"curies":[{"name":"wp","href":"https:\/\/api.w.org\/{rel}","templated":true}]}}