{"id":8741,"date":"2024-09-30T18:27:29","date_gmt":"2024-09-30T18:27:29","guid":{"rendered":"https:\/\/elfsight.com\/pl\/?page_id=8741"},"modified":"2024-12-17T13:10:22","modified_gmt":"2024-12-17T13:10:22","slug":"facebook","status":"publish","type":"page","link":"https:\/\/elfsight.com\/pl\/website-translator-widget\/facebook\/","title":{"rendered":"website translator &#8211; facebook page"},"content":{"rendered":"<div class=\"application-platform-content-item-description application-platform-content-item\" id=\"description\" data-nav-section=\"description\"> <h2>Umie\u015b\u0107 T\u0142umacz witryn internetowych na stronie na Facebooku za pomoc\u0105 wtyczki Elfsight<\/h2> <p>Przydatny pomys\u0142 na zwi\u0119kszenie wydajno\u015bci Twojej firmy w Internecie i przyci\u0105gni\u0119cie odbiorcy na ca\u0142ym \u015bwiecie korzystaj\u0105 z naszego wid\u017cetu T\u0142umacz stron internetowych na stronie na Facebooku. Dzi\u0119ki p\u0142ynnemu t\u0142umaczeniu tre\u015bci Twojej witryny ten widget gwarantuje, \u017ce Tw\u00f3j przekaz dotrze do odwiedzaj\u0105cych z r\u00f3\u017cnych \u015brodowisk j\u0119zykowych, pomagaj\u0105c pokona\u0107 bariery j\u0119zykowe i zwi\u0119kszy\u0107 zasi\u0119g rynkowy. <\/p><p>Nasz t\u0142umacz stron internetowych zapewnia natychmiastowe automatyczne t\u0142umaczenie stron internetowych obs\u0142ugiwane przez Google AI, obs\u0142uguj\u0105ce ponad 130 j\u0119zyk\u00f3w. Zapami\u0119tuje wyb\u00f3r j\u0119zyka u\u017cytkownika, umo\u017cliwiaj\u0105c indywidualne przegl\u0105danie, kt\u00f3re utrzymuje zaanga\u017cowanie odwiedzaj\u0105cych. Bezproblemowo globalizuj swoj\u0105 witryn\u0119 internetow\u0105 na Facebooku i nawi\u0105zuj kontakt z r\u00f3\u017cnymi odbiorcami dzi\u0119ki zaawansowanej technologii t\u0142umacze\u0144. <\/p><p><b>Promuj swoje towary i us\u0142ugi na ca\u0142ym \u015bwiecie za pomoc\u0105 zorientowanego na klienta wid\u017cetu zmiany j\u0119zyka! <\/b><\/p><\/div> <div class=\"application-platform-content-item-features application-platform-content-item\" id=\"features\" data-nav-section=\"features\"> <h2>To tylko kilka z rozbudowanych funkcji widgetu: <\/h2><ul><li>Natychmiastowe automatyczne t\u0142umaczenie strony internetowej<\/li><li>T\u0142umaczenie oparte na sztucznej inteligencji Google<\/li><li>Obs\u0142uga ponad 130 j\u0119zyk\u00f3w<\/li><li>Oszcz\u0119dzanie u\u017cytkownika preferencje<\/li><li>Wiele predefiniowanych styl\u00f3w wid\u017cet\u00f3w<\/li><\/ul><p><a href=\"#demo\">Mo\u017cesz sprawdzi\u0107, jak dzia\u0142a wid\u017cet, korzystaj\u0105c z wersji demonstracyjnej<\/a><\/p><\/div> <div class=\"application-platform-content-item-installation application-platform-content-item\" id=\"installation\" data-nav-section=\"installation\"> <h2>Jak w\u0142\u0105czy\u0107 T\u0142umacz witryn do platformy mojej strony na Facebooku? <\/h2><div class=\"tip-yellow tip\"><b>W zwi\u0105zku z ostatnimi zmianami na Facebooku i przej\u015bciem na now\u0105 wersj\u0119 strony, korzystanie z niej jest obecnie mo\u017cliwe wy\u0142\u0105cznie poprzez dodanie bezpo\u015bredniego linku do wid\u017cetu. Aktywnie szukamy rozwi\u0105zania i zaktualizujemy konfiguracj\u0119 strony na Facebooku, gdy tylko znajdziemy spos\u00f3b.<\/b><\/div><p>Wystarczy wykona\u0107 kilka krok\u00f3w opisanych poni\u017cej, aby rozpocz\u0105\u0107 prac\u0119 z narz\u0119dziem. <\/p><ol><li><b>Skorzystaj z naszej bezp\u0142atnej wersji demonstracyjnej i zacznij tworzy\u0107 w\u0142asny widget. <\/b><br>Okre\u015bl preferowany wygl\u0105d i parametry narz\u0119dzia oraz zastosuj zmiany. <\/li> <li><b>Zdob\u0105d\u017a osobisty kod, kt\u00f3ry pojawi si\u0119 w polu w aplikacjach Elfsight. <\/b><br>Po zako\u0144czeniu konfiguracji osobistego wid\u017cetu skopiuj indywidualny kod w wy\u015bwietlonym polu i zapisz go na przysz\u0142o\u015b\u0107. <\/li> <li><b>Zaanga\u017cuj si\u0119 w korzystanie z narz\u0119dzia w witrynie swojej strony na Facebooku. <\/b><br>Wklej zapisany wcze\u015bniej kod na swojej stronie internetowej i zastosuj zmiany. <\/li> <li><b>Instalacja zosta\u0142a pomy\u015blnie zako\u0144czona. <\/b><br>Odwied\u017a swoj\u0105 stron\u0119 internetow\u0105, aby zobaczy\u0107, jak dzia\u0142a widget. <\/li><\/ol><p>Je\u015bli napotkasz jakie\u015b komplikacje, bez wahania skontaktuj si\u0119 z naszym personelem wsparcia. Nasi specjali\u015bci z przyjemno\u015bci\u0105 rozwi\u0105\u017c\u0105 wszystkie problemy, jakie mo\u017cesz napotka\u0107 w zwi\u0105zku z tym narz\u0119dziem. <\/p><\/div>","protected":false},"excerpt":{"rendered":"","protected":false},"author":9,"featured_media":0,"parent":8190,"menu_order":0,"comment_status":"closed","ping_status":"closed","template":"templates\/template-application-platform.php","meta":{"publish_to_discourse":"","publish_post_category":"","wpdc_auto_publish_overridden":"","wpdc_topic_tags":"","wpdc_pin_topic":"","wpdc_pin_until":"","discourse_post_id":"","discourse_permalink":"","wpdc_publishing_response":"","wpdc_publishing_error":"","footnotes":""},"class_list":["post-8741","page","type-page","status-publish","hentry"],"yoast_head":"<!-- This site is optimized with the Yoast SEO plugin v25.3.1 - https:\/\/yoast.com\/wordpress\/plugins\/seo\/ -->\n<title>Widget T\u0142umacza stron internetowych - Umie\u015b\u0107 darmowy t\u0142umacz na Facebooku<\/title>\n<meta name=\"description\" content=\"Dodaj p\u0142ynny wid\u017cet T\u0142umacza witryn internetowych do swojej witryny Weebly. Sprawd\u017a przyjazn\u0105 dla u\u017cytkownika wersj\u0119 demonstracyjn\u0105 Elfsight, aby \u0142atwo wygenerowa\u0107 indywidualne rozwi\u0105zanie.\" \/>\n<meta name=\"robots\" content=\"index, follow, max-snippet:-1, max-image-preview:large, max-video-preview:-1\" \/>\n<link rel=\"canonical\" href=\"https:\/\/elfsight.com\/pl\/website-translator-widget\/facebook\/\" \/>\n<meta property=\"og:locale\" content=\"pl_PL\" \/>\n<meta property=\"og:type\" content=\"article\" \/>\n<meta property=\"og:title\" content=\"Widget T\u0142umacza stron internetowych - Umie\u015b\u0107 darmowy t\u0142umacz na Facebooku\" \/>\n<meta property=\"og:description\" content=\"Dodaj p\u0142ynny wid\u017cet T\u0142umacza witryn internetowych do swojej witryny Weebly. Sprawd\u017a przyjazn\u0105 dla u\u017cytkownika wersj\u0119 demonstracyjn\u0105 Elfsight, aby \u0142atwo wygenerowa\u0107 indywidualne rozwi\u0105zanie.\" \/>\n<meta property=\"og:url\" content=\"https:\/\/elfsight.com\/pl\/website-translator-widget\/facebook\/\" \/>\n<meta property=\"og:site_name\" content=\"Elfsight PL\" \/>\n<meta property=\"article:modified_time\" content=\"2024-12-17T13:10:22+00:00\" \/>\n<meta name=\"twitter:card\" content=\"summary_large_image\" \/>\n<meta name=\"twitter:label1\" content=\"Szacowany czas czytania\" \/>\n\t<meta name=\"twitter:data1\" content=\"2 minuty\" \/>\n<!-- \/ Yoast SEO plugin. -->","yoast_head_json":{"title":"Widget T\u0142umacza stron internetowych - Umie\u015b\u0107 darmowy t\u0142umacz na Facebooku","description":"Dodaj p\u0142ynny wid\u017cet T\u0142umacza witryn internetowych do swojej witryny Weebly. Sprawd\u017a przyjazn\u0105 dla u\u017cytkownika wersj\u0119 demonstracyjn\u0105 Elfsight, aby \u0142atwo wygenerowa\u0107 indywidualne rozwi\u0105zanie.","robots":{"index":"index","follow":"follow","max-snippet":"max-snippet:-1","max-image-preview":"max-image-preview:large","max-video-preview":"max-video-preview:-1"},"canonical":"https:\/\/elfsight.com\/pl\/website-translator-widget\/facebook\/","og_locale":"pl_PL","og_type":"article","og_title":"Widget T\u0142umacza stron internetowych - Umie\u015b\u0107 darmowy t\u0142umacz na Facebooku","og_description":"Dodaj p\u0142ynny wid\u017cet T\u0142umacza witryn internetowych do swojej witryny Weebly. Sprawd\u017a przyjazn\u0105 dla u\u017cytkownika wersj\u0119 demonstracyjn\u0105 Elfsight, aby \u0142atwo wygenerowa\u0107 indywidualne rozwi\u0105zanie.","og_url":"https:\/\/elfsight.com\/pl\/website-translator-widget\/facebook\/","og_site_name":"Elfsight PL","article_modified_time":"2024-12-17T13:10:22+00:00","twitter_card":"summary_large_image","twitter_misc":{"Szacowany czas czytania":"2 minuty"},"schema":{"@context":"https:\/\/schema.org","@graph":[{"@type":"WebPage","@id":"https:\/\/elfsight.com\/pl\/website-translator-widget\/facebook\/","url":"https:\/\/elfsight.com\/pl\/website-translator-widget\/facebook\/","name":"Widget T\u0142umacza stron internetowych - Umie\u015b\u0107 darmowy t\u0142umacz na Facebooku","isPartOf":{"@id":"https:\/\/elfsight.com\/pl\/#website"},"datePublished":"2024-09-30T18:27:29+00:00","dateModified":"2024-12-17T13:10:22+00:00","description":"Dodaj p\u0142ynny wid\u017cet T\u0142umacza witryn internetowych do swojej witryny Weebly. Sprawd\u017a przyjazn\u0105 dla u\u017cytkownika wersj\u0119 demonstracyjn\u0105 Elfsight, aby \u0142atwo wygenerowa\u0107 indywidualne rozwi\u0105zanie.","breadcrumb":{"@id":"https:\/\/elfsight.com\/pl\/website-translator-widget\/facebook\/#breadcrumb"},"inLanguage":"pl-PL","potentialAction":[{"@type":"ReadAction","target":["https:\/\/elfsight.com\/pl\/website-translator-widget\/facebook\/"]}]},{"@type":"BreadcrumbList","@id":"https:\/\/elfsight.com\/pl\/website-translator-widget\/facebook\/#breadcrumb","itemListElement":[{"@type":"ListItem","position":1,"name":"Home","item":"https:\/\/elfsight.com\/pl\/"},{"@type":"ListItem","position":2,"name":"Website Translator","item":"https:\/\/elfsight.com\/pl\/website-translator-widget\/"},{"@type":"ListItem","position":3,"name":"website translator &#8211; facebook page"}]},{"@type":"WebSite","@id":"https:\/\/elfsight.com\/pl\/#website","url":"https:\/\/elfsight.com\/pl\/","name":"Elfsight PL","description":"Just another Elfsight Sites site","potentialAction":[{"@type":"SearchAction","target":{"@type":"EntryPoint","urlTemplate":"https:\/\/elfsight.com\/pl\/?s={search_term_string}"},"query-input":{"@type":"PropertyValueSpecification","valueRequired":true,"valueName":"search_term_string"}}],"inLanguage":"pl-PL"}]}},"meta_box":{"industry":"","seo_heading":"","heading":"","description":"","cta_heading":"","cta_description":"","application":"8185","h1":"Wid\u017cet t\u0142umacza stron na Facebooku","h1_caption":"Automatycznie t\u0142umacz zawarto\u015b\u0107 swojej witryny na wiele j\u0119zyk\u00f3w, dzi\u0119ki czemu b\u0119dzie ona bezproblemowo dost\u0119pna dla odbiorc\u00f3w na ca\u0142ym \u015bwiecie w witrynie Twojej strony na Facebooku.","application_category":[],"applications_title":"","applications_request_title":"","applications_request_button_text":"","hero_text":"","hero_video":"","hero_video_schema_markup":"","selling_points_title":"","selling_points_caption":"","selling_points":[],"selling_points_cta_text":"","features_title":"","features":"","ed_cta_examples_text":"","ed_cta_examples_hidden":"","ed_cta_demo_text":"","ed_cta_demo_hidden":"","why_caption":"","why_editor_title":"","why_editor_text":"","why_team_title":"","why_team_text":"","why_service_title":"","why_service_text":"","template_catalog_visible":"","template_catalog_title":"","template_catalog_text":"","template_catalog_categories_visible":"","demo_title":"Utw\u00f3rz wid\u017cet T\u0142umacza stron internetowych","demo_caption":"Skonfiguruj t\u0142umacza witryn i dodaj go za darmo do swojej strony na Facebooku!","default_faq_hidden":"","app_template_category":[],"platform":"319","template_public_id":"","codecanyon_url":"","codecanyon_item_id":"","codecanyon_price":"","pricing_caption":"","pricing_elfsight_apps_hide_column":"","pricing_elfsight_apps_url":"","pricing_codecanyon_price_caption":"","integration_category":[],"integration_request_title":"","integration_request_cta":"","integration_platform":"","integrations":[],"platform_category":[],"video_schema_markup":"","price":"od 0 USD \/ miesi\u0105c","trial":"","benefits":[{"text":"Bezp\u0142atna us\u0142uga monta\u017cu"},{"text":"Wsparcie premium"},{"text":"14-dniowa gwarancja zwrotu pieni\u0119dzy"},{"text":"Ci\u0105g\u0142y rozw\u00f3j"}],"button_url":"#demo","button_target_blank":"","button_nofollow":"","attributes":[{"name":"Zainstalowa\u0107","content":"50,000 - 100,000"},{"name":"Czu\u0142y","content":"Tak"},{"name":"Kompatybilne przegl\u0105darki","content":"Firefox, Safari, Opera, Chrome, Edge"}],"tags":[],"tags_disable_links":"","hide_more_platforms":"","video_object":"","demo_hide_cta":"","demo_hide_cloud_options":"","pricing_title":"","pricing":[{"pricing_icon":"platform","pricing_title":"Elfsight Apps","pricing_title_caption":"Wieloplatformowe rozwi\u0105zanie cyfrowe","pricing_price":"od 0 USD \/ miesi\u0105c","pricing_price_caption":"zacznij od darmowego planu","pricing_benefits":[{"text":"Nielimitowane strony internetowe"},{"text":"Bezp\u0142atne wsparcie firmy"},{"text":"Bezp\u0142atna us\u0142uga monta\u017cu"},{"text":"Elastyczny projekt"}],"pricing_button_text":"Dodaj do witryny","pricing_button_url":"#demo"}],"related_apps_title":"","related_apps_hidden":"","author":"","image":[],"title":"","job":"","social_networks":[]},"_links":{"self":[{"href":"https:\/\/elfsight.com\/pl\/wp-json\/wp\/v2\/pages\/8741","targetHints":{"allow":["GET"]}}],"collection":[{"href":"https:\/\/elfsight.com\/pl\/wp-json\/wp\/v2\/pages"}],"about":[{"href":"https:\/\/elfsight.com\/pl\/wp-json\/wp\/v2\/types\/page"}],"author":[{"embeddable":true,"href":"https:\/\/elfsight.com\/pl\/wp-json\/wp\/v2\/users\/9"}],"replies":[{"embeddable":true,"href":"https:\/\/elfsight.com\/pl\/wp-json\/wp\/v2\/comments?post=8741"}],"version-history":[{"count":1,"href":"https:\/\/elfsight.com\/pl\/wp-json\/wp\/v2\/pages\/8741\/revisions"}],"predecessor-version":[{"id":8745,"href":"https:\/\/elfsight.com\/pl\/wp-json\/wp\/v2\/pages\/8741\/revisions\/8745"}],"up":[{"embeddable":true,"href":"https:\/\/elfsight.com\/pl\/wp-json\/wp\/v2\/pages\/8190"}],"wp:attachment":[{"href":"https:\/\/elfsight.com\/pl\/wp-json\/wp\/v2\/media?parent=8741"}],"curies":[{"name":"wp","href":"https:\/\/api.w.org\/{rel}","templated":true}]}}