{"id":8734,"date":"2024-09-30T18:27:29","date_gmt":"2024-09-30T18:27:29","guid":{"rendered":"https:\/\/elfsight.com\/pl\/?page_id=8734"},"modified":"2024-12-17T13:10:12","modified_gmt":"2024-12-17T13:10:12","slug":"woocommerce","status":"publish","type":"page","link":"https:\/\/elfsight.com\/pl\/website-translator-widget\/woocommerce\/","title":{"rendered":"website translator &#8211; woocommerce"},"content":{"rendered":"<div class=\"application-platform-content-item-description application-platform-content-item\" id=\"description\" data-nav-section=\"description\"> <h2>Osad\u017a T\u0142umacz stron internetowych w WooCommerce za pomoc\u0105 wtyczki Elfsight<\/h2> <p>Dobry pomys\u0142 na zwi\u0119kszenie obecno\u015bci Twojej firmy w Internecie i dotarcie do mi\u0119dzynarodowego publiczno\u015b\u0107 otrzymuje nasz wid\u017cet T\u0142umacza stron internetowych dla WooCommerce. Dzi\u0119ki p\u0142ynnemu t\u0142umaczeniu tre\u015bci Twojej witryny, ten widget gwarantuje, \u017ce Tw\u00f3j przekaz b\u0119dzie atrakcyjny dla odwiedzaj\u0105cych z r\u00f3\u017cnych spo\u0142eczno\u015bci j\u0119zykowych, pomagaj\u0105c pokona\u0107 bariery j\u0119zykowe i zwi\u0119kszy\u0107 zasi\u0119g rynkowy. <\/p><p>Nasz t\u0142umacz stron internetowych zapewnia natychmiastowe, zautomatyzowane t\u0142umaczenie stron internetowych obs\u0142ugiwane przez Google AI, obs\u0142uguj\u0105ce ponad 130 j\u0119zyk\u00f3w. Zapami\u0119tuje wyb\u00f3r j\u0119zyka odwiedzaj\u0105cego, tworz\u0105c spersonalizowane do\u015bwiadczenie przegl\u0105dania, kt\u00f3re utrzymuje zaanga\u017cowanie u\u017cytkownik\u00f3w. Z \u0142atwo\u015bci\u0105 zglobalizuj swoj\u0105 witryn\u0119 WooCommerce i nawi\u0105\u017c kontakt z r\u00f3\u017cnymi odbiorcami dzi\u0119ki zaawansowanej technologii t\u0142umacze\u0144. <\/p><p><b>Promuj swoje towary i us\u0142ugi na ca\u0142ym \u015bwiecie za pomoc\u0105 prostego wid\u017cetu zmiany j\u0119zyka! <\/b><\/p><\/div> <div class=\"application-platform-content-item-features application-platform-content-item\" id=\"features\" data-nav-section=\"features\"> <h2>To tylko kilka z mn\u00f3stwa funkcji wid\u017cetu: <\/h2><ul><li>Natychmiastowe automatyczne t\u0142umaczenie strony internetowej<\/b><\/p><\/div> li&gt;<li>T\u0142umaczenie oparte na sztucznej inteligencji Google<\/li><li>Obs\u0142uga ponad 130 j\u0119zyk\u00f3w<\/li><li>Zachowanie ustawie\u0144 u\u017cytkownika<\/li><li>Wiele styl\u00f3w wid\u017cet\u00f3w szablon\u00f3w<\/li><\/ul><p><a href=\"#demo\">Pe\u0142n\u0105 funkcjonalno\u015b\u0107 wid\u017cetu mo\u017cesz przetestowa\u0107 w poni\u017cszej wersji demonstracyjnej<\/a><\/p>[\/application_platform_content_item] <div class=\"application-platform-content-item-installation application-platform-content-item\" id=\"installation\" data-nav-section=\"installation\"> <h2> Jak osadzi\u0107 T\u0142umacz witryn na moich stronach WooCommerce? <\/h2><p>Wystarczy post\u0119powa\u0107 zgodnie z poni\u017cszymi instrukcjami, aby osadzi\u0107 wid\u017cet. <\/p><ol><li><b>Skorzystaj z naszej bezp\u0142atnej wersji demonstracyjnej i zacznij tworzy\u0107 sw\u00f3j spersonalizowany widget. <\/b><br>Okre\u015bl wybrany interfejs i cechy funkcjonalne wtyczki oraz zastosuj poprawki. <\/li> <li><b>Zdob\u0105d\u017a sw\u00f3j indywidualny kod widoczny w pude\u0142ku w aplikacjach Elfsight. <\/b><br>Zaraz po utworzeniu narz\u0119dzia skopiuj indywidualny kod w pojawiaj\u0105cym si\u0119 oknie i zachowaj go na p\u00f3\u017aniej. <\/li> <li><b>Zacznij korzysta\u0107 z narz\u0119dzia na swojej stronie WooCommerce. <\/b><br>Wklej ostatnio zapisany kod na swoj\u0105 stron\u0119 g\u0142\u00f3wn\u0105 i zapisz zmiany. <\/li> <li><b>Konfiguracja zosta\u0142a pomy\u015blnie przeprowadzona. <\/b><br>Przejd\u017a na swoj\u0105 stron\u0119, aby zobaczy\u0107 dzia\u0142anie wtyczki. <\/li><\/ol><p>Je\u015bli masz jakie\u015b trudno\u015bci, napisz do naszego dzia\u0142u obs\u0142ugi klienta. Nasi ludzie ch\u0119tnie odpowiedz\u0105 na wszystkie pytania dotycz\u0105ce wid\u017cetu. <\/p><\/div>","protected":false},"excerpt":{"rendered":"li&gt;T\u0142umaczenie oparte na sztucznej inteligencji GoogleObs\u0142uga ponad 130 j\u0119zyk\u00f3wZachowanie ustawie\u0144 u\u017cytkownikaWiele styl\u00f3w wid\u017cet\u00f3w szablon\u00f3wPe\u0142n\u0105 funkcjonalno\u015b\u0107 wid\u017cetu mo\u017cesz przetestowa\u0107 w poni\u017cszej wersji demonstracyjnej[\/application_platform_content_item]","protected":false},"author":9,"featured_media":0,"parent":8190,"menu_order":0,"comment_status":"closed","ping_status":"closed","template":"templates\/template-application-platform.php","meta":{"publish_to_discourse":"","publish_post_category":"","wpdc_auto_publish_overridden":"","wpdc_topic_tags":"","wpdc_pin_topic":"","wpdc_pin_until":"","discourse_post_id":"","discourse_permalink":"","wpdc_publishing_response":"","wpdc_publishing_error":"","footnotes":""},"class_list":["post-8734","page","type-page","status-publish","hentry"],"yoast_head":"<!-- This site is optimized with the Yoast SEO plugin v25.3.1 - https:\/\/yoast.com\/wordpress\/plugins\/seo\/ -->\n<title>Widget T\u0142umacza Witryny - Umie\u015b\u0107 Szybki T\u0142umacz na WooCommerce<\/title>\n<meta name=\"description\" content=\"Dodaj p\u0142ynny wid\u017cet T\u0142umacza witryn do swojej witryny Bloggera. Sprawd\u017a przyjazn\u0105 dla u\u017cytkownika wersj\u0119 demonstracyjn\u0105 Elfsight, aby bez wysi\u0142ku stworzy\u0107 unikalne rozwi\u0105zanie.\" \/>\n<meta name=\"robots\" content=\"index, follow, max-snippet:-1, max-image-preview:large, max-video-preview:-1\" \/>\n<link rel=\"canonical\" href=\"https:\/\/elfsight.com\/pl\/website-translator-widget\/woocommerce\/\" \/>\n<meta property=\"og:locale\" content=\"pl_PL\" \/>\n<meta property=\"og:type\" content=\"article\" \/>\n<meta property=\"og:title\" content=\"Widget T\u0142umacza Witryny - Umie\u015b\u0107 Szybki T\u0142umacz na WooCommerce\" \/>\n<meta property=\"og:description\" content=\"Dodaj p\u0142ynny wid\u017cet T\u0142umacza witryn do swojej witryny Bloggera. Sprawd\u017a przyjazn\u0105 dla u\u017cytkownika wersj\u0119 demonstracyjn\u0105 Elfsight, aby bez wysi\u0142ku stworzy\u0107 unikalne rozwi\u0105zanie.\" \/>\n<meta property=\"og:url\" content=\"https:\/\/elfsight.com\/pl\/website-translator-widget\/woocommerce\/\" \/>\n<meta property=\"og:site_name\" content=\"Elfsight PL\" \/>\n<meta property=\"article:modified_time\" content=\"2024-12-17T13:10:12+00:00\" \/>\n<meta name=\"twitter:card\" content=\"summary_large_image\" \/>\n<meta name=\"twitter:label1\" content=\"Szacowany czas czytania\" \/>\n\t<meta name=\"twitter:data1\" content=\"2 minuty\" \/>\n<!-- \/ Yoast SEO plugin. -->","yoast_head_json":{"title":"Widget T\u0142umacza Witryny - Umie\u015b\u0107 Szybki T\u0142umacz na WooCommerce","description":"Dodaj p\u0142ynny wid\u017cet T\u0142umacza witryn do swojej witryny Bloggera. Sprawd\u017a przyjazn\u0105 dla u\u017cytkownika wersj\u0119 demonstracyjn\u0105 Elfsight, aby bez wysi\u0142ku stworzy\u0107 unikalne rozwi\u0105zanie.","robots":{"index":"index","follow":"follow","max-snippet":"max-snippet:-1","max-image-preview":"max-image-preview:large","max-video-preview":"max-video-preview:-1"},"canonical":"https:\/\/elfsight.com\/pl\/website-translator-widget\/woocommerce\/","og_locale":"pl_PL","og_type":"article","og_title":"Widget T\u0142umacza Witryny - Umie\u015b\u0107 Szybki T\u0142umacz na WooCommerce","og_description":"Dodaj p\u0142ynny wid\u017cet T\u0142umacza witryn do swojej witryny Bloggera. Sprawd\u017a przyjazn\u0105 dla u\u017cytkownika wersj\u0119 demonstracyjn\u0105 Elfsight, aby bez wysi\u0142ku stworzy\u0107 unikalne rozwi\u0105zanie.","og_url":"https:\/\/elfsight.com\/pl\/website-translator-widget\/woocommerce\/","og_site_name":"Elfsight PL","article_modified_time":"2024-12-17T13:10:12+00:00","twitter_card":"summary_large_image","twitter_misc":{"Szacowany czas czytania":"2 minuty"},"schema":{"@context":"https:\/\/schema.org","@graph":[{"@type":"WebPage","@id":"https:\/\/elfsight.com\/pl\/website-translator-widget\/woocommerce\/","url":"https:\/\/elfsight.com\/pl\/website-translator-widget\/woocommerce\/","name":"Widget T\u0142umacza Witryny - Umie\u015b\u0107 Szybki T\u0142umacz na WooCommerce","isPartOf":{"@id":"https:\/\/elfsight.com\/pl\/#website"},"datePublished":"2024-09-30T18:27:29+00:00","dateModified":"2024-12-17T13:10:12+00:00","description":"Dodaj p\u0142ynny wid\u017cet T\u0142umacza witryn do swojej witryny Bloggera. Sprawd\u017a przyjazn\u0105 dla u\u017cytkownika wersj\u0119 demonstracyjn\u0105 Elfsight, aby bez wysi\u0142ku stworzy\u0107 unikalne rozwi\u0105zanie.","breadcrumb":{"@id":"https:\/\/elfsight.com\/pl\/website-translator-widget\/woocommerce\/#breadcrumb"},"inLanguage":"pl-PL","potentialAction":[{"@type":"ReadAction","target":["https:\/\/elfsight.com\/pl\/website-translator-widget\/woocommerce\/"]}]},{"@type":"BreadcrumbList","@id":"https:\/\/elfsight.com\/pl\/website-translator-widget\/woocommerce\/#breadcrumb","itemListElement":[{"@type":"ListItem","position":1,"name":"Home","item":"https:\/\/elfsight.com\/pl\/"},{"@type":"ListItem","position":2,"name":"Website Translator","item":"https:\/\/elfsight.com\/pl\/website-translator-widget\/"},{"@type":"ListItem","position":3,"name":"website translator &#8211; woocommerce"}]},{"@type":"WebSite","@id":"https:\/\/elfsight.com\/pl\/#website","url":"https:\/\/elfsight.com\/pl\/","name":"Elfsight PL","description":"Just another Elfsight Sites site","potentialAction":[{"@type":"SearchAction","target":{"@type":"EntryPoint","urlTemplate":"https:\/\/elfsight.com\/pl\/?s={search_term_string}"},"query-input":{"@type":"PropertyValueSpecification","valueRequired":true,"valueName":"search_term_string"}}],"inLanguage":"pl-PL"}]}},"meta_box":{"industry":"","seo_heading":"","heading":"","description":"","cta_heading":"","cta_description":"","application":"8185","h1":"Wtyczka do t\u0142umaczenia stron internetowych WooCommerce","h1_caption":"Automatycznie t\u0142umacz zawarto\u015b\u0107 swojej witryny na wiele j\u0119zyk\u00f3w, dzi\u0119ki czemu b\u0119dzie ona dost\u0119pna dla odbiorc\u00f3w na ca\u0142ym \u015bwiecie w Twojej witrynie WooCommerce bez wysi\u0142ku.","application_category":[],"applications_title":"","applications_request_title":"","applications_request_button_text":"","hero_text":"","hero_video":"","hero_video_schema_markup":"","selling_points_title":"","selling_points_caption":"","selling_points":[],"selling_points_cta_text":"","features_title":"","features":"","ed_cta_examples_text":"","ed_cta_examples_hidden":"","ed_cta_demo_text":"","ed_cta_demo_hidden":"","why_caption":"","why_editor_title":"","why_editor_text":"","why_team_title":"","why_team_text":"","why_service_title":"","why_service_text":"","template_catalog_visible":"","template_catalog_title":"","template_catalog_text":"","template_catalog_categories_visible":"","demo_title":"Utw\u00f3rz aplikacj\u0119 do t\u0142umaczenia stron internetowych","demo_caption":"Skonfiguruj t\u0142umacza stron internetowych i dodaj go do swojej witryny WooCommerce za darmo!","default_faq_hidden":"","app_template_category":[],"platform":"335","template_public_id":"","codecanyon_url":"","codecanyon_item_id":"","codecanyon_price":"","pricing_caption":"","pricing_elfsight_apps_hide_column":"","pricing_elfsight_apps_url":"","pricing_codecanyon_price_caption":"","integration_category":[],"integration_request_title":"","integration_request_cta":"","integration_platform":"","integrations":[],"platform_category":[],"video_schema_markup":"","price":"od 0 USD \/ miesi\u0105c","trial":"","benefits":[{"text":"Bezp\u0142atna pomoc w monta\u017cu"},{"text":"Kompetentna obs\u0142uga klienta"},{"text":"14-dniowa gwarancja zwrotu pieni\u0119dzy"},{"text":"Udoskonalenia na ca\u0142e \u017cycie"}],"button_url":"#demo","button_target_blank":"","button_nofollow":"","attributes":[{"name":"Zainstalowa\u0107","content":"50,000 - 100,000"},{"name":"Czu\u0142y","content":"Tak"},{"name":"Kompatybilne przegl\u0105darki","content":"Firefox, Safari, Opera, Chrome, Edge"}],"tags":[],"tags_disable_links":"","hide_more_platforms":"","video_object":"","demo_hide_cta":"","demo_hide_cloud_options":"","pricing_title":"","pricing":[{"pricing_icon":"platform","pricing_title":"Elfsight Apps","pricing_title_caption":"Rozwi\u0105zanie niezale\u017cne od platformy","pricing_price":"od 0 USD \/ miesi\u0105c","pricing_price_caption":"zacznij od darmowego planu","pricing_benefits":[{"text":"Nielimitowane domeny"},{"text":"Bezp\u0142atne i terminowe wsparcie oraz dobrze udokumentowane"},{"text":"Bezp\u0142atna pomoc w instalacji"},{"text":"100% konfigurowalny"}],"pricing_button_text":"Dodaj do witryny","pricing_button_url":"#demo"}],"related_apps_title":"","related_apps_hidden":"","author":"","image":[],"title":"","job":"","social_networks":[]},"_links":{"self":[{"href":"https:\/\/elfsight.com\/pl\/wp-json\/wp\/v2\/pages\/8734","targetHints":{"allow":["GET"]}}],"collection":[{"href":"https:\/\/elfsight.com\/pl\/wp-json\/wp\/v2\/pages"}],"about":[{"href":"https:\/\/elfsight.com\/pl\/wp-json\/wp\/v2\/types\/page"}],"author":[{"embeddable":true,"href":"https:\/\/elfsight.com\/pl\/wp-json\/wp\/v2\/users\/9"}],"replies":[{"embeddable":true,"href":"https:\/\/elfsight.com\/pl\/wp-json\/wp\/v2\/comments?post=8734"}],"version-history":[{"count":1,"href":"https:\/\/elfsight.com\/pl\/wp-json\/wp\/v2\/pages\/8734\/revisions"}],"predecessor-version":[{"id":8738,"href":"https:\/\/elfsight.com\/pl\/wp-json\/wp\/v2\/pages\/8734\/revisions\/8738"}],"up":[{"embeddable":true,"href":"https:\/\/elfsight.com\/pl\/wp-json\/wp\/v2\/pages\/8190"}],"wp:attachment":[{"href":"https:\/\/elfsight.com\/pl\/wp-json\/wp\/v2\/media?parent=8734"}],"curies":[{"name":"wp","href":"https:\/\/api.w.org\/{rel}","templated":true}]}}