{"id":8733,"date":"2024-09-30T18:27:29","date_gmt":"2024-09-30T18:27:29","guid":{"rendered":"https:\/\/elfsight.com\/pl\/?page_id=8733"},"modified":"2024-12-17T13:10:12","modified_gmt":"2024-12-17T13:10:12","slug":"magento","status":"publish","type":"page","link":"https:\/\/elfsight.com\/pl\/website-translator-widget\/magento\/","title":{"rendered":"website translator &#8211; magento"},"content":{"rendered":"<div class=\"application-platform-content-item-description application-platform-content-item\" id=\"description\" data-nav-section=\"description\"> <h2>Osad\u017a T\u0142umacz witryn w Magento za pomoc\u0105 wtyczki Elfsight<\/h2> <p>Pomocny pomys\u0142 na podniesienie wydajno\u015bci Twojej firmy w Internecie i przyci\u0105gni\u0119cie mi\u0119dzynarodowego publiczno\u015b\u0107 dodaje nasz wid\u017cet T\u0142umacz stron internetowych dla Magento. Dzi\u0119ki p\u0142ynnemu t\u0142umaczeniu tre\u015bci Twojej witryny, ten widget sprawi, \u017ce Tw\u00f3j przekaz dotrze do klient\u00f3w z r\u00f3\u017cnych spo\u0142eczno\u015bci j\u0119zykowych, pomagaj\u0105c pokona\u0107 bariery j\u0119zykowe i zwi\u0119kszy\u0107 zasi\u0119g Twojej firmy. <\/p><p>Nasz t\u0142umacz stron internetowych zapewnia natychmiastowe automatyczne t\u0142umaczenie stron internetowych wspomagane przez Google AI, obs\u0142uguj\u0105ce ponad 130 j\u0119zyk\u00f3w. Zapami\u0119tuje ustawienia j\u0119zyka odwiedzaj\u0105cych, tworz\u0105c indywidualne do\u015bwiadczenie przegl\u0105dania, kt\u00f3re utrzymuje ich w zaanga\u017cowaniu. Z \u0142atwo\u015bci\u0105 zglobalizuj swoj\u0105 witryn\u0119 Magento i nawi\u0105\u017c kontakt z r\u00f3\u017cnorodnymi odbiorcami dzi\u0119ki zaawansowanemu rozwi\u0105zaniu t\u0142umaczeniowemu. <\/p><p><b>Promuj swoje towary i us\u0142ugi na ca\u0142ym \u015bwiecie za pomoc\u0105 zorientowanego na klienta wid\u017cetu zmiany j\u0119zyka! <\/b><\/p><\/div> <div class=\"application-platform-content-item-features application-platform-content-item\" id=\"features\" data-nav-section=\"features\"> <h2>Oto podstawowe funkcje wid\u017cetu: <\/h2><ul><li>Natychmiastowe automatyczne t\u0142umaczenie strony internetowej<\/li><li>T\u0142umaczenie oparte na sztucznej inteligencji Google<\/li><li>Obs\u0142uga ponad 130 j\u0119zyk\u00f3w<\/li><li>Zapisywanie preferencji go\u015bci<\/li><li>Wiele wid\u017cet\u00f3w szablon\u00f3w style<\/li><\/ul><p><a href=\"#demo\">Pe\u0142ne mo\u017cliwo\u015bci wid\u017cetu mo\u017cesz pozna\u0107 w poni\u017cszej wersji demonstracyjnej<\/a><\/p><\/div> [id aplikacji_platform_content_item =&#8221;installation&#8221;] <h2>Jak w\u0142\u0105czy\u0107 T\u0142umacza stron internetowych do mojej strony internetowej Magento? <\/h2><p>Wystarczy zastosowa\u0107 si\u0119 do poni\u017cszych instrukcji, aby rozpocz\u0105\u0107 korzystanie z narz\u0119dzia. <\/p><ol><li><b>Wykonaj bezp\u0142atn\u0105 wersj\u0119 demonstracyjn\u0105 i zacznij tworzy\u0107 spersonalizowany widget. <\/b><br>Wybierz preferowany wygl\u0105d i funkcjonalno\u015b\u0107 wtyczki i zastosuj modyfikacje. <\/li> <li><b>Uzyskaj osobisty kod pojawiaj\u0105cy si\u0119 w oknie aplikacji Elfsight. <\/b><br>Po zako\u0144czeniu dostosowywania osobistego wid\u017cetu skopiuj indywidualny kod z wyskakuj\u0105cego okienka i zapisz go do dalszych potrzeb. <\/li> <li><b>Zacznij korzysta\u0107 z widgetu na stronie Magento. <\/b><br>Dodaj skopiowany wcze\u015bniej kod do swojej witryny i zapisz zmiany. <\/li> <li><b>Instalacja zosta\u0142a w pe\u0142ni przeprowadzona. <\/b><br>Odwied\u017a swoj\u0105 stron\u0119 i sprawd\u017a dzia\u0142anie widgetu. <\/li><\/ol><p>Je\u015bli masz jakiekolwiek problemy, zwr\u00f3\u0107 si\u0119 o pomoc do naszego zespo\u0142u pomocy technicznej. Nasi specjali\u015bci ch\u0119tnie rozwi\u0105\u017c\u0105 wszelkie problemy, jakie mo\u017cesz mie\u0107 z widgetem. <\/p>[\/application_platform_content_item]","protected":false},"excerpt":{"rendered":"[id aplikacji_platform_content_item =&#8221;installation&#8221;] Jak w\u0142\u0105czy\u0107 T\u0142umacza stron internetowych do mojej strony internetowej Magento? Wystarczy zastosowa\u0107 si\u0119 do poni\u017cszych instrukcji, aby rozpocz\u0105\u0107 korzystanie z narz\u0119dzia. Wykonaj bezp\u0142atn\u0105 wersj\u0119 demonstracyjn\u0105 i zacznij tworzy\u0107 spersonalizowany widget. Wybierz preferowany wygl\u0105d i funkcjonalno\u015b\u0107 wtyczki i zastosuj modyfikacje. Uzyskaj osobisty kod pojawiaj\u0105cy si\u0119 w oknie aplikacji&#8230;","protected":false},"author":9,"featured_media":0,"parent":8190,"menu_order":0,"comment_status":"closed","ping_status":"closed","template":"templates\/template-application-platform.php","meta":{"publish_to_discourse":"","publish_post_category":"","wpdc_auto_publish_overridden":"","wpdc_topic_tags":"","wpdc_pin_topic":"","wpdc_pin_until":"","discourse_post_id":"","discourse_permalink":"","wpdc_publishing_response":"","wpdc_publishing_error":"","footnotes":""},"class_list":["post-8733","page","type-page","status-publish","hentry"],"yoast_head":"<!-- This site is optimized with the Yoast SEO plugin v25.3.1 - https:\/\/yoast.com\/wordpress\/plugins\/seo\/ -->\n<title>Widget T\u0142umacza Witryny - Umie\u015b\u0107 T\u0142umacz Tekstu na Magento<\/title>\n<meta name=\"description\" content=\"Dodaj pozbawiony kodu wid\u017cet T\u0142umacza stron internetowych na swojej stronie WooCommerce. Wypr\u00f3buj demo online Elfsight, aby \u0142atwo wygenerowa\u0107 niestandardowe rozwi\u0105zanie.\" \/>\n<meta name=\"robots\" content=\"index, follow, max-snippet:-1, max-image-preview:large, max-video-preview:-1\" \/>\n<link rel=\"canonical\" href=\"https:\/\/elfsight.com\/pl\/website-translator-widget\/magento\/\" \/>\n<meta property=\"og:locale\" content=\"pl_PL\" \/>\n<meta property=\"og:type\" content=\"article\" \/>\n<meta property=\"og:title\" content=\"Widget T\u0142umacza Witryny - Umie\u015b\u0107 T\u0142umacz Tekstu na Magento\" \/>\n<meta property=\"og:description\" content=\"Dodaj pozbawiony kodu wid\u017cet T\u0142umacza stron internetowych na swojej stronie WooCommerce. Wypr\u00f3buj demo online Elfsight, aby \u0142atwo wygenerowa\u0107 niestandardowe rozwi\u0105zanie.\" \/>\n<meta property=\"og:url\" content=\"https:\/\/elfsight.com\/pl\/website-translator-widget\/magento\/\" \/>\n<meta property=\"og:site_name\" content=\"Elfsight PL\" \/>\n<meta property=\"article:modified_time\" content=\"2024-12-17T13:10:12+00:00\" \/>\n<meta name=\"twitter:card\" content=\"summary_large_image\" \/>\n<meta name=\"twitter:label1\" content=\"Szacowany czas czytania\" \/>\n\t<meta name=\"twitter:data1\" content=\"2 minuty\" \/>\n<!-- \/ Yoast SEO plugin. -->","yoast_head_json":{"title":"Widget T\u0142umacza Witryny - Umie\u015b\u0107 T\u0142umacz Tekstu na Magento","description":"Dodaj pozbawiony kodu wid\u017cet T\u0142umacza stron internetowych na swojej stronie WooCommerce. Wypr\u00f3buj demo online Elfsight, aby \u0142atwo wygenerowa\u0107 niestandardowe rozwi\u0105zanie.","robots":{"index":"index","follow":"follow","max-snippet":"max-snippet:-1","max-image-preview":"max-image-preview:large","max-video-preview":"max-video-preview:-1"},"canonical":"https:\/\/elfsight.com\/pl\/website-translator-widget\/magento\/","og_locale":"pl_PL","og_type":"article","og_title":"Widget T\u0142umacza Witryny - Umie\u015b\u0107 T\u0142umacz Tekstu na Magento","og_description":"Dodaj pozbawiony kodu wid\u017cet T\u0142umacza stron internetowych na swojej stronie WooCommerce. Wypr\u00f3buj demo online Elfsight, aby \u0142atwo wygenerowa\u0107 niestandardowe rozwi\u0105zanie.","og_url":"https:\/\/elfsight.com\/pl\/website-translator-widget\/magento\/","og_site_name":"Elfsight PL","article_modified_time":"2024-12-17T13:10:12+00:00","twitter_card":"summary_large_image","twitter_misc":{"Szacowany czas czytania":"2 minuty"},"schema":{"@context":"https:\/\/schema.org","@graph":[{"@type":"WebPage","@id":"https:\/\/elfsight.com\/pl\/website-translator-widget\/magento\/","url":"https:\/\/elfsight.com\/pl\/website-translator-widget\/magento\/","name":"Widget T\u0142umacza Witryny - Umie\u015b\u0107 T\u0142umacz Tekstu na Magento","isPartOf":{"@id":"https:\/\/elfsight.com\/pl\/#website"},"datePublished":"2024-09-30T18:27:29+00:00","dateModified":"2024-12-17T13:10:12+00:00","description":"Dodaj pozbawiony kodu wid\u017cet T\u0142umacza stron internetowych na swojej stronie WooCommerce. Wypr\u00f3buj demo online Elfsight, aby \u0142atwo wygenerowa\u0107 niestandardowe rozwi\u0105zanie.","breadcrumb":{"@id":"https:\/\/elfsight.com\/pl\/website-translator-widget\/magento\/#breadcrumb"},"inLanguage":"pl-PL","potentialAction":[{"@type":"ReadAction","target":["https:\/\/elfsight.com\/pl\/website-translator-widget\/magento\/"]}]},{"@type":"BreadcrumbList","@id":"https:\/\/elfsight.com\/pl\/website-translator-widget\/magento\/#breadcrumb","itemListElement":[{"@type":"ListItem","position":1,"name":"Home","item":"https:\/\/elfsight.com\/pl\/"},{"@type":"ListItem","position":2,"name":"Website Translator","item":"https:\/\/elfsight.com\/pl\/website-translator-widget\/"},{"@type":"ListItem","position":3,"name":"website translator &#8211; magento"}]},{"@type":"WebSite","@id":"https:\/\/elfsight.com\/pl\/#website","url":"https:\/\/elfsight.com\/pl\/","name":"Elfsight PL","description":"Just another Elfsight Sites site","potentialAction":[{"@type":"SearchAction","target":{"@type":"EntryPoint","urlTemplate":"https:\/\/elfsight.com\/pl\/?s={search_term_string}"},"query-input":{"@type":"PropertyValueSpecification","valueRequired":true,"valueName":"search_term_string"}}],"inLanguage":"pl-PL"}]}},"meta_box":{"industry":"","seo_heading":"","heading":"","description":"","cta_heading":"","cta_description":"","application":"8185","h1":"Rozszerzenie Magento Website Translator","h1_caption":"Automatycznie t\u0142umacz zawarto\u015b\u0107 swojej witryny na wiele j\u0119zyk\u00f3w, dzi\u0119ki czemu b\u0119dzie ona dost\u0119pna dla odbiorc\u00f3w na ca\u0142ym \u015bwiecie bez wysi\u0142ku w Twojej witrynie Magento.","application_category":[],"applications_title":"","applications_request_title":"","applications_request_button_text":"","hero_text":"","hero_video":"","hero_video_schema_markup":"","selling_points_title":"","selling_points_caption":"","selling_points":[],"selling_points_cta_text":"","features_title":"","features":"","ed_cta_examples_text":"","ed_cta_examples_hidden":"","ed_cta_demo_text":"","ed_cta_demo_hidden":"","why_caption":"","why_editor_title":"","why_editor_text":"","why_team_title":"","why_team_text":"","why_service_title":"","why_service_text":"","template_catalog_visible":"","template_catalog_title":"","template_catalog_text":"","template_catalog_categories_visible":"","demo_title":"Utw\u00f3rz rozszerzenie T\u0142umacza witryn","demo_caption":"Skonfiguruj t\u0142umacza stron internetowych i dodaj go do swojej witryny Magento za darmo!","default_faq_hidden":"","app_template_category":[],"platform":"92","template_public_id":"","codecanyon_url":"","codecanyon_item_id":"","codecanyon_price":"","pricing_caption":"","pricing_elfsight_apps_hide_column":"","pricing_elfsight_apps_url":"","pricing_codecanyon_price_caption":"","integration_category":[],"integration_request_title":"","integration_request_cta":"","integration_platform":"","integrations":[],"platform_category":[],"video_schema_markup":"","price":"od 0 USD \/ miesi\u0105c","trial":"","benefits":[{"text":"Bezp\u0142atna us\u0142uga monta\u017cu"},{"text":"Skuteczna obs\u0142uga klienta"},{"text":"14-dniowa gwarancja zwrotu pieni\u0119dzy"},{"text":"Ci\u0105g\u0142y rozw\u00f3j"}],"button_url":"#demo","button_target_blank":"","button_nofollow":"","attributes":[{"name":"Zainstalowa\u0107","content":"50,000 - 100,000"},{"name":"Czu\u0142y","content":"Tak"},{"name":"Kompatybilne przegl\u0105darki","content":"Firefox, Safari, Opera, Chrome, Edge"}],"tags":[],"tags_disable_links":"","hide_more_platforms":"","video_object":"","demo_hide_cta":"","demo_hide_cloud_options":"","pricing_title":"","pricing":[{"pricing_icon":"platform","pricing_title":"Elfsight Apps","pricing_title_caption":"Wieloplatformowe rozwi\u0105zanie cyfrowe","pricing_price":"od 0 USD \/ miesi\u0105c","pricing_price_caption":"zacznij od darmowego planu","pricing_benefits":[{"text":"Nielimitowane strony internetowe"},{"text":"Dedykowana obs\u0142uga klienta"},{"text":"Bezp\u0142atna us\u0142uga monta\u017cu"},{"text":"W pe\u0142ni konfigurowalny"}],"pricing_button_text":"Dodaj do witryny","pricing_button_url":"#demo"}],"related_apps_title":"","related_apps_hidden":"","author":"","image":[],"title":"","job":"","social_networks":[]},"_links":{"self":[{"href":"https:\/\/elfsight.com\/pl\/wp-json\/wp\/v2\/pages\/8733","targetHints":{"allow":["GET"]}}],"collection":[{"href":"https:\/\/elfsight.com\/pl\/wp-json\/wp\/v2\/pages"}],"about":[{"href":"https:\/\/elfsight.com\/pl\/wp-json\/wp\/v2\/types\/page"}],"author":[{"embeddable":true,"href":"https:\/\/elfsight.com\/pl\/wp-json\/wp\/v2\/users\/9"}],"replies":[{"embeddable":true,"href":"https:\/\/elfsight.com\/pl\/wp-json\/wp\/v2\/comments?post=8733"}],"version-history":[{"count":1,"href":"https:\/\/elfsight.com\/pl\/wp-json\/wp\/v2\/pages\/8733\/revisions"}],"predecessor-version":[{"id":8737,"href":"https:\/\/elfsight.com\/pl\/wp-json\/wp\/v2\/pages\/8733\/revisions\/8737"}],"up":[{"embeddable":true,"href":"https:\/\/elfsight.com\/pl\/wp-json\/wp\/v2\/pages\/8190"}],"wp:attachment":[{"href":"https:\/\/elfsight.com\/pl\/wp-json\/wp\/v2\/media?parent=8733"}],"curies":[{"name":"wp","href":"https:\/\/api.w.org\/{rel}","templated":true}]}}