{"id":8725,"date":"2024-09-30T18:27:29","date_gmt":"2024-09-30T18:27:29","guid":{"rendered":"https:\/\/elfsight.com\/pl\/?page_id=8725"},"modified":"2024-12-17T13:10:02","modified_gmt":"2024-12-17T13:10:02","slug":"opencart","status":"publish","type":"page","link":"https:\/\/elfsight.com\/pl\/website-translator-widget\/opencart\/","title":{"rendered":"Website Translator &#8211; OpenCart"},"content":{"rendered":"<div class=\"application-platform-content-item-description application-platform-content-item\" id=\"description\" data-nav-section=\"description\"> <h2>Osad\u017a T\u0142umacz witryn internetowych w OpenCart za pomoc\u0105 wtyczki Elfsight<\/h2> <p>\u015awietny pomys\u0142 na zwi\u0119kszenie obecno\u015bci Twojej firmy w Internecie i dotarcie do mi\u0119dzynarodowego odbiorc\u00f3w jest integracja naszego wid\u017cetu T\u0142umacza stron internetowych dla OpenCart. Dzi\u0119ki p\u0142ynnemu t\u0142umaczeniu tre\u015bci Twojej witryny widget ten gwarantuje, \u017ce Tw\u00f3j przekaz b\u0119dzie atrakcyjny dla klient\u00f3w z r\u00f3\u017cnych spo\u0142eczno\u015bci j\u0119zykowych, pomagaj\u0105c prze\u0142ama\u0107 bariery j\u0119zykowe i zwi\u0119kszy\u0107 zasi\u0119g Twojej firmy. <\/p><p>Nasz t\u0142umacz stron internetowych zapewnia natychmiastowe automatyczne t\u0142umaczenie stron internetowych obs\u0142ugiwane przez Google AI, obs\u0142uguj\u0105ce ponad 130 j\u0119zyk\u00f3w. Mo\u017ce zapami\u0119tywa\u0107 wyb\u00f3r j\u0119zyka odwiedzaj\u0105cego, umo\u017cliwiaj\u0105c indywidualne przegl\u0105danie i utrzymuj\u0105c zaanga\u017cowanie odwiedzaj\u0105cych. Z \u0142atwo\u015bci\u0105 zglobalizuj swoj\u0105 witryn\u0119 OpenCart i nawi\u0105\u017c kontakt z r\u00f3\u017cnymi odbiorcami dzi\u0119ki najnowocze\u015bniejszemu rozwi\u0105zaniu t\u0142umaczeniowemu. <\/p><p><b>Promuj swoje produkty i us\u0142ugi na ca\u0142ym \u015bwiecie za pomoc\u0105 przyjaznego dla u\u017cytkownika widgetu zmiany j\u0119zyka! <\/b><\/p><\/div> <div class=\"application-platform-content-item-features application-platform-content-item\" id=\"features\" data-nav-section=\"features\"> <h2>To tylko kilka r\u00f3\u017cnych funkcji widgetu: <\/h2><ul><li>Natychmiastowe automatyczne t\u0142umaczenie strony internetowej<\/li><li>T\u0142umaczenie wspomagane sztuczn\u0105 inteligencj\u0105 Google<\/li><li>Obs\u0142uga ponad 130 j\u0119zyk\u00f3w<\/li><li>Zapisywanie u\u017cytkownika preferencje<\/li><li>Liczne style wid\u017cet\u00f3w szablon\u00f3w<\/li><\/ul><p><a href=\"#demo\">Przetestuj wszystkie opcje dostosowywania we w pe\u0142ni funkcjonalnej wersji demonstracyjnej<\/a><\/p> <\/div> <div class=\"application-platform-content-item-installation application-platform-content-item\" id=\"installation\" data-nav-section=\"installation\"> <h2>Jak zintegrowa\u0107 T\u0142umacza witryn z moj\u0105 stron\u0105 internetow\u0105 OpenCart? <\/h2><p>Wystarczy post\u0119powa\u0107 zgodnie z poni\u017cszymi wskaz\u00f3wkami, aby rozpocz\u0105\u0107 korzystanie z wid\u017cetu. <\/p><ol><li><b>Uruchom nasz darmowy edytor i zacznij tworzy\u0107 sw\u00f3j unikalny instrument. <\/b><br>Wybierz po\u017c\u0105dany wygl\u0105d i cechy wtyczki, a nast\u0119pnie zastosuj zmiany. <\/li> <li><b>Skopiuj kod osobisty pojawiaj\u0105cy si\u0119 w polu aplikacji Elfsight. <\/b><br>Po zako\u0144czeniu instalacji narz\u0119dzia skopiuj kod osobisty z wy\u015bwietlonego pola i zachowaj go na p\u00f3\u017aniej. <\/li> <li><b>Rozpocznij korzystanie z narz\u0119dzia w swojej witrynie OpenCart. <\/b><br>Zintegruj ostatnio skopiowany kod ze swoj\u0105 stron\u0105 internetow\u0105 i zastosuj zmiany. <\/li> <li><b>Gotowe! Osadzanie zosta\u0142o pomy\u015blnie zako\u0144czone. <\/b><br>Wejd\u017a na swoj\u0105 stron\u0119 i sprawd\u017a dzia\u0142anie narz\u0119dzia. <\/li><\/ol><p>Je\u015bli napotkasz jakie\u015b problemy, nie b\u00f3j si\u0119 napisa\u0107 do naszego dzia\u0142u obs\u0142ugi klienta. Nasi specjali\u015bci z przyjemno\u015bci\u0105 pomog\u0105 Ci we wszystkich trudno\u015bciach, jakie mo\u017cesz mie\u0107 z wid\u017cetem. <\/p><\/div>","protected":false},"excerpt":{"rendered":"","protected":false},"author":9,"featured_media":0,"parent":8190,"menu_order":0,"comment_status":"closed","ping_status":"closed","template":"templates\/template-application-platform.php","meta":{"publish_to_discourse":"","publish_post_category":"","wpdc_auto_publish_overridden":"","wpdc_topic_tags":"","wpdc_pin_topic":"","wpdc_pin_until":"","discourse_post_id":"","discourse_permalink":"","wpdc_publishing_response":"","wpdc_publishing_error":"","footnotes":""},"class_list":["post-8725","page","type-page","status-publish","hentry"],"yoast_head":"<!-- This site is optimized with the Yoast SEO plugin v25.3.1 - https:\/\/yoast.com\/wordpress\/plugins\/seo\/ -->\n<title>Widget T\u0142umacza Witryny - Umie\u015b\u0107 T\u0142umacz Tre\u015bci na OpenCart<\/title>\n<meta name=\"description\" content=\"Dodaj pozbawiony kodu wid\u017cet T\u0142umacza stron internetowych do swojej witryny ModX. Wypr\u00f3buj proste demo Elfsight, aby bez wysi\u0142ku stworzy\u0107 indywidualne rozwi\u0105zanie.\" \/>\n<meta name=\"robots\" content=\"index, follow, max-snippet:-1, max-image-preview:large, max-video-preview:-1\" \/>\n<link rel=\"canonical\" href=\"https:\/\/elfsight.com\/pl\/website-translator-widget\/opencart\/\" \/>\n<meta property=\"og:locale\" content=\"pl_PL\" \/>\n<meta property=\"og:type\" content=\"article\" \/>\n<meta property=\"og:title\" content=\"Widget T\u0142umacza Witryny - Umie\u015b\u0107 T\u0142umacz Tre\u015bci na OpenCart\" \/>\n<meta property=\"og:description\" content=\"Dodaj pozbawiony kodu wid\u017cet T\u0142umacza stron internetowych do swojej witryny ModX. Wypr\u00f3buj proste demo Elfsight, aby bez wysi\u0142ku stworzy\u0107 indywidualne rozwi\u0105zanie.\" \/>\n<meta property=\"og:url\" content=\"https:\/\/elfsight.com\/pl\/website-translator-widget\/opencart\/\" \/>\n<meta property=\"og:site_name\" content=\"Elfsight PL\" \/>\n<meta property=\"article:modified_time\" content=\"2024-12-17T13:10:02+00:00\" \/>\n<meta name=\"twitter:card\" content=\"summary_large_image\" \/>\n<meta name=\"twitter:label1\" content=\"Szacowany czas czytania\" \/>\n\t<meta name=\"twitter:data1\" content=\"2 minuty\" \/>\n<!-- \/ Yoast SEO plugin. -->","yoast_head_json":{"title":"Widget T\u0142umacza Witryny - Umie\u015b\u0107 T\u0142umacz Tre\u015bci na OpenCart","description":"Dodaj pozbawiony kodu wid\u017cet T\u0142umacza stron internetowych do swojej witryny ModX. Wypr\u00f3buj proste demo Elfsight, aby bez wysi\u0142ku stworzy\u0107 indywidualne rozwi\u0105zanie.","robots":{"index":"index","follow":"follow","max-snippet":"max-snippet:-1","max-image-preview":"max-image-preview:large","max-video-preview":"max-video-preview:-1"},"canonical":"https:\/\/elfsight.com\/pl\/website-translator-widget\/opencart\/","og_locale":"pl_PL","og_type":"article","og_title":"Widget T\u0142umacza Witryny - Umie\u015b\u0107 T\u0142umacz Tre\u015bci na OpenCart","og_description":"Dodaj pozbawiony kodu wid\u017cet T\u0142umacza stron internetowych do swojej witryny ModX. Wypr\u00f3buj proste demo Elfsight, aby bez wysi\u0142ku stworzy\u0107 indywidualne rozwi\u0105zanie.","og_url":"https:\/\/elfsight.com\/pl\/website-translator-widget\/opencart\/","og_site_name":"Elfsight PL","article_modified_time":"2024-12-17T13:10:02+00:00","twitter_card":"summary_large_image","twitter_misc":{"Szacowany czas czytania":"2 minuty"},"schema":{"@context":"https:\/\/schema.org","@graph":[{"@type":"WebPage","@id":"https:\/\/elfsight.com\/pl\/website-translator-widget\/opencart\/","url":"https:\/\/elfsight.com\/pl\/website-translator-widget\/opencart\/","name":"Widget T\u0142umacza Witryny - Umie\u015b\u0107 T\u0142umacz Tre\u015bci na OpenCart","isPartOf":{"@id":"https:\/\/elfsight.com\/pl\/#website"},"datePublished":"2024-09-30T18:27:29+00:00","dateModified":"2024-12-17T13:10:02+00:00","description":"Dodaj pozbawiony kodu wid\u017cet T\u0142umacza stron internetowych do swojej witryny ModX. Wypr\u00f3buj proste demo Elfsight, aby bez wysi\u0142ku stworzy\u0107 indywidualne rozwi\u0105zanie.","breadcrumb":{"@id":"https:\/\/elfsight.com\/pl\/website-translator-widget\/opencart\/#breadcrumb"},"inLanguage":"pl-PL","potentialAction":[{"@type":"ReadAction","target":["https:\/\/elfsight.com\/pl\/website-translator-widget\/opencart\/"]}]},{"@type":"BreadcrumbList","@id":"https:\/\/elfsight.com\/pl\/website-translator-widget\/opencart\/#breadcrumb","itemListElement":[{"@type":"ListItem","position":1,"name":"Home","item":"https:\/\/elfsight.com\/pl\/"},{"@type":"ListItem","position":2,"name":"Website Translator","item":"https:\/\/elfsight.com\/pl\/website-translator-widget\/"},{"@type":"ListItem","position":3,"name":"Website Translator &#8211; OpenCart"}]},{"@type":"WebSite","@id":"https:\/\/elfsight.com\/pl\/#website","url":"https:\/\/elfsight.com\/pl\/","name":"Elfsight PL","description":"Just another Elfsight Sites site","potentialAction":[{"@type":"SearchAction","target":{"@type":"EntryPoint","urlTemplate":"https:\/\/elfsight.com\/pl\/?s={search_term_string}"},"query-input":{"@type":"PropertyValueSpecification","valueRequired":true,"valueName":"search_term_string"}}],"inLanguage":"pl-PL"}]}},"meta_box":{"industry":"","seo_heading":"","heading":"","description":"","cta_heading":"","cta_description":"","application":"8185","h1":"Rozszerzenie T\u0142umacza stron internetowych OpenCart","h1_caption":"Automatycznie t\u0142umacz zawarto\u015b\u0107 swojej witryny na wiele j\u0119zyk\u00f3w, dzi\u0119ki czemu b\u0119dzie ona dost\u0119pna dla odbiorc\u00f3w na ca\u0142ym \u015bwiecie bez wysi\u0142ku w Twojej witrynie Opencart.","application_category":[],"applications_title":"","applications_request_title":"","applications_request_button_text":"","hero_text":"","hero_video":"","hero_video_schema_markup":"","selling_points_title":"","selling_points_caption":"","selling_points":[],"selling_points_cta_text":"","features_title":"","features":"","ed_cta_examples_text":"","ed_cta_examples_hidden":"","ed_cta_demo_text":"","ed_cta_demo_hidden":"","why_caption":"","why_editor_title":"","why_editor_text":"","why_team_title":"","why_team_text":"","why_service_title":"","why_service_text":"","template_catalog_visible":"","template_catalog_title":"","template_catalog_text":"","template_catalog_categories_visible":"","demo_title":"Utw\u00f3rz rozszerzenie T\u0142umacza witryn","demo_caption":"Skonfiguruj t\u0142umacza stron internetowych i dodaj go do swojej witryny OpenCart za darmo!","default_faq_hidden":"","app_template_category":[],"platform":"41","template_public_id":"","codecanyon_url":"","codecanyon_item_id":"","codecanyon_price":"","pricing_caption":"","pricing_elfsight_apps_hide_column":"","pricing_elfsight_apps_url":"","pricing_codecanyon_price_caption":"","integration_category":[],"integration_request_title":"","integration_request_cta":"","integration_platform":"","integrations":[],"platform_category":[],"video_schema_markup":"","price":"od 0 USD \/ miesi\u0105c","trial":"","benefits":[{"text":"Bezp\u0142atna pomoc w instalacji"},{"text":"Kompetentna obs\u0142uga klienta"},{"text":"14-dniowa gwarancja zwrotu pieni\u0119dzy"},{"text":"Przysz\u0142e ulepszenia"}],"button_url":"#demo","button_target_blank":"","button_nofollow":"","attributes":[{"name":"Zainstalowa\u0107","content":"50,000 - 100,000"},{"name":"Czu\u0142y","content":"Tak"},{"name":"Kompatybilne przegl\u0105darki","content":"Firefox, Safari, Opera, Chrome, Edge"}],"tags":[],"tags_disable_links":"","hide_more_platforms":"","video_object":"","demo_hide_cta":"","demo_hide_cloud_options":"","pricing_title":"","pricing":[{"pricing_icon":"platform","pricing_title":"Elfsight Apps","pricing_title_caption":"Niezale\u017cne od platformy rozwi\u0105zanie cyfrowe","pricing_price":"od 0 USD \/ miesi\u0105c","pricing_price_caption":"zacznij od darmowego planu","pricing_benefits":[{"text":"Nielimitowane strony internetowe"},{"text":"Bezp\u0142atne wsparcie firmy i dobrze udokumentowane"},{"text":"Bezp\u0142atna pomoc w monta\u017cu"},{"text":"Elastyczny projekt"}],"pricing_button_text":"Dodaj do witryny","pricing_button_url":"#demo"}],"related_apps_title":"","related_apps_hidden":"","author":"","image":[],"title":"","job":"","social_networks":[]},"_links":{"self":[{"href":"https:\/\/elfsight.com\/pl\/wp-json\/wp\/v2\/pages\/8725","targetHints":{"allow":["GET"]}}],"collection":[{"href":"https:\/\/elfsight.com\/pl\/wp-json\/wp\/v2\/pages"}],"about":[{"href":"https:\/\/elfsight.com\/pl\/wp-json\/wp\/v2\/types\/page"}],"author":[{"embeddable":true,"href":"https:\/\/elfsight.com\/pl\/wp-json\/wp\/v2\/users\/9"}],"replies":[{"embeddable":true,"href":"https:\/\/elfsight.com\/pl\/wp-json\/wp\/v2\/comments?post=8725"}],"version-history":[{"count":1,"href":"https:\/\/elfsight.com\/pl\/wp-json\/wp\/v2\/pages\/8725\/revisions"}],"predecessor-version":[{"id":8729,"href":"https:\/\/elfsight.com\/pl\/wp-json\/wp\/v2\/pages\/8725\/revisions\/8729"}],"up":[{"embeddable":true,"href":"https:\/\/elfsight.com\/pl\/wp-json\/wp\/v2\/pages\/8190"}],"wp:attachment":[{"href":"https:\/\/elfsight.com\/pl\/wp-json\/wp\/v2\/media?parent=8725"}],"curies":[{"name":"wp","href":"https:\/\/api.w.org\/{rel}","templated":true}]}}