{"id":8719,"date":"2024-09-30T18:27:29","date_gmt":"2024-09-30T18:27:29","guid":{"rendered":"https:\/\/elfsight.com\/pl\/?page_id=8719"},"modified":"2024-12-17T13:09:52","modified_gmt":"2024-12-17T13:09:52","slug":"webnode","status":"publish","type":"page","link":"https:\/\/elfsight.com\/pl\/website-translator-widget\/webnode\/","title":{"rendered":"Website Translator &#8211; Webnode"},"content":{"rendered":"<div class=\"application-platform-content-item-description application-platform-content-item\" id=\"description\" data-nav-section=\"description\"> <h2>Osad\u017a T\u0142umacz witryn internetowych w Webnode za pomoc\u0105 wtyczki Elfsight<\/h2> <p>Dobry spos\u00f3b na zwi\u0119kszenie wydajno\u015bci Twojej firmy w Internecie i przyci\u0105gni\u0119cie globalnego odbiorc\u00f3w jest integracja naszego wid\u017cetu T\u0142umacza stron internetowych dla Webnode. Dzi\u0119ki p\u0142ynnemu t\u0142umaczeniu tre\u015bci Twojej witryny ten widget gwarantuje, \u017ce Tw\u00f3j przekaz dotrze do u\u017cytkownik\u00f3w z r\u00f3\u017cnych \u015brodowisk j\u0119zykowych, pomagaj\u0105c pokona\u0107 bariery j\u0119zykowe i zwi\u0119kszy\u0107 zasi\u0119g rynkowy. <\/p><p>Nasz t\u0142umacz stron internetowych zapewnia natychmiastowe automatyczne t\u0142umaczenie stron internetowych wspomagane przez Google AI, obs\u0142uguj\u0105ce ponad 130 j\u0119zyk\u00f3w. Zapami\u0119tuje ustawienia j\u0119zyka u\u017cytkownika, tworz\u0105c indywidualne do\u015bwiadczenie przegl\u0105dania, kt\u00f3re utrzymuje odwiedzaj\u0105cych w napi\u0119ciu. Z \u0142atwo\u015bci\u0105 zglobalizuj swoj\u0105 witryn\u0119 Webnode i nawi\u0105\u017c kontakt z r\u00f3\u017cnorodnymi odbiorcami dzi\u0119ki zaawansowanemu rozwi\u0105zaniu do t\u0142umaczenia. <\/p><p><b>Promuj swoje towary i us\u0142ugi na ca\u0142ym \u015bwiecie za pomoc\u0105 prostego wid\u017cetu zmiany j\u0119zyka! <\/b><\/p><\/div> <div class=\"application-platform-content-item-features application-platform-content-item\" id=\"features\" data-nav-section=\"features\"> <h2>To tylko kilka z pot\u0119\u017cnych funkcji widgetu: <\/h2><ul><li>Natychmiastowe automatyczne t\u0142umaczenie strony internetowej<\/li><li>T\u0142umaczenie oparte na sztucznej inteligencji Google<\/li><li>Obs\u0142uga ponad 130 j\u0119zyk\u00f3w<\/li><li>Utrzymanie u\u017cytkownika ustawienia<\/li><li>Wiele styl\u00f3w wid\u017cet\u00f3w szablon\u00f3w<\/li><\/ul><p><a href=\"#demo\">Za pomoc\u0105 wersji demonstracyjnej mo\u017cesz zobaczy\u0107, co oferuje wid\u017cet<\/a><\/p><\/div> <div class=\"application-platform-content-item-installation application-platform-content-item\" id=\"installation\" data-nav-section=\"installation\"> <h2>Jak mog\u0119 osadzi\u0107 T\u0142umacz witryn internetowych na moich stronach Webnode? <\/h2><p>Wystarczy wykona\u0107 kilka krok\u00f3w opisanych poni\u017cej, aby aktywowa\u0107 narz\u0119dzie. <\/p><ol><li><b>Otw\u00f3rz nasz darmowy edytor i zacznij tworzy\u0107 w\u0142asn\u0105 wtyczk\u0119. <\/b><br>Okre\u015bl preferowany wygl\u0105d i cechy funkcjonalne wid\u017cetu i zastosuj zmiany. <\/li> <li><b>Zdob\u0105d\u017a unikalny kod udost\u0119pniony w specjalnym formularzu w aplikacjach Elfsight. <\/b><br>Gdy tylko tworzenie Twojego osobistego widgetu zostanie zako\u0144czone, skopiuj ekskluzywny kod z wyskakuj\u0105cego okienka i zapisz go na p\u00f3\u017aniej. <\/li> <li><b>Rozpocznij korzystanie z wid\u017cetu na swojej stronie g\u0142\u00f3wnej Webnode. <\/b><br>Zaimplementuj zapisany ostatnio kod na swojej stronie g\u0142\u00f3wnej i zapisz zmiany. <\/li> <li><b>Gotowe! Osadzanie zosta\u0142o pomy\u015blnie wykonane. <\/b><br>Wejd\u017a na swoj\u0105 stron\u0119 i obserwuj prac\u0119 widgetu. <\/li><\/ol><p>Je\u015bli napotkasz jakie\u015b trudno\u015bci, nie wahaj si\u0119 zg\u0142osi\u0107 do naszego dzia\u0142u obs\u0142ugi klienta. Nasi ludzie z przyjemno\u015bci\u0105 pomog\u0105 Ci we wszystkich problemach, jakie mo\u017cesz mie\u0107 z produktem. <\/p><\/div>","protected":false},"excerpt":{"rendered":"","protected":false},"author":9,"featured_media":0,"parent":8190,"menu_order":0,"comment_status":"closed","ping_status":"closed","template":"templates\/template-application-platform.php","meta":{"publish_to_discourse":"","publish_post_category":"","wpdc_auto_publish_overridden":"","wpdc_topic_tags":"","wpdc_pin_topic":"","wpdc_pin_until":"","discourse_post_id":"","discourse_permalink":"","wpdc_publishing_response":"","wpdc_publishing_error":"","footnotes":""},"class_list":["post-8719","page","type-page","status-publish","hentry"],"yoast_head":"<!-- This site is optimized with the Yoast SEO plugin v25.3.1 - https:\/\/yoast.com\/wordpress\/plugins\/seo\/ -->\n<title>Widget T\u0142umacza stron internetowych - Umie\u015b\u0107 darmowy t\u0142umacz dla Webnode<\/title>\n<meta name=\"description\" content=\"Dodaj pozbawiony kodu wid\u017cet T\u0142umacza stron internetowych do swojej witryny jQuery. Wypr\u00f3buj szybk\u0105 wersj\u0119 demonstracyjn\u0105 Elfsight, aby bez wysi\u0142ku zbudowa\u0107 swoje unikalne rozwi\u0105zanie.\" \/>\n<meta name=\"robots\" content=\"index, follow, max-snippet:-1, max-image-preview:large, max-video-preview:-1\" \/>\n<link rel=\"canonical\" href=\"https:\/\/elfsight.com\/pl\/website-translator-widget\/webnode\/\" \/>\n<meta property=\"og:locale\" content=\"pl_PL\" \/>\n<meta property=\"og:type\" content=\"article\" \/>\n<meta property=\"og:title\" content=\"Widget T\u0142umacza stron internetowych - Umie\u015b\u0107 darmowy t\u0142umacz dla Webnode\" \/>\n<meta property=\"og:description\" content=\"Dodaj pozbawiony kodu wid\u017cet T\u0142umacza stron internetowych do swojej witryny jQuery. Wypr\u00f3buj szybk\u0105 wersj\u0119 demonstracyjn\u0105 Elfsight, aby bez wysi\u0142ku zbudowa\u0107 swoje unikalne rozwi\u0105zanie.\" \/>\n<meta property=\"og:url\" content=\"https:\/\/elfsight.com\/pl\/website-translator-widget\/webnode\/\" \/>\n<meta property=\"og:site_name\" content=\"Elfsight PL\" \/>\n<meta property=\"article:modified_time\" content=\"2024-12-17T13:09:52+00:00\" \/>\n<meta name=\"twitter:card\" content=\"summary_large_image\" \/>\n<meta name=\"twitter:label1\" content=\"Szacowany czas czytania\" \/>\n\t<meta name=\"twitter:data1\" content=\"2 minuty\" \/>\n<!-- \/ Yoast SEO plugin. -->","yoast_head_json":{"title":"Widget T\u0142umacza stron internetowych - Umie\u015b\u0107 darmowy t\u0142umacz dla Webnode","description":"Dodaj pozbawiony kodu wid\u017cet T\u0142umacza stron internetowych do swojej witryny jQuery. Wypr\u00f3buj szybk\u0105 wersj\u0119 demonstracyjn\u0105 Elfsight, aby bez wysi\u0142ku zbudowa\u0107 swoje unikalne rozwi\u0105zanie.","robots":{"index":"index","follow":"follow","max-snippet":"max-snippet:-1","max-image-preview":"max-image-preview:large","max-video-preview":"max-video-preview:-1"},"canonical":"https:\/\/elfsight.com\/pl\/website-translator-widget\/webnode\/","og_locale":"pl_PL","og_type":"article","og_title":"Widget T\u0142umacza stron internetowych - Umie\u015b\u0107 darmowy t\u0142umacz dla Webnode","og_description":"Dodaj pozbawiony kodu wid\u017cet T\u0142umacza stron internetowych do swojej witryny jQuery. Wypr\u00f3buj szybk\u0105 wersj\u0119 demonstracyjn\u0105 Elfsight, aby bez wysi\u0142ku zbudowa\u0107 swoje unikalne rozwi\u0105zanie.","og_url":"https:\/\/elfsight.com\/pl\/website-translator-widget\/webnode\/","og_site_name":"Elfsight PL","article_modified_time":"2024-12-17T13:09:52+00:00","twitter_card":"summary_large_image","twitter_misc":{"Szacowany czas czytania":"2 minuty"},"schema":{"@context":"https:\/\/schema.org","@graph":[{"@type":"WebPage","@id":"https:\/\/elfsight.com\/pl\/website-translator-widget\/webnode\/","url":"https:\/\/elfsight.com\/pl\/website-translator-widget\/webnode\/","name":"Widget T\u0142umacza stron internetowych - Umie\u015b\u0107 darmowy t\u0142umacz dla Webnode","isPartOf":{"@id":"https:\/\/elfsight.com\/pl\/#website"},"datePublished":"2024-09-30T18:27:29+00:00","dateModified":"2024-12-17T13:09:52+00:00","description":"Dodaj pozbawiony kodu wid\u017cet T\u0142umacza stron internetowych do swojej witryny jQuery. Wypr\u00f3buj szybk\u0105 wersj\u0119 demonstracyjn\u0105 Elfsight, aby bez wysi\u0142ku zbudowa\u0107 swoje unikalne rozwi\u0105zanie.","breadcrumb":{"@id":"https:\/\/elfsight.com\/pl\/website-translator-widget\/webnode\/#breadcrumb"},"inLanguage":"pl-PL","potentialAction":[{"@type":"ReadAction","target":["https:\/\/elfsight.com\/pl\/website-translator-widget\/webnode\/"]}]},{"@type":"BreadcrumbList","@id":"https:\/\/elfsight.com\/pl\/website-translator-widget\/webnode\/#breadcrumb","itemListElement":[{"@type":"ListItem","position":1,"name":"Home","item":"https:\/\/elfsight.com\/pl\/"},{"@type":"ListItem","position":2,"name":"Website Translator","item":"https:\/\/elfsight.com\/pl\/website-translator-widget\/"},{"@type":"ListItem","position":3,"name":"Website Translator &#8211; Webnode"}]},{"@type":"WebSite","@id":"https:\/\/elfsight.com\/pl\/#website","url":"https:\/\/elfsight.com\/pl\/","name":"Elfsight PL","description":"Just another Elfsight Sites site","potentialAction":[{"@type":"SearchAction","target":{"@type":"EntryPoint","urlTemplate":"https:\/\/elfsight.com\/pl\/?s={search_term_string}"},"query-input":{"@type":"PropertyValueSpecification","valueRequired":true,"valueName":"search_term_string"}}],"inLanguage":"pl-PL"}]}},"meta_box":{"industry":"","seo_heading":"","heading":"","description":"","cta_heading":"","cta_description":"","application":"8185","h1":"Widget T\u0142umacza stron internetowych Webnode","h1_caption":"Uzyskaj mened\u017cera j\u0119zyk\u00f3w, kt\u00f3ry automatycznie przet\u0142umaczy witryn\u0119 na dowolny j\u0119zyk.","application_category":[],"applications_title":"","applications_request_title":"","applications_request_button_text":"","hero_text":"","hero_video":"","hero_video_schema_markup":"","selling_points_title":"","selling_points_caption":"","selling_points":[],"selling_points_cta_text":"","features_title":"","features":"","ed_cta_examples_text":"","ed_cta_examples_hidden":"","ed_cta_demo_text":"","ed_cta_demo_hidden":"","why_caption":"","why_editor_title":"","why_editor_text":"","why_team_title":"","why_team_text":"","why_service_title":"","why_service_text":"","template_catalog_visible":"","template_catalog_title":"","template_catalog_text":"","template_catalog_categories_visible":"","demo_title":"Utw\u00f3rz wid\u017cet T\u0142umacza stron internetowych","demo_caption":"Skonfiguruj t\u0142umacza stron internetowych i dodaj go do swojej witryny Webnode za darmo!","default_faq_hidden":"","app_template_category":[],"platform":"138","template_public_id":"","codecanyon_url":"","codecanyon_item_id":"","codecanyon_price":"","pricing_caption":"","pricing_elfsight_apps_hide_column":"","pricing_elfsight_apps_url":"","pricing_codecanyon_price_caption":"","integration_category":[],"integration_request_title":"","integration_request_cta":"","integration_platform":"","integrations":[],"platform_category":[],"video_schema_markup":"","price":"od 0 USD \/ miesi\u0105c","trial":"","benefits":[{"text":"Bezp\u0142atna us\u0142uga monta\u017cu"},{"text":"Do\u015bwiadczona obs\u0142uga klienta"},{"text":"14-dniowa gwarancja zwrotu pieni\u0119dzy"},{"text":"Regularne ulepszenia"}],"button_url":"#demo","button_target_blank":"","button_nofollow":"","attributes":[{"name":"Zainstalowa\u0107","content":"50,000 - 100,000"},{"name":"Czu\u0142y","content":"Tak"},{"name":"Kompatybilne przegl\u0105darki","content":"Firefox, Safari, Opera, Chrome, Edge"}],"tags":[],"tags_disable_links":"","hide_more_platforms":"","video_object":"","demo_hide_cta":"","demo_hide_cloud_options":"","pricing_title":"","pricing":[{"pricing_icon":"platform","pricing_title":"Elfsight Apps","pricing_title_caption":"Oprogramowanie niezale\u017cne od platformy, kt\u00f3re pasuje do ka\u017cdej witryny internetowej","pricing_price":"od 0 USD \/ miesi\u0105c","pricing_price_caption":"zacznij od darmowego planu","pricing_benefits":[{"text":"Nielimitowane strony internetowe"},{"text":"Dedykowane i terminowe wsparcie oraz dobrze udokumentowane"},{"text":"Bezp\u0142atna pomoc przy instalacji"},{"text":"100% konfigurowalny"}],"pricing_button_text":"Dodaj do witryny","pricing_button_url":"#demo"}],"related_apps_title":"","related_apps_hidden":"","author":"","image":[],"title":"","job":"","social_networks":[]},"_links":{"self":[{"href":"https:\/\/elfsight.com\/pl\/wp-json\/wp\/v2\/pages\/8719","targetHints":{"allow":["GET"]}}],"collection":[{"href":"https:\/\/elfsight.com\/pl\/wp-json\/wp\/v2\/pages"}],"about":[{"href":"https:\/\/elfsight.com\/pl\/wp-json\/wp\/v2\/types\/page"}],"author":[{"embeddable":true,"href":"https:\/\/elfsight.com\/pl\/wp-json\/wp\/v2\/users\/9"}],"replies":[{"embeddable":true,"href":"https:\/\/elfsight.com\/pl\/wp-json\/wp\/v2\/comments?post=8719"}],"version-history":[{"count":1,"href":"https:\/\/elfsight.com\/pl\/wp-json\/wp\/v2\/pages\/8719\/revisions"}],"predecessor-version":[{"id":8723,"href":"https:\/\/elfsight.com\/pl\/wp-json\/wp\/v2\/pages\/8719\/revisions\/8723"}],"up":[{"embeddable":true,"href":"https:\/\/elfsight.com\/pl\/wp-json\/wp\/v2\/pages\/8190"}],"wp:attachment":[{"href":"https:\/\/elfsight.com\/pl\/wp-json\/wp\/v2\/media?parent=8719"}],"curies":[{"name":"wp","href":"https:\/\/api.w.org\/{rel}","templated":true}]}}