{"id":8717,"date":"2024-09-30T18:27:29","date_gmt":"2024-09-30T18:27:29","guid":{"rendered":"https:\/\/elfsight.com\/pl\/?page_id=8717"},"modified":"2024-12-17T13:09:52","modified_gmt":"2024-12-17T13:09:52","slug":"prestashop","status":"publish","type":"page","link":"https:\/\/elfsight.com\/pl\/website-translator-widget\/prestashop\/","title":{"rendered":"Website Translator &#8211; PrestaShop"},"content":{"rendered":"<div class=\"application-platform-content-item-description application-platform-content-item\" id=\"description\" data-nav-section=\"description\"> <h2>Osad\u017a T\u0142umacz witryn internetowych w PrestaShop za pomoc\u0105 wtyczki Elfsight<\/h2> <p>Pomocny pomys\u0142 na zwi\u0119kszenie obecno\u015bci Twojej firmy w Internecie i przyci\u0105gni\u0119cie mi\u0119dzynarodowego odbiorc\u00f3w osadza nasz wid\u017cet T\u0142umacza stron internetowych dla PrestaShop. Dzi\u0119ki p\u0142ynnemu t\u0142umaczeniu tre\u015bci Twojej witryny, ten widget gwarantuje, \u017ce Tw\u00f3j przekaz b\u0119dzie atrakcyjny dla odwiedzaj\u0105cych z r\u00f3\u017cnych spo\u0142eczno\u015bci j\u0119zykowych, pomagaj\u0105c pokona\u0107 bariery j\u0119zykowe i zwi\u0119kszy\u0107 zasi\u0119g Twojej firmy. <\/p><p>Nasz t\u0142umacz stron internetowych zapewnia natychmiastowe, automatyczne t\u0142umaczenie stron internetowych obs\u0142ugiwane przez Google AI, obs\u0142uguj\u0105ce ponad 130 j\u0119zyk\u00f3w. Zapami\u0119tuje ustawienia j\u0119zyka u\u017cytkownika, tworz\u0105c spersonalizowane przegl\u0105danie, kt\u00f3re utrzymuje zaanga\u017cowanie u\u017cytkownik\u00f3w. Bezproblemowo globalizuj swoj\u0105 witryn\u0119 PrestaShop i nawi\u0105zuj kontakt z r\u00f3\u017cnymi odbiorcami dzi\u0119ki zaawansowanej technologii t\u0142umacze\u0144. <\/p><p><b>Oferuj swoje towary i us\u0142ugi na ca\u0142ym \u015bwiecie dzi\u0119ki prostemu wid\u017cetowi do zmiany j\u0119zyka! <\/b><\/p><\/div> <div class=\"application-platform-content-item-features application-platform-content-item\" id=\"features\" data-nav-section=\"features\"> <h2>Oto g\u0142\u00f3wne funkcje wid\u017cetu: <\/h2><ul><li>Natychmiastowe automatyczne t\u0142umaczenie strony internetowej<\/li><li>T\u0142umaczenie oparte na sztucznej inteligencji Google<\/li><li>Obs\u0142uga ponad 130 j\u0119zyk\u00f3w<\/li><li>Zapisywanie ustawie\u0144 go\u015bci<\/li><li>Wiele predefiniowanych styl\u00f3w wid\u017cet\u00f3w<\/li><\/ul><p><a href=\"#demo\">Wypr\u00f3buj wszystkie opcje dostosowywania w pe\u0142nej wersji demonstracyjnej<\/a><\/p><\/div> <div class=\"application-platform-content-item-installation application-platform-content-item\" id=\"installation\" data-nav-section=\"installation\"> <h2>Jak zintegrowa\u0107 T\u0142umacza stron internetowych na moj\u0105 platform\u0119 PrestaShop? <\/h2><p>Wystarczy wykona\u0107 kilka krok\u00f3w podanych poni\u017cej, aby zintegrowa\u0107 widget. <\/p><ol><li><b>Uruchom nasz darmowy edytor i zacznij tworzy\u0107 w\u0142asny widget. <\/b><br>Wybierz preferowany uk\u0142ad i funkcje wtyczki i zastosuj poprawki. <\/li> <li><b>Odbierz sw\u00f3j osobisty kod pojawiaj\u0105cy si\u0119 w oknie aplikacji Elfsight. <\/b><br>Po zako\u0144czeniu dostosowywania narz\u0119dzia skopiuj kod osobisty z wy\u015bwietlonego wyskakuj\u0105cego okienka i zachowaj go na p\u00f3\u017aniej. <\/li> <li><b>Rozpocznij korzystanie z wid\u017cetu na stronie g\u0142\u00f3wnej PrestaShop. <\/b><br>Umie\u015b\u0107 ostatnio zapisany kod na swojej stronie i zapisz zmiany. <\/li> <li><b>Gotowe! Integracja zosta\u0142a w pe\u0142ni wykonana. <\/b><br>Wejd\u017a na swoj\u0105 witryn\u0119 i sprawd\u017a, jak dzia\u0142a widget. <\/li><\/ol><p>Je\u015bli napotkasz jakiekolwiek przeszkody, nie wahaj si\u0119 i zwr\u00f3\u0107 si\u0119 do naszego personelu pomocniczego. Nasi ludzie ch\u0119tnie rozwi\u0105\u017c\u0105 wszystkie problemy, jakie mo\u017cesz napotka\u0107 w zwi\u0105zku z tym narz\u0119dziem. <\/p><\/div>","protected":false},"excerpt":{"rendered":"","protected":false},"author":9,"featured_media":0,"parent":8190,"menu_order":0,"comment_status":"closed","ping_status":"closed","template":"templates\/template-application-platform.php","meta":{"publish_to_discourse":"","publish_post_category":"","wpdc_auto_publish_overridden":"","wpdc_topic_tags":"","wpdc_pin_topic":"","wpdc_pin_until":"","discourse_post_id":"","discourse_permalink":"","wpdc_publishing_response":"","wpdc_publishing_error":"","footnotes":""},"class_list":["post-8717","page","type-page","status-publish","hentry"],"yoast_head":"<!-- This site is optimized with the Yoast SEO plugin v25.3.1 - https:\/\/yoast.com\/wordpress\/plugins\/seo\/ -->\n<title>Wid\u017cet T\u0142umacza Witryny - Dodaj T\u0142umacz Tre\u015bci w PrestaShop<\/title>\n<meta name=\"description\" content=\"Dodaj wid\u017cet T\u0142umacza stron internetowych bez kodu na swojej stronie internetowej Jimdo. Wypr\u00f3buj szybk\u0105 wersj\u0119 demonstracyjn\u0105 Elfsight, aby \u0142atwo stworzy\u0107 swoje indywidualne rozwi\u0105zanie.\" \/>\n<meta name=\"robots\" content=\"index, follow, max-snippet:-1, max-image-preview:large, max-video-preview:-1\" \/>\n<link rel=\"canonical\" href=\"https:\/\/elfsight.com\/pl\/website-translator-widget\/prestashop\/\" \/>\n<meta property=\"og:locale\" content=\"pl_PL\" \/>\n<meta property=\"og:type\" content=\"article\" \/>\n<meta property=\"og:title\" content=\"Wid\u017cet T\u0142umacza Witryny - Dodaj T\u0142umacz Tre\u015bci w PrestaShop\" \/>\n<meta property=\"og:description\" content=\"Dodaj wid\u017cet T\u0142umacza stron internetowych bez kodu na swojej stronie internetowej Jimdo. Wypr\u00f3buj szybk\u0105 wersj\u0119 demonstracyjn\u0105 Elfsight, aby \u0142atwo stworzy\u0107 swoje indywidualne rozwi\u0105zanie.\" \/>\n<meta property=\"og:url\" content=\"https:\/\/elfsight.com\/pl\/website-translator-widget\/prestashop\/\" \/>\n<meta property=\"og:site_name\" content=\"Elfsight PL\" \/>\n<meta property=\"article:modified_time\" content=\"2024-12-17T13:09:52+00:00\" \/>\n<meta name=\"twitter:card\" content=\"summary_large_image\" \/>\n<meta name=\"twitter:label1\" content=\"Szacowany czas czytania\" \/>\n\t<meta name=\"twitter:data1\" content=\"2 minuty\" \/>\n<!-- \/ Yoast SEO plugin. -->","yoast_head_json":{"title":"Wid\u017cet T\u0142umacza Witryny - Dodaj T\u0142umacz Tre\u015bci w PrestaShop","description":"Dodaj wid\u017cet T\u0142umacza stron internetowych bez kodu na swojej stronie internetowej Jimdo. Wypr\u00f3buj szybk\u0105 wersj\u0119 demonstracyjn\u0105 Elfsight, aby \u0142atwo stworzy\u0107 swoje indywidualne rozwi\u0105zanie.","robots":{"index":"index","follow":"follow","max-snippet":"max-snippet:-1","max-image-preview":"max-image-preview:large","max-video-preview":"max-video-preview:-1"},"canonical":"https:\/\/elfsight.com\/pl\/website-translator-widget\/prestashop\/","og_locale":"pl_PL","og_type":"article","og_title":"Wid\u017cet T\u0142umacza Witryny - Dodaj T\u0142umacz Tre\u015bci w PrestaShop","og_description":"Dodaj wid\u017cet T\u0142umacza stron internetowych bez kodu na swojej stronie internetowej Jimdo. Wypr\u00f3buj szybk\u0105 wersj\u0119 demonstracyjn\u0105 Elfsight, aby \u0142atwo stworzy\u0107 swoje indywidualne rozwi\u0105zanie.","og_url":"https:\/\/elfsight.com\/pl\/website-translator-widget\/prestashop\/","og_site_name":"Elfsight PL","article_modified_time":"2024-12-17T13:09:52+00:00","twitter_card":"summary_large_image","twitter_misc":{"Szacowany czas czytania":"2 minuty"},"schema":{"@context":"https:\/\/schema.org","@graph":[{"@type":"WebPage","@id":"https:\/\/elfsight.com\/pl\/website-translator-widget\/prestashop\/","url":"https:\/\/elfsight.com\/pl\/website-translator-widget\/prestashop\/","name":"Wid\u017cet T\u0142umacza Witryny - Dodaj T\u0142umacz Tre\u015bci w PrestaShop","isPartOf":{"@id":"https:\/\/elfsight.com\/pl\/#website"},"datePublished":"2024-09-30T18:27:29+00:00","dateModified":"2024-12-17T13:09:52+00:00","description":"Dodaj wid\u017cet T\u0142umacza stron internetowych bez kodu na swojej stronie internetowej Jimdo. Wypr\u00f3buj szybk\u0105 wersj\u0119 demonstracyjn\u0105 Elfsight, aby \u0142atwo stworzy\u0107 swoje indywidualne rozwi\u0105zanie.","breadcrumb":{"@id":"https:\/\/elfsight.com\/pl\/website-translator-widget\/prestashop\/#breadcrumb"},"inLanguage":"pl-PL","potentialAction":[{"@type":"ReadAction","target":["https:\/\/elfsight.com\/pl\/website-translator-widget\/prestashop\/"]}]},{"@type":"BreadcrumbList","@id":"https:\/\/elfsight.com\/pl\/website-translator-widget\/prestashop\/#breadcrumb","itemListElement":[{"@type":"ListItem","position":1,"name":"Home","item":"https:\/\/elfsight.com\/pl\/"},{"@type":"ListItem","position":2,"name":"Website Translator","item":"https:\/\/elfsight.com\/pl\/website-translator-widget\/"},{"@type":"ListItem","position":3,"name":"Website Translator &#8211; PrestaShop"}]},{"@type":"WebSite","@id":"https:\/\/elfsight.com\/pl\/#website","url":"https:\/\/elfsight.com\/pl\/","name":"Elfsight PL","description":"Just another Elfsight Sites site","potentialAction":[{"@type":"SearchAction","target":{"@type":"EntryPoint","urlTemplate":"https:\/\/elfsight.com\/pl\/?s={search_term_string}"},"query-input":{"@type":"PropertyValueSpecification","valueRequired":true,"valueName":"search_term_string"}}],"inLanguage":"pl-PL"}]}},"meta_box":{"industry":"","seo_heading":"","heading":"","description":"","cta_heading":"","cta_description":"","application":"8185","h1":"Dodatek do t\u0142umaczenia stron internetowych PrestaShop","h1_caption":"Automatycznie t\u0142umacz zawarto\u015b\u0107 swojej witryny na wiele j\u0119zyk\u00f3w, dzi\u0119ki czemu b\u0119dzie ona dost\u0119pna dla odbiorc\u00f3w na ca\u0142ym \u015bwiecie w Twojej witrynie Prestashop bez wysi\u0142ku.","application_category":[],"applications_title":"","applications_request_title":"","applications_request_button_text":"","hero_text":"","hero_video":"","hero_video_schema_markup":"","selling_points_title":"","selling_points_caption":"","selling_points":[],"selling_points_cta_text":"","features_title":"","features":"","ed_cta_examples_text":"","ed_cta_examples_hidden":"","ed_cta_demo_text":"","ed_cta_demo_hidden":"","why_caption":"","why_editor_title":"","why_editor_text":"","why_team_title":"","why_team_text":"","why_service_title":"","why_service_text":"","template_catalog_visible":"","template_catalog_title":"","template_catalog_text":"","template_catalog_categories_visible":"","demo_title":"Utw\u00f3rz dodatek do T\u0142umacza stron internetowych","demo_caption":"Skonfiguruj t\u0142umacza stron internetowych i dodaj go do swojej witryny PrestaShop za darmo!","default_faq_hidden":"","app_template_category":[],"platform":"586","template_public_id":"","codecanyon_url":"","codecanyon_item_id":"","codecanyon_price":"","pricing_caption":"","pricing_elfsight_apps_hide_column":"","pricing_elfsight_apps_url":"","pricing_codecanyon_price_caption":"","integration_category":[],"integration_request_title":"","integration_request_cta":"","integration_platform":"","integrations":[],"platform_category":[],"video_schema_markup":"","price":"od 0 USD \/ miesi\u0105c","trial":"","benefits":[{"text":"Bezp\u0142atna pomoc w monta\u017cu"},{"text":"Wyj\u0105tkowe wsparcie"},{"text":"14-dniowa gwarancja zwrotu pieni\u0119dzy"},{"text":"Ci\u0105g\u0142y rozw\u00f3j"}],"button_url":"#demo","button_target_blank":"","button_nofollow":"","attributes":[{"name":"Zainstalowa\u0107","content":"50,000 - 100,000"},{"name":"Czu\u0142y","content":"Tak"},{"name":"Kompatybilne przegl\u0105darki","content":"Firefox, Safari, Opera, Chrome, Edge"}],"tags":[],"tags_disable_links":"","hide_more_platforms":"","video_object":"","demo_hide_cta":"","demo_hide_cloud_options":"","pricing_title":"","pricing":[{"pricing_icon":"platform","pricing_title":"Elfsight Apps","pricing_title_caption":"Oprogramowanie niezale\u017cne od platformy, kt\u00f3re pasuje do ka\u017cdej witryny internetowej","pricing_price":"od 0 USD \/ miesi\u0105c","pricing_price_caption":"zacznij od darmowego planu","pricing_benefits":[{"text":"Nielimitowane strony internetowe"},{"text":"Dedykowane wsparcie firmy i dobrze udokumentowane"},{"text":"Bezp\u0142atna pomoc przy instalacji"},{"text":"Elastyczny projekt"}],"pricing_button_text":"Dodaj do witryny","pricing_button_url":"#demo"}],"related_apps_title":"","related_apps_hidden":"","author":"","image":[],"title":"","job":"","social_networks":[]},"_links":{"self":[{"href":"https:\/\/elfsight.com\/pl\/wp-json\/wp\/v2\/pages\/8717","targetHints":{"allow":["GET"]}}],"collection":[{"href":"https:\/\/elfsight.com\/pl\/wp-json\/wp\/v2\/pages"}],"about":[{"href":"https:\/\/elfsight.com\/pl\/wp-json\/wp\/v2\/types\/page"}],"author":[{"embeddable":true,"href":"https:\/\/elfsight.com\/pl\/wp-json\/wp\/v2\/users\/9"}],"replies":[{"embeddable":true,"href":"https:\/\/elfsight.com\/pl\/wp-json\/wp\/v2\/comments?post=8717"}],"version-history":[{"count":1,"href":"https:\/\/elfsight.com\/pl\/wp-json\/wp\/v2\/pages\/8717\/revisions"}],"predecessor-version":[{"id":8721,"href":"https:\/\/elfsight.com\/pl\/wp-json\/wp\/v2\/pages\/8717\/revisions\/8721"}],"up":[{"embeddable":true,"href":"https:\/\/elfsight.com\/pl\/wp-json\/wp\/v2\/pages\/8190"}],"wp:attachment":[{"href":"https:\/\/elfsight.com\/pl\/wp-json\/wp\/v2\/media?parent=8717"}],"curies":[{"name":"wp","href":"https:\/\/api.w.org\/{rel}","templated":true}]}}