{"id":8711,"date":"2024-09-30T18:27:29","date_gmt":"2024-09-30T18:27:29","guid":{"rendered":"https:\/\/elfsight.com\/pl\/?page_id=8711"},"modified":"2024-12-17T13:09:43","modified_gmt":"2024-12-17T13:09:43","slug":"weebly","status":"publish","type":"page","link":"https:\/\/elfsight.com\/pl\/appointment-booking-widget\/weebly\/","title":{"rendered":"Appointment Booking &#8211; Weebly"},"content":{"rendered":"<div class=\"application-platform-content-item-description application-platform-content-item\" id=\"description\" data-nav-section=\"description\"><h2>Umie\u015b\u0107 rezerwacj\u0119 wizyt w Weebly za pomoc\u0105 aplikacji Elfsight!<\/h2> <p>Aplikacja Rezerwacja wizyt jest dost\u0119pna, aby pom\u00f3c potencjalnym klientom rezerwowa\u0107 terminy wygodnie w witrynie Weebly, redukuj\u0105c wysi\u0142ek r\u0119czny, taki jak ci\u0105g\u0142e zarz\u0105dzanie wiadomo\u015bciami, po\u0142\u0105czeniami i e-mailami. Pomy\u015bl o tym jak o dedykowanej recepcjonistce, kt\u00f3ra jest w gotowo\u015bci przez ca\u0142\u0105 dob\u0119, kt\u00f3ra dostarcza automatyczne potwierdzenia i kt\u00f3r\u0105 mo\u017cna zsynchronizowa\u0107 ze specjalistycznymi integracjami, takimi jak Kalendarz Google.<\/p> <p>Teraz jest idealny moment, aby g\u0142\u0119biej zag\u0142\u0119bi\u0107 si\u0119 w us\u0142ug\u0119 lub wydarzenie, okre\u015bl czas trwania, ujawnij dane kontaktowe i zdecyduj o cenie, aby usprawni\u0107 proces decyzyjny dla klient\u00f3w. Co wi\u0119cej, dostosuj wygl\u0105d aplikacji, dostosowuj\u0105c niestandardowe elementy i funkcje bez konieczno\u015bci doskonalenia wiedzy z zakresu kodowania lub anga\u017cowania programisty!<\/p> <p><b>Umo\u017cliwij swojej firmie rozw\u00f3j i uzyskanie dost\u0119pu do szerszego grona klient\u00f3w za po\u015brednictwem Internetu rezerwacja spotka\u0144 na Twojej stronie internetowej!<\/b><\/p> <\/div> <div class=\"application-platform-content-item-features application-platform-content-item\" id=\"features\" data-nav-section=\"features\"> <h2>Podstawowe funkcje widgetu oferta:<\/h2> <ul><li>Oferuj dok\u0142adne wyja\u015bnienie swojej us\u0142ugi \u2013 nazw\u0119, szczeg\u00f3\u0142y, zdj\u0119cie i czas trwania \u2013 oraz ustal cen\u0119 w wielu walutach.<\/li><li>Wysy\u0142aj automatyczne powiadomienia, aby potwierdzi\u0107 zarezerwowane przedzia\u0142y czasowe dla klient\u00f3w i dla siebie.<\/li><li>Zsynchronizuj wid\u017cet z us\u0142ugami innych firm, takimi jak Kalendarz Google, aby zachowa\u0107 sta\u0142\u0105 przydatno\u015b\u0107.<\/li><li>Udost\u0119pniaj informacje kontaktowe swojej firmy w ramach weryfikacji spo\u0142eczno\u015bciowej i umo\u017cliwi\u0107 u\u017cytkownikom kontakt w przypadku nieprzewidzianych sytuacji wyst\u0105pienia.<\/li><li>Dostosowywanie bez kodu dzi\u0119ki zaawansowanym ustawieniom projektu: wst\u0119pnie zaprojektowane szablony, kolory, uk\u0142ady, czcionki, niestandardowy edytor CSS, niestandardowy edytor JS itp.<\/li><\/ul><p> <a href=\"#demo\">Pe\u0142n\u0105 funkcjonalno\u015b\u0107 wid\u017cetu mo\u017cesz odkry\u0107 w wersji demonstracyjnej <\/a><\/p> <\/div> <div class=\"application-platform-content-item-installation application-platform-content-item\" id=\"installation\" data-nav-section=\"installation\"> <h2>Jak mog\u0119 osadzi\u0107 rezerwacj\u0119 spotkania w mojej witrynie Weebly?<\/h2> <p>Aby doda\u0107 rezerwacj\u0119 spotkania do swojej witryny Weebly, wykonaj nast\u0119puj\u0105ce kroki:<\/p> <ol><li><b>Wykonaj naszego bezp\u0142atnego edytora i zacznij tworzy\u0107 spersonalizowan\u0105 wtyczk\u0119 LinkedIn Feed.<\/b><br> Okre\u015bl odpowiedni uk\u0142ad i cechy funkcjonalne wtyczki i zapisz zmiany.<\/li> <li><b>Skopiuj unikalny kod, kt\u00f3ry si\u0119 pojawi w specjalnej formie na Elfsight Aplikacje.<\/b><br> Zaraz po zako\u0144czeniu instalacji narz\u0119dzia skopiuj ekskluzywny kod z wy\u015bwietlonego okna i zapisz go na kolejne okazje.<\/li> <li><b>Rozpocznij korzystanie z narz\u0119dzia w dniu swoj\u0105 witryn\u0119 Weebly.<\/b><br> Dodaj ostatnio zapisany kod do swojej witryny i zapisz poprawki.<\/li> <li><b>Gotowe! Integracja zosta\u0142a ca\u0142kowicie zako\u0144czona.<\/b><br> Odwied\u017a swoj\u0105 witryn\u0119, aby sprawdzi\u0107 dzia\u0142anie narz\u0119dzia.<\/li><\/ol> <p>W przypadku pyta\u0144 lub kolizji z jakimi\u015b problemami, \u015bmia\u0142o pisz na adres nasz zesp\u00f3\u0142 obs\u0142ugi klienta. Nasi specjali\u015bci ch\u0119tnie odpowiedz\u0105 na wszystkie pytania dotycz\u0105ce tego narz\u0119dzia.<\/p> <\/div> ","protected":false},"excerpt":{"rendered":"","protected":false},"author":9,"featured_media":0,"parent":9514,"menu_order":0,"comment_status":"closed","ping_status":"closed","template":"templates\/template-application-platform.php","meta":{"publish_to_discourse":"","publish_post_category":"","wpdc_auto_publish_overridden":"","wpdc_topic_tags":"","wpdc_pin_topic":"","wpdc_pin_until":"","discourse_post_id":"","discourse_permalink":"","wpdc_publishing_response":"","wpdc_publishing_error":"","footnotes":""},"class_list":["post-8711","page","type-page","status-publish","hentry"],"yoast_head":"<!-- This site is optimized with the Yoast SEO plugin v25.3.1 - https:\/\/yoast.com\/wordpress\/plugins\/seo\/ -->\n<title>Widget Rezerwacja spotka\u0144 \u2014 umie\u015b\u0107 rezerwacj\u0119 w witrynie Weebly<\/title>\n<meta name=\"description\" content=\"Dodaj niewymagaj\u0105c\u0105 kodowania aplikacj\u0119 do rezerwacji spotka\u0144 do witryny GoDaddy i pozw\u00f3l klientom rezerwowa\u0107 miejsca za pomoc\u0105 kilku klikni\u0119\u0107!\" \/>\n<meta name=\"robots\" content=\"index, follow, max-snippet:-1, max-image-preview:large, max-video-preview:-1\" \/>\n<link rel=\"canonical\" href=\"https:\/\/elfsight.com\/pl\/appointment-booking-widget\/weebly\/\" \/>\n<meta property=\"og:locale\" content=\"pl_PL\" \/>\n<meta property=\"og:type\" content=\"article\" \/>\n<meta property=\"og:title\" content=\"Widget Rezerwacja spotka\u0144 \u2014 umie\u015b\u0107 rezerwacj\u0119 w witrynie Weebly\" \/>\n<meta property=\"og:description\" content=\"Dodaj niewymagaj\u0105c\u0105 kodowania aplikacj\u0119 do rezerwacji spotka\u0144 do witryny GoDaddy i pozw\u00f3l klientom rezerwowa\u0107 miejsca za pomoc\u0105 kilku klikni\u0119\u0107!\" \/>\n<meta property=\"og:url\" content=\"https:\/\/elfsight.com\/pl\/appointment-booking-widget\/weebly\/\" \/>\n<meta property=\"og:site_name\" content=\"Elfsight PL\" \/>\n<meta property=\"article:modified_time\" content=\"2024-12-17T13:09:43+00:00\" \/>\n<meta name=\"twitter:card\" content=\"summary_large_image\" \/>\n<meta name=\"twitter:label1\" content=\"Szacowany czas czytania\" \/>\n\t<meta name=\"twitter:data1\" content=\"2 minuty\" \/>\n<!-- \/ Yoast SEO plugin. -->","yoast_head_json":{"title":"Widget Rezerwacja spotka\u0144 \u2014 umie\u015b\u0107 rezerwacj\u0119 w witrynie Weebly","description":"Dodaj niewymagaj\u0105c\u0105 kodowania aplikacj\u0119 do rezerwacji spotka\u0144 do witryny GoDaddy i pozw\u00f3l klientom rezerwowa\u0107 miejsca za pomoc\u0105 kilku klikni\u0119\u0107!","robots":{"index":"index","follow":"follow","max-snippet":"max-snippet:-1","max-image-preview":"max-image-preview:large","max-video-preview":"max-video-preview:-1"},"canonical":"https:\/\/elfsight.com\/pl\/appointment-booking-widget\/weebly\/","og_locale":"pl_PL","og_type":"article","og_title":"Widget Rezerwacja spotka\u0144 \u2014 umie\u015b\u0107 rezerwacj\u0119 w witrynie Weebly","og_description":"Dodaj niewymagaj\u0105c\u0105 kodowania aplikacj\u0119 do rezerwacji spotka\u0144 do witryny GoDaddy i pozw\u00f3l klientom rezerwowa\u0107 miejsca za pomoc\u0105 kilku klikni\u0119\u0107!","og_url":"https:\/\/elfsight.com\/pl\/appointment-booking-widget\/weebly\/","og_site_name":"Elfsight PL","article_modified_time":"2024-12-17T13:09:43+00:00","twitter_card":"summary_large_image","twitter_misc":{"Szacowany czas czytania":"2 minuty"},"schema":{"@context":"https:\/\/schema.org","@graph":[{"@type":"WebPage","@id":"https:\/\/elfsight.com\/pl\/appointment-booking-widget\/weebly\/","url":"https:\/\/elfsight.com\/pl\/appointment-booking-widget\/weebly\/","name":"Widget Rezerwacja spotka\u0144 \u2014 umie\u015b\u0107 rezerwacj\u0119 w witrynie Weebly","isPartOf":{"@id":"https:\/\/elfsight.com\/pl\/#website"},"datePublished":"2024-09-30T18:27:29+00:00","dateModified":"2024-12-17T13:09:43+00:00","description":"Dodaj niewymagaj\u0105c\u0105 kodowania aplikacj\u0119 do rezerwacji spotka\u0144 do witryny GoDaddy i pozw\u00f3l klientom rezerwowa\u0107 miejsca za pomoc\u0105 kilku klikni\u0119\u0107!","breadcrumb":{"@id":"https:\/\/elfsight.com\/pl\/appointment-booking-widget\/weebly\/#breadcrumb"},"inLanguage":"pl-PL","potentialAction":[{"@type":"ReadAction","target":["https:\/\/elfsight.com\/pl\/appointment-booking-widget\/weebly\/"]}]},{"@type":"BreadcrumbList","@id":"https:\/\/elfsight.com\/pl\/appointment-booking-widget\/weebly\/#breadcrumb","itemListElement":[{"@type":"ListItem","position":1,"name":"Home","item":"https:\/\/elfsight.com\/pl\/"},{"@type":"ListItem","position":2,"name":"Appointment Booking","item":"https:\/\/elfsight.com\/pl\/appointment-booking-widget\/"},{"@type":"ListItem","position":3,"name":"Appointment Booking &#8211; Weebly"}]},{"@type":"WebSite","@id":"https:\/\/elfsight.com\/pl\/#website","url":"https:\/\/elfsight.com\/pl\/","name":"Elfsight PL","description":"Just another Elfsight Sites site","potentialAction":[{"@type":"SearchAction","target":{"@type":"EntryPoint","urlTemplate":"https:\/\/elfsight.com\/pl\/?s={search_term_string}"},"query-input":{"@type":"PropertyValueSpecification","valueRequired":true,"valueName":"search_term_string"}}],"inLanguage":"pl-PL"}]}},"meta_box":{"industry":"","seo_heading":"","heading":"","description":"","cta_heading":"","cta_description":"","application":"9513","h1":"Aplikacja Weebly do rezerwacji wizyt","h1_caption":"Pozw\u00f3l u\u017cytkownikom \u0142atwo planowa\u0107 spotkania bezpo\u015brednio z witryny Weebly, zwi\u0119kszaj\u0105c wygod\u0119 i usprawniaj\u0105c proces rezerwacji.","application_category":[],"applications_title":"","applications_request_title":"","applications_request_button_text":"","hero_text":"","hero_video":"","hero_video_schema_markup":"","selling_points_title":"","selling_points_caption":"","selling_points":[],"selling_points_cta_text":"","features_title":"","features":"","ed_cta_examples_text":"","ed_cta_examples_hidden":"","ed_cta_demo_text":"","ed_cta_demo_hidden":"","why_caption":"","why_editor_title":"","why_editor_text":"","why_team_title":"","why_team_text":"","why_service_title":"","why_service_text":"","template_catalog_visible":"","template_catalog_title":"","template_catalog_text":"","template_catalog_categories_visible":"","demo_title":"Utw\u00f3rz aplikacj\u0119 do rezerwacji spotka\u0144","demo_caption":"Skonfiguruj rezerwacj\u0119 spotkania i dodaj j\u0105 bezp\u0142atnie do swojej witryny Weebly!","default_faq_hidden":"","app_template_category":[],"platform":"132","template_public_id":"","codecanyon_url":"","codecanyon_item_id":"","codecanyon_price":"","pricing_caption":"","pricing_elfsight_apps_hide_column":"","pricing_elfsight_apps_url":"","pricing_codecanyon_price_caption":"","integration_category":[],"integration_request_title":"","integration_request_cta":"","integration_platform":"","integrations":[],"platform_category":[],"video_schema_markup":"","price":"od 0 USD \/ miesi\u0105c","trial":"","benefits":[{"text":"Bezp\u0142atna pomoc w monta\u017cu"},{"text":"Wyj\u0105tkowe wsparcie"},{"text":"14-dniowa gwarancja zwrotu pieni\u0119dzy"},{"text":"Ci\u0105g\u0142e bezp\u0142atne ulepszenia"}],"button_url":"#demo","button_target_blank":"","button_nofollow":"","attributes":[{"name":"Instaluje","content":"1,000 - 5,000"},{"name":"Czu\u0142y","content":"Tak"},{"name":"Kompatybilne przegl\u0105darki","content":"Firefox, Safari, Opera, Chrome, Edge"}],"tags":[],"tags_disable_links":"","hide_more_platforms":"","video_object":"","demo_hide_cta":"","demo_hide_cloud_options":"","pricing_title":"","pricing":[{"pricing_icon":"platform","pricing_title":"Elfsight Apps","pricing_title_caption":"Wieloplatformowe rozwi\u0105zanie cyfrowe, kt\u00f3re pasuje do ka\u017cdej witryny internetowej","pricing_price":"Od 0 USD \/ miesi\u0105c","pricing_price_caption":"Zacznij od bezp\u0142atnego planu","pricing_benefits":[{"text":"Nielimitowane strony internetowe"},{"text":"Najwy\u017csza obs\u0142uga klienta"},{"text":"Bezp\u0142atne wsparcie przy monta\u017cu"},{"text":"W pe\u0142ni konfigurowalny"}],"pricing_button_text":"Dodaj do witryny","pricing_button_url":"#demo"}],"related_apps_title":"","related_apps_hidden":"","author":"","image":[],"title":"","job":"","social_networks":[]},"_links":{"self":[{"href":"https:\/\/elfsight.com\/pl\/wp-json\/wp\/v2\/pages\/8711","targetHints":{"allow":["GET"]}}],"collection":[{"href":"https:\/\/elfsight.com\/pl\/wp-json\/wp\/v2\/pages"}],"about":[{"href":"https:\/\/elfsight.com\/pl\/wp-json\/wp\/v2\/types\/page"}],"author":[{"embeddable":true,"href":"https:\/\/elfsight.com\/pl\/wp-json\/wp\/v2\/users\/9"}],"replies":[{"embeddable":true,"href":"https:\/\/elfsight.com\/pl\/wp-json\/wp\/v2\/comments?post=8711"}],"version-history":[{"count":1,"href":"https:\/\/elfsight.com\/pl\/wp-json\/wp\/v2\/pages\/8711\/revisions"}],"predecessor-version":[{"id":8715,"href":"https:\/\/elfsight.com\/pl\/wp-json\/wp\/v2\/pages\/8711\/revisions\/8715"}],"up":[{"embeddable":true,"href":"https:\/\/elfsight.com\/pl\/wp-json\/wp\/v2\/pages\/9514"}],"wp:attachment":[{"href":"https:\/\/elfsight.com\/pl\/wp-json\/wp\/v2\/media?parent=8711"}],"curies":[{"name":"wp","href":"https:\/\/api.w.org\/{rel}","templated":true}]}}