{"id":8710,"date":"2024-09-30T18:27:29","date_gmt":"2024-09-30T18:27:29","guid":{"rendered":"https:\/\/elfsight.com\/pl\/?page_id=8710"},"modified":"2024-12-17T13:09:43","modified_gmt":"2024-12-17T13:09:43","slug":"facebook","status":"publish","type":"page","link":"https:\/\/elfsight.com\/pl\/appointment-booking-widget\/facebook\/","title":{"rendered":"appointment booking &#8211; facebook page"},"content":{"rendered":"<div class=\"application-platform-content-item-description application-platform-content-item\" id=\"description\" data-nav-section=\"description\"><h2>Umie\u015b\u0107 rezerwacj\u0119 spotkania na stronie na Facebooku za pomoc\u0105 wid\u017cetu Elfsight!<\/h2> <p>Widget Rezerwacja spotkania ma pom\u00f3c potencjalnym klientom zabezpieczy\u0107 si\u0119 w wygodnych przedzia\u0142ach czasowych na swojej stronie na Facebooku, minimalizuj\u0105c prac\u0119 r\u0119czn\u0105 \u2014 na przyk\u0142ad sta\u0142\u0105 dost\u0119pno\u015b\u0107, aby nigdy nie przegapi\u0107 wiadomo\u015bci, po\u0142\u0105cze\u0144 i e-maili \u2014 od Ciebie. Pe\u0142ni funkcj\u0119 dedykowanej recepcjonistki, kt\u00f3ra jest w pe\u0142nej gotowo\u015bci przez ca\u0142\u0105 dob\u0119, wysy\u0142a automatyczne potwierdzenia i mo\u017ce by\u0107 po\u0142\u0105czona ze specjalistycznymi integracjami, takimi jak Kalendarz Google.<\/p> <p>To w\u0142a\u015bciwy moment, aby bli\u017cej opisa\u0107 Twoj\u0105 us\u0142ug\u0119 lub wydarzenie, okre\u015bli\u0107 ramy czasowe, podaj dane kontaktowe i ustal cen\u0119, aby u\u0142atwi\u0107 klientom podj\u0119cie decyzji. Co wi\u0119cej, dostosuj wygl\u0105d wid\u017cetu, dostosowuj\u0105c niestandardowe elementy i funkcje bez konieczno\u015bci doskonalenia umiej\u0119tno\u015bci kodowania lub zatrudniania wykwalifikowanego programisty!<\/p> <p><b>Niech Twoja firma rozkwitnie i stanie si\u0119 dost\u0119pna dla szerszego grona klient\u00f3w poprzez rezerwacj\u0119 spotka\u0144 online w Twojej witrynie!<\/b><\/p> <\/div> <div class=\"application-platform-content-item-features application-platform-content-item\" id=\"features\" data-nav-section=\"features\"> <h2>To tylko kilka z rozbudowanych funkcji widgetu:<\/h2> <ul> <li>Przedstaw zwi\u0119z\u0142y opis swojej us\u0142ugi \u2014 nazw\u0119, szczeg\u00f3\u0142y, zdj\u0119cie i czas trwania \u2014 oraz ustal ceny w r\u00f3\u017cnych walutach.<\/li><li>Wysy\u0142aj automatyczne powiadomienia, aby potwierdzi\u0107 zarezerwowane przedzia\u0142y czasu do klient\u00f3w i siebie.<\/li> li&gt;<li>Zsynchronizuj wid\u017cet z aplikacjami outsourcingowymi, takimi jak Kalendarz Google, aby zapewni\u0107 ci\u0105g\u0142e aktualizacje.<\/li><li>Udost\u0119pnij informacje kontaktowe swojej firmy jako dow\u00f3d spo\u0142eczno\u015bciowy i pozw\u00f3l u\u017cytkownikom kontaktowa\u0107 si\u0119 z Tob\u0105 w nieprzewidzianych okoliczno\u015bciach.<\/li><li>Zaawansowana personalizacja bez konieczno\u015bci kodowania: wst\u0119pnie zaprojektowane szablony, kolory, uk\u0142ady, czcionki, niestandardowy edytor CSS, niestandardowy edytor JS itp.<\/li><\/ul><p><a href=\" #demo\">Wystarczy sprawdzi\u0107 t\u0119 wersj\u0119 demonstracyjn\u0105, aby zobaczy\u0107, ile wart jest wid\u017cet<\/a><\/p> <\/div> <div class=\"application-platform-content-item-installation application-platform-content-item\" id=\"installation\" data-nav-section=\"installation\"> <h2>Jak osadzi\u0107 rezerwacj\u0119 spotkania na stronie internetowej mojej strony na Facebooku? <\/h2> <div class=\"tip-yellow tip\"><b>W zwi\u0105zku z ostatnimi zmianami na Facebooku i przej\u015bciem na now\u0105 wersj\u0119 strony, korzystanie z niej jest obecnie mo\u017cliwe wy\u0142\u0105cznie poprzez dodanie bezpo\u015bredniego linku do wid\u017cetu. Aktywnie szukamy rozwi\u0105zania i zaktualizujemy konfiguracj\u0119 strony na Facebooku, gdy tylko znajdziemy spos\u00f3b.<\/b><\/div><p>Aby osadzi\u0107 rezerwacj\u0119 wizyty na swojej stronie na Facebooku, wykonaj poni\u017csze kroki:<\/p> <ol><li><b>Zarz\u0105dzaj naszym bezp\u0142atnym konfiguratorem i zacznij tworzy\u0107 spersonalizowany wid\u017cet kana\u0142u LinkedIn.<\/b><br> Okre\u015bl preferowany uk\u0142ad i funkcje wtyczki oraz zastosuj zmiany.<\/li> <li><b>Zdob\u0105d\u017a sw\u00f3j osobisty kod widoczny w polu aplikacji Elfsight.<\/b><br> Po zako\u0144czeniu konfiguracji wtyczki skopiuj indywidualny kod z wy\u015bwietlonego wyskakuj\u0105cego okienka i zapisz go do p\u00f3\u017aniejszego wykorzystania.<\/li> <li><b>Zacznij korzysta\u0107 z narz\u0119dzia na swojej stronie na Facebooku.<\/b><br> Zintegruj kod zapisany ostatnio na swojej stronie i zastosuj ulepszenia.<\/li> <li><b>Ty gotowe! Integracja zosta\u0142a w pe\u0142ni wykonana.<\/b><br> Odwied\u017a swoj\u0105 witryn\u0119, aby sprawdzi\u0107 dzia\u0142anie widgetu.<\/li><\/ol> <p>W przypadku napotkania przeszk\u00f3d nie b\u00f3j si\u0119 skontaktowa\u0107 z naszym personel pomocniczy. Nasi ludzie z przyjemno\u015bci\u0105 pomog\u0105 Ci we wszystkich problemach, jakie mo\u017cesz mie\u0107 z wtyczk\u0105.<\/p> <\/div> ","protected":false},"excerpt":{"rendered":"","protected":false},"author":9,"featured_media":0,"parent":9514,"menu_order":0,"comment_status":"closed","ping_status":"closed","template":"templates\/template-application-platform.php","meta":{"publish_to_discourse":"","publish_post_category":"","wpdc_auto_publish_overridden":"","wpdc_topic_tags":"","wpdc_pin_topic":"","wpdc_pin_until":"","discourse_post_id":"","discourse_permalink":"","wpdc_publishing_response":"","wpdc_publishing_error":"","footnotes":""},"class_list":["post-8710","page","type-page","status-publish","hentry"],"yoast_head":"<!-- This site is optimized with the Yoast SEO plugin v25.3.1 - https:\/\/yoast.com\/wordpress\/plugins\/seo\/ -->\n<title>Widget Rezerwacja spotka\u0144 \u2014 Umie\u015b\u0107 rezerwacj\u0119 na stronie internetowej Facebooka<\/title>\n<meta name=\"description\" content=\"Dodaj niewymagaj\u0105c\u0105 kodowania aplikacj\u0119 do rezerwacji spotka\u0144 do witryny Weebly i pozw\u00f3l klientom rezerwowa\u0107 miejsca za pomoc\u0105 kilku klikni\u0119\u0107!\" \/>\n<meta name=\"robots\" content=\"index, follow, max-snippet:-1, max-image-preview:large, max-video-preview:-1\" \/>\n<link rel=\"canonical\" href=\"https:\/\/elfsight.com\/pl\/appointment-booking-widget\/facebook\/\" \/>\n<meta property=\"og:locale\" content=\"pl_PL\" \/>\n<meta property=\"og:type\" content=\"article\" \/>\n<meta property=\"og:title\" content=\"Widget Rezerwacja spotka\u0144 \u2014 Umie\u015b\u0107 rezerwacj\u0119 na stronie internetowej Facebooka\" \/>\n<meta property=\"og:description\" content=\"Dodaj niewymagaj\u0105c\u0105 kodowania aplikacj\u0119 do rezerwacji spotka\u0144 do witryny Weebly i pozw\u00f3l klientom rezerwowa\u0107 miejsca za pomoc\u0105 kilku klikni\u0119\u0107!\" \/>\n<meta property=\"og:url\" content=\"https:\/\/elfsight.com\/pl\/appointment-booking-widget\/facebook\/\" \/>\n<meta property=\"og:site_name\" content=\"Elfsight PL\" \/>\n<meta property=\"article:modified_time\" content=\"2024-12-17T13:09:43+00:00\" \/>\n<meta name=\"twitter:card\" content=\"summary_large_image\" \/>\n<meta name=\"twitter:label1\" content=\"Szacowany czas czytania\" \/>\n\t<meta name=\"twitter:data1\" content=\"3 minuty\" \/>\n<!-- \/ Yoast SEO plugin. -->","yoast_head_json":{"title":"Widget Rezerwacja spotka\u0144 \u2014 Umie\u015b\u0107 rezerwacj\u0119 na stronie internetowej Facebooka","description":"Dodaj niewymagaj\u0105c\u0105 kodowania aplikacj\u0119 do rezerwacji spotka\u0144 do witryny Weebly i pozw\u00f3l klientom rezerwowa\u0107 miejsca za pomoc\u0105 kilku klikni\u0119\u0107!","robots":{"index":"index","follow":"follow","max-snippet":"max-snippet:-1","max-image-preview":"max-image-preview:large","max-video-preview":"max-video-preview:-1"},"canonical":"https:\/\/elfsight.com\/pl\/appointment-booking-widget\/facebook\/","og_locale":"pl_PL","og_type":"article","og_title":"Widget Rezerwacja spotka\u0144 \u2014 Umie\u015b\u0107 rezerwacj\u0119 na stronie internetowej Facebooka","og_description":"Dodaj niewymagaj\u0105c\u0105 kodowania aplikacj\u0119 do rezerwacji spotka\u0144 do witryny Weebly i pozw\u00f3l klientom rezerwowa\u0107 miejsca za pomoc\u0105 kilku klikni\u0119\u0107!","og_url":"https:\/\/elfsight.com\/pl\/appointment-booking-widget\/facebook\/","og_site_name":"Elfsight PL","article_modified_time":"2024-12-17T13:09:43+00:00","twitter_card":"summary_large_image","twitter_misc":{"Szacowany czas czytania":"3 minuty"},"schema":{"@context":"https:\/\/schema.org","@graph":[{"@type":"WebPage","@id":"https:\/\/elfsight.com\/pl\/appointment-booking-widget\/facebook\/","url":"https:\/\/elfsight.com\/pl\/appointment-booking-widget\/facebook\/","name":"Widget Rezerwacja spotka\u0144 \u2014 Umie\u015b\u0107 rezerwacj\u0119 na stronie internetowej Facebooka","isPartOf":{"@id":"https:\/\/elfsight.com\/pl\/#website"},"datePublished":"2024-09-30T18:27:29+00:00","dateModified":"2024-12-17T13:09:43+00:00","description":"Dodaj niewymagaj\u0105c\u0105 kodowania aplikacj\u0119 do rezerwacji spotka\u0144 do witryny Weebly i pozw\u00f3l klientom rezerwowa\u0107 miejsca za pomoc\u0105 kilku klikni\u0119\u0107!","breadcrumb":{"@id":"https:\/\/elfsight.com\/pl\/appointment-booking-widget\/facebook\/#breadcrumb"},"inLanguage":"pl-PL","potentialAction":[{"@type":"ReadAction","target":["https:\/\/elfsight.com\/pl\/appointment-booking-widget\/facebook\/"]}]},{"@type":"BreadcrumbList","@id":"https:\/\/elfsight.com\/pl\/appointment-booking-widget\/facebook\/#breadcrumb","itemListElement":[{"@type":"ListItem","position":1,"name":"Home","item":"https:\/\/elfsight.com\/pl\/"},{"@type":"ListItem","position":2,"name":"Appointment Booking","item":"https:\/\/elfsight.com\/pl\/appointment-booking-widget\/"},{"@type":"ListItem","position":3,"name":"appointment booking &#8211; facebook page"}]},{"@type":"WebSite","@id":"https:\/\/elfsight.com\/pl\/#website","url":"https:\/\/elfsight.com\/pl\/","name":"Elfsight PL","description":"Just another Elfsight Sites site","potentialAction":[{"@type":"SearchAction","target":{"@type":"EntryPoint","urlTemplate":"https:\/\/elfsight.com\/pl\/?s={search_term_string}"},"query-input":{"@type":"PropertyValueSpecification","valueRequired":true,"valueName":"search_term_string"}}],"inLanguage":"pl-PL"}]}},"meta_box":{"industry":"","seo_heading":"","heading":"","description":"","cta_heading":"","cta_description":"","application":"9513","h1":"Wid\u017cet rezerwacji wizyt na stronie Facebooka","h1_caption":"Pozw\u00f3l u\u017cytkownikom \u0142atwo planowa\u0107 spotkania bezpo\u015brednio z Twojej strony na Facebooku, zwi\u0119kszaj\u0105c wygod\u0119 i usprawniaj\u0105c proces rezerwacji.","application_category":[],"applications_title":"","applications_request_title":"","applications_request_button_text":"","hero_text":"","hero_video":"","hero_video_schema_markup":"","selling_points_title":"","selling_points_caption":"","selling_points":[],"selling_points_cta_text":"","features_title":"","features":"","ed_cta_examples_text":"","ed_cta_examples_hidden":"","ed_cta_demo_text":"","ed_cta_demo_hidden":"","why_caption":"","why_editor_title":"","why_editor_text":"","why_team_title":"","why_team_text":"","why_service_title":"","why_service_text":"","template_catalog_visible":"","template_catalog_title":"","template_catalog_text":"","template_catalog_categories_visible":"","demo_title":"Utw\u00f3rz wid\u017cet Rezerwacja spotkania","demo_caption":"Skonfiguruj rezerwacj\u0119 spotkania i dodaj j\u0105 do swojej strony na Facebooku za darmo!","default_faq_hidden":"","app_template_category":[],"platform":"319","template_public_id":"","codecanyon_url":"","codecanyon_item_id":"","codecanyon_price":"","pricing_caption":"","pricing_elfsight_apps_hide_column":"","pricing_elfsight_apps_url":"","pricing_codecanyon_price_caption":"","integration_category":[],"integration_request_title":"","integration_request_cta":"","integration_platform":"","integrations":[],"platform_category":[],"video_schema_markup":"","price":"od 0 USD \/ miesi\u0105c","trial":"","benefits":[{"text":"Bezp\u0142atna us\u0142uga monta\u017cu"},{"text":"Do\u015bwiadczona obs\u0142uga klienta"},{"text":"14-dniowa gwarancja zwrotu pieni\u0119dzy"},{"text":"Stale aktualizowana"}],"button_url":"#demo","button_target_blank":"","button_nofollow":"","attributes":[{"name":"Instaluje","content":"1,000 - 5,000"},{"name":"Czu\u0142y","content":"Tak"},{"name":"Kompatybilne przegl\u0105darki","content":"Firefox, Safari, Opera, Chrome, Edge"}],"tags":[],"tags_disable_links":"","hide_more_platforms":"","video_object":"","demo_hide_cta":"","demo_hide_cloud_options":"","pricing_title":"","pricing":[{"pricing_icon":"platform","pricing_title":"Elfsight Apps","pricing_title_caption":"Wieloplatformowe rozwi\u0105zanie cyfrowe, kt\u00f3re dzia\u0142a na ka\u017cdej stronie internetowej","pricing_price":"Od 0 USD \/ miesi\u0105c","pricing_price_caption":"Zacznij od bezp\u0142atnego planu","pricing_benefits":[{"text":"Nielimitowane strony internetowe"},{"text":"Szybka obs\u0142uga klienta"},{"text":"Bezp\u0142atne wsparcie instalacyjne"},{"text":"Elastyczny projekt"}],"pricing_button_text":"Dodaj do witryny","pricing_button_url":"#demo"}],"related_apps_title":"","related_apps_hidden":"","author":"","image":[],"title":"","job":"","social_networks":[]},"_links":{"self":[{"href":"https:\/\/elfsight.com\/pl\/wp-json\/wp\/v2\/pages\/8710","targetHints":{"allow":["GET"]}}],"collection":[{"href":"https:\/\/elfsight.com\/pl\/wp-json\/wp\/v2\/pages"}],"about":[{"href":"https:\/\/elfsight.com\/pl\/wp-json\/wp\/v2\/types\/page"}],"author":[{"embeddable":true,"href":"https:\/\/elfsight.com\/pl\/wp-json\/wp\/v2\/users\/9"}],"replies":[{"embeddable":true,"href":"https:\/\/elfsight.com\/pl\/wp-json\/wp\/v2\/comments?post=8710"}],"version-history":[{"count":1,"href":"https:\/\/elfsight.com\/pl\/wp-json\/wp\/v2\/pages\/8710\/revisions"}],"predecessor-version":[{"id":8714,"href":"https:\/\/elfsight.com\/pl\/wp-json\/wp\/v2\/pages\/8710\/revisions\/8714"}],"up":[{"embeddable":true,"href":"https:\/\/elfsight.com\/pl\/wp-json\/wp\/v2\/pages\/9514"}],"wp:attachment":[{"href":"https:\/\/elfsight.com\/pl\/wp-json\/wp\/v2\/media?parent=8710"}],"curies":[{"name":"wp","href":"https:\/\/api.w.org\/{rel}","templated":true}]}}