{"id":8709,"date":"2024-09-30T18:27:29","date_gmt":"2024-09-30T18:27:29","guid":{"rendered":"https:\/\/elfsight.com\/pl\/?page_id=8709"},"modified":"2024-12-17T13:09:43","modified_gmt":"2024-12-17T13:09:43","slug":"bigcommerce","status":"publish","type":"page","link":"https:\/\/elfsight.com\/pl\/appointment-booking-widget\/bigcommerce\/","title":{"rendered":"appointment booking &#8211; bigcommerce"},"content":{"rendered":"<div class=\"application-platform-content-item-description application-platform-content-item\" id=\"description\" data-nav-section=\"description\"><h2>Umie\u015b\u0107 rezerwacj\u0119 spotkania w BigCommerce za pomoc\u0105 aplikacji Elfsight!<\/h2> <p>Aplikacja Rezerwacja spotkania jest do Twojej dyspozycji, aby pom\u00f3c potencjalnym klientom w wygodnym rezerwowaniu przedzia\u0142\u00f3w czasowych na Twojej stronie BigCommerce, odci\u0105\u017caj\u0105c Ci\u0119 od ci\u0119\u017caru pracy r\u0119cznej \u2013 takiej jak ci\u0105g\u0142e monitorowanie wiadomo\u015bci, po\u0142\u0105cze\u0144 i e-maili \u2013 od Ciebie. Pomy\u015bl o tym jak o recepcjonistce pracuj\u0105cej 24 godziny na dob\u0119, 7 dni w tygodniu, kt\u00f3ra dostarcza automatyczne potwierdzenia i kt\u00f3r\u0105 mo\u017cna po\u0142\u0105czy\u0107 z zewn\u0119trznymi integracjami, takimi jak Kalendarz Google.<\/p> <p>To idealny moment, aby dok\u0142adniej opisa\u0107 swoj\u0105 us\u0142ug\u0119 lub okazji, okre\u015bl czas trwania, ujawnij dane kontaktowe i ustal cen\u0119, aby usprawni\u0107 proces decyzyjny klient\u00f3w. Dodatkowo dostosuj estetyk\u0119 wizualn\u0105 aplikacji, dostosowuj\u0105c niestandardowe elementy i funkcje bez konieczno\u015bci doskonalenia umiej\u0119tno\u015bci programowania lub rekrutowania wykwalifikowanego programisty!<\/p> <p><b>Niech Twoja firma rozkwitnie i stanie si\u0119 dost\u0119pna dla wi\u0119kszej liczby klient\u00f3w dzi\u0119ki rezerwacja spotka\u0144 online na Twojej stronie internetowej!<\/b><\/p> <\/div> <div class=\"application-platform-content-item-features application-platform-content-item\" id=\"features\" data-nav-section=\"features\"> <h2>Oferujemy przydatne i szybkie funkcje, zobacz niekt\u00f3re z nich:<\/h2> <ul> <li>Przedstaw zwi\u0119z\u0142y opis swojej us\u0142ugi \u2013 nazw\u0119, szczeg\u00f3\u0142y, zdj\u0119cie i czas trwania \u2013 i ustal ceny w r\u00f3\u017cnych walutach.<\/li><li>Wysy\u0142aj automatyczne powiadomienia, aby potwierdzi\u0107 zaplanowane spotkania do klient\u00f3w i siebie.<\/li> li&gt;<li>Zsynchronizuj wid\u017cet z funkcjami integracji innych firm, takimi jak Kalendarz Google, aby zawsze by\u0107 na bie\u017c\u0105co.<\/li><li>Wy\u015bwietlaj informacje kontaktowe swojej firmy, aby zwi\u0119kszy\u0107 wiarygodno\u015b\u0107 i umo\u017cliwi\u0107 u\u017cytkownikom kontakt w przypadku nieprzewidzianych okoliczno\u015bci. <\/li><li>Dostosowywanie bez kodu dzi\u0119ki zaawansowanym ustawieniom projektu: gotowe szablony, kolory, stylowe uk\u0142ady, czcionki, niestandardowy edytor CSS, niestandardowy edytor JS i nie tylko.<\/li><\/ul><p> <a href=\"#demo\">Pe\u0142ne mo\u017cliwo\u015bci wid\u017cetu mo\u017cesz sprawdzi\u0107 w wersji demonstracyjnej na tej stronie<\/a><\/p> <\/div> <div class=\"application-platform-content-item-installation application-platform-content-item\" id=\"installation\" data-nav-section=\"installation\"> <h2>Jak to zrobi\u0107 Osadzam rezerwacj\u0119 spotkania na mojej stronie BigCommerce?<\/h2> <p>Aby doda\u0107 rezerwacj\u0119 spotkania do swojej witryny BigCommerce, wykonaj nast\u0119puj\u0105ce czynno\u015bci:<\/p> <ol><li><b>Skorzystaj z naszego bezp\u0142atnego demo i rozpocznij tworzenie niestandardowego wid\u017cetu LinkedIn Feed.<\/b><br> Okre\u015bl niestandardowy projekt i cechy wtyczki oraz zastosuj modyfikacje.<\/li> <li><b>Skopiuj kod osobisty pokazany w oknie Aplikacje Elfsight.<\/b><br> Po zako\u0144czeniu tworzenia osobistego narz\u0119dzia skopiuj indywidualny kod z wyskakuj\u0105cego okienka i zapisz go na przysz\u0142e okazje.<\/li> <li><b>Rozpocznij korzystanie z narz\u0119dzia w dniu swoj\u0105 witryn\u0119 BigCommerce.<\/b><br> Wstaw kod, kt\u00f3ry ostatnio zapisa\u0142e\u015b na swojej stronie i zastosuj modyfikacje.<\/li> <li><b>Konfiguracja zosta\u0142a w pe\u0142ni przeprowadzona.<\/b><br> Wejd\u017a na swoj\u0105 stron\u0119 i sprawd\u017a, jak dzia\u0142a narz\u0119dzie.<\/li><\/ol> <p>Je\u015bli masz pytania lub napotkasz przeszkody, skontaktuj si\u0119 z naszym personelem pomocniczym. Nasi ludzie pragn\u0105 rozwi\u0105za\u0107 wszystkie problemy, jakie mo\u017cesz mie\u0107 z wtyczk\u0105.<\/p> <\/div> ","protected":false},"excerpt":{"rendered":"","protected":false},"author":9,"featured_media":0,"parent":9514,"menu_order":0,"comment_status":"closed","ping_status":"closed","template":"templates\/template-application-platform.php","meta":{"publish_to_discourse":"","publish_post_category":"","wpdc_auto_publish_overridden":"","wpdc_topic_tags":"","wpdc_pin_topic":"","wpdc_pin_until":"","discourse_post_id":"","discourse_permalink":"","wpdc_publishing_response":"","wpdc_publishing_error":"","footnotes":""},"class_list":["post-8709","page","type-page","status-publish","hentry"],"yoast_head":"<!-- This site is optimized with the Yoast SEO plugin v25.3.1 - https:\/\/yoast.com\/wordpress\/plugins\/seo\/ -->\n<title>Widget Rezerwacja spotka\u0144 \u2014 Osad\u017a rezerwacj\u0119 na stronie BigCommerce<\/title>\n<meta name=\"description\" content=\"Dodaj niekoduj\u0105c\u0105 aplikacj\u0119 do rezerwacji spotka\u0144 do strony na Facebooku i pozw\u00f3l klientom rezerwowa\u0107 miejsca za pomoc\u0105 kilku klikni\u0119\u0107!\" \/>\n<meta name=\"robots\" content=\"index, follow, max-snippet:-1, max-image-preview:large, max-video-preview:-1\" \/>\n<link rel=\"canonical\" href=\"https:\/\/elfsight.com\/pl\/appointment-booking-widget\/bigcommerce\/\" \/>\n<meta property=\"og:locale\" content=\"pl_PL\" \/>\n<meta property=\"og:type\" content=\"article\" \/>\n<meta property=\"og:title\" content=\"Widget Rezerwacja spotka\u0144 \u2014 Osad\u017a rezerwacj\u0119 na stronie BigCommerce\" \/>\n<meta property=\"og:description\" content=\"Dodaj niekoduj\u0105c\u0105 aplikacj\u0119 do rezerwacji spotka\u0144 do strony na Facebooku i pozw\u00f3l klientom rezerwowa\u0107 miejsca za pomoc\u0105 kilku klikni\u0119\u0107!\" \/>\n<meta property=\"og:url\" content=\"https:\/\/elfsight.com\/pl\/appointment-booking-widget\/bigcommerce\/\" \/>\n<meta property=\"og:site_name\" content=\"Elfsight PL\" \/>\n<meta property=\"article:modified_time\" content=\"2024-12-17T13:09:43+00:00\" \/>\n<meta name=\"twitter:card\" content=\"summary_large_image\" \/>\n<meta name=\"twitter:label1\" content=\"Szacowany czas czytania\" \/>\n\t<meta name=\"twitter:data1\" content=\"2 minuty\" \/>\n<!-- \/ Yoast SEO plugin. -->","yoast_head_json":{"title":"Widget Rezerwacja spotka\u0144 \u2014 Osad\u017a rezerwacj\u0119 na stronie BigCommerce","description":"Dodaj niekoduj\u0105c\u0105 aplikacj\u0119 do rezerwacji spotka\u0144 do strony na Facebooku i pozw\u00f3l klientom rezerwowa\u0107 miejsca za pomoc\u0105 kilku klikni\u0119\u0107!","robots":{"index":"index","follow":"follow","max-snippet":"max-snippet:-1","max-image-preview":"max-image-preview:large","max-video-preview":"max-video-preview:-1"},"canonical":"https:\/\/elfsight.com\/pl\/appointment-booking-widget\/bigcommerce\/","og_locale":"pl_PL","og_type":"article","og_title":"Widget Rezerwacja spotka\u0144 \u2014 Osad\u017a rezerwacj\u0119 na stronie BigCommerce","og_description":"Dodaj niekoduj\u0105c\u0105 aplikacj\u0119 do rezerwacji spotka\u0144 do strony na Facebooku i pozw\u00f3l klientom rezerwowa\u0107 miejsca za pomoc\u0105 kilku klikni\u0119\u0107!","og_url":"https:\/\/elfsight.com\/pl\/appointment-booking-widget\/bigcommerce\/","og_site_name":"Elfsight PL","article_modified_time":"2024-12-17T13:09:43+00:00","twitter_card":"summary_large_image","twitter_misc":{"Szacowany czas czytania":"2 minuty"},"schema":{"@context":"https:\/\/schema.org","@graph":[{"@type":"WebPage","@id":"https:\/\/elfsight.com\/pl\/appointment-booking-widget\/bigcommerce\/","url":"https:\/\/elfsight.com\/pl\/appointment-booking-widget\/bigcommerce\/","name":"Widget Rezerwacja spotka\u0144 \u2014 Osad\u017a rezerwacj\u0119 na stronie BigCommerce","isPartOf":{"@id":"https:\/\/elfsight.com\/pl\/#website"},"datePublished":"2024-09-30T18:27:29+00:00","dateModified":"2024-12-17T13:09:43+00:00","description":"Dodaj niekoduj\u0105c\u0105 aplikacj\u0119 do rezerwacji spotka\u0144 do strony na Facebooku i pozw\u00f3l klientom rezerwowa\u0107 miejsca za pomoc\u0105 kilku klikni\u0119\u0107!","breadcrumb":{"@id":"https:\/\/elfsight.com\/pl\/appointment-booking-widget\/bigcommerce\/#breadcrumb"},"inLanguage":"pl-PL","potentialAction":[{"@type":"ReadAction","target":["https:\/\/elfsight.com\/pl\/appointment-booking-widget\/bigcommerce\/"]}]},{"@type":"BreadcrumbList","@id":"https:\/\/elfsight.com\/pl\/appointment-booking-widget\/bigcommerce\/#breadcrumb","itemListElement":[{"@type":"ListItem","position":1,"name":"Home","item":"https:\/\/elfsight.com\/pl\/"},{"@type":"ListItem","position":2,"name":"Appointment Booking","item":"https:\/\/elfsight.com\/pl\/appointment-booking-widget\/"},{"@type":"ListItem","position":3,"name":"appointment booking &#8211; bigcommerce"}]},{"@type":"WebSite","@id":"https:\/\/elfsight.com\/pl\/#website","url":"https:\/\/elfsight.com\/pl\/","name":"Elfsight PL","description":"Just another Elfsight Sites site","potentialAction":[{"@type":"SearchAction","target":{"@type":"EntryPoint","urlTemplate":"https:\/\/elfsight.com\/pl\/?s={search_term_string}"},"query-input":{"@type":"PropertyValueSpecification","valueRequired":true,"valueName":"search_term_string"}}],"inLanguage":"pl-PL"}]}},"meta_box":{"industry":"","seo_heading":"","heading":"","description":"","cta_heading":"","cta_description":"","application":"9513","h1":"Aplikacja do rezerwacji spotka\u0144 BigCommerce","h1_caption":"Pozw\u00f3l u\u017cytkownikom \u0142atwo planowa\u0107 spotkania bezpo\u015brednio ze strony internetowej BigCommere, zwi\u0119kszaj\u0105c wygod\u0119 i usprawniaj\u0105c proces rezerwacji.","application_category":[],"applications_title":"","applications_request_title":"","applications_request_button_text":"","hero_text":"","hero_video":"","hero_video_schema_markup":"","selling_points_title":"","selling_points_caption":"","selling_points":[],"selling_points_cta_text":"","features_title":"","features":"","ed_cta_examples_text":"","ed_cta_examples_hidden":"","ed_cta_demo_text":"","ed_cta_demo_hidden":"","why_caption":"","why_editor_title":"","why_editor_text":"","why_team_title":"","why_team_text":"","why_service_title":"","why_service_text":"","template_catalog_visible":"","template_catalog_title":"","template_catalog_text":"","template_catalog_categories_visible":"","demo_title":"Utw\u00f3rz aplikacj\u0119 do rezerwacji spotka\u0144","demo_caption":"Skonfiguruj rezerwacj\u0119 spotkania i dodaj j\u0105 do swojej witryny BigCommerce za darmo!","default_faq_hidden":"","app_template_category":[],"platform":"41","template_public_id":"","codecanyon_url":"","codecanyon_item_id":"","codecanyon_price":"","pricing_caption":"","pricing_elfsight_apps_hide_column":"","pricing_elfsight_apps_url":"","pricing_codecanyon_price_caption":"","integration_category":[],"integration_request_title":"","integration_request_cta":"","integration_platform":"","integrations":[],"platform_category":[],"video_schema_markup":"","price":"od 0 USD \/ miesi\u0105c","trial":"","benefits":[{"text":"Bezp\u0142atna us\u0142uga monta\u017cu"},{"text":"Profesjonalna obs\u0142uga klienta"},{"text":"14-dniowa gwarancja zwrotu pieni\u0119dzy"},{"text":"Regularne ulepszenia"}],"button_url":"#demo","button_target_blank":"","button_nofollow":"","attributes":[{"name":"Instaluje","content":"1,000 - 5,000"},{"name":"Czu\u0142y","content":"Tak"},{"name":"Kompatybilne przegl\u0105darki","content":"Firefox, Safari, Opera, Chrome, Edge"}],"tags":[],"tags_disable_links":"","hide_more_platforms":"","video_object":"","demo_hide_cta":"","demo_hide_cloud_options":"","pricing_title":"","pricing":[{"pricing_icon":"platform","pricing_title":"Elfsight Apps","pricing_title_caption":"Wieloplatformowe rozwi\u0105zanie cyfrowe, kt\u00f3re dzia\u0142a na ka\u017cdej stronie internetowej","pricing_price":"Od 0 USD \/ miesi\u0105c","pricing_price_caption":"Zacznij od bezp\u0142atnego planu","pricing_benefits":[{"text":"Nielimitowane strony internetowe"},{"text":"Szybka pomoc firmy i dobrze udokumentowana"},{"text":"Bezp\u0142atna us\u0142uga monta\u017cu"},{"text":"100% konfigurowalny"}],"pricing_button_text":"Dodaj do witryny","pricing_button_url":"#demo"}],"related_apps_title":"","related_apps_hidden":"","author":"","image":[],"title":"","job":"","social_networks":[]},"_links":{"self":[{"href":"https:\/\/elfsight.com\/pl\/wp-json\/wp\/v2\/pages\/8709","targetHints":{"allow":["GET"]}}],"collection":[{"href":"https:\/\/elfsight.com\/pl\/wp-json\/wp\/v2\/pages"}],"about":[{"href":"https:\/\/elfsight.com\/pl\/wp-json\/wp\/v2\/types\/page"}],"author":[{"embeddable":true,"href":"https:\/\/elfsight.com\/pl\/wp-json\/wp\/v2\/users\/9"}],"replies":[{"embeddable":true,"href":"https:\/\/elfsight.com\/pl\/wp-json\/wp\/v2\/comments?post=8709"}],"version-history":[{"count":1,"href":"https:\/\/elfsight.com\/pl\/wp-json\/wp\/v2\/pages\/8709\/revisions"}],"predecessor-version":[{"id":8713,"href":"https:\/\/elfsight.com\/pl\/wp-json\/wp\/v2\/pages\/8709\/revisions\/8713"}],"up":[{"embeddable":true,"href":"https:\/\/elfsight.com\/pl\/wp-json\/wp\/v2\/pages\/9514"}],"wp:attachment":[{"href":"https:\/\/elfsight.com\/pl\/wp-json\/wp\/v2\/media?parent=8709"}],"curies":[{"name":"wp","href":"https:\/\/api.w.org\/{rel}","templated":true}]}}