{"id":8704,"date":"2024-09-30T18:27:29","date_gmt":"2024-09-30T18:27:29","guid":{"rendered":"https:\/\/elfsight.com\/pl\/?page_id=8704"},"modified":"2024-12-17T13:09:33","modified_gmt":"2024-12-17T13:09:33","slug":"blogger","status":"publish","type":"page","link":"https:\/\/elfsight.com\/pl\/appointment-booking-widget\/blogger\/","title":{"rendered":"appointment booking &#8211; blogger"},"content":{"rendered":"<div class=\"application-platform-content-item-description application-platform-content-item\" id=\"description\" data-nav-section=\"description\"><h2>Umie\u015b\u0107 rezerwacj\u0119 spotkania na Bloggerze za pomoc\u0105 wid\u017cetu Elfsight!<\/h2> <p>Widget Rezerwacja spotkania ma pom\u00f3c potencjalnym klientom zabezpieczy\u0107 czas wygodne miejsca w witrynie Bloggera i przejmij od siebie ci\u0119\u017car praktycznych zada\u0144, takich jak ci\u0105g\u0142e monitorowanie wiadomo\u015bci, po\u0142\u0105cze\u0144 i e-maili. Dzia\u0142a jako wirtualna recepcjonistka pracuj\u0105ca 24 godziny na dob\u0119, 7 dni w tygodniu, z mo\u017cliwo\u015bci\u0105 wysy\u0142ania automatycznych potwierdze\u0144 i \u0142\u0105czenia si\u0119 z zewn\u0119trznymi integracjami, takimi jak Kalendarz Google.<\/p> <p>Nadszed\u0142 moment, aby g\u0142\u0119biej zag\u0142\u0119bi\u0107 si\u0119 w Twoj\u0105 us\u0142ug\u0119 lub wydarzenie, okre\u015bli\u0107 ramy czasowe, ujawnij dane kontaktowe i zdecyduj o cenie, aby u\u0142atwi\u0107 klientom podj\u0119cie decyzji. Co wi\u0119cej, dostosuj wygl\u0105d wid\u017cetu, modyfikuj\u0105c niestandardowe elementy i funkcje bez konieczno\u015bci doskonalenia wiedzy programistycznej lub zatrudniania wykwalifikowanego programisty!<\/p> <p><b>Niech Tw\u00f3j biznes rozkwitnie i b\u0119dzie w zasi\u0119gu szerszego grona odbiorc\u00f3w oferuj\u0105c rezerwacj\u0119 spotka\u0144 online na swojej stronie internetowej!<\/b><\/p> <\/div> <div class=\"application-platform-content-item-features application-platform-content-item\" id=\"features\" data-nav-section=\"features\"> <h2>Znajd\u017a poni\u017cej kluczowe funkcje wid\u017cetu:<\/h2> <ul><li>Zaoferuj kompleksowy przegl\u0105d swoich us\u0142ug \u2013 nazw\u0119, szczeg\u00f3\u0142y, zdj\u0119cie i czas trwania \u2013 oraz skonfiguruj ceny w r\u00f3\u017cnych walutach.<\/li><li>Wysy\u0142aj automatyczne powiadomienia, aby potwierdzi\u0107 zarezerwowane spotkania do klient\u00f3w i siebie.<\/li> <li>Po\u0142\u0105cz wid\u017cet z us\u0142ugami outsourcingowymi, takimi jak Kalendarz Google, aby otrzymywa\u0107 ci\u0105g\u0142e aktualizacje.<\/li><li>Udost\u0119pnij informacje kontaktowe swojej firmy w ramach weryfikacji spo\u0142eczno\u015bciowej i pozw\u00f3l u\u017cytkownikom kontaktowa\u0107 si\u0119 z Tob\u0105 w przypadku nieprzewidzianych scenariuszy.<\/li> li&gt;<li>Dostosowywanie bez kodu dzi\u0119ki zaawansowanym ustawieniom projektu: gotowe do u\u017cycia szablony, kolory, uk\u0142ady, czcionki, niestandardowy edytor CSS, niestandardowy edytor JS i nie tylko.<\/li><\/ul><p><a href=\"#demo\">Wypr\u00f3buj wszystkie ustawienia w pe\u0142nej wersji demonstracyjnej<\/a><\/p> <\/div> <div class=\"application-platform-content-item-installation application-platform-content-item\" id=\"installation\" data-nav-section=\"installation\"> <h2>Jak doda\u0107 rezerwacj\u0119 spotkania do mojej witryny Bloggera ?<\/h2> <p>Je\u015bli chcesz doda\u0107 rezerwacj\u0119 spotka\u0144 do swojej witryny Bloggera, wykonaj nast\u0119puj\u0105ce kroki:<\/p> <ol><li><b>Uruchom nasz\u0105 bezp\u0142atn\u0105 wersj\u0119 demonstracyjn\u0105 i zacznij tworzy\u0107 spersonalizowan\u0105 wtyczk\u0119 LinkedIn Feed .<\/b><br> Okre\u015bl po\u017c\u0105dany interfejs i specyfikacje narz\u0119dzia i zastosuj zmiany.<\/li> <li><b>Uzyskaj sw\u00f3j unikalny kod, kt\u00f3ry pojawi si\u0119 w oknie aplikacji Elfsight.<\/b> <br> Po zako\u0144czeniu dostosowywania osobistego narz\u0119dzia skopiuj indywidualny kod z wy\u015bwietlonego pola i zachowaj go na p\u00f3\u017aniej.<\/li> <li><b>Rozpocznij korzystanie z wid\u017cetu w swojej witrynie Bloggera .<\/b><br> Zaimplementuj skopiowany wcze\u015bniej kod na swojej stronie internetowej i zastosuj poprawki.<\/li> <li><b>Instalacja zosta\u0142a ca\u0142kowicie zako\u0144czona.<\/b><br> Odwied\u017a swoj\u0105 witryn\u0119, aby zapozna\u0107 si\u0119 z sprawd\u017a, jak dzia\u0142a wtyczka.<\/li><\/ol> <p>W przypadku pyta\u0144 lub komplikacji nie wahaj si\u0119 zwr\u00f3ci\u0107 do naszego zespo\u0142u obs\u0142ugi klienta. Nasi konsultanci ch\u0119tnie pomog\u0105 Ci we wszystkich problemach, jakie mo\u017cesz mie\u0107 z narz\u0119dziem.<\/p> <\/div> ","protected":false},"excerpt":{"rendered":"","protected":false},"author":9,"featured_media":0,"parent":9514,"menu_order":0,"comment_status":"closed","ping_status":"closed","template":"templates\/template-application-platform.php","meta":{"publish_to_discourse":"","publish_post_category":"","wpdc_auto_publish_overridden":"","wpdc_topic_tags":"","wpdc_pin_topic":"","wpdc_pin_until":"","discourse_post_id":"","discourse_permalink":"","wpdc_publishing_response":"","wpdc_publishing_error":"","footnotes":""},"class_list":["post-8704","page","type-page","status-publish","hentry"],"yoast_head":"<!-- This site is optimized with the Yoast SEO plugin v25.3.1 - https:\/\/yoast.com\/wordpress\/plugins\/seo\/ -->\n<title>Widget Rezerwacja spotka\u0144 \u2014 Umie\u015b\u0107 rezerwacj\u0119 w witrynie Bloggera<\/title>\n<meta name=\"description\" content=\"Dodaj pozbawion\u0105 kodowania aplikacj\u0119 do rezerwacji spotka\u0144 na stronie BigCommerce i pozw\u00f3l klientom rezerwowa\u0107 miejsca za pomoc\u0105 kilku klikni\u0119\u0107!\" \/>\n<meta name=\"robots\" content=\"index, follow, max-snippet:-1, max-image-preview:large, max-video-preview:-1\" \/>\n<link rel=\"canonical\" href=\"https:\/\/elfsight.com\/pl\/appointment-booking-widget\/blogger\/\" \/>\n<meta property=\"og:locale\" content=\"pl_PL\" \/>\n<meta property=\"og:type\" content=\"article\" \/>\n<meta property=\"og:title\" content=\"Widget Rezerwacja spotka\u0144 \u2014 Umie\u015b\u0107 rezerwacj\u0119 w witrynie Bloggera\" \/>\n<meta property=\"og:description\" content=\"Dodaj pozbawion\u0105 kodowania aplikacj\u0119 do rezerwacji spotka\u0144 na stronie BigCommerce i pozw\u00f3l klientom rezerwowa\u0107 miejsca za pomoc\u0105 kilku klikni\u0119\u0107!\" \/>\n<meta property=\"og:url\" content=\"https:\/\/elfsight.com\/pl\/appointment-booking-widget\/blogger\/\" \/>\n<meta property=\"og:site_name\" content=\"Elfsight PL\" \/>\n<meta property=\"article:modified_time\" content=\"2024-12-17T13:09:33+00:00\" \/>\n<meta name=\"twitter:card\" content=\"summary_large_image\" \/>\n<meta name=\"twitter:label1\" content=\"Szacowany czas czytania\" \/>\n\t<meta name=\"twitter:data1\" content=\"2 minuty\" \/>\n<!-- \/ Yoast SEO plugin. -->","yoast_head_json":{"title":"Widget Rezerwacja spotka\u0144 \u2014 Umie\u015b\u0107 rezerwacj\u0119 w witrynie Bloggera","description":"Dodaj pozbawion\u0105 kodowania aplikacj\u0119 do rezerwacji spotka\u0144 na stronie BigCommerce i pozw\u00f3l klientom rezerwowa\u0107 miejsca za pomoc\u0105 kilku klikni\u0119\u0107!","robots":{"index":"index","follow":"follow","max-snippet":"max-snippet:-1","max-image-preview":"max-image-preview:large","max-video-preview":"max-video-preview:-1"},"canonical":"https:\/\/elfsight.com\/pl\/appointment-booking-widget\/blogger\/","og_locale":"pl_PL","og_type":"article","og_title":"Widget Rezerwacja spotka\u0144 \u2014 Umie\u015b\u0107 rezerwacj\u0119 w witrynie Bloggera","og_description":"Dodaj pozbawion\u0105 kodowania aplikacj\u0119 do rezerwacji spotka\u0144 na stronie BigCommerce i pozw\u00f3l klientom rezerwowa\u0107 miejsca za pomoc\u0105 kilku klikni\u0119\u0107!","og_url":"https:\/\/elfsight.com\/pl\/appointment-booking-widget\/blogger\/","og_site_name":"Elfsight PL","article_modified_time":"2024-12-17T13:09:33+00:00","twitter_card":"summary_large_image","twitter_misc":{"Szacowany czas czytania":"2 minuty"},"schema":{"@context":"https:\/\/schema.org","@graph":[{"@type":"WebPage","@id":"https:\/\/elfsight.com\/pl\/appointment-booking-widget\/blogger\/","url":"https:\/\/elfsight.com\/pl\/appointment-booking-widget\/blogger\/","name":"Widget Rezerwacja spotka\u0144 \u2014 Umie\u015b\u0107 rezerwacj\u0119 w witrynie Bloggera","isPartOf":{"@id":"https:\/\/elfsight.com\/pl\/#website"},"datePublished":"2024-09-30T18:27:29+00:00","dateModified":"2024-12-17T13:09:33+00:00","description":"Dodaj pozbawion\u0105 kodowania aplikacj\u0119 do rezerwacji spotka\u0144 na stronie BigCommerce i pozw\u00f3l klientom rezerwowa\u0107 miejsca za pomoc\u0105 kilku klikni\u0119\u0107!","breadcrumb":{"@id":"https:\/\/elfsight.com\/pl\/appointment-booking-widget\/blogger\/#breadcrumb"},"inLanguage":"pl-PL","potentialAction":[{"@type":"ReadAction","target":["https:\/\/elfsight.com\/pl\/appointment-booking-widget\/blogger\/"]}]},{"@type":"BreadcrumbList","@id":"https:\/\/elfsight.com\/pl\/appointment-booking-widget\/blogger\/#breadcrumb","itemListElement":[{"@type":"ListItem","position":1,"name":"Home","item":"https:\/\/elfsight.com\/pl\/"},{"@type":"ListItem","position":2,"name":"Appointment Booking","item":"https:\/\/elfsight.com\/pl\/appointment-booking-widget\/"},{"@type":"ListItem","position":3,"name":"appointment booking &#8211; blogger"}]},{"@type":"WebSite","@id":"https:\/\/elfsight.com\/pl\/#website","url":"https:\/\/elfsight.com\/pl\/","name":"Elfsight PL","description":"Just another Elfsight Sites site","potentialAction":[{"@type":"SearchAction","target":{"@type":"EntryPoint","urlTemplate":"https:\/\/elfsight.com\/pl\/?s={search_term_string}"},"query-input":{"@type":"PropertyValueSpecification","valueRequired":true,"valueName":"search_term_string"}}],"inLanguage":"pl-PL"}]}},"meta_box":{"industry":"","seo_heading":"","heading":"","description":"","cta_heading":"","cta_description":"","application":"9513","h1":"Wid\u017cet rezerwacji spotka\u0144 w Bloggerze","h1_caption":"Pozw\u00f3l u\u017cytkownikom \u0142atwo planowa\u0107 spotkania bezpo\u015brednio z Twojej witryny Bloggera, zwi\u0119kszaj\u0105c wygod\u0119 i usprawniaj\u0105c proces rezerwacji.","application_category":[],"applications_title":"","applications_request_title":"","applications_request_button_text":"","hero_text":"","hero_video":"","hero_video_schema_markup":"","selling_points_title":"","selling_points_caption":"","selling_points":[],"selling_points_cta_text":"","features_title":"","features":"","ed_cta_examples_text":"","ed_cta_examples_hidden":"","ed_cta_demo_text":"","ed_cta_demo_hidden":"","why_caption":"","why_editor_title":"","why_editor_text":"","why_team_title":"","why_team_text":"","why_service_title":"","why_service_text":"","template_catalog_visible":"","template_catalog_title":"","template_catalog_text":"","template_catalog_categories_visible":"","demo_title":"Utw\u00f3rz wid\u017cet Rezerwacja spotkania","demo_caption":"Skonfiguruj rezerwacj\u0119 spotkania i dodaj j\u0105 do swojej witryny Bloggera za darmo!","default_faq_hidden":"","app_template_category":[],"platform":"44","template_public_id":"","codecanyon_url":"","codecanyon_item_id":"","codecanyon_price":"","pricing_caption":"","pricing_elfsight_apps_hide_column":"","pricing_elfsight_apps_url":"","pricing_codecanyon_price_caption":"","integration_category":[],"integration_request_title":"","integration_request_cta":"","integration_platform":"","integrations":[],"platform_category":[],"video_schema_markup":"","price":"od 0 USD \/ miesi\u0105c","trial":"","benefits":[{"text":"Bezp\u0142atna pomoc w monta\u017cu"},{"text":"Wyj\u0105tkowe wsparcie"},{"text":"14-dniowa gwarancja zwrotu pieni\u0119dzy"},{"text":"Bie\u017c\u0105ce bezp\u0142atne aktualizacje"}],"button_url":"#demo","button_target_blank":"","button_nofollow":"","attributes":[{"name":"Instaluje","content":"1,000 - 5,000"},{"name":"Czu\u0142y","content":"Tak"},{"name":"Kompatybilne przegl\u0105darki","content":"Firefox, Safari, Opera, Chrome, Edge"}],"tags":[],"tags_disable_links":"","hide_more_platforms":"","video_object":"","demo_hide_cta":"","demo_hide_cloud_options":"","pricing_title":"","pricing":[{"pricing_icon":"platform","pricing_title":"Elfsight Apps","pricing_title_caption":"Wersja wieloplatformowa, kt\u00f3ra dzia\u0142a na ka\u017cdej stronie internetowej","pricing_price":"Od 0 USD \/ miesi\u0105c","pricing_price_caption":"Zacznij od bezp\u0142atnego planu","pricing_benefits":[{"text":"Nielimitowane strony internetowe"},{"text":"Bezp\u0142atna obs\u0142uga klienta"},{"text":"Bezp\u0142atne wsparcie przy monta\u017cu"},{"text":"W pe\u0142ni konfigurowalny"}],"pricing_button_text":"Dodaj do witryny","pricing_button_url":"#demo"}],"related_apps_title":"","related_apps_hidden":"","author":"","image":[],"title":"","job":"","social_networks":[]},"_links":{"self":[{"href":"https:\/\/elfsight.com\/pl\/wp-json\/wp\/v2\/pages\/8704","targetHints":{"allow":["GET"]}}],"collection":[{"href":"https:\/\/elfsight.com\/pl\/wp-json\/wp\/v2\/pages"}],"about":[{"href":"https:\/\/elfsight.com\/pl\/wp-json\/wp\/v2\/types\/page"}],"author":[{"embeddable":true,"href":"https:\/\/elfsight.com\/pl\/wp-json\/wp\/v2\/users\/9"}],"replies":[{"embeddable":true,"href":"https:\/\/elfsight.com\/pl\/wp-json\/wp\/v2\/comments?post=8704"}],"version-history":[{"count":1,"href":"https:\/\/elfsight.com\/pl\/wp-json\/wp\/v2\/pages\/8704\/revisions"}],"predecessor-version":[{"id":8708,"href":"https:\/\/elfsight.com\/pl\/wp-json\/wp\/v2\/pages\/8704\/revisions\/8708"}],"up":[{"embeddable":true,"href":"https:\/\/elfsight.com\/pl\/wp-json\/wp\/v2\/pages\/9514"}],"wp:attachment":[{"href":"https:\/\/elfsight.com\/pl\/wp-json\/wp\/v2\/media?parent=8704"}],"curies":[{"name":"wp","href":"https:\/\/api.w.org\/{rel}","templated":true}]}}