{"id":8703,"date":"2024-09-30T18:27:29","date_gmt":"2024-09-30T18:27:29","guid":{"rendered":"https:\/\/elfsight.com\/pl\/?page_id=8703"},"modified":"2024-12-17T13:09:33","modified_gmt":"2024-12-17T13:09:33","slug":"woocommerce","status":"publish","type":"page","link":"https:\/\/elfsight.com\/pl\/appointment-booking-widget\/woocommerce\/","title":{"rendered":"appointment booking &#8211; woocommerce"},"content":{"rendered":"<div class=\"application-platform-content-item-description application-platform-content-item\" id=\"description\" data-nav-section=\"description\"><h2>Osad\u017a rezerwacj\u0119 spotkania w WooCommerce za pomoc\u0105 wtyczki Elfsight!<\/h2> <p>Dost\u0119pna jest wtyczka Rezerwacja spotkania, kt\u00f3ra pomaga potencjalnym klientom rezerwowa\u0107 czas sloty w Twojej witrynie WooCommerce, zmniejszaj\u0105c obci\u0105\u017cenie prac\u0105 r\u0119czn\u0105 \u2013 tak\u0105 jak ci\u0105g\u0142e monitorowanie wiadomo\u015bci, po\u0142\u0105cze\u0144 i e-maili \u2013 od Ciebie. Pe\u0142ni funkcj\u0119 dedykowanego asystenta pracuj\u0105cego 24 godziny na dob\u0119, 7 dni w tygodniu, zdolnego r\u00f3wnie\u017c do wysy\u0142ania automatycznych powiadomie\u0144 i synchronizacji ze specjalistycznymi aplikacjami, takimi jak Kalendarz Google.<\/p> <p>Nadszed\u0142 moment, aby dok\u0142adniej opisa\u0107 us\u0142ug\u0119 lub okazj\u0119, okre\u015bli\u0107 godzin\u0119 ramk\u0119, udost\u0119pnij dane kontaktowe i wyja\u015bnij ceny, aby u\u0142atwi\u0107 klientom proces decyzyjny. Co wi\u0119cej, dostosuj wygl\u0105d wtyczki, dostosowuj\u0105c niestandardowe elementy i funkcje bez konieczno\u015bci doskonalenia umiej\u0119tno\u015bci programowania lub anga\u017cowania programisty!<\/p> <p><b>Niech Twoja firma rozkwitnie i b\u0119dzie dost\u0119pna dla ka\u017cdego potencjalnego klienta dzi\u0119ki online rezerwacja spotka\u0144 w Twojej witrynie!<\/b><\/p> <\/div> <div class=\"application-platform-content-item-features application-platform-content-item\" id=\"features\" data-nav-section=\"features\"> <h2>Widget zawiera cenne i nieskomplikowane funkcje, oto niekt\u00f3re z nich:<\/h2> <ul><li>Przedstaw zwi\u0119z\u0142y opis swojej us\u0142ugi \u2013 nazw\u0119, szczeg\u00f3\u0142y, zdj\u0119cie i czas trwania \u2013 oraz skonfiguruj ceny w r\u00f3\u017cnych walutach.<\/li><li>Wysy\u0142aj automatyczne powiadomienia, aby potwierdzi\u0107 zabezpieczone spotkania do klient\u00f3w i siebie. <\/li><li>Po\u0142\u0105cz wid\u017cet z us\u0142ugami innych firm, takimi jak Kalendarz Google, aby zawsze by\u0107 na bie\u017c\u0105co.<\/li><li>Przedstaw dane kontaktowe swojej firmy jako dow\u00f3d spo\u0142eczno\u015bciowy i umo\u017cliwij u\u017cytkownikom kontakt w przypadku nieprzewidziane scenariusze.<\/li><li>Zaawansowane dostosowywanie bez konieczno\u015bci kodowania: gotowe do u\u017cycia szablony, kolory, projekty uk\u0142ad\u00f3w, czcionki, niestandardowy edytor CSS, niestandardowy edytor JS i wiele wi\u0119cej.<\/li><\/ul><p><a href=\"#demo\">Wypr\u00f3buj t\u0119 wersj\u0119 demonstracyjn\u0105, aby uzyska\u0107 pe\u0142ny obraz<\/a><\/p> <\/div> <div class=\"application-platform-content-item-installation application-platform-content-item\" id=\"installation\" data-nav-section=\"installation\"> <h2>Jak doda\u0107 spotkanie Rezerwujesz wizyt\u0119 na mojej stronie WooCommerce?<\/h2> <p>Aby doda\u0107 rezerwacj\u0119 spotkania do swojej witryny WooCommerce, wykonaj nast\u0119puj\u0105ce czynno\u015bci:<\/p> <ol><li><b>Uruchom nasz darmowy edytor i rozpocznij tworzenie niestandardowego LinkedIn Wid\u017cet kana\u0142u.<\/b><br> Okre\u015bl odpowiedni\u0105 form\u0119 i specyfikacje wid\u017cetu i zapisz zmiany.<\/li> <li><b>Zdob\u0105d\u017a osobisty kod pojawiaj\u0105cy si\u0119 w specjalnym formularzu w aplikacjach Elfsight.<\/b><br> Po zako\u0144czeniu konfiguracji osobistej wtyczki skopiuj osobisty kod z wy\u015bwietlonego okna i zachowaj go na p\u00f3\u017aniej.<\/li> <li><b>Rozpocznij korzystanie z wtyczki na swojej stronie WooCommerce. <\/b><br> Zintegruj zapisany wcze\u015bniej kod ze swoj\u0105 witryn\u0105 i zapisz zmiany.<\/li> <li><b>Gotowe! Integracja zosta\u0142a ca\u0142kowicie zako\u0144czona.<\/b><br> Odwied\u017a swoj\u0105 witryn\u0119, aby sprawdzi\u0107 dzia\u0142anie widgetu.<\/li><\/ol> <p>Je\u015bli napotkasz pytania lub napotkasz jakiekolwiek komplikacje, nie obawiaj si\u0119 zwr\u00f3ci\u0107 si\u0119 o pomoc do naszego zespo\u0142u obs\u0142ugi klienta. Nasi konsultanci ch\u0119tnie pomog\u0105 Ci we wszystkich problemach, jakie mo\u017cesz mie\u0107 z wid\u017cetem.<\/p> <\/div> ","protected":false},"excerpt":{"rendered":"","protected":false},"author":9,"featured_media":0,"parent":9514,"menu_order":0,"comment_status":"closed","ping_status":"closed","template":"templates\/template-application-platform.php","meta":{"publish_to_discourse":"","publish_post_category":"","wpdc_auto_publish_overridden":"","wpdc_topic_tags":"","wpdc_pin_topic":"","wpdc_pin_until":"","discourse_post_id":"","discourse_permalink":"","wpdc_publishing_response":"","wpdc_publishing_error":"","footnotes":""},"class_list":["post-8703","page","type-page","status-publish","hentry"],"yoast_head":"<!-- This site is optimized with the Yoast SEO plugin v25.3.1 - https:\/\/yoast.com\/wordpress\/plugins\/seo\/ -->\n<title>Widget Rezerwacja spotka\u0144 \u2014 Osad\u017a rezerwacj\u0119 na stronie WooCommerce<\/title>\n<meta name=\"description\" content=\"Dodaj niewymagaj\u0105c\u0105 kodowania aplikacj\u0119 do rezerwacji spotka\u0144 do witryny Bloggera i pozw\u00f3l klientom rezerwowa\u0107 miejsca za pomoc\u0105 kilku klikni\u0119\u0107!\" \/>\n<meta name=\"robots\" content=\"index, follow, max-snippet:-1, max-image-preview:large, max-video-preview:-1\" \/>\n<link rel=\"canonical\" href=\"https:\/\/elfsight.com\/pl\/appointment-booking-widget\/woocommerce\/\" \/>\n<meta property=\"og:locale\" content=\"pl_PL\" \/>\n<meta property=\"og:type\" content=\"article\" \/>\n<meta property=\"og:title\" content=\"Widget Rezerwacja spotka\u0144 \u2014 Osad\u017a rezerwacj\u0119 na stronie WooCommerce\" \/>\n<meta property=\"og:description\" content=\"Dodaj niewymagaj\u0105c\u0105 kodowania aplikacj\u0119 do rezerwacji spotka\u0144 do witryny Bloggera i pozw\u00f3l klientom rezerwowa\u0107 miejsca za pomoc\u0105 kilku klikni\u0119\u0107!\" \/>\n<meta property=\"og:url\" content=\"https:\/\/elfsight.com\/pl\/appointment-booking-widget\/woocommerce\/\" \/>\n<meta property=\"og:site_name\" content=\"Elfsight PL\" \/>\n<meta property=\"article:modified_time\" content=\"2024-12-17T13:09:33+00:00\" \/>\n<meta name=\"twitter:card\" content=\"summary_large_image\" \/>\n<meta name=\"twitter:label1\" content=\"Szacowany czas czytania\" \/>\n\t<meta name=\"twitter:data1\" content=\"2 minuty\" \/>\n<!-- \/ Yoast SEO plugin. -->","yoast_head_json":{"title":"Widget Rezerwacja spotka\u0144 \u2014 Osad\u017a rezerwacj\u0119 na stronie WooCommerce","description":"Dodaj niewymagaj\u0105c\u0105 kodowania aplikacj\u0119 do rezerwacji spotka\u0144 do witryny Bloggera i pozw\u00f3l klientom rezerwowa\u0107 miejsca za pomoc\u0105 kilku klikni\u0119\u0107!","robots":{"index":"index","follow":"follow","max-snippet":"max-snippet:-1","max-image-preview":"max-image-preview:large","max-video-preview":"max-video-preview:-1"},"canonical":"https:\/\/elfsight.com\/pl\/appointment-booking-widget\/woocommerce\/","og_locale":"pl_PL","og_type":"article","og_title":"Widget Rezerwacja spotka\u0144 \u2014 Osad\u017a rezerwacj\u0119 na stronie WooCommerce","og_description":"Dodaj niewymagaj\u0105c\u0105 kodowania aplikacj\u0119 do rezerwacji spotka\u0144 do witryny Bloggera i pozw\u00f3l klientom rezerwowa\u0107 miejsca za pomoc\u0105 kilku klikni\u0119\u0107!","og_url":"https:\/\/elfsight.com\/pl\/appointment-booking-widget\/woocommerce\/","og_site_name":"Elfsight PL","article_modified_time":"2024-12-17T13:09:33+00:00","twitter_card":"summary_large_image","twitter_misc":{"Szacowany czas czytania":"2 minuty"},"schema":{"@context":"https:\/\/schema.org","@graph":[{"@type":"WebPage","@id":"https:\/\/elfsight.com\/pl\/appointment-booking-widget\/woocommerce\/","url":"https:\/\/elfsight.com\/pl\/appointment-booking-widget\/woocommerce\/","name":"Widget Rezerwacja spotka\u0144 \u2014 Osad\u017a rezerwacj\u0119 na stronie WooCommerce","isPartOf":{"@id":"https:\/\/elfsight.com\/pl\/#website"},"datePublished":"2024-09-30T18:27:29+00:00","dateModified":"2024-12-17T13:09:33+00:00","description":"Dodaj niewymagaj\u0105c\u0105 kodowania aplikacj\u0119 do rezerwacji spotka\u0144 do witryny Bloggera i pozw\u00f3l klientom rezerwowa\u0107 miejsca za pomoc\u0105 kilku klikni\u0119\u0107!","breadcrumb":{"@id":"https:\/\/elfsight.com\/pl\/appointment-booking-widget\/woocommerce\/#breadcrumb"},"inLanguage":"pl-PL","potentialAction":[{"@type":"ReadAction","target":["https:\/\/elfsight.com\/pl\/appointment-booking-widget\/woocommerce\/"]}]},{"@type":"BreadcrumbList","@id":"https:\/\/elfsight.com\/pl\/appointment-booking-widget\/woocommerce\/#breadcrumb","itemListElement":[{"@type":"ListItem","position":1,"name":"Home","item":"https:\/\/elfsight.com\/pl\/"},{"@type":"ListItem","position":2,"name":"Appointment Booking","item":"https:\/\/elfsight.com\/pl\/appointment-booking-widget\/"},{"@type":"ListItem","position":3,"name":"appointment booking &#8211; woocommerce"}]},{"@type":"WebSite","@id":"https:\/\/elfsight.com\/pl\/#website","url":"https:\/\/elfsight.com\/pl\/","name":"Elfsight PL","description":"Just another Elfsight Sites site","potentialAction":[{"@type":"SearchAction","target":{"@type":"EntryPoint","urlTemplate":"https:\/\/elfsight.com\/pl\/?s={search_term_string}"},"query-input":{"@type":"PropertyValueSpecification","valueRequired":true,"valueName":"search_term_string"}}],"inLanguage":"pl-PL"}]}},"meta_box":{"industry":"","seo_heading":"","heading":"","description":"","cta_heading":"","cta_description":"","application":"9513","h1":"Wtyczka WooCommerce do rezerwacji spotka\u0144","h1_caption":"Pozw\u00f3l u\u017cytkownikom \u0142atwo planowa\u0107 spotkania bezpo\u015brednio z Twojej witryny Woocommerce, zwi\u0119kszaj\u0105c wygod\u0119 i usprawniaj\u0105c proces rezerwacji.","application_category":[],"applications_title":"","applications_request_title":"","applications_request_button_text":"","hero_text":"","hero_video":"","hero_video_schema_markup":"","selling_points_title":"","selling_points_caption":"","selling_points":[],"selling_points_cta_text":"","features_title":"","features":"","ed_cta_examples_text":"","ed_cta_examples_hidden":"","ed_cta_demo_text":"","ed_cta_demo_hidden":"","why_caption":"","why_editor_title":"","why_editor_text":"","why_team_title":"","why_team_text":"","why_service_title":"","why_service_text":"","template_catalog_visible":"","template_catalog_title":"","template_catalog_text":"","template_catalog_categories_visible":"","demo_title":"Utw\u00f3rz aplikacj\u0119 do rezerwacji spotka\u0144","demo_caption":"Skonfiguruj rezerwacj\u0119 spotkania i dodaj j\u0105 do swojej witryny WooCommerce za darmo!","default_faq_hidden":"","app_template_category":[],"platform":"335","template_public_id":"","codecanyon_url":"","codecanyon_item_id":"","codecanyon_price":"","pricing_caption":"","pricing_elfsight_apps_hide_column":"","pricing_elfsight_apps_url":"","pricing_codecanyon_price_caption":"","integration_category":[],"integration_request_title":"","integration_request_cta":"","integration_platform":"","integrations":[],"platform_category":[],"video_schema_markup":"","price":"od 0 USD \/ miesi\u0105c","trial":"","benefits":[{"text":"Bezp\u0142atna pomoc w monta\u017cu"},{"text":"Profesjonalna obs\u0142uga klienta"},{"text":"14-dniowa gwarancja zwrotu pieni\u0119dzy"},{"text":"Ci\u0105g\u0142y rozw\u00f3j"}],"button_url":"#demo","button_target_blank":"","button_nofollow":"","attributes":[{"name":"Instaluje","content":"1,000 - 5,000"},{"name":"Czu\u0142y","content":"Tak"},{"name":"Kompatybilne przegl\u0105darki","content":"Firefox, Safari, Opera, Chrome, Edge"}],"tags":[],"tags_disable_links":"","hide_more_platforms":"","video_object":"","demo_hide_cta":"","demo_hide_cloud_options":"","pricing_title":"","pricing":[{"pricing_icon":"platform","pricing_title":"Elfsight Apps","pricing_title_caption":"Wieloplatformowe rozwi\u0105zanie cyfrowe, kt\u00f3re dzia\u0142a na ka\u017cdej stronie internetowej","pricing_price":"Od 0 USD \/ miesi\u0105c","pricing_price_caption":"Zacznij od bezp\u0142atnego planu","pricing_benefits":[{"text":"Nielimitowane strony internetowe"},{"text":"Bezp\u0142atne i terminowe wsparcie oraz dobrze udokumentowane"},{"text":"Bezp\u0142atna pomoc w instalacji"},{"text":"W pe\u0142ni konfigurowalny"}],"pricing_button_text":"Dodaj do witryny","pricing_button_url":"#demo"}],"related_apps_title":"","related_apps_hidden":"","author":"","image":[],"title":"","job":"","social_networks":[]},"_links":{"self":[{"href":"https:\/\/elfsight.com\/pl\/wp-json\/wp\/v2\/pages\/8703","targetHints":{"allow":["GET"]}}],"collection":[{"href":"https:\/\/elfsight.com\/pl\/wp-json\/wp\/v2\/pages"}],"about":[{"href":"https:\/\/elfsight.com\/pl\/wp-json\/wp\/v2\/types\/page"}],"author":[{"embeddable":true,"href":"https:\/\/elfsight.com\/pl\/wp-json\/wp\/v2\/users\/9"}],"replies":[{"embeddable":true,"href":"https:\/\/elfsight.com\/pl\/wp-json\/wp\/v2\/comments?post=8703"}],"version-history":[{"count":1,"href":"https:\/\/elfsight.com\/pl\/wp-json\/wp\/v2\/pages\/8703\/revisions"}],"predecessor-version":[{"id":8707,"href":"https:\/\/elfsight.com\/pl\/wp-json\/wp\/v2\/pages\/8703\/revisions\/8707"}],"up":[{"embeddable":true,"href":"https:\/\/elfsight.com\/pl\/wp-json\/wp\/v2\/pages\/9514"}],"wp:attachment":[{"href":"https:\/\/elfsight.com\/pl\/wp-json\/wp\/v2\/media?parent=8703"}],"curies":[{"name":"wp","href":"https:\/\/api.w.org\/{rel}","templated":true}]}}