{"id":8702,"date":"2024-09-30T18:27:29","date_gmt":"2024-09-30T18:27:29","guid":{"rendered":"https:\/\/elfsight.com\/pl\/?page_id=8702"},"modified":"2024-12-17T13:09:33","modified_gmt":"2024-12-17T13:09:33","slug":"magento","status":"publish","type":"page","link":"https:\/\/elfsight.com\/pl\/appointment-booking-widget\/magento\/","title":{"rendered":"appointment booking &#8211; magento"},"content":{"rendered":"<div class=\"application-platform-content-item-description application-platform-content-item\" id=\"description\" data-nav-section=\"description\"><h2>Osad\u017a rezerwacj\u0119 spotkania na Magento za pomoc\u0105 rozszerzenia Elfsight!<\/h2> <p>Rozszerzenie Rezerwacja spotkania jest tutaj, aby pom\u00f3c potencjalnym klientom w rezerwacji miejsca bezpo\u015brednio na Twojej stronie Magento, odci\u0105\u017caj\u0105c prac\u0119 r\u0119czn\u0105 \u2013 na przyk\u0142ad sta\u0142\u0105 dost\u0119pno\u015b\u0107 przez ca\u0142y czas, aby unikn\u0105\u0107 przegapienia wiadomo\u015bci, po\u0142\u0105cze\u0144 i e-maili \u2013 z Ty. Pe\u0142ni funkcj\u0119 wirtualnego asystenta dzia\u0142aj\u0105cego 24 godziny na dob\u0119, 7 dni w tygodniu, dostarczaj\u0105cego automatyczne potwierdzenia i mo\u017cna go po\u0142\u0105czy\u0107 z aplikacjami outsourcingowymi, takimi jak Kalendarz Google.<\/p> <p>Teraz jest idealny czas, aby g\u0142\u0119biej zag\u0142\u0119bi\u0107 si\u0119 w us\u0142ug\u0119 lub wydarzenie, przedstawi\u0107 zarys czas trwania, podaj dane kontaktowe i ustal ceny, aby u\u0142atwi\u0107 klientom podejmowanie decyzji. Co wi\u0119cej, dostosuj wygl\u0105d rozszerzenia, dostosowuj\u0105c niestandardowe elementy i funkcje bez konieczno\u015bci doskonalenia wiedzy z zakresu kodowania lub zatrudniania programisty!<\/p> <p><b>Rozszerz ekspozycj\u0119 swojej firmy i sta\u0144 si\u0119 dost\u0119pny dla szerszej bazy klient\u00f3w oferuj\u0105c rezerwacj\u0119 spotka\u0144 online na swojej stronie internetowej!<\/b><\/p> <\/div> <div class=\"application-platform-content-item-features application-platform-content-item\" id=\"features\" data-nav-section=\"features\"> <h2>Oto podstawowe funkcje wid\u017cet:<\/h2> <ul><li>Podaj jasny opis swojej us\u0142ugi \u2013 nazw\u0119, szczeg\u00f3\u0142y, zdj\u0119cie i czas trwania \u2013 oraz ustal ceny w r\u00f3\u017cnych walutach.<\/li><li>Wysy\u0142aj automatyczne alerty, aby potwierdzi\u0107 zarezerwowane przedzia\u0142y czasowe klientom i sobie.<\/li><li>Zsynchronizuj wid\u017cet z zewn\u0119trznymi integracjami, takimi jak Kalendarz Google, aby zachowa\u0107 aktualno\u015b\u0107 w czasie rzeczywistym.<\/li><li>Zaprezentuj dane kontaktowe swojej firmy jako potwierdzenie spo\u0142eczno\u015bciowe i umo\u017cliwij u\u017cytkownikom kontakt z Tob\u0105 w nieoczekiwanych sytuacjach okoliczno\u015bci.<\/li><li>Dostosowywanie bez kodu dzi\u0119ki zaawansowanym ustawieniom projektu: wst\u0119pnie zaprojektowane szablony, kolory, uk\u0142ady, czcionki, niestandardowy edytor CSS, niestandardowy edytor JS itp.<\/li><\/ul><p> <a href=\"#demo\">Mo\u017cesz zobaczy\u0107, jak dzia\u0142a widget, wypr\u00f3bowuj\u0105c wersj\u0119 demonstracyjn\u0105<\/a><\/p> <\/div> <div class=\"application-platform-content-item-installation application-platform-content-item\" id=\"installation\" data-nav-section=\"installation\"> <h2>Jak czy mog\u0119 osadzi\u0107 rezerwacj\u0119 spotkania na mojej stronie Magento?<\/h2> <p>Je\u015bli chcesz doda\u0107 rezerwacj\u0119 spotkania do swojej witryny Magento, wykonaj poni\u017csze kroki:<\/p> <ol><li><b>Dokonaj skorzystaj z naszego bezp\u0142atnego konfiguratora i zacznij tworzy\u0107 spersonalizowan\u0105 wtyczk\u0119 LinkedIn Feed.<\/b><br> Wybierz niestandardowy uk\u0142ad i parametry wtyczki i zastosuj poprawki.<\/li> <li><b>Skopiuj sw\u00f3j unikalny kod, kt\u00f3ry pojawia si\u0119 w oknie Elfsight Aplikacje.<\/b><br> Zaraz po skonfigurowaniu narz\u0119dzia skopiuj indywidualny kod z wy\u015bwietlonego wyskakuj\u0105cego okienka i zapisz go do wykorzystania w przysz\u0142o\u015bci.<\/li> <li><b>Zatwierd\u017a korzystanie z wid\u017cetu na swojej stronie Magento.<\/b><br> Umie\u015b\u0107 skopiowany ostatnio kod na swojej stronie i zastosuj modyfikacje.<\/li> <li><b>Instalacja zosta\u0142a pomy\u015blnie przeprowadzona.<\/b><br> Przejd\u017a do swoj\u0105 stron\u0119 internetow\u0105, aby zobaczy\u0107, jak dzia\u0142a narz\u0119dzie.<\/li><\/ol> <p>Na wszelki wypadek masz pewne trudno\u015bci, mo\u017cesz zwr\u00f3ci\u0107 si\u0119 do naszego personelu pomocniczego. Nasi specjali\u015bci z przyjemno\u015bci\u0105 odpowiedz\u0105 na wszystkie pytania dotycz\u0105ce wtyczki.<\/p> <\/div> ","protected":false},"excerpt":{"rendered":"","protected":false},"author":9,"featured_media":0,"parent":9514,"menu_order":0,"comment_status":"closed","ping_status":"closed","template":"templates\/template-application-platform.php","meta":{"publish_to_discourse":"","publish_post_category":"","wpdc_auto_publish_overridden":"","wpdc_topic_tags":"","wpdc_pin_topic":"","wpdc_pin_until":"","discourse_post_id":"","discourse_permalink":"","wpdc_publishing_response":"","wpdc_publishing_error":"","footnotes":""},"class_list":["post-8702","page","type-page","status-publish","hentry"],"yoast_head":"<!-- This site is optimized with the Yoast SEO plugin v25.3.1 - https:\/\/yoast.com\/wordpress\/plugins\/seo\/ -->\n<title>Widget Rezerwacja spotkania \u2014 Osad\u017a rezerwacj\u0119 na stronie Magento<\/title>\n<meta name=\"description\" content=\"Dodaj niekoduj\u0105c\u0105 aplikacj\u0119 do rezerwacji spotka\u0144 do witryny WooCommerce i pozw\u00f3l klientom rezerwowa\u0107 miejsca za pomoc\u0105 kilku klikni\u0119\u0107!\" \/>\n<meta name=\"robots\" content=\"index, follow, max-snippet:-1, max-image-preview:large, max-video-preview:-1\" \/>\n<link rel=\"canonical\" href=\"https:\/\/elfsight.com\/pl\/appointment-booking-widget\/magento\/\" \/>\n<meta property=\"og:locale\" content=\"pl_PL\" \/>\n<meta property=\"og:type\" content=\"article\" \/>\n<meta property=\"og:title\" content=\"Widget Rezerwacja spotkania \u2014 Osad\u017a rezerwacj\u0119 na stronie Magento\" \/>\n<meta property=\"og:description\" content=\"Dodaj niekoduj\u0105c\u0105 aplikacj\u0119 do rezerwacji spotka\u0144 do witryny WooCommerce i pozw\u00f3l klientom rezerwowa\u0107 miejsca za pomoc\u0105 kilku klikni\u0119\u0107!\" \/>\n<meta property=\"og:url\" content=\"https:\/\/elfsight.com\/pl\/appointment-booking-widget\/magento\/\" \/>\n<meta property=\"og:site_name\" content=\"Elfsight PL\" \/>\n<meta property=\"article:modified_time\" content=\"2024-12-17T13:09:33+00:00\" \/>\n<meta name=\"twitter:card\" content=\"summary_large_image\" \/>\n<meta name=\"twitter:label1\" content=\"Szacowany czas czytania\" \/>\n\t<meta name=\"twitter:data1\" content=\"2 minuty\" \/>\n<!-- \/ Yoast SEO plugin. -->","yoast_head_json":{"title":"Widget Rezerwacja spotkania \u2014 Osad\u017a rezerwacj\u0119 na stronie Magento","description":"Dodaj niekoduj\u0105c\u0105 aplikacj\u0119 do rezerwacji spotka\u0144 do witryny WooCommerce i pozw\u00f3l klientom rezerwowa\u0107 miejsca za pomoc\u0105 kilku klikni\u0119\u0107!","robots":{"index":"index","follow":"follow","max-snippet":"max-snippet:-1","max-image-preview":"max-image-preview:large","max-video-preview":"max-video-preview:-1"},"canonical":"https:\/\/elfsight.com\/pl\/appointment-booking-widget\/magento\/","og_locale":"pl_PL","og_type":"article","og_title":"Widget Rezerwacja spotkania \u2014 Osad\u017a rezerwacj\u0119 na stronie Magento","og_description":"Dodaj niekoduj\u0105c\u0105 aplikacj\u0119 do rezerwacji spotka\u0144 do witryny WooCommerce i pozw\u00f3l klientom rezerwowa\u0107 miejsca za pomoc\u0105 kilku klikni\u0119\u0107!","og_url":"https:\/\/elfsight.com\/pl\/appointment-booking-widget\/magento\/","og_site_name":"Elfsight PL","article_modified_time":"2024-12-17T13:09:33+00:00","twitter_card":"summary_large_image","twitter_misc":{"Szacowany czas czytania":"2 minuty"},"schema":{"@context":"https:\/\/schema.org","@graph":[{"@type":"WebPage","@id":"https:\/\/elfsight.com\/pl\/appointment-booking-widget\/magento\/","url":"https:\/\/elfsight.com\/pl\/appointment-booking-widget\/magento\/","name":"Widget Rezerwacja spotkania \u2014 Osad\u017a rezerwacj\u0119 na stronie Magento","isPartOf":{"@id":"https:\/\/elfsight.com\/pl\/#website"},"datePublished":"2024-09-30T18:27:29+00:00","dateModified":"2024-12-17T13:09:33+00:00","description":"Dodaj niekoduj\u0105c\u0105 aplikacj\u0119 do rezerwacji spotka\u0144 do witryny WooCommerce i pozw\u00f3l klientom rezerwowa\u0107 miejsca za pomoc\u0105 kilku klikni\u0119\u0107!","breadcrumb":{"@id":"https:\/\/elfsight.com\/pl\/appointment-booking-widget\/magento\/#breadcrumb"},"inLanguage":"pl-PL","potentialAction":[{"@type":"ReadAction","target":["https:\/\/elfsight.com\/pl\/appointment-booking-widget\/magento\/"]}]},{"@type":"BreadcrumbList","@id":"https:\/\/elfsight.com\/pl\/appointment-booking-widget\/magento\/#breadcrumb","itemListElement":[{"@type":"ListItem","position":1,"name":"Home","item":"https:\/\/elfsight.com\/pl\/"},{"@type":"ListItem","position":2,"name":"Appointment Booking","item":"https:\/\/elfsight.com\/pl\/appointment-booking-widget\/"},{"@type":"ListItem","position":3,"name":"appointment booking &#8211; magento"}]},{"@type":"WebSite","@id":"https:\/\/elfsight.com\/pl\/#website","url":"https:\/\/elfsight.com\/pl\/","name":"Elfsight PL","description":"Just another Elfsight Sites site","potentialAction":[{"@type":"SearchAction","target":{"@type":"EntryPoint","urlTemplate":"https:\/\/elfsight.com\/pl\/?s={search_term_string}"},"query-input":{"@type":"PropertyValueSpecification","valueRequired":true,"valueName":"search_term_string"}}],"inLanguage":"pl-PL"}]}},"meta_box":{"industry":"","seo_heading":"","heading":"","description":"","cta_heading":"","cta_description":"","application":"9513","h1":"Rozszerzenie rezerwacji Magento na spotkanie","h1_caption":"Pozw\u00f3l u\u017cytkownikom \u0142atwo planowa\u0107 spotkania bezpo\u015brednio z Twojej witryny Magento, zwi\u0119kszaj\u0105c wygod\u0119 i usprawniaj\u0105c proces rezerwacji.","application_category":[],"applications_title":"","applications_request_title":"","applications_request_button_text":"","hero_text":"","hero_video":"","hero_video_schema_markup":"","selling_points_title":"","selling_points_caption":"","selling_points":[],"selling_points_cta_text":"","features_title":"","features":"","ed_cta_examples_text":"","ed_cta_examples_hidden":"","ed_cta_demo_text":"","ed_cta_demo_hidden":"","why_caption":"","why_editor_title":"","why_editor_text":"","why_team_title":"","why_team_text":"","why_service_title":"","why_service_text":"","template_catalog_visible":"","template_catalog_title":"","template_catalog_text":"","template_catalog_categories_visible":"","demo_title":"Utw\u00f3rz rozszerzenie rezerwacji spotkania","demo_caption":"Skonfiguruj swoj\u0105 Rezerwacj\u0119 Wizyty i dodaj j\u0105 do swojej witryny Magento za darmo!","default_faq_hidden":"","app_template_category":[],"platform":"92","template_public_id":"","codecanyon_url":"","codecanyon_item_id":"","codecanyon_price":"","pricing_caption":"","pricing_elfsight_apps_hide_column":"","pricing_elfsight_apps_url":"","pricing_codecanyon_price_caption":"","integration_category":[],"integration_request_title":"","integration_request_cta":"","integration_platform":"","integrations":[],"platform_category":[],"video_schema_markup":"","price":"od 0 USD \/ miesi\u0105c","trial":"","benefits":[{"text":"Bezp\u0142atna pomoc w instalacji"},{"text":"Wyj\u0105tkowe wsparcie"},{"text":"14-dniowa gwarancja zwrotu pieni\u0119dzy"},{"text":"Ci\u0105g\u0142e ulepszenia"}],"button_url":"#demo","button_target_blank":"","button_nofollow":"","attributes":[{"name":"Instaluje","content":"1,000 - 5,000"},{"name":"Czu\u0142y","content":"Tak"},{"name":"Kompatybilne przegl\u0105darki","content":"Firefox, Safari, Opera, Chrome, Edge"}],"tags":[],"tags_disable_links":"","hide_more_platforms":"","video_object":"","demo_hide_cta":"","demo_hide_cloud_options":"","pricing_title":"","pricing":[{"pricing_icon":"platform","pricing_title":"Elfsight Apps","pricing_title_caption":"Oprogramowanie niezale\u017cne od platformy, kt\u00f3re pasuje do ka\u017cdej witryny internetowej","pricing_price":"Od 0 USD \/ miesi\u0105c","pricing_price_caption":"Zacznij od bezp\u0142atnego planu","pricing_benefits":[{"text":"Nielimitowane strony internetowe"},{"text":"Dedykowane wsparcie firmy"},{"text":"Bezp\u0142atna us\u0142uga monta\u017cu"},{"text":"100% konfigurowalny"}],"pricing_button_text":"Dodaj do witryny","pricing_button_url":"#demo"}],"related_apps_title":"","related_apps_hidden":"","author":"","image":[],"title":"","job":"","social_networks":[]},"_links":{"self":[{"href":"https:\/\/elfsight.com\/pl\/wp-json\/wp\/v2\/pages\/8702","targetHints":{"allow":["GET"]}}],"collection":[{"href":"https:\/\/elfsight.com\/pl\/wp-json\/wp\/v2\/pages"}],"about":[{"href":"https:\/\/elfsight.com\/pl\/wp-json\/wp\/v2\/types\/page"}],"author":[{"embeddable":true,"href":"https:\/\/elfsight.com\/pl\/wp-json\/wp\/v2\/users\/9"}],"replies":[{"embeddable":true,"href":"https:\/\/elfsight.com\/pl\/wp-json\/wp\/v2\/comments?post=8702"}],"version-history":[{"count":1,"href":"https:\/\/elfsight.com\/pl\/wp-json\/wp\/v2\/pages\/8702\/revisions"}],"predecessor-version":[{"id":8706,"href":"https:\/\/elfsight.com\/pl\/wp-json\/wp\/v2\/pages\/8702\/revisions\/8706"}],"up":[{"embeddable":true,"href":"https:\/\/elfsight.com\/pl\/wp-json\/wp\/v2\/pages\/9514"}],"wp:attachment":[{"href":"https:\/\/elfsight.com\/pl\/wp-json\/wp\/v2\/media?parent=8702"}],"curies":[{"name":"wp","href":"https:\/\/api.w.org\/{rel}","templated":true}]}}