{"id":8696,"date":"2024-09-30T18:27:29","date_gmt":"2024-09-30T18:27:29","guid":{"rendered":"https:\/\/elfsight.com\/pl\/?page_id=8696"},"modified":"2024-12-17T13:09:25","modified_gmt":"2024-12-17T13:09:25","slug":"drupal","status":"publish","type":"page","link":"https:\/\/elfsight.com\/pl\/appointment-booking-widget\/drupal\/","title":{"rendered":"appointment booking &#8211; drupal"},"content":{"rendered":"<div class=\"application-platform-content-item-description application-platform-content-item\" id=\"description\" data-nav-section=\"description\"><h2>Osad\u017a rezerwacj\u0119 spotka\u0144 na Drupalu za pomoc\u0105 modu\u0142u Elfsight!<\/h2> <p>Modu\u0142 rezerwacji wizyt pomo\u017ce potencjalnym klientom zabezpieczy\u0107 terminy bezpo\u015brednio na Twojej stronie Drupal, odci\u0105\u017caj\u0105c Ci\u0119 od r\u0119cznej pracy \u2013 takiej jak ci\u0105g\u0142e zarz\u0105dzanie wiadomo\u015bciami, po\u0142\u0105czeniami i e-mailami \u2013 od Ciebie. Pe\u0142ni funkcj\u0119 dedykowanej recepcjonistki pracuj\u0105cej 24 godziny na dob\u0119, 7 dni w tygodniu, kt\u00f3ra wysy\u0142a automatyczne powiadomienia i mo\u017ce by\u0107 synchronizowana z aplikacjami outsourcingowymi, takimi jak Kalendarz Google.<\/p> <p>To idealny moment, aby dok\u0142adniej opisa\u0107 swoj\u0105 us\u0142ug\u0119 lub okazj\u0119, okre\u015bli\u0107 czas trwania , ujawnij dane kontaktowe i zdecyduj o cenach, aby pom\u00f3c klientom w podejmowaniu \u015bwiadomych decyzji. Co wi\u0119cej, spersonalizuj wygl\u0105d modu\u0142u, dostosowuj\u0105c niestandardowe elementy i funkcje bez konieczno\u015bci doskonalenia umiej\u0119tno\u015bci programowania lub anga\u017cowania programisty!<\/p> <p><b>Wzmocnij sw\u00f3j biznes i sta\u0144 si\u0119 dost\u0119pny dla szerszej klienteli poprzez rezerwacj\u0119 spotka\u0144 online na Twojej stronie internetowej!<\/b><\/p> <\/div> <div class=\"application-platform-content-item-features application-platform-content-item\" id=\"features\" data-nav-section=\"features\"> <h2>To tylko kilka z wielu funkcji wid\u017cetu:<\/h2> <ul><li>Zaoferuj zwi\u0119z\u0142y przegl\u0105d swojej us\u0142ugi \u2013 nazwa, szczeg\u00f3\u0142y, zdj\u0119cie i czas trwania \u2013 oraz skonfiguruj ceny w r\u00f3\u017cnych walutach.<\/li><li>Wysy\u0142aj automatyczne alerty, aby potwierdzi\u0107 zabezpieczone spotkania klientom i sobie.<\/li><li>Synchronizuj widget z us\u0142ugami zewn\u0119trznymi, takimi jak Kalendarz Google, aby zapewni\u0107 ci\u0105g\u0142\u0105 aktualizacj\u0119.<\/li><li>Zaprezentuj dane kontaktowe swojej firmy w ramach potwierdzenia spo\u0142ecznego i pozw\u00f3l u\u017cytkownikom na kontakt z Tob\u0105 w przypadku nieprzewidzianych zdarze\u0144.<\/li><li>Kod -bezp\u0142atna personalizacja dzi\u0119ki zaawansowanym ustawieniom projektu: gotowe szablony, kolory, stylowe uk\u0142ady, czcionki, niestandardowy edytor CSS, niestandardowy edytor JS itp.<\/li><\/ul><p><a href=\"#demo \">Po prostu wypr\u00f3buj t\u0119 wersj\u0119 demonstracyjn\u0105, aby zobaczy\u0107, jak to dzia\u0142a<\/a><\/p> <\/div> <div class=\"application-platform-content-item-installation application-platform-content-item\" id=\"installation\" data-nav-section=\"installation\"> <h2>Jak doda\u0107 rezerwacj\u0119 spotkania do mojej witryny Drupal?<\/h2> <p>Aby doda\u0107 rezerwacj\u0119 spotkania do swojej witryny Drupal, wykonaj nast\u0119puj\u0105ce kroki:<\/p> <ol><li><b>Otw\u00f3rz nasze bezp\u0142atne demo i zacznij tworzy\u0107 niestandardowy wid\u017cet kana\u0142u LinkedIn.<\/b> <br> Okre\u015bl wybrany interfejs i opcje wid\u017cetu oraz zastosuj modyfikacje.<\/li> <li><b>Zdob\u0105d\u017a sw\u00f3j osobisty kod widoczny w oknie aplikacji Elfsight.<\/b><br> Podczas dostosowywania Twoja wtyczka jest gotowa, skopiuj indywidualny kod z wy\u015bwietlonego pola i zachowaj go do dalszego wykorzystania.<\/li> <li><b>Zacznij korzysta\u0107 z narz\u0119dzia na swojej stronie Drupal.<\/b><br> Zaimplementuj kod, kt\u00f3ry skopiowa\u0142em ostatnio do Twojej witryny i zapisz zmiany.<\/li> <li><b>Gotowe! Osadzanie zosta\u0142o pomy\u015blnie wykonane.<\/b><br> Odwied\u017a swoj\u0105 witryn\u0119, aby sprawdzi\u0107, jak dzia\u0142a wtyczka.<\/li><\/ol> <p>Je\u015bli napotkasz jakiekolwiek komplikacje, nie b\u00f3j si\u0119 skontaktowa\u0107 si\u0119 z nasz personel obs\u0142ugi klienta. Nasi specjali\u015bci z przyjemno\u015bci\u0105 rozwi\u0105\u017c\u0105 wszystkie problemy, jakie mo\u017cesz mie\u0107 z wid\u017cetem.<\/p> <\/div> ","protected":false},"excerpt":{"rendered":"","protected":false},"author":9,"featured_media":0,"parent":9514,"menu_order":0,"comment_status":"closed","ping_status":"closed","template":"templates\/template-application-platform.php","meta":{"publish_to_discourse":"","publish_post_category":"","wpdc_auto_publish_overridden":"","wpdc_topic_tags":"","wpdc_pin_topic":"","wpdc_pin_until":"","discourse_post_id":"","discourse_permalink":"","wpdc_publishing_response":"","wpdc_publishing_error":"","footnotes":""},"class_list":["post-8696","page","type-page","status-publish","hentry"],"yoast_head":"<!-- This site is optimized with the Yoast SEO plugin v25.3.1 - https:\/\/yoast.com\/wordpress\/plugins\/seo\/ -->\n<title>Widget Rezerwacja spotkania \u2014 Osad\u017a rezerwacj\u0119 na stronie Drupal<\/title>\n<meta name=\"description\" content=\"Dodaj niewymagaj\u0105c\u0105 kodowania aplikacj\u0119 do rezerwacji spotka\u0144 do witryny Adobe Muse i pozw\u00f3l klientom rezerwowa\u0107 terminy za pomoc\u0105 kilku klikni\u0119\u0107!\" \/>\n<meta name=\"robots\" content=\"index, follow, max-snippet:-1, max-image-preview:large, max-video-preview:-1\" \/>\n<link rel=\"canonical\" href=\"https:\/\/elfsight.com\/pl\/appointment-booking-widget\/drupal\/\" \/>\n<meta property=\"og:locale\" content=\"pl_PL\" \/>\n<meta property=\"og:type\" content=\"article\" \/>\n<meta property=\"og:title\" content=\"Widget Rezerwacja spotkania \u2014 Osad\u017a rezerwacj\u0119 na stronie Drupal\" \/>\n<meta property=\"og:description\" content=\"Dodaj niewymagaj\u0105c\u0105 kodowania aplikacj\u0119 do rezerwacji spotka\u0144 do witryny Adobe Muse i pozw\u00f3l klientom rezerwowa\u0107 terminy za pomoc\u0105 kilku klikni\u0119\u0107!\" \/>\n<meta property=\"og:url\" content=\"https:\/\/elfsight.com\/pl\/appointment-booking-widget\/drupal\/\" \/>\n<meta property=\"og:site_name\" content=\"Elfsight PL\" \/>\n<meta property=\"article:modified_time\" content=\"2024-12-17T13:09:25+00:00\" \/>\n<meta name=\"twitter:card\" content=\"summary_large_image\" \/>\n<meta name=\"twitter:label1\" content=\"Szacowany czas czytania\" \/>\n\t<meta name=\"twitter:data1\" content=\"2 minuty\" \/>\n<!-- \/ Yoast SEO plugin. -->","yoast_head_json":{"title":"Widget Rezerwacja spotkania \u2014 Osad\u017a rezerwacj\u0119 na stronie Drupal","description":"Dodaj niewymagaj\u0105c\u0105 kodowania aplikacj\u0119 do rezerwacji spotka\u0144 do witryny Adobe Muse i pozw\u00f3l klientom rezerwowa\u0107 terminy za pomoc\u0105 kilku klikni\u0119\u0107!","robots":{"index":"index","follow":"follow","max-snippet":"max-snippet:-1","max-image-preview":"max-image-preview:large","max-video-preview":"max-video-preview:-1"},"canonical":"https:\/\/elfsight.com\/pl\/appointment-booking-widget\/drupal\/","og_locale":"pl_PL","og_type":"article","og_title":"Widget Rezerwacja spotkania \u2014 Osad\u017a rezerwacj\u0119 na stronie Drupal","og_description":"Dodaj niewymagaj\u0105c\u0105 kodowania aplikacj\u0119 do rezerwacji spotka\u0144 do witryny Adobe Muse i pozw\u00f3l klientom rezerwowa\u0107 terminy za pomoc\u0105 kilku klikni\u0119\u0107!","og_url":"https:\/\/elfsight.com\/pl\/appointment-booking-widget\/drupal\/","og_site_name":"Elfsight PL","article_modified_time":"2024-12-17T13:09:25+00:00","twitter_card":"summary_large_image","twitter_misc":{"Szacowany czas czytania":"2 minuty"},"schema":{"@context":"https:\/\/schema.org","@graph":[{"@type":"WebPage","@id":"https:\/\/elfsight.com\/pl\/appointment-booking-widget\/drupal\/","url":"https:\/\/elfsight.com\/pl\/appointment-booking-widget\/drupal\/","name":"Widget Rezerwacja spotkania \u2014 Osad\u017a rezerwacj\u0119 na stronie Drupal","isPartOf":{"@id":"https:\/\/elfsight.com\/pl\/#website"},"datePublished":"2024-09-30T18:27:29+00:00","dateModified":"2024-12-17T13:09:25+00:00","description":"Dodaj niewymagaj\u0105c\u0105 kodowania aplikacj\u0119 do rezerwacji spotka\u0144 do witryny Adobe Muse i pozw\u00f3l klientom rezerwowa\u0107 terminy za pomoc\u0105 kilku klikni\u0119\u0107!","breadcrumb":{"@id":"https:\/\/elfsight.com\/pl\/appointment-booking-widget\/drupal\/#breadcrumb"},"inLanguage":"pl-PL","potentialAction":[{"@type":"ReadAction","target":["https:\/\/elfsight.com\/pl\/appointment-booking-widget\/drupal\/"]}]},{"@type":"BreadcrumbList","@id":"https:\/\/elfsight.com\/pl\/appointment-booking-widget\/drupal\/#breadcrumb","itemListElement":[{"@type":"ListItem","position":1,"name":"Home","item":"https:\/\/elfsight.com\/pl\/"},{"@type":"ListItem","position":2,"name":"Appointment Booking","item":"https:\/\/elfsight.com\/pl\/appointment-booking-widget\/"},{"@type":"ListItem","position":3,"name":"appointment booking &#8211; drupal"}]},{"@type":"WebSite","@id":"https:\/\/elfsight.com\/pl\/#website","url":"https:\/\/elfsight.com\/pl\/","name":"Elfsight PL","description":"Just another Elfsight Sites site","potentialAction":[{"@type":"SearchAction","target":{"@type":"EntryPoint","urlTemplate":"https:\/\/elfsight.com\/pl\/?s={search_term_string}"},"query-input":{"@type":"PropertyValueSpecification","valueRequired":true,"valueName":"search_term_string"}}],"inLanguage":"pl-PL"}]}},"meta_box":{"industry":"","seo_heading":"","heading":"","description":"","cta_heading":"","cta_description":"","application":"9513","h1":"Modu\u0142 rezerwacji wizyt w Drupalu","h1_caption":"Pozw\u00f3l u\u017cytkownikom \u0142atwo planowa\u0107 spotkania bezpo\u015brednio z Twojej witryny Drupal, zwi\u0119kszaj\u0105c wygod\u0119 i usprawniaj\u0105c proces rezerwacji.","application_category":[],"applications_title":"","applications_request_title":"","applications_request_button_text":"","hero_text":"","hero_video":"","hero_video_schema_markup":"","selling_points_title":"","selling_points_caption":"","selling_points":[],"selling_points_cta_text":"","features_title":"","features":"","ed_cta_examples_text":"","ed_cta_examples_hidden":"","ed_cta_demo_text":"","ed_cta_demo_hidden":"","why_caption":"","why_editor_title":"","why_editor_text":"","why_team_title":"","why_team_text":"","why_service_title":"","why_service_text":"","template_catalog_visible":"","template_catalog_title":"","template_catalog_text":"","template_catalog_categories_visible":"","demo_title":"Utw\u00f3rz modu\u0142 rezerwacji spotka\u0144","demo_caption":"Skonfiguruj swoj\u0105 Rezerwacj\u0119 Wizyty i dodaj j\u0105 do swojej witryny Drupal za darmo!","default_faq_hidden":"","app_template_category":[],"platform":"47","template_public_id":"","codecanyon_url":"","codecanyon_item_id":"","codecanyon_price":"","pricing_caption":"","pricing_elfsight_apps_hide_column":"","pricing_elfsight_apps_url":"","pricing_codecanyon_price_caption":"","integration_category":[],"integration_request_title":"","integration_request_cta":"","integration_platform":"","integrations":[],"platform_category":[],"video_schema_markup":"","price":"od 0 USD \/ miesi\u0105c","trial":"","benefits":[{"text":"Bezp\u0142atna us\u0142uga monta\u017cu"},{"text":"Skuteczna obs\u0142uga klienta"},{"text":"14-dniowa gwarancja zwrotu pieni\u0119dzy"},{"text":"Przysz\u0142e ulepszenia"}],"button_url":"#demo","button_target_blank":"","button_nofollow":"","attributes":[{"name":"Instaluje","content":"1,000 - 5,000"},{"name":"Czu\u0142y","content":"Tak"},{"name":"Kompatybilne przegl\u0105darki","content":"Firefox, Safari, Opera, Chrome, Edge"}],"tags":[],"tags_disable_links":"","hide_more_platforms":"","video_object":"","demo_hide_cta":"","demo_hide_cloud_options":"","pricing_title":"","pricing":[{"pricing_icon":"platform","pricing_title":"Elfsight Apps","pricing_title_caption":"Rozwi\u0105zanie wieloplatformowe, kt\u00f3re pasuje do ka\u017cdej witryny internetowej","pricing_price":"Od 0 USD \/ miesi\u0105c","pricing_price_caption":"Zacznij od bezp\u0142atnego planu","pricing_benefits":[{"text":"Nielimitowane strony internetowe"},{"text":"Obs\u0142uga klienta premium i dobrze udokumentowana"},{"text":"Bezp\u0142atna pomoc w instalacji"},{"text":"W pe\u0142ni konfigurowalny"}],"pricing_button_text":"Dodaj do witryny","pricing_button_url":"#demo"}],"related_apps_title":"","related_apps_hidden":"","author":"","image":[],"title":"","job":"","social_networks":[]},"_links":{"self":[{"href":"https:\/\/elfsight.com\/pl\/wp-json\/wp\/v2\/pages\/8696","targetHints":{"allow":["GET"]}}],"collection":[{"href":"https:\/\/elfsight.com\/pl\/wp-json\/wp\/v2\/pages"}],"about":[{"href":"https:\/\/elfsight.com\/pl\/wp-json\/wp\/v2\/types\/page"}],"author":[{"embeddable":true,"href":"https:\/\/elfsight.com\/pl\/wp-json\/wp\/v2\/users\/9"}],"replies":[{"embeddable":true,"href":"https:\/\/elfsight.com\/pl\/wp-json\/wp\/v2\/comments?post=8696"}],"version-history":[{"count":1,"href":"https:\/\/elfsight.com\/pl\/wp-json\/wp\/v2\/pages\/8696\/revisions"}],"predecessor-version":[{"id":8700,"href":"https:\/\/elfsight.com\/pl\/wp-json\/wp\/v2\/pages\/8696\/revisions\/8700"}],"up":[{"embeddable":true,"href":"https:\/\/elfsight.com\/pl\/wp-json\/wp\/v2\/pages\/9514"}],"wp:attachment":[{"href":"https:\/\/elfsight.com\/pl\/wp-json\/wp\/v2\/media?parent=8696"}],"curies":[{"name":"wp","href":"https:\/\/api.w.org\/{rel}","templated":true}]}}