{"id":8694,"date":"2024-09-30T18:27:29","date_gmt":"2024-09-30T18:27:29","guid":{"rendered":"https:\/\/elfsight.com\/pl\/?page_id=8694"},"modified":"2024-12-17T13:09:25","modified_gmt":"2024-12-17T13:09:25","slug":"opencart","status":"publish","type":"page","link":"https:\/\/elfsight.com\/pl\/appointment-booking-widget\/opencart\/","title":{"rendered":"Appointment Booking &#8211; OpenCart"},"content":{"rendered":"<div class=\"application-platform-content-item-description application-platform-content-item\" id=\"description\" data-nav-section=\"description\"><h2>Osad\u017a rezerwacj\u0119 spotkania w OpenCart za pomoc\u0105 rozszerzenia Elfsight!<\/h2> <p>Rozszerzenie Rezerwacja spotkania jest do Twojej dyspozycji, aby pom\u00f3c potencjalnym klientom zarezerwuj przedzia\u0142y czasowe bezpo\u015brednio na swojej stronie internetowej OpenCart, redukuj\u0105c ilo\u015b\u0107 praktycznych zada\u0144 \u2013 takich jak ci\u0105g\u0142e monitorowanie wiadomo\u015bci, po\u0142\u0105cze\u0144 i e-maili \u2013 od Ciebie. Dzia\u0142a jako wirtualny asystent dzia\u0142aj\u0105cy 24 godziny na dob\u0119, 7 dni w tygodniu, mog\u0105cy r\u00f3wnie\u017c wysy\u0142a\u0107 automatyczne alerty i synchronizowa\u0107 si\u0119 z zewn\u0119trznymi integracjami, takimi jak Kalendarz Google.<\/p> <p>Nadszed\u0142 moment, aby zaoferowa\u0107 wi\u0119cej informacji na temat Twojej us\u0142ugi lub wydarzenia, przedstawi\u0107 zarys ramach czasowych, udost\u0119pniaj dane kontaktowe i ustalaj ceny, aby usprawni\u0107 podejmowanie decyzji przez klient\u00f3w. Co wi\u0119cej, dostosuj wygl\u0105d rozszerzenia, modyfikuj\u0105c niestandardowe elementy i funkcje bez konieczno\u015bci zwi\u0119kszania wiedzy z zakresu kodowania lub rekrutowania wykwalifikowanego programisty!<\/p> <p><b>Niech Twoja firma rozkwitnie i stanie si\u0119 dost\u0119pna dla szerszej bazy klient\u00f3w poprzez rezerwacj\u0119 spotka\u0144 online na Twojej stronie internetowej!<\/b><\/p> <\/div> <div class=\"application-platform-content-item-features application-platform-content-item\" id=\"features\" data-nav-section=\"features\"> <h2>Przeczytaj list\u0119 najpot\u0119\u017cniejsze funkcje:<\/h2> <ul><li>Dodaj dok\u0142adny opis swojej us\u0142ugi \u2014 nazw\u0119, szczeg\u00f3\u0142y, zdj\u0119cie i czas trwania \u2014 oraz skonfiguruj ceny w r\u00f3\u017cnych walutach.<\/li><li>Wy\u015blij automatycznie alerty umo\u017cliwiaj\u0105ce sprawdzenie zaplanowanych przedzia\u0142\u00f3w czasowych dla klient\u00f3w i dla Ciebie.<\/li><li>Synchronizuj wid\u017cet z funkcjami integracji innych firm, takimi jak Kalendarz Google, aby zachowa\u0107 aktualno\u015b\u0107 w czasie rzeczywistym.<\/li><li>Udost\u0119pnij sw\u00f3j kontakt biznesowy szczeg\u00f3\u0142y jako weryfikacja spo\u0142eczno\u015bciowa i umo\u017cliwienie u\u017cytkownikom skontaktowania si\u0119 z Tob\u0105 w przypadku nieprzewidziane okoliczno\u015bci.<\/li><li>\u0141atwe opcje dostosowywania bez konieczno\u015bci pisania kodu: gotowe do u\u017cycia szablony, kolory, uk\u0142ady, czcionki, niestandardowy edytor CSS, niestandardowy edytor JS itp.<\/li><\/ul><p><a href=\"#demo\">Mo\u017cesz sprawdzi\u0107, czy wid\u017cet jest dla Ciebie, korzystaj\u0105c z wersji demonstracyjnej<\/a><\/p> <\/div> <div class=\"application-platform-content-item-installation application-platform-content-item\" id=\"installation\" data-nav-section=\"installation\"> <h2>Jak doda\u0107 rezerwacj\u0119 spotkania do mojej witryny OpenCart?<\/h2> <p>Aby osadzi\u0107 rezerwacj\u0119 spotkania na swojej stronie internetowej OpenCart, wykonaj nast\u0119puj\u0105ce kroki:<\/p> <ol><li><b>Otw\u00f3rz nasz darmowy edytor i rozpocznij tworzenie dostosowanej wtyczki LinkedIn Feed.<\/b><br> Znajd\u017a preferowany uk\u0142ad i funkcjonalno\u015b\u0107 wtyczki oraz zapisz zmiany.<\/li> <li><b>Pobierz indywidualny kod wyst\u0119puj\u0105cy w specjalnym formularzu na Aplikacje Elfsight.<\/b><br> Po zako\u0144czeniu konfiguracji osobistego wid\u017cetu skopiuj ekskluzywny kod w wy\u015bwietlonym oknie i zachowaj go do p\u00f3\u017aniejszego wykorzystania.<\/li> <li><b>Rozpocznij korzystanie z aplikacji Elfsight wid\u017cet na Twojej stronie OpenCart.<\/b><br> Zintegruj kod zapisany wcze\u015bniej w swojej witrynie i zapisz ulepszenia.<\/li> <li><b>Instalacja zosta\u0142a pomy\u015blnie zako\u0144czona.<\/b><br> Przejd\u017a do swojej witryny, aby sprawdzi\u0107 dzia\u0142anie narz\u0119dzia.<\/li><\/ol> <p>Je\u015bli masz pytania lub napotkasz jakiekolwiek przeszkody, nie wahaj si\u0119 skontaktowa\u0107 z naszym zespo\u0142em pomocy. Nasi pracownicy ch\u0119tnie odpowiedz\u0105 na wszystkie pytania dotycz\u0105ce produktu.<\/p> <\/div> ","protected":false},"excerpt":{"rendered":"","protected":false},"author":9,"featured_media":0,"parent":9514,"menu_order":0,"comment_status":"closed","ping_status":"closed","template":"templates\/template-application-platform.php","meta":{"publish_to_discourse":"","publish_post_category":"","wpdc_auto_publish_overridden":"","wpdc_topic_tags":"","wpdc_pin_topic":"","wpdc_pin_until":"","discourse_post_id":"","discourse_permalink":"","wpdc_publishing_response":"","wpdc_publishing_error":"","footnotes":""},"class_list":["post-8694","page","type-page","status-publish","hentry"],"yoast_head":"<!-- This site is optimized with the Yoast SEO plugin v25.3.1 - https:\/\/yoast.com\/wordpress\/plugins\/seo\/ -->\n<title>Widget Rezerwacja spotka\u0144 \u2014 Osad\u017a rezerwacj\u0119 na stronie internetowej OpenCart<\/title>\n<meta name=\"description\" content=\"Dodaj niekoduj\u0105c\u0105 aplikacj\u0119 do rezerwacji wizyt na stronie ModX i pozw\u00f3l klientom rezerwowa\u0107 miejsca za pomoc\u0105 kilku klikni\u0119\u0107!\" \/>\n<meta name=\"robots\" content=\"index, follow, max-snippet:-1, max-image-preview:large, max-video-preview:-1\" \/>\n<link rel=\"canonical\" href=\"https:\/\/elfsight.com\/pl\/appointment-booking-widget\/opencart\/\" \/>\n<meta property=\"og:locale\" content=\"pl_PL\" \/>\n<meta property=\"og:type\" content=\"article\" \/>\n<meta property=\"og:title\" content=\"Widget Rezerwacja spotka\u0144 \u2014 Osad\u017a rezerwacj\u0119 na stronie internetowej OpenCart\" \/>\n<meta property=\"og:description\" content=\"Dodaj niekoduj\u0105c\u0105 aplikacj\u0119 do rezerwacji wizyt na stronie ModX i pozw\u00f3l klientom rezerwowa\u0107 miejsca za pomoc\u0105 kilku klikni\u0119\u0107!\" \/>\n<meta property=\"og:url\" content=\"https:\/\/elfsight.com\/pl\/appointment-booking-widget\/opencart\/\" \/>\n<meta property=\"og:site_name\" content=\"Elfsight PL\" \/>\n<meta property=\"article:modified_time\" content=\"2024-12-17T13:09:25+00:00\" \/>\n<meta name=\"twitter:card\" content=\"summary_large_image\" \/>\n<meta name=\"twitter:label1\" content=\"Szacowany czas czytania\" \/>\n\t<meta name=\"twitter:data1\" content=\"2 minuty\" \/>\n<!-- \/ Yoast SEO plugin. -->","yoast_head_json":{"title":"Widget Rezerwacja spotka\u0144 \u2014 Osad\u017a rezerwacj\u0119 na stronie internetowej OpenCart","description":"Dodaj niekoduj\u0105c\u0105 aplikacj\u0119 do rezerwacji wizyt na stronie ModX i pozw\u00f3l klientom rezerwowa\u0107 miejsca za pomoc\u0105 kilku klikni\u0119\u0107!","robots":{"index":"index","follow":"follow","max-snippet":"max-snippet:-1","max-image-preview":"max-image-preview:large","max-video-preview":"max-video-preview:-1"},"canonical":"https:\/\/elfsight.com\/pl\/appointment-booking-widget\/opencart\/","og_locale":"pl_PL","og_type":"article","og_title":"Widget Rezerwacja spotka\u0144 \u2014 Osad\u017a rezerwacj\u0119 na stronie internetowej OpenCart","og_description":"Dodaj niekoduj\u0105c\u0105 aplikacj\u0119 do rezerwacji wizyt na stronie ModX i pozw\u00f3l klientom rezerwowa\u0107 miejsca za pomoc\u0105 kilku klikni\u0119\u0107!","og_url":"https:\/\/elfsight.com\/pl\/appointment-booking-widget\/opencart\/","og_site_name":"Elfsight PL","article_modified_time":"2024-12-17T13:09:25+00:00","twitter_card":"summary_large_image","twitter_misc":{"Szacowany czas czytania":"2 minuty"},"schema":{"@context":"https:\/\/schema.org","@graph":[{"@type":"WebPage","@id":"https:\/\/elfsight.com\/pl\/appointment-booking-widget\/opencart\/","url":"https:\/\/elfsight.com\/pl\/appointment-booking-widget\/opencart\/","name":"Widget Rezerwacja spotka\u0144 \u2014 Osad\u017a rezerwacj\u0119 na stronie internetowej OpenCart","isPartOf":{"@id":"https:\/\/elfsight.com\/pl\/#website"},"datePublished":"2024-09-30T18:27:29+00:00","dateModified":"2024-12-17T13:09:25+00:00","description":"Dodaj niekoduj\u0105c\u0105 aplikacj\u0119 do rezerwacji wizyt na stronie ModX i pozw\u00f3l klientom rezerwowa\u0107 miejsca za pomoc\u0105 kilku klikni\u0119\u0107!","breadcrumb":{"@id":"https:\/\/elfsight.com\/pl\/appointment-booking-widget\/opencart\/#breadcrumb"},"inLanguage":"pl-PL","potentialAction":[{"@type":"ReadAction","target":["https:\/\/elfsight.com\/pl\/appointment-booking-widget\/opencart\/"]}]},{"@type":"BreadcrumbList","@id":"https:\/\/elfsight.com\/pl\/appointment-booking-widget\/opencart\/#breadcrumb","itemListElement":[{"@type":"ListItem","position":1,"name":"Home","item":"https:\/\/elfsight.com\/pl\/"},{"@type":"ListItem","position":2,"name":"Appointment Booking","item":"https:\/\/elfsight.com\/pl\/appointment-booking-widget\/"},{"@type":"ListItem","position":3,"name":"Appointment Booking &#8211; OpenCart"}]},{"@type":"WebSite","@id":"https:\/\/elfsight.com\/pl\/#website","url":"https:\/\/elfsight.com\/pl\/","name":"Elfsight PL","description":"Just another Elfsight Sites site","potentialAction":[{"@type":"SearchAction","target":{"@type":"EntryPoint","urlTemplate":"https:\/\/elfsight.com\/pl\/?s={search_term_string}"},"query-input":{"@type":"PropertyValueSpecification","valueRequired":true,"valueName":"search_term_string"}}],"inLanguage":"pl-PL"}]}},"meta_box":{"industry":"","seo_heading":"","heading":"","description":"","cta_heading":"","cta_description":"","application":"9513","h1":"Rozszerzenie rezerwacji terminu OpenCart","h1_caption":"Pozw\u00f3l u\u017cytkownikom \u0142atwo planowa\u0107 spotkania bezpo\u015brednio ze strony Opencart, zwi\u0119kszaj\u0105c wygod\u0119 i usprawniaj\u0105c proces rezerwacji.","application_category":[],"applications_title":"","applications_request_title":"","applications_request_button_text":"","hero_text":"","hero_video":"","hero_video_schema_markup":"","selling_points_title":"","selling_points_caption":"","selling_points":[],"selling_points_cta_text":"","features_title":"","features":"","ed_cta_examples_text":"","ed_cta_examples_hidden":"","ed_cta_demo_text":"","ed_cta_demo_hidden":"","why_caption":"","why_editor_title":"","why_editor_text":"","why_team_title":"","why_team_text":"","why_service_title":"","why_service_text":"","template_catalog_visible":"","template_catalog_title":"","template_catalog_text":"","template_catalog_categories_visible":"","demo_title":"Utw\u00f3rz rozszerzenie rezerwacji spotkania","demo_caption":"Skonfiguruj rezerwacj\u0119 spotkania i dodaj j\u0105 do swojej witryny OpenCart za darmo!","default_faq_hidden":"","app_template_category":[],"platform":"41","template_public_id":"","codecanyon_url":"","codecanyon_item_id":"","codecanyon_price":"","pricing_caption":"","pricing_elfsight_apps_hide_column":"","pricing_elfsight_apps_url":"","pricing_codecanyon_price_caption":"","integration_category":[],"integration_request_title":"","integration_request_cta":"","integration_platform":"","integrations":[],"platform_category":[],"video_schema_markup":"","price":"od 0 USD \/ miesi\u0105c","trial":"","benefits":[{"text":"Bezp\u0142atna pomoc w instalacji"},{"text":"Skuteczna obs\u0142uga klienta"},{"text":"14-dniowa gwarancja zwrotu pieni\u0119dzy"},{"text":"Stale aktualizowana"}],"button_url":"#demo","button_target_blank":"","button_nofollow":"","attributes":[{"name":"Instaluje","content":"1,000 - 5,000"},{"name":"Czu\u0142y","content":"Tak"},{"name":"Kompatybilne przegl\u0105darki","content":"Firefox, Safari, Opera, Chrome, Edge"}],"tags":[],"tags_disable_links":"","hide_more_platforms":"","video_object":"","demo_hide_cta":"","demo_hide_cloud_options":"","pricing_title":"","pricing":[{"pricing_icon":"platform","pricing_title":"Elfsight Apps","pricing_title_caption":"Niezale\u017cne od platformy rozwi\u0105zanie cyfrowe, kt\u00f3re pasuje do ka\u017cdej witryny internetowej","pricing_price":"Od 0 USD \/ miesi\u0105c","pricing_price_caption":"Zacznij od bezp\u0142atnego planu","pricing_benefits":[{"text":"Nielimitowane strony internetowe"},{"text":"Wsparcie premium i dobrze udokumentowane"},{"text":"Bezp\u0142atna pomoc w monta\u017cu"},{"text":"100% konfigurowalny"}],"pricing_button_text":"Dodaj do witryny","pricing_button_url":"#demo"}],"related_apps_title":"","related_apps_hidden":"","author":"","image":[],"title":"","job":"","social_networks":[]},"_links":{"self":[{"href":"https:\/\/elfsight.com\/pl\/wp-json\/wp\/v2\/pages\/8694","targetHints":{"allow":["GET"]}}],"collection":[{"href":"https:\/\/elfsight.com\/pl\/wp-json\/wp\/v2\/pages"}],"about":[{"href":"https:\/\/elfsight.com\/pl\/wp-json\/wp\/v2\/types\/page"}],"author":[{"embeddable":true,"href":"https:\/\/elfsight.com\/pl\/wp-json\/wp\/v2\/users\/9"}],"replies":[{"embeddable":true,"href":"https:\/\/elfsight.com\/pl\/wp-json\/wp\/v2\/comments?post=8694"}],"version-history":[{"count":1,"href":"https:\/\/elfsight.com\/pl\/wp-json\/wp\/v2\/pages\/8694\/revisions"}],"predecessor-version":[{"id":8698,"href":"https:\/\/elfsight.com\/pl\/wp-json\/wp\/v2\/pages\/8694\/revisions\/8698"}],"up":[{"embeddable":true,"href":"https:\/\/elfsight.com\/pl\/wp-json\/wp\/v2\/pages\/9514"}],"wp:attachment":[{"href":"https:\/\/elfsight.com\/pl\/wp-json\/wp\/v2\/media?parent=8694"}],"curies":[{"name":"wp","href":"https:\/\/api.w.org\/{rel}","templated":true}]}}