{"id":8688,"date":"2024-09-30T18:27:29","date_gmt":"2024-09-30T18:27:29","guid":{"rendered":"https:\/\/elfsight.com\/pl\/?page_id=8688"},"modified":"2024-12-17T13:09:16","modified_gmt":"2024-12-17T13:09:16","slug":"webnode","status":"publish","type":"page","link":"https:\/\/elfsight.com\/pl\/appointment-booking-widget\/webnode\/","title":{"rendered":"Appointment Booking &#8211; Webnode"},"content":{"rendered":"<div class=\"application-platform-content-item-description application-platform-content-item\" id=\"description\" data-nav-section=\"description\"><h2>Osad\u017a rezerwacj\u0119 spotkania w Webnode za pomoc\u0105 wid\u017cetu Elfsight!<\/h2> <p>Widget Rezerwacja spotkania ma pom\u00f3c potencjalnym klientom zarezerwowa\u0107 czas miejsca bezpo\u015brednio na Twojej witrynie Webnode, minimalizuj\u0105c prac\u0119 r\u0119czn\u0105 \u2013 tak\u0105 jak ci\u0105g\u0142e monitorowanie wiadomo\u015bci, po\u0142\u0105cze\u0144 i e-maili \u2013 od Ciebie. Dzia\u0142a jako dedykowana recepcjonistka b\u0119d\u0105ca w gotowo\u015bci przez ca\u0142\u0105 dob\u0119, kt\u00f3ra dostarcza automatyczne alerty i mo\u017ce by\u0107 po\u0142\u0105czona z zewn\u0119trznymi integracjami, takimi jak Kalendarz Google.<\/p> <p>To w\u0142a\u015bciwy moment, aby dok\u0142adniej opisa\u0107 swoj\u0105 us\u0142ug\u0119 lub wydarzenie, okre\u015bli\u0107 ramy czasowe, udost\u0119pnij dane kontaktowe i wyja\u015bnij ceny, aby u\u0142atwi\u0107 klientom dokonywanie \u015bwiadomych wybor\u00f3w. Co wi\u0119cej, dostosuj wygl\u0105d wid\u017cetu, dostosowuj\u0105c niestandardowe elementy i funkcje bez konieczno\u015bci opanowania wiedzy programistycznej lub zatrudniania programisty!<\/p> <p><b>Pozw\u00f3l swojemu biznesowi rozkwita\u0107 i by\u0107 dost\u0119pnym dla szerszego grona odbiorc\u00f3w oferuj\u0105c rezerwacj\u0119 spotka\u0144 online na swojej stronie internetowej!<\/b><\/p> <\/div> <div class=\"application-platform-content-item-features application-platform-content-item\" id=\"features\" data-nav-section=\"features\"> <h2>Podstawowe funkcje widgetu zawiera\u0107:<\/h2> <ul><li>Przedstaw kompleksowy obraz swojej us\u0142ugi \u2013 nazw\u0119, szczeg\u00f3\u0142y, zdj\u0119cie i czas trwania \u2013 oraz ustal ceny w wielu walutach.<\/li><li>Wysy\u0142aj automatyczne alerty, aby zweryfikowa\u0107 zabezpieczone spotkania z klientami i sob\u0105.<\/li><li>Zsynchronizuj wid\u017cet z aplikacjami outsourcingowymi, takimi jak Kalendarz Google, aby zawsze by\u0107 na bie\u017c\u0105co.<\/li><li>Zaprezentuj dane kontaktowe swojej firmy, aby zwi\u0119kszy\u0107 wiarygodno\u015b\u0107 i pozwoli\u0107 u\u017cytkownikom uzyska\u0107 w razie nieprzewidzianych sytuacji wyst\u0105pienia.<\/li><li>Dostosowywanie bez kodu dzi\u0119ki zaawansowanym ustawieniom projektu: gotowe do u\u017cycia szablony, kolory, wiele uk\u0142ad\u00f3w projekt\u00f3w uk\u0142ad\u00f3w, czcionki, niestandardowy edytor CSS, niestandardowy edytor JS itp.<\/li><\/ul><p><a href=\"#demo\">Wystarczy sprawdzi\u0107 t\u0119 wersj\u0119 demonstracyjn\u0105, aby zrozumie\u0107 funkcjonalno\u015b\u0107 wid\u017cetu<\/a><\/p> <\/div> <div class=\"application-platform-content-item-installation application-platform-content-item\" id=\"installation\" data-nav-section=\"installation\"> <h2>Jak doda\u0107 rezerwacj\u0119 spotkania do mojej witryny Webnode?<\/h2> <p>Aby doda\u0107 rezerwacj\u0119 spotkania do swojej witryny Webnode, wykonaj nast\u0119puj\u0105ce czynno\u015bci:<\/p> <ol><li><b>Uruchom nasz darmowy konfigurator i zacznij tworzy\u0107 niestandardow\u0105 wtyczk\u0119 LinkedIn Feed.<\/b><br> Okre\u015bl preferowan\u0105 form\u0119 i funkcje narz\u0119dzia oraz zapisz poprawki.<\/li> <li><b>Kopiuj Tw\u00f3j osobisty kod, kt\u00f3ry jest pokazany w specjalny formularz w aplikacji Elfsight.<\/b><br> Po zako\u0144czeniu generowania osobistej wtyczki skopiuj indywidualny kod w wy\u015bwietlonym oknie i zapisz go do p\u00f3\u017aniejszego wykorzystania.<\/li> <li><b>Pobierz zacz\u0105\u0142e\u015b od u\u017cycia narz\u0119dzia na swojej stronie Webnode.<\/b><br> Dodaj skopiowany wcze\u015bniej kod do swojej witryny i zapisz zmiany.<\/li> <li><b>Gotowe! Integracja zosta\u0142a w pe\u0142ni uko\u0144czona.<\/b><br> Przejd\u017a do swojej witryny, aby zobaczy\u0107 dzia\u0142anie wtyczki.<\/li><\/ol> <p>W przypadku pojawienia si\u0119 pyta\u0144 lub kolizji z jakimikolwiek trudno\u015bciami, nie wahaj si\u0119 aby zwr\u00f3ci\u0107 si\u0119 do naszego personelu obs\u0142ugi klienta. Nasi konsultanci z przyjemno\u015bci\u0105 odpowiedz\u0105 na wszystkie pytania dotycz\u0105ce produktu.<\/p> <\/div> ","protected":false},"excerpt":{"rendered":"","protected":false},"author":9,"featured_media":0,"parent":9514,"menu_order":0,"comment_status":"closed","ping_status":"closed","template":"templates\/template-application-platform.php","meta":{"publish_to_discourse":"","publish_post_category":"","wpdc_auto_publish_overridden":"","wpdc_topic_tags":"","wpdc_pin_topic":"","wpdc_pin_until":"","discourse_post_id":"","discourse_permalink":"","wpdc_publishing_response":"","wpdc_publishing_error":"","footnotes":""},"class_list":["post-8688","page","type-page","status-publish","hentry"],"yoast_head":"<!-- This site is optimized with the Yoast SEO plugin v25.3.1 - https:\/\/yoast.com\/wordpress\/plugins\/seo\/ -->\n<title>Widget Rezerwacja spotkania \u2014 osadzaj rezerwacj\u0119 na stronie internetowej Webnode<\/title>\n<meta name=\"description\" content=\"Dodaj niekoduj\u0105c\u0105 aplikacj\u0119 do rezerwacji spotka\u0144 do witryny jQuery i pozw\u00f3l klientom rezerwowa\u0107 terminy za pomoc\u0105 zaledwie kilku klikni\u0119\u0107!\" \/>\n<meta name=\"robots\" content=\"index, follow, max-snippet:-1, max-image-preview:large, max-video-preview:-1\" \/>\n<link rel=\"canonical\" href=\"https:\/\/elfsight.com\/pl\/appointment-booking-widget\/webnode\/\" \/>\n<meta property=\"og:locale\" content=\"pl_PL\" \/>\n<meta property=\"og:type\" content=\"article\" \/>\n<meta property=\"og:title\" content=\"Widget Rezerwacja spotkania \u2014 osadzaj rezerwacj\u0119 na stronie internetowej Webnode\" \/>\n<meta property=\"og:description\" content=\"Dodaj niekoduj\u0105c\u0105 aplikacj\u0119 do rezerwacji spotka\u0144 do witryny jQuery i pozw\u00f3l klientom rezerwowa\u0107 terminy za pomoc\u0105 zaledwie kilku klikni\u0119\u0107!\" \/>\n<meta property=\"og:url\" content=\"https:\/\/elfsight.com\/pl\/appointment-booking-widget\/webnode\/\" \/>\n<meta property=\"og:site_name\" content=\"Elfsight PL\" \/>\n<meta property=\"article:modified_time\" content=\"2024-12-17T13:09:16+00:00\" \/>\n<meta name=\"twitter:card\" content=\"summary_large_image\" \/>\n<meta name=\"twitter:label1\" content=\"Szacowany czas czytania\" \/>\n\t<meta name=\"twitter:data1\" content=\"2 minuty\" \/>\n<!-- \/ Yoast SEO plugin. -->","yoast_head_json":{"title":"Widget Rezerwacja spotkania \u2014 osadzaj rezerwacj\u0119 na stronie internetowej Webnode","description":"Dodaj niekoduj\u0105c\u0105 aplikacj\u0119 do rezerwacji spotka\u0144 do witryny jQuery i pozw\u00f3l klientom rezerwowa\u0107 terminy za pomoc\u0105 zaledwie kilku klikni\u0119\u0107!","robots":{"index":"index","follow":"follow","max-snippet":"max-snippet:-1","max-image-preview":"max-image-preview:large","max-video-preview":"max-video-preview:-1"},"canonical":"https:\/\/elfsight.com\/pl\/appointment-booking-widget\/webnode\/","og_locale":"pl_PL","og_type":"article","og_title":"Widget Rezerwacja spotkania \u2014 osadzaj rezerwacj\u0119 na stronie internetowej Webnode","og_description":"Dodaj niekoduj\u0105c\u0105 aplikacj\u0119 do rezerwacji spotka\u0144 do witryny jQuery i pozw\u00f3l klientom rezerwowa\u0107 terminy za pomoc\u0105 zaledwie kilku klikni\u0119\u0107!","og_url":"https:\/\/elfsight.com\/pl\/appointment-booking-widget\/webnode\/","og_site_name":"Elfsight PL","article_modified_time":"2024-12-17T13:09:16+00:00","twitter_card":"summary_large_image","twitter_misc":{"Szacowany czas czytania":"2 minuty"},"schema":{"@context":"https:\/\/schema.org","@graph":[{"@type":"WebPage","@id":"https:\/\/elfsight.com\/pl\/appointment-booking-widget\/webnode\/","url":"https:\/\/elfsight.com\/pl\/appointment-booking-widget\/webnode\/","name":"Widget Rezerwacja spotkania \u2014 osadzaj rezerwacj\u0119 na stronie internetowej Webnode","isPartOf":{"@id":"https:\/\/elfsight.com\/pl\/#website"},"datePublished":"2024-09-30T18:27:29+00:00","dateModified":"2024-12-17T13:09:16+00:00","description":"Dodaj niekoduj\u0105c\u0105 aplikacj\u0119 do rezerwacji spotka\u0144 do witryny jQuery i pozw\u00f3l klientom rezerwowa\u0107 terminy za pomoc\u0105 zaledwie kilku klikni\u0119\u0107!","breadcrumb":{"@id":"https:\/\/elfsight.com\/pl\/appointment-booking-widget\/webnode\/#breadcrumb"},"inLanguage":"pl-PL","potentialAction":[{"@type":"ReadAction","target":["https:\/\/elfsight.com\/pl\/appointment-booking-widget\/webnode\/"]}]},{"@type":"BreadcrumbList","@id":"https:\/\/elfsight.com\/pl\/appointment-booking-widget\/webnode\/#breadcrumb","itemListElement":[{"@type":"ListItem","position":1,"name":"Home","item":"https:\/\/elfsight.com\/pl\/"},{"@type":"ListItem","position":2,"name":"Appointment Booking","item":"https:\/\/elfsight.com\/pl\/appointment-booking-widget\/"},{"@type":"ListItem","position":3,"name":"Appointment Booking &#8211; Webnode"}]},{"@type":"WebSite","@id":"https:\/\/elfsight.com\/pl\/#website","url":"https:\/\/elfsight.com\/pl\/","name":"Elfsight PL","description":"Just another Elfsight Sites site","potentialAction":[{"@type":"SearchAction","target":{"@type":"EntryPoint","urlTemplate":"https:\/\/elfsight.com\/pl\/?s={search_term_string}"},"query-input":{"@type":"PropertyValueSpecification","valueRequired":true,"valueName":"search_term_string"}}],"inLanguage":"pl-PL"}]}},"meta_box":{"industry":"","seo_heading":"","heading":"","description":"","cta_heading":"","cta_description":"","application":"9513","h1":"Wid\u017cet rezerwacji spotka\u0144 Webnode","h1_caption":"Pozw\u00f3l u\u017cytkownikom \u0142atwo planowa\u0107 spotkania bezpo\u015brednio z witryny Webnode, zwi\u0119kszaj\u0105c wygod\u0119 i usprawniaj\u0105c proces rezerwacji.","application_category":[],"applications_title":"","applications_request_title":"","applications_request_button_text":"","hero_text":"","hero_video":"","hero_video_schema_markup":"","selling_points_title":"","selling_points_caption":"","selling_points":[],"selling_points_cta_text":"","features_title":"","features":"","ed_cta_examples_text":"","ed_cta_examples_hidden":"","ed_cta_demo_text":"","ed_cta_demo_hidden":"","why_caption":"","why_editor_title":"","why_editor_text":"","why_team_title":"","why_team_text":"","why_service_title":"","why_service_text":"","template_catalog_visible":"","template_catalog_title":"","template_catalog_text":"","template_catalog_categories_visible":"","demo_title":"Utw\u00f3rz wid\u017cet Rezerwacja spotkania","demo_caption":"Skonfiguruj rezerwacj\u0119 spotkania i dodaj j\u0105 do swojej witryny Webnode za darmo!","default_faq_hidden":"","app_template_category":[],"platform":"138","template_public_id":"","codecanyon_url":"","codecanyon_item_id":"","codecanyon_price":"","pricing_caption":"","pricing_elfsight_apps_hide_column":"","pricing_elfsight_apps_url":"","pricing_codecanyon_price_caption":"","integration_category":[],"integration_request_title":"","integration_request_cta":"","integration_platform":"","integrations":[],"platform_category":[],"video_schema_markup":"","price":"od 0 USD \/ miesi\u0105c","trial":"","benefits":[{"text":"Bezp\u0142atna pomoc w monta\u017cu"},{"text":"Profesjonalna obs\u0142uga klienta"},{"text":"14-dniowa gwarancja zwrotu pieni\u0119dzy"},{"text":"Ci\u0105g\u0142e ulepszenia"}],"button_url":"#demo","button_target_blank":"","button_nofollow":"","attributes":[{"name":"Instaluje","content":"1,000 - 5,000"},{"name":"Czu\u0142y","content":"Tak"},{"name":"Kompatybilne przegl\u0105darki","content":"Firefox, Safari, Opera, Chrome, Edge"}],"tags":[],"tags_disable_links":"","hide_more_platforms":"","video_object":"","demo_hide_cta":"","demo_hide_cloud_options":"","pricing_title":"","pricing":[{"pricing_icon":"platform","pricing_title":"Elfsight Apps","pricing_title_caption":"Oprogramowanie wieloplatformowe, kt\u00f3re dzia\u0142a na dowolnej stronie internetowej","pricing_price":"Od 0 USD \/ miesi\u0105c","pricing_price_caption":"Zacznij od bezp\u0142atnego planu","pricing_benefits":[{"text":"Nielimitowane strony internetowe"},{"text":"Profesjonalne wsparcie firmy"},{"text":"Bezp\u0142atna pomoc w monta\u017cu"},{"text":"Elastyczny projekt"}],"pricing_button_text":"Dodaj do witryny","pricing_button_url":"#demo"}],"related_apps_title":"","related_apps_hidden":"","author":"","image":[],"title":"","job":"","social_networks":[]},"_links":{"self":[{"href":"https:\/\/elfsight.com\/pl\/wp-json\/wp\/v2\/pages\/8688","targetHints":{"allow":["GET"]}}],"collection":[{"href":"https:\/\/elfsight.com\/pl\/wp-json\/wp\/v2\/pages"}],"about":[{"href":"https:\/\/elfsight.com\/pl\/wp-json\/wp\/v2\/types\/page"}],"author":[{"embeddable":true,"href":"https:\/\/elfsight.com\/pl\/wp-json\/wp\/v2\/users\/9"}],"replies":[{"embeddable":true,"href":"https:\/\/elfsight.com\/pl\/wp-json\/wp\/v2\/comments?post=8688"}],"version-history":[{"count":1,"href":"https:\/\/elfsight.com\/pl\/wp-json\/wp\/v2\/pages\/8688\/revisions"}],"predecessor-version":[{"id":8692,"href":"https:\/\/elfsight.com\/pl\/wp-json\/wp\/v2\/pages\/8688\/revisions\/8692"}],"up":[{"embeddable":true,"href":"https:\/\/elfsight.com\/pl\/wp-json\/wp\/v2\/pages\/9514"}],"wp:attachment":[{"href":"https:\/\/elfsight.com\/pl\/wp-json\/wp\/v2\/media?parent=8688"}],"curies":[{"name":"wp","href":"https:\/\/api.w.org\/{rel}","templated":true}]}}