{"id":8687,"date":"2024-09-30T18:27:29","date_gmt":"2024-09-30T18:27:29","guid":{"rendered":"https:\/\/elfsight.com\/pl\/?page_id=8687"},"modified":"2024-12-17T13:09:16","modified_gmt":"2024-12-17T13:09:16","slug":"jimdo","status":"publish","type":"page","link":"https:\/\/elfsight.com\/pl\/appointment-booking-widget\/jimdo\/","title":{"rendered":"Appointment Booking &#8211; Jimdo"},"content":{"rendered":"<div class=\"application-platform-content-item-description application-platform-content-item\" id=\"description\" data-nav-section=\"description\"><h2>Osad\u017a rezerwacj\u0119 spotkania w Jimdo za pomoc\u0105 wid\u017cetu Elfsight!<\/h2> <p>Widget Rezerwacja spotkania jest dost\u0119pny, aby pom\u00f3c potencjalnym klientom zabezpieczy\u0107 miejsca wygodnie na Twojej stronie internetowej Jimdo, odci\u0105\u017caj\u0105c Ci\u0119 od r\u0119cznej pracy \u2013 takiej jak ci\u0105g\u0142a obecno\u015b\u0107, aby unikn\u0105\u0107 przegapienia wiadomo\u015bci, po\u0142\u0105cze\u0144 i e-maili. To tak, jakby mie\u0107 dedykowanego asystenta w gotowo\u015bci przez ca\u0142\u0105 dob\u0119, kt\u00f3ry mo\u017ce tak\u017ce wysy\u0142a\u0107 automatyczne potwierdzenia i synchronizowa\u0107 si\u0119 z aplikacjami innych firm, takimi jak Kalendarz Google.<\/p> <p>To idealna okazja, aby powiedzie\u0107 wi\u0119cej o Twojej us\u0142udze lub wydarzeniu, okre\u015bl ramy czasowe, podaj dane kontaktowe i ustal ceny, aby u\u0142atwi\u0107 klientom podejmowanie decyzji. Co wi\u0119cej, spersonalizuj wygl\u0105d wid\u017cetu, modyfikuj\u0105c niestandardowe elementy i funkcje bez konieczno\u015bci doskonalenia umiej\u0119tno\u015bci kodowania lub zatrudniania programisty!<\/p> <p><b>Niech Twoja firma rozkwitnie i b\u0119dzie dost\u0119pna dla ka\u017cdego potencjalnego klienta poprzez rezerwacja spotka\u0144 online na Twojej stronie internetowej!<\/b><\/p> <\/div> <div class=\"application-platform-content-item-features application-platform-content-item\" id=\"features\" data-nav-section=\"features\"> <h2>Wid\u017cet oferuje praktyczne i szybkie funkcje, sprawd\u017a niekt\u00f3re z nich:<\/h2> <ul><li>Zaproponuj dok\u0142adne wyja\u015bnienie swojej us\u0142ugi \u2014 nazw\u0119, szczeg\u00f3\u0142y, zdj\u0119cie i czas trwania \u2014 oraz ustal ceny w r\u00f3\u017cnych walutach.<\/li><li> Wysy\u0142aj automatyczne alerty, aby potwierdzi\u0107 zaplanowane terminy do klient\u00f3w i siebie.<\/li><li>Po\u0142\u0105cz wid\u017cet z zewn\u0119trznymi integracjami, takimi jak Kalendarz Google, aby zawsze by\u0107 na bie\u017c\u0105co.<\/li><li>Prezentuj informacje kontaktowe swojej firmy w mediach spo\u0142eczno\u015bciowych dow\u00f3d i umo\u017cliwi u\u017cytkownikom skontaktowanie si\u0119 z Tob\u0105 w przypadku nieoczekiwanych sytuacji scenariusze.<\/li><li>\u0141atwe opcje dostosowywania bez konieczno\u015bci pisania kodu: gotowe szablony, kolory, projekty uk\u0142ad\u00f3w, czcionki, niestandardowy edytor CSS, niestandardowy edytor JS i wiele wi\u0119cej.<\/li><\/ul> <p><a href=\"#demo\">Mo\u017cesz sprawdzi\u0107, ile wart jest widget, korzystaj\u0105c z wersji demonstracyjnej<\/a><\/p> <\/div> <div class=\"application-platform-content-item-installation application-platform-content-item\" id=\"installation\" data-nav-section=\"installation\"> <h2>Jak osadzi\u0107 Rezerwacj\u0119 spotkania na mojej stronie internetowej Jimdo?<\/h2> <p>Aby osadzi\u0107 Rezerwacj\u0119 spotkania na swojej stronie internetowej Jimdo, wykonaj nast\u0119puj\u0105ce kroki:<\/p> <ol><li><b>Zarz\u0105dzaj naszymi bezp\u0142atn\u0105 wersj\u0119 demonstracyjn\u0105 i zacznij tworzy\u0107 unikaln\u0105 wtyczk\u0119 LinkedIn Feed.<\/b><br> Znajd\u017a po\u017c\u0105dany wygl\u0105d i specyfikacje wid\u017cetu oraz zapisz modyfikacje.<\/li> <li><b>Odbierz unikalny kod pojawiaj\u0105cy si\u0119 w pude\u0142ko na Elfsight Aplikacje.<\/b><br> Zaraz po zako\u0144czeniu konfigurowania osobistego narz\u0119dzia skopiuj kod osobisty z wyskakuj\u0105cego okienka i zachowaj go na przysz\u0142e okazje.<\/li> <li><b>Wprowad\u017a opcj\u0119 korzystania z wtyczk\u0119 na swojej stronie Jimdo.<\/b><br> Wstaw skopiowany ostatnio kod na swoj\u0105 stron\u0119 i zapisz zmiany.<\/li> <li><b>Gotowe! Konfiguracja zosta\u0142a zako\u0144czona.<\/b><br> Przejd\u017a do swojej witryny i zobacz, jak dzia\u0142a wtyczka.<\/li><\/ol> <p>W przypadku problem\u00f3w skontaktuj si\u0119 z naszym klientem personel serwisowy. Nasi ludzie z przyjemno\u015bci\u0105 pomog\u0105 Ci we wszystkich trudno\u015bciach, jakie mo\u017cesz napotka\u0107 w zwi\u0105zku z tym narz\u0119dziem.<\/p> <\/div> ","protected":false},"excerpt":{"rendered":"","protected":false},"author":9,"featured_media":0,"parent":9514,"menu_order":0,"comment_status":"closed","ping_status":"closed","template":"templates\/template-application-platform.php","meta":{"publish_to_discourse":"","publish_post_category":"","wpdc_auto_publish_overridden":"","wpdc_topic_tags":"","wpdc_pin_topic":"","wpdc_pin_until":"","discourse_post_id":"","discourse_permalink":"","wpdc_publishing_response":"","wpdc_publishing_error":"","footnotes":""},"class_list":["post-8687","page","type-page","status-publish","hentry"],"yoast_head":"<!-- This site is optimized with the Yoast SEO plugin v25.3.1 - https:\/\/yoast.com\/wordpress\/plugins\/seo\/ -->\n<title>Widget Rezerwacja spotka\u0144 \u2014 Umie\u015b\u0107 rezerwacj\u0119 na stronie internetowej Jimdo<\/title>\n<meta name=\"description\" content=\"Dodaj niekoduj\u0105c\u0105 aplikacj\u0119 do rezerwacji spotka\u0144 do witryny Webnode i pozw\u00f3l klientom rezerwowa\u0107 miejsca za pomoc\u0105 kilku klikni\u0119\u0107!\" \/>\n<meta name=\"robots\" content=\"index, follow, max-snippet:-1, max-image-preview:large, max-video-preview:-1\" \/>\n<link rel=\"canonical\" href=\"https:\/\/elfsight.com\/pl\/appointment-booking-widget\/jimdo\/\" \/>\n<meta property=\"og:locale\" content=\"pl_PL\" \/>\n<meta property=\"og:type\" content=\"article\" \/>\n<meta property=\"og:title\" content=\"Widget Rezerwacja spotka\u0144 \u2014 Umie\u015b\u0107 rezerwacj\u0119 na stronie internetowej Jimdo\" \/>\n<meta property=\"og:description\" content=\"Dodaj niekoduj\u0105c\u0105 aplikacj\u0119 do rezerwacji spotka\u0144 do witryny Webnode i pozw\u00f3l klientom rezerwowa\u0107 miejsca za pomoc\u0105 kilku klikni\u0119\u0107!\" \/>\n<meta property=\"og:url\" content=\"https:\/\/elfsight.com\/pl\/appointment-booking-widget\/jimdo\/\" \/>\n<meta property=\"og:site_name\" content=\"Elfsight PL\" \/>\n<meta property=\"article:modified_time\" content=\"2024-12-17T13:09:16+00:00\" \/>\n<meta name=\"twitter:card\" content=\"summary_large_image\" \/>\n<meta name=\"twitter:label1\" content=\"Szacowany czas czytania\" \/>\n\t<meta name=\"twitter:data1\" content=\"2 minuty\" \/>\n<!-- \/ Yoast SEO plugin. -->","yoast_head_json":{"title":"Widget Rezerwacja spotka\u0144 \u2014 Umie\u015b\u0107 rezerwacj\u0119 na stronie internetowej Jimdo","description":"Dodaj niekoduj\u0105c\u0105 aplikacj\u0119 do rezerwacji spotka\u0144 do witryny Webnode i pozw\u00f3l klientom rezerwowa\u0107 miejsca za pomoc\u0105 kilku klikni\u0119\u0107!","robots":{"index":"index","follow":"follow","max-snippet":"max-snippet:-1","max-image-preview":"max-image-preview:large","max-video-preview":"max-video-preview:-1"},"canonical":"https:\/\/elfsight.com\/pl\/appointment-booking-widget\/jimdo\/","og_locale":"pl_PL","og_type":"article","og_title":"Widget Rezerwacja spotka\u0144 \u2014 Umie\u015b\u0107 rezerwacj\u0119 na stronie internetowej Jimdo","og_description":"Dodaj niekoduj\u0105c\u0105 aplikacj\u0119 do rezerwacji spotka\u0144 do witryny Webnode i pozw\u00f3l klientom rezerwowa\u0107 miejsca za pomoc\u0105 kilku klikni\u0119\u0107!","og_url":"https:\/\/elfsight.com\/pl\/appointment-booking-widget\/jimdo\/","og_site_name":"Elfsight PL","article_modified_time":"2024-12-17T13:09:16+00:00","twitter_card":"summary_large_image","twitter_misc":{"Szacowany czas czytania":"2 minuty"},"schema":{"@context":"https:\/\/schema.org","@graph":[{"@type":"WebPage","@id":"https:\/\/elfsight.com\/pl\/appointment-booking-widget\/jimdo\/","url":"https:\/\/elfsight.com\/pl\/appointment-booking-widget\/jimdo\/","name":"Widget Rezerwacja spotka\u0144 \u2014 Umie\u015b\u0107 rezerwacj\u0119 na stronie internetowej Jimdo","isPartOf":{"@id":"https:\/\/elfsight.com\/pl\/#website"},"datePublished":"2024-09-30T18:27:29+00:00","dateModified":"2024-12-17T13:09:16+00:00","description":"Dodaj niekoduj\u0105c\u0105 aplikacj\u0119 do rezerwacji spotka\u0144 do witryny Webnode i pozw\u00f3l klientom rezerwowa\u0107 miejsca za pomoc\u0105 kilku klikni\u0119\u0107!","breadcrumb":{"@id":"https:\/\/elfsight.com\/pl\/appointment-booking-widget\/jimdo\/#breadcrumb"},"inLanguage":"pl-PL","potentialAction":[{"@type":"ReadAction","target":["https:\/\/elfsight.com\/pl\/appointment-booking-widget\/jimdo\/"]}]},{"@type":"BreadcrumbList","@id":"https:\/\/elfsight.com\/pl\/appointment-booking-widget\/jimdo\/#breadcrumb","itemListElement":[{"@type":"ListItem","position":1,"name":"Home","item":"https:\/\/elfsight.com\/pl\/"},{"@type":"ListItem","position":2,"name":"Appointment Booking","item":"https:\/\/elfsight.com\/pl\/appointment-booking-widget\/"},{"@type":"ListItem","position":3,"name":"Appointment Booking &#8211; Jimdo"}]},{"@type":"WebSite","@id":"https:\/\/elfsight.com\/pl\/#website","url":"https:\/\/elfsight.com\/pl\/","name":"Elfsight PL","description":"Just another Elfsight Sites site","potentialAction":[{"@type":"SearchAction","target":{"@type":"EntryPoint","urlTemplate":"https:\/\/elfsight.com\/pl\/?s={search_term_string}"},"query-input":{"@type":"PropertyValueSpecification","valueRequired":true,"valueName":"search_term_string"}}],"inLanguage":"pl-PL"}]}},"meta_box":{"industry":"","seo_heading":"","heading":"","description":"","cta_heading":"","cta_description":"","application":"9513","h1":"Widget Rezerwacja spotka\u0144 Jimdo","h1_caption":"Pozw\u00f3l u\u017cytkownikom \u0142atwo planowa\u0107 spotkania bezpo\u015brednio ze strony internetowej Jimdo, zwi\u0119kszaj\u0105c wygod\u0119 i usprawniaj\u0105c proces rezerwacji.","application_category":[],"applications_title":"","applications_request_title":"","applications_request_button_text":"","hero_text":"","hero_video":"","hero_video_schema_markup":"","selling_points_title":"","selling_points_caption":"","selling_points":[],"selling_points_cta_text":"","features_title":"","features":"","ed_cta_examples_text":"","ed_cta_examples_hidden":"","ed_cta_demo_text":"","ed_cta_demo_hidden":"","why_caption":"","why_editor_title":"","why_editor_text":"","why_team_title":"","why_team_text":"","why_service_title":"","why_service_text":"","template_catalog_visible":"","template_catalog_title":"","template_catalog_text":"","template_catalog_categories_visible":"","demo_title":"Utw\u00f3rz wid\u017cet Rezerwacja spotkania","demo_caption":"Skonfiguruj swoj\u0105 Rezerwacj\u0119 Wizyty i dodaj j\u0105 do swojej strony internetowej Jimdo za darmo!","default_faq_hidden":"","app_template_category":[],"platform":"193","template_public_id":"","codecanyon_url":"","codecanyon_item_id":"","codecanyon_price":"","pricing_caption":"","pricing_elfsight_apps_hide_column":"","pricing_elfsight_apps_url":"","pricing_codecanyon_price_caption":"","integration_category":[],"integration_request_title":"","integration_request_cta":"","integration_platform":"","integrations":[],"platform_category":[],"video_schema_markup":"","price":"od 0 USD \/ miesi\u0105c","trial":"","benefits":[{"text":"Bezp\u0142atna pomoc w instalacji"},{"text":"Wyj\u0105tkowe wsparcie"},{"text":"14-dniowa gwarancja zwrotu pieni\u0119dzy"},{"text":"Ci\u0105g\u0142e bezp\u0142atne aktualizacje"}],"button_url":"#demo","button_target_blank":"","button_nofollow":"","attributes":[{"name":"Instaluje","content":"1,000 - 5,000"},{"name":"Czu\u0142y","content":"Tak"},{"name":"Kompatybilne przegl\u0105darki","content":"Firefox, Safari, Opera, Chrome, Edge"}],"tags":[],"tags_disable_links":"","hide_more_platforms":"","video_object":"","demo_hide_cta":"","demo_hide_cloud_options":"","pricing_title":"","pricing":[{"pricing_icon":"platform","pricing_title":"Elfsight Apps","pricing_title_caption":"Wieloplatformowe rozwi\u0105zanie cyfrowe, kt\u00f3re dzia\u0142a na ka\u017cdej stronie internetowej","pricing_price":"Od 0 USD \/ miesi\u0105c","pricing_price_caption":"Zacznij od bezp\u0142atnego planu","pricing_benefits":[{"text":"Nielimitowane strony internetowe"},{"text":"Bezp\u0142atne wsparcie"},{"text":"Bezp\u0142atna us\u0142uga monta\u017cu"},{"text":"W pe\u0142ni konfigurowalny"}],"pricing_button_text":"Dodaj do witryny","pricing_button_url":"#demo"}],"related_apps_title":"","related_apps_hidden":"","author":"","image":[],"title":"","job":"","social_networks":[]},"_links":{"self":[{"href":"https:\/\/elfsight.com\/pl\/wp-json\/wp\/v2\/pages\/8687","targetHints":{"allow":["GET"]}}],"collection":[{"href":"https:\/\/elfsight.com\/pl\/wp-json\/wp\/v2\/pages"}],"about":[{"href":"https:\/\/elfsight.com\/pl\/wp-json\/wp\/v2\/types\/page"}],"author":[{"embeddable":true,"href":"https:\/\/elfsight.com\/pl\/wp-json\/wp\/v2\/users\/9"}],"replies":[{"embeddable":true,"href":"https:\/\/elfsight.com\/pl\/wp-json\/wp\/v2\/comments?post=8687"}],"version-history":[{"count":1,"href":"https:\/\/elfsight.com\/pl\/wp-json\/wp\/v2\/pages\/8687\/revisions"}],"predecessor-version":[{"id":8691,"href":"https:\/\/elfsight.com\/pl\/wp-json\/wp\/v2\/pages\/8687\/revisions\/8691"}],"up":[{"embeddable":true,"href":"https:\/\/elfsight.com\/pl\/wp-json\/wp\/v2\/pages\/9514"}],"wp:attachment":[{"href":"https:\/\/elfsight.com\/pl\/wp-json\/wp\/v2\/media?parent=8687"}],"curies":[{"name":"wp","href":"https:\/\/api.w.org\/{rel}","templated":true}]}}