{"id":8686,"date":"2024-09-30T18:27:29","date_gmt":"2024-09-30T18:27:29","guid":{"rendered":"https:\/\/elfsight.com\/pl\/?page_id=8686"},"modified":"2024-12-17T13:09:16","modified_gmt":"2024-12-17T13:09:16","slug":"prestashop","status":"publish","type":"page","link":"https:\/\/elfsight.com\/pl\/appointment-booking-widget\/prestashop\/","title":{"rendered":"Appointment Booking &#8211; PrestaShop"},"content":{"rendered":"<div class=\"application-platform-content-item-description application-platform-content-item\" id=\"description\" data-nav-section=\"description\"><h2>Osad\u017a rezerwacj\u0119 spotkania w PrestaShop za pomoc\u0105 dodatku Elfsight!<\/h2> <p>Dodatek Rezerwacja spotkania jest do Twojej dyspozycji, aby pom\u00f3c potencjalnym klientom w zabezpieczaniu przedzia\u0142\u00f3w czasowych bezpo\u015brednio na Twojej stronie PrestaShop, redukuj\u0105c od Ciebie praktyczne zadania \u2013 takie jak ci\u0105g\u0142e zarz\u0105dzanie wiadomo\u015bciami, po\u0142\u0105czeniami i e-mailami. Pomy\u015bl o tym jak o asystentze dy\u017curnym pracuj\u0105cym 24 godziny na dob\u0119, 7 dni w tygodniu, kt\u00f3ry wysy\u0142a automatyczne powiadomienia i mo\u017cna go synchronizowa\u0107 ze specjalistycznymi aplikacjami, takimi jak Kalendarz Google.<\/p> <p>Czas zag\u0142\u0119bi\u0107 si\u0119 w us\u0142ug\u0119 lub okazj\u0119, zdefiniowa\u0107 czas trwania, ujawnij dane kontaktowe i ustal ceny, aby upro\u015bci\u0107 proces decyzyjny klient\u00f3w. Dodatkowo mo\u017cesz wybra\u0107 estetyk\u0119 wizualn\u0105 dodatku, dostosowuj\u0105c niestandardowe elementy i funkcje bez konieczno\u015bci doskonalenia wiedzy programistycznej lub zatrudniania wykwalifikowanego programisty!<\/p> <p><b>Zwi\u0119ksz zasi\u0119g swojej firmy i b\u0105d\u017a w zasi\u0119gu zwi\u0119ksz liczb\u0119 klient\u00f3w dzi\u0119ki rezerwacji online spotka\u0144 w Twojej witrynie!<\/b><\/p> <\/div> <div class=\"application-platform-content-item-features application-platform-content-item\" id=\"features\" data-nav-section=\"features\"> <h2>To tylko niekt\u00f3re z bogatych funkcji wid\u017cetu:<\/h2> <ul><li>Podaj dok\u0142adny opis swojej us\u0142ugi \u2014 nazw\u0119, szczeg\u00f3\u0142y, zdj\u0119cie i czas trwania \u2014 oraz skonfiguruj ceny w r\u00f3\u017cnych walutach.<\/h2> li&gt;<li>Wysy\u0142aj automatyczne powiadomienia, aby potwierdzi\u0107 zarezerwowane przedzia\u0142y czasowe do klient\u00f3w i siebie.<\/li><li>Zsynchronizuj wid\u017cet z us\u0142ugami innych firm, takimi jak Kalendarz Google, aby zapewni\u0107 ci\u0105g\u0142e aktualizacje.<\/li><li>Udost\u0119pnij dane kontaktowe swojej firmy w ramach weryfikacji spo\u0142eczno\u015bciowej i umo\u017cliwij u\u017cytkownikom kontakt w przypadku nieprzewidzianych okoliczno\u015bci.<\/li><li>Zaawansowana personalizacja bez konieczno\u015bci kodowania: wst\u0119pnie zaprojektowane szablony, kolory, uk\u0142ady, czcionki, niestandardowy edytor CSS, niestandardowy edytor JS itp.<\/li><\/ul> <p><a href=\"#demo\">W tym miejscu mo\u017cesz zapozna\u0107 si\u0119 z pe\u0142n\u0105 funkcjonalno\u015bci\u0105 wid\u017cetu w wersji demonstracyjnej<\/a><\/p> <\/div> <div class=\"application-platform-content-item-installation application-platform-content-item\" id=\"installation\" data-nav-section=\"installation\"> <h2>Jak mog\u0119 doda\u0107 rezerwacj\u0119 spotkania do mojej witryny PrestaShop?<\/h2> <p>Je\u015bli chcesz doda\u0107 rezerwacj\u0119 spotkania do swojej witryny PrestaShop, wykonaj nast\u0119puj\u0105ce kroki:<\/p> <ol><li><b>Skorzystaj z naszego bezp\u0142atnego edytora i zacznij tworzy\u0107 w\u0142asny wid\u017cet LinkedIn Feed.<\/b><br> Wybierz wybrany projekt i cechy wtyczki, a nast\u0119pnie zastosuj zmiany.<\/li> <li> <b>Zdob\u0105d\u017a sw\u00f3j indywidualny kod kt\u00f3ry pojawi si\u0119 w oknie aplikacji Elfsight.<\/b><br> Gdy tylko tworzenie wid\u017cetu si\u0119 zako\u0144czy, skopiuj ekskluzywny kod z wy\u015bwietlonego okna i zapisz go na dalsze potrzeby.<\/li> <li><b>Zainicjuj u\u017cycie wid\u017cetu na swojej stronie PrestaShop.<\/b><br> Osad\u017a zapisany wcze\u015bniej kod na swojej stronie i zastosuj poprawki.<\/li> <li><b>Instalacja zosta\u0142a pomy\u015blnie zako\u0144czona.<\/b> b&gt;<br> Odwied\u017a swoj\u0105 stron\u0119 internetow\u0105 i obserwuj prac\u0119 widget.<\/li><\/ol> <p>W przypadku pyta\u0144 lub napotkania jakichkolwiek trudno\u015bci nie wahaj si\u0119 zwr\u00f3ci\u0107 do naszego zespo\u0142u wsparcia. Nasi specjali\u015bci ch\u0119tnie rozwi\u0105\u017c\u0105 wszystkie problemy, jakie mo\u017cesz mie\u0107 z wid\u017cetem.<\/p> <\/div> ","protected":false},"excerpt":{"rendered":"","protected":false},"author":9,"featured_media":0,"parent":9514,"menu_order":0,"comment_status":"closed","ping_status":"closed","template":"templates\/template-application-platform.php","meta":{"publish_to_discourse":"","publish_post_category":"","wpdc_auto_publish_overridden":"","wpdc_topic_tags":"","wpdc_pin_topic":"","wpdc_pin_until":"","discourse_post_id":"","discourse_permalink":"","wpdc_publishing_response":"","wpdc_publishing_error":"","footnotes":""},"class_list":["post-8686","page","type-page","status-publish","hentry"],"yoast_head":"<!-- This site is optimized with the Yoast SEO plugin v25.3.1 - https:\/\/yoast.com\/wordpress\/plugins\/seo\/ -->\n<title>Widget Rezerwacja spotkania \u2014 Umie\u015b\u0107 rezerwacj\u0119 na stronie PrestaShop<\/title>\n<meta name=\"description\" content=\"Dodaj niekoduj\u0105c\u0105 aplikacj\u0119 do rezerwacji wizyt na stronie Jimdo i pozw\u00f3l klientom rezerwowa\u0107 miejsca za pomoc\u0105 kilku klikni\u0119\u0107!\" \/>\n<meta name=\"robots\" content=\"index, follow, max-snippet:-1, max-image-preview:large, max-video-preview:-1\" \/>\n<link rel=\"canonical\" href=\"https:\/\/elfsight.com\/pl\/appointment-booking-widget\/prestashop\/\" \/>\n<meta property=\"og:locale\" content=\"pl_PL\" \/>\n<meta property=\"og:type\" content=\"article\" \/>\n<meta property=\"og:title\" content=\"Widget Rezerwacja spotkania \u2014 Umie\u015b\u0107 rezerwacj\u0119 na stronie PrestaShop\" \/>\n<meta property=\"og:description\" content=\"Dodaj niekoduj\u0105c\u0105 aplikacj\u0119 do rezerwacji wizyt na stronie Jimdo i pozw\u00f3l klientom rezerwowa\u0107 miejsca za pomoc\u0105 kilku klikni\u0119\u0107!\" \/>\n<meta property=\"og:url\" content=\"https:\/\/elfsight.com\/pl\/appointment-booking-widget\/prestashop\/\" \/>\n<meta property=\"og:site_name\" content=\"Elfsight PL\" \/>\n<meta property=\"article:modified_time\" content=\"2024-12-17T13:09:16+00:00\" \/>\n<meta name=\"twitter:card\" content=\"summary_large_image\" \/>\n<meta name=\"twitter:label1\" content=\"Szacowany czas czytania\" \/>\n\t<meta name=\"twitter:data1\" content=\"2 minuty\" \/>\n<!-- \/ Yoast SEO plugin. -->","yoast_head_json":{"title":"Widget Rezerwacja spotkania \u2014 Umie\u015b\u0107 rezerwacj\u0119 na stronie PrestaShop","description":"Dodaj niekoduj\u0105c\u0105 aplikacj\u0119 do rezerwacji wizyt na stronie Jimdo i pozw\u00f3l klientom rezerwowa\u0107 miejsca za pomoc\u0105 kilku klikni\u0119\u0107!","robots":{"index":"index","follow":"follow","max-snippet":"max-snippet:-1","max-image-preview":"max-image-preview:large","max-video-preview":"max-video-preview:-1"},"canonical":"https:\/\/elfsight.com\/pl\/appointment-booking-widget\/prestashop\/","og_locale":"pl_PL","og_type":"article","og_title":"Widget Rezerwacja spotkania \u2014 Umie\u015b\u0107 rezerwacj\u0119 na stronie PrestaShop","og_description":"Dodaj niekoduj\u0105c\u0105 aplikacj\u0119 do rezerwacji wizyt na stronie Jimdo i pozw\u00f3l klientom rezerwowa\u0107 miejsca za pomoc\u0105 kilku klikni\u0119\u0107!","og_url":"https:\/\/elfsight.com\/pl\/appointment-booking-widget\/prestashop\/","og_site_name":"Elfsight PL","article_modified_time":"2024-12-17T13:09:16+00:00","twitter_card":"summary_large_image","twitter_misc":{"Szacowany czas czytania":"2 minuty"},"schema":{"@context":"https:\/\/schema.org","@graph":[{"@type":"WebPage","@id":"https:\/\/elfsight.com\/pl\/appointment-booking-widget\/prestashop\/","url":"https:\/\/elfsight.com\/pl\/appointment-booking-widget\/prestashop\/","name":"Widget Rezerwacja spotkania \u2014 Umie\u015b\u0107 rezerwacj\u0119 na stronie PrestaShop","isPartOf":{"@id":"https:\/\/elfsight.com\/pl\/#website"},"datePublished":"2024-09-30T18:27:29+00:00","dateModified":"2024-12-17T13:09:16+00:00","description":"Dodaj niekoduj\u0105c\u0105 aplikacj\u0119 do rezerwacji wizyt na stronie Jimdo i pozw\u00f3l klientom rezerwowa\u0107 miejsca za pomoc\u0105 kilku klikni\u0119\u0107!","breadcrumb":{"@id":"https:\/\/elfsight.com\/pl\/appointment-booking-widget\/prestashop\/#breadcrumb"},"inLanguage":"pl-PL","potentialAction":[{"@type":"ReadAction","target":["https:\/\/elfsight.com\/pl\/appointment-booking-widget\/prestashop\/"]}]},{"@type":"BreadcrumbList","@id":"https:\/\/elfsight.com\/pl\/appointment-booking-widget\/prestashop\/#breadcrumb","itemListElement":[{"@type":"ListItem","position":1,"name":"Home","item":"https:\/\/elfsight.com\/pl\/"},{"@type":"ListItem","position":2,"name":"Appointment Booking","item":"https:\/\/elfsight.com\/pl\/appointment-booking-widget\/"},{"@type":"ListItem","position":3,"name":"Appointment Booking &#8211; PrestaShop"}]},{"@type":"WebSite","@id":"https:\/\/elfsight.com\/pl\/#website","url":"https:\/\/elfsight.com\/pl\/","name":"Elfsight PL","description":"Just another Elfsight Sites site","potentialAction":[{"@type":"SearchAction","target":{"@type":"EntryPoint","urlTemplate":"https:\/\/elfsight.com\/pl\/?s={search_term_string}"},"query-input":{"@type":"PropertyValueSpecification","valueRequired":true,"valueName":"search_term_string"}}],"inLanguage":"pl-PL"}]}},"meta_box":{"industry":"","seo_heading":"","heading":"","description":"","cta_heading":"","cta_description":"","application":"9513","h1":"Dodatek do rezerwacji wizyt w PrestaShop","h1_caption":"Pozw\u00f3l u\u017cytkownikom \u0142atwo planowa\u0107 spotkania bezpo\u015brednio z Twojej witryny Prestashop, zwi\u0119kszaj\u0105c wygod\u0119 i usprawniaj\u0105c proces rezerwacji.","application_category":[],"applications_title":"","applications_request_title":"","applications_request_button_text":"","hero_text":"","hero_video":"","hero_video_schema_markup":"","selling_points_title":"","selling_points_caption":"","selling_points":[],"selling_points_cta_text":"","features_title":"","features":"","ed_cta_examples_text":"","ed_cta_examples_hidden":"","ed_cta_demo_text":"","ed_cta_demo_hidden":"","why_caption":"","why_editor_title":"","why_editor_text":"","why_team_title":"","why_team_text":"","why_service_title":"","why_service_text":"","template_catalog_visible":"","template_catalog_title":"","template_catalog_text":"","template_catalog_categories_visible":"","demo_title":"Utw\u00f3rz dodatek do rezerwacji spotka\u0144","demo_caption":"Skonfiguruj rezerwacj\u0119 spotkania i dodaj j\u0105 do swojej witryny PrestaShop za darmo!","default_faq_hidden":"","app_template_category":[],"platform":"586","template_public_id":"","codecanyon_url":"","codecanyon_item_id":"","codecanyon_price":"","pricing_caption":"","pricing_elfsight_apps_hide_column":"","pricing_elfsight_apps_url":"","pricing_codecanyon_price_caption":"","integration_category":[],"integration_request_title":"","integration_request_cta":"","integration_platform":"","integrations":[],"platform_category":[],"video_schema_markup":"","price":"od 0 USD \/ miesi\u0105c","trial":"","benefits":[{"text":"Bezp\u0142atna us\u0142uga monta\u017cu"},{"text":"Wsparcie premium"},{"text":"14-dniowa gwarancja zwrotu pieni\u0119dzy"},{"text":"Stale aktualizowana"}],"button_url":"#demo","button_target_blank":"","button_nofollow":"","attributes":[{"name":"Instaluje","content":"1,000 - 5,000"},{"name":"Czu\u0142y","content":"Tak"},{"name":"Kompatybilne przegl\u0105darki","content":"Firefox, Safari, Opera, Chrome, Edge"}],"tags":[],"tags_disable_links":"","hide_more_platforms":"","video_object":"","demo_hide_cta":"","demo_hide_cloud_options":"","pricing_title":"","pricing":[{"pricing_icon":"platform","pricing_title":"Elfsight Apps","pricing_title_caption":"Wersja niezale\u017cna od platformy, kt\u00f3ra pasuje do ka\u017cdej witryny internetowej","pricing_price":"Od 0 USD \/ miesi\u0105c","pricing_price_caption":"Zacznij od bezp\u0142atnego planu","pricing_benefits":[{"text":"Nielimitowane strony internetowe"},{"text":"Dedykowana obs\u0142uga klienta i dobrze udokumentowana"},{"text":"Bezp\u0142atna pomoc w monta\u017cu"},{"text":"100% konfigurowalny"}],"pricing_button_text":"Dodaj do witryny","pricing_button_url":"#demo"}],"related_apps_title":"","related_apps_hidden":"","author":"","image":[],"title":"","job":"","social_networks":[]},"_links":{"self":[{"href":"https:\/\/elfsight.com\/pl\/wp-json\/wp\/v2\/pages\/8686","targetHints":{"allow":["GET"]}}],"collection":[{"href":"https:\/\/elfsight.com\/pl\/wp-json\/wp\/v2\/pages"}],"about":[{"href":"https:\/\/elfsight.com\/pl\/wp-json\/wp\/v2\/types\/page"}],"author":[{"embeddable":true,"href":"https:\/\/elfsight.com\/pl\/wp-json\/wp\/v2\/users\/9"}],"replies":[{"embeddable":true,"href":"https:\/\/elfsight.com\/pl\/wp-json\/wp\/v2\/comments?post=8686"}],"version-history":[{"count":1,"href":"https:\/\/elfsight.com\/pl\/wp-json\/wp\/v2\/pages\/8686\/revisions"}],"predecessor-version":[{"id":8690,"href":"https:\/\/elfsight.com\/pl\/wp-json\/wp\/v2\/pages\/8686\/revisions\/8690"}],"up":[{"embeddable":true,"href":"https:\/\/elfsight.com\/pl\/wp-json\/wp\/v2\/pages\/9514"}],"wp:attachment":[{"href":"https:\/\/elfsight.com\/pl\/wp-json\/wp\/v2\/media?parent=8686"}],"curies":[{"name":"wp","href":"https:\/\/api.w.org\/{rel}","templated":true}]}}