{"id":8680,"date":"2024-08-01T13:13:26","date_gmt":"2024-08-01T13:13:26","guid":{"rendered":"https:\/\/elfsight.com\/pl\/?page_id=8680"},"modified":"2025-05-30T12:44:43","modified_gmt":"2025-05-30T12:44:43","slug":"wix","status":"publish","type":"page","link":"https:\/\/elfsight.com\/pl\/flipbook-widget\/wix\/","title":{"rendered":"Flipbook &#8211; Wix"},"content":{"rendered":"<div class=\"application-platform-content-item-description application-platform-content-item\" id=\"description\" data-nav-section=\"description\"> <h2>Osad\u017a Flipbook w Wix za pomoc\u0105 aplikacji Elfsight<\/h2> <p>Aplikacja Flipbook dla Wix to \u015bwietne rozwi\u0105zanie do prezentacji materia\u0142\u00f3w wizualnych na stronie internetowej. Aplikacja zamienia pliki PDF w interaktywne magazyny z animowanymi obrazkami i wygodn\u0105 nawigacj\u0105. Pomaga w prezentowaniu dziennik\u00f3w, katalog\u00f3w, instrukcji i materia\u0142\u00f3w promocyjnych w atrakcyjny dla czytelnika spos\u00f3b, zwi\u0119kszaj\u0105c w ten spos\u00f3b \u015bwiadomo\u015b\u0107 marki i dost\u0119pno\u015b\u0107 tre\u015bci. <\/p><p>Mo\u017cesz \u0142atwo wys\u0142a\u0107 link do swojego katalogu PDF, udost\u0119pni\u0107 go za po\u015brednictwem medi\u00f3w spo\u0142eczno\u015bciowych i zapewni\u0107 u\u017cytkownikom prosty spos\u00f3b na jego wydrukowanie lub pobranie. Ponadto aplikacja jest w pe\u0142ni konfigurowalna, aby dopasowa\u0107 j\u0105 do stylu Twojej strony internetowej lub marki. Flipbook szybko \u0142aduje si\u0119 na Twoich stronach i \u015bwietnie wygl\u0105da na ka\u017cdym urz\u0105dzeniu. <\/p><p><b>Popraw jako\u015b\u0107 prezentacji swoich produkt\u00f3w i osi\u0105gni\u0119\u0107 dzi\u0119ki niestandardowemu albumowi PDF. <\/b><\/p><\/div> <div class=\"application-platform-content-item-features application-platform-content-item\" id=\"features\" data-nav-section=\"features\"> <h2>To tylko kilka spo\u015br\u00f3d wielu funkcji aplikacji: <\/h2><ul><li><b>Realistyczne przewracanie stron w przypadku dowolnych osadzonych plik\u00f3w PDF. <\/b> Wystarczy doda\u0107 dowolny plik PDF, aby go animowa\u0107 za pomoc\u0105 realistycznych efekt\u00f3w przewracania stron i d\u017awi\u0119k\u00f3w papieru, co zapewni u\u017cytkownikowi satysfakcjonuj\u0105ce wra\u017cenia. <\/li><li><b>Wyszukiwanie, powi\u0119kszanie i pomniejszanie, przeskakiwanie do pocz\u0105tku lub ko\u0144ca. <\/b>Flipbook oferuje wiele interaktywnych przycisk\u00f3w i element\u00f3w do pracy z broszur\u0105 i wygodnego jej przegl\u0105dania. <\/li><li><b>\u0141atwe udost\u0119pnianie, pobieranie lub drukowanie broszury. <\/b>\u0141atwo jest wys\u0142a\u0107 link do katalogu, udost\u0119pni\u0107 go za po\u015brednictwem medi\u00f3w spo\u0142eczno\u015bciowych lub zapewni\u0107 mo\u017cliwo\u015b\u0107 pobrania i wydrukowania dla czytelnika. <\/li><li><b>Dodatkowe tryby wy\u015bwietlania dla atrakcyjnej prezentacji. <\/b>W Flipbooku dost\u0119pne s\u0105 tryby widoku miniatur, pojedynczej strony i pe\u0142nego ekranu, kt\u00f3re jeszcze bardziej usprawniaj\u0105 nawigacj\u0119. <\/li><li><b>Zaawansowane dostosowywanie, optymalizacja i lokalizacja. <\/b>Flipbook oferuje liczne ustawienia dostosowywania, wygl\u0105da doskonale na ka\u017cdym urz\u0105dzeniu i jest dost\u0119pny w 76 krajach. <\/li><\/ul><p><a href=\"#demo\">Po prostu sprawd\u017a t\u0119 wersj\u0119 demonstracyjn\u0105, aby zobaczy\u0107, jak to dzia\u0142a<\/a><\/p><\/div> <div class=\"application-platform-content-item-installation application-platform-content-item\" id=\"installation\" data-nav-section=\"installation\"> <h2>Jak osadzi\u0107 Flipbook na mojej platformie Wix? <\/h2><p>Oto prosty przewodnik, jak osadzi\u0107 aplikacj\u0119 na swojej stronie internetowej Wix. Zajmie to tylko kilka minut i nie wymaga kodowania.<\/p> <ol><li><strong>Zbuduj swoj\u0105 osobist\u0105 aplikacj\u0119 Flipbook<\/strong><br> Zacznij od dowolnego szablonu w edytorze, po\u0142\u0105cz sw\u00f3j profil lub \u017c\u0105dane hashtagi i dostosuj aplikacj\u0119 do preferowanego projektu i ustawie\u0144. <\/li><li><strong>Otrzymaj osobisty kod do osadzenia aplikacji<\/strong><br> Po zbudowaniu aplikacji otrzymasz indywidualny kod HTML na pulpicie nawigacyjnym. Skopiuj ten kod, kt\u00f3ry zawiera wszystkie szczeg\u00f3\u0142y dotycz\u0105ce dostosowania aplikacji. <\/li> <li><strong>Zaprezentuj aplikacj\u0119 na swojej stronie internetowej Wix<\/strong><br> Okre\u015bl sekcje swojej strony internetowej, w kt\u00f3rych chcesz wy\u015bwietli\u0107 aplikacj\u0119, i wklej tam kod. Zapisz zmiany. <\/li> <\/ol><p>Gotowe! Teraz zobacz, jak aplikacja dzia\u0142a na Twojej stronie internetowej. <\/p><p>W przypadku jakichkolwiek problem\u00f3w podczas osadzania aplikacji na stronie internetowej, skontaktuj si\u0119 z naszym dzia\u0142em obs\u0142ugi klienta. Ch\u0119tnie pomo\u017cemy Ci doda\u0107 i dostosowa\u0107 Tw\u00f3j Flipbook.<\/p><\/div>","protected":false},"excerpt":{"rendered":"","protected":false},"author":9,"featured_media":0,"parent":8191,"menu_order":0,"comment_status":"closed","ping_status":"closed","template":"templates\/template-application-platform.php","meta":{"publish_to_discourse":"","publish_post_category":"","wpdc_auto_publish_overridden":"","wpdc_topic_tags":"","wpdc_pin_topic":"","wpdc_pin_until":"","discourse_post_id":"","discourse_permalink":"","wpdc_publishing_response":"","wpdc_publishing_error":"","footnotes":""},"class_list":["post-8680","page","type-page","status-publish","hentry"],"yoast_head":"<!-- This site is optimized with the Yoast SEO plugin v25.3.1 - https:\/\/yoast.com\/wordpress\/plugins\/seo\/ -->\n<title>Aplikacja Flipbook dla Wix \u2014 osad\u017a interaktywny Flipbook w Wix<\/title>\n<meta name=\"description\" content=\"Dodaj aplikacj\u0119 Flipbook bez kodu na swojej stronie Wix. U\u017cyj szybkiej demonstracji Elfsight, aby \u0142atwo wygenerowa\u0107 swoje niestandardowe rozwi\u0105zanie.\" \/>\n<meta name=\"robots\" content=\"index, follow, max-snippet:-1, max-image-preview:large, max-video-preview:-1\" \/>\n<link rel=\"canonical\" href=\"https:\/\/elfsight.com\/pl\/flipbook-widget\/wix\/\" \/>\n<meta property=\"og:locale\" content=\"pl_PL\" \/>\n<meta property=\"og:type\" content=\"article\" \/>\n<meta property=\"og:title\" content=\"Aplikacja Flipbook dla Wix \u2014 osad\u017a interaktywny Flipbook w Wix\" \/>\n<meta property=\"og:description\" content=\"Dodaj aplikacj\u0119 Flipbook bez kodu na swojej stronie Wix. U\u017cyj szybkiej demonstracji Elfsight, aby \u0142atwo wygenerowa\u0107 swoje niestandardowe rozwi\u0105zanie.\" \/>\n<meta property=\"og:url\" content=\"https:\/\/elfsight.com\/pl\/flipbook-widget\/wix\/\" \/>\n<meta property=\"og:site_name\" content=\"Elfsight PL\" \/>\n<meta property=\"article:modified_time\" content=\"2025-05-30T12:44:43+00:00\" \/>\n<meta name=\"twitter:card\" content=\"summary_large_image\" \/>\n<meta name=\"twitter:label1\" content=\"Szacowany czas czytania\" \/>\n\t<meta name=\"twitter:data1\" content=\"3 minuty\" \/>\n<!-- \/ Yoast SEO plugin. -->","yoast_head_json":{"title":"Aplikacja Flipbook dla Wix \u2014 osad\u017a interaktywny Flipbook w Wix","description":"Dodaj aplikacj\u0119 Flipbook bez kodu na swojej stronie Wix. U\u017cyj szybkiej demonstracji Elfsight, aby \u0142atwo wygenerowa\u0107 swoje niestandardowe rozwi\u0105zanie.","robots":{"index":"index","follow":"follow","max-snippet":"max-snippet:-1","max-image-preview":"max-image-preview:large","max-video-preview":"max-video-preview:-1"},"canonical":"https:\/\/elfsight.com\/pl\/flipbook-widget\/wix\/","og_locale":"pl_PL","og_type":"article","og_title":"Aplikacja Flipbook dla Wix \u2014 osad\u017a interaktywny Flipbook w Wix","og_description":"Dodaj aplikacj\u0119 Flipbook bez kodu na swojej stronie Wix. U\u017cyj szybkiej demonstracji Elfsight, aby \u0142atwo wygenerowa\u0107 swoje niestandardowe rozwi\u0105zanie.","og_url":"https:\/\/elfsight.com\/pl\/flipbook-widget\/wix\/","og_site_name":"Elfsight PL","article_modified_time":"2025-05-30T12:44:43+00:00","twitter_card":"summary_large_image","twitter_misc":{"Szacowany czas czytania":"3 minuty"},"schema":{"@context":"https:\/\/schema.org","@graph":[{"@type":"WebPage","@id":"https:\/\/elfsight.com\/pl\/flipbook-widget\/wix\/","url":"https:\/\/elfsight.com\/pl\/flipbook-widget\/wix\/","name":"Aplikacja Flipbook dla Wix \u2014 osad\u017a interaktywny Flipbook w Wix","isPartOf":{"@id":"https:\/\/elfsight.com\/pl\/#website"},"datePublished":"2024-08-01T13:13:26+00:00","dateModified":"2025-05-30T12:44:43+00:00","description":"Dodaj aplikacj\u0119 Flipbook bez kodu na swojej stronie Wix. U\u017cyj szybkiej demonstracji Elfsight, aby \u0142atwo wygenerowa\u0107 swoje niestandardowe rozwi\u0105zanie.","breadcrumb":{"@id":"https:\/\/elfsight.com\/pl\/flipbook-widget\/wix\/#breadcrumb"},"inLanguage":"pl-PL","potentialAction":[{"@type":"ReadAction","target":["https:\/\/elfsight.com\/pl\/flipbook-widget\/wix\/"]}]},{"@type":"BreadcrumbList","@id":"https:\/\/elfsight.com\/pl\/flipbook-widget\/wix\/#breadcrumb","itemListElement":[{"@type":"ListItem","position":1,"name":"Home","item":"https:\/\/elfsight.com\/pl\/"},{"@type":"ListItem","position":2,"name":"Flipbook","item":"https:\/\/elfsight.com\/pl\/flipbook-widget\/"},{"@type":"ListItem","position":3,"name":"Flipbook &#8211; Wix"}]},{"@type":"WebSite","@id":"https:\/\/elfsight.com\/pl\/#website","url":"https:\/\/elfsight.com\/pl\/","name":"Elfsight PL","description":"Just another Elfsight Sites site","potentialAction":[{"@type":"SearchAction","target":{"@type":"EntryPoint","urlTemplate":"https:\/\/elfsight.com\/pl\/?s={search_term_string}"},"query-input":{"@type":"PropertyValueSpecification","valueRequired":true,"valueName":"search_term_string"}}],"inLanguage":"pl-PL"}]}},"meta_box":{"industry":"","seo_heading":"","heading":"","description":"","cta_heading":"","cta_description":"","application":"8186","h1":"Aplikacja Wix Flipbook","h1_caption":"Konwertuj pliki PDF lub obrazy na interaktywne ksi\u0105\u017cki w formacie flipbook, oferuj\u0105c bardziej anga\u017cuj\u0105cy spos\u00f3b prezentowania dokument\u00f3w lub katalog\u00f3w na swojej stronie internetowej Wix.","application_category":[],"applications_title":"","applications_request_title":"","applications_request_button_text":"","hero_text":"","hero_video":"","hero_video_schema_markup":"","selling_points_title":"","selling_points_caption":"","selling_points":[],"selling_points_cta_text":"","features_title":"","features":"","ed_cta_examples_text":"","ed_cta_examples_hidden":"","ed_cta_demo_text":"","ed_cta_demo_hidden":"","why_caption":"","why_editor_title":"","why_editor_text":"","why_team_title":"","why_team_text":"","why_service_title":"","why_service_text":"","template_catalog_visible":"","template_catalog_title":"","template_catalog_text":"","template_catalog_categories_visible":"","demo_title":"Utw\u00f3rz swoj\u0105 aplikacj\u0119 Flipbook","demo_caption":"Skonfiguruj sw\u00f3j Flipbook i dodaj go do swojej witryny Wix zupe\u0142nie za darmo!","default_faq_hidden":"","app_template_category":[],"platform":"30","template_public_id":"","codecanyon_url":"","codecanyon_item_id":"","codecanyon_price":"","pricing_caption":"","pricing_elfsight_apps_hide_column":"","pricing_elfsight_apps_url":"","pricing_codecanyon_price_caption":"","integration_category":[],"integration_request_title":"","integration_request_cta":"","integration_platform":"","integrations":[],"platform_category":[],"video_schema_markup":"","price":"od 0 z\u0142\/miesi\u0105c","trial":"","benefits":[{"text":"Bezp\u0142atna pomoc w instalacji"},{"text":"Profesjonalna obs\u0142uga klienta"},{"text":"14-dniowa gwarancja zwrotu pieni\u0119dzy"},{"text":"Bezp\u0142atne ulepszenia na ca\u0142e \u017cycie"}],"button_url":"#demo","button_target_blank":"0","button_nofollow":"","attributes":[{"name":"Instaluje","content":"50,000 - 100,000","_state":""},{"name":"Czu\u0142y","content":"Tak","_state":""},{"name":"Kompatybilne przegl\u0105darki","content":"Firefox, Safari, Opera, Chrome, Edge","_state":""}],"tags":[],"tags_disable_links":"","hide_more_platforms":"","video_object":"","demo_hide_cta":"","demo_hide_cloud_options":"","pricing_title":"","pricing":[{"pricing_icon":"platform","pricing_title":"Elfsight Apps","pricing_title_caption":"Wersja niezale\u017cna od platformy, odpowiednia dla ka\u017cdej witryny","pricing_price":"od 0 z\u0142\/miesi\u0105c","pricing_price_caption":"zacznij od darmowego planu","pricing_benefits":[{"text":"Nielimitowane domeny"},{"text":"Ca\u0142odobowa obs\u0142uga klienta"},{"text":"Bezp\u0142atna us\u0142uga monta\u017cu"},{"text":"W pe\u0142ni konfigurowalny"}],"pricing_button_text":"Dodaj do witryny","pricing_button_url":"#demo"}],"related_apps_title":"","related_apps_hidden":"","author":"","image":[],"title":"","job":"","social_networks":[]},"_links":{"self":[{"href":"https:\/\/elfsight.com\/pl\/wp-json\/wp\/v2\/pages\/8680","targetHints":{"allow":["GET"]}}],"collection":[{"href":"https:\/\/elfsight.com\/pl\/wp-json\/wp\/v2\/pages"}],"about":[{"href":"https:\/\/elfsight.com\/pl\/wp-json\/wp\/v2\/types\/page"}],"author":[{"embeddable":true,"href":"https:\/\/elfsight.com\/pl\/wp-json\/wp\/v2\/users\/9"}],"replies":[{"embeddable":true,"href":"https:\/\/elfsight.com\/pl\/wp-json\/wp\/v2\/comments?post=8680"}],"version-history":[{"count":2,"href":"https:\/\/elfsight.com\/pl\/wp-json\/wp\/v2\/pages\/8680\/revisions"}],"predecessor-version":[{"id":10082,"href":"https:\/\/elfsight.com\/pl\/wp-json\/wp\/v2\/pages\/8680\/revisions\/10082"}],"up":[{"embeddable":true,"href":"https:\/\/elfsight.com\/pl\/wp-json\/wp\/v2\/pages\/8191"}],"wp:attachment":[{"href":"https:\/\/elfsight.com\/pl\/wp-json\/wp\/v2\/media?parent=8680"}],"curies":[{"name":"wp","href":"https:\/\/api.w.org\/{rel}","templated":true}]}}