{"id":8679,"date":"2024-08-01T13:16:37","date_gmt":"2024-08-01T13:16:37","guid":{"rendered":"https:\/\/elfsight.com\/pl\/?page_id=8679"},"modified":"2025-05-30T12:44:43","modified_gmt":"2025-05-30T12:44:43","slug":"html","status":"publish","type":"page","link":"https:\/\/elfsight.com\/pl\/flipbook-widget\/html\/","title":{"rendered":"Flipbook &#8211; HTML"},"content":{"rendered":"<div class=\"application-platform-content-item-description application-platform-content-item\" id=\"description\" data-nav-section=\"description\"><h2>Jak wid\u017cet Flipbook dla HTML mo\u017ce zwi\u0119kszy\u0107 zaanga\u017cowanie w Twojej witrynie<\/h2><p>Wid\u017cet Flipbook dla HTML umo\u017cliwia dodanie dynamicznego, interaktywnego wy\u015bwietlania tre\u015bci do Twojej witryny za pomoc\u0105 zaledwie kilku klikni\u0119\u0107. Ten wid\u017cet przekszta\u0142ca dowolny dokument, prezentacj\u0119 lub e-book w wizualnie atrakcyjny format, po kt\u00f3rym odwiedzaj\u0105cy mog\u0105 p\u0142ynnie przegl\u0105da\u0107. Dzi\u0119ki w\u0142\u0105czeniu tej funkcji zapewniasz anga\u017cuj\u0105ce, immersyjne do\u015bwiadczenie, kt\u00f3re zwi\u0119ksza interakcj\u0119 u\u017cytkownika i sprawia, \u017ce \u200b\u200bTwoja tre\u015b\u0107 jest bardziej przekonuj\u0105ca.<\/p><p>Niezale\u017cnie od tego, czy jeste\u015b wydawc\u0105, marketerem czy w\u0142a\u015bcicielem firmy, ten konfigurowalny wid\u017cet oferuje prosty spos\u00f3b na prezentacj\u0119 tre\u015bci cyfrowych. Bez wysi\u0142ku \u0142\u0105czy si\u0119 z projektem Twojej witryny, umo\u017cliwiaj\u0105c dopracowany wygl\u0105d, kt\u00f3ry mo\u017cna dostosowa\u0107 do Twojej marki. Dzi\u0119ki \u0142atwemu procesowi konfiguracji i braku konieczno\u015bci umiej\u0119tno\u015bci kodowania jest to idealne rozwi\u0105zanie dla u\u017cytkownik\u00f3w o ka\u017cdym poziomie zaawansowania.<\/p><p><b>Zacznij u\u017cywa\u0107 tego pot\u0119\u017cnego wid\u017cetu na swojej stronie HTML ju\u017c dzi\u015b \u2014 wypr\u00f3buj go za darmo i zwi\u0119ksz zaanga\u017cowanie, osadzaj\u0105c swoj\u0105 tre\u015b\u0107 w zaledwie kilku prostych krokach.<\/b><\/p><\/div><div class=\"application-platform-content-item-features application-platform-content-item\" id=\"features\" data-nav-section=\"features\"><h2>Kluczowe funkcje wid\u017cetu HTML Flipbook<\/h2><p>Wid\u017cet Flipbook oferuje szereg pot\u0119\u017cnych funkcji, kt\u00f3re podnios\u0105 poziom wra\u017ce\u0144 u\u017cytkownika na Twojej stronie internetowej:<\/p><ul> <li><strong>W pe\u0142ni konfigurowalny projekt:<\/strong> Dostosuj wygl\u0105d flipbooka tak, aby pasowa\u0142 do marki Twojej strony internetowej. Dostosuj kolory, czcionki i przyciski, aby mie\u0107 pewno\u015b\u0107, \u017ce idealnie pasuj\u0105 do og\u00f3lnej estetyki.<\/li> <li><strong>Interaktywne wra\u017cenia u\u017cytkownika:<\/strong> Odwiedzaj\u0105cy mog\u0105 wchodzi\u0107 w interakcj\u0119 z Twoj\u0105 tre\u015bci\u0105, przewracaj\u0105c strony, co zapewnia wci\u0105gaj\u0105ce wra\u017cenia, kt\u00f3re sprawiaj\u0105, \u017ce u\u017cytkownicy pozostaj\u0105 na Twojej stronie d\u0142u\u017cej.<\/li> <li><strong>Obs\u0142uga wielu typ\u00f3w tre\u015bci:<\/strong> Niezale\u017cnie od tego, czy jest to plik PDF, galeria obraz\u00f3w czy prezentacja, Elfsight wsp\u00f3\u0142pracuje z r\u00f3\u017cnymi formatami tre\u015bci, co czyni go wszechstronnym w r\u00f3\u017cnych przypadkach u\u017cycia.<\/li> <li><strong>Responsywny i przyjazny dla urz\u0105dze\u0144 mobilnych:<\/strong> Zoptymalizowany dla wszystkich urz\u0105dze\u0144, co zapewnia u\u017cytkownikom sp\u00f3jne wra\u017cenia, niezale\u017cnie od tego, czy korzystaj\u0105 z komputera stacjonarnego, tabletu czy smartfona.<\/li> <li><strong>Szybka i \u0142atwa integracja:<\/strong> Osad\u017a wid\u017cet w swojej witrynie szybko i \u0142atwo. Nie jest wymagane kodowanie \u2014 wystarczy skopiowa\u0107 i wklei\u0107 wygenerowany kod do stron HTML.<\/li> <li><strong>Opcje dostosowywania:<\/strong> Dostosuj pr\u0119dko\u015b\u0107 przewracania stron, efekty przej\u015bcia i inne, aby zapewni\u0107 u\u017cytkownikom bardziej spersonalizowane wra\u017cenia.<\/li><\/ul><p><a href=\"#demo\">Przegl\u0105daj teraz wszystkie funkcje przyjaznego dla u\u017cytkownika edytora bez rejestracji i zobacz, jak ulepszy on Twoj\u0105 witryn\u0119!<\/a><\/p><\/div><div class=\"application-platform-content-item-installation application-platform-content-item\" id=\"installation\" data-nav-section=\"installation\"><h2>Jak doda\u0107 ksi\u0105\u017ck\u0119 do HTML<\/h2><p>Osadzanie kodu HTML ksi\u0105\u017cki do HTML jest \u0142atwe dzi\u0119ki Elfsight i nie wymaga umiej\u0119tno\u015bci kodowania. Wykonaj nast\u0119puj\u0105ce proste kroki, aby zintegrowa\u0107 wid\u017cet:<\/p><ol> <li><strong>Wybierz sw\u00f3j szablon:<\/strong> Przejd\u017a do edytora Elfsight i wybierz szablon, kt\u00f3ry najlepiej pasuje do stylu i potrzeb funkcjonalnych Twojej witryny.<\/li> <li><strong>Dostosuj sw\u00f3j wid\u017cet:<\/strong> Dostosuj ustawienia, projekt i zawarto\u015b\u0107. Dostosuj czcionki, kolory i inne elementy, aby pasowa\u0142y do \u200b\u200bestetyki Twojej witryny.<\/li> <li><strong>Skopiuj kod HTML:<\/strong> Po osi\u0105gni\u0119ciu zadowolenia z dostosowania skopiuj wygenerowany kod.<\/li> <li><strong>Osad\u017a kod:<\/strong> Wklej kod do odpowiedniej sekcji kodu HTML swojej witryny, w bloku kodu lub bezpo\u015brednio w ustawieniach strony.<\/li> <li><strong>Publikuj i korzystaj:<\/strong> Zapisz zmiany i opublikuj swoj\u0105 witryn\u0119, aby udost\u0119pni\u0107 wid\u017cet. Twoi go\u015bcie mog\u0105 teraz przegl\u0105da\u0107 Twoje tre\u015bci w interaktywny i anga\u017cuj\u0105cy spos\u00f3b.<\/li><\/ol><p>Chcesz uzyska\u0107 bardziej szczeg\u00f3\u0142owe instrukcje? Zapoznaj si\u0119 z naszym przewodnikiem na temat <a href=\"https:\/\/elfsight.com\/blog\/how-to-embed-flipbook-on-website\/\" target=\"_blank\">jak osadzi\u0107 flipbook na swojej stronie internetowej<\/a>.<\/p><p>Je\u015bli potrzebujesz pomocy z instalacj\u0105 lub napotkasz jakiekolwiek problemy, skontaktuj si\u0119 z naszym zespo\u0142em wsparcia. Ch\u0119tnie pomo\u017cemy w konfiguracji kodu HTML, aby upewni\u0107 si\u0119, \u017ce wszystko dzia\u0142a bezproblemowo.<\/p><\/div><div class=\"faq\" data-component=\"FAQ\"><div class=\"faq-item\">\r\n\t\t\t\t\t<div class=\"faq-item-question\">\r\n\t\t\t\t\t\t<h3 class=\"faq-item-question-text\">Co to jest wid\u017cet Flipbook?<\/h3>\r\n\r\n\t\t\t\t\t\t<div class=\"faq-item-question-icon\"><\/div>\r\n\t\t\t\t\t<\/div>\r\n\r\n\t\t\t\t\t<div class=\"faq-item-answer\">\r\n\t\t\t\t\t\t<div class=\"faq-item-answer-text\">Flipbook to wid\u017cet, kt\u00f3ry umo\u017cliwia wy\u015bwietlanie dokument\u00f3w, prezentacji lub innych tre\u015bci w interaktywnym formacie z mo\u017cliwo\u015bci\u0105 przewracania stron. To \u015bwietny spos\u00f3b na zaanga\u017cowanie odwiedzaj\u0105cych Twoj\u0105 stron\u0119 internetow\u0105, oferuj\u0105c im wci\u0105gaj\u0105ce wra\u017cenia z przegl\u0105dania.<\/div>\r\n\t\t\t\t\t<\/div>\r\n\t\t\t\t<\/div><div class=\"faq-item\">\r\n\t\t\t\t\t<div class=\"faq-item-question\">\r\n\t\t\t\t\t\t<h3 class=\"faq-item-question-text\">Czy mog\u0119 dostosowa\u0107 Elfsight Flipbook?<\/h3>\r\n\r\n\t\t\t\t\t\t<div class=\"faq-item-question-icon\"><\/div>\r\n\t\t\t\t\t<\/div>\r\n\r\n\t\t\t\t\t<div class=\"faq-item-answer\">\r\n\t\t\t\t\t\t<div class=\"faq-item-answer-text\">Tak, wszystkie wid\u017cety Elfsight s\u0105 w pe\u0142ni konfigurowalne. Mo\u017cesz dostosowa\u0107 projekt, uk\u0142ad, kolory, a nawet kontrolowa\u0107 szybko\u015b\u0107 przewracania stron i efekty, aby upewni\u0107 si\u0119, \u017ce wid\u017cet uzupe\u0142nia estetyk\u0119 Twojej witryny.<\/div>\r\n\t\t\t\t\t<\/div>\r\n\t\t\t\t<\/div><div class=\"faq-item\">\r\n\t\t\t\t\t<div class=\"faq-item-question\">\r\n\t\t\t\t\t\t<h3 class=\"faq-item-question-text\">Czy Flipbook jest przyjazny dla urz\u0105dze\u0144 mobilnych?<\/h3>\r\n\r\n\t\t\t\t\t\t<div class=\"faq-item-question-icon\"><\/div>\r\n\t\t\t\t\t<\/div>\r\n\r\n\t\t\t\t\t<div class=\"faq-item-answer\">\r\n\t\t\t\t\t\t<div class=\"faq-item-answer-text\">Zdecydowanie! Wid\u017cet Flipbook jest responsywny, co zapewnia, \u017ce \u200b\u200bwygl\u0105da \u015bwietnie i dzia\u0142a p\u0142ynnie na wszystkich urz\u0105dzeniach, w tym na komputerach stacjonarnych, tabletach i smartfonach.<\/div>\r\n\t\t\t\t\t<\/div>\r\n\t\t\t\t<\/div><div class=\"faq-item\">\r\n\t\t\t\t\t<div class=\"faq-item-question\">\r\n\t\t\t\t\t\t<h3 class=\"faq-item-question-text\">Czy potrzebuj\u0119 umiej\u0119tno\u015bci kodowania, aby korzysta\u0107 z Flip Book?<\/h3>\r\n\r\n\t\t\t\t\t\t<div class=\"faq-item-question-icon\"><\/div>\r\n\t\t\t\t\t<\/div>\r\n\r\n\t\t\t\t\t<div class=\"faq-item-answer\">\r\n\t\t\t\t\t\t<div class=\"faq-item-answer-text\">Nie, nie potrzebujesz \u017cadnej wiedzy z zakresu kodowania, aby korzysta\u0107 z wid\u017cetu. Zosta\u0142 zaprojektowany z my\u015bl\u0105 o \u0142atwo\u015bci u\u017cytkowania i mo\u017cesz osadzi\u0107 go w swojej witrynie HTML, wykonuj\u0105c zaledwie kilka prostych krok\u00f3w.<\/div>\r\n\t\t\t\t\t<\/div>\r\n\t\t\t\t<\/div><div class=\"faq-item\">\r\n\t\t\t\t\t<div class=\"faq-item-question\">\r\n\t\t\t\t\t\t<h3 class=\"faq-item-question-text\">Gdzie mog\u0119 uzyska\u0107 kod HTML Flipbook?<\/h3>\r\n\r\n\t\t\t\t\t\t<div class=\"faq-item-question-icon\"><\/div>\r\n\t\t\t\t\t<\/div>\r\n\r\n\t\t\t\t\t<div class=\"faq-item-answer\">\r\n\t\t\t\t\t\t<div class=\"faq-item-answer-text\">Po dostosowaniu wid\u017cetu w edytorze Elfsight b\u0119dziesz m\u00f3g\u0142 wygenerowa\u0107 bezp\u0142atny kod HTML flipbooka i skopiowa\u0107 go bezpo\u015brednio z pulpitu nawigacyjnego. Nast\u0119pnie mo\u017cesz osadzi\u0107 ten kod na swojej stronie internetowej.<\/div>\r\n\t\t\t\t\t<\/div>\r\n\t\t\t\t<\/div><\/div>","protected":false},"excerpt":{"rendered":"","protected":false},"author":9,"featured_media":0,"parent":8191,"menu_order":0,"comment_status":"closed","ping_status":"closed","template":"templates\/template-application-platform.php","meta":{"publish_to_discourse":"","publish_post_category":"","wpdc_auto_publish_overridden":"","wpdc_topic_tags":"","wpdc_pin_topic":"","wpdc_pin_until":"","discourse_post_id":"","discourse_permalink":"","wpdc_publishing_response":"","wpdc_publishing_error":"","footnotes":""},"class_list":["post-8679","page","type-page","status-publish","hentry"],"yoast_head":"<!-- This site is optimized with the Yoast SEO plugin v25.3.1 - https:\/\/yoast.com\/wordpress\/plugins\/seo\/ -->\n<title>HTML Flipbook - Dodaj Flipbook do swojej witryny HTML [za darmo]<\/title>\n<meta name=\"description\" content=\"Dodaj do swojej witryny HTML konfigurowalny wid\u017cet Flipbook bez konieczno\u015bci u\u017cywania kodu, aby ulepszy\u0107 spos\u00f3b wy\u015bwietlania tre\u015bci i zaanga\u017cowanie u\u017cytkownik\u00f3w.\" \/>\n<meta name=\"robots\" content=\"index, follow, max-snippet:-1, max-image-preview:large, max-video-preview:-1\" \/>\n<link rel=\"canonical\" href=\"https:\/\/elfsight.com\/pl\/flipbook-widget\/html\/\" \/>\n<meta property=\"og:locale\" content=\"pl_PL\" \/>\n<meta property=\"og:type\" content=\"article\" \/>\n<meta property=\"og:title\" content=\"HTML Flipbook - Dodaj Flipbook do swojej witryny HTML [za darmo]\" \/>\n<meta property=\"og:description\" content=\"Dodaj do swojej witryny HTML konfigurowalny wid\u017cet Flipbook bez konieczno\u015bci u\u017cywania kodu, aby ulepszy\u0107 spos\u00f3b wy\u015bwietlania tre\u015bci i zaanga\u017cowanie u\u017cytkownik\u00f3w.\" \/>\n<meta property=\"og:url\" content=\"https:\/\/elfsight.com\/pl\/flipbook-widget\/html\/\" \/>\n<meta property=\"og:site_name\" content=\"Elfsight PL\" \/>\n<meta property=\"article:modified_time\" content=\"2025-05-30T12:44:43+00:00\" \/>\n<meta name=\"twitter:card\" content=\"summary_large_image\" \/>\n<meta name=\"twitter:label1\" content=\"Szacowany czas czytania\" \/>\n\t<meta name=\"twitter:data1\" content=\"4 minuty\" \/>\n<!-- \/ Yoast SEO plugin. -->","yoast_head_json":{"title":"HTML Flipbook - Dodaj Flipbook do swojej witryny HTML [za darmo]","description":"Dodaj do swojej witryny HTML konfigurowalny wid\u017cet Flipbook bez konieczno\u015bci u\u017cywania kodu, aby ulepszy\u0107 spos\u00f3b wy\u015bwietlania tre\u015bci i zaanga\u017cowanie u\u017cytkownik\u00f3w.","robots":{"index":"index","follow":"follow","max-snippet":"max-snippet:-1","max-image-preview":"max-image-preview:large","max-video-preview":"max-video-preview:-1"},"canonical":"https:\/\/elfsight.com\/pl\/flipbook-widget\/html\/","og_locale":"pl_PL","og_type":"article","og_title":"HTML Flipbook - Dodaj Flipbook do swojej witryny HTML [za darmo]","og_description":"Dodaj do swojej witryny HTML konfigurowalny wid\u017cet Flipbook bez konieczno\u015bci u\u017cywania kodu, aby ulepszy\u0107 spos\u00f3b wy\u015bwietlania tre\u015bci i zaanga\u017cowanie u\u017cytkownik\u00f3w.","og_url":"https:\/\/elfsight.com\/pl\/flipbook-widget\/html\/","og_site_name":"Elfsight PL","article_modified_time":"2025-05-30T12:44:43+00:00","twitter_card":"summary_large_image","twitter_misc":{"Szacowany czas czytania":"4 minuty"},"schema":{"@context":"https:\/\/schema.org","@graph":[{"@type":"WebPage","@id":"https:\/\/elfsight.com\/pl\/flipbook-widget\/html\/","url":"https:\/\/elfsight.com\/pl\/flipbook-widget\/html\/","name":"HTML Flipbook - Dodaj Flipbook do swojej witryny HTML [za darmo]","isPartOf":{"@id":"https:\/\/elfsight.com\/pl\/#website"},"datePublished":"2024-08-01T13:16:37+00:00","dateModified":"2025-05-30T12:44:43+00:00","description":"Dodaj do swojej witryny HTML konfigurowalny wid\u017cet Flipbook bez konieczno\u015bci u\u017cywania kodu, aby ulepszy\u0107 spos\u00f3b wy\u015bwietlania tre\u015bci i zaanga\u017cowanie u\u017cytkownik\u00f3w.","breadcrumb":{"@id":"https:\/\/elfsight.com\/pl\/flipbook-widget\/html\/#breadcrumb"},"inLanguage":"pl-PL","potentialAction":[{"@type":"ReadAction","target":["https:\/\/elfsight.com\/pl\/flipbook-widget\/html\/"]}]},{"@type":"BreadcrumbList","@id":"https:\/\/elfsight.com\/pl\/flipbook-widget\/html\/#breadcrumb","itemListElement":[{"@type":"ListItem","position":1,"name":"Home","item":"https:\/\/elfsight.com\/pl\/"},{"@type":"ListItem","position":2,"name":"Flipbook","item":"https:\/\/elfsight.com\/pl\/flipbook-widget\/"},{"@type":"ListItem","position":3,"name":"Flipbook &#8211; HTML"}]},{"@type":"WebSite","@id":"https:\/\/elfsight.com\/pl\/#website","url":"https:\/\/elfsight.com\/pl\/","name":"Elfsight PL","description":"Just another Elfsight Sites site","potentialAction":[{"@type":"SearchAction","target":{"@type":"EntryPoint","urlTemplate":"https:\/\/elfsight.com\/pl\/?s={search_term_string}"},"query-input":{"@type":"PropertyValueSpecification","valueRequired":true,"valueName":"search_term_string"}}],"inLanguage":"pl-PL"}]}},"meta_box":{"industry":"","seo_heading":"","heading":"","description":"","cta_heading":"","cta_description":"","application":"8186","h1":"Wid\u017cet HTML Flipbook","h1_caption":"Ulepsz swoj\u0105 witryn\u0119 HTML za pomoc\u0105 dostosowywalnego, interaktywnego wy\u015bwietlania tre\u015bci. Zaanga\u017cuj odwiedzaj\u0105cych i zwi\u0119ksz interakcj\u0119 u\u017cytkownik\u00f3w, osadzaj\u0105c z \u0142atwo\u015bci\u0105 dynamiczn\u0105 ksi\u0105\u017ck\u0119 z przewracanymi stronami.","application_category":[],"applications_title":"","applications_request_title":"","applications_request_button_text":"","hero_text":"","hero_video":"","hero_video_schema_markup":"","selling_points_title":"","selling_points_caption":"","selling_points":[],"selling_points_cta_text":"","features_title":"","features":"","ed_cta_examples_text":"","ed_cta_examples_hidden":"","ed_cta_demo_text":"","ed_cta_demo_hidden":"","why_caption":"","why_editor_title":"","why_editor_text":"","why_team_title":"","why_team_text":"","why_service_title":"","why_service_text":"","template_catalog_visible":"","template_catalog_title":"","template_catalog_text":"","template_catalog_categories_visible":"","demo_title":"Utw\u00f3rz sw\u00f3j wid\u017cet Flipbook","demo_caption":"Skonfiguruj sw\u00f3j widget i dodaj go do swojej witryny HTML za darmo!","default_faq_hidden":"","app_template_category":[],"platform":"50","template_public_id":"","codecanyon_url":"","codecanyon_item_id":"","codecanyon_price":"","pricing_caption":"","pricing_elfsight_apps_hide_column":"","pricing_elfsight_apps_url":"","pricing_codecanyon_price_caption":"","integration_category":[],"integration_request_title":"","integration_request_cta":"","integration_platform":"","integrations":[],"platform_category":[],"video_schema_markup":"","price":"od 0 z\u0142\/miesi\u0105c","trial":"","benefits":[{"text":"Bezp\u0142atna us\u0142uga instalacji"},{"text":"Do\u015bwiadczona obs\u0142uga klienta"},{"text":"14-dniowa gwarancja zwrotu pieni\u0119dzy"},{"text":"Regularne ulepszenia"}],"button_url":"#demo","button_target_blank":"0","button_nofollow":"","attributes":[{"name":"Instaluje","content":"50,000 - 100,000","_state":""},{"name":"Czu\u0142y","content":"Tak","_state":""},{"name":"Kompatybilne przegl\u0105darki","content":"Firefox, Safari, Opera, Chrome, Edge","_state":""}],"tags":[],"tags_disable_links":"","hide_more_platforms":"","video_object":"","demo_hide_cta":"","demo_hide_cloud_options":"","pricing_title":"","pricing":[{"pricing_icon":"platform","pricing_title":"Elfsight Apps","pricing_title_caption":"Wersja niezale\u017cna od platformy","pricing_price":"od 0 z\u0142\/miesi\u0105c","pricing_price_caption":"zacznij od darmowego planu","pricing_benefits":[{"text":"Nielimitowane domeny"},{"text":"Szybka pomoc firmy i dobrze udokumentowana"},{"text":"Bezp\u0142atna us\u0142uga monta\u017cu"},{"text":"Elastyczny projekt"}],"pricing_button_text":"Dodaj do witryny","pricing_button_url":"#demo"}],"related_apps_title":"","related_apps_hidden":"","author":"","image":[],"title":"","job":"","social_networks":[]},"_links":{"self":[{"href":"https:\/\/elfsight.com\/pl\/wp-json\/wp\/v2\/pages\/8679","targetHints":{"allow":["GET"]}}],"collection":[{"href":"https:\/\/elfsight.com\/pl\/wp-json\/wp\/v2\/pages"}],"about":[{"href":"https:\/\/elfsight.com\/pl\/wp-json\/wp\/v2\/types\/page"}],"author":[{"embeddable":true,"href":"https:\/\/elfsight.com\/pl\/wp-json\/wp\/v2\/users\/9"}],"replies":[{"embeddable":true,"href":"https:\/\/elfsight.com\/pl\/wp-json\/wp\/v2\/comments?post=8679"}],"version-history":[{"count":2,"href":"https:\/\/elfsight.com\/pl\/wp-json\/wp\/v2\/pages\/8679\/revisions"}],"predecessor-version":[{"id":10081,"href":"https:\/\/elfsight.com\/pl\/wp-json\/wp\/v2\/pages\/8679\/revisions\/10081"}],"up":[{"embeddable":true,"href":"https:\/\/elfsight.com\/pl\/wp-json\/wp\/v2\/pages\/8191"}],"wp:attachment":[{"href":"https:\/\/elfsight.com\/pl\/wp-json\/wp\/v2\/media?parent=8679"}],"curies":[{"name":"wp","href":"https:\/\/api.w.org\/{rel}","templated":true}]}}