{"id":8678,"date":"2024-08-01T13:20:18","date_gmt":"2024-08-01T13:20:18","guid":{"rendered":"https:\/\/elfsight.com\/pl\/?page_id=8678"},"modified":"2025-05-30T12:44:43","modified_gmt":"2025-05-30T12:44:43","slug":"webflow","status":"publish","type":"page","link":"https:\/\/elfsight.com\/pl\/flipbook-widget\/webflow\/","title":{"rendered":"Flipbook &#8211; Webflow"},"content":{"rendered":"<div class=\"application-platform-content-item-description application-platform-content-item\" id=\"description\" data-nav-section=\"description\"> <h2>Osad\u017a Flipbook w Webflow za pomoc\u0105 wid\u017cetu Elfsight<\/h2> <p>Wid\u017cet Flipbook dla Webflow to dobry spos\u00f3b na prezentacj\u0119 materia\u0142\u00f3w wizualnych na stronie internetowej. Wid\u017cet przekszta\u0142ca pliki PDF w interaktywne magazyny z animowanymi stronami i zaawansowan\u0105 nawigacj\u0105. S\u0142u\u017cy do prezentowania czasopism, katalog\u00f3w, instrukcji i materia\u0142\u00f3w promocyjnych w przyjemny dla czytelnika spos\u00f3b, zwi\u0119kszaj\u0105c w ten spos\u00f3b \u015bwiadomo\u015b\u0107 marki i dost\u0119pno\u015b\u0107 tre\u015bci. <\/p><p>Mo\u017cesz szybko wys\u0142a\u0107 link do swojego magazynu PDF, udost\u0119pni\u0107 go w mediach spo\u0142eczno\u015bciowych i zapewni\u0107 u\u017cytkownikom przejrzysty spos\u00f3b drukowania lub pobierania. Ponadto wid\u017cet jest w pe\u0142ni konfigurowalny, aby dopasowa\u0107 go do kolor\u00f3w Twojej strony internetowej lub marki. Flipbook szybko \u0142aduje si\u0119 na Twoich stronach i wygl\u0105da niesamowicie na ka\u017cdym urz\u0105dzeniu. <\/p><p><b>Zbuduj swoj\u0105 niestandardow\u0105 interaktywn\u0105 broszur\u0119, aby lepiej zaprezentowa\u0107 swoje produkty i osi\u0105gni\u0119cia. <\/b><\/p><\/div> <div class=\"application-platform-content-item-features application-platform-content-item\" id=\"features\" data-nav-section=\"features\"> <h2>Oto najwa\u017cniejsze funkcje wid\u017cetu: <\/h2><ul><li><b>Realistyczne przewracanie stron w osadzonych plikach PDF. <\/b> Wystarczy doda\u0107 dowolny plik PDF, aby go animowa\u0107 za pomoc\u0105 autentycznych efekt\u00f3w przewracania stron i d\u017awi\u0119k\u00f3w papieru, co zapewni przyjemne wra\u017cenia klienta. <\/li><li><b>Wyszukiwanie, powi\u0119kszanie i pomniejszanie, przeskakiwanie na pocz\u0105tek lub koniec. <\/b>Flipbook oferuje r\u00f3\u017cne interaktywne przyciski i elementy do wygodnej pracy z katalogiem i jego przegl\u0105dania. <\/li><li><b>\u0141atwe udost\u0119pnianie, pobieranie lub drukowanie broszury. <\/b>Mo\u017cna wys\u0142a\u0107 link do katalogu, udost\u0119pni\u0107 go za po\u015brednictwem medi\u00f3w spo\u0142eczno\u015bciowych lub zapewni\u0107 mo\u017cliwo\u015b\u0107 pobrania i wydrukowania go dla widza. <\/li><li><b>Wi\u0119cej tryb\u00f3w wy\u015bwietlania dla lepszej prezentacji. <\/b>Dost\u0119pne s\u0105 tryby widoku miniatur, pojedynczej strony i pe\u0142nego ekranu dla Flipbooka, aby jeszcze bardziej usprawni\u0107 nawigacj\u0119. <\/li><li><b>Zaawansowane dostosowywanie, optymalizacja i lokalizacja. <\/b>Flipbook oferuje r\u00f3\u017cne ustawienia dostosowywania, wygl\u0105da niesamowicie na ka\u017cdym urz\u0105dzeniu i jest dost\u0119pny w 76 krajach. <\/li><\/ul><p><a href=\"#demo\">Mo\u017cesz przetestowa\u0107 pe\u0142n\u0105 funkcjonalno\u015b\u0107 wid\u017cetu w wersji demonstracyjnej na tej stronie<\/a><\/p><\/div> <div class=\"application-platform-content-item-installation application-platform-content-item\" id=\"installation\" data-nav-section=\"installation\"> <h2>Jak osadzi\u0107 Flipbook na mojej stronie internetowej Webflow? <\/h2><p>Oferujemy prosty przewodnik, jak osadzi\u0107 wid\u017cet na swojej stronie internetowej Webflow. Zajmie to tylko kilka minut i nie wymaga \u017cadnego kodowania.<\/p> <ol><li><strong>Utw\u00f3rz sw\u00f3j niestandardowy wid\u017cet Flipbook<\/strong><br> Zacznij od dowolnego szablonu w edytorze, po\u0142\u0105cz sw\u00f3j profil lub \u017c\u0105dane hashtagi i dostosuj wid\u017cet do \u017c\u0105danego stylu i ustawie\u0144. <\/li><li><strong>Uzyskaj osobisty kod, aby osadzi\u0107 wid\u017cet<\/strong><br> Gdy tylko sko\u0144czysz budowa\u0107 wid\u017cet, otrzymasz indywidualny kod HTML na swoim pulpicie. Skopiuj kod, kt\u00f3ry zawiera wszystkie szczeg\u00f3\u0142y dotycz\u0105ce dostosowania wid\u017cetu. <\/li> <li><strong>Zaprezentuj wid\u017cet na swojej stronie internetowej Webflow<\/strong><br> Wybierz obszary swojej strony internetowej, w kt\u00f3rych chcesz wy\u015bwietli\u0107 wid\u017cet i wklej tam kod. Zapisz zmiany. <\/li> <\/ol><p>Gotowe! Teraz sprawd\u017a, jak wid\u017cet dzia\u0142a na Twojej stronie internetowej. <\/p><p>Je\u015bli masz jakiekolwiek trudno\u015bci podczas osadzania wid\u017cetu na stronie internetowej, po prostu skontaktuj si\u0119 z naszym dzia\u0142em obs\u0142ugi klienta. Ch\u0119tnie wyja\u015bnimy Ci, jak doda\u0107 i dostosowa\u0107 sw\u00f3j Flipbook.<\/p><\/div>","protected":false},"excerpt":{"rendered":"","protected":false},"author":9,"featured_media":0,"parent":8191,"menu_order":0,"comment_status":"closed","ping_status":"closed","template":"templates\/template-application-platform.php","meta":{"publish_to_discourse":"","publish_post_category":"","wpdc_auto_publish_overridden":"","wpdc_topic_tags":"","wpdc_pin_topic":"","wpdc_pin_until":"","discourse_post_id":"","discourse_permalink":"","wpdc_publishing_response":"","wpdc_publishing_error":"","footnotes":""},"class_list":["post-8678","page","type-page","status-publish","hentry"],"yoast_head":"<!-- This site is optimized with the Yoast SEO plugin v25.3.1 - https:\/\/yoast.com\/wordpress\/plugins\/seo\/ -->\n<title>Webflow Flipbook Widget - Osad\u017a Flipbook na swojej stronie Webflow<\/title>\n<meta name=\"description\" content=\"Dodaj wid\u017cet Flipbook bez kodu na swojej stronie Webflow. U\u017cyj szybkiej demonstracji Elfsight, aby bez wysi\u0142ku wygenerowa\u0107 swoje osobiste rozwi\u0105zanie.\" \/>\n<meta name=\"robots\" content=\"index, follow, max-snippet:-1, max-image-preview:large, max-video-preview:-1\" \/>\n<link rel=\"canonical\" href=\"https:\/\/elfsight.com\/pl\/flipbook-widget\/webflow\/\" \/>\n<meta property=\"og:locale\" content=\"pl_PL\" \/>\n<meta property=\"og:type\" content=\"article\" \/>\n<meta property=\"og:title\" content=\"Webflow Flipbook Widget - Osad\u017a Flipbook na swojej stronie Webflow\" \/>\n<meta property=\"og:description\" content=\"Dodaj wid\u017cet Flipbook bez kodu na swojej stronie Webflow. U\u017cyj szybkiej demonstracji Elfsight, aby bez wysi\u0142ku wygenerowa\u0107 swoje osobiste rozwi\u0105zanie.\" \/>\n<meta property=\"og:url\" content=\"https:\/\/elfsight.com\/pl\/flipbook-widget\/webflow\/\" \/>\n<meta property=\"og:site_name\" content=\"Elfsight PL\" \/>\n<meta property=\"article:modified_time\" content=\"2025-05-30T12:44:43+00:00\" \/>\n<meta name=\"twitter:card\" content=\"summary_large_image\" \/>\n<meta name=\"twitter:label1\" content=\"Szacowany czas czytania\" \/>\n\t<meta name=\"twitter:data1\" content=\"3 minuty\" \/>\n<!-- \/ Yoast SEO plugin. -->","yoast_head_json":{"title":"Webflow Flipbook Widget - Osad\u017a Flipbook na swojej stronie Webflow","description":"Dodaj wid\u017cet Flipbook bez kodu na swojej stronie Webflow. U\u017cyj szybkiej demonstracji Elfsight, aby bez wysi\u0142ku wygenerowa\u0107 swoje osobiste rozwi\u0105zanie.","robots":{"index":"index","follow":"follow","max-snippet":"max-snippet:-1","max-image-preview":"max-image-preview:large","max-video-preview":"max-video-preview:-1"},"canonical":"https:\/\/elfsight.com\/pl\/flipbook-widget\/webflow\/","og_locale":"pl_PL","og_type":"article","og_title":"Webflow Flipbook Widget - Osad\u017a Flipbook na swojej stronie Webflow","og_description":"Dodaj wid\u017cet Flipbook bez kodu na swojej stronie Webflow. U\u017cyj szybkiej demonstracji Elfsight, aby bez wysi\u0142ku wygenerowa\u0107 swoje osobiste rozwi\u0105zanie.","og_url":"https:\/\/elfsight.com\/pl\/flipbook-widget\/webflow\/","og_site_name":"Elfsight PL","article_modified_time":"2025-05-30T12:44:43+00:00","twitter_card":"summary_large_image","twitter_misc":{"Szacowany czas czytania":"3 minuty"},"schema":{"@context":"https:\/\/schema.org","@graph":[{"@type":"WebPage","@id":"https:\/\/elfsight.com\/pl\/flipbook-widget\/webflow\/","url":"https:\/\/elfsight.com\/pl\/flipbook-widget\/webflow\/","name":"Webflow Flipbook Widget - Osad\u017a Flipbook na swojej stronie Webflow","isPartOf":{"@id":"https:\/\/elfsight.com\/pl\/#website"},"datePublished":"2024-08-01T13:20:18+00:00","dateModified":"2025-05-30T12:44:43+00:00","description":"Dodaj wid\u017cet Flipbook bez kodu na swojej stronie Webflow. U\u017cyj szybkiej demonstracji Elfsight, aby bez wysi\u0142ku wygenerowa\u0107 swoje osobiste rozwi\u0105zanie.","breadcrumb":{"@id":"https:\/\/elfsight.com\/pl\/flipbook-widget\/webflow\/#breadcrumb"},"inLanguage":"pl-PL","potentialAction":[{"@type":"ReadAction","target":["https:\/\/elfsight.com\/pl\/flipbook-widget\/webflow\/"]}]},{"@type":"BreadcrumbList","@id":"https:\/\/elfsight.com\/pl\/flipbook-widget\/webflow\/#breadcrumb","itemListElement":[{"@type":"ListItem","position":1,"name":"Home","item":"https:\/\/elfsight.com\/pl\/"},{"@type":"ListItem","position":2,"name":"Flipbook","item":"https:\/\/elfsight.com\/pl\/flipbook-widget\/"},{"@type":"ListItem","position":3,"name":"Flipbook &#8211; Webflow"}]},{"@type":"WebSite","@id":"https:\/\/elfsight.com\/pl\/#website","url":"https:\/\/elfsight.com\/pl\/","name":"Elfsight PL","description":"Just another Elfsight Sites site","potentialAction":[{"@type":"SearchAction","target":{"@type":"EntryPoint","urlTemplate":"https:\/\/elfsight.com\/pl\/?s={search_term_string}"},"query-input":{"@type":"PropertyValueSpecification","valueRequired":true,"valueName":"search_term_string"}}],"inLanguage":"pl-PL"}]}},"meta_box":{"industry":"","seo_heading":"","heading":"","description":"","cta_heading":"","cta_description":"","application":"8186","h1":"Wid\u017cet Webflow Flipbook","h1_caption":"Konwertuj pliki PDF lub obrazy na interaktywne ksi\u0105\u017ceczki, oferuj\u0105c bardziej anga\u017cuj\u0105cy spos\u00f3b prezentowania dokument\u00f3w lub katalog\u00f3w na swojej stronie internetowej Webflow, bez \u017cadnego wysi\u0142ku.","application_category":[],"applications_title":"","applications_request_title":"","applications_request_button_text":"","hero_text":"","hero_video":"","hero_video_schema_markup":"","selling_points_title":"","selling_points_caption":"","selling_points":[],"selling_points_cta_text":"","features_title":"","features":"","ed_cta_examples_text":"","ed_cta_examples_hidden":"","ed_cta_demo_text":"","ed_cta_demo_hidden":"","why_caption":"","why_editor_title":"","why_editor_text":"","why_team_title":"","why_team_text":"","why_service_title":"","why_service_text":"","template_catalog_visible":"","template_catalog_title":"","template_catalog_text":"","template_catalog_categories_visible":"","demo_title":"Utw\u00f3rz sw\u00f3j wid\u017cet Flipbook","demo_caption":"Skonfiguruj sw\u00f3j Flipbook i dodaj go do swojej witryny Webflow zupe\u0142nie za darmo!","default_faq_hidden":"","app_template_category":[],"platform":"127","template_public_id":"","codecanyon_url":"","codecanyon_item_id":"","codecanyon_price":"","pricing_caption":"","pricing_elfsight_apps_hide_column":"","pricing_elfsight_apps_url":"","pricing_codecanyon_price_caption":"","integration_category":[],"integration_request_title":"","integration_request_cta":"","integration_platform":"","integrations":[],"platform_category":[],"video_schema_markup":"","price":"od 0 z\u0142\/miesi\u0105c","trial":"","benefits":[{"text":"Bezp\u0142atna us\u0142uga instalacji"},{"text":"Wyj\u0105tkowe wsparcie"},{"text":"14-dniowa gwarancja zwrotu pieni\u0119dzy"},{"text":"Bie\u017c\u0105ce aktualizacje"}],"button_url":"#demo","button_target_blank":"0","button_nofollow":"","attributes":[{"name":"Instaluje","content":"50,000 - 100,000","_state":""},{"name":"Czu\u0142y","content":"Tak","_state":""},{"name":"Kompatybilne przegl\u0105darki","content":"Firefox, Safari, Opera, Chrome, Edge","_state":""}],"tags":[],"tags_disable_links":"","hide_more_platforms":"","video_object":"","demo_hide_cta":"","demo_hide_cloud_options":"","pricing_title":"","pricing":[{"pricing_icon":"platform","pricing_title":"Elfsight Apps","pricing_title_caption":"Wersja mi\u0119dzyplatformowa dzia\u0142aj\u0105ca na ka\u017cdej stronie","pricing_price":"od 0 z\u0142\/miesi\u0105c","pricing_price_caption":"zacznij od darmowego planu","pricing_benefits":[{"text":"Nielimitowane strony internetowe"},{"text":"Szybka obs\u0142uga klienta i dobrze udokumentowana"},{"text":"Bezp\u0142atna pomoc przy instalacji"},{"text":"W pe\u0142ni konfigurowalny"}],"pricing_button_text":"Dodaj do witryny","pricing_button_url":"#demo"}],"related_apps_title":"","related_apps_hidden":"","author":"","image":[],"title":"","job":"","social_networks":[]},"_links":{"self":[{"href":"https:\/\/elfsight.com\/pl\/wp-json\/wp\/v2\/pages\/8678","targetHints":{"allow":["GET"]}}],"collection":[{"href":"https:\/\/elfsight.com\/pl\/wp-json\/wp\/v2\/pages"}],"about":[{"href":"https:\/\/elfsight.com\/pl\/wp-json\/wp\/v2\/types\/page"}],"author":[{"embeddable":true,"href":"https:\/\/elfsight.com\/pl\/wp-json\/wp\/v2\/users\/9"}],"replies":[{"embeddable":true,"href":"https:\/\/elfsight.com\/pl\/wp-json\/wp\/v2\/comments?post=8678"}],"version-history":[{"count":2,"href":"https:\/\/elfsight.com\/pl\/wp-json\/wp\/v2\/pages\/8678\/revisions"}],"predecessor-version":[{"id":10080,"href":"https:\/\/elfsight.com\/pl\/wp-json\/wp\/v2\/pages\/8678\/revisions\/10080"}],"up":[{"embeddable":true,"href":"https:\/\/elfsight.com\/pl\/wp-json\/wp\/v2\/pages\/8191"}],"wp:attachment":[{"href":"https:\/\/elfsight.com\/pl\/wp-json\/wp\/v2\/media?parent=8678"}],"curies":[{"name":"wp","href":"https:\/\/api.w.org\/{rel}","templated":true}]}}