{"id":8677,"date":"2024-08-01T13:24:15","date_gmt":"2024-08-01T13:24:15","guid":{"rendered":"https:\/\/elfsight.com\/pl\/?page_id=8677"},"modified":"2025-05-30T12:44:35","modified_gmt":"2025-05-30T12:44:35","slug":"wordpress","status":"publish","type":"page","link":"https:\/\/elfsight.com\/pl\/flipbook-widget\/wordpress\/","title":{"rendered":"Flipbook &#8211; WordPress"},"content":{"rendered":"<div class=\"application-platform-content-item-description application-platform-content-item\" id=\"description\" data-nav-section=\"description\"><h2>Wtyczka WordPress Flipbook do ulepszonego zaanga\u017cowania u\u017cytkownik\u00f3w<\/h2> <p>Flipbook Elfsight to inteligentny spos\u00f3b na prezentacj\u0119 tre\u015bci w anga\u017cuj\u0105cym, nowoczesnym i atrakcyjnym wizualnie formacie. Niezale\u017cnie od tego, czy chcesz wy\u015bwietla\u0107 katalogi, broszury, raporty czy magazyny, uk\u0142ad flipbooka na\u015bladuje przewracanie stron w \u015bwiecie rzeczywistym, zapewniaj\u0105c bardziej wci\u0105gaj\u0105ce wra\u017cenia ni\u017c pobieranie statycznego pliku PDF. Wtyczka jest idealna dla firm, nauczycieli, wydawc\u00f3w i marketer\u00f3w, kt\u00f3rzy chc\u0105 ulepszy\u0107 spos\u00f3b udost\u0119pniania dokument\u00f3w cyfrowych na swoich stronach internetowych. Dzi\u0119ki p\u0142ynnej integracji i intuicyjnym elementom steruj\u0105cym Twoi go\u015bcie mog\u0105 przegl\u0105da\u0107 strony bez opuszczania Twojej witryny.<\/p> <p><b>Przekszta\u0142\u0107 swoj\u0105 prezentacj\u0119 tre\u015bci, zacznij korzysta\u0107 z bezp\u0142atnej wtyczki Elfsight Flipbook ju\u017c dzi\u015b!<\/b><\/p><\/div><div class=\"application-platform-content-item-features application-platform-content-item\" id=\"features\" data-nav-section=\"features\"><h2>Kluczowe funkcje PDF Flipbook dla WordPressa<\/h2> <p>Elfsight oferuje pot\u0119\u017cny zestaw funkcji zaprojektowanych w celu ulepszenia przegl\u0105dania dokument\u00f3w i zwi\u0119kszenia zaanga\u017cowania u\u017cytkownik\u00f3w w Twojej witrynie. Najwa\u017cniejsze cechy:<\/p> <ul> <li><strong>Interaktywna przegl\u0105darka PDF:<\/strong> Przekszta\u0142\u0107 dowolny standardowy dokument w cyfrow\u0105 ksi\u0105\u017ck\u0119 z realistycznymi efektami przewracania stron.<\/li> <li><strong>Projekt dostosowany do urz\u0105dze\u0144 mobilnych:<\/strong> Elfsight dzia\u0142a bezproblemowo na wszystkich urz\u0105dzeniach, w tym na smartfonach i tabletach.<\/li> <li><strong>Konfigurowalny interfejs:<\/strong> Dostosuj kolory, style przycisk\u00f3w, opcje powi\u0119kszania i inne, aby dopasowa\u0107 je do swojej marki.<\/li> <li><strong>Szybkie \u0142adowanie PDF:<\/strong> Zoptymalizuj renderowanie plik\u00f3w, aby uzyska\u0107 p\u0142ynne przegl\u0105danie bez op\u00f3\u017anie\u0144.<\/li> <\/ul> <p><a href=\"#demo\">Wypr\u00f3buj teraz wszystkie funkcje najlepszej wtyczki do ksi\u0105\u017cek z ksi\u0105\u017ckami &#8230; <p>Wykonaj poni\u017csze proste kroki, aby zintegrowa\u0107 wtyczk\u0119 Flipbook ze swoj\u0105 witryn\u0105 WordPress za pomoc\u0105 Elfsight. Nie s\u0105 wymagane \u017cadne umiej\u0119tno\u015bci kodowania:<\/p> <ol><li><strong>Wybierz sw\u00f3j szablon:<\/strong> Otw\u00f3rz edytor Elfsight i wybierz szablon, kt\u00f3ry pasuje do Twojego typu tre\u015bci \u2013 czy to katalog produkt\u00f3w, czy magazyn cyfrowy.<\/li> <li><strong>Dostosuj sw\u00f3j wid\u017cet:<\/strong> Nadaj styl interfejsowi, prze\u015blij plik PDF, dostosuj animacj\u0119 przewracania stron i dostosuj ustawienia do swoich upodoba\u0144.<\/li> <li><strong>Skopiuj wygenerowany kod:<\/strong> Gdy b\u0119dziesz zadowolony, skopiuj automatycznie wygenerowany kod HTML wtyczki.<\/li> <li><strong>Osad\u017a kod:<\/strong> Przejd\u017a do pulpitu WordPress, otw\u00f3rz stron\u0119\/wpis, na kt\u00f3rym chcesz umie\u015bci\u0107 flipbook, wstaw niestandardowy blok HTML i wklej kod.<\/li><\/ol> <p>Przeczytaj pe\u0142ne instrukcje na <a href=\"https:\/\/elfsight.com\/blog\/how-to-embed-flipbook-on-website\/\" target=\"_blank\" rel=\"noopener\">osadzanie Flipbooka na swojej stronie internetowej<\/a>. Je\u015bli napotkasz jakiekolwiek problemy lub wolisz konfiguracj\u0119 bez u\u017cycia r\u0105k, nasz zesp\u00f3\u0142 mo\u017ce Ci pom\u00f3c \u2013 po prostu skontaktuj si\u0119 z naszym zespo\u0142em wsparcia.<\/p><\/div><div class=\"faq\" data-component=\"FAQ\"><div class=\"faq-item\">\r\n\t\t\t\t\t<div class=\"faq-item-question\">\r\n\t\t\t\t\t\t<h3 class=\"faq-item-question-text\">Czy mog\u0119 u\u017cywa\u0107 Elfsight Flipbook za darmo?<\/h3>\r\n\r\n\t\t\t\t\t\t<div class=\"faq-item-question-icon\"><\/div>\r\n\t\t\t\t\t<\/div>\r\n\r\n\t\t\t\t\t<div class=\"faq-item-answer\">\r\n\t\t\t\t\t\t<div class=\"faq-item-answer-text\">Tak, Elfsight oferuje bezp\u0142atny plan, dzi\u0119ki czemu mo\u017cesz zacz\u0105\u0107 u\u017cywa\u0107 Flipbooka ze wszystkimi podstawowymi funkcjami. Mo\u017cesz uaktualni\u0107, aby uzyska\u0107 dost\u0119p do funkcji premium w dowolnym momencie. <\/div>\r\n\t\t\t\t\t<\/div>\r\n\t\t\t\t<\/div><div class=\"faq-item\">\r\n\t\t\t\t\t<div class=\"faq-item-question\">\r\n\t\t\t\t\t\t<h3 class=\"faq-item-question-text\">Czy wtyczka jest responsywna mobilnie?<\/h3>\r\n\r\n\t\t\t\t\t\t<div class=\"faq-item-question-icon\"><\/div>\r\n\t\t\t\t\t<\/div>\r\n\r\n\t\t\t\t\t<div class=\"faq-item-answer\">\r\n\t\t\t\t\t\t<div class=\"faq-item-answer-text\">Oczywi\u015bcie. Wtyczka jest w pe\u0142ni responsywna i zapewnia, \u017ce \u200b\u200bTw\u00f3j Flipbook wygl\u0105da \u015bwietnie i dzia\u0142a p\u0142ynnie na komputerach stacjonarnych, tabletach i smartfonach. <\/div>\r\n\t\t\t\t\t<\/div>\r\n\t\t\t\t<\/div><div class=\"faq-item\">\r\n\t\t\t\t\t<div class=\"faq-item-question\">\r\n\t\t\t\t\t\t<h3 class=\"faq-item-question-text\">Jak dostosowa\u0107 wygl\u0105d mojego Flipbooka?<\/h3>\r\n\r\n\t\t\t\t\t\t<div class=\"faq-item-question-icon\"><\/div>\r\n\t\t\t\t\t<\/div>\r\n\r\n\t\t\t\t\t<div class=\"faq-item-answer\">\r\n\t\t\t\t\t\t<div class=\"faq-item-answer-text\">Korzystaj\u0105c z edytora wizualnego Elfsight, mo\u017cesz dostosowa\u0107 kolory, style przycisk\u00f3w, rozmiar, efekty przewracania stron i wiele wi\u0119cej. Pomaga to wtyczce bezproblemowo zintegrowa\u0107 si\u0119 z brandingiem Twojej witryny. <\/div>\r\n\t\t\t\t\t<\/div>\r\n\t\t\t\t<\/div><div class=\"faq-item\">\r\n\t\t\t\t\t<div class=\"faq-item-question\">\r\n\t\t\t\t\t\t<h3 class=\"faq-item-question-text\">Czy mog\u0119 aktualizowa\u0107 zawarto\u015b\u0107 wid\u017cetu bez konieczno\u015bci edytowania witryny za ka\u017cdym razem?<\/h3>\r\n\r\n\t\t\t\t\t\t<div class=\"faq-item-question-icon\"><\/div>\r\n\t\t\t\t\t<\/div>\r\n\r\n\t\t\t\t\t<div class=\"faq-item-answer\">\r\n\t\t\t\t\t\t<div class=\"faq-item-answer-text\">Tak, mo\u017cesz aktualizowa\u0107 zawarto\u015b\u0107 bezpo\u015brednio w panelu Elfsight, a zmiany b\u0119d\u0105 pojawia\u0107 si\u0119 na Twojej witrynie w czasie rzeczywistym \u2013 nie ma potrzeby ponownego osadzania czegokolwiek.<\/div>\r\n\t\t\t\t\t<\/div>\r\n\t\t\t\t<\/div><div class=\"faq-item\">\r\n\t\t\t\t\t<div class=\"faq-item-question\">\r\n\t\t\t\t\t\t<h3 class=\"faq-item-question-text\">Czy wid\u017cet spowalnia moj\u0105 witryn\u0119?<\/h3>\r\n\r\n\t\t\t\t\t\t<div class=\"faq-item-question-icon\"><\/div>\r\n\t\t\t\t\t<\/div>\r\n\r\n\t\t\t\t\t<div class=\"faq-item-answer\">\r\n\t\t\t\t\t\t<div class=\"faq-item-answer-text\">Wid\u017cety Elfsight s\u0105 lekkie i hostowane w chmurze, co oznacza, \u017ce \u200b\u200b\u0142aduj\u0105 si\u0119 asynchronicznie i nie wp\u0142ywaj\u0105 na wydajno\u015b\u0107 Twojej witryny.<\/div>\r\n\t\t\t\t\t<\/div>\r\n\t\t\t\t<\/div><\/div>","protected":false},"excerpt":{"rendered":"","protected":false},"author":9,"featured_media":0,"parent":8191,"menu_order":0,"comment_status":"closed","ping_status":"closed","template":"templates\/template-application-platform.php","meta":{"publish_to_discourse":"","publish_post_category":"","wpdc_auto_publish_overridden":"","wpdc_topic_tags":"","wpdc_pin_topic":"","wpdc_pin_until":"","discourse_post_id":"","discourse_permalink":"","wpdc_publishing_response":"","wpdc_publishing_error":"","footnotes":""},"class_list":["post-8677","page","type-page","status-publish","hentry"],"yoast_head":"<!-- This site is optimized with the Yoast SEO plugin v25.3.1 - https:\/\/yoast.com\/wordpress\/plugins\/seo\/ -->\n<title>Wtyczka WordPress Flipbook \u2013 dodaj PDF Flipbook do WordPress [bezp\u0142atnie]<\/title>\n<meta name=\"description\" content=\"Dodaj najlepsz\u0105 wtyczk\u0119 PDF Flipbook dla WordPressa, aby zwi\u0119kszy\u0107 zaanga\u017cowanie i prezentowa\u0107 tre\u015bci w dynamicznym formacie.\" \/>\n<meta name=\"robots\" content=\"index, follow, max-snippet:-1, max-image-preview:large, max-video-preview:-1\" \/>\n<link rel=\"canonical\" href=\"https:\/\/elfsight.com\/pl\/flipbook-widget\/wordpress\/\" \/>\n<meta property=\"og:locale\" content=\"pl_PL\" \/>\n<meta property=\"og:type\" content=\"article\" \/>\n<meta property=\"og:title\" content=\"Wtyczka WordPress Flipbook \u2013 dodaj PDF Flipbook do WordPress [bezp\u0142atnie]\" \/>\n<meta property=\"og:description\" content=\"Dodaj najlepsz\u0105 wtyczk\u0119 PDF Flipbook dla WordPressa, aby zwi\u0119kszy\u0107 zaanga\u017cowanie i prezentowa\u0107 tre\u015bci w dynamicznym formacie.\" \/>\n<meta property=\"og:url\" content=\"https:\/\/elfsight.com\/pl\/flipbook-widget\/wordpress\/\" \/>\n<meta property=\"og:site_name\" content=\"Elfsight PL\" \/>\n<meta property=\"article:modified_time\" content=\"2025-05-30T12:44:35+00:00\" \/>\n<meta name=\"twitter:card\" content=\"summary_large_image\" \/>\n<meta name=\"twitter:label1\" content=\"Szacowany czas czytania\" \/>\n\t<meta name=\"twitter:data1\" content=\"3 minuty\" \/>\n<!-- \/ Yoast SEO plugin. -->","yoast_head_json":{"title":"Wtyczka WordPress Flipbook \u2013 dodaj PDF Flipbook do WordPress [bezp\u0142atnie]","description":"Dodaj najlepsz\u0105 wtyczk\u0119 PDF Flipbook dla WordPressa, aby zwi\u0119kszy\u0107 zaanga\u017cowanie i prezentowa\u0107 tre\u015bci w dynamicznym formacie.","robots":{"index":"index","follow":"follow","max-snippet":"max-snippet:-1","max-image-preview":"max-image-preview:large","max-video-preview":"max-video-preview:-1"},"canonical":"https:\/\/elfsight.com\/pl\/flipbook-widget\/wordpress\/","og_locale":"pl_PL","og_type":"article","og_title":"Wtyczka WordPress Flipbook \u2013 dodaj PDF Flipbook do WordPress [bezp\u0142atnie]","og_description":"Dodaj najlepsz\u0105 wtyczk\u0119 PDF Flipbook dla WordPressa, aby zwi\u0119kszy\u0107 zaanga\u017cowanie i prezentowa\u0107 tre\u015bci w dynamicznym formacie.","og_url":"https:\/\/elfsight.com\/pl\/flipbook-widget\/wordpress\/","og_site_name":"Elfsight PL","article_modified_time":"2025-05-30T12:44:35+00:00","twitter_card":"summary_large_image","twitter_misc":{"Szacowany czas czytania":"3 minuty"},"schema":{"@context":"https:\/\/schema.org","@graph":[{"@type":"WebPage","@id":"https:\/\/elfsight.com\/pl\/flipbook-widget\/wordpress\/","url":"https:\/\/elfsight.com\/pl\/flipbook-widget\/wordpress\/","name":"Wtyczka WordPress Flipbook \u2013 dodaj PDF Flipbook do WordPress [bezp\u0142atnie]","isPartOf":{"@id":"https:\/\/elfsight.com\/pl\/#website"},"datePublished":"2024-08-01T13:24:15+00:00","dateModified":"2025-05-30T12:44:35+00:00","description":"Dodaj najlepsz\u0105 wtyczk\u0119 PDF Flipbook dla WordPressa, aby zwi\u0119kszy\u0107 zaanga\u017cowanie i prezentowa\u0107 tre\u015bci w dynamicznym formacie.","breadcrumb":{"@id":"https:\/\/elfsight.com\/pl\/flipbook-widget\/wordpress\/#breadcrumb"},"inLanguage":"pl-PL","potentialAction":[{"@type":"ReadAction","target":["https:\/\/elfsight.com\/pl\/flipbook-widget\/wordpress\/"]}]},{"@type":"BreadcrumbList","@id":"https:\/\/elfsight.com\/pl\/flipbook-widget\/wordpress\/#breadcrumb","itemListElement":[{"@type":"ListItem","position":1,"name":"Home","item":"https:\/\/elfsight.com\/pl\/"},{"@type":"ListItem","position":2,"name":"Flipbook","item":"https:\/\/elfsight.com\/pl\/flipbook-widget\/"},{"@type":"ListItem","position":3,"name":"Flipbook &#8211; WordPress"}]},{"@type":"WebSite","@id":"https:\/\/elfsight.com\/pl\/#website","url":"https:\/\/elfsight.com\/pl\/","name":"Elfsight PL","description":"Just another Elfsight Sites site","potentialAction":[{"@type":"SearchAction","target":{"@type":"EntryPoint","urlTemplate":"https:\/\/elfsight.com\/pl\/?s={search_term_string}"},"query-input":{"@type":"PropertyValueSpecification","valueRequired":true,"valueName":"search_term_string"}}],"inLanguage":"pl-PL"}]}},"meta_box":{"industry":"","seo_heading":"","heading":"","description":"","cta_heading":"","cta_description":"","application":"8186","h1":"Wtyczka WordPress PDF Flipbook","h1_caption":"Dodaj responsywn\u0105 Flipbook do swojej witryny WordPress, aby w ci\u0105gu kilku minut zamieni\u0107 pliki PDF w eleganckie, interaktywne publikacje.","application_category":[],"applications_title":"","applications_request_title":"","applications_request_button_text":"","hero_text":"","hero_video":"","hero_video_schema_markup":"","selling_points_title":"","selling_points_caption":"","selling_points":[],"selling_points_cta_text":"","features_title":"","features":"","ed_cta_examples_text":"","ed_cta_examples_hidden":"","ed_cta_demo_text":"","ed_cta_demo_hidden":"","why_caption":"","why_editor_title":"","why_editor_text":"","why_team_title":"","why_team_text":"","why_service_title":"","why_service_text":"","template_catalog_visible":"","template_catalog_title":"","template_catalog_text":"","template_catalog_categories_visible":"","demo_title":"Utw\u00f3rz wtyczk\u0119 Flipbook","demo_caption":"Skonfiguruj sw\u00f3j PDF Flipbook i dodaj go do swojej witryny WordPress zupe\u0142nie za darmo!","default_faq_hidden":"","app_template_category":[],"platform":"31","template_public_id":"","codecanyon_url":"","codecanyon_item_id":"","codecanyon_price":"","pricing_caption":"","pricing_elfsight_apps_hide_column":"","pricing_elfsight_apps_url":"","pricing_codecanyon_price_caption":"","integration_category":[],"integration_request_title":"","integration_request_cta":"","integration_platform":"","integrations":[],"platform_category":[],"video_schema_markup":"","price":"od 0 z\u0142\/miesi\u0105c","trial":"","benefits":[{"text":"Bezp\u0142atna us\u0142uga instalacji"},{"text":"Skuteczna obs\u0142uga klienta"},{"text":"14-dniowa gwarancja zwrotu pieni\u0119dzy"},{"text":"Ci\u0105g\u0142e aktualizacje"}],"button_url":"#demo","button_target_blank":"0","button_nofollow":"","attributes":[{"name":"Instaluje","content":"50,000 - 100,000","_state":""},{"name":"Czu\u0142y","content":"Tak","_state":""},{"name":"Kompatybilne przegl\u0105darki","content":"Firefox, Safari, Opera, Chrome, Edge","_state":""}],"tags":[],"tags_disable_links":"","hide_more_platforms":"","video_object":"","demo_hide_cta":"","demo_hide_cloud_options":"","pricing_title":"","pricing":[{"pricing_icon":"platform","pricing_title":"Elfsight Apps","pricing_title_caption":"Rozwi\u0105zanie cyfrowe multiplatformowe","pricing_price":"od 0 z\u0142\/miesi\u0105c","pricing_price_caption":"zacznij od darmowego planu","pricing_benefits":[{"text":"Nielimitowane domeny"},{"text":"Bezp\u0142atna obs\u0142uga klienta i dobrze udokumentowana"},{"text":"Bezp\u0142atna us\u0142uga monta\u017cu"},{"text":"Elastyczny projekt"}],"pricing_button_text":"Dodaj do witryny","pricing_button_url":"#demo"}],"related_apps_title":"","related_apps_hidden":"","author":"","image":[],"title":"","job":"","social_networks":[]},"_links":{"self":[{"href":"https:\/\/elfsight.com\/pl\/wp-json\/wp\/v2\/pages\/8677","targetHints":{"allow":["GET"]}}],"collection":[{"href":"https:\/\/elfsight.com\/pl\/wp-json\/wp\/v2\/pages"}],"about":[{"href":"https:\/\/elfsight.com\/pl\/wp-json\/wp\/v2\/types\/page"}],"author":[{"embeddable":true,"href":"https:\/\/elfsight.com\/pl\/wp-json\/wp\/v2\/users\/9"}],"replies":[{"embeddable":true,"href":"https:\/\/elfsight.com\/pl\/wp-json\/wp\/v2\/comments?post=8677"}],"version-history":[{"count":2,"href":"https:\/\/elfsight.com\/pl\/wp-json\/wp\/v2\/pages\/8677\/revisions"}],"predecessor-version":[{"id":10079,"href":"https:\/\/elfsight.com\/pl\/wp-json\/wp\/v2\/pages\/8677\/revisions\/10079"}],"up":[{"embeddable":true,"href":"https:\/\/elfsight.com\/pl\/wp-json\/wp\/v2\/pages\/8191"}],"wp:attachment":[{"href":"https:\/\/elfsight.com\/pl\/wp-json\/wp\/v2\/media?parent=8677"}],"curies":[{"name":"wp","href":"https:\/\/api.w.org\/{rel}","templated":true}]}}