{"id":8671,"date":"2024-08-01T13:31:59","date_gmt":"2024-08-01T13:31:59","guid":{"rendered":"https:\/\/elfsight.com\/pl\/?page_id=8671"},"modified":"2025-05-30T12:44:35","modified_gmt":"2025-05-30T12:44:35","slug":"elementor","status":"publish","type":"page","link":"https:\/\/elfsight.com\/pl\/flipbook-widget\/elementor\/","title":{"rendered":"Flipbook &#8211; Elementor"},"content":{"rendered":"<div class=\"application-platform-content-item-description application-platform-content-item\" id=\"description\" data-nav-section=\"description\"> <h2>Jak Flipbook dla Elementora mo\u017ce ulepszy\u0107 Twoj\u0105 witryn\u0119<\/h2><p>Wid\u017cet Elfsight Flipbook umo\u017cliwia tworzenie anga\u017cuj\u0105cych, interaktywnych flipbook\u00f3w, kt\u00f3re mo\u017cna bezproblemowo osadzi\u0107 w witrynie opartej na Elementorze. Ten dynamiczny widget oferuje nowoczesny spos\u00f3b wy\u015bwietlania tre\u015bci, niezale\u017cnie od tego, czy s\u0105 to katalogi, broszury, portfolio, czy nawet cyfrowe magazyny. Wid\u017cet ulepsza Twoj\u0105 witryn\u0119, czyni\u0105c Twoje tre\u015bci bardziej interaktywnymi i atrakcyjnymi dla odwiedzaj\u0105cych, zach\u0119caj\u0105c ich do d\u0142u\u017cszego korzystania z Twoich materia\u0142\u00f3w.<\/p><p>Dzi\u0119ki Elfsight mo\u017cesz prezentowa\u0107 swoje tre\u015bci w innowacyjny i przyjazny dla u\u017cytkownika spos\u00f3b. Ten widget tworzy wysoce interaktywne wra\u017cenia z czytania, zamieniaj\u0105c statyczne pliki PDF lub pliki oparte na obrazach w wizualnie anga\u017cuj\u0105cy format cyfrowy. Idealny dla firm w ka\u017cdej bran\u017cy \u2013 czy to handel detaliczny, nieruchomo\u015bci czy edukacja \u2013 Flipbook pomaga wy\u015bwietla\u0107 bogate tre\u015bci, kt\u00f3re znajd\u0105 odd\u017awi\u0119k u odbiorc\u00f3w.<\/p><p><b>Rozpocznij korzystanie z Elfsight Flipbook na swojej stronie Elementor za darmo ju\u017c dzi\u015b i poznaj wszystkie jego zalety!<\/b><\/p><\/div><div class=\"application-platform-content-item-features application-platform-content-item\" id=\"features\" data-nav-section=\"features\"><h2>Kluczowe funkcje Elementor Flipbook<\/h2><p>Elfsight Flipbook oferuje szereg funkcji, kt\u00f3re wyr\u00f3\u017cniaj\u0105 go na tle innych wid\u017cet\u00f3w do wy\u015bwietlania tre\u015bci:<\/p><ul> <li><b>W pe\u0142ni konfigurowalny projekt:<\/b> Dostosuj wygl\u0105d i styl do projektu swojej marki, dostosowuj\u0105c kolory, czcionki i uk\u0142ad.<\/li> <li><b>Interaktywny efekt przewracania stron:<\/b> Dodaj p\u0142ynn\u0105, realistyczn\u0105 animacj\u0119 przewracania, aby zaanga\u017cowa\u0107 u\u017cytkownik\u00f3w i sprawi\u0107, by tre\u015b\u0107 wydawa\u0142a si\u0119 interaktywna.<\/li> <li><b>Wiele Uk\u0142ady:<\/b> Wybierz spo\u015br\u00f3d r\u00f3\u017cnych tryb\u00f3w wy\u015bwietlania, w tym uk\u0142ad\u00f3w jednostronicowych lub dwustronicowych, aby najlepiej dopasowa\u0107 je do swojej tre\u015bci.<\/li> <li><b>Funkcjonalno\u015b\u0107 powi\u0119kszania\/pomniejszania:<\/b> Pozw\u00f3l u\u017cytkownikom powi\u0119ksza\u0107, aby dok\u0142adniej przyjrze\u0107 si\u0119 szczeg\u00f3\u0142owym obrazom lub tekstowi w ksi\u0105\u017cce.<\/li> <li><b>Responsywno\u015b\u0107 mobilna:<\/b> Wid\u017cet Elementor Flipbook jest w pe\u0142ni responsywny, co zapewnia idealne wy\u015bwietlanie na wszystkich urz\u0105dzeniach, od komputer\u00f3w stacjonarnych po urz\u0105dzenia mobilne.<\/li> <li><b>\u0141atwa nawigacja:<\/b> Dodaj strza\u0142ki nawigacyjne lub mini pasek nawigacyjny, aby u\u0142atwi\u0107 u\u017cytkownikom poruszanie si\u0119 po stronach.<\/li><\/ul><p><a href=\"#demo\">Wypr\u00f3buj wid\u017cet w intuicyjnym edytorze i zobacz interaktywne do\u015bwiadczenie na w\u0142asne oczy \u2013 rejestracja nie jest wymagana!<\/a><\/p><\/div><div class=\"application-platform-content-item-installation application-platform-content-item\" id=\"installation\" data-nav-section=\"installation\"><h2>Jak doda\u0107 ksi\u0105\u017ck\u0119 do Elementor<\/h2><p>Post\u0119puj zgodnie z tymi prostymi instrukcjami, aby doda\u0107 wid\u017cet Flipbook do swojej witryny za pomoc\u0105 Elfsight. Proces jest szybki i nie wymaga \u017cadnych umiej\u0119tno\u015bci kodowania:<\/p><ol> <li><strong>Wybierz sw\u00f3j szablon:<\/strong> Przejd\u017a do edytora Elementor i wybierz szablon, kt\u00f3ry najlepiej odpowiada Twoim potrzebom.<\/li> <li><strong>Dostosuj sw\u00f3j wid\u017cet:<\/strong> Prze\u015blij pliki PDF lub dodaj je za pomoc\u0105 \u0142\u0105cza, dostosuj ustawienia i elementy projektu.<\/li> <li><strong>Skopiuj wygenerowany kod:<\/strong> Gdy b\u0119dziesz zadowolony z projektu i ustawie\u0144, skopiuj wygenerowany kod osadzania.<\/li> <li><strong>Osad\u017a kod:<\/strong> Wklej kod do odpowiedniej sekcji swojej strony Elementor (zwykle bloku kodu lub sekcji wid\u017cetu), aby wy\u015bwietli\u0107 flipbook.<\/li><\/ol><p>Interesuj\u0105 Ci\u0119 dodatkowe opcje dostosowywania? Dowiedz si\u0119, jak <a href=\"https:\/\/elfsight.com\/blog\/how-to-embed-flipbook-on-website\/\" target=\"_blank\">osadzi\u0107 Flipbook na swojej stronie internetowej<\/a> dzi\u0119ki naszemu przewodnikowi eksperta.<\/p><p>Je\u015bli potrzebujesz pomocy, zesp\u00f3\u0142 wsparcia Elfsight jest zawsze gotowy, aby pom\u00f3c!<\/p><\/div><div class=\"faq\" data-component=\"FAQ\"><div class=\"faq-item\">\r\n\t\t\t\t\t<div class=\"faq-item-question\">\r\n\t\t\t\t\t\t<h3 class=\"faq-item-question-text\">Czy mog\u0119 u\u017cywa\u0107 wid\u017cetu Flipbook na mojej stronie internetowej dostosowanej do urz\u0105dze\u0144 mobilnych?<\/h3>\r\n\r\n\t\t\t\t\t\t<div class=\"faq-item-question-icon\"><\/div>\r\n\t\t\t\t\t<\/div>\r\n\r\n\t\t\t\t\t<div class=\"faq-item-answer\">\r\n\t\t\t\t\t\t<div class=\"faq-item-answer-text\">Tak, Elfsight Flipbook jest w pe\u0142ni dostosowany do urz\u0105dze\u0144 mobilnych, co oznacza, \u017ce \u200b\u200bb\u0119dzie p\u0142ynnie dostosowywa\u0142 si\u0119 do wszystkich rozmiar\u00f3w ekranu, zapewniaj\u0105c optymalne wra\u017cenia u\u017cytkownika na ka\u017cdym urz\u0105dzeniu.<\/div>\r\n\t\t\t\t\t<\/div>\r\n\t\t\t\t<\/div><div class=\"faq-item\">\r\n\t\t\t\t\t<div class=\"faq-item-question\">\r\n\t\t\t\t\t\t<h3 class=\"faq-item-question-text\">Jak mog\u0119 doda\u0107 tre\u015b\u0107 do wid\u017cetu Flipbook?<\/h3>\r\n\r\n\t\t\t\t\t\t<div class=\"faq-item-question-icon\"><\/div>\r\n\t\t\t\t\t<\/div>\r\n\r\n\t\t\t\t\t<div class=\"faq-item-answer\">\r\n\t\t\t\t\t\t<div class=\"faq-item-answer-text\">Mo\u017cesz przes\u0142a\u0107 swoj\u0105 tre\u015b\u0107 w formie plik\u00f3w PDF bezpo\u015brednio za pomoc\u0105 intuicyjnego edytora lub mo\u017cesz doda\u0107 j\u0105 za pomoc\u0105 \u0142\u0105cza. Po przes\u0142aniu mo\u017cesz dostosowa\u0107 wygl\u0105d i funkcjonalno\u015b\u0107, takie jak ustawienia powi\u0119kszenia i przej\u015bcia mi\u0119dzy stronami.<\/div>\r\n\t\t\t\t\t<\/div>\r\n\t\t\t\t<\/div><div class=\"faq-item\">\r\n\t\t\t\t\t<div class=\"faq-item-question\">\r\n\t\t\t\t\t\t<h3 class=\"faq-item-question-text\">Czy Elfsight Flipbook mo\u017cna dostosowa\u0107 pod wzgl\u0119dem projektu?<\/h3>\r\n\r\n\t\t\t\t\t\t<div class=\"faq-item-question-icon\"><\/div>\r\n\t\t\t\t\t<\/div>\r\n\r\n\t\t\t\t\t<div class=\"faq-item-answer\">\r\n\t\t\t\t\t\t<div class=\"faq-item-answer-text\">Oczywi\u015bcie! Mo\u017cesz zmieni\u0107 kolory, czcionki i uk\u0142ad flipbooka, upewniaj\u0105c si\u0119, \u017ce pasuje on do estetyki i to\u017csamo\u015bci marki Twojej witryny.<\/div>\r\n\t\t\t\t\t<\/div>\r\n\t\t\t\t<\/div><div class=\"faq-item\">\r\n\t\t\t\t\t<div class=\"faq-item-question\">\r\n\t\t\t\t\t\t<h3 class=\"faq-item-question-text\">Czy potrzebuj\u0119 wiedzy z zakresu kodowania, aby korzysta\u0107 z wid\u017cetu?<\/h3>\r\n\r\n\t\t\t\t\t\t<div class=\"faq-item-question-icon\"><\/div>\r\n\t\t\t\t\t<\/div>\r\n\r\n\t\t\t\t\t<div class=\"faq-item-answer\">\r\n\t\t\t\t\t\t<div class=\"faq-item-answer-text\">Wcale nie! Elfsight Flipbook zosta\u0142 zaprojektowany tak, aby by\u0142 \u0142atwy w u\u017cyciu dzi\u0119ki interfejsowi typu \u201eprzeci\u0105gnij i upu\u015b\u0107\u201d. Do instalacji lub dostosowywania nie jest wymagane kodowanie.<\/div>\r\n\t\t\t\t\t<\/div>\r\n\t\t\t\t<\/div><div class=\"faq-item\">\r\n\t\t\t\t\t<div class=\"faq-item-question\">\r\n\t\t\t\t\t\t<h3 class=\"faq-item-question-text\">Czy mog\u0119 wypr\u00f3bowa\u0107 Flipbook przed zakupem?<\/h3>\r\n\r\n\t\t\t\t\t\t<div class=\"faq-item-question-icon\"><\/div>\r\n\t\t\t\t\t<\/div>\r\n\r\n\t\t\t\t\t<div class=\"faq-item-answer\">\r\n\t\t\t\t\t\t<div class=\"faq-item-answer-text\">Tak, Elfsight oferuje bezp\u0142atny plan, wi\u0119c mo\u017cesz wypr\u00f3bowa\u0107 Elfsight Flipbook i pozna\u0107 wszystkie jego funkcje, zanim zdecydujesz si\u0119 na p\u0142atny plan.<\/div>\r\n\t\t\t\t\t<\/div>\r\n\t\t\t\t<\/div><\/div>","protected":false},"excerpt":{"rendered":"","protected":false},"author":9,"featured_media":0,"parent":8191,"menu_order":0,"comment_status":"closed","ping_status":"closed","template":"templates\/template-application-platform.php","meta":{"publish_to_discourse":"","publish_post_category":"","wpdc_auto_publish_overridden":"","wpdc_topic_tags":"","wpdc_pin_topic":"","wpdc_pin_until":"","discourse_post_id":"","discourse_permalink":"","wpdc_publishing_response":"","wpdc_publishing_error":"","footnotes":""},"class_list":["post-8671","page","type-page","status-publish","hentry"],"yoast_head":"<!-- This site is optimized with the Yoast SEO plugin v25.3.1 - https:\/\/yoast.com\/wordpress\/plugins\/seo\/ -->\n<title>Elementor Flipbook \u2013 dodaj Flipbook do Elementora [za darmo]<\/title>\n<meta name=\"description\" content=\"Dodaj najlepszy Flipbook do swojej witryny Elementor, aby ulepszy\u0107 do\u015bwiadczenia u\u017cytkownik\u00f3w, zaprezentowa\u0107 tre\u015bci i zwi\u0119kszy\u0107 zaanga\u017cowanie.\" \/>\n<meta name=\"robots\" content=\"index, follow, max-snippet:-1, max-image-preview:large, max-video-preview:-1\" \/>\n<link rel=\"canonical\" href=\"https:\/\/elfsight.com\/pl\/flipbook-widget\/elementor\/\" \/>\n<meta property=\"og:locale\" content=\"pl_PL\" \/>\n<meta property=\"og:type\" content=\"article\" \/>\n<meta property=\"og:title\" content=\"Elementor Flipbook \u2013 dodaj Flipbook do Elementora [za darmo]\" \/>\n<meta property=\"og:description\" content=\"Dodaj najlepszy Flipbook do swojej witryny Elementor, aby ulepszy\u0107 do\u015bwiadczenia u\u017cytkownik\u00f3w, zaprezentowa\u0107 tre\u015bci i zwi\u0119kszy\u0107 zaanga\u017cowanie.\" \/>\n<meta property=\"og:url\" content=\"https:\/\/elfsight.com\/pl\/flipbook-widget\/elementor\/\" \/>\n<meta property=\"og:site_name\" content=\"Elfsight PL\" \/>\n<meta property=\"article:modified_time\" content=\"2025-05-30T12:44:35+00:00\" \/>\n<meta name=\"twitter:card\" content=\"summary_large_image\" \/>\n<meta name=\"twitter:label1\" content=\"Szacowany czas czytania\" \/>\n\t<meta name=\"twitter:data1\" content=\"3 minuty\" \/>\n<!-- \/ Yoast SEO plugin. -->","yoast_head_json":{"title":"Elementor Flipbook \u2013 dodaj Flipbook do Elementora [za darmo]","description":"Dodaj najlepszy Flipbook do swojej witryny Elementor, aby ulepszy\u0107 do\u015bwiadczenia u\u017cytkownik\u00f3w, zaprezentowa\u0107 tre\u015bci i zwi\u0119kszy\u0107 zaanga\u017cowanie.","robots":{"index":"index","follow":"follow","max-snippet":"max-snippet:-1","max-image-preview":"max-image-preview:large","max-video-preview":"max-video-preview:-1"},"canonical":"https:\/\/elfsight.com\/pl\/flipbook-widget\/elementor\/","og_locale":"pl_PL","og_type":"article","og_title":"Elementor Flipbook \u2013 dodaj Flipbook do Elementora [za darmo]","og_description":"Dodaj najlepszy Flipbook do swojej witryny Elementor, aby ulepszy\u0107 do\u015bwiadczenia u\u017cytkownik\u00f3w, zaprezentowa\u0107 tre\u015bci i zwi\u0119kszy\u0107 zaanga\u017cowanie.","og_url":"https:\/\/elfsight.com\/pl\/flipbook-widget\/elementor\/","og_site_name":"Elfsight PL","article_modified_time":"2025-05-30T12:44:35+00:00","twitter_card":"summary_large_image","twitter_misc":{"Szacowany czas czytania":"3 minuty"},"schema":{"@context":"https:\/\/schema.org","@graph":[{"@type":"WebPage","@id":"https:\/\/elfsight.com\/pl\/flipbook-widget\/elementor\/","url":"https:\/\/elfsight.com\/pl\/flipbook-widget\/elementor\/","name":"Elementor Flipbook \u2013 dodaj Flipbook do Elementora [za darmo]","isPartOf":{"@id":"https:\/\/elfsight.com\/pl\/#website"},"datePublished":"2024-08-01T13:31:59+00:00","dateModified":"2025-05-30T12:44:35+00:00","description":"Dodaj najlepszy Flipbook do swojej witryny Elementor, aby ulepszy\u0107 do\u015bwiadczenia u\u017cytkownik\u00f3w, zaprezentowa\u0107 tre\u015bci i zwi\u0119kszy\u0107 zaanga\u017cowanie.","breadcrumb":{"@id":"https:\/\/elfsight.com\/pl\/flipbook-widget\/elementor\/#breadcrumb"},"inLanguage":"pl-PL","potentialAction":[{"@type":"ReadAction","target":["https:\/\/elfsight.com\/pl\/flipbook-widget\/elementor\/"]}]},{"@type":"BreadcrumbList","@id":"https:\/\/elfsight.com\/pl\/flipbook-widget\/elementor\/#breadcrumb","itemListElement":[{"@type":"ListItem","position":1,"name":"Home","item":"https:\/\/elfsight.com\/pl\/"},{"@type":"ListItem","position":2,"name":"Flipbook","item":"https:\/\/elfsight.com\/pl\/flipbook-widget\/"},{"@type":"ListItem","position":3,"name":"Flipbook &#8211; Elementor"}]},{"@type":"WebSite","@id":"https:\/\/elfsight.com\/pl\/#website","url":"https:\/\/elfsight.com\/pl\/","name":"Elfsight PL","description":"Just another Elfsight Sites site","potentialAction":[{"@type":"SearchAction","target":{"@type":"EntryPoint","urlTemplate":"https:\/\/elfsight.com\/pl\/?s={search_term_string}"},"query-input":{"@type":"PropertyValueSpecification","valueRequired":true,"valueName":"search_term_string"}}],"inLanguage":"pl-PL"}]}},"meta_box":{"industry":"","seo_heading":"","heading":"","description":"","cta_heading":"","cta_description":"","application":"8186","h1":"Elementor Flipbook Widget","h1_caption":"Dodaj cyfrow\u0105 ksi\u0105\u017ck\u0119 do swojej witryny Elementor i przyci\u0105gnij u\u017cytkownik\u00f3w interaktywn\u0105, atrakcyjn\u0105 wizualnie prezentacj\u0105 tre\u015bci.","application_category":[],"applications_title":"","applications_request_title":"","applications_request_button_text":"","hero_text":"","hero_video":"","hero_video_schema_markup":"","selling_points_title":"","selling_points_caption":"","selling_points":[],"selling_points_cta_text":"","features_title":"","features":"","ed_cta_examples_text":"","ed_cta_examples_hidden":"","ed_cta_demo_text":"","ed_cta_demo_hidden":"","why_caption":"","why_editor_title":"","why_editor_text":"","why_team_title":"","why_team_text":"","why_service_title":"","why_service_text":"","template_catalog_visible":"","template_catalog_title":"","template_catalog_text":"","template_catalog_categories_visible":"","demo_title":"Utw\u00f3rz sw\u00f3j wid\u017cet Flipbook","demo_caption":"Skonfiguruj sw\u00f3j widget i dodaj go do swojej witryny Elementor za darmo!","default_faq_hidden":"","app_template_category":[],"platform":"268","template_public_id":"","codecanyon_url":"","codecanyon_item_id":"","codecanyon_price":"","pricing_caption":"","pricing_elfsight_apps_hide_column":"","pricing_elfsight_apps_url":"","pricing_codecanyon_price_caption":"","integration_category":[],"integration_request_title":"","integration_request_cta":"","integration_platform":"","integrations":[],"platform_category":[],"video_schema_markup":"","price":"od 0 z\u0142\/miesi\u0105c","trial":"","benefits":[{"text":"Bezp\u0142atna us\u0142uga instalacji"},{"text":"Do\u015bwiadczona obs\u0142uga klienta"},{"text":"14-dniowa gwarancja zwrotu pieni\u0119dzy"},{"text":"Bie\u017c\u0105ce aktualizacje"}],"button_url":"#demo","button_target_blank":"0","button_nofollow":"","attributes":[{"name":"Instaluje","content":"50,000 - 100,000","_state":""},{"name":"Czu\u0142y","content":"Tak","_state":""},{"name":"Kompatybilne przegl\u0105darki","content":"Firefox, Safari, Opera, Chrome, Edge","_state":""}],"tags":[],"tags_disable_links":"","hide_more_platforms":"","video_object":"","demo_hide_cta":"","demo_hide_cloud_options":"","pricing_title":"","pricing":[{"pricing_icon":"platform","pricing_title":"Elfsight Apps","pricing_title_caption":"Rozwi\u0105zanie cyfrowe multiplatformowe","pricing_price":"od 0 z\u0142\/miesi\u0105c","pricing_price_caption":"zacznij od darmowego planu","pricing_benefits":[{"text":"Nielimitowane domeny"},{"text":"Bezp\u0142atne wsparcie i dobrze udokumentowane"},{"text":"Bezp\u0142atna us\u0142uga monta\u017cu"},{"text":"Elastyczny projekt"}],"pricing_button_text":"Dodaj do witryny","pricing_button_url":"#demo"}],"related_apps_title":"","related_apps_hidden":"","author":"","image":[],"title":"","job":"","social_networks":[]},"_links":{"self":[{"href":"https:\/\/elfsight.com\/pl\/wp-json\/wp\/v2\/pages\/8671","targetHints":{"allow":["GET"]}}],"collection":[{"href":"https:\/\/elfsight.com\/pl\/wp-json\/wp\/v2\/pages"}],"about":[{"href":"https:\/\/elfsight.com\/pl\/wp-json\/wp\/v2\/types\/page"}],"author":[{"embeddable":true,"href":"https:\/\/elfsight.com\/pl\/wp-json\/wp\/v2\/users\/9"}],"replies":[{"embeddable":true,"href":"https:\/\/elfsight.com\/pl\/wp-json\/wp\/v2\/comments?post=8671"}],"version-history":[{"count":2,"href":"https:\/\/elfsight.com\/pl\/wp-json\/wp\/v2\/pages\/8671\/revisions"}],"predecessor-version":[{"id":10077,"href":"https:\/\/elfsight.com\/pl\/wp-json\/wp\/v2\/pages\/8671\/revisions\/10077"}],"up":[{"embeddable":true,"href":"https:\/\/elfsight.com\/pl\/wp-json\/wp\/v2\/pages\/8191"}],"wp:attachment":[{"href":"https:\/\/elfsight.com\/pl\/wp-json\/wp\/v2\/media?parent=8671"}],"curies":[{"name":"wp","href":"https:\/\/api.w.org\/{rel}","templated":true}]}}