{"id":8670,"date":"2024-08-01T13:36:00","date_gmt":"2024-08-01T13:36:00","guid":{"rendered":"https:\/\/elfsight.com\/pl\/?page_id=8670"},"modified":"2025-05-30T12:44:35","modified_gmt":"2025-05-30T12:44:35","slug":"google-sites","status":"publish","type":"page","link":"https:\/\/elfsight.com\/pl\/flipbook-widget\/google-sites\/","title":{"rendered":"Flipbook &#8211; Google Sites"},"content":{"rendered":"<div class=\"application-platform-content-item-description application-platform-content-item\" id=\"description\" data-nav-section=\"description\"> <h2>Osad\u017a Flipbook w Google Sites za pomoc\u0105 wtyczki Elfsight<\/h2> <p>Wtyczka Flipbook dla Google Sites to pi\u0119kna metoda wy\u015bwietlania materia\u0142\u00f3w wizualnych na stronie internetowej. Wtyczka przekszta\u0142ca pliki PDF w \u017cywe magazyny z animowanymi obrazkami i zaawansowan\u0105 nawigacj\u0105. Jest przeznaczona do prezentowania czasopism, katalog\u00f3w, instrukcji i materia\u0142\u00f3w promocyjnych w przyjemny dla czytelnika spos\u00f3b, zwi\u0119kszaj\u0105c w ten spos\u00f3b \u015bwiadomo\u015b\u0107 marki i dost\u0119pno\u015b\u0107 tre\u015bci. <\/p><p>Mo\u017cesz szybko wys\u0142a\u0107 link do swojego katalogu PDF, udost\u0119pni\u0107 go w mediach spo\u0142eczno\u015bciowych i zapewni\u0107 u\u017cytkownikom prosty spos\u00f3b pobierania lub drukowania. Co wi\u0119cej, wtyczka jest ca\u0142kowicie konfigurowalna, aby dopasowa\u0107 j\u0105 do kolor\u00f3w Twojej strony internetowej lub marki. Flipbook szybko \u0142aduje si\u0119 na Twoich stronach i \u015bwietnie wygl\u0105da na ka\u017cdym urz\u0105dzeniu. <\/p><p><b>Podnie\u015b jako\u015b\u0107 prezentacji swoich produkt\u00f3w i osi\u0105gni\u0119\u0107 dzi\u0119ki osobistemu albumowi PDF. <\/b><\/p><\/div> <div class=\"application-platform-content-item-features application-platform-content-item\" id=\"features\" data-nav-section=\"features\"> <h2>Znajd\u017a poni\u017cej podstawowe funkcje wtyczki: <\/h2><ul><li><b>Realistyczne przewracanie stron w osadzonych plikach PDF. <\/b> Po prostu dodaj dowolny plik PDF, aby go animowa\u0107 za pomoc\u0105 autentycznych efekt\u00f3w przewracania stron i d\u017awi\u0119ku papieru, co zapewni niezwyk\u0142e wra\u017cenia u\u017cytkownika. <\/li><li><b>Wyszukiwanie, powi\u0119kszanie i pomniejszanie, przeskakiwanie na pocz\u0105tek lub koniec. <\/b>Flipbook ma wiele interaktywnych przycisk\u00f3w i opcji do pracy z broszur\u0105 i p\u0142ynnego jej przegl\u0105dania. <\/li><li><b>\u0141atwo udost\u0119pniaj, pobieraj lub drukuj broszur\u0119. <\/b>Mo\u017cna wys\u0142a\u0107 link do katalogu, udost\u0119pni\u0107 go za po\u015brednictwem medi\u00f3w spo\u0142eczno\u015bciowych lub zapewni\u0107 mo\u017cliwo\u015b\u0107 pobrania i wydrukowania go dla widza. <\/li><li><b>Wi\u0119cej tryb\u00f3w wy\u015bwietlania dla \u0142adnej prezentacji. <\/b>W Flipbooku dost\u0119pne s\u0105 tryby widoku miniatur, pojedynczej strony i pe\u0142nego ekranu, kt\u00f3re jeszcze bardziej usprawniaj\u0105 nawigacj\u0119. <\/li><li><b>Zaawansowane dostosowywanie, optymalizacja i lokalizacja. <\/b>Flipbook oferuje liczne opcje dostosowywania, doskonale wygl\u0105da na ka\u017cdym urz\u0105dzeniu i jest dost\u0119pny w 76 krajach. <\/li><\/ul><p><a href=\"#demo\">Po prostu sprawd\u017a t\u0119 wersj\u0119 demonstracyjn\u0105, aby uzyska\u0107 pe\u0142n\u0105 ide\u0119<\/a><\/p><\/div> <div class=\"application-platform-content-item-installation application-platform-content-item\" id=\"installation\" data-nav-section=\"installation\"> <h2>Jak mog\u0119 zintegrowa\u0107 Flipbook ze swoj\u0105 stron\u0105 internetow\u0105 Google Sites? <\/h2><p>Znajd\u017a ten prosty przewodnik, aby skonfigurowa\u0107 wtyczk\u0119 w Google Sites. Zajmie to tylko kilka minut i nie wymaga \u017cadnego kodowania.<\/p> <ol><li><strong>Utw\u00f3rz swoj\u0105 indywidualn\u0105 wtyczk\u0119 Flipbook<\/strong><br> Zacznij od dowolnego szablonu w edytorze, po\u0142\u0105cz sw\u00f3j profil lub \u017c\u0105dane hashtagi i dostosuj wtyczk\u0119 do \u017c\u0105danego stylu i opcji. <\/li><li><strong>Otrzymaj osobisty kod do osadzenia wtyczki<\/strong><br> Gdy tylko sko\u0144czysz budowa\u0107 wtyczk\u0119, otrzymasz indywidualny kod HTML na swoim pulpicie. Skopiuj ten kod, kt\u00f3ry zawiera wszystkie informacje o dostosowaniu wtyczki. <\/li> <li><strong>Zaprezentuj wtyczk\u0119 w swoich witrynach Google<\/strong><br> Wybierz obszary swojej witryny, w kt\u00f3rych chcesz wy\u015bwietli\u0107 wtyczk\u0119 i wklej tam kod. Zapisz zmiany. <\/li> <\/ol><p>To wszystko! Teraz zobacz, jak wtyczka dzia\u0142a na Twojej stronie internetowej. <\/p><p>W przypadku jakichkolwiek problem\u00f3w podczas osadzania wtyczki w witrynie internetowej, skontaktuj si\u0119 z naszym centrum pomocy. Ch\u0119tnie skonsultujemy si\u0119 z Tob\u0105 w sprawie dodania i dostosowania Twojego Flipbooka.<\/p><\/div>","protected":false},"excerpt":{"rendered":"","protected":false},"author":9,"featured_media":0,"parent":8191,"menu_order":0,"comment_status":"closed","ping_status":"closed","template":"templates\/template-application-platform.php","meta":{"publish_to_discourse":"","publish_post_category":"","wpdc_auto_publish_overridden":"","wpdc_topic_tags":"","wpdc_pin_topic":"","wpdc_pin_until":"","discourse_post_id":"","discourse_permalink":"","wpdc_publishing_response":"","wpdc_publishing_error":"","footnotes":""},"class_list":["post-8670","page","type-page","status-publish","hentry"],"yoast_head":"<!-- This site is optimized with the Yoast SEO plugin v25.3.1 - https:\/\/yoast.com\/wordpress\/plugins\/seo\/ -->\n<title>Wtyczka Flipbook dla Google Sites \u2014 osad\u017a wspania\u0142e broszury na stronie internetowej<\/title>\n<meta name=\"description\" content=\"Dodaj wtyczk\u0119 Flipbook bez kodu do swojej witryny Google Sites. Sprawd\u017a demo online Elfsight, aby \u0142atwo utworzy\u0107 w\u0142asne rozwi\u0105zanie.\" \/>\n<meta name=\"robots\" content=\"index, follow, max-snippet:-1, max-image-preview:large, max-video-preview:-1\" \/>\n<link rel=\"canonical\" href=\"https:\/\/elfsight.com\/pl\/flipbook-widget\/google-sites\/\" \/>\n<meta property=\"og:locale\" content=\"pl_PL\" \/>\n<meta property=\"og:type\" content=\"article\" \/>\n<meta property=\"og:title\" content=\"Wtyczka Flipbook dla Google Sites \u2014 osad\u017a wspania\u0142e broszury na stronie internetowej\" \/>\n<meta property=\"og:description\" content=\"Dodaj wtyczk\u0119 Flipbook bez kodu do swojej witryny Google Sites. Sprawd\u017a demo online Elfsight, aby \u0142atwo utworzy\u0107 w\u0142asne rozwi\u0105zanie.\" \/>\n<meta property=\"og:url\" content=\"https:\/\/elfsight.com\/pl\/flipbook-widget\/google-sites\/\" \/>\n<meta property=\"og:site_name\" content=\"Elfsight PL\" \/>\n<meta property=\"article:modified_time\" content=\"2025-05-30T12:44:35+00:00\" \/>\n<meta name=\"twitter:card\" content=\"summary_large_image\" \/>\n<meta name=\"twitter:label1\" content=\"Szacowany czas czytania\" \/>\n\t<meta name=\"twitter:data1\" content=\"3 minuty\" \/>\n<!-- \/ Yoast SEO plugin. -->","yoast_head_json":{"title":"Wtyczka Flipbook dla Google Sites \u2014 osad\u017a wspania\u0142e broszury na stronie internetowej","description":"Dodaj wtyczk\u0119 Flipbook bez kodu do swojej witryny Google Sites. Sprawd\u017a demo online Elfsight, aby \u0142atwo utworzy\u0107 w\u0142asne rozwi\u0105zanie.","robots":{"index":"index","follow":"follow","max-snippet":"max-snippet:-1","max-image-preview":"max-image-preview:large","max-video-preview":"max-video-preview:-1"},"canonical":"https:\/\/elfsight.com\/pl\/flipbook-widget\/google-sites\/","og_locale":"pl_PL","og_type":"article","og_title":"Wtyczka Flipbook dla Google Sites \u2014 osad\u017a wspania\u0142e broszury na stronie internetowej","og_description":"Dodaj wtyczk\u0119 Flipbook bez kodu do swojej witryny Google Sites. Sprawd\u017a demo online Elfsight, aby \u0142atwo utworzy\u0107 w\u0142asne rozwi\u0105zanie.","og_url":"https:\/\/elfsight.com\/pl\/flipbook-widget\/google-sites\/","og_site_name":"Elfsight PL","article_modified_time":"2025-05-30T12:44:35+00:00","twitter_card":"summary_large_image","twitter_misc":{"Szacowany czas czytania":"3 minuty"},"schema":{"@context":"https:\/\/schema.org","@graph":[{"@type":"WebPage","@id":"https:\/\/elfsight.com\/pl\/flipbook-widget\/google-sites\/","url":"https:\/\/elfsight.com\/pl\/flipbook-widget\/google-sites\/","name":"Wtyczka Flipbook dla Google Sites \u2014 osad\u017a wspania\u0142e broszury na stronie internetowej","isPartOf":{"@id":"https:\/\/elfsight.com\/pl\/#website"},"datePublished":"2024-08-01T13:36:00+00:00","dateModified":"2025-05-30T12:44:35+00:00","description":"Dodaj wtyczk\u0119 Flipbook bez kodu do swojej witryny Google Sites. Sprawd\u017a demo online Elfsight, aby \u0142atwo utworzy\u0107 w\u0142asne rozwi\u0105zanie.","breadcrumb":{"@id":"https:\/\/elfsight.com\/pl\/flipbook-widget\/google-sites\/#breadcrumb"},"inLanguage":"pl-PL","potentialAction":[{"@type":"ReadAction","target":["https:\/\/elfsight.com\/pl\/flipbook-widget\/google-sites\/"]}]},{"@type":"BreadcrumbList","@id":"https:\/\/elfsight.com\/pl\/flipbook-widget\/google-sites\/#breadcrumb","itemListElement":[{"@type":"ListItem","position":1,"name":"Home","item":"https:\/\/elfsight.com\/pl\/"},{"@type":"ListItem","position":2,"name":"Flipbook","item":"https:\/\/elfsight.com\/pl\/flipbook-widget\/"},{"@type":"ListItem","position":3,"name":"Flipbook &#8211; Google Sites"}]},{"@type":"WebSite","@id":"https:\/\/elfsight.com\/pl\/#website","url":"https:\/\/elfsight.com\/pl\/","name":"Elfsight PL","description":"Just another Elfsight Sites site","potentialAction":[{"@type":"SearchAction","target":{"@type":"EntryPoint","urlTemplate":"https:\/\/elfsight.com\/pl\/?s={search_term_string}"},"query-input":{"@type":"PropertyValueSpecification","valueRequired":true,"valueName":"search_term_string"}}],"inLanguage":"pl-PL"}]}},"meta_box":{"industry":"","seo_heading":"","heading":"","description":"","cta_heading":"","cta_description":"","application":"8186","h1":"Wtyczka Google Sites Flipbook","h1_caption":"Konwertuj pliki PDF lub obrazy na interaktywne ksi\u0105\u017ceczki, oferuj\u0105c bardziej anga\u017cuj\u0105cy spos\u00f3b prezentowania dokument\u00f3w lub katalog\u00f3w w Witrynach Google.","application_category":[],"applications_title":"","applications_request_title":"","applications_request_button_text":"","hero_text":"","hero_video":"","hero_video_schema_markup":"","selling_points_title":"","selling_points_caption":"","selling_points":[],"selling_points_cta_text":"","features_title":"","features":"","ed_cta_examples_text":"","ed_cta_examples_hidden":"","ed_cta_demo_text":"","ed_cta_demo_hidden":"","why_caption":"","why_editor_title":"","why_editor_text":"","why_team_title":"","why_team_text":"","why_service_title":"","why_service_text":"","template_catalog_visible":"","template_catalog_title":"","template_catalog_text":"","template_catalog_categories_visible":"","demo_title":"Utw\u00f3rz sw\u00f3j wid\u017cet Flipbook","demo_caption":"Skonfiguruj sw\u00f3j Flipbook i dodaj go bezp\u0142atnie do swojej witryny Google Sites!","default_faq_hidden":"","app_template_category":[],"platform":"484","template_public_id":"","codecanyon_url":"","codecanyon_item_id":"","codecanyon_price":"","pricing_caption":"","pricing_elfsight_apps_hide_column":"","pricing_elfsight_apps_url":"","pricing_codecanyon_price_caption":"","integration_category":[],"integration_request_title":"","integration_request_cta":"","integration_platform":"","integrations":[],"platform_category":[],"video_schema_markup":"","price":"od 0 z\u0142\/miesi\u0105c","trial":"","benefits":[{"text":"Bezp\u0142atna pomoc w instalacji"},{"text":"Do\u015bwiadczona obs\u0142uga klienta"},{"text":"14-dniowa gwarancja zwrotu pieni\u0119dzy"},{"text":"Ci\u0105g\u0142a aktualizacja"}],"button_url":"#demo","button_target_blank":"0","button_nofollow":"","attributes":[{"name":"Instaluje","content":"50,000 - 100,000","_state":""},{"name":"Czu\u0142y","content":"Tak","_state":""},{"name":"Kompatybilne przegl\u0105darki","content":"Firefox, Safari, Opera, Chrome, Edge","_state":""}],"tags":[],"tags_disable_links":"","hide_more_platforms":"","video_object":"","demo_hide_cta":"","demo_hide_cloud_options":"","pricing_title":"","pricing":[{"pricing_icon":"platform","pricing_title":"Elfsight Apps","pricing_title_caption":"Wersja multiplatformowa","pricing_price":"od 0 z\u0142\/miesi\u0105c","pricing_price_caption":"zacznij od darmowego planu","pricing_benefits":[{"text":"Nielimitowane domeny"},{"text":"Profesjonalna i terminowa pomoc oraz dobrze udokumentowana"},{"text":"Bezp\u0142atna pomoc w monta\u017cu"},{"text":"W pe\u0142ni konfigurowalny"}],"pricing_button_text":"Dodaj do witryny","pricing_button_url":"#demo"}],"related_apps_title":"","related_apps_hidden":"","author":"","image":[],"title":"","job":"","social_networks":[]},"_links":{"self":[{"href":"https:\/\/elfsight.com\/pl\/wp-json\/wp\/v2\/pages\/8670","targetHints":{"allow":["GET"]}}],"collection":[{"href":"https:\/\/elfsight.com\/pl\/wp-json\/wp\/v2\/pages"}],"about":[{"href":"https:\/\/elfsight.com\/pl\/wp-json\/wp\/v2\/types\/page"}],"author":[{"embeddable":true,"href":"https:\/\/elfsight.com\/pl\/wp-json\/wp\/v2\/users\/9"}],"replies":[{"embeddable":true,"href":"https:\/\/elfsight.com\/pl\/wp-json\/wp\/v2\/comments?post=8670"}],"version-history":[{"count":2,"href":"https:\/\/elfsight.com\/pl\/wp-json\/wp\/v2\/pages\/8670\/revisions"}],"predecessor-version":[{"id":10076,"href":"https:\/\/elfsight.com\/pl\/wp-json\/wp\/v2\/pages\/8670\/revisions\/10076"}],"up":[{"embeddable":true,"href":"https:\/\/elfsight.com\/pl\/wp-json\/wp\/v2\/pages\/8191"}],"wp:attachment":[{"href":"https:\/\/elfsight.com\/pl\/wp-json\/wp\/v2\/media?parent=8670"}],"curies":[{"name":"wp","href":"https:\/\/api.w.org\/{rel}","templated":true}]}}