{"id":8663,"date":"2024-08-01T13:53:54","date_gmt":"2024-08-01T13:53:54","guid":{"rendered":"https:\/\/elfsight.com\/pl\/?page_id=8663"},"modified":"2025-05-30T12:44:27","modified_gmt":"2025-05-30T12:44:27","slug":"godaddy","status":"publish","type":"page","link":"https:\/\/elfsight.com\/pl\/flipbook-widget\/godaddy\/","title":{"rendered":"Flipbook &#8211; GoDaddy"},"content":{"rendered":"<div class=\"application-platform-content-item-description application-platform-content-item\" id=\"description\" data-nav-section=\"description\"> <h2>Osad\u017a Flipbook w GoDaddy za pomoc\u0105 wtyczki Elfsight<\/h2> <p>Wtyczka Flipbook dla GoDaddy to pi\u0119kne rozwi\u0105zanie do wy\u015bwietlania materia\u0142\u00f3w wizualnych na stronie internetowej. Wtyczka przekszta\u0142ca pliki PDF w \u017cywe katalogi z animowanymi stronami i przyjazn\u0105 dla u\u017cytkownika nawigacj\u0105. S\u0142u\u017cy do prezentowania czasopism, katalog\u00f3w, instrukcji i materia\u0142\u00f3w promocyjnych w atrakcyjny dla widza spos\u00f3b, zwi\u0119kszaj\u0105c w ten spos\u00f3b \u015bwiadomo\u015b\u0107 marki i dost\u0119pno\u015b\u0107 tre\u015bci. <\/p><p>Mo\u017cesz szybko wys\u0142a\u0107 link do swojego magazynu PDF, udost\u0119pni\u0107 go za po\u015brednictwem medi\u00f3w spo\u0142eczno\u015bciowych i da\u0107 odwiedzaj\u0105cym stron\u0119 internetow\u0105 jasny spos\u00f3b na jego wydrukowanie lub pobranie. Ponadto wtyczka jest ca\u0142kowicie konfigurowalna, aby dopasowa\u0107 j\u0105 do stylu Twojej strony internetowej lub marki. Flipbook szybko \u0142aduje si\u0119 na Twoich stronach i pi\u0119knie wygl\u0105da na ka\u017cdym urz\u0105dzeniu. <\/p><p><b>Zbuduj sw\u00f3j niestandardowy album z materia\u0142ami wizualnymi, aby inteligentnie zaprezentowa\u0107 swoje produkty i osi\u0105gni\u0119cia. <\/b><\/p><\/div> <div class=\"application-platform-content-item-features application-platform-content-item\" id=\"features\" data-nav-section=\"features\"> <h2>Wtyczka zawiera pot\u0119\u017cne i proste funkcje, zobacz niekt\u00f3re z nich: <\/h2><ul><li><b>Realistyczne przewracanie stron dodanego pliku PDF. <\/b> Wystarczy doda\u0107 dowolny plik PDF, aby animowa\u0107 go za pomoc\u0105 autentycznych efekt\u00f3w przewracania stron i d\u017awi\u0119k\u00f3w papieru, aby zapewni\u0107 satysfakcjonuj\u0105ce wra\u017cenia klienta. <\/li><li><b>Wyszukiwanie, powi\u0119kszanie i pomniejszanie, przeskakiwanie na pocz\u0105tek lub koniec. <\/b>Flipbook ma wiele interaktywnych przycisk\u00f3w i element\u00f3w do pracy z katalogiem i p\u0142ynnego jego przegl\u0105dania. <\/li><li><b>Udost\u0119pniaj, pobieraj lub drukuj katalog bez wysi\u0142ku. <\/b>\u0141atwo jest wys\u0142a\u0107 link do katalogu, udost\u0119pni\u0107 go w mediach spo\u0142eczno\u015bciowych lub zapewni\u0107 mo\u017cliwo\u015b\u0107 pobrania i wydrukowania dla widza. <\/li><li><b>Dodatkowe tryby wy\u015bwietlania dla \u0142adnej prezentacji. <\/b>W Flipbooku dost\u0119pne s\u0105 tryby widoku miniatur, pojedynczej strony i pe\u0142nego ekranu, kt\u00f3re jeszcze bardziej usprawniaj\u0105 nawigacj\u0119. <\/li><li><b>Zaawansowane dostosowywanie, optymalizacja i lokalizacja. <\/b>Flipbook zapewnia r\u00f3\u017cne dostosowania, wygl\u0105da idealnie na ka\u017cdym urz\u0105dzeniu i jest dost\u0119pny w 76 krajach. <\/li><\/ul><p><a href=\"#demo\">Odkryj wszystkie opcje dostosowywania w pe\u0142nej wersji demonstracyjnej<\/a><\/p><\/div> <div class=\"application-platform-content-item-installation application-platform-content-item\" id=\"installation\" data-nav-section=\"installation\"> <h2>Jak mog\u0119 zintegrowa\u0107 Flipbook z moj\u0105 platform\u0105 GoDaddy? <\/h2><p>Sprawd\u017a ten prosty przewodnik, aby osadzi\u0107 wtyczk\u0119 na swojej stronie internetowej GoDaddy. Zajmie to tylko kilka minut i nie wymaga \u017cadnego kodowania.<\/p> <ol><li><strong>Utw\u00f3rz w\u0142asn\u0105 wtyczk\u0119 Flipbook<\/strong><br> Zacznij od dowolnego szablonu w edytorze, po\u0142\u0105cz sw\u00f3j profil lub \u017c\u0105dane hashtagi i dostosuj wtyczk\u0119 do preferowanego projektu i opcji. <\/li><li><strong>Uzyskaj osobisty kod, aby osadzi\u0107 wtyczk\u0119<\/strong><br> Gdy tylko sko\u0144czysz budowa\u0107 wtyczk\u0119, otrzymasz indywidualny kod HTML na pulpicie nawigacyjnym. Skopiuj ten kod, kt\u00f3ry zawiera wszystkie szczeg\u00f3\u0142y dotycz\u0105ce dostosowania wtyczki. <\/li> <li><strong>Zaprezentuj wtyczk\u0119 na swojej stronie internetowej GoDaddy<\/strong><br> Okre\u015bl obszary swojej strony internetowej, w kt\u00f3rych chcesz wy\u015bwietli\u0107 wtyczk\u0119, i wklej tam kod. Zapisz zmiany. <\/li> <\/ol><p>Gotowe! Teraz sprawd\u017a, jak wtyczka dzia\u0142a na Twojej stronie internetowej. <\/p><p>W przypadku jakichkolwiek problem\u00f3w podczas osadzania wtyczki na stronie internetowej, skontaktuj si\u0119 z naszym dzia\u0142em obs\u0142ugi klienta. Ch\u0119tnie wyja\u015bnimy Ci, jak doda\u0107 i zarz\u0105dza\u0107 swoim Flipbookiem.<\/p><\/div>","protected":false},"excerpt":{"rendered":"","protected":false},"author":9,"featured_media":0,"parent":8191,"menu_order":0,"comment_status":"closed","ping_status":"closed","template":"templates\/template-application-platform.php","meta":{"publish_to_discourse":"","publish_post_category":"","wpdc_auto_publish_overridden":"","wpdc_topic_tags":"","wpdc_pin_topic":"","wpdc_pin_until":"","discourse_post_id":"","discourse_permalink":"","wpdc_publishing_response":"","wpdc_publishing_error":"","footnotes":""},"class_list":["post-8663","page","type-page","status-publish","hentry"],"yoast_head":"<!-- This site is optimized with the Yoast SEO plugin v25.3.1 - https:\/\/yoast.com\/wordpress\/plugins\/seo\/ -->\n<title>Wtyczka Flipbook dla GoDaddy \u2014 osadzanie interaktywnych broszur w witrynie<\/title>\n<meta name=\"description\" content=\"Dodaj wtyczk\u0119 Flipbook bez kodu do swojej witryny GoDaddy. Wypr\u00f3buj przyjazn\u0105 dla u\u017cytkownika wersj\u0119 demonstracyjn\u0105 Elfsight, aby bez wysi\u0142ku stworzy\u0107 swoje unikalne rozwi\u0105zanie.\" \/>\n<meta name=\"robots\" content=\"index, follow, max-snippet:-1, max-image-preview:large, max-video-preview:-1\" \/>\n<link rel=\"canonical\" href=\"https:\/\/elfsight.com\/pl\/flipbook-widget\/godaddy\/\" \/>\n<meta property=\"og:locale\" content=\"pl_PL\" \/>\n<meta property=\"og:type\" content=\"article\" \/>\n<meta property=\"og:title\" content=\"Wtyczka Flipbook dla GoDaddy \u2014 osadzanie interaktywnych broszur w witrynie\" \/>\n<meta property=\"og:description\" content=\"Dodaj wtyczk\u0119 Flipbook bez kodu do swojej witryny GoDaddy. Wypr\u00f3buj przyjazn\u0105 dla u\u017cytkownika wersj\u0119 demonstracyjn\u0105 Elfsight, aby bez wysi\u0142ku stworzy\u0107 swoje unikalne rozwi\u0105zanie.\" \/>\n<meta property=\"og:url\" content=\"https:\/\/elfsight.com\/pl\/flipbook-widget\/godaddy\/\" \/>\n<meta property=\"og:site_name\" content=\"Elfsight PL\" \/>\n<meta property=\"article:modified_time\" content=\"2025-05-30T12:44:27+00:00\" \/>\n<meta name=\"twitter:card\" content=\"summary_large_image\" \/>\n<meta name=\"twitter:label1\" content=\"Szacowany czas czytania\" \/>\n\t<meta name=\"twitter:data1\" content=\"3 minuty\" \/>\n<!-- \/ Yoast SEO plugin. -->","yoast_head_json":{"title":"Wtyczka Flipbook dla GoDaddy \u2014 osadzanie interaktywnych broszur w witrynie","description":"Dodaj wtyczk\u0119 Flipbook bez kodu do swojej witryny GoDaddy. Wypr\u00f3buj przyjazn\u0105 dla u\u017cytkownika wersj\u0119 demonstracyjn\u0105 Elfsight, aby bez wysi\u0142ku stworzy\u0107 swoje unikalne rozwi\u0105zanie.","robots":{"index":"index","follow":"follow","max-snippet":"max-snippet:-1","max-image-preview":"max-image-preview:large","max-video-preview":"max-video-preview:-1"},"canonical":"https:\/\/elfsight.com\/pl\/flipbook-widget\/godaddy\/","og_locale":"pl_PL","og_type":"article","og_title":"Wtyczka Flipbook dla GoDaddy \u2014 osadzanie interaktywnych broszur w witrynie","og_description":"Dodaj wtyczk\u0119 Flipbook bez kodu do swojej witryny GoDaddy. Wypr\u00f3buj przyjazn\u0105 dla u\u017cytkownika wersj\u0119 demonstracyjn\u0105 Elfsight, aby bez wysi\u0142ku stworzy\u0107 swoje unikalne rozwi\u0105zanie.","og_url":"https:\/\/elfsight.com\/pl\/flipbook-widget\/godaddy\/","og_site_name":"Elfsight PL","article_modified_time":"2025-05-30T12:44:27+00:00","twitter_card":"summary_large_image","twitter_misc":{"Szacowany czas czytania":"3 minuty"},"schema":{"@context":"https:\/\/schema.org","@graph":[{"@type":"WebPage","@id":"https:\/\/elfsight.com\/pl\/flipbook-widget\/godaddy\/","url":"https:\/\/elfsight.com\/pl\/flipbook-widget\/godaddy\/","name":"Wtyczka Flipbook dla GoDaddy \u2014 osadzanie interaktywnych broszur w witrynie","isPartOf":{"@id":"https:\/\/elfsight.com\/pl\/#website"},"datePublished":"2024-08-01T13:53:54+00:00","dateModified":"2025-05-30T12:44:27+00:00","description":"Dodaj wtyczk\u0119 Flipbook bez kodu do swojej witryny GoDaddy. Wypr\u00f3buj przyjazn\u0105 dla u\u017cytkownika wersj\u0119 demonstracyjn\u0105 Elfsight, aby bez wysi\u0142ku stworzy\u0107 swoje unikalne rozwi\u0105zanie.","breadcrumb":{"@id":"https:\/\/elfsight.com\/pl\/flipbook-widget\/godaddy\/#breadcrumb"},"inLanguage":"pl-PL","potentialAction":[{"@type":"ReadAction","target":["https:\/\/elfsight.com\/pl\/flipbook-widget\/godaddy\/"]}]},{"@type":"BreadcrumbList","@id":"https:\/\/elfsight.com\/pl\/flipbook-widget\/godaddy\/#breadcrumb","itemListElement":[{"@type":"ListItem","position":1,"name":"Home","item":"https:\/\/elfsight.com\/pl\/"},{"@type":"ListItem","position":2,"name":"Flipbook","item":"https:\/\/elfsight.com\/pl\/flipbook-widget\/"},{"@type":"ListItem","position":3,"name":"Flipbook &#8211; GoDaddy"}]},{"@type":"WebSite","@id":"https:\/\/elfsight.com\/pl\/#website","url":"https:\/\/elfsight.com\/pl\/","name":"Elfsight PL","description":"Just another Elfsight Sites site","potentialAction":[{"@type":"SearchAction","target":{"@type":"EntryPoint","urlTemplate":"https:\/\/elfsight.com\/pl\/?s={search_term_string}"},"query-input":{"@type":"PropertyValueSpecification","valueRequired":true,"valueName":"search_term_string"}}],"inLanguage":"pl-PL"}]}},"meta_box":{"industry":"","seo_heading":"","heading":"","description":"","cta_heading":"","cta_description":"","application":"8186","h1":"Wtyczka GoDaddy Flipbook","h1_caption":"Konwertuj pliki PDF lub obrazy na interaktywne ksi\u0105\u017cki w formacie flipbook, oferuj\u0105c bardziej anga\u017cuj\u0105cy spos\u00f3b prezentowania dokument\u00f3w lub katalog\u00f3w w witrynie GoDaddy bez \u017cadnego wysi\u0142ku.","application_category":[],"applications_title":"","applications_request_title":"","applications_request_button_text":"","hero_text":"","hero_video":"","hero_video_schema_markup":"","selling_points_title":"","selling_points_caption":"","selling_points":[],"selling_points_cta_text":"","features_title":"","features":"","ed_cta_examples_text":"","ed_cta_examples_hidden":"","ed_cta_demo_text":"","ed_cta_demo_hidden":"","why_caption":"","why_editor_title":"","why_editor_text":"","why_team_title":"","why_team_text":"","why_service_title":"","why_service_text":"","template_catalog_visible":"","template_catalog_title":"","template_catalog_text":"","template_catalog_categories_visible":"","demo_title":"Utw\u00f3rz wtyczk\u0119 Flipbook","demo_caption":"Skonfiguruj sw\u00f3j Flipbook i dodaj go bezp\u0142atnie do swojej witryny GoDaddy!","default_faq_hidden":"","app_template_category":[],"platform":"180","template_public_id":"","codecanyon_url":"","codecanyon_item_id":"","codecanyon_price":"","pricing_caption":"","pricing_elfsight_apps_hide_column":"","pricing_elfsight_apps_url":"","pricing_codecanyon_price_caption":"","integration_category":[],"integration_request_title":"","integration_request_cta":"","integration_platform":"","integrations":[],"platform_category":[],"video_schema_markup":"","price":"od 0 z\u0142\/miesi\u0105c","trial":"","benefits":[{"text":"Bezp\u0142atna pomoc w instalacji"},{"text":"Profesjonalna obs\u0142uga klienta"},{"text":"14-dniowa gwarancja zwrotu pieni\u0119dzy"},{"text":"Ci\u0105g\u0142a aktualizacja"}],"button_url":"#demo","button_target_blank":"0","button_nofollow":"","attributes":[{"name":"Instaluje","content":"50,000 - 100,000","_state":""},{"name":"Czu\u0142y","content":"Tak","_state":""},{"name":"Kompatybilne przegl\u0105darki","content":"Firefox, Safari, Opera, Chrome, Edge","_state":""}],"tags":[],"tags_disable_links":"","hide_more_platforms":"","video_object":"","demo_hide_cta":"","demo_hide_cloud_options":"","pricing_title":"","pricing":[{"pricing_icon":"platform","pricing_title":"Elfsight Apps","pricing_title_caption":"Wersja multiplatformowa","pricing_price":"od 0 z\u0142\/miesi\u0105c","pricing_price_caption":"zacznij od darmowego planu","pricing_benefits":[{"text":"Nielimitowane strony internetowe"},{"text":"Dedykowane i terminowe wsparcie"},{"text":"Bezp\u0142atna pomoc przy instalacji"},{"text":"100% konfigurowalny"}],"pricing_button_text":"Dodaj do witryny","pricing_button_url":"#demo"}],"related_apps_title":"","related_apps_hidden":"","author":"","image":[],"title":"","job":"","social_networks":[]},"_links":{"self":[{"href":"https:\/\/elfsight.com\/pl\/wp-json\/wp\/v2\/pages\/8663","targetHints":{"allow":["GET"]}}],"collection":[{"href":"https:\/\/elfsight.com\/pl\/wp-json\/wp\/v2\/pages"}],"about":[{"href":"https:\/\/elfsight.com\/pl\/wp-json\/wp\/v2\/types\/page"}],"author":[{"embeddable":true,"href":"https:\/\/elfsight.com\/pl\/wp-json\/wp\/v2\/users\/9"}],"replies":[{"embeddable":true,"href":"https:\/\/elfsight.com\/pl\/wp-json\/wp\/v2\/comments?post=8663"}],"version-history":[{"count":2,"href":"https:\/\/elfsight.com\/pl\/wp-json\/wp\/v2\/pages\/8663\/revisions"}],"predecessor-version":[{"id":10073,"href":"https:\/\/elfsight.com\/pl\/wp-json\/wp\/v2\/pages\/8663\/revisions\/10073"}],"up":[{"embeddable":true,"href":"https:\/\/elfsight.com\/pl\/wp-json\/wp\/v2\/pages\/8191"}],"wp:attachment":[{"href":"https:\/\/elfsight.com\/pl\/wp-json\/wp\/v2\/media?parent=8663"}],"curies":[{"name":"wp","href":"https:\/\/api.w.org\/{rel}","templated":true}]}}