{"id":8655,"date":"2024-08-02T06:47:41","date_gmt":"2024-08-02T06:47:41","guid":{"rendered":"https:\/\/elfsight.com\/pl\/?page_id=8655"},"modified":"2025-05-30T12:44:18","modified_gmt":"2025-05-30T12:44:18","slug":"blogger","status":"publish","type":"page","link":"https:\/\/elfsight.com\/pl\/flipbook-widget\/blogger\/","title":{"rendered":"Flipbook &#8211; Blogger"},"content":{"rendered":"<div class=\"application-platform-content-item-description application-platform-content-item\" id=\"description\" data-nav-section=\"description\"> <h2>Osad\u017a Flipbook w Bloggerze za pomoc\u0105 wid\u017cetu Elfsight<\/h2> <p>Wid\u017cet Flipbook dla Bloggera to inteligentna metoda prezentacji materia\u0142\u00f3w wizualnych na stronie internetowej. Wid\u017cet zamienia pliki PDF w interaktywne broszury z animowanymi stronami i przyjazn\u0105 dla u\u017cytkownika nawigacj\u0105. Pomaga w prezentowaniu dziennik\u00f3w, katalog\u00f3w, instrukcji i materia\u0142\u00f3w promocyjnych w atrakcyjny dla czytelnika spos\u00f3b, zwi\u0119kszaj\u0105c w ten spos\u00f3b \u015bwiadomo\u015b\u0107 marki i dost\u0119pno\u015b\u0107 tre\u015bci. <\/p><p>Mo\u017cesz \u0142atwo wys\u0142a\u0107 link do swojej broszury PDF, udost\u0119pni\u0107 j\u0105 w mediach spo\u0142eczno\u015bciowych i da\u0107 u\u017cytkownikom jasny spos\u00f3b na jej wydrukowanie lub pobranie. Ponadto wid\u017cet jest ca\u0142kowicie konfigurowalny, aby dopasowa\u0107 go do kolor\u00f3w Twojej strony internetowej lub marki. Flipbook \u0142aduje si\u0119 natychmiast na Twoich stronach i wygl\u0105da niesamowicie na ka\u017cdym urz\u0105dzeniu. <\/p><p><b>Zbuduj sw\u00f3j osobisty katalog, aby inteligentnie zaprezentowa\u0107 swoje produkty i osi\u0105gni\u0119cia. <\/b><\/p><\/div> <div class=\"application-platform-content-item-features application-platform-content-item\" id=\"features\" data-nav-section=\"features\"> <h2>Widget oferuje cenne i nieskomplikowane funkcje, sprawd\u017a niekt\u00f3re z nich: <\/h2><ul><li><b>Realistyczne przewracanie stron w osadzonych plikach PDF. <\/b> Mo\u017cesz doda\u0107 dowolny plik PDF, aby go animowa\u0107 za pomoc\u0105 autentycznych efekt\u00f3w przewracania stron i d\u017awi\u0119ku papieru, co zapewni niezwyk\u0142e wra\u017cenia u\u017cytkownika. <\/li><li><b>Wyszukiwanie, powi\u0119kszanie i pomniejszanie, przeskakiwanie do pocz\u0105tku lub ko\u0144ca. <\/b>Flipbook ma r\u00f3\u017cne interaktywne przyciski i elementy do pracy z katalogiem i p\u0142ynnego jego przegl\u0105dania. <\/li><li><b>\u0141atwo udost\u0119pniaj, pobieraj lub drukuj broszur\u0119. <\/b>\u0141atwo jest wys\u0142a\u0107 link do katalogu, udost\u0119pni\u0107 go w mediach spo\u0142eczno\u015bciowych lub zapewni\u0107 mo\u017cliwo\u015b\u0107 pobrania i wydrukowania dla widza. <\/li><li><b>Dodatkowe tryby wy\u015bwietlania dla lepszej prezentacji. <\/b>Dost\u0119pne s\u0105 tryby widoku miniatur, pojedynczej strony i pe\u0142nego ekranu dla Flipbooka, aby jeszcze bardziej usprawni\u0107 nawigacj\u0119. <\/li><li><b>Ulepszone dostosowywanie, optymalizacja i lokalizacja. <\/b>Flipbook oferuje r\u00f3\u017cne opcje dostosowywania, wygl\u0105da niesamowicie na ka\u017cdym urz\u0105dzeniu i jest dost\u0119pny w 76 krajach. <\/li><\/ul><p><a href=\"#demo\">Mo\u017cesz dowiedzie\u0107 si\u0119, jak dzia\u0142a wid\u017cet, korzystaj\u0105c z wersji demonstracyjnej<\/a><\/p><\/div> <div class=\"application-platform-content-item-installation application-platform-content-item\" id=\"installation\" data-nav-section=\"installation\"> <h2>Jak zintegrowa\u0107 Flipbooka ze stronami Bloggera? <\/h2><p>Znajd\u017a ten prosty przewodnik, aby osadzi\u0107 wid\u017cet na swojej stronie Bloggera. Zajmie to tylko kilka minut i nie wymaga \u017cadnego kodowania.<\/p> <ol><li><strong>Zbuduj sw\u00f3j niestandardowy wid\u017cet Flipbook<\/strong><br> Zacznij od dowolnego szablonu w edytorze, po\u0142\u0105cz sw\u00f3j profil lub \u017c\u0105dane hashtagi i dostosuj wid\u017cet do \u017c\u0105danego stylu i opcji. <\/li><li><strong>Uzyskaj osobisty kod, aby osadzi\u0107 wid\u017cet<\/strong><br> Po utworzeniu wid\u017cetu otrzymasz indywidualny kod HTML w swoim panelu. Skopiuj ten kod, kt\u00f3ry zawiera wszystkie informacje dotycz\u0105ce dostosowania wid\u017cetu. <\/li> <li><strong>Wy\u015bwietl wid\u017cet na swojej stronie internetowej Bloggera<\/strong><br> Okre\u015bl obszary swojej strony internetowej, w kt\u00f3rych chcesz wy\u015bwietli\u0107 wid\u017cet, i wklej tam kod. Zapisz zmiany. <\/li> <\/ol><p>To wszystko! Teraz sprawd\u017a, jak wid\u017cet dzia\u0142a na Twojej stronie internetowej. <\/p><p>Je\u015bli masz jakiekolwiek trudno\u015bci podczas osadzania wid\u017cetu na swojej stronie internetowej, nie wahaj si\u0119 skontaktowa\u0107 z naszym dzia\u0142em obs\u0142ugi klienta. Ch\u0119tnie przeprowadzimy Ci\u0119 przez proces dodawania i zarz\u0105dzania Twoim Flipbookiem.<\/p><\/div>","protected":false},"excerpt":{"rendered":"","protected":false},"author":9,"featured_media":0,"parent":8191,"menu_order":0,"comment_status":"closed","ping_status":"closed","template":"templates\/template-application-platform.php","meta":{"publish_to_discourse":"","publish_post_category":"","wpdc_auto_publish_overridden":"","wpdc_topic_tags":"","wpdc_pin_topic":"","wpdc_pin_until":"","discourse_post_id":"","discourse_permalink":"","wpdc_publishing_response":"","wpdc_publishing_error":"","footnotes":""},"class_list":["post-8655","page","type-page","status-publish","hentry"],"yoast_head":"<!-- This site is optimized with the Yoast SEO plugin v25.3.1 - https:\/\/yoast.com\/wordpress\/plugins\/seo\/ -->\n<title>Wid\u017cet Flipbook dla Bloggera \u2014 osadzanie jasnych broszur w witrynie<\/title>\n<meta name=\"description\" content=\"Dodaj p\u0142ynny wid\u017cet Flipbook na swojej stronie Blogger. Wypr\u00f3buj prost\u0105 wersj\u0119 demonstracyjn\u0105 Elfsight, aby \u0142atwo wygenerowa\u0107 swoje unikalne rozwi\u0105zanie.\" \/>\n<meta name=\"robots\" content=\"index, follow, max-snippet:-1, max-image-preview:large, max-video-preview:-1\" \/>\n<link rel=\"canonical\" href=\"https:\/\/elfsight.com\/pl\/flipbook-widget\/blogger\/\" \/>\n<meta property=\"og:locale\" content=\"pl_PL\" \/>\n<meta property=\"og:type\" content=\"article\" \/>\n<meta property=\"og:title\" content=\"Wid\u017cet Flipbook dla Bloggera \u2014 osadzanie jasnych broszur w witrynie\" \/>\n<meta property=\"og:description\" content=\"Dodaj p\u0142ynny wid\u017cet Flipbook na swojej stronie Blogger. Wypr\u00f3buj prost\u0105 wersj\u0119 demonstracyjn\u0105 Elfsight, aby \u0142atwo wygenerowa\u0107 swoje unikalne rozwi\u0105zanie.\" \/>\n<meta property=\"og:url\" content=\"https:\/\/elfsight.com\/pl\/flipbook-widget\/blogger\/\" \/>\n<meta property=\"og:site_name\" content=\"Elfsight PL\" \/>\n<meta property=\"article:modified_time\" content=\"2025-05-30T12:44:18+00:00\" \/>\n<meta name=\"twitter:card\" content=\"summary_large_image\" \/>\n<meta name=\"twitter:label1\" content=\"Szacowany czas czytania\" \/>\n\t<meta name=\"twitter:data1\" content=\"3 minuty\" \/>\n<!-- \/ Yoast SEO plugin. -->","yoast_head_json":{"title":"Wid\u017cet Flipbook dla Bloggera \u2014 osadzanie jasnych broszur w witrynie","description":"Dodaj p\u0142ynny wid\u017cet Flipbook na swojej stronie Blogger. Wypr\u00f3buj prost\u0105 wersj\u0119 demonstracyjn\u0105 Elfsight, aby \u0142atwo wygenerowa\u0107 swoje unikalne rozwi\u0105zanie.","robots":{"index":"index","follow":"follow","max-snippet":"max-snippet:-1","max-image-preview":"max-image-preview:large","max-video-preview":"max-video-preview:-1"},"canonical":"https:\/\/elfsight.com\/pl\/flipbook-widget\/blogger\/","og_locale":"pl_PL","og_type":"article","og_title":"Wid\u017cet Flipbook dla Bloggera \u2014 osadzanie jasnych broszur w witrynie","og_description":"Dodaj p\u0142ynny wid\u017cet Flipbook na swojej stronie Blogger. Wypr\u00f3buj prost\u0105 wersj\u0119 demonstracyjn\u0105 Elfsight, aby \u0142atwo wygenerowa\u0107 swoje unikalne rozwi\u0105zanie.","og_url":"https:\/\/elfsight.com\/pl\/flipbook-widget\/blogger\/","og_site_name":"Elfsight PL","article_modified_time":"2025-05-30T12:44:18+00:00","twitter_card":"summary_large_image","twitter_misc":{"Szacowany czas czytania":"3 minuty"},"schema":{"@context":"https:\/\/schema.org","@graph":[{"@type":"WebPage","@id":"https:\/\/elfsight.com\/pl\/flipbook-widget\/blogger\/","url":"https:\/\/elfsight.com\/pl\/flipbook-widget\/blogger\/","name":"Wid\u017cet Flipbook dla Bloggera \u2014 osadzanie jasnych broszur w witrynie","isPartOf":{"@id":"https:\/\/elfsight.com\/pl\/#website"},"datePublished":"2024-08-02T06:47:41+00:00","dateModified":"2025-05-30T12:44:18+00:00","description":"Dodaj p\u0142ynny wid\u017cet Flipbook na swojej stronie Blogger. Wypr\u00f3buj prost\u0105 wersj\u0119 demonstracyjn\u0105 Elfsight, aby \u0142atwo wygenerowa\u0107 swoje unikalne rozwi\u0105zanie.","breadcrumb":{"@id":"https:\/\/elfsight.com\/pl\/flipbook-widget\/blogger\/#breadcrumb"},"inLanguage":"pl-PL","potentialAction":[{"@type":"ReadAction","target":["https:\/\/elfsight.com\/pl\/flipbook-widget\/blogger\/"]}]},{"@type":"BreadcrumbList","@id":"https:\/\/elfsight.com\/pl\/flipbook-widget\/blogger\/#breadcrumb","itemListElement":[{"@type":"ListItem","position":1,"name":"Home","item":"https:\/\/elfsight.com\/pl\/"},{"@type":"ListItem","position":2,"name":"Flipbook","item":"https:\/\/elfsight.com\/pl\/flipbook-widget\/"},{"@type":"ListItem","position":3,"name":"Flipbook &#8211; Blogger"}]},{"@type":"WebSite","@id":"https:\/\/elfsight.com\/pl\/#website","url":"https:\/\/elfsight.com\/pl\/","name":"Elfsight PL","description":"Just another Elfsight Sites site","potentialAction":[{"@type":"SearchAction","target":{"@type":"EntryPoint","urlTemplate":"https:\/\/elfsight.com\/pl\/?s={search_term_string}"},"query-input":{"@type":"PropertyValueSpecification","valueRequired":true,"valueName":"search_term_string"}}],"inLanguage":"pl-PL"}]}},"meta_box":{"industry":"","seo_heading":"","heading":"","description":"","cta_heading":"","cta_description":"","application":"8186","h1":"Wid\u017cet Blogger Flipbook","h1_caption":"Konwertuj pliki PDF lub obrazy na interaktywne ksi\u0105\u017ceczki, oferuj\u0105c bardziej anga\u017cuj\u0105cy spos\u00f3b prezentowania dokument\u00f3w lub katalog\u00f3w na swojej stronie internetowej Blogger, bez \u017cadnego wysi\u0142ku.","application_category":[],"applications_title":"","applications_request_title":"","applications_request_button_text":"","hero_text":"","hero_video":"","hero_video_schema_markup":"","selling_points_title":"","selling_points_caption":"","selling_points":[],"selling_points_cta_text":"","features_title":"","features":"","ed_cta_examples_text":"","ed_cta_examples_hidden":"","ed_cta_demo_text":"","ed_cta_demo_hidden":"","why_caption":"","why_editor_title":"","why_editor_text":"","why_team_title":"","why_team_text":"","why_service_title":"","why_service_text":"","template_catalog_visible":"","template_catalog_title":"","template_catalog_text":"","template_catalog_categories_visible":"","demo_title":"Utw\u00f3rz sw\u00f3j wid\u017cet Flipbook","demo_caption":"Skonfiguruj sw\u00f3j Flipbook i dodaj go bezp\u0142atnie do swojej witryny Blogger!","default_faq_hidden":"","app_template_category":[],"platform":"44","template_public_id":"","codecanyon_url":"","codecanyon_item_id":"","codecanyon_price":"","pricing_caption":"","pricing_elfsight_apps_hide_column":"","pricing_elfsight_apps_url":"","pricing_codecanyon_price_caption":"","integration_category":[],"integration_request_title":"","integration_request_cta":"","integration_platform":"","integrations":[],"platform_category":[],"video_schema_markup":"","price":"od 0 z\u0142\/miesi\u0105c","trial":"","benefits":[{"text":"Bezp\u0142atna us\u0142uga instalacji"},{"text":"Profesjonalna obs\u0142uga klienta"},{"text":"14-dniowa gwarancja zwrotu pieni\u0119dzy"},{"text":"Bezp\u0142atne ulepszenia na ca\u0142e \u017cycie"}],"button_url":"#demo","button_target_blank":"0","button_nofollow":"","attributes":[{"name":"Instaluje","content":"50,000 - 100,000","_state":""},{"name":"Czu\u0142y","content":"Tak","_state":""},{"name":"Kompatybilne przegl\u0105darki","content":"Firefox, Safari, Opera, Chrome, Edge","_state":""}],"tags":[],"tags_disable_links":"","hide_more_platforms":"","video_object":"","demo_hide_cta":"","demo_hide_cloud_options":"","pricing_title":"","pricing":[{"pricing_icon":"platform","pricing_title":"Elfsight Apps","pricing_title_caption":"Wersja mi\u0119dzyplatformowa","pricing_price":"od 0 z\u0142\/miesi\u0105c","pricing_price_caption":"zacznij od darmowego planu","pricing_benefits":[{"text":"Nielimitowane domeny"},{"text":"Wsparcie premium i na czas"},{"text":"Bezp\u0142atna pomoc w monta\u017cu"},{"text":"100% konfigurowalny"}],"pricing_button_text":"Dodaj do witryny","pricing_button_url":"#demo"}],"related_apps_title":"","related_apps_hidden":"","author":"","image":[],"title":"","job":"","social_networks":[]},"_links":{"self":[{"href":"https:\/\/elfsight.com\/pl\/wp-json\/wp\/v2\/pages\/8655","targetHints":{"allow":["GET"]}}],"collection":[{"href":"https:\/\/elfsight.com\/pl\/wp-json\/wp\/v2\/pages"}],"about":[{"href":"https:\/\/elfsight.com\/pl\/wp-json\/wp\/v2\/types\/page"}],"author":[{"embeddable":true,"href":"https:\/\/elfsight.com\/pl\/wp-json\/wp\/v2\/users\/9"}],"replies":[{"embeddable":true,"href":"https:\/\/elfsight.com\/pl\/wp-json\/wp\/v2\/comments?post=8655"}],"version-history":[{"count":2,"href":"https:\/\/elfsight.com\/pl\/wp-json\/wp\/v2\/pages\/8655\/revisions"}],"predecessor-version":[{"id":10069,"href":"https:\/\/elfsight.com\/pl\/wp-json\/wp\/v2\/pages\/8655\/revisions\/10069"}],"up":[{"embeddable":true,"href":"https:\/\/elfsight.com\/pl\/wp-json\/wp\/v2\/pages\/8191"}],"wp:attachment":[{"href":"https:\/\/elfsight.com\/pl\/wp-json\/wp\/v2\/media?parent=8655"}],"curies":[{"name":"wp","href":"https:\/\/api.w.org\/{rel}","templated":true}]}}