{"id":8640,"date":"2024-08-02T07:23:42","date_gmt":"2024-08-02T07:23:42","guid":{"rendered":"https:\/\/elfsight.com\/pl\/?page_id=8640"},"modified":"2025-05-30T12:44:00","modified_gmt":"2025-05-30T12:44:00","slug":"jquery","status":"publish","type":"page","link":"https:\/\/elfsight.com\/pl\/flipbook-widget\/jquery\/","title":{"rendered":"Flipbook &#8211; jQuery"},"content":{"rendered":"<div class=\"application-platform-content-item-description application-platform-content-item\" id=\"description\" data-nav-section=\"description\"> <h2>Osad\u017a Flipbook w jQuery za pomoc\u0105 wtyczki Elfsight<\/h2> <p>Wtyczka Flipbook dla jQuery to \u015bwietne rozwi\u0105zanie do prezentacji materia\u0142\u00f3w wizualnych na stronie internetowej. Wtyczka zamienia pliki PDF w \u017cywe magazyny z animowanymi obrazkami i przyjazn\u0105 dla u\u017cytkownika nawigacj\u0105. S\u0142u\u017cy do wy\u015bwietlania czasopism, katalog\u00f3w, instrukcji i materia\u0142\u00f3w promocyjnych w atrakcyjny dla czytelnika spos\u00f3b, zwi\u0119kszaj\u0105c w ten spos\u00f3b \u015bwiadomo\u015b\u0107 marki i dost\u0119pno\u015b\u0107 tre\u015bci. <\/p><p>Mo\u017cesz szybko wys\u0142a\u0107 link do swojej broszury PDF, udost\u0119pni\u0107 j\u0105 za po\u015brednictwem medi\u00f3w spo\u0142eczno\u015bciowych i zapewni\u0107 u\u017cytkownikom przejrzysty spos\u00f3b pobierania lub drukowania. Ponadto wtyczka jest w pe\u0142ni konfigurowalna, aby dopasowa\u0107 j\u0105 do stylu Twojej strony internetowej lub marki. Flipbook szybko \u0142aduje si\u0119 na Twoich stronach i \u015bwietnie wygl\u0105da na ka\u017cdym urz\u0105dzeniu. <\/p><p><b>Ulepsz jako\u015b\u0107 prezentacji swoich produkt\u00f3w i osi\u0105gni\u0119\u0107 dzi\u0119ki osobistemu albumowi z materia\u0142ami wizualnymi. <\/b><\/p><\/div> <div class=\"application-platform-content-item-features application-platform-content-item\" id=\"features\" data-nav-section=\"features\"> <h2>Znajd\u017a poni\u017cej podstawowe funkcje wtyczki: <\/h2><ul><li><b>Realistyczne przewracanie stron dla dowolnego przes\u0142anego pliku PDF. <\/b> Mo\u017cesz doda\u0107 dowolny plik PDF, aby animowa\u0107 go za pomoc\u0105 autentycznych efekt\u00f3w przewracania stron i d\u017awi\u0119ku papieru, aby zapewni\u0107 satysfakcjonuj\u0105ce wra\u017cenia u\u017cytkownika. <\/li><li><b>Wyszukiwanie, powi\u0119kszanie i pomniejszanie, przeskakiwanie do pocz\u0105tku lub ko\u0144ca. <\/b>Flipbook oferuje wiele interaktywnych przycisk\u00f3w i opcji do wygodnej pracy z broszur\u0105 i jej przegl\u0105dania. <\/li><li><b>\u0141atwo udost\u0119pniaj, pobieraj lub drukuj broszur\u0119. <\/b>Mo\u017cna wys\u0142a\u0107 link do katalogu, udost\u0119pni\u0107 go w mediach spo\u0142eczno\u015bciowych lub zapewni\u0107 mo\u017cliwo\u015b\u0107 pobrania i wydrukowania dla widza. <\/li><li><b>Dodatkowe tryby wy\u015bwietlania dla lepszej prezentacji. <\/b>W Flipbooku dost\u0119pne s\u0105 tryby widoku miniatur, pojedynczej strony i pe\u0142nego ekranu, kt\u00f3re jeszcze bardziej usprawniaj\u0105 nawigacj\u0119. <\/li><li><b>Ulepszone dostosowywanie, optymalizacja i lokalizacja. <\/b>Flipbook oferuje r\u00f3\u017cne ustawienia dostosowywania, wygl\u0105da doskonale na ka\u017cdym urz\u0105dzeniu i jest dost\u0119pny w 76 krajach. <\/li><\/ul><p><a href=\"#demo\">Wypr\u00f3buj t\u0119 wersj\u0119 demonstracyjn\u0105, aby zobaczy\u0107, jak to dzia\u0142a<\/a><\/p><\/div> <div class=\"application-platform-content-item-installation application-platform-content-item\" id=\"installation\" data-nav-section=\"installation\"> <h2>Jak mog\u0119 osadzi\u0107 Flipbook na mojej platformie jQuery? <\/h2><p>Oto prosty przewodnik, jak osadzi\u0107 wid\u017cet na swojej stronie internetowej jQuery. Zajmie to tylko kilka minut i nie wymaga kodowania.<\/p> <ol><li><strong>Zbuduj sw\u00f3j indywidualny wid\u017cet Flipbook<\/strong><br> Zacznij od dowolnego szablonu w edytorze, po\u0142\u0105cz sw\u00f3j profil lub \u017c\u0105dane hashtagi i dostosuj wid\u017cet do preferowanego projektu i opcji. <\/li><li><strong>Uzyskaj osobisty kod, aby osadzi\u0107 wid\u017cet<\/strong><br> Po utworzeniu wid\u017cetu otrzymasz indywidualny kod HTML w swoim panelu. Skopiuj ten kod, kt\u00f3ry zawiera wszystkie informacje o dostosowaniu wid\u017cetu. <\/li> <li><strong>Wy\u015bwietl wid\u017cet na swojej stronie internetowej jQuery<\/strong><br> Wybierz sekcje swojej strony internetowej, w kt\u00f3rych chcesz wy\u015bwietli\u0107 wid\u017cet i wklej tam kod. Zapisz zmiany. <\/li> <\/ol><p>Gotowe! Teraz sprawd\u017a, jak wid\u017cet dzia\u0142a na Twojej stronie internetowej. <\/p><p>Je\u015bli wyst\u0105pi\u0105 jakiekolwiek problemy podczas osadzania wtyczki na swojej stronie internetowej, skontaktuj si\u0119 z naszym centrum pomocy. Ch\u0119tnie wyja\u015bnimy Ci, jak doda\u0107 i zarz\u0105dza\u0107 swoim Flipbookiem.<\/p><\/div>","protected":false},"excerpt":{"rendered":"","protected":false},"author":9,"featured_media":0,"parent":8191,"menu_order":0,"comment_status":"closed","ping_status":"closed","template":"templates\/template-application-platform.php","meta":{"publish_to_discourse":"","publish_post_category":"","wpdc_auto_publish_overridden":"","wpdc_topic_tags":"","wpdc_pin_topic":"","wpdc_pin_until":"","discourse_post_id":"","discourse_permalink":"","wpdc_publishing_response":"","wpdc_publishing_error":"","footnotes":""},"class_list":["post-8640","page","type-page","status-publish","hentry"],"yoast_head":"<!-- This site is optimized with the Yoast SEO plugin v25.3.1 - https:\/\/yoast.com\/wordpress\/plugins\/seo\/ -->\n<title>Wtyczka Flipbook dla jQuery - osadzanie jasnych magazyn\u00f3w na stronie internetowej<\/title>\n<meta name=\"description\" content=\"Dodaj wtyczk\u0119 Flipbook bez kodu do swojej witryny jQuery. Wypr\u00f3buj szybk\u0105 wersj\u0119 demonstracyjn\u0105 Elfsight, aby bez wysi\u0142ku stworzy\u0107 w\u0142asne rozwi\u0105zanie.\" \/>\n<meta name=\"robots\" content=\"index, follow, max-snippet:-1, max-image-preview:large, max-video-preview:-1\" \/>\n<link rel=\"canonical\" href=\"https:\/\/elfsight.com\/pl\/flipbook-widget\/jquery\/\" \/>\n<meta property=\"og:locale\" content=\"pl_PL\" \/>\n<meta property=\"og:type\" content=\"article\" \/>\n<meta property=\"og:title\" content=\"Wtyczka Flipbook dla jQuery - osadzanie jasnych magazyn\u00f3w na stronie internetowej\" \/>\n<meta property=\"og:description\" content=\"Dodaj wtyczk\u0119 Flipbook bez kodu do swojej witryny jQuery. Wypr\u00f3buj szybk\u0105 wersj\u0119 demonstracyjn\u0105 Elfsight, aby bez wysi\u0142ku stworzy\u0107 w\u0142asne rozwi\u0105zanie.\" \/>\n<meta property=\"og:url\" content=\"https:\/\/elfsight.com\/pl\/flipbook-widget\/jquery\/\" \/>\n<meta property=\"og:site_name\" content=\"Elfsight PL\" \/>\n<meta property=\"article:modified_time\" content=\"2025-05-30T12:44:00+00:00\" \/>\n<meta name=\"twitter:card\" content=\"summary_large_image\" \/>\n<meta name=\"twitter:label1\" content=\"Szacowany czas czytania\" \/>\n\t<meta name=\"twitter:data1\" content=\"3 minuty\" \/>\n<!-- \/ Yoast SEO plugin. -->","yoast_head_json":{"title":"Wtyczka Flipbook dla jQuery - osadzanie jasnych magazyn\u00f3w na stronie internetowej","description":"Dodaj wtyczk\u0119 Flipbook bez kodu do swojej witryny jQuery. Wypr\u00f3buj szybk\u0105 wersj\u0119 demonstracyjn\u0105 Elfsight, aby bez wysi\u0142ku stworzy\u0107 w\u0142asne rozwi\u0105zanie.","robots":{"index":"index","follow":"follow","max-snippet":"max-snippet:-1","max-image-preview":"max-image-preview:large","max-video-preview":"max-video-preview:-1"},"canonical":"https:\/\/elfsight.com\/pl\/flipbook-widget\/jquery\/","og_locale":"pl_PL","og_type":"article","og_title":"Wtyczka Flipbook dla jQuery - osadzanie jasnych magazyn\u00f3w na stronie internetowej","og_description":"Dodaj wtyczk\u0119 Flipbook bez kodu do swojej witryny jQuery. Wypr\u00f3buj szybk\u0105 wersj\u0119 demonstracyjn\u0105 Elfsight, aby bez wysi\u0142ku stworzy\u0107 w\u0142asne rozwi\u0105zanie.","og_url":"https:\/\/elfsight.com\/pl\/flipbook-widget\/jquery\/","og_site_name":"Elfsight PL","article_modified_time":"2025-05-30T12:44:00+00:00","twitter_card":"summary_large_image","twitter_misc":{"Szacowany czas czytania":"3 minuty"},"schema":{"@context":"https:\/\/schema.org","@graph":[{"@type":"WebPage","@id":"https:\/\/elfsight.com\/pl\/flipbook-widget\/jquery\/","url":"https:\/\/elfsight.com\/pl\/flipbook-widget\/jquery\/","name":"Wtyczka Flipbook dla jQuery - osadzanie jasnych magazyn\u00f3w na stronie internetowej","isPartOf":{"@id":"https:\/\/elfsight.com\/pl\/#website"},"datePublished":"2024-08-02T07:23:42+00:00","dateModified":"2025-05-30T12:44:00+00:00","description":"Dodaj wtyczk\u0119 Flipbook bez kodu do swojej witryny jQuery. Wypr\u00f3buj szybk\u0105 wersj\u0119 demonstracyjn\u0105 Elfsight, aby bez wysi\u0142ku stworzy\u0107 w\u0142asne rozwi\u0105zanie.","breadcrumb":{"@id":"https:\/\/elfsight.com\/pl\/flipbook-widget\/jquery\/#breadcrumb"},"inLanguage":"pl-PL","potentialAction":[{"@type":"ReadAction","target":["https:\/\/elfsight.com\/pl\/flipbook-widget\/jquery\/"]}]},{"@type":"BreadcrumbList","@id":"https:\/\/elfsight.com\/pl\/flipbook-widget\/jquery\/#breadcrumb","itemListElement":[{"@type":"ListItem","position":1,"name":"Home","item":"https:\/\/elfsight.com\/pl\/"},{"@type":"ListItem","position":2,"name":"Flipbook","item":"https:\/\/elfsight.com\/pl\/flipbook-widget\/"},{"@type":"ListItem","position":3,"name":"Flipbook &#8211; jQuery"}]},{"@type":"WebSite","@id":"https:\/\/elfsight.com\/pl\/#website","url":"https:\/\/elfsight.com\/pl\/","name":"Elfsight PL","description":"Just another Elfsight Sites site","potentialAction":[{"@type":"SearchAction","target":{"@type":"EntryPoint","urlTemplate":"https:\/\/elfsight.com\/pl\/?s={search_term_string}"},"query-input":{"@type":"PropertyValueSpecification","valueRequired":true,"valueName":"search_term_string"}}],"inLanguage":"pl-PL"}]}},"meta_box":{"industry":"","seo_heading":"","heading":"","description":"","cta_heading":"","cta_description":"","application":"8186","h1":"Wtyczka jQuery Flipbook","h1_caption":"Konwertuj pliki PDF lub obrazy na interaktywne ksi\u0105\u017ceczki, oferuj\u0105c bardziej anga\u017cuj\u0105cy spos\u00f3b prezentowania dokument\u00f3w lub katalog\u00f3w na swojej stronie internetowej jQuery.","application_category":[],"applications_title":"","applications_request_title":"","applications_request_button_text":"","hero_text":"","hero_video":"","hero_video_schema_markup":"","selling_points_title":"","selling_points_caption":"","selling_points":[],"selling_points_cta_text":"","features_title":"","features":"","ed_cta_examples_text":"","ed_cta_examples_hidden":"","ed_cta_demo_text":"","ed_cta_demo_hidden":"","why_caption":"","why_editor_title":"","why_editor_text":"","why_team_title":"","why_team_text":"","why_service_title":"","why_service_text":"","template_catalog_visible":"","template_catalog_title":"","template_catalog_text":"","template_catalog_categories_visible":"","demo_title":"Utw\u00f3rz wtyczk\u0119 Flipbook","demo_caption":"Skonfiguruj sw\u00f3j Flipbook i dodaj go do swojej witryny jQuery zupe\u0142nie za darmo!","default_faq_hidden":"","app_template_category":[],"platform":"56","template_public_id":"","codecanyon_url":"","codecanyon_item_id":"","codecanyon_price":"","pricing_caption":"","pricing_elfsight_apps_hide_column":"","pricing_elfsight_apps_url":"","pricing_codecanyon_price_caption":"","integration_category":[],"integration_request_title":"","integration_request_cta":"","integration_platform":"","integrations":[],"platform_category":[],"video_schema_markup":"","price":"od 0 z\u0142\/miesi\u0105c","trial":"","benefits":[{"text":"Bezp\u0142atna pomoc w instalacji"},{"text":"Wyj\u0105tkowe wsparcie"},{"text":"14-dniowa gwarancja zwrotu pieni\u0119dzy"},{"text":"Regularne aktualizacje"}],"button_url":"#demo","button_target_blank":"0","button_nofollow":"","attributes":[{"name":"Instaluje","content":"50,000 - 100,000","_state":""},{"name":"Czu\u0142y","content":"Tak","_state":""},{"name":"Kompatybilne przegl\u0105darki","content":"Firefox, Safari, Opera, Chrome, Edge","_state":""}],"tags":[],"tags_disable_links":"","hide_more_platforms":"","video_object":"","demo_hide_cta":"","demo_hide_cloud_options":"","pricing_title":"","pricing":[{"pricing_icon":"platform","pricing_title":"Elfsight Apps","pricing_title_caption":"Rozwi\u0105zanie niezale\u017cne od platformy, kt\u00f3re dzia\u0142a na ka\u017cdej stronie","pricing_price":"od 0 z\u0142\/miesi\u0105c","pricing_price_caption":"zacznij od darmowego planu","pricing_benefits":[{"text":"Nielimitowane strony internetowe"},{"text":"Szybka obs\u0142uga klienta i dobrze udokumentowana"},{"text":"Bezp\u0142atna pomoc w instalacji"},{"text":"Elastyczny projekt"}],"pricing_button_text":"Dodaj do witryny","pricing_button_url":"#demo"}],"related_apps_title":"","related_apps_hidden":"","author":"","image":[],"title":"","job":"","social_networks":[]},"_links":{"self":[{"href":"https:\/\/elfsight.com\/pl\/wp-json\/wp\/v2\/pages\/8640","targetHints":{"allow":["GET"]}}],"collection":[{"href":"https:\/\/elfsight.com\/pl\/wp-json\/wp\/v2\/pages"}],"about":[{"href":"https:\/\/elfsight.com\/pl\/wp-json\/wp\/v2\/types\/page"}],"author":[{"embeddable":true,"href":"https:\/\/elfsight.com\/pl\/wp-json\/wp\/v2\/users\/9"}],"replies":[{"embeddable":true,"href":"https:\/\/elfsight.com\/pl\/wp-json\/wp\/v2\/comments?post=8640"}],"version-history":[{"count":2,"href":"https:\/\/elfsight.com\/pl\/wp-json\/wp\/v2\/pages\/8640\/revisions"}],"predecessor-version":[{"id":10062,"href":"https:\/\/elfsight.com\/pl\/wp-json\/wp\/v2\/pages\/8640\/revisions\/10062"}],"up":[{"embeddable":true,"href":"https:\/\/elfsight.com\/pl\/wp-json\/wp\/v2\/pages\/8191"}],"wp:attachment":[{"href":"https:\/\/elfsight.com\/pl\/wp-json\/wp\/v2\/media?parent=8640"}],"curies":[{"name":"wp","href":"https:\/\/api.w.org\/{rel}","templated":true}]}}