{"id":8638,"date":"2024-08-02T07:31:43","date_gmt":"2024-08-02T07:31:43","guid":{"rendered":"https:\/\/elfsight.com\/pl\/?page_id=8638"},"modified":"2025-05-30T12:44:00","modified_gmt":"2025-05-30T12:44:00","slug":"jimdo","status":"publish","type":"page","link":"https:\/\/elfsight.com\/pl\/flipbook-widget\/jimdo\/","title":{"rendered":"Flipbook &#8211; Jimdo"},"content":{"rendered":"<div class=\"application-platform-content-item-description application-platform-content-item\" id=\"description\" data-nav-section=\"description\"> <h2>Osad\u017a Flipbook w Jimdo za pomoc\u0105 wid\u017cetu Elfsight<\/h2> <p>Wid\u017cet Flipbook dla Jimdo to pi\u0119kna metoda wy\u015bwietlania materia\u0142\u00f3w wizualnych na stronie internetowej. Wid\u017cet zamienia pliki PDF w interaktywne magazyny z animowanymi obrazkami i przyjazn\u0105 dla u\u017cytkownika nawigacj\u0105. S\u0142u\u017cy do prezentowania czasopism, katalog\u00f3w, instrukcji i materia\u0142\u00f3w promocyjnych w przyjemny dla czytelnika spos\u00f3b, zwi\u0119kszaj\u0105c w ten spos\u00f3b \u015bwiadomo\u015b\u0107 marki i dost\u0119pno\u015b\u0107 tre\u015bci. <\/p><p>Mo\u017cesz szybko wys\u0142a\u0107 link do swojego magazynu PDF, udost\u0119pni\u0107 go w mediach spo\u0142eczno\u015bciowych i zapewni\u0107 u\u017cytkownikom prosty spos\u00f3b na jego wydrukowanie lub pobranie. Ponadto wid\u017cet jest w pe\u0142ni konfigurowalny, aby dopasowa\u0107 go do stylu Twojej strony internetowej lub marki. Flipbook \u0142aduje si\u0119 natychmiast na Twoich stronach i wygl\u0105da niesamowicie z ka\u017cdego urz\u0105dzenia. <\/p><p><b>Zorganizuj sw\u00f3j osobisty katalog, aby \u0142adniej zaprezentowa\u0107 swoje produkty i osi\u0105gni\u0119cia. <\/b><\/p><\/div> <div class=\"application-platform-content-item-features application-platform-content-item\" id=\"features\" data-nav-section=\"features\"> <h2>Oto g\u0142\u00f3wne cechy wid\u017cetu: <\/h2><ul><li><b>Realistyczne przewracanie stron dodanego pliku PDF. <\/b> Wystarczy doda\u0107 dowolny plik PDF, aby go animowa\u0107 za pomoc\u0105 realistycznych efekt\u00f3w przewracania stron i d\u017awi\u0119k\u00f3w papieru, co zapewni przyjemne wra\u017cenia klienta. <\/li><li><b>Wyszukiwanie, powi\u0119kszanie i pomniejszanie, przeskakiwanie do pocz\u0105tku lub ko\u0144ca. <\/b>Flipbook oferuje wiele interaktywnych przycisk\u00f3w i element\u00f3w do pracy z broszur\u0105 i jej p\u0142ynnego przegl\u0105dania. <\/li><li><b>Udost\u0119pniaj, pobieraj lub drukuj broszur\u0119 bez wysi\u0142ku. <\/b>\u0141atwo jest wys\u0142a\u0107 link do katalogu, udost\u0119pni\u0107 go za po\u015brednictwem medi\u00f3w spo\u0142eczno\u015bciowych lub zapewni\u0107 mo\u017cliwo\u015b\u0107 pobrania i wydrukowania dla widza. <\/li><li><b>Wi\u0119cej tryb\u00f3w wy\u015bwietlania dla atrakcyjnej prezentacji. <\/b>W Flipbooku dost\u0119pne s\u0105 tryby widoku miniatur, pojedynczej strony i pe\u0142nego ekranu, kt\u00f3re jeszcze bardziej usprawniaj\u0105 nawigacj\u0119. <\/li><li><b>Zaawansowane dostosowywanie, optymalizacja i lokalizacja. <\/b>Flipbook oferuje r\u00f3\u017cne ustawienia dostosowywania, wygl\u0105da niesamowicie na ka\u017cdym urz\u0105dzeniu i jest dost\u0119pny w 76 krajach. <\/li><\/ul><p><a href=\"#demo\">Wystarczy wypr\u00f3bowa\u0107 t\u0119 wersj\u0119 demonstracyjn\u0105, aby uzyska\u0107 pe\u0142ny obraz<\/a><\/p><\/div> <div class=\"application-platform-content-item-installation application-platform-content-item\" id=\"installation\" data-nav-section=\"installation\"> <h2>Jak mog\u0119 zintegrowa\u0107 Flipbook z moj\u0105 witryn\u0105 Jimdo? <\/h2><p>Oferujemy prosty spos\u00f3b na skonfigurowanie wid\u017cetu na Twojej witrynie Jimdo. Zajmie to tylko kilka minut i nie wymaga kodowania.<\/p> <ol><li><strong>Utw\u00f3rz sw\u00f3j osobisty wid\u017cet Flipbook<\/strong><br> Zacznij od dowolnego szablonu w edytorze, po\u0142\u0105cz sw\u00f3j profil lub \u017c\u0105dane hashtagi i dostosuj wid\u017cet do preferowanego stylu i opcji. <\/li><li><strong>Otrzymaj osobisty kod do osadzenia wid\u017cetu<\/strong><br> Gdy tylko sko\u0144czysz tworzy\u0107 wid\u017cet, otrzymasz indywidualny kod HTML na swoim pulpicie. Skopiuj ten kod, kt\u00f3ry zawiera wszystkie informacje o dostosowaniu wid\u017cetu. <\/li> <li><strong>Wy\u015bwietl wid\u017cet na swojej stronie internetowej Jimdo<\/strong><br> Wybierz obszary swojej strony internetowej, w kt\u00f3rych chcesz wy\u015bwietli\u0107 wid\u017cet i wklej tam kod. Zapisz zmiany. <\/li> <\/ol><p>Gotowe! Teraz sprawd\u017a, jak wid\u017cet dzia\u0142a na Twojej stronie internetowej. <\/p><p>Je\u015bli masz jakiekolwiek problemy z osadzeniem wid\u017cetu na stronie internetowej, skontaktuj si\u0119 z naszymi mened\u017cerami wsparcia. Ch\u0119tnie przeprowadzimy Ci\u0119 przez proces dodawania i zarz\u0105dzania Twoim Flipbookiem.<\/p><\/div>","protected":false},"excerpt":{"rendered":"","protected":false},"author":9,"featured_media":0,"parent":8191,"menu_order":0,"comment_status":"closed","ping_status":"closed","template":"templates\/template-application-platform.php","meta":{"publish_to_discourse":"","publish_post_category":"","wpdc_auto_publish_overridden":"","wpdc_topic_tags":"","wpdc_pin_topic":"","wpdc_pin_until":"","discourse_post_id":"","discourse_permalink":"","wpdc_publishing_response":"","wpdc_publishing_error":"","footnotes":""},"class_list":["post-8638","page","type-page","status-publish","hentry"],"yoast_head":"<!-- This site is optimized with the Yoast SEO plugin v25.3.1 - https:\/\/yoast.com\/wordpress\/plugins\/seo\/ -->\n<title>Wid\u017cet Flipbook dla Jimdo \u2014 osadzanie animowanych ksi\u0105\u017cek na stronie internetowej<\/title>\n<meta name=\"description\" content=\"Dodaj p\u0142ynny wid\u017cet Flipbook na swojej stronie Jimdo. Sprawd\u017a przyjazn\u0105 dla u\u017cytkownika wersj\u0119 demonstracyjn\u0105 Elfsight, aby bez wysi\u0142ku zbudowa\u0107 w\u0142asne rozwi\u0105zanie.\" \/>\n<meta name=\"robots\" content=\"index, follow, max-snippet:-1, max-image-preview:large, max-video-preview:-1\" \/>\n<link rel=\"canonical\" href=\"https:\/\/elfsight.com\/pl\/flipbook-widget\/jimdo\/\" \/>\n<meta property=\"og:locale\" content=\"pl_PL\" \/>\n<meta property=\"og:type\" content=\"article\" \/>\n<meta property=\"og:title\" content=\"Wid\u017cet Flipbook dla Jimdo \u2014 osadzanie animowanych ksi\u0105\u017cek na stronie internetowej\" \/>\n<meta property=\"og:description\" content=\"Dodaj p\u0142ynny wid\u017cet Flipbook na swojej stronie Jimdo. Sprawd\u017a przyjazn\u0105 dla u\u017cytkownika wersj\u0119 demonstracyjn\u0105 Elfsight, aby bez wysi\u0142ku zbudowa\u0107 w\u0142asne rozwi\u0105zanie.\" \/>\n<meta property=\"og:url\" content=\"https:\/\/elfsight.com\/pl\/flipbook-widget\/jimdo\/\" \/>\n<meta property=\"og:site_name\" content=\"Elfsight PL\" \/>\n<meta property=\"article:modified_time\" content=\"2025-05-30T12:44:00+00:00\" \/>\n<meta name=\"twitter:card\" content=\"summary_large_image\" \/>\n<meta name=\"twitter:label1\" content=\"Szacowany czas czytania\" \/>\n\t<meta name=\"twitter:data1\" content=\"3 minuty\" \/>\n<!-- \/ Yoast SEO plugin. -->","yoast_head_json":{"title":"Wid\u017cet Flipbook dla Jimdo \u2014 osadzanie animowanych ksi\u0105\u017cek na stronie internetowej","description":"Dodaj p\u0142ynny wid\u017cet Flipbook na swojej stronie Jimdo. Sprawd\u017a przyjazn\u0105 dla u\u017cytkownika wersj\u0119 demonstracyjn\u0105 Elfsight, aby bez wysi\u0142ku zbudowa\u0107 w\u0142asne rozwi\u0105zanie.","robots":{"index":"index","follow":"follow","max-snippet":"max-snippet:-1","max-image-preview":"max-image-preview:large","max-video-preview":"max-video-preview:-1"},"canonical":"https:\/\/elfsight.com\/pl\/flipbook-widget\/jimdo\/","og_locale":"pl_PL","og_type":"article","og_title":"Wid\u017cet Flipbook dla Jimdo \u2014 osadzanie animowanych ksi\u0105\u017cek na stronie internetowej","og_description":"Dodaj p\u0142ynny wid\u017cet Flipbook na swojej stronie Jimdo. Sprawd\u017a przyjazn\u0105 dla u\u017cytkownika wersj\u0119 demonstracyjn\u0105 Elfsight, aby bez wysi\u0142ku zbudowa\u0107 w\u0142asne rozwi\u0105zanie.","og_url":"https:\/\/elfsight.com\/pl\/flipbook-widget\/jimdo\/","og_site_name":"Elfsight PL","article_modified_time":"2025-05-30T12:44:00+00:00","twitter_card":"summary_large_image","twitter_misc":{"Szacowany czas czytania":"3 minuty"},"schema":{"@context":"https:\/\/schema.org","@graph":[{"@type":"WebPage","@id":"https:\/\/elfsight.com\/pl\/flipbook-widget\/jimdo\/","url":"https:\/\/elfsight.com\/pl\/flipbook-widget\/jimdo\/","name":"Wid\u017cet Flipbook dla Jimdo \u2014 osadzanie animowanych ksi\u0105\u017cek na stronie internetowej","isPartOf":{"@id":"https:\/\/elfsight.com\/pl\/#website"},"datePublished":"2024-08-02T07:31:43+00:00","dateModified":"2025-05-30T12:44:00+00:00","description":"Dodaj p\u0142ynny wid\u017cet Flipbook na swojej stronie Jimdo. Sprawd\u017a przyjazn\u0105 dla u\u017cytkownika wersj\u0119 demonstracyjn\u0105 Elfsight, aby bez wysi\u0142ku zbudowa\u0107 w\u0142asne rozwi\u0105zanie.","breadcrumb":{"@id":"https:\/\/elfsight.com\/pl\/flipbook-widget\/jimdo\/#breadcrumb"},"inLanguage":"pl-PL","potentialAction":[{"@type":"ReadAction","target":["https:\/\/elfsight.com\/pl\/flipbook-widget\/jimdo\/"]}]},{"@type":"BreadcrumbList","@id":"https:\/\/elfsight.com\/pl\/flipbook-widget\/jimdo\/#breadcrumb","itemListElement":[{"@type":"ListItem","position":1,"name":"Home","item":"https:\/\/elfsight.com\/pl\/"},{"@type":"ListItem","position":2,"name":"Flipbook","item":"https:\/\/elfsight.com\/pl\/flipbook-widget\/"},{"@type":"ListItem","position":3,"name":"Flipbook &#8211; Jimdo"}]},{"@type":"WebSite","@id":"https:\/\/elfsight.com\/pl\/#website","url":"https:\/\/elfsight.com\/pl\/","name":"Elfsight PL","description":"Just another Elfsight Sites site","potentialAction":[{"@type":"SearchAction","target":{"@type":"EntryPoint","urlTemplate":"https:\/\/elfsight.com\/pl\/?s={search_term_string}"},"query-input":{"@type":"PropertyValueSpecification","valueRequired":true,"valueName":"search_term_string"}}],"inLanguage":"pl-PL"}]}},"meta_box":{"industry":"","seo_heading":"","heading":"","description":"","cta_heading":"","cta_description":"","application":"8186","h1":"Wid\u017cet Jimdo Flipbook","h1_caption":"Konwertuj pliki PDF lub obrazy na interaktywne ksi\u0105\u017cki typu flipbook, oferuj\u0105c bardziej anga\u017cuj\u0105cy spos\u00f3b prezentowania dokument\u00f3w lub katalog\u00f3w na swojej stronie internetowej Jimdo.","application_category":[],"applications_title":"","applications_request_title":"","applications_request_button_text":"","hero_text":"","hero_video":"","hero_video_schema_markup":"","selling_points_title":"","selling_points_caption":"","selling_points":[],"selling_points_cta_text":"","features_title":"","features":"","ed_cta_examples_text":"","ed_cta_examples_hidden":"","ed_cta_demo_text":"","ed_cta_demo_hidden":"","why_caption":"","why_editor_title":"","why_editor_text":"","why_team_title":"","why_team_text":"","why_service_title":"","why_service_text":"","template_catalog_visible":"","template_catalog_title":"","template_catalog_text":"","template_catalog_categories_visible":"","demo_title":"Utw\u00f3rz sw\u00f3j wid\u017cet Flipbook","demo_caption":"Skonfiguruj sw\u00f3j Flipbook i dodaj go bezp\u0142atnie do swojej witryny Jimdo!","default_faq_hidden":"","app_template_category":[],"platform":"193","template_public_id":"","codecanyon_url":"","codecanyon_item_id":"","codecanyon_price":"","pricing_caption":"","pricing_elfsight_apps_hide_column":"","pricing_elfsight_apps_url":"","pricing_codecanyon_price_caption":"","integration_category":[],"integration_request_title":"","integration_request_cta":"","integration_platform":"","integrations":[],"platform_category":[],"video_schema_markup":"","price":"od 0 z\u0142\/miesi\u0105c","trial":"","benefits":[{"text":"Bezp\u0142atna pomoc w instalacji"},{"text":"Kompetentna obs\u0142uga klienta"},{"text":"14-dniowa gwarancja zwrotu pieni\u0119dzy"},{"text":"Ci\u0105g\u0142y rozw\u00f3j"}],"button_url":"#demo","button_target_blank":"0","button_nofollow":"","attributes":[{"name":"Instaluje","content":"50,000 - 100,000","_state":""},{"name":"Czu\u0142y","content":"Tak","_state":""},{"name":"Kompatybilne przegl\u0105darki","content":"Firefox, Safari, Opera, Chrome, Edge","_state":""}],"tags":[],"tags_disable_links":"","hide_more_platforms":"","video_object":"","demo_hide_cta":"","demo_hide_cloud_options":"","pricing_title":"","pricing":[{"pricing_icon":"platform","pricing_title":"Elfsight Apps","pricing_title_caption":"Rozwi\u0105zanie niezale\u017cne od platformy, kt\u00f3re dzia\u0142a na ka\u017cdej stronie internetowej","pricing_price":"od 0 z\u0142\/miesi\u0105c","pricing_price_caption":"zacznij od darmowego planu","pricing_benefits":[{"text":"Nielimitowane strony internetowe"},{"text":"Dedykowane wsparcie"},{"text":"Bezp\u0142atne wsparcie instalacyjne"},{"text":"100% konfigurowalny"}],"pricing_button_text":"Dodaj do witryny","pricing_button_url":"#demo"}],"related_apps_title":"","related_apps_hidden":"","author":"","image":[],"title":"","job":"","social_networks":[]},"_links":{"self":[{"href":"https:\/\/elfsight.com\/pl\/wp-json\/wp\/v2\/pages\/8638","targetHints":{"allow":["GET"]}}],"collection":[{"href":"https:\/\/elfsight.com\/pl\/wp-json\/wp\/v2\/pages"}],"about":[{"href":"https:\/\/elfsight.com\/pl\/wp-json\/wp\/v2\/types\/page"}],"author":[{"embeddable":true,"href":"https:\/\/elfsight.com\/pl\/wp-json\/wp\/v2\/users\/9"}],"replies":[{"embeddable":true,"href":"https:\/\/elfsight.com\/pl\/wp-json\/wp\/v2\/comments?post=8638"}],"version-history":[{"count":2,"href":"https:\/\/elfsight.com\/pl\/wp-json\/wp\/v2\/pages\/8638\/revisions"}],"predecessor-version":[{"id":10060,"href":"https:\/\/elfsight.com\/pl\/wp-json\/wp\/v2\/pages\/8638\/revisions\/10060"}],"up":[{"embeddable":true,"href":"https:\/\/elfsight.com\/pl\/wp-json\/wp\/v2\/pages\/8191"}],"wp:attachment":[{"href":"https:\/\/elfsight.com\/pl\/wp-json\/wp\/v2\/media?parent=8638"}],"curies":[{"name":"wp","href":"https:\/\/api.w.org\/{rel}","templated":true}]}}