{"id":8622,"date":"2024-09-30T18:27:29","date_gmt":"2024-09-30T18:27:29","guid":{"rendered":"https:\/\/elfsight.com\/pl\/?page_id=8622"},"modified":"2025-06-06T10:00:35","modified_gmt":"2025-06-06T10:00:35","slug":"elementor","status":"publish","type":"page","link":"https:\/\/elfsight.com\/pl\/blog-widget\/elementor\/","title":{"rendered":"Blog &#8211; Elementor"},"content":{"rendered":"\n<div class=\"application-platform-content-item-description application-platform-content-item\" id=\"description\" data-nav-section=\"description\">\n<h2>Osad\u017a bloga w Elementorze za pomoc\u0105 wid\u017cetu Elfsight<\/h2>\n<p>Widget Blog usprawnia strategi\u0119 dotycz\u0105c\u0105 tre\u015bci Twojej witryny i zaanga\u017cowanie odbiorc\u00f3w. Tw\u00f3rz i zarz\u0105dzaj wci\u0105gaj\u0105cymi artyku\u0142ami z elementami multimedialnymi, prezentuj popularne posty za pomoc\u0105 dynamicznych suwak\u00f3w i upewnij si\u0119, \u017ce Twoje tre\u015bci wygl\u0105daj\u0105 \u015bwietnie na ka\u017cdym urz\u0105dzeniu. Pisanie i zarz\u0105dzanie tre\u015bci\u0105 bloga nigdy nie by\u0142o prostsze i wydajniejsze.<\/p>\n<p>Dodawanie nowych artyku\u0142\u00f3w dzi\u0119ki wid\u017cetowi Blog jest niezwykle \u0142atwe \u2014 wystarczy jedno klikni\u0119cie, a publikacja jest ju\u017c dost\u0119pna. Mo\u017cesz \u0142atwo rozpowszechnia\u0107 posty za pomoc\u0105 bezpo\u015brednich link\u00f3w, a dzi\u0119ki wbudowanej sztucznej inteligencji mo\u017cesz nie tylko bez wysi\u0142ku tworzy\u0107 artyku\u0142y, ale tak\u017ce generowa\u0107 zdj\u0119cia, aby ulepszy\u0107 swoje posty. Ten widget pozwala podzieli\u0107 si\u0119 histori\u0105 Twojej firmy i ugruntowa\u0107 pozycj\u0119 Twojej firmy jako autorytetu w bran\u017cy.<\/p>\n<p><strong>Utw\u00f3rz sw\u00f3j osobisty blok z postami, aby przyci\u0105gn\u0105\u0107 klient\u00f3w i zaprezentowa\u0107 mistrzostwo swojej marki!<\/strong><\/p>\n<\/div>\n\n<div class=\"application-platform-content-item-features application-platform-content-item\" id=\"features\" data-nav-section=\"features\">\n<h2>Podstawowe funkcje widgetu obejmuj\u0105<\/h2>\n<ul>\n  <li><strong>\u0141atwe dodawanie bloga do wszystkich stron internetowych.<\/strong> Zacznij tworzy\u0107 sw\u00f3j unikalny wid\u017cet bloga, kt\u00f3ry zapewni doskona\u0142e dzia\u0142anie w ka\u017cdym kreatorze stron internetowych.<\/li>\n  <li><strong>Korzystaj ze sztucznej inteligencji, aby regularnie generowa\u0107 tre\u015bci.<\/strong> Funkcje AI wid\u017cetu zapewniaj\u0105 pot\u0119\u017cne mo\u017cliwo\u015bci regularnej aktualizacji tre\u015bci i szybkiego publikowania post\u00f3w.<\/li>\n  <li><strong>Tw\u00f3rz posty za pomoc\u0105 intuicyjnego edytora.<\/strong> Nasz edytor dzia\u0142aj\u0105cy podobnie do Notion pozwala \u0142atwo zbudowa\u0107 artyku\u0142 bez dodatkowych podr\u0119cznik\u00f3w.<\/li>\n  <li><strong>Dodawaj r\u00f3\u017cne elementy do dekoracji artyku\u0142\u00f3w.<\/strong> Edytor bloga dysponuje szerok\u0105 gam\u0105 element\u00f3w tekstowych i wizualnych, dzi\u0119ki kt\u00f3rym mo\u017cna stworzy\u0107 bogaty i wci\u0105gaj\u0105cy post.<\/li>\n  <li><strong>Udost\u0119pniaj posty za pomoc\u0105 bezpo\u015bredniego linku.<\/strong> Ka\u017cdy post b\u0119dzie mia\u0142 unikalny adres URL, kt\u00f3ry mo\u017cesz udost\u0119pni\u0107, aby uzyska\u0107 dodatkowe wy\u015bwietlenia i zaanga\u017cowanie.<\/li>\n<\/ul>\n<p><a href=\"#demo\">Wszystkie dostosowania naszego wid\u017cetu mo\u017cesz sprawdzi\u0107 w wersji demonstracyjnej bezpo\u015brednio na tej stronie<\/a><\/p>\n<\/div>\n\n<div class=\"application-platform-content-item-installation application-platform-content-item\" id=\"installation\" data-nav-section=\"installation\"><\/div>\n<h2>Jak osadzi\u0107 blog na mojej stronie Elementora?<\/h2>\n<p>Znajd\u017a prosty spos\u00f3b na umieszczenie wid\u017cetu na swojej stronie Elementora. Zajmie to tylko kilka minut i nie wymaga \u017cadnego kodowania.<\/p>\n<ol>\n  <li><strong>Utw\u00f3rz sw\u00f3j indywidualny wid\u017cet bloga<\/strong><br>Zacznij od dowolnego szablonu w wersji demonstracyjnej, pracuj z wygodnymi elementami edytora i dostosuj wid\u017cet do po\u017c\u0105danego stylu i ustawienia.<\/li>\n  <li><strong>Uzyskaj osobisty kod umo\u017cliwiaj\u0105cy osadzenie wid\u017cetu<\/strong><br>Gdy tylko uko\u0144czysz tworzenie wid\u017cetu, otrzymasz indywidualny kod HTML na swoim panelu kontrolnym. Skopiuj ten kod, kt\u00f3ry zawiera wszystkie szczeg\u00f3\u0142y dotycz\u0105ce Twoich dostosowa\u0144.<\/li>\n  <li><strong>Wy\u015bwietl wid\u017cet na swojej stronie Elementora<\/strong><br>Wybierz obszary swojej witryny, w kt\u00f3rych chcesz wy\u015bwietli\u0107 Blog, i wklej tam kod. Zapisz zmiany.<\/li>\n<\/ol>\n<p>Gotowe! Teraz sprawd\u017a, jak widget radzi sobie na Twojej stronie.<\/p>\n<p>Je\u015bli podczas osadzania wid\u017cetu na stronie internetowej wyst\u0105pi\u0105 jakiekolwiek niedogodno\u015bci, po prostu skontaktuj si\u0119 z naszym centrum pomocy. Ch\u0119tnie pomo\u017cemy Ci w dodaniu i dostosowaniu Twojego bloga.<\/p>\n\n","protected":false},"excerpt":{"rendered":"Jak osadzi\u0107 blog na mojej stronie Elementora? Znajd\u017a prosty spos\u00f3b na umieszczenie wid\u017cetu na swojej stronie Elementora. Zajmie to tylko kilka minut i nie wymaga \u017cadnego kodowania. Utw\u00f3rz sw\u00f3j indywidualny wid\u017cet blogaZacznij od dowolnego szablonu w wersji demonstracyjnej, pracuj z wygodnymi elementami edytora i dostosuj wid\u017cet do po\u017c\u0105danego stylu i&#8230;","protected":false},"author":9,"featured_media":0,"parent":8193,"menu_order":0,"comment_status":"closed","ping_status":"closed","template":"templates\/template-application-platform.php","meta":{"publish_to_discourse":"","publish_post_category":"","wpdc_auto_publish_overridden":"","wpdc_topic_tags":"","wpdc_pin_topic":"","wpdc_pin_until":"","discourse_post_id":"","discourse_permalink":"","wpdc_publishing_response":"","wpdc_publishing_error":"","footnotes":""},"class_list":["post-8622","page","type-page","status-publish","hentry"],"yoast_head":"<!-- This site is optimized with the Yoast SEO plugin v25.3.1 - https:\/\/yoast.com\/wordpress\/plugins\/seo\/ -->\n<title>Wid\u017cet Blog Elementor - Dodaj Blog do swojej witryny Elementor [Bezp\u0142atny]<\/title>\n<meta name=\"description\" content=\"Dodaj p\u0142ynn\u0105 aplikacj\u0119 Blog do swojej witryny Shopify. Skorzystaj z wersji demonstracyjnej online Elfsight, aby bez wysi\u0142ku wygenerowa\u0107 swoje indywidualne rozwi\u0105zanie.\" \/>\n<meta name=\"robots\" content=\"index, follow, max-snippet:-1, max-image-preview:large, max-video-preview:-1\" \/>\n<link rel=\"canonical\" href=\"https:\/\/elfsight.com\/pl\/blog-widget\/elementor\/\" \/>\n<meta property=\"og:locale\" content=\"pl_PL\" \/>\n<meta property=\"og:type\" content=\"article\" \/>\n<meta property=\"og:title\" content=\"Wid\u017cet Blog Elementor - Dodaj Blog do swojej witryny Elementor [Bezp\u0142atny]\" \/>\n<meta property=\"og:description\" content=\"Dodaj p\u0142ynn\u0105 aplikacj\u0119 Blog do swojej witryny Shopify. Skorzystaj z wersji demonstracyjnej online Elfsight, aby bez wysi\u0142ku wygenerowa\u0107 swoje indywidualne rozwi\u0105zanie.\" \/>\n<meta property=\"og:url\" content=\"https:\/\/elfsight.com\/pl\/blog-widget\/elementor\/\" \/>\n<meta property=\"og:site_name\" content=\"Elfsight PL\" \/>\n<meta property=\"article:modified_time\" content=\"2025-06-06T10:00:35+00:00\" \/>\n<meta name=\"twitter:card\" content=\"summary_large_image\" \/>\n<meta name=\"twitter:label1\" content=\"Szacowany czas czytania\" \/>\n\t<meta name=\"twitter:data1\" content=\"3 minuty\" \/>\n<!-- \/ Yoast SEO plugin. -->","yoast_head_json":{"title":"Wid\u017cet Blog Elementor - Dodaj Blog do swojej witryny Elementor [Bezp\u0142atny]","description":"Dodaj p\u0142ynn\u0105 aplikacj\u0119 Blog do swojej witryny Shopify. Skorzystaj z wersji demonstracyjnej online Elfsight, aby bez wysi\u0142ku wygenerowa\u0107 swoje indywidualne rozwi\u0105zanie.","robots":{"index":"index","follow":"follow","max-snippet":"max-snippet:-1","max-image-preview":"max-image-preview:large","max-video-preview":"max-video-preview:-1"},"canonical":"https:\/\/elfsight.com\/pl\/blog-widget\/elementor\/","og_locale":"pl_PL","og_type":"article","og_title":"Wid\u017cet Blog Elementor - Dodaj Blog do swojej witryny Elementor [Bezp\u0142atny]","og_description":"Dodaj p\u0142ynn\u0105 aplikacj\u0119 Blog do swojej witryny Shopify. Skorzystaj z wersji demonstracyjnej online Elfsight, aby bez wysi\u0142ku wygenerowa\u0107 swoje indywidualne rozwi\u0105zanie.","og_url":"https:\/\/elfsight.com\/pl\/blog-widget\/elementor\/","og_site_name":"Elfsight PL","article_modified_time":"2025-06-06T10:00:35+00:00","twitter_card":"summary_large_image","twitter_misc":{"Szacowany czas czytania":"3 minuty"},"schema":{"@context":"https:\/\/schema.org","@graph":[{"@type":"WebPage","@id":"https:\/\/elfsight.com\/pl\/blog-widget\/elementor\/","url":"https:\/\/elfsight.com\/pl\/blog-widget\/elementor\/","name":"Wid\u017cet Blog Elementor - Dodaj Blog do swojej witryny Elementor [Bezp\u0142atny]","isPartOf":{"@id":"https:\/\/elfsight.com\/pl\/#website"},"datePublished":"2024-09-30T18:27:29+00:00","dateModified":"2025-06-06T10:00:35+00:00","description":"Dodaj p\u0142ynn\u0105 aplikacj\u0119 Blog do swojej witryny Shopify. Skorzystaj z wersji demonstracyjnej online Elfsight, aby bez wysi\u0142ku wygenerowa\u0107 swoje indywidualne rozwi\u0105zanie.","breadcrumb":{"@id":"https:\/\/elfsight.com\/pl\/blog-widget\/elementor\/#breadcrumb"},"inLanguage":"pl-PL","potentialAction":[{"@type":"ReadAction","target":["https:\/\/elfsight.com\/pl\/blog-widget\/elementor\/"]}]},{"@type":"BreadcrumbList","@id":"https:\/\/elfsight.com\/pl\/blog-widget\/elementor\/#breadcrumb","itemListElement":[{"@type":"ListItem","position":1,"name":"Home","item":"https:\/\/elfsight.com\/pl\/"},{"@type":"ListItem","position":2,"name":"Blog","item":"https:\/\/elfsight.com\/pl\/blog-widget\/"},{"@type":"ListItem","position":3,"name":"Blog &#8211; Elementor"}]},{"@type":"WebSite","@id":"https:\/\/elfsight.com\/pl\/#website","url":"https:\/\/elfsight.com\/pl\/","name":"Elfsight PL","description":"Just another Elfsight Sites site","potentialAction":[{"@type":"SearchAction","target":{"@type":"EntryPoint","urlTemplate":"https:\/\/elfsight.com\/pl\/?s={search_term_string}"},"query-input":{"@type":"PropertyValueSpecification","valueRequired":true,"valueName":"search_term_string"}}],"inLanguage":"pl-PL"}]}},"meta_box":{"industry":"","seo_heading":"","heading":"","description":"","cta_heading":"","cta_description":"","application":"8188","h1":"Wid\u017cet bloga Elementora","h1_caption":"Z \u0142atwo\u015bci\u0105 wy\u015bwietlaj posty na blogu w swojej witrynie dzi\u0119ki konfigurowalnemu uk\u0142adowi, zapewniaj\u0105cemu dynamiczny i wci\u0105gaj\u0105cy spos\u00f3b udost\u0119pniania tre\u015bci i \u0142atwego informowania odwiedzaj\u0105cych o Twojej witrynie Elementor.","application_category":[],"applications_title":"","applications_request_title":"","applications_request_button_text":"","hero_text":"","hero_video":"","hero_video_schema_markup":"","selling_points_title":"","selling_points_caption":"","selling_points":[],"selling_points_cta_text":"","features_title":"","features":"","ed_cta_examples_text":"","ed_cta_examples_hidden":"","ed_cta_demo_text":"","ed_cta_demo_hidden":"","why_caption":"","why_editor_title":"","why_editor_text":"","why_team_title":"","why_team_text":"","why_service_title":"","why_service_text":"","template_catalog_visible":"0","template_catalog_title":"","template_catalog_text":"","template_catalog_categories_visible":"","demo_title":"Utw\u00f3rz wid\u017cet bloga","demo_caption":"Skonfiguruj swojego bloga i dodaj go do swojej witryny Elementor za darmo!","default_faq_hidden":"","app_template_category":[],"platform":"268","template_public_id":"","codecanyon_url":"","codecanyon_item_id":"","codecanyon_price":"","pricing_caption":"","pricing_elfsight_apps_hide_column":"","pricing_elfsight_apps_url":"","pricing_codecanyon_price_caption":"","integration_category":[],"integration_request_title":"","integration_request_cta":"","integration_platform":"","integrations":[],"platform_category":[],"video_schema_markup":"","price":"od 0 USD \/ miesi\u0105c","trial":"","benefits":[{"text":"Bezp\u0142atna pomoc w monta\u017cu"},{"text":"Kompetentna obs\u0142uga klienta"},{"text":"14-dniowa gwarancja zwrotu pieni\u0119dzy"},{"text":"Ci\u0105g\u0142e ulepszenia"}],"button_url":"#demo","button_target_blank":"0","button_nofollow":"0","attributes":[{"name":"Zainstalowa\u0107","content":"50,000 - 100,000"},{"name":"Czu\u0142y","content":"Tak"},{"name":"Kompatybilne przegl\u0105darki","content":"Firefox, Safari, Opera, Chrome, Edge"}],"tags":[],"tags_disable_links":"0","hide_more_platforms":"0","video_object":"","demo_hide_cta":"0","demo_hide_cloud_options":"0","pricing_title":"","pricing":[{"pricing_icon":"platform","pricing_title":"Elfsight Apps","pricing_title_caption":"Wieloplatformowe rozwi\u0105zanie cyfrowe","pricing_price":"od 0 USD \/ miesi\u0105c","pricing_price_caption":"zacznij od darmowego planu","pricing_benefits":[{"text":"Nielimitowane strony internetowe"},{"text":"Bezp\u0142atna obs\u0142uga klienta"},{"text":"Bezp\u0142atne wsparcie przy instalacji"},{"text":"Elastyczny projekt"}],"pricing_button_text":"Dodaj do witryny","pricing_button_url":"#demo"}],"related_apps_title":"","related_apps_hidden":"0","author":"","image":[],"title":"","job":"","social_networks":[]},"_links":{"self":[{"href":"https:\/\/elfsight.com\/pl\/wp-json\/wp\/v2\/pages\/8622","targetHints":{"allow":["GET"]}}],"collection":[{"href":"https:\/\/elfsight.com\/pl\/wp-json\/wp\/v2\/pages"}],"about":[{"href":"https:\/\/elfsight.com\/pl\/wp-json\/wp\/v2\/types\/page"}],"author":[{"embeddable":true,"href":"https:\/\/elfsight.com\/pl\/wp-json\/wp\/v2\/users\/9"}],"replies":[{"embeddable":true,"href":"https:\/\/elfsight.com\/pl\/wp-json\/wp\/v2\/comments?post=8622"}],"version-history":[{"count":3,"href":"https:\/\/elfsight.com\/pl\/wp-json\/wp\/v2\/pages\/8622\/revisions"}],"predecessor-version":[{"id":10093,"href":"https:\/\/elfsight.com\/pl\/wp-json\/wp\/v2\/pages\/8622\/revisions\/10093"}],"up":[{"embeddable":true,"href":"https:\/\/elfsight.com\/pl\/wp-json\/wp\/v2\/pages\/8193"}],"wp:attachment":[{"href":"https:\/\/elfsight.com\/pl\/wp-json\/wp\/v2\/media?parent=8622"}],"curies":[{"name":"wp","href":"https:\/\/api.w.org\/{rel}","templated":true}]}}