{"id":8615,"date":"2024-09-30T18:27:29","date_gmt":"2024-09-30T18:27:29","guid":{"rendered":"https:\/\/elfsight.com\/pl\/?page_id=8615"},"modified":"2024-12-17T13:07:54","modified_gmt":"2024-12-17T13:07:54","slug":"joomla","status":"publish","type":"page","link":"https:\/\/elfsight.com\/pl\/blog-widget\/joomla\/","title":{"rendered":"blog &#8211; joomla"},"content":{"rendered":"<div class=\"application-platform-content-item-description application-platform-content-item\" id=\"description\" data-nav-section=\"description\"> <h2>Osad\u017a bloga w Joomla za pomoc\u0105 rozszerzenia Elfsight<\/h2> <p>Rozszerzenie Blog zwi\u0119ksza strategi\u0119 dotycz\u0105c\u0105 tre\u015bci Twojej witryny i zaanga\u017cowanie odbiorc\u00f3w. Tw\u00f3rz i zarz\u0105dzaj wci\u0105gaj\u0105cymi artyku\u0142ami z elementami multimedialnymi, prezentuj popularne posty za pomoc\u0105 dynamicznych suwak\u00f3w i upewnij si\u0119, \u017ce Twoje tre\u015bci wygl\u0105daj\u0105 \u015bwietnie na ka\u017cdym urz\u0105dzeniu. Pisanie i zarz\u0105dzanie tre\u015bci\u0105 bloga nigdy nie by\u0142o prostsze i wydajniejsze. <\/p><p>Dodawanie nowych post\u00f3w dzi\u0119ki rozszerzeniu Blog jest niezwykle proste \u2014 wystarczy jedno klikni\u0119cie, a publikacja b\u0119dzie ju\u017c dost\u0119pna. Mo\u017cesz \u0142atwo udost\u0119pnia\u0107 posty za pomoc\u0105 bezpo\u015brednich link\u00f3w, a dzi\u0119ki wbudowanej sztucznej inteligencji mo\u017cesz nie tylko tworzy\u0107 artyku\u0142y bez wysi\u0142ku, ale tak\u017ce generowa\u0107 zdj\u0119cia, aby ulepszy\u0107 swoje posty. To rozszerzenie umo\u017cliwia podzielenie si\u0119 histori\u0105 Twojej marki i ugruntowanie pozycji Twojej firmy jako punktu odniesienia w bran\u017cy. <\/p><p><b>Utw\u00f3rz osobist\u0105 sekcj\u0119 z postami, aby zaanga\u017cowa\u0107 odbiorc\u00f3w i zaprezentowa\u0107 mistrzostwo swojej marki! <\/b><\/p><\/div> <div class=\"application-platform-content-item-features application-platform-content-item\" id=\"features\" data-nav-section=\"features\"> <h2>To tylko kilka z wielu funkcji rozszerze\u0144: <\/h2><ul><li><b>Bezproblemowe dodawanie blog do wszystkich stron internetowych. <\/b> Rozpocznij tworzenie niestandardowego rozszerzenia bloga, kt\u00f3re gwarantuje niesamowite dzia\u0142anie w ka\u017cdym kreatorze witryn. <\/li><li><b>Korzystaj ze sztucznej inteligencji, aby regularnie publikowa\u0107 tre\u015bci. <\/b> Funkcje AI rozszerzenia zapewniaj\u0105 prost\u0105 metod\u0119 regularnej aktualizacji tre\u015bci i szybkiego publikowania post\u00f3w. <\/li><li><b>Tw\u00f3rz posty za pomoc\u0105 intuicyjnego edytora. <\/b> Nasz edytor dzia\u0142aj\u0105cy podobnie do Notion pozwala \u0142atwo zbudowa\u0107 artyku\u0142 bez dodatkowych podr\u0119cznik\u00f3w. <\/li><li><b>Dodawaj r\u00f3\u017cne elementy do dekoracji artyku\u0142\u00f3w. <\/b> Tw\u00f3rca bloga dysponuje szerok\u0105 gam\u0105 element\u00f3w tekstowych i wizualnych, dzi\u0119ki kt\u00f3rym powstanie bogaty i atrakcyjny post. <\/li><li><b>Udost\u0119pniaj posty za pomoc\u0105 bezpo\u015bredniego linku.<\/b> Ka\u017cdy post otrzyma unikalny adres URL, kt\u00f3ry mo\u017cesz udost\u0119pni\u0107, aby uzyska\u0107 wi\u0119cej wy\u015bwietle\u0144 i zaanga\u017cowania. <\/li><\/ul><p><a href=\"#demo\">Demonstracja online mo\u017ce pokaza\u0107, jak funkcje i ustawienia dzia\u0142aj\u0105 bezpo\u015brednio na tej stronie<\/a><\/p><\/div> <div class=\"application-platform-content-item-installation application-platform-content-item\" id=\"installation\" data-nav-section=\"installation\"> <h2>Jak mog\u0119 osadzi\u0107 blog na mojej stronie Joomla? <\/h2><p>Oto prosty przewodnik dotycz\u0105cy konfiguracji rozszerzenia w witrynie Joomla. Zajmie to tylko kilka minut i nie wymaga kodowania. <\/p> <ol><li><strong>Stw\u00f3rz swoje indywidualne rozszerzenie bloga<\/strong><br> Rozpocznij od dowolnego szablonu w wersji demonstracyjnej, pracuj z przyjaznymi dla u\u017cytkownika elementami edytora i dopasuj rozszerzenie do swoich potrzeb \u017c\u0105dany projekt i opcje. <\/li><li><strong>Odbierz osobisty kod umo\u017cliwiaj\u0105cy osadzenie rozszerzenia<\/strong><br> Po utworzeniu rozszerzenia otrzymasz indywidualny kod HTML na swoim panelu kontrolnym. Skopiuj ten kod, kt\u00f3ry zawiera wszystkie szczeg\u00f3\u0142y dotycz\u0105ce Twoich ustawie\u0144. <\/li> <li><strong>Wy\u015bwietl rozszerzenie na swojej stronie Joomla<\/strong><br> Wybierz obszary swojej witryny, w kt\u00f3rych chcesz wy\u015bwietli\u0107 Blog, i wklej tam kod. Zapisz zmiany. <\/li> <\/ol><p>To wszystko! Teraz sprawd\u017a jak rozszerzenie dzia\u0142a na Twojej stronie. <\/p><p>W przypadku trudno\u015bci z osadzeniem rozszerzenia na stronie internetowej, prosimy o kontakt z naszym dzia\u0142em obs\u0142ugi klienta. Ch\u0119tnie doradzimy Ci w sprawie dodania Twojego bloga i zarz\u0105dzania nim. <\/p><\/div>","protected":false},"excerpt":{"rendered":"","protected":false},"author":9,"featured_media":0,"parent":8193,"menu_order":0,"comment_status":"closed","ping_status":"closed","template":"templates\/template-application-platform.php","meta":{"publish_to_discourse":"","publish_post_category":"","wpdc_auto_publish_overridden":"","wpdc_topic_tags":"","wpdc_pin_topic":"","wpdc_pin_until":"","discourse_post_id":"","discourse_permalink":"","wpdc_publishing_response":"","wpdc_publishing_error":"","footnotes":""},"class_list":["post-8615","page","type-page","status-publish","hentry"],"yoast_head":"<!-- This site is optimized with the Yoast SEO plugin v25.3.1 - https:\/\/yoast.com\/wordpress\/plugins\/seo\/ -->\n<title>Rozszerzenie Joomla Blog - Dodaj blog do swojej witryny Joomla [Bezp\u0142atne]<\/title>\n<meta name=\"description\" content=\"Dodaj niekodowany wid\u017cet Bloga do swojej witryny iFrame. Skorzystaj z internetowej wersji demonstracyjnej Elfsight, aby bez wysi\u0142ku stworzy\u0107 swoje osobiste rozwi\u0105zanie.\" \/>\n<meta name=\"robots\" content=\"index, follow, max-snippet:-1, max-image-preview:large, max-video-preview:-1\" \/>\n<link rel=\"canonical\" href=\"https:\/\/elfsight.com\/pl\/blog-widget\/joomla\/\" \/>\n<meta property=\"og:locale\" content=\"pl_PL\" \/>\n<meta property=\"og:type\" content=\"article\" \/>\n<meta property=\"og:title\" content=\"Rozszerzenie Joomla Blog - Dodaj blog do swojej witryny Joomla [Bezp\u0142atne]\" \/>\n<meta property=\"og:description\" content=\"Dodaj niekodowany wid\u017cet Bloga do swojej witryny iFrame. Skorzystaj z internetowej wersji demonstracyjnej Elfsight, aby bez wysi\u0142ku stworzy\u0107 swoje osobiste rozwi\u0105zanie.\" \/>\n<meta property=\"og:url\" content=\"https:\/\/elfsight.com\/pl\/blog-widget\/joomla\/\" \/>\n<meta property=\"og:site_name\" content=\"Elfsight PL\" \/>\n<meta property=\"article:modified_time\" content=\"2024-12-17T13:07:54+00:00\" \/>\n<meta name=\"twitter:card\" content=\"summary_large_image\" \/>\n<meta name=\"twitter:label1\" content=\"Szacowany czas czytania\" \/>\n\t<meta name=\"twitter:data1\" content=\"3 minuty\" \/>\n<!-- \/ Yoast SEO plugin. -->","yoast_head_json":{"title":"Rozszerzenie Joomla Blog - Dodaj blog do swojej witryny Joomla [Bezp\u0142atne]","description":"Dodaj niekodowany wid\u017cet Bloga do swojej witryny iFrame. Skorzystaj z internetowej wersji demonstracyjnej Elfsight, aby bez wysi\u0142ku stworzy\u0107 swoje osobiste rozwi\u0105zanie.","robots":{"index":"index","follow":"follow","max-snippet":"max-snippet:-1","max-image-preview":"max-image-preview:large","max-video-preview":"max-video-preview:-1"},"canonical":"https:\/\/elfsight.com\/pl\/blog-widget\/joomla\/","og_locale":"pl_PL","og_type":"article","og_title":"Rozszerzenie Joomla Blog - Dodaj blog do swojej witryny Joomla [Bezp\u0142atne]","og_description":"Dodaj niekodowany wid\u017cet Bloga do swojej witryny iFrame. Skorzystaj z internetowej wersji demonstracyjnej Elfsight, aby bez wysi\u0142ku stworzy\u0107 swoje osobiste rozwi\u0105zanie.","og_url":"https:\/\/elfsight.com\/pl\/blog-widget\/joomla\/","og_site_name":"Elfsight PL","article_modified_time":"2024-12-17T13:07:54+00:00","twitter_card":"summary_large_image","twitter_misc":{"Szacowany czas czytania":"3 minuty"},"schema":{"@context":"https:\/\/schema.org","@graph":[{"@type":"WebPage","@id":"https:\/\/elfsight.com\/pl\/blog-widget\/joomla\/","url":"https:\/\/elfsight.com\/pl\/blog-widget\/joomla\/","name":"Rozszerzenie Joomla Blog - Dodaj blog do swojej witryny Joomla [Bezp\u0142atne]","isPartOf":{"@id":"https:\/\/elfsight.com\/pl\/#website"},"datePublished":"2024-09-30T18:27:29+00:00","dateModified":"2024-12-17T13:07:54+00:00","description":"Dodaj niekodowany wid\u017cet Bloga do swojej witryny iFrame. Skorzystaj z internetowej wersji demonstracyjnej Elfsight, aby bez wysi\u0142ku stworzy\u0107 swoje osobiste rozwi\u0105zanie.","breadcrumb":{"@id":"https:\/\/elfsight.com\/pl\/blog-widget\/joomla\/#breadcrumb"},"inLanguage":"pl-PL","potentialAction":[{"@type":"ReadAction","target":["https:\/\/elfsight.com\/pl\/blog-widget\/joomla\/"]}]},{"@type":"BreadcrumbList","@id":"https:\/\/elfsight.com\/pl\/blog-widget\/joomla\/#breadcrumb","itemListElement":[{"@type":"ListItem","position":1,"name":"Home","item":"https:\/\/elfsight.com\/pl\/"},{"@type":"ListItem","position":2,"name":"Blog","item":"https:\/\/elfsight.com\/pl\/blog-widget\/"},{"@type":"ListItem","position":3,"name":"blog &#8211; joomla"}]},{"@type":"WebSite","@id":"https:\/\/elfsight.com\/pl\/#website","url":"https:\/\/elfsight.com\/pl\/","name":"Elfsight PL","description":"Just another Elfsight Sites site","potentialAction":[{"@type":"SearchAction","target":{"@type":"EntryPoint","urlTemplate":"https:\/\/elfsight.com\/pl\/?s={search_term_string}"},"query-input":{"@type":"PropertyValueSpecification","valueRequired":true,"valueName":"search_term_string"}}],"inLanguage":"pl-PL"}]}},"meta_box":{"industry":"","seo_heading":"","heading":"","description":"","cta_heading":"","cta_description":"","application":"8188","h1":"Dodaj bloga do witryny Joomla","h1_caption":"Z \u0142atwo\u015bci\u0105 wy\u015bwietlaj posty na blogu w swojej witrynie dzi\u0119ki konfigurowalnemu uk\u0142adowi, zapewniaj\u0105cemu dynamiczny i wci\u0105gaj\u0105cy spos\u00f3b udost\u0119pniania tre\u015bci i \u0142atwego informowania odwiedzaj\u0105cych o Twojej witrynie Joomla.","application_category":[],"applications_title":"","applications_request_title":"","applications_request_button_text":"","hero_text":"","hero_video":"","hero_video_schema_markup":"","selling_points_title":"","selling_points_caption":"","selling_points":[],"selling_points_cta_text":"","features_title":"","features":"","ed_cta_examples_text":"","ed_cta_examples_hidden":"","ed_cta_demo_text":"","ed_cta_demo_hidden":"","why_caption":"","why_editor_title":"","why_editor_text":"","why_team_title":"","why_team_text":"","why_service_title":"","why_service_text":"","template_catalog_visible":"","template_catalog_title":"","template_catalog_text":"","template_catalog_categories_visible":"","demo_title":"Utw\u00f3rz wtyczk\u0119 bloga","demo_caption":"Skonfiguruj swojego bloga i dodaj go do swojej witryny Joomla za darmo!","default_faq_hidden":"","app_template_category":[],"platform":"53","template_public_id":"","codecanyon_url":"","codecanyon_item_id":"","codecanyon_price":"","pricing_caption":"","pricing_elfsight_apps_hide_column":"","pricing_elfsight_apps_url":"","pricing_codecanyon_price_caption":"","integration_category":[],"integration_request_title":"","integration_request_cta":"","integration_platform":"","integrations":[],"platform_category":[],"video_schema_markup":"","price":"od 0 USD \/ miesi\u0105c","trial":"","benefits":[{"text":"Bezp\u0142atna us\u0142uga monta\u017cu"},{"text":"Kompetentna obs\u0142uga klienta"},{"text":"14-dniowa gwarancja zwrotu pieni\u0119dzy"},{"text":"Ci\u0105g\u0142y rozw\u00f3j"}],"button_url":"#demo","button_target_blank":"","button_nofollow":"","attributes":[{"name":"Zainstalowa\u0107","content":"50,000 - 100,000"},{"name":"Czu\u0142y","content":"Tak"},{"name":"Kompatybilne przegl\u0105darki","content":"Firefox, Safari, Opera, Chrome, Edge"}],"tags":[],"tags_disable_links":"","hide_more_platforms":"","video_object":"","demo_hide_cta":"","demo_hide_cloud_options":"","pricing_title":"","pricing":[{"pricing_icon":"platform","pricing_title":"Elfsight Apps","pricing_title_caption":"Wieloplatformowe rozwi\u0105zanie cyfrowe","pricing_price":"od 0 USD \/ miesi\u0105c","pricing_price_caption":"zacznij od darmowego planu","pricing_benefits":[{"text":"Nielimitowane strony internetowe"},{"text":"Ca\u0142odobowe wsparcie firmy"},{"text":"Bezp\u0142atna pomoc w monta\u017cu"},{"text":"Ca\u0142kowicie konfigurowalny"}],"pricing_button_text":"Dodaj do witryny","pricing_button_url":"#demo"}],"related_apps_title":"","related_apps_hidden":"","author":"","image":[],"title":"","job":"","social_networks":[]},"_links":{"self":[{"href":"https:\/\/elfsight.com\/pl\/wp-json\/wp\/v2\/pages\/8615","targetHints":{"allow":["GET"]}}],"collection":[{"href":"https:\/\/elfsight.com\/pl\/wp-json\/wp\/v2\/pages"}],"about":[{"href":"https:\/\/elfsight.com\/pl\/wp-json\/wp\/v2\/types\/page"}],"author":[{"embeddable":true,"href":"https:\/\/elfsight.com\/pl\/wp-json\/wp\/v2\/users\/9"}],"replies":[{"embeddable":true,"href":"https:\/\/elfsight.com\/pl\/wp-json\/wp\/v2\/comments?post=8615"}],"version-history":[{"count":1,"href":"https:\/\/elfsight.com\/pl\/wp-json\/wp\/v2\/pages\/8615\/revisions"}],"predecessor-version":[{"id":8619,"href":"https:\/\/elfsight.com\/pl\/wp-json\/wp\/v2\/pages\/8615\/revisions\/8619"}],"up":[{"embeddable":true,"href":"https:\/\/elfsight.com\/pl\/wp-json\/wp\/v2\/pages\/8193"}],"wp:attachment":[{"href":"https:\/\/elfsight.com\/pl\/wp-json\/wp\/v2\/media?parent=8615"}],"curies":[{"name":"wp","href":"https:\/\/api.w.org\/{rel}","templated":true}]}}