{"id":8598,"date":"2024-09-30T18:27:29","date_gmt":"2024-09-30T18:27:29","guid":{"rendered":"https:\/\/elfsight.com\/pl\/?page_id=8598"},"modified":"2024-12-17T13:07:35","modified_gmt":"2024-12-17T13:07:35","slug":"drupal","status":"publish","type":"page","link":"https:\/\/elfsight.com\/pl\/blog-widget\/drupal\/","title":{"rendered":"blog &#8211; drupal"},"content":{"rendered":"<div class=\"application-platform-content-item-description application-platform-content-item\" id=\"description\" data-nav-section=\"description\"> <h2>Osad\u017a bloga w Drupalu za pomoc\u0105 modu\u0142u Elfsight<\/h2> <p>Modu\u0142 Blog usprawnia strategi\u0119 dotycz\u0105c\u0105 tre\u015bci Twojej witryny i zaanga\u017cowanie odbiorc\u00f3w. Tw\u00f3rz i zarz\u0105dzaj wci\u0105gaj\u0105cymi artyku\u0142ami z elementami multimedialnymi, prezentuj popularne posty za pomoc\u0105 dynamicznych suwak\u00f3w i upewnij si\u0119, \u017ce Twoje tre\u015bci wygl\u0105daj\u0105 \u015bwietnie na ka\u017cdym urz\u0105dzeniu. Pisanie i zarz\u0105dzanie tre\u015bci\u0105 bloga nigdy nie by\u0142o prostsze i wydajniejsze. <\/p><p>Dodawanie nowych post\u00f3w dzi\u0119ki modu\u0142owi Blog jest naprawd\u0119 proste \u2014 wystarczy kilka klikni\u0119\u0107, a tre\u015b\u0107 jest ju\u017c dost\u0119pna. Mo\u017cesz \u0142atwo rozpowszechnia\u0107 posty za pomoc\u0105 bezpo\u015brednich link\u00f3w, a dzi\u0119ki wbudowanej sztucznej inteligencji mo\u017cesz nie tylko szybko tworzy\u0107 artyku\u0142y, ale tak\u017ce generowa\u0107 obrazy, aby ulepszy\u0107 swoje posty. Modu\u0142 ten pozwala podzieli\u0107 si\u0119 histori\u0105 Twojej marki i ugruntowa\u0107 pozycj\u0119 Twojego biznesu jako autorytetu w bran\u017cy. <\/p><p><b>Utw\u00f3rz sw\u00f3j osobisty blok z artyku\u0142ami, aby przyci\u0105gn\u0105\u0107 klient\u00f3w i promowa\u0107 bieg\u0142o\u015b\u0107 swojej marki! <\/b><\/p><\/div> <div class=\"application-platform-content-item-features application-platform-content-item\" id=\"features\" data-nav-section=\"features\"> <h2>Sprawd\u017a list\u0119 najpot\u0119\u017cniejszych funkcji: <\/h2><ul><li><b>Bezproblemowo dodawaj bloga do dowolnej witryny internetowej. <\/b> Zacznij tworzy\u0107 w\u0142asny modu\u0142 bloga, kt\u00f3ry gwarantuje niesamowit\u0105 wydajno\u015b\u0107 w ka\u017cdym kreatorze stron internetowych. <\/li><li><b>Wykorzystuj sztuczn\u0105 inteligencj\u0119 do regularnego generowania tre\u015bci. <\/b> Funkcje AI modu\u0142u zapewniaj\u0105 prost\u0105 metod\u0119 regularnej aktualizacji tre\u015bci i szybkiego publikowania post\u00f3w. <\/li><li><b>Tw\u00f3rz posty za pomoc\u0105 intuicyjnego edytora. <\/b> Nasz edytor dzia\u0142aj\u0105cy podobnie do Notion pozwala \u0142atwo zbudowa\u0107 artyku\u0142 bez dodatkowych podr\u0119cznik\u00f3w. <\/li><li><b>Dodawaj liczne elementy do dekoracji artyku\u0142\u00f3w. <\/b> Narz\u0119dzie do tworzenia blog\u00f3w udost\u0119pnia szeroki zestaw element\u00f3w tekstowych i graficznych, dzi\u0119ki kt\u00f3rym mo\u017cna stworzy\u0107 solidny i wci\u0105gaj\u0105cy post. <\/li><li><b>Udost\u0119pniaj posty za pomoc\u0105 bezpo\u015bredniego linku.<\/b> Ka\u017cdy post otrzyma unikalny adres URL, kt\u00f3ry mo\u017cesz udost\u0119pni\u0107, aby uzyska\u0107 wi\u0119cej wy\u015bwietle\u0144 i zaanga\u017cowania. <\/li><\/ul><p><a href=\"#demo\">Przetestuj wersj\u0119 demonstracyjn\u0105 online, aby dowiedzie\u0107 si\u0119, co potrafi modu\u0142<\/a><\/p><\/div> <div class=\"application-platform-content-item-installation  application-platform-content-item\" id=\"installation \" data-nav-section=\"installation \"> <h2>Jak osadzi\u0107 bloga na mojej stronie Drupal? <\/h2><p>Znajd\u017a ten prosty przewodnik, aby umie\u015bci\u0107 modu\u0142 na swojej stronie Drupal. Zajmie to tylko kilka minut i nie wymaga \u017cadnego kodowania. <\/p> <ol><li><strong>Utw\u00f3rz w\u0142asny modu\u0142 bloga<\/strong><br> Rozpocznij od dowolnego szablonu w wersji demonstracyjnej, pracuj z wygodnymi elementami edytora i dostosuj modu\u0142 do preferowanego stylu i ustawienia. <\/li><li><strong>Uzyskaj osobisty kod do osadzenia modu\u0142u<\/strong><br> Po zbudowaniu modu\u0142u otrzymasz indywidualny kod HTML na swoim panelu kontrolnym. Skopiuj ten kod, kt\u00f3ry zawiera wszystkie szczeg\u00f3\u0142y dotycz\u0105ce Twoich dostosowa\u0144. <\/li> <li><strong>Wy\u015bwietl modu\u0142 na swojej stronie Drupal<\/strong><br> Wybierz obszary swojej witryny, w kt\u00f3rych chcesz prezentowa\u0107 Bloga i wklej tam kod. Zapisz zmiany. <\/li> <\/ol><p>Gotowe! Teraz sprawd\u017a jak modu\u0142 dzia\u0142a na Twojej stronie. <\/p><p>W przypadku napotkania jakichkolwiek trudno\u015bci podczas osadzania modu\u0142u na swojej stronie internetowej, skontaktuj si\u0119 z naszym dzia\u0142em obs\u0142ugi klienta. Z przyjemno\u015bci\u0105 przeprowadzimy Ci\u0119 przez proces dodawania bloga i zarz\u0105dzania nim. <\/p><\/div>","protected":false},"excerpt":{"rendered":"","protected":false},"author":9,"featured_media":0,"parent":8193,"menu_order":0,"comment_status":"closed","ping_status":"closed","template":"templates\/template-application-platform.php","meta":{"publish_to_discourse":"","publish_post_category":"","wpdc_auto_publish_overridden":"","wpdc_topic_tags":"","wpdc_pin_topic":"","wpdc_pin_until":"","discourse_post_id":"","discourse_permalink":"","wpdc_publishing_response":"","wpdc_publishing_error":"","footnotes":""},"class_list":["post-8598","page","type-page","status-publish","hentry"],"yoast_head":"<!-- This site is optimized with the Yoast SEO plugin v25.3.1 - https:\/\/yoast.com\/wordpress\/plugins\/seo\/ -->\n<title>Modu\u0142 Drupal Blog - Dodaj bloga do swojej witryny Drupal [Bezp\u0142atny]<\/title>\n<meta name=\"description\" content=\"Dodaj wid\u017cet bloga bez kodu do swojej witryny Adobe Muse. Skorzystaj z wersji demonstracyjnej online Elfsight, aby \u0142atwo wygenerowa\u0107 w\u0142asne rozwi\u0105zanie.\" \/>\n<meta name=\"robots\" content=\"index, follow, max-snippet:-1, max-image-preview:large, max-video-preview:-1\" \/>\n<link rel=\"canonical\" href=\"https:\/\/elfsight.com\/pl\/blog-widget\/drupal\/\" \/>\n<meta property=\"og:locale\" content=\"pl_PL\" \/>\n<meta property=\"og:type\" content=\"article\" \/>\n<meta property=\"og:title\" content=\"Modu\u0142 Drupal Blog - Dodaj bloga do swojej witryny Drupal [Bezp\u0142atny]\" \/>\n<meta property=\"og:description\" content=\"Dodaj wid\u017cet bloga bez kodu do swojej witryny Adobe Muse. Skorzystaj z wersji demonstracyjnej online Elfsight, aby \u0142atwo wygenerowa\u0107 w\u0142asne rozwi\u0105zanie.\" \/>\n<meta property=\"og:url\" content=\"https:\/\/elfsight.com\/pl\/blog-widget\/drupal\/\" \/>\n<meta property=\"og:site_name\" content=\"Elfsight PL\" \/>\n<meta property=\"article:modified_time\" content=\"2024-12-17T13:07:35+00:00\" \/>\n<meta name=\"twitter:card\" content=\"summary_large_image\" \/>\n<meta name=\"twitter:label1\" content=\"Szacowany czas czytania\" \/>\n\t<meta name=\"twitter:data1\" content=\"3 minuty\" \/>\n<!-- \/ Yoast SEO plugin. -->","yoast_head_json":{"title":"Modu\u0142 Drupal Blog - Dodaj bloga do swojej witryny Drupal [Bezp\u0142atny]","description":"Dodaj wid\u017cet bloga bez kodu do swojej witryny Adobe Muse. Skorzystaj z wersji demonstracyjnej online Elfsight, aby \u0142atwo wygenerowa\u0107 w\u0142asne rozwi\u0105zanie.","robots":{"index":"index","follow":"follow","max-snippet":"max-snippet:-1","max-image-preview":"max-image-preview:large","max-video-preview":"max-video-preview:-1"},"canonical":"https:\/\/elfsight.com\/pl\/blog-widget\/drupal\/","og_locale":"pl_PL","og_type":"article","og_title":"Modu\u0142 Drupal Blog - Dodaj bloga do swojej witryny Drupal [Bezp\u0142atny]","og_description":"Dodaj wid\u017cet bloga bez kodu do swojej witryny Adobe Muse. Skorzystaj z wersji demonstracyjnej online Elfsight, aby \u0142atwo wygenerowa\u0107 w\u0142asne rozwi\u0105zanie.","og_url":"https:\/\/elfsight.com\/pl\/blog-widget\/drupal\/","og_site_name":"Elfsight PL","article_modified_time":"2024-12-17T13:07:35+00:00","twitter_card":"summary_large_image","twitter_misc":{"Szacowany czas czytania":"3 minuty"},"schema":{"@context":"https:\/\/schema.org","@graph":[{"@type":"WebPage","@id":"https:\/\/elfsight.com\/pl\/blog-widget\/drupal\/","url":"https:\/\/elfsight.com\/pl\/blog-widget\/drupal\/","name":"Modu\u0142 Drupal Blog - Dodaj bloga do swojej witryny Drupal [Bezp\u0142atny]","isPartOf":{"@id":"https:\/\/elfsight.com\/pl\/#website"},"datePublished":"2024-09-30T18:27:29+00:00","dateModified":"2024-12-17T13:07:35+00:00","description":"Dodaj wid\u017cet bloga bez kodu do swojej witryny Adobe Muse. Skorzystaj z wersji demonstracyjnej online Elfsight, aby \u0142atwo wygenerowa\u0107 w\u0142asne rozwi\u0105zanie.","breadcrumb":{"@id":"https:\/\/elfsight.com\/pl\/blog-widget\/drupal\/#breadcrumb"},"inLanguage":"pl-PL","potentialAction":[{"@type":"ReadAction","target":["https:\/\/elfsight.com\/pl\/blog-widget\/drupal\/"]}]},{"@type":"BreadcrumbList","@id":"https:\/\/elfsight.com\/pl\/blog-widget\/drupal\/#breadcrumb","itemListElement":[{"@type":"ListItem","position":1,"name":"Home","item":"https:\/\/elfsight.com\/pl\/"},{"@type":"ListItem","position":2,"name":"Blog","item":"https:\/\/elfsight.com\/pl\/blog-widget\/"},{"@type":"ListItem","position":3,"name":"blog &#8211; drupal"}]},{"@type":"WebSite","@id":"https:\/\/elfsight.com\/pl\/#website","url":"https:\/\/elfsight.com\/pl\/","name":"Elfsight PL","description":"Just another Elfsight Sites site","potentialAction":[{"@type":"SearchAction","target":{"@type":"EntryPoint","urlTemplate":"https:\/\/elfsight.com\/pl\/?s={search_term_string}"},"query-input":{"@type":"PropertyValueSpecification","valueRequired":true,"valueName":"search_term_string"}}],"inLanguage":"pl-PL"}]}},"meta_box":{"industry":"","seo_heading":"","heading":"","description":"","cta_heading":"","cta_description":"","application":"8188","h1":"Dodaj Blog do strony Drupala","h1_caption":"Z \u0142atwo\u015bci\u0105 wy\u015bwietlaj posty na blogu w swojej witrynie dzi\u0119ki konfigurowalnemu uk\u0142adowi, zapewniaj\u0105c dynamiczny i wci\u0105gaj\u0105cy spos\u00f3b udost\u0119pniania tre\u015bci i bezproblemowego informowania odwiedzaj\u0105cych o Twojej witrynie Drupal.","application_category":[],"applications_title":"","applications_request_title":"","applications_request_button_text":"","hero_text":"","hero_video":"","hero_video_schema_markup":"","selling_points_title":"","selling_points_caption":"","selling_points":[],"selling_points_cta_text":"","features_title":"","features":"","ed_cta_examples_text":"","ed_cta_examples_hidden":"","ed_cta_demo_text":"","ed_cta_demo_hidden":"","why_caption":"","why_editor_title":"","why_editor_text":"","why_team_title":"","why_team_text":"","why_service_title":"","why_service_text":"","template_catalog_visible":"","template_catalog_title":"","template_catalog_text":"","template_catalog_categories_visible":"","demo_title":"Utw\u00f3rz modu\u0142 bloga","demo_caption":"Skonfiguruj swojego bloga i dodaj go do swojej witryny Drupal za darmo!","default_faq_hidden":"","app_template_category":[],"platform":"47","template_public_id":"","codecanyon_url":"","codecanyon_item_id":"","codecanyon_price":"","pricing_caption":"","pricing_elfsight_apps_hide_column":"","pricing_elfsight_apps_url":"","pricing_codecanyon_price_caption":"","integration_category":[],"integration_request_title":"","integration_request_cta":"","integration_platform":"","integrations":[],"platform_category":[],"video_schema_markup":"","price":"od 0 USD \/ miesi\u0105c","trial":"","benefits":[{"text":"Bezp\u0142atna us\u0142uga monta\u017cu"},{"text":"Profesjonalna obs\u0142uga klienta"},{"text":"14-dniowa gwarancja zwrotu pieni\u0119dzy"},{"text":"Stale aktualizowana"}],"button_url":"#demo","button_target_blank":"","button_nofollow":"","attributes":[{"name":"Zainstalowa\u0107","content":"50,000 - 100,000"},{"name":"Czu\u0142y","content":"Tak"},{"name":"Kompatybilne przegl\u0105darki","content":"Firefox, Safari, Opera, Chrome, Edge"}],"tags":[],"tags_disable_links":"","hide_more_platforms":"","video_object":"","demo_hide_cta":"","demo_hide_cloud_options":"","pricing_title":"","pricing":[{"pricing_icon":"platform","pricing_title":"Elfsight Apps","pricing_title_caption":"Rozwi\u0105zanie wieloplatformowe","pricing_price":"od 0 USD \/ miesi\u0105c","pricing_price_caption":"zacznij od darmowego planu","pricing_benefits":[{"text":"Nielimitowane strony internetowe"},{"text":"Ca\u0142odobowa obs\u0142uga klienta"},{"text":"Bezp\u0142atna pomoc w monta\u017cu"},{"text":"Elastyczny projekt"}],"pricing_button_text":"Dodaj do witryny","pricing_button_url":"#demo"}],"related_apps_title":"","related_apps_hidden":"","author":"","image":[],"title":"","job":"","social_networks":[]},"_links":{"self":[{"href":"https:\/\/elfsight.com\/pl\/wp-json\/wp\/v2\/pages\/8598","targetHints":{"allow":["GET"]}}],"collection":[{"href":"https:\/\/elfsight.com\/pl\/wp-json\/wp\/v2\/pages"}],"about":[{"href":"https:\/\/elfsight.com\/pl\/wp-json\/wp\/v2\/types\/page"}],"author":[{"embeddable":true,"href":"https:\/\/elfsight.com\/pl\/wp-json\/wp\/v2\/users\/9"}],"replies":[{"embeddable":true,"href":"https:\/\/elfsight.com\/pl\/wp-json\/wp\/v2\/comments?post=8598"}],"version-history":[{"count":1,"href":"https:\/\/elfsight.com\/pl\/wp-json\/wp\/v2\/pages\/8598\/revisions"}],"predecessor-version":[{"id":8602,"href":"https:\/\/elfsight.com\/pl\/wp-json\/wp\/v2\/pages\/8598\/revisions\/8602"}],"up":[{"embeddable":true,"href":"https:\/\/elfsight.com\/pl\/wp-json\/wp\/v2\/pages\/8193"}],"wp:attachment":[{"href":"https:\/\/elfsight.com\/pl\/wp-json\/wp\/v2\/media?parent=8598"}],"curies":[{"name":"wp","href":"https:\/\/api.w.org\/{rel}","templated":true}]}}