{"id":8584,"date":"2024-09-30T18:27:29","date_gmt":"2024-09-30T18:27:29","guid":{"rendered":"https:\/\/elfsight.com\/pl\/?page_id=8584"},"modified":"2024-12-17T13:07:16","modified_gmt":"2024-12-17T13:07:16","slug":"prestashop","status":"publish","type":"page","link":"https:\/\/elfsight.com\/pl\/blog-widget\/prestashop\/","title":{"rendered":"Blog &#8211; PrestaShop"},"content":{"rendered":"<div class=\"application-platform-content-item-description application-platform-content-item\" id=\"description\" data-nav-section=\"description\"> <h2>Osad\u017a bloga w PrestaShop za pomoc\u0105 dodatku Elfsight<\/h2> <p>Dodawanie nowych post\u00f3w dzi\u0119ki dodatkowi Blog jest naprawd\u0119 proste \u2014 wystarczy jedno klikni\u0119cie , a Twoja tre\u015b\u0107 jest aktywna. Mo\u017cesz \u0142atwo rozpowszechnia\u0107 posty za pomoc\u0105 bezpo\u015brednich link\u00f3w, a dzi\u0119ki funkcjom AI mo\u017cesz nie tylko szybko tworzy\u0107 artyku\u0142y, ale tak\u017ce generowa\u0107 obrazy, aby ulepsza\u0107 swoje posty. Ten dodatek pomo\u017ce Ci podzieli\u0107 si\u0119 histori\u0105 Twojej firmy i zyska\u0107 pozycj\u0119 wiod\u0105cego gracza w bran\u017cy. <\/p><p>Dodatek Blog usprawnia strategi\u0119 dotycz\u0105c\u0105 tre\u015bci Twojej witryny i zaanga\u017cowanie odbiorc\u00f3w. Tw\u00f3rz i zarz\u0105dzaj wci\u0105gaj\u0105cymi artyku\u0142ami z elementami multimedialnymi, prezentuj popularne posty za pomoc\u0105 dynamicznych suwak\u00f3w i upewnij si\u0119, \u017ce Twoje tre\u015bci wygl\u0105daj\u0105 \u015bwietnie na ka\u017cdym urz\u0105dzeniu. Pisanie i zarz\u0105dzanie tre\u015bci\u0105 bloga nigdy nie by\u0142o prostsze i wydajniejsze. <\/p><p><b>Utw\u00f3rz osobist\u0105 sekcj\u0119 z artyku\u0142ami, aby zaanga\u017cowa\u0107 odbiorc\u00f3w i zaprezentowa\u0107 mistrzostwo swojej marki! <\/b><\/p><\/div> <div class=\"application-platform-content-item-features application-platform-content-item\" id=\"features\" data-nav-section=\"features\"> <h2>Znajd\u017a poni\u017cej kluczowe funkcje dodatku: <\/h2><ul><li><b>Bezproblemowo dodawaj bloga do wszystkich strony internetowe. <\/b> Zacznij tworzy\u0107 sw\u00f3j osobisty dodatek do bloga, kt\u00f3ry gwarantuje doskona\u0142e dzia\u0142anie w dowolnym kreatorze stron internetowych. <\/li><li><b>Korzystaj ze sztucznej inteligencji, aby regularnie publikowa\u0107 tre\u015bci. <\/b> Funkcje AI dodatku zapewniaj\u0105 pot\u0119\u017cne mo\u017cliwo\u015bci regularnej aktualizacji kana\u0142u i szybkiego publikowania post\u00f3w. <\/li><li><b>Tw\u00f3rz posty za pomoc\u0105 intuicyjnego edytora. <\/b> Nasz edytor dzia\u0142aj\u0105cy podobnie do Notion pozwala \u0142atwo zbudowa\u0107 artyku\u0142 bez dodatkowych podr\u0119cznik\u00f3w. <\/li><li><b>Dodawaj r\u00f3\u017cne elementy do dekoracji artyku\u0142\u00f3w. <\/b> Edytor bloga dysponuje szerok\u0105 kolekcj\u0105 element\u00f3w tekstowych i wizualnych, dzi\u0119ki kt\u00f3rym mo\u017cna stworzy\u0107 bogaty i atrakcyjny post. <\/li><li><b>Udost\u0119pniaj posty za pomoc\u0105 bezpo\u015bredniego linku.<\/b> Ka\u017cdy post b\u0119dzie mia\u0142 unikalny adres URL, kt\u00f3ry mo\u017cesz udost\u0119pni\u0107, aby uzyska\u0107 wi\u0119cej wy\u015bwietle\u0144 i zaanga\u017cowania. <\/li><\/ul><p><a href=\"#demo\">Skorzystaj z prostej wersji demonstracyjnej, aby zobaczy\u0107, jak dzia\u0142a dodatek<\/a><\/p><\/div> <div class=\"application-platform-content-item-installation application-platform-content-item\" id=\"installation\" data-nav-section=\"installation\"> <h2>Jak osadzi\u0107 bloga na mojej stronie PrestaShop? <\/h2><p>Sp\u00f3jrz na prosty spos\u00f3b na umieszczenie dodatku na swojej stronie PrestaShop. Zajmie to tylko kilka minut i nie wymaga kodowania. <\/p> <ol><li><strong>Utw\u00f3rz w\u0142asny dodatek do bloga<\/strong><br> Zacznij od dowolnego szablonu w wersji demonstracyjnej, pracuj z wygodnymi elementami edytora i dostosuj dodatek do po\u017c\u0105danego projektu i ustawienia. <\/li><li><strong>Uzyskaj osobisty kod, aby osadzi\u0107 dodatek<\/strong><br> Po utworzeniu dodatku otrzymasz indywidualny kod HTML na swoim panelu kontrolnym. Skopiuj ten kod, kt\u00f3ry zawiera wszystkie szczeg\u00f3\u0142y dotycz\u0105ce Twoich dostosowa\u0144. <\/li> <li><strong>Wy\u015bwietl dodatek na swojej stronie PrestaShop<\/strong><br> Wybierz sekcje swojej witryny, w kt\u00f3rych chcesz wy\u015bwietli\u0107 Blog, i wklej tam kod. Zapisz zmiany. <\/li> <\/ol><p>To wszystko! Teraz zobacz jak dodatek dzia\u0142a na Twojej stronie. <\/p><p>W przypadku wyst\u0105pienia jakichkolwiek trudno\u015bci podczas osadzania dodatku na stronie internetowej, po prostu skontaktuj si\u0119 z naszym centrum pomocy. Z przyjemno\u015bci\u0105 wyja\u015bnimy Ci, jak doda\u0107 i dostosowa\u0107 swojego bloga. <\/p><\/div>","protected":false},"excerpt":{"rendered":"","protected":false},"author":9,"featured_media":0,"parent":8193,"menu_order":0,"comment_status":"closed","ping_status":"closed","template":"templates\/template-application-platform.php","meta":{"publish_to_discourse":"","publish_post_category":"","wpdc_auto_publish_overridden":"","wpdc_topic_tags":"","wpdc_pin_topic":"","wpdc_pin_until":"","discourse_post_id":"","discourse_permalink":"","wpdc_publishing_response":"","wpdc_publishing_error":"","footnotes":""},"class_list":["post-8584","page","type-page","status-publish","hentry"],"yoast_head":"<!-- This site is optimized with the Yoast SEO plugin v25.3.1 - https:\/\/yoast.com\/wordpress\/plugins\/seo\/ -->\n<title>Dodatek blogowy do PrestaShop - Zwi\u0119ksz tworzenie tre\u015bci marki na stronie internetowej<\/title>\n<meta name=\"description\" content=\"Dodaj p\u0142ynny wid\u017cet bloga na swojej stronie Jimdo. Wypr\u00f3buj przyjazn\u0105 dla u\u017cytkownika wersj\u0119 demonstracyjn\u0105 Elfsight, aby bez wysi\u0142ku zbudowa\u0107 swoje unikalne rozwi\u0105zanie.\" \/>\n<meta name=\"robots\" content=\"index, follow, max-snippet:-1, max-image-preview:large, max-video-preview:-1\" \/>\n<link rel=\"canonical\" href=\"https:\/\/elfsight.com\/pl\/blog-widget\/prestashop\/\" \/>\n<meta property=\"og:locale\" content=\"pl_PL\" \/>\n<meta property=\"og:type\" content=\"article\" \/>\n<meta property=\"og:title\" content=\"Dodatek blogowy do PrestaShop - Zwi\u0119ksz tworzenie tre\u015bci marki na stronie internetowej\" \/>\n<meta property=\"og:description\" content=\"Dodaj p\u0142ynny wid\u017cet bloga na swojej stronie Jimdo. Wypr\u00f3buj przyjazn\u0105 dla u\u017cytkownika wersj\u0119 demonstracyjn\u0105 Elfsight, aby bez wysi\u0142ku zbudowa\u0107 swoje unikalne rozwi\u0105zanie.\" \/>\n<meta property=\"og:url\" content=\"https:\/\/elfsight.com\/pl\/blog-widget\/prestashop\/\" \/>\n<meta property=\"og:site_name\" content=\"Elfsight PL\" \/>\n<meta property=\"article:modified_time\" content=\"2024-12-17T13:07:16+00:00\" \/>\n<meta name=\"twitter:card\" content=\"summary_large_image\" \/>\n<meta name=\"twitter:label1\" content=\"Szacowany czas czytania\" \/>\n\t<meta name=\"twitter:data1\" content=\"3 minuty\" \/>\n<!-- \/ Yoast SEO plugin. -->","yoast_head_json":{"title":"Dodatek blogowy do PrestaShop - Zwi\u0119ksz tworzenie tre\u015bci marki na stronie internetowej","description":"Dodaj p\u0142ynny wid\u017cet bloga na swojej stronie Jimdo. Wypr\u00f3buj przyjazn\u0105 dla u\u017cytkownika wersj\u0119 demonstracyjn\u0105 Elfsight, aby bez wysi\u0142ku zbudowa\u0107 swoje unikalne rozwi\u0105zanie.","robots":{"index":"index","follow":"follow","max-snippet":"max-snippet:-1","max-image-preview":"max-image-preview:large","max-video-preview":"max-video-preview:-1"},"canonical":"https:\/\/elfsight.com\/pl\/blog-widget\/prestashop\/","og_locale":"pl_PL","og_type":"article","og_title":"Dodatek blogowy do PrestaShop - Zwi\u0119ksz tworzenie tre\u015bci marki na stronie internetowej","og_description":"Dodaj p\u0142ynny wid\u017cet bloga na swojej stronie Jimdo. Wypr\u00f3buj przyjazn\u0105 dla u\u017cytkownika wersj\u0119 demonstracyjn\u0105 Elfsight, aby bez wysi\u0142ku zbudowa\u0107 swoje unikalne rozwi\u0105zanie.","og_url":"https:\/\/elfsight.com\/pl\/blog-widget\/prestashop\/","og_site_name":"Elfsight PL","article_modified_time":"2024-12-17T13:07:16+00:00","twitter_card":"summary_large_image","twitter_misc":{"Szacowany czas czytania":"3 minuty"},"schema":{"@context":"https:\/\/schema.org","@graph":[{"@type":"WebPage","@id":"https:\/\/elfsight.com\/pl\/blog-widget\/prestashop\/","url":"https:\/\/elfsight.com\/pl\/blog-widget\/prestashop\/","name":"Dodatek blogowy do PrestaShop - Zwi\u0119ksz tworzenie tre\u015bci marki na stronie internetowej","isPartOf":{"@id":"https:\/\/elfsight.com\/pl\/#website"},"datePublished":"2024-09-30T18:27:29+00:00","dateModified":"2024-12-17T13:07:16+00:00","description":"Dodaj p\u0142ynny wid\u017cet bloga na swojej stronie Jimdo. Wypr\u00f3buj przyjazn\u0105 dla u\u017cytkownika wersj\u0119 demonstracyjn\u0105 Elfsight, aby bez wysi\u0142ku zbudowa\u0107 swoje unikalne rozwi\u0105zanie.","breadcrumb":{"@id":"https:\/\/elfsight.com\/pl\/blog-widget\/prestashop\/#breadcrumb"},"inLanguage":"pl-PL","potentialAction":[{"@type":"ReadAction","target":["https:\/\/elfsight.com\/pl\/blog-widget\/prestashop\/"]}]},{"@type":"BreadcrumbList","@id":"https:\/\/elfsight.com\/pl\/blog-widget\/prestashop\/#breadcrumb","itemListElement":[{"@type":"ListItem","position":1,"name":"Home","item":"https:\/\/elfsight.com\/pl\/"},{"@type":"ListItem","position":2,"name":"Blog","item":"https:\/\/elfsight.com\/pl\/blog-widget\/"},{"@type":"ListItem","position":3,"name":"Blog &#8211; PrestaShop"}]},{"@type":"WebSite","@id":"https:\/\/elfsight.com\/pl\/#website","url":"https:\/\/elfsight.com\/pl\/","name":"Elfsight PL","description":"Just another Elfsight Sites site","potentialAction":[{"@type":"SearchAction","target":{"@type":"EntryPoint","urlTemplate":"https:\/\/elfsight.com\/pl\/?s={search_term_string}"},"query-input":{"@type":"PropertyValueSpecification","valueRequired":true,"valueName":"search_term_string"}}],"inLanguage":"pl-PL"}]}},"meta_box":{"industry":"","seo_heading":"","heading":"","description":"","cta_heading":"","cta_description":"","application":"8188","h1":"Dodaj bloga do witryny PrestaShop","h1_caption":"Z \u0142atwo\u015bci\u0105 wy\u015bwietlaj posty na blogu w swojej witrynie dzi\u0119ki konfigurowalnemu uk\u0142adowi, zapewniaj\u0105cemu dynamiczny i wci\u0105gaj\u0105cy spos\u00f3b udost\u0119pniania tre\u015bci i bezproblemowego informowania odwiedzaj\u0105cych o Twojej witrynie Prestashop.","application_category":[],"applications_title":"","applications_request_title":"","applications_request_button_text":"","hero_text":"","hero_video":"","hero_video_schema_markup":"","selling_points_title":"","selling_points_caption":"","selling_points":[],"selling_points_cta_text":"","features_title":"","features":"","ed_cta_examples_text":"","ed_cta_examples_hidden":"","ed_cta_demo_text":"","ed_cta_demo_hidden":"","why_caption":"","why_editor_title":"","why_editor_text":"","why_team_title":"","why_team_text":"","why_service_title":"","why_service_text":"","template_catalog_visible":"","template_catalog_title":"","template_catalog_text":"","template_catalog_categories_visible":"","demo_title":"Utw\u00f3rz dodatek do bloga","demo_caption":"Skonfiguruj swojego bloga i dodaj go do swojej witryny PrestaShop za darmo!","default_faq_hidden":"","app_template_category":[],"platform":"586","template_public_id":"","codecanyon_url":"","codecanyon_item_id":"","codecanyon_price":"","pricing_caption":"","pricing_elfsight_apps_hide_column":"","pricing_elfsight_apps_url":"","pricing_codecanyon_price_caption":"","integration_category":[],"integration_request_title":"","integration_request_cta":"","integration_platform":"","integrations":[],"platform_category":[],"video_schema_markup":"","price":"od 0 USD \/ miesi\u0105c","trial":"","benefits":[{"text":"Bezp\u0142atna pomoc w instalacji"},{"text":"Wyj\u0105tkowe wsparcie"},{"text":"14-dniowa gwarancja zwrotu pieni\u0119dzy"},{"text":"Ci\u0105g\u0142e ulepszenia"}],"button_url":"#demo","button_target_blank":"","button_nofollow":"","attributes":[{"name":"Zainstalowa\u0107","content":"50,000 - 100,000"},{"name":"Czu\u0142y","content":"Tak"},{"name":"Kompatybilne przegl\u0105darki","content":"Firefox, Safari, Opera, Chrome, Edge"}],"tags":[],"tags_disable_links":"","hide_more_platforms":"","video_object":"","demo_hide_cta":"","demo_hide_cloud_options":"","pricing_title":"","pricing":[{"pricing_icon":"platform","pricing_title":"Elfsight Apps","pricing_title_caption":"Niezale\u017cne od platformy rozwi\u0105zanie cyfrowe","pricing_price":"od 0 USD \/ miesi\u0105c","pricing_price_caption":"zacznij od darmowego planu","pricing_benefits":[{"text":"Nielimitowane strony internetowe"},{"text":"Profesjonalna obs\u0142uga klienta"},{"text":"Bezp\u0142atna pomoc w monta\u017cu"},{"text":"Elastyczny projekt"}],"pricing_button_text":"Dodaj do witryny","pricing_button_url":"#demo"}],"related_apps_title":"","related_apps_hidden":"","author":"","image":[],"title":"","job":"","social_networks":[]},"_links":{"self":[{"href":"https:\/\/elfsight.com\/pl\/wp-json\/wp\/v2\/pages\/8584","targetHints":{"allow":["GET"]}}],"collection":[{"href":"https:\/\/elfsight.com\/pl\/wp-json\/wp\/v2\/pages"}],"about":[{"href":"https:\/\/elfsight.com\/pl\/wp-json\/wp\/v2\/types\/page"}],"author":[{"embeddable":true,"href":"https:\/\/elfsight.com\/pl\/wp-json\/wp\/v2\/users\/9"}],"replies":[{"embeddable":true,"href":"https:\/\/elfsight.com\/pl\/wp-json\/wp\/v2\/comments?post=8584"}],"version-history":[{"count":1,"href":"https:\/\/elfsight.com\/pl\/wp-json\/wp\/v2\/pages\/8584\/revisions"}],"predecessor-version":[{"id":8588,"href":"https:\/\/elfsight.com\/pl\/wp-json\/wp\/v2\/pages\/8584\/revisions\/8588"}],"up":[{"embeddable":true,"href":"https:\/\/elfsight.com\/pl\/wp-json\/wp\/v2\/pages\/8193"}],"wp:attachment":[{"href":"https:\/\/elfsight.com\/pl\/wp-json\/wp\/v2\/media?parent=8584"}],"curies":[{"name":"wp","href":"https:\/\/api.w.org\/{rel}","templated":true}]}}