{"id":8583,"date":"2024-09-30T18:27:29","date_gmt":"2024-09-30T18:27:29","guid":{"rendered":"https:\/\/elfsight.com\/pl\/?page_id=8583"},"modified":"2024-12-17T13:07:16","modified_gmt":"2024-12-17T13:07:16","slug":"squarespace","status":"publish","type":"page","link":"https:\/\/elfsight.com\/pl\/poll-widget\/squarespace\/","title":{"rendered":"Poll &#8211; Squarespace"},"content":{"rendered":"<div class=\"application-platform-content-item-description application-platform-content-item\" id=\"description\" data-nav-section=\"description\"> <h2>Osad\u017a ankiet\u0119 w Squarespace za pomoc\u0105 wtyczki Elfsight<\/h2> <p>Z \u0142atwo\u015bci\u0105 dodaj niestandardow\u0105 wtyczk\u0119 ankiety do swojej witryny, aby zwi\u0119kszy\u0107 zaanga\u017cowanie klient\u00f3w i zbiera\u0107 spostrze\u017cenia. W kilku krokach mo\u017cesz zbudowa\u0107 interaktywne kwestionariusze zawieraj\u0105ce wiele typ\u00f3w pyta\u0144, takich jak wielokrotny wyb\u00f3r i skale ocen. Konfiguracja ankiety jest szybka i \u0142atwa. <\/p><p>Utworzenie nowych ankiet zajmuje tylko jedno klikni\u0119cie, a wyniki s\u0105 wy\u015bwietlane w czasie rzeczywistym. Dzi\u0119ki logice warunkowej mo\u017cesz personalizowa\u0107 pytania na podstawie odpowiedzi u\u017cytkownika. Wtyczka integruje si\u0119 r\u00f3wnie\u017c z szeroko stosowanymi narz\u0119dziami CRM i e-mail, u\u0142atwiaj\u0105c porz\u0105dkowanie danych i ulepszanie us\u0142ug dzi\u0119ki opiniom klient\u00f3w. <\/p><p><b>Tw\u00f3rz z \u0142atwo\u015bci\u0105 indywidualne ankiety, aby dowiedzie\u0107 si\u0119, czego klienci oczekuj\u0105 od Twojej marki! <\/b><\/p><\/div> <div class=\"application-platform-content-item-features application-platform-content-item\" id=\"features\" data-nav-section=\"features\"> <h2>Poznaj list\u0119 najcenniejszych funkcji: <\/h2><ul><li><b>Ulepsz swoje ankiety dzi\u0119ki logika warunkowa. <\/b> Mo\u017cesz dynamicznie dostosowywa\u0107 nadchodz\u0105ce pytania, zapewniaj\u0105c bardziej indywidualne i rozs\u0105dne do\u015bwiadczenie ankiety. <\/li><li><b>Tw\u00f3rz anga\u017cuj\u0105ce ankiety w ci\u0105gu zaledwie kilku minut. <\/b> Nasz przyjazny dla u\u017cytkownika kreator u\u0142atwia uruchamianie anga\u017cuj\u0105cych ankiet w celu zebrania odpowiedzi i opinii bez \u017cadnych problem\u00f3w. <\/li><li><b>Zamie\u0144 odpowiedzi na konwersje w czasie rzeczywistym. <\/b> Zrozum potrzeby klient\u00f3w na miejscu i natychmiast zaproponuj odpowiednie rozwi\u0105zania, przekszta\u0142caj\u0105c odpowiedzi w mo\u017cliwo\u015bci biznesowe. <\/li><li><b>U\u017cywaj r\u00f3\u017cnych typ\u00f3w p\u00f3l i danych wej\u015bciowych. <\/b> Utw\u00f3rz niestandardow\u0105 ankiet\u0119, aby zebra\u0107 dowolne dane za pomoc\u0105 p\u00f3l wyboru, list rozwijanych, p\u00f3l tekstowych, przycisk\u00f3w opcji i wielu innych element\u00f3w. <\/li><li><b>Zacznij od doskona\u0142ego, wst\u0119pnie zaprojektowanego szablonu. <\/b> Wybieraj spo\u015br\u00f3d zestawu profesjonalnie zaprojektowanych szablon\u00f3w ankiet, zoptymalizowanych pod k\u0105tem r\u00f3\u017cnych typ\u00f3w ankiet i zada\u0144 biznesowych. <\/li><\/ul><p><a href=\"#demo\">Przyjazny dla u\u017cytkownika edytor mo\u017ce zademonstrowa\u0107 dzia\u0142anie funkcji i ustawie\u0144 bezpo\u015brednio na tej stronie<\/a><\/p><\/div> <div class=\"application-platform-content-item-installation application-platform-content-item\" id=\"installation\" data-nav-section=\"installation\"> <h2>Jak osadzi\u0107 ankiet\u0119 w mojej witrynie Squarespace? <\/h2><p>Oferujemy prosty przewodnik dotycz\u0105cy umieszczenia wtyczki w witrynie Squarespace. Zajmie to tylko kilka minut i nie wymaga kodowania. <\/p> <ol><li><strong>Stw\u00f3rz swoj\u0105 osobist\u0105 wtyczk\u0119 ankiety<\/strong><br> Rozpocznij od dowolnego szablonu w edytorze, pracuj z wygodnymi elementami edytora i dostosuj wtyczk\u0119 do preferowanego projektu i ustawienia. <\/li><li><strong>Uzyskaj osobisty kod do osadzenia wtyczki<\/strong><br> Po utworzeniu wtyczki otrzymasz indywidualny kod HTML na swoim panelu kontrolnym. Skopiuj ten kod, kt\u00f3ry zawiera wszystkie informacje dotycz\u0105ce Twoich ustawie\u0144. <\/li> <li><strong>Wy\u015bwietl wtyczk\u0119 na swojej stronie Squarespace<\/strong><br> Okre\u015bl sekcje swojej witryny, w kt\u00f3rych chcesz zaprezentowa\u0107 ankiet\u0119, i wklej tam kod. Zapisz zmiany. <\/li> <\/ol><p>To wszystko! Teraz sprawd\u017a, jak wtyczka radzi sobie na Twojej stronie. <\/p><p>W przypadku problem\u00f3w z osadzeniem wtyczki na stronie internetowej wystarczy skontaktowa\u0107 si\u0119 z naszym centrum pomocy. Z przyjemno\u015bci\u0105 doradzimy Ci w sprawie dodania i zarz\u0105dzania Twoj\u0105 ankiet\u0105. <\/p><\/div>","protected":false},"excerpt":{"rendered":"","protected":false},"author":9,"featured_media":0,"parent":8198,"menu_order":0,"comment_status":"closed","ping_status":"closed","template":"templates\/template-application-platform.php","meta":{"publish_to_discourse":"","publish_post_category":"","wpdc_auto_publish_overridden":"","wpdc_topic_tags":"","wpdc_pin_topic":"","wpdc_pin_until":"","discourse_post_id":"","discourse_permalink":"","wpdc_publishing_response":"","wpdc_publishing_error":"","footnotes":""},"class_list":["post-8583","page","type-page","status-publish","hentry"],"yoast_head":"<!-- This site is optimized with the Yoast SEO plugin v25.3.1 - https:\/\/yoast.com\/wordpress\/plugins\/seo\/ -->\n<title>Wtyczka Squarespace Poll \u2014 dodaj ankiet\u0119 do swojej witryny Squarespace [BEZP\u0141ATNIE]<\/title>\n<meta name=\"description\" content=\"Dodaj pozbawiony kodu dodatek do bloga na swojej stronie PrestaShop. Sprawd\u017a przyjazn\u0105 dla u\u017cytkownika wersj\u0119 demonstracyjn\u0105 Elfsight, aby \u0142atwo zbudowa\u0107 swoje indywidualne rozwi\u0105zanie.\" \/>\n<meta name=\"robots\" content=\"index, follow, max-snippet:-1, max-image-preview:large, max-video-preview:-1\" \/>\n<link rel=\"canonical\" href=\"https:\/\/elfsight.com\/pl\/poll-widget\/squarespace\/\" \/>\n<meta property=\"og:locale\" content=\"pl_PL\" \/>\n<meta property=\"og:type\" content=\"article\" \/>\n<meta property=\"og:title\" content=\"Wtyczka Squarespace Poll \u2014 dodaj ankiet\u0119 do swojej witryny Squarespace [BEZP\u0141ATNIE]\" \/>\n<meta property=\"og:description\" content=\"Dodaj pozbawiony kodu dodatek do bloga na swojej stronie PrestaShop. Sprawd\u017a przyjazn\u0105 dla u\u017cytkownika wersj\u0119 demonstracyjn\u0105 Elfsight, aby \u0142atwo zbudowa\u0107 swoje indywidualne rozwi\u0105zanie.\" \/>\n<meta property=\"og:url\" content=\"https:\/\/elfsight.com\/pl\/poll-widget\/squarespace\/\" \/>\n<meta property=\"og:site_name\" content=\"Elfsight PL\" \/>\n<meta property=\"article:modified_time\" content=\"2024-12-17T13:07:16+00:00\" \/>\n<meta name=\"twitter:card\" content=\"summary_large_image\" \/>\n<meta name=\"twitter:label1\" content=\"Szacowany czas czytania\" \/>\n\t<meta name=\"twitter:data1\" content=\"2 minuty\" \/>\n<!-- \/ Yoast SEO plugin. -->","yoast_head_json":{"title":"Wtyczka Squarespace Poll \u2014 dodaj ankiet\u0119 do swojej witryny Squarespace [BEZP\u0141ATNIE]","description":"Dodaj pozbawiony kodu dodatek do bloga na swojej stronie PrestaShop. Sprawd\u017a przyjazn\u0105 dla u\u017cytkownika wersj\u0119 demonstracyjn\u0105 Elfsight, aby \u0142atwo zbudowa\u0107 swoje indywidualne rozwi\u0105zanie.","robots":{"index":"index","follow":"follow","max-snippet":"max-snippet:-1","max-image-preview":"max-image-preview:large","max-video-preview":"max-video-preview:-1"},"canonical":"https:\/\/elfsight.com\/pl\/poll-widget\/squarespace\/","og_locale":"pl_PL","og_type":"article","og_title":"Wtyczka Squarespace Poll \u2014 dodaj ankiet\u0119 do swojej witryny Squarespace [BEZP\u0141ATNIE]","og_description":"Dodaj pozbawiony kodu dodatek do bloga na swojej stronie PrestaShop. Sprawd\u017a przyjazn\u0105 dla u\u017cytkownika wersj\u0119 demonstracyjn\u0105 Elfsight, aby \u0142atwo zbudowa\u0107 swoje indywidualne rozwi\u0105zanie.","og_url":"https:\/\/elfsight.com\/pl\/poll-widget\/squarespace\/","og_site_name":"Elfsight PL","article_modified_time":"2024-12-17T13:07:16+00:00","twitter_card":"summary_large_image","twitter_misc":{"Szacowany czas czytania":"2 minuty"},"schema":{"@context":"https:\/\/schema.org","@graph":[{"@type":"WebPage","@id":"https:\/\/elfsight.com\/pl\/poll-widget\/squarespace\/","url":"https:\/\/elfsight.com\/pl\/poll-widget\/squarespace\/","name":"Wtyczka Squarespace Poll \u2014 dodaj ankiet\u0119 do swojej witryny Squarespace [BEZP\u0141ATNIE]","isPartOf":{"@id":"https:\/\/elfsight.com\/pl\/#website"},"datePublished":"2024-09-30T18:27:29+00:00","dateModified":"2024-12-17T13:07:16+00:00","description":"Dodaj pozbawiony kodu dodatek do bloga na swojej stronie PrestaShop. Sprawd\u017a przyjazn\u0105 dla u\u017cytkownika wersj\u0119 demonstracyjn\u0105 Elfsight, aby \u0142atwo zbudowa\u0107 swoje indywidualne rozwi\u0105zanie.","breadcrumb":{"@id":"https:\/\/elfsight.com\/pl\/poll-widget\/squarespace\/#breadcrumb"},"inLanguage":"pl-PL","potentialAction":[{"@type":"ReadAction","target":["https:\/\/elfsight.com\/pl\/poll-widget\/squarespace\/"]}]},{"@type":"BreadcrumbList","@id":"https:\/\/elfsight.com\/pl\/poll-widget\/squarespace\/#breadcrumb","itemListElement":[{"@type":"ListItem","position":1,"name":"Home","item":"https:\/\/elfsight.com\/pl\/"},{"@type":"ListItem","position":2,"name":"Poll","item":"https:\/\/elfsight.com\/pl\/poll-widget\/"},{"@type":"ListItem","position":3,"name":"Poll &#8211; Squarespace"}]},{"@type":"WebSite","@id":"https:\/\/elfsight.com\/pl\/#website","url":"https:\/\/elfsight.com\/pl\/","name":"Elfsight PL","description":"Just another Elfsight Sites site","potentialAction":[{"@type":"SearchAction","target":{"@type":"EntryPoint","urlTemplate":"https:\/\/elfsight.com\/pl\/?s={search_term_string}"},"query-input":{"@type":"PropertyValueSpecification","valueRequired":true,"valueName":"search_term_string"}}],"inLanguage":"pl-PL"}]}},"meta_box":{"industry":"","seo_heading":"","heading":"","description":"","cta_heading":"","cta_description":"","application":"8189","h1":"Dodaj ankiet\u0119 do witryny Squarespace","h1_caption":"Anga\u017cuj odwiedzaj\u0105cych witryn\u0119 Squarespace, tworz\u0105c interaktywne ankiety, kt\u00f3re pomog\u0105 Ci zebra\u0107 cenne opinie i spostrze\u017cenia w celu ulepszenia Twoich produkt\u00f3w i us\u0142ug.","application_category":[],"applications_title":"","applications_request_title":"","applications_request_button_text":"","hero_text":"","hero_video":"","hero_video_schema_markup":"","selling_points_title":"","selling_points_caption":"","selling_points":[],"selling_points_cta_text":"","features_title":"","features":"","ed_cta_examples_text":"","ed_cta_examples_hidden":"","ed_cta_demo_text":"","ed_cta_demo_hidden":"","why_caption":"","why_editor_title":"","why_editor_text":"","why_team_title":"","why_team_text":"","why_service_title":"","why_service_text":"","template_catalog_visible":"","template_catalog_title":"","template_catalog_text":"","template_catalog_categories_visible":"","demo_title":"Utw\u00f3rz wtyczk\u0119 ankiety","demo_caption":"Skonfiguruj swoj\u0105 ankiet\u0119 i dodaj j\u0105 do swojej witryny Squarespace za darmo!","default_faq_hidden":"","app_template_category":[],"platform":"7588","template_public_id":"","codecanyon_url":"","codecanyon_item_id":"","codecanyon_price":"","pricing_caption":"","pricing_elfsight_apps_hide_column":"","pricing_elfsight_apps_url":"","pricing_codecanyon_price_caption":"","integration_category":[],"integration_request_title":"","integration_request_cta":"","integration_platform":"","integrations":[],"platform_category":[],"video_schema_markup":"","price":"od 0 USD \/ miesi\u0105c","trial":"","benefits":[{"text":"Bezp\u0142atna us\u0142uga monta\u017cu"},{"text":"Profesjonalna obs\u0142uga klienta"},{"text":"14-dniowa gwarancja zwrotu pieni\u0119dzy"},{"text":"Ci\u0105g\u0142e bezp\u0142atne ulepszenia"}],"button_url":"#demo","button_target_blank":"","button_nofollow":"","attributes":[{"name":"Zainstalowa\u0107","content":"50,000 - 100,000"},{"name":"Czu\u0142y","content":"Tak"},{"name":"Kompatybilne przegl\u0105darki","content":"Firefox, Safari, Opera, Chrome, Edge"}],"tags":[],"tags_disable_links":"","hide_more_platforms":"","video_object":"","demo_hide_cta":"","demo_hide_cloud_options":"","pricing_title":"","pricing":[{"pricing_icon":"platform","pricing_title":"Elfsight Apps","pricing_title_caption":"Niezale\u017cne od platformy rozwi\u0105zanie cyfrowe","pricing_price":"od 0 USD \/ miesi\u0105c","pricing_price_caption":"zacznij od darmowego planu","pricing_benefits":[{"text":"Nielimitowane domeny"},{"text":"Szybkie wsparcie"},{"text":"Bezp\u0142atna pomoc w instalacji"},{"text":"W pe\u0142ni konfigurowalny"}],"pricing_button_text":"Dodaj do witryny","pricing_button_url":"#demo"}],"related_apps_title":"","related_apps_hidden":"","author":"","image":[],"title":"","job":"","social_networks":[]},"_links":{"self":[{"href":"https:\/\/elfsight.com\/pl\/wp-json\/wp\/v2\/pages\/8583","targetHints":{"allow":["GET"]}}],"collection":[{"href":"https:\/\/elfsight.com\/pl\/wp-json\/wp\/v2\/pages"}],"about":[{"href":"https:\/\/elfsight.com\/pl\/wp-json\/wp\/v2\/types\/page"}],"author":[{"embeddable":true,"href":"https:\/\/elfsight.com\/pl\/wp-json\/wp\/v2\/users\/9"}],"replies":[{"embeddable":true,"href":"https:\/\/elfsight.com\/pl\/wp-json\/wp\/v2\/comments?post=8583"}],"version-history":[{"count":1,"href":"https:\/\/elfsight.com\/pl\/wp-json\/wp\/v2\/pages\/8583\/revisions"}],"predecessor-version":[{"id":8587,"href":"https:\/\/elfsight.com\/pl\/wp-json\/wp\/v2\/pages\/8583\/revisions\/8587"}],"up":[{"embeddable":true,"href":"https:\/\/elfsight.com\/pl\/wp-json\/wp\/v2\/pages\/8198"}],"wp:attachment":[{"href":"https:\/\/elfsight.com\/pl\/wp-json\/wp\/v2\/media?parent=8583"}],"curies":[{"name":"wp","href":"https:\/\/api.w.org\/{rel}","templated":true}]}}