{"id":8573,"date":"2024-09-30T18:27:29","date_gmt":"2024-09-30T18:27:29","guid":{"rendered":"https:\/\/elfsight.com\/pl\/?page_id=8573"},"modified":"2024-12-17T13:07:07","modified_gmt":"2024-12-17T13:07:07","slug":"google-sites","status":"publish","type":"page","link":"https:\/\/elfsight.com\/pl\/poll-widget\/google-sites\/","title":{"rendered":"poll &#8211; google sites"},"content":{"rendered":"<div class=\"application-platform-content-item-description application-platform-content-item\" id=\"description\" data-nav-section=\"description\"> <h2>Osad\u017a ankiet\u0119 w Witrynach Google za pomoc\u0105 wid\u017cetu Elfsight<\/h2> <p>Z \u0142atwo\u015bci\u0105 dodaj osobisty wid\u017cet ankiety do swojej witryny, aby zwi\u0119kszy\u0107 zaanga\u017cowanie u\u017cytkownik\u00f3w i zbieraj spostrze\u017cenia. W kilku krokach mo\u017cesz zbudowa\u0107 interaktywne kwestionariusze zawieraj\u0105ce wiele typ\u00f3w pyta\u0144, takich jak wielokrotny wyb\u00f3r i skale ocen. Uruchomienie ankiety jest szybkie i proste. <\/p><p>Utworzenie nowych ankiet zajmuje tylko jedno klikni\u0119cie, a wyniki prezentowane s\u0105 w czasie rzeczywistym. Dzi\u0119ki logice warunkowej mo\u017cesz personalizowa\u0107 pytania na podstawie odpowiedzi u\u017cytkownika. Widget wsp\u00f3\u0142pracuje r\u00f3wnie\u017c z szeroko stosowanymi narz\u0119dziami CRM i e-mail, u\u0142atwiaj\u0105c strukturyzacj\u0119 danych i ulepszanie us\u0142ug dzi\u0119ki punktowi widzenia klient\u00f3w. <\/p><p><b>Tw\u00f3rz szybko indywidualne kwestionariusze, aby dowiedzie\u0107 si\u0119, czego oczekuj\u0105 Twoi klienci od Twojej marki! <\/b><\/p><\/div> <div class=\"application-platform-content-item-features application-platform-content-item\" id=\"features\" data-nav-section=\"features\"> <h2>Oto najwa\u017cniejsze funkcje wid\u017cetu: <\/h2><ul><li><b>Spersonalizuj swoje ankiety dzi\u0119ki warunkowym logika. <\/b> Mo\u017cesz dynamicznie modyfikowa\u0107 pytania uzupe\u0142niaj\u0105ce, zapewniaj\u0105c bardziej indywidualne i rozs\u0105dne do\u015bwiadczenie ankiety. <\/li><li><b>Tw\u00f3rz anga\u017cuj\u0105ce ankiety w ci\u0105gu zaledwie kilku minut. <\/b> Nasz intuicyjny edytor u\u0142atwia tworzenie anga\u017cuj\u0105cych ankiet w celu \u0142atwego zbierania odpowiedzi i opinii. <\/li><li><b>Zamie\u0144 odpowiedzi na konwersje w czasie rzeczywistym. <\/b> Od razu poznaj oczekiwania klient\u00f3w i natychmiast zaproponuj odpowiednie rozwi\u0105zania, przekszta\u0142caj\u0105c reakcje w szanse sprzeda\u017cowe. <\/li><li><b>U\u017cywaj r\u00f3\u017cnych typ\u00f3w p\u00f3l i danych wej\u015bciowych. <\/b> Dostosuj swoj\u0105 niestandardow\u0105 ankiet\u0119, aby zebra\u0107 niezb\u0119dne dane, korzystaj\u0105c z p\u00f3l wyboru, przycisk\u00f3w opcji, list rozwijanych, p\u00f3l tekstowych i wielu innych opcji. <\/li><li><b>Zacznij od odpowiedniego, wst\u0119pnie zaprojektowanego szablonu. <\/b> Wybieraj spo\u015br\u00f3d zestawu profesjonalnie zaprojektowanych szablon\u00f3w ankiet, zoptymalizowanych pod k\u0105tem r\u00f3\u017cnych typ\u00f3w ankiet i zada\u0144 biznesowych. <\/li><\/ul><p><a href=\"#demo\">Przetestuj przyjazny dla u\u017cytkownika edytor, aby dowiedzie\u0107 si\u0119, jak dzia\u0142a widget<\/a><\/p><\/div> <div class=\"application-platform-content-item- instalacja application-platform-content-item\" id=\" instalacja\" data-nav-section=\" instalacja\"> <h2>Jak osadzi\u0107 ankiet\u0119 w moich Witrynach Google? <\/h2><p>Oto prosty spos\u00f3b skonfigurowania wid\u017cetu w Witrynach Google. Zajmie to tylko kilka minut i nie wymaga kodowania. <\/p> <ol><li><strong>Utw\u00f3rz sw\u00f3j indywidualny wid\u017cet Ankiety<\/strong><br> Rozpocznij od dowolnego szablonu w edytorze, pracuj z wygodnymi elementami edytora i dostosuj wid\u017cet do po\u017c\u0105danego projektu i ustawienia. <\/li><li><strong>Uzyskaj osobisty kod umo\u017cliwiaj\u0105cy osadzenie wid\u017cetu<\/strong><br> Gdy tylko uko\u0144czysz tworzenie wid\u017cetu, otrzymasz indywidualny kod HTML na swoim panelu kontrolnym. Skopiuj plik zawieraj\u0105cy wszystkie szczeg\u00f3\u0142y dotycz\u0105ce wprowadzonych zmian. <\/li> <li><strong>Wy\u015bwietl wid\u017cet w swoich Witrynach Google<\/strong><br> Okre\u015bl obszary swojej witryny, w kt\u00f3rych chcesz prezentowa\u0107 Ankiet\u0119, i wklej tam kod. Zapisz zmiany. <\/li> <\/ol><p>Gotowe! Teraz sprawd\u017a, jak widget radzi sobie na Twojej stronie. <\/p><p>W przypadku trudno\u015bci z osadzeniem wid\u017cetu na stronie internetowej nie wahaj si\u0119 skontaktowa\u0107 z naszym centrum pomocy. Ch\u0119tnie pomo\u017cemy Ci w dodaniu i dostosowaniu Twojej Ankiety. <\/p><\/div>","protected":false},"excerpt":{"rendered":"","protected":false},"author":9,"featured_media":0,"parent":8198,"menu_order":0,"comment_status":"closed","ping_status":"closed","template":"templates\/template-application-platform.php","meta":{"publish_to_discourse":"","publish_post_category":"","wpdc_auto_publish_overridden":"","wpdc_topic_tags":"","wpdc_pin_topic":"","wpdc_pin_until":"","discourse_post_id":"","discourse_permalink":"","wpdc_publishing_response":"","wpdc_publishing_error":"","footnotes":""},"class_list":["post-8573","page","type-page","status-publish","hentry"],"yoast_head":"<!-- This site is optimized with the Yoast SEO plugin v25.3.1 - https:\/\/yoast.com\/wordpress\/plugins\/seo\/ -->\n<title>Wid\u017cet ankiety w Witrynach Google \u2014 dodaj ankiet\u0119 do swojej witryny w Witrynach Google [BEZP\u0141ATNIE]<\/title>\n<meta name=\"description\" content=\"Dodaj p\u0142ynny wid\u017cet ankiety na swojej stronie internetowej Elementor. Sprawd\u017a edytor online Elfsight, aby bez wysi\u0142ku stworzy\u0107 w\u0142asne rozwi\u0105zanie.\" \/>\n<meta name=\"robots\" content=\"index, follow, max-snippet:-1, max-image-preview:large, max-video-preview:-1\" \/>\n<link rel=\"canonical\" href=\"https:\/\/elfsight.com\/pl\/poll-widget\/google-sites\/\" \/>\n<meta property=\"og:locale\" content=\"pl_PL\" \/>\n<meta property=\"og:type\" content=\"article\" \/>\n<meta property=\"og:title\" content=\"Wid\u017cet ankiety w Witrynach Google \u2014 dodaj ankiet\u0119 do swojej witryny w Witrynach Google [BEZP\u0141ATNIE]\" \/>\n<meta property=\"og:description\" content=\"Dodaj p\u0142ynny wid\u017cet ankiety na swojej stronie internetowej Elementor. Sprawd\u017a edytor online Elfsight, aby bez wysi\u0142ku stworzy\u0107 w\u0142asne rozwi\u0105zanie.\" \/>\n<meta property=\"og:url\" content=\"https:\/\/elfsight.com\/pl\/poll-widget\/google-sites\/\" \/>\n<meta property=\"og:site_name\" content=\"Elfsight PL\" \/>\n<meta property=\"article:modified_time\" content=\"2024-12-17T13:07:07+00:00\" \/>\n<meta name=\"twitter:card\" content=\"summary_large_image\" \/>\n<meta name=\"twitter:label1\" content=\"Szacowany czas czytania\" \/>\n\t<meta name=\"twitter:data1\" content=\"2 minuty\" \/>\n<!-- \/ Yoast SEO plugin. -->","yoast_head_json":{"title":"Wid\u017cet ankiety w Witrynach Google \u2014 dodaj ankiet\u0119 do swojej witryny w Witrynach Google [BEZP\u0141ATNIE]","description":"Dodaj p\u0142ynny wid\u017cet ankiety na swojej stronie internetowej Elementor. Sprawd\u017a edytor online Elfsight, aby bez wysi\u0142ku stworzy\u0107 w\u0142asne rozwi\u0105zanie.","robots":{"index":"index","follow":"follow","max-snippet":"max-snippet:-1","max-image-preview":"max-image-preview:large","max-video-preview":"max-video-preview:-1"},"canonical":"https:\/\/elfsight.com\/pl\/poll-widget\/google-sites\/","og_locale":"pl_PL","og_type":"article","og_title":"Wid\u017cet ankiety w Witrynach Google \u2014 dodaj ankiet\u0119 do swojej witryny w Witrynach Google [BEZP\u0141ATNIE]","og_description":"Dodaj p\u0142ynny wid\u017cet ankiety na swojej stronie internetowej Elementor. Sprawd\u017a edytor online Elfsight, aby bez wysi\u0142ku stworzy\u0107 w\u0142asne rozwi\u0105zanie.","og_url":"https:\/\/elfsight.com\/pl\/poll-widget\/google-sites\/","og_site_name":"Elfsight PL","article_modified_time":"2024-12-17T13:07:07+00:00","twitter_card":"summary_large_image","twitter_misc":{"Szacowany czas czytania":"2 minuty"},"schema":{"@context":"https:\/\/schema.org","@graph":[{"@type":"WebPage","@id":"https:\/\/elfsight.com\/pl\/poll-widget\/google-sites\/","url":"https:\/\/elfsight.com\/pl\/poll-widget\/google-sites\/","name":"Wid\u017cet ankiety w Witrynach Google \u2014 dodaj ankiet\u0119 do swojej witryny w Witrynach Google [BEZP\u0141ATNIE]","isPartOf":{"@id":"https:\/\/elfsight.com\/pl\/#website"},"datePublished":"2024-09-30T18:27:29+00:00","dateModified":"2024-12-17T13:07:07+00:00","description":"Dodaj p\u0142ynny wid\u017cet ankiety na swojej stronie internetowej Elementor. Sprawd\u017a edytor online Elfsight, aby bez wysi\u0142ku stworzy\u0107 w\u0142asne rozwi\u0105zanie.","breadcrumb":{"@id":"https:\/\/elfsight.com\/pl\/poll-widget\/google-sites\/#breadcrumb"},"inLanguage":"pl-PL","potentialAction":[{"@type":"ReadAction","target":["https:\/\/elfsight.com\/pl\/poll-widget\/google-sites\/"]}]},{"@type":"BreadcrumbList","@id":"https:\/\/elfsight.com\/pl\/poll-widget\/google-sites\/#breadcrumb","itemListElement":[{"@type":"ListItem","position":1,"name":"Home","item":"https:\/\/elfsight.com\/pl\/"},{"@type":"ListItem","position":2,"name":"Poll","item":"https:\/\/elfsight.com\/pl\/poll-widget\/"},{"@type":"ListItem","position":3,"name":"poll &#8211; google sites"}]},{"@type":"WebSite","@id":"https:\/\/elfsight.com\/pl\/#website","url":"https:\/\/elfsight.com\/pl\/","name":"Elfsight PL","description":"Just another Elfsight Sites site","potentialAction":[{"@type":"SearchAction","target":{"@type":"EntryPoint","urlTemplate":"https:\/\/elfsight.com\/pl\/?s={search_term_string}"},"query-input":{"@type":"PropertyValueSpecification","valueRequired":true,"valueName":"search_term_string"}}],"inLanguage":"pl-PL"}]}},"meta_box":{"industry":"","seo_heading":"","heading":"","description":"","cta_heading":"","cta_description":"","application":"8189","h1":"Dodaj ankiet\u0119 do Witryn Google","h1_caption":"Anga\u017cuj u\u017cytkownik\u00f3w Witryn Google, tworz\u0105c interaktywne ankiety, kt\u00f3re pomog\u0105 Ci zebra\u0107 cenne opinie i spostrze\u017cenia, kt\u00f3re pomog\u0105 Ci ulepszy\u0107 Twoje produkty i us\u0142ugi.","application_category":[],"applications_title":"","applications_request_title":"","applications_request_button_text":"","hero_text":"","hero_video":"","hero_video_schema_markup":"","selling_points_title":"","selling_points_caption":"","selling_points":[],"selling_points_cta_text":"","features_title":"","features":"","ed_cta_examples_text":"","ed_cta_examples_hidden":"","ed_cta_demo_text":"","ed_cta_demo_hidden":"","why_caption":"","why_editor_title":"","why_editor_text":"","why_team_title":"","why_team_text":"","why_service_title":"","why_service_text":"","template_catalog_visible":"","template_catalog_title":"","template_catalog_text":"","template_catalog_categories_visible":"","demo_title":"Utw\u00f3rz wid\u017cet ankiety","demo_caption":"Skonfiguruj swoj\u0105 ankiet\u0119 i dodaj j\u0105 do swojej witryny Google Sites za darmo!","default_faq_hidden":"","app_template_category":[],"platform":"484","template_public_id":"","codecanyon_url":"","codecanyon_item_id":"","codecanyon_price":"","pricing_caption":"","pricing_elfsight_apps_hide_column":"","pricing_elfsight_apps_url":"","pricing_codecanyon_price_caption":"","integration_category":[],"integration_request_title":"","integration_request_cta":"","integration_platform":"","integrations":[],"platform_category":[],"video_schema_markup":"","price":"od 0 USD \/ miesi\u0105c","trial":"","benefits":[{"text":"Bezp\u0142atna pomoc w instalacji"},{"text":"Profesjonalna obs\u0142uga klienta"},{"text":"14-dniowa gwarancja zwrotu pieni\u0119dzy"},{"text":"Ci\u0105g\u0142e bezp\u0142atne ulepszenia"}],"button_url":"#demo","button_target_blank":"","button_nofollow":"","attributes":[{"name":"Zainstalowa\u0107","content":"50,000 - 100,000"},{"name":"Czu\u0142y","content":"Tak"},{"name":"Kompatybilne przegl\u0105darki","content":"Firefox, Safari, Opera, Chrome, Edge"}],"tags":[],"tags_disable_links":"","hide_more_platforms":"","video_object":"","demo_hide_cta":"","demo_hide_cloud_options":"","pricing_title":"","pricing":[{"pricing_icon":"platform","pricing_title":"Elfsight Apps","pricing_title_caption":"Oprogramowanie niezale\u017cne od platformy, kt\u00f3re dzia\u0142a na ka\u017cdej stronie internetowej","pricing_price":"od 0 USD \/ miesi\u0105c","pricing_price_caption":"zacznij od darmowego planu","pricing_benefits":[{"text":"Nielimitowane strony internetowe"},{"text":"Ca\u0142odobowe wsparcie firmy"},{"text":"Bezp\u0142atne wsparcie przy instalacji"},{"text":"100% konfigurowalny"}],"pricing_button_text":"Dodaj do witryny","pricing_button_url":"#demo"}],"related_apps_title":"","related_apps_hidden":"","author":"","image":[],"title":"","job":"","social_networks":[]},"_links":{"self":[{"href":"https:\/\/elfsight.com\/pl\/wp-json\/wp\/v2\/pages\/8573","targetHints":{"allow":["GET"]}}],"collection":[{"href":"https:\/\/elfsight.com\/pl\/wp-json\/wp\/v2\/pages"}],"about":[{"href":"https:\/\/elfsight.com\/pl\/wp-json\/wp\/v2\/types\/page"}],"author":[{"embeddable":true,"href":"https:\/\/elfsight.com\/pl\/wp-json\/wp\/v2\/users\/9"}],"replies":[{"embeddable":true,"href":"https:\/\/elfsight.com\/pl\/wp-json\/wp\/v2\/comments?post=8573"}],"version-history":[{"count":1,"href":"https:\/\/elfsight.com\/pl\/wp-json\/wp\/v2\/pages\/8573\/revisions"}],"predecessor-version":[{"id":8577,"href":"https:\/\/elfsight.com\/pl\/wp-json\/wp\/v2\/pages\/8573\/revisions\/8577"}],"up":[{"embeddable":true,"href":"https:\/\/elfsight.com\/pl\/wp-json\/wp\/v2\/pages\/8198"}],"wp:attachment":[{"href":"https:\/\/elfsight.com\/pl\/wp-json\/wp\/v2\/media?parent=8573"}],"curies":[{"name":"wp","href":"https:\/\/api.w.org\/{rel}","templated":true}]}}