{"id":8566,"date":"2024-09-30T18:27:29","date_gmt":"2024-09-30T18:27:29","guid":{"rendered":"https:\/\/elfsight.com\/pl\/?page_id=8566"},"modified":"2024-12-17T13:06:58","modified_gmt":"2024-12-17T13:06:58","slug":"godaddy","status":"publish","type":"page","link":"https:\/\/elfsight.com\/pl\/poll-widget\/godaddy\/","title":{"rendered":"Poll &#8211; GoDaddy"},"content":{"rendered":"<div class=\"application-platform-content-item-description application-platform-content-item\" id=\"description\" data-nav-section=\"description\"> <h2>Osad\u017a ankiet\u0119 w GoDaddy za pomoc\u0105 wtyczki Elfsight<\/h2> <p>Z \u0142atwo\u015bci\u0105 dodaj osobist\u0105 wtyczk\u0119 ankiety do dowolnej witryny internetowej, aby zwi\u0119kszy\u0107 zaanga\u017cowanie klient\u00f3w i zbieraj spostrze\u017cenia. W kilku krokach mo\u017cesz zbudowa\u0107 interaktywne ankiety zawieraj\u0105ce wiele typ\u00f3w pyta\u0144, takich jak wielokrotny wyb\u00f3r i skale ocen. Uruchomienie ankiety jest szybkie i \u0142atwe. <\/p><p>Utworzenie nowych ankiet zajmuje tylko jedno klikni\u0119cie, a wyniki s\u0105 wy\u015bwietlane w czasie rzeczywistym. Dzi\u0119ki logice warunkowej mo\u017cesz dostosowywa\u0107 pytania na podstawie odpowiedzi klient\u00f3w. Wtyczka wsp\u00f3\u0142pracuje r\u00f3wnie\u017c z popularnymi narz\u0119dziami CRM i e-mail, u\u0142atwiaj\u0105c porz\u0105dkowanie danych i ulepszanie us\u0142ug z uwzgl\u0119dnieniem punktu widzenia klient\u00f3w. <\/p><p><b>Tw\u00f3rz z \u0142atwo\u015bci\u0105 indywidualne ankiety, aby dowiedzie\u0107 si\u0119, czego oczekuj\u0105 klienci od Twojej marki! <\/b><\/p><\/div> <div class=\"application-platform-content-item-features application-platform-content-item\" id=\"features\" data-nav-section=\"features\"> <h2>To tylko kilka z wielu funkcji wtyczek: <\/h2><ul><li><b>Spersonalizuj swoje ankiety z logik\u0105 warunkow\u0105. <\/b> Mo\u017cesz dynamicznie dostosowywa\u0107 pytania uzupe\u0142niaj\u0105ce, zapewniaj\u0105c ankiet\u0119 bardziej zorientowan\u0105 na u\u017cytkownika i trafniejsz\u0105. <\/li><li><b>Tw\u00f3rz ciekawe ankiety za pomoc\u0105 kilku klikni\u0119\u0107. <\/b> Nasz intuicyjny kreator u\u0142atwia tworzenie anga\u017cuj\u0105cych ankiet w celu bezproblemowego zbierania odpowiedzi i opinii. <\/li><li><b>Zamie\u0144 odpowiedzi w sprzeda\u017c w czasie rzeczywistym. <\/b> B\u0142yskawicznie zrozum potrzeby u\u017cytkownik\u00f3w i natychmiast zaproponuj odpowiednie rozwi\u0105zania, przekszta\u0142caj\u0105c odpowiedzi w mo\u017cliwo\u015bci biznesowe. <\/li><li><b>Korzystaj z wielu typ\u00f3w p\u00f3l i danych wej\u015bciowych. <\/b> Dostosuj swoj\u0105 niestandardow\u0105 ankiet\u0119, aby zebra\u0107 niezb\u0119dne dane za pomoc\u0105 przycisk\u00f3w opcji, p\u00f3l wyboru, list rozwijanych, p\u00f3l tekstowych i wielu innych element\u00f3w. <\/li><li><b>Zacznij od doskona\u0142ego, gotowego szablonu. <\/b> Wybieraj spo\u015br\u00f3d zestawu profesjonalnie zaprojektowanych pomys\u0142\u00f3w na ankiety, zoptymalizowanych pod k\u0105tem r\u00f3\u017cnych typ\u00f3w ankiet i cel\u00f3w biznesowych. <\/li><\/ul><p><a href=\"#demo\">Przyjazny dla u\u017cytkownika edytor mo\u017ce zademonstrowa\u0107 dzia\u0142anie funkcji i ustawie\u0144 bezpo\u015brednio na tej stronie<\/a><\/p><\/div> <div class=\"application-platform-content-item-installation application-platform-content-item\" id=\"installation\" data-nav-section=\"installation\"> <h2>Jak osadzi\u0107 ankiet\u0119 w mojej witrynie GoDaddy? <\/h2><p>Oferujemy prosty spos\u00f3b na umieszczenie wtyczki w witrynie GoDaddy. Zajmie to tylko kilka minut i nie wymaga \u017cadnego kodowania. <\/p> <ol><li><strong>Utw\u00f3rz w\u0142asn\u0105 wtyczk\u0119 ankiety<\/strong><br> Zacznij od dowolnego szablonu w edytorze, pracuj z przyjaznymi dla u\u017cytkownika elementami edytora i dostosuj wtyczk\u0119 do swoich preferowany styl i ustawienia. <\/li><li><strong>Uzyskaj osobisty kod do osadzenia wtyczki<\/strong><br> Po zako\u0144czeniu tworzenia wtyczki otrzymasz indywidualny kod HTML na swoim panelu kontrolnym. Skopiuj plik zawieraj\u0105cy wszystkie informacje o Twoich ustawieniach. <\/li> <li><strong>Zaprezentuj wtyczk\u0119 w swojej witrynie GoDaddy<\/strong><br> Wybierz sekcje swojej witryny, w kt\u00f3rych chcesz zaprezentowa\u0107 ankiet\u0119, i wklej tam kod. Zapisz zmiany. <\/li> <\/ol><p>Gotowe! Sprawd\u017a teraz jak wtyczka dzia\u0142a na Twojej stronie. <\/p><p>Je\u015bli podczas osadzania wtyczki na stronie internetowej napotkasz trudno\u015bci, skontaktuj si\u0119 z naszym centrum pomocy. Ch\u0119tnie doradzimy Ci w sprawie dodania i dostosowania Twojej Ankiety. <\/p><\/div>","protected":false},"excerpt":{"rendered":"","protected":false},"author":9,"featured_media":0,"parent":8198,"menu_order":0,"comment_status":"closed","ping_status":"closed","template":"templates\/template-application-platform.php","meta":{"publish_to_discourse":"","publish_post_category":"","wpdc_auto_publish_overridden":"","wpdc_topic_tags":"","wpdc_pin_topic":"","wpdc_pin_until":"","discourse_post_id":"","discourse_permalink":"","wpdc_publishing_response":"","wpdc_publishing_error":"","footnotes":""},"class_list":["post-8566","page","type-page","status-publish","hentry"],"yoast_head":"<!-- This site is optimized with the Yoast SEO plugin v25.3.1 - https:\/\/yoast.com\/wordpress\/plugins\/seo\/ -->\n<title>Wtyczka GoDaddy Poll \u2014 dodaj ankiet\u0119 do swojej witryny GoDaddy [BEZP\u0141ATNIE]<\/title>\n<meta name=\"description\" content=\"Dodaj rozszerzenie ankiety bez kodu na swojej stronie Joomla. U\u017cyj prostego edytora Elfsight, aby \u0142atwo zbudowa\u0107 swoje unikalne rozwi\u0105zanie.\" \/>\n<meta name=\"robots\" content=\"index, follow, max-snippet:-1, max-image-preview:large, max-video-preview:-1\" \/>\n<link rel=\"canonical\" href=\"https:\/\/elfsight.com\/pl\/poll-widget\/godaddy\/\" \/>\n<meta property=\"og:locale\" content=\"pl_PL\" \/>\n<meta property=\"og:type\" content=\"article\" \/>\n<meta property=\"og:title\" content=\"Wtyczka GoDaddy Poll \u2014 dodaj ankiet\u0119 do swojej witryny GoDaddy [BEZP\u0141ATNIE]\" \/>\n<meta property=\"og:description\" content=\"Dodaj rozszerzenie ankiety bez kodu na swojej stronie Joomla. U\u017cyj prostego edytora Elfsight, aby \u0142atwo zbudowa\u0107 swoje unikalne rozwi\u0105zanie.\" \/>\n<meta property=\"og:url\" content=\"https:\/\/elfsight.com\/pl\/poll-widget\/godaddy\/\" \/>\n<meta property=\"og:site_name\" content=\"Elfsight PL\" \/>\n<meta property=\"article:modified_time\" content=\"2024-12-17T13:06:58+00:00\" \/>\n<meta name=\"twitter:card\" content=\"summary_large_image\" \/>\n<meta name=\"twitter:label1\" content=\"Szacowany czas czytania\" \/>\n\t<meta name=\"twitter:data1\" content=\"2 minuty\" \/>\n<!-- \/ Yoast SEO plugin. -->","yoast_head_json":{"title":"Wtyczka GoDaddy Poll \u2014 dodaj ankiet\u0119 do swojej witryny GoDaddy [BEZP\u0141ATNIE]","description":"Dodaj rozszerzenie ankiety bez kodu na swojej stronie Joomla. U\u017cyj prostego edytora Elfsight, aby \u0142atwo zbudowa\u0107 swoje unikalne rozwi\u0105zanie.","robots":{"index":"index","follow":"follow","max-snippet":"max-snippet:-1","max-image-preview":"max-image-preview:large","max-video-preview":"max-video-preview:-1"},"canonical":"https:\/\/elfsight.com\/pl\/poll-widget\/godaddy\/","og_locale":"pl_PL","og_type":"article","og_title":"Wtyczka GoDaddy Poll \u2014 dodaj ankiet\u0119 do swojej witryny GoDaddy [BEZP\u0141ATNIE]","og_description":"Dodaj rozszerzenie ankiety bez kodu na swojej stronie Joomla. U\u017cyj prostego edytora Elfsight, aby \u0142atwo zbudowa\u0107 swoje unikalne rozwi\u0105zanie.","og_url":"https:\/\/elfsight.com\/pl\/poll-widget\/godaddy\/","og_site_name":"Elfsight PL","article_modified_time":"2024-12-17T13:06:58+00:00","twitter_card":"summary_large_image","twitter_misc":{"Szacowany czas czytania":"2 minuty"},"schema":{"@context":"https:\/\/schema.org","@graph":[{"@type":"WebPage","@id":"https:\/\/elfsight.com\/pl\/poll-widget\/godaddy\/","url":"https:\/\/elfsight.com\/pl\/poll-widget\/godaddy\/","name":"Wtyczka GoDaddy Poll \u2014 dodaj ankiet\u0119 do swojej witryny GoDaddy [BEZP\u0141ATNIE]","isPartOf":{"@id":"https:\/\/elfsight.com\/pl\/#website"},"datePublished":"2024-09-30T18:27:29+00:00","dateModified":"2024-12-17T13:06:58+00:00","description":"Dodaj rozszerzenie ankiety bez kodu na swojej stronie Joomla. U\u017cyj prostego edytora Elfsight, aby \u0142atwo zbudowa\u0107 swoje unikalne rozwi\u0105zanie.","breadcrumb":{"@id":"https:\/\/elfsight.com\/pl\/poll-widget\/godaddy\/#breadcrumb"},"inLanguage":"pl-PL","potentialAction":[{"@type":"ReadAction","target":["https:\/\/elfsight.com\/pl\/poll-widget\/godaddy\/"]}]},{"@type":"BreadcrumbList","@id":"https:\/\/elfsight.com\/pl\/poll-widget\/godaddy\/#breadcrumb","itemListElement":[{"@type":"ListItem","position":1,"name":"Home","item":"https:\/\/elfsight.com\/pl\/"},{"@type":"ListItem","position":2,"name":"Poll","item":"https:\/\/elfsight.com\/pl\/poll-widget\/"},{"@type":"ListItem","position":3,"name":"Poll &#8211; GoDaddy"}]},{"@type":"WebSite","@id":"https:\/\/elfsight.com\/pl\/#website","url":"https:\/\/elfsight.com\/pl\/","name":"Elfsight PL","description":"Just another Elfsight Sites site","potentialAction":[{"@type":"SearchAction","target":{"@type":"EntryPoint","urlTemplate":"https:\/\/elfsight.com\/pl\/?s={search_term_string}"},"query-input":{"@type":"PropertyValueSpecification","valueRequired":true,"valueName":"search_term_string"}}],"inLanguage":"pl-PL"}]}},"meta_box":{"industry":"","seo_heading":"","heading":"","description":"","cta_heading":"","cta_description":"","application":"8189","h1":"Dodaj ankiet\u0119 do witryny GoDaddy","h1_caption":"Anga\u017cuj odwiedzaj\u0105cych witryn\u0119 GoDaddy, tworz\u0105c interaktywne ankiety, kt\u00f3re pomog\u0105 Ci zebra\u0107 cenne opinie i spostrze\u017cenia w celu ulepszenia Twoich produkt\u00f3w i us\u0142ug.","application_category":[],"applications_title":"","applications_request_title":"","applications_request_button_text":"","hero_text":"","hero_video":"","hero_video_schema_markup":"","selling_points_title":"","selling_points_caption":"","selling_points":[],"selling_points_cta_text":"","features_title":"","features":"","ed_cta_examples_text":"","ed_cta_examples_hidden":"","ed_cta_demo_text":"","ed_cta_demo_hidden":"","why_caption":"","why_editor_title":"","why_editor_text":"","why_team_title":"","why_team_text":"","why_service_title":"","why_service_text":"","template_catalog_visible":"","template_catalog_title":"","template_catalog_text":"","template_catalog_categories_visible":"","demo_title":"Utw\u00f3rz wtyczk\u0119 ankiety","demo_caption":"Skonfiguruj swoj\u0105 ankiet\u0119 i dodaj j\u0105 do swojej witryny GoDaddy za darmo!","default_faq_hidden":"","app_template_category":[],"platform":"180","template_public_id":"","codecanyon_url":"","codecanyon_item_id":"","codecanyon_price":"","pricing_caption":"","pricing_elfsight_apps_hide_column":"","pricing_elfsight_apps_url":"","pricing_codecanyon_price_caption":"","integration_category":[],"integration_request_title":"","integration_request_cta":"","integration_platform":"","integrations":[],"platform_category":[],"video_schema_markup":"","price":"od 0 USD \/ miesi\u0105c","trial":"","benefits":[{"text":"Bezp\u0142atna us\u0142uga monta\u017cu"},{"text":"Wsparcie premium"},{"text":"14-dniowa gwarancja zwrotu pieni\u0119dzy"},{"text":"Ci\u0105g\u0142e bezp\u0142atne ulepszenia"}],"button_url":"#demo","button_target_blank":"","button_nofollow":"","attributes":[{"name":"Zainstalowa\u0107","content":"50,000 - 100,000"},{"name":"Czu\u0142y","content":"Tak"},{"name":"Kompatybilne przegl\u0105darki","content":"Firefox, Safari, Opera, Chrome, Edge"}],"tags":[],"tags_disable_links":"","hide_more_platforms":"","video_object":"","demo_hide_cta":"","demo_hide_cloud_options":"","pricing_title":"","pricing":[{"pricing_icon":"platform","pricing_title":"Elfsight Apps","pricing_title_caption":"Niezale\u017cne od platformy rozwi\u0105zanie cyfrowe","pricing_price":"od 0 USD \/ miesi\u0105c","pricing_price_caption":"zacznij od darmowego planu","pricing_benefits":[{"text":"Nielimitowane domeny"},{"text":"Wsparcie premium i na czas"},{"text":"Bezp\u0142atna us\u0142uga monta\u017cu"},{"text":"Elastyczny projekt"}],"pricing_button_text":"Dodaj do witryny","pricing_button_url":"#demo"}],"related_apps_title":"","related_apps_hidden":"","author":"","image":[],"title":"","job":"","social_networks":[]},"_links":{"self":[{"href":"https:\/\/elfsight.com\/pl\/wp-json\/wp\/v2\/pages\/8566","targetHints":{"allow":["GET"]}}],"collection":[{"href":"https:\/\/elfsight.com\/pl\/wp-json\/wp\/v2\/pages"}],"about":[{"href":"https:\/\/elfsight.com\/pl\/wp-json\/wp\/v2\/types\/page"}],"author":[{"embeddable":true,"href":"https:\/\/elfsight.com\/pl\/wp-json\/wp\/v2\/users\/9"}],"replies":[{"embeddable":true,"href":"https:\/\/elfsight.com\/pl\/wp-json\/wp\/v2\/comments?post=8566"}],"version-history":[{"count":1,"href":"https:\/\/elfsight.com\/pl\/wp-json\/wp\/v2\/pages\/8566\/revisions"}],"predecessor-version":[{"id":8570,"href":"https:\/\/elfsight.com\/pl\/wp-json\/wp\/v2\/pages\/8566\/revisions\/8570"}],"up":[{"embeddable":true,"href":"https:\/\/elfsight.com\/pl\/wp-json\/wp\/v2\/pages\/8198"}],"wp:attachment":[{"href":"https:\/\/elfsight.com\/pl\/wp-json\/wp\/v2\/media?parent=8566"}],"curies":[{"name":"wp","href":"https:\/\/api.w.org\/{rel}","templated":true}]}}